{"id":2897,"date":"2025-07-18T11:17:45","date_gmt":"2025-07-18T09:17:45","guid":{"rendered":"https:\/\/rosanacl.com\/?page_id=2897"},"modified":"2025-07-25T08:13:14","modified_gmt":"2025-07-25T06:13:14","slug":"lenceria-selene","status":"publish","type":"page","link":"https:\/\/rosanacl.com\/sq\/lenceria-selene\/","title":{"rendered":"Selene Lingerie"},"content":{"rendered":"<div data-elementor-type=\"wp-page\" data-elementor-id=\"2897\" class=\"elementor elementor-2897\" data-elementor-post-type=\"page\">\n\t\t\t\t<div class=\"elementor-element elementor-element-171998c7 e-flex e-con-boxed e-con e-parent\" data-id=\"171998c7\" data-element_type=\"container\" data-e-type=\"container\">\n\t\t\t\t\t<div class=\"e-con-inner\">\n\t\t\t\t<div class=\"elementor-element elementor-element-6575351f elementor-widget elementor-widget-text-editor\" data-id=\"6575351f\" data-element_type=\"widget\" data-e-type=\"widget\" data-widget_type=\"text-editor.default\">\n\t\t\t\t<div class=\"elementor-widget-container\">\n\t\t\t\t\t\t\t\t\t\n<p><\/p>\n\n\n\n<p><\/p>\n\t\t\t\t\t\t\t\t<\/div>\n\t\t\t\t<\/div>\n\t\t\t\t\t<\/div>\n\t\t\t\t<\/div>\n\t\t<div class=\"elementor-element elementor-element-cf7d341 e-flex e-con-boxed e-con e-parent\" data-id=\"cf7d341\" data-element_type=\"container\" data-e-type=\"container\">\n\t\t\t\t\t<div class=\"e-con-inner\">\n\t\t\t\t<div class=\"elementor-element elementor-element-1f1d080 elementor-widget elementor-widget-heading\" data-id=\"1f1d080\" data-element_type=\"widget\" data-e-type=\"widget\" data-widget_type=\"heading.default\">\n\t\t\t\t<div class=\"elementor-widget-container\">\n\t\t\t\t\t<h2 class=\"elementor-heading-title elementor-size-default\">Selene Lingerie<\/h2>\t\t\t\t<\/div>\n\t\t\t\t<\/div>\n\t\t\t\t\t<\/div>\n\t\t\t\t<\/div>\n\t\t<div class=\"elementor-element elementor-element-dc1921d e-flex e-con-boxed e-con e-parent\" data-id=\"dc1921d\" data-element_type=\"container\" data-e-type=\"container\">\n\t\t\t\t\t<div class=\"e-con-inner\">\n\t\t<div class=\"elementor-element elementor-element-d19616f e-con-full e-flex e-con e-child\" data-id=\"d19616f\" data-element_type=\"container\" data-e-type=\"container\">\n\t\t\t\t<div class=\"elementor-element elementor-element-8ba1404 elementor-widget elementor-widget-text-editor\" data-id=\"8ba1404\" data-element_type=\"widget\" data-e-type=\"widget\" data-widget_type=\"text-editor.default\">\n\t\t\t\t<div class=\"elementor-widget-container\">\n\t\t\t\t\t\t\t\t\t<h3 data-start=\"328\" data-end=\"397\">T\u00eb brendshme Selene: Rehati dhe Eleganc\u00eb\u00a0<\/h3>\n<p data-start=\"399\" data-end=\"848\">I\/E\/T\u00eb\/T\u00eb <strong data-start=\"402\" data-end=\"421\">T\u00eb brendshme Selene<\/strong> Selene \u00ebsht\u00eb vendosur si nj\u00eb nga markat m\u00eb t\u00eb njohura spanjolle n\u00eb t\u00eb brendshmet e grave. Me dekada p\u00ebrvoj\u00eb dhe nj\u00eb angazhim t\u00eb fort\u00eb ndaj prodhimit vendas, Selene dizenjon veshje q\u00eb kombinojn\u00eb estetik\u00ebn, funksionalitetin dhe nj\u00eb p\u00ebrshtatje t\u00eb p\u00ebrsosur. \u00c7do stil \u00ebsht\u00eb krijuar duke pasur parasysh trupin e v\u00ebrtet\u00eb fem\u00ebror, duke p\u00ebrdorur modele inteligjente, p\u00eblhura me cil\u00ebsi t\u00eb lart\u00eb dhe detaje q\u00eb b\u00ebjn\u00eb gjith\u00eb ndryshimin.<\/p>\n<p data-start=\"850\" data-end=\"1244\">N\u00eb Rosana CL, nj\u00eb dyqan i specializuar me mbi 40 vjet p\u00ebrvoj\u00eb, ata kan\u00eb njohuri t\u00eb thella t\u00eb katalogut t\u00eb <strong data-start=\"958\" data-end=\"977\">T\u00eb brendshme Selene<\/strong> Ato ofrojn\u00eb nj\u00eb p\u00ebrzgjedhje t\u00eb kuruar me kujdes t\u00eb re\u00e7ipetave, t\u00eb brendshmeve dhe kostumeve t\u00eb trupit p\u00ebr t\u00eb p\u00ebrmbushur nevojat e \u00e7do gruaje. T\u00eb punosh ekskluzivisht me Selene nuk \u00ebsht\u00eb rast\u00ebsi: t\u00eb dyja markat ndajn\u00eb t\u00eb nj\u00ebjtat vlera t\u00eb p\u00ebrkushtimit, eleganc\u00ebs dhe respektit p\u00ebr trupin fem\u00ebror.<\/p>\n<p data-start=\"1246\" data-end=\"1475\">Kur zgjidhni <strong data-start=\"1260\" data-end=\"1279\">T\u00eb brendshme Selene<\/strong> Te Rosana CL, nuk po blini thjesht nj\u00eb veshje tjet\u00ebr: po investoni n\u00eb rehati t\u00eb q\u00ebndrueshme, n\u00eb dizajn t\u00eb krijuar p\u00ebr ju dhe n\u00eb v\u00ebmendje t\u00eb personalizuar q\u00eb \u00ebsht\u00eb e dukshme n\u00eb \u00e7do hap t\u00eb procesit t\u00eb blerjes.<\/p>\t\t\t\t\t\t\t\t<\/div>\n\t\t\t\t<\/div>\n\t\t\t\t<\/div>\n\t\t<div class=\"elementor-element elementor-element-5568f8b e-con-full e-flex e-con e-child\" data-id=\"5568f8b\" data-element_type=\"container\" data-e-type=\"container\">\n\t\t\t\t<div class=\"elementor-element elementor-element-980debe elementor-widget elementor-widget-image\" data-id=\"980debe\" data-element_type=\"widget\" data-e-type=\"widget\" data-widget_type=\"image.default\">\n\t\t\t\t<div class=\"elementor-widget-container\">\n\t\t\t\t\t\t\t\t\t\t\t\t\t\t\t<img fetchpriority=\"high\" decoding=\"async\" width=\"800\" height=\"566\" src=\"https:\/\/rosanacl.com\/wp-content\/uploads\/2025\/07\/sujetador-reductor-sin-tirantes-1024x724.jpg\" class=\"attachment-large size-large wp-image-2864\" alt=\"\" srcset=\"https:\/\/rosanacl.com\/wp-content\/uploads\/2025\/07\/sujetador-reductor-sin-tirantes-1024x724.jpg 1024w, https:\/\/rosanacl.com\/wp-content\/uploads\/2025\/07\/sujetador-reductor-sin-tirantes-300x212.jpg 300w, https:\/\/rosanacl.com\/wp-content\/uploads\/2025\/07\/sujetador-reductor-sin-tirantes-768x543.jpg 768w, https:\/\/rosanacl.com\/wp-content\/uploads\/2025\/07\/sujetador-reductor-sin-tirantes-1536x1086.jpg 1536w, https:\/\/rosanacl.com\/wp-content\/uploads\/2025\/07\/sujetador-reductor-sin-tirantes-18x12.jpg 18w, https:\/\/rosanacl.com\/wp-content\/uploads\/2025\/07\/sujetador-reductor-sin-tirantes-600x424.jpg 600w, https:\/\/rosanacl.com\/wp-content\/uploads\/2025\/07\/sujetador-reductor-sin-tirantes.jpg 2000w\" sizes=\"(max-width: 800px) 100vw, 800px\" \/>\t\t\t\t\t\t\t\t\t\t\t\t\t\t\t<\/div>\n\t\t\t\t<\/div>\n\t\t\t\t<\/div>\n\t\t\t\t\t<\/div>\n\t\t\t\t<\/div>\n\t\t<div class=\"elementor-element elementor-element-5e380fb e-flex e-con-boxed e-con e-parent\" data-id=\"5e380fb\" data-element_type=\"container\" data-e-type=\"container\">\n\t\t\t\t\t<div class=\"e-con-inner\">\n\t\t<div class=\"elementor-element elementor-element-a763375 e-con-full e-flex e-con e-child\" data-id=\"a763375\" data-element_type=\"container\" data-e-type=\"container\">\n\t\t\t\t<div class=\"elementor-element elementor-element-a8aecc4 elementor-widget elementor-widget-image\" data-id=\"a8aecc4\" data-element_type=\"widget\" data-e-type=\"widget\" data-widget_type=\"image.default\">\n\t\t\t\t<div class=\"elementor-widget-container\">\n\t\t\t\t\t\t\t\t\t\t\t\t\t\t\t<img decoding=\"async\" width=\"700\" height=\"750\" src=\"https:\/\/rosanacl.com\/wp-content\/uploads\/2025\/04\/5-956x1024.jpg\" class=\"attachment-large size-large wp-image-2357\" alt=\"\" srcset=\"https:\/\/rosanacl.com\/wp-content\/uploads\/2025\/04\/5-956x1024.jpg 956w, https:\/\/rosanacl.com\/wp-content\/uploads\/2025\/04\/5-11x12.jpg 11w, https:\/\/rosanacl.com\/wp-content\/uploads\/2025\/04\/5-280x300.jpg 280w, https:\/\/rosanacl.com\/wp-content\/uploads\/2025\/04\/5-768x823.jpg 768w, https:\/\/rosanacl.com\/wp-content\/uploads\/2025\/04\/5-600x643.jpg 600w, https:\/\/rosanacl.com\/wp-content\/uploads\/2025\/04\/5.jpg 1244w\" sizes=\"(max-width: 700px) 100vw, 700px\" \/>\t\t\t\t\t\t\t\t\t\t\t\t\t\t\t<\/div>\n\t\t\t\t<\/div>\n\t\t\t\t<\/div>\n\t\t<div class=\"elementor-element elementor-element-b02b1e9 e-con-full e-flex e-con e-child\" data-id=\"b02b1e9\" data-element_type=\"container\" data-e-type=\"container\">\n\t\t\t\t<div class=\"elementor-element elementor-element-e25a6f0 elementor-widget elementor-widget-text-editor\" data-id=\"e25a6f0\" data-element_type=\"widget\" data-e-type=\"widget\" data-widget_type=\"text-editor.default\">\n\t\t\t\t<div class=\"elementor-widget-container\">\n\t\t\t\t\t\t\t\t\t<h3 data-start=\"1477\" data-end=\"1545\">Pse Rosana CL \u00ebsht\u00eb vendi ideal p\u00ebr t\u00eb bler\u00eb t\u00eb brendshme Selene<\/h3>\n<p data-start=\"1547\" data-end=\"1924\">Jo t\u00eb gjitha dyqanet ofrojn\u00eb t\u00eb nj\u00ebjtin nivel njohurish ose angazhimi kur shesin <strong data-start=\"1634\" data-end=\"1653\">T\u00eb brendshme Selene<\/strong>N\u00eb Rosana CL, \u00e7do produkt \u00ebsht\u00eb testuar, analizuar dhe p\u00ebrzgjedhur nga nj\u00eb ekip ekspert\u00ebsh q\u00eb e di se \u00e7far\u00eb funksionon dhe \u00e7far\u00eb jo. P\u00ebrvoja e tyre n\u00eb korse i lejon ata t\u00eb rekomandojn\u00eb stilin e duhur bazuar n\u00eb madh\u00ebsin\u00eb, form\u00ebn e trupit dhe p\u00ebrdorimin e synuar.<\/p>\n<p data-start=\"1926\" data-end=\"2268\">P\u00ebr m\u00eb tep\u00ebr, Rosana CL kujdeset p\u00ebr \u00e7do detaj: nga p\u00ebrshkrimet e qarta t\u00eb produkteve dhe udh\u00ebzuesit e sakt\u00eb t\u00eb madh\u00ebsive deri te sh\u00ebrbimi miq\u00ebsor ndaj klientit dhe p\u00ebrgatitja e kujdesshme e \u00e7do porosie. Bleni tani! <strong data-start=\"2141\" data-end=\"2160\">T\u00eb brendshme Selene<\/strong> N\u00eb k\u00ebt\u00eb dyqan \u00ebsht\u00eb nj\u00eb p\u00ebrvoj\u00eb gjith\u00ebp\u00ebrfshir\u00ebse, ku klienti ndihet i d\u00ebgjuar, i kuptuar dhe i mb\u00ebshtetur.<\/p>\n<p data-start=\"2270\" data-end=\"2642\">Katalogu p\u00ebrfshin nj\u00eb gam\u00eb t\u00eb gjer\u00eb re\u00e7ipetash me dhe pa tela, re\u00e7ipeta minimizuese, re\u00e7ipeta pa rripa, mbathje n\u00eb stile t\u00eb ndryshme dhe kostume elegante dhe funksionale. T\u00eb gjitha jan\u00eb prodhuar n\u00eb Spanj\u00eb me materiale t\u00eb q\u00ebndrueshme, t\u00eb buta dhe t\u00eb adaptueshme. \u00c7do veshje pasqyron ekspertiz\u00ebn e nj\u00eb marke q\u00eb respekton grat\u00eb dhe i kupton nevojat e tyre n\u00eb \u00e7do faz\u00eb t\u00eb jet\u00ebs.<\/p>\t\t\t\t\t\t\t\t<\/div>\n\t\t\t\t<\/div>\n\t\t\t\t<\/div>\n\t\t\t\t\t<\/div>\n\t\t\t\t<\/div>\n\t\t<div class=\"elementor-element elementor-element-495e863 e-flex e-con-boxed e-con e-parent\" data-id=\"495e863\" data-element_type=\"container\" data-e-type=\"container\">\n\t\t\t\t\t<div class=\"e-con-inner\">\n\t\t\t\t<div class=\"elementor-element elementor-element-fe47ba3 elementor-widget elementor-widget-text-editor\" data-id=\"fe47ba3\" data-element_type=\"widget\" data-e-type=\"widget\" data-widget_type=\"text-editor.default\">\n\t\t\t\t<div class=\"elementor-widget-container\">\n\t\t\t\t\t\t\t\t\t<h3 data-start=\"2644\" data-end=\"2729\">Selene Lingerie online me Rosana CL: besim, shpejt\u00ebsi dhe v\u00ebmendje e personalizuar<\/h3>\n<p data-start=\"2731\" data-end=\"3082\">Fal\u00eb platform\u00ebs s\u00eb saj dixhitale, Rosana CL leht\u00ebson aksesin n\u00eb <strong data-start=\"2798\" data-end=\"2817\">T\u00eb brendshme Selene<\/strong> Nga kudo n\u00eb Spanj\u00eb. Dyqani i tyre online \u00ebsht\u00eb projektuar p\u00ebr t\u00eb ofruar nj\u00eb p\u00ebrvoj\u00eb t\u00eb leht\u00eb, t\u00eb sigurt dhe t\u00eb qart\u00eb. Me vet\u00ebm disa klikime, mund t\u00eb gjeni modelin q\u00eb po k\u00ebrkoni, t\u00eb kontrolloni karakteristikat e tij, t\u00eb krahasoni madh\u00ebsit\u00eb dhe t\u00eb b\u00ebni porosin\u00eb tuaj me qet\u00ebsi t\u00eb plot\u00eb.<\/p>\n<p data-start=\"3084\" data-end=\"3364\">P\u00ebr m\u00eb tep\u00ebr, ekipi \u00ebsht\u00eb i disponuesh\u00ebm p\u00ebr t&#039;iu p\u00ebrgjigjur \u00e7do pyetjeje, qoft\u00eb me email ose telefon, duke ofruar at\u00eb kontakt njer\u00ebzor q\u00eb shpesh mungon n\u00eb blerjet online. Transporti \u00ebsht\u00eb i shpejt\u00eb dhe diskret, dhe cil\u00ebsia e produktit \u00ebsht\u00eb e garantuar q\u00eb nga p\u00ebrdorimi i par\u00eb.<\/p>\n<p data-start=\"3366\" data-end=\"3711\">Shkurt, n\u00ebse po k\u00ebrkoni <strong data-start=\"3399\" data-end=\"3418\">T\u00eb brendshme Selene<\/strong> N\u00ebse jeni duke k\u00ebrkuar di\u00e7ka q\u00eb i p\u00ebrmbush v\u00ebrtet pritjet tuaja, si n\u00eb dizajn ashtu edhe n\u00eb funksionalitet, Rosana CL \u00ebsht\u00eb aleati juaj m\u00eb i mir\u00eb. P\u00ebrvoja e tyre, fokusi te grat\u00eb e v\u00ebrteta dhe p\u00ebrkushtimi ndaj cil\u00ebsis\u00eb e b\u00ebjn\u00eb k\u00ebt\u00eb dyqan nj\u00eb destinacion t\u00eb preferuar p\u00ebr ata q\u00eb duan t\u00eb ndihen mir\u00eb brenda dhe jasht\u00eb.<\/p>\t\t\t\t\t\t\t\t<\/div>\n\t\t\t\t<\/div>\n\t\t\t\t\t<\/div>\n\t\t\t\t<\/div>\n\t\t<div class=\"elementor-element elementor-element-d05ed3a e-flex e-con-boxed e-con e-parent\" data-id=\"d05ed3a\" data-element_type=\"container\" data-e-type=\"container\">\n\t\t\t\t\t<div class=\"e-con-inner\">\n\t\t\t\t<div class=\"elementor-element elementor-element-b883e86 elementor-widget elementor-widget-heading\" data-id=\"b883e86\" data-element_type=\"widget\" data-e-type=\"widget\" data-widget_type=\"heading.default\">\n\t\t\t\t<div class=\"elementor-widget-container\">\n\t\t\t\t\t<h2 class=\"elementor-heading-title elementor-size-default\">Na kontaktoni <\/h2>\t\t\t\t<\/div>\n\t\t\t\t<\/div>\n\t\t\t\t\t<\/div>\n\t\t\t\t<\/div>\n\t\t<div class=\"elementor-element elementor-element-00e20e2 e-flex e-con-boxed e-con e-parent\" data-id=\"00e20e2\" data-element_type=\"container\" data-e-type=\"container\">\n\t\t\t\t\t<div class=\"e-con-inner\">\n\t\t<div class=\"elementor-element elementor-element-8ad8f7b e-con-full e-flex e-con e-child\" data-id=\"8ad8f7b\" data-element_type=\"container\" data-e-type=\"container\">\n\t\t\t\t<div class=\"elementor-element elementor-element-888944a elementor-widget__width-initial elementor-widget elementor-widget-elementskit-contact-form7\" data-id=\"888944a\" data-element_type=\"widget\" data-e-type=\"widget\" data-widget_type=\"elementskit-contact-form7.default\">\n\t\t\t\t<div class=\"elementor-widget-container\">\n\t\t\t\t\t<div class=\"ekit-wid-con\" ><div class=\"ekit-form\">\n<div class=\"wpcf7 no-js\" id=\"wpcf7-f48-o1\" lang=\"es-ES\" dir=\"ltr\" data-wpcf7-id=\"48\">\n<div class=\"screen-reader-response\"><p role=\"status\" aria-live=\"polite\" aria-atomic=\"true\"><\/p> <ul><\/ul><\/div>\n<form action=\"\/de\/wp-json\/wp\/v2\/pages\/2897#wpcf7-f48-o1\" method=\"post\" class=\"wpcf7-form init\" aria-label=\"Formulari i kontaktit\" novalidate=\"novalidate\" data-status=\"init\" data-trp-original-action=\"\/de\/wp-json\/wp\/v2\/pages\/2897#wpcf7-f48-o1\">\n<fieldset class=\"hidden-fields-container\"><input type=\"hidden\" name=\"_wpcf7\" value=\"48\" \/><input type=\"hidden\" name=\"_wpcf7_version\" value=\"6.1.5\" \/><input type=\"hidden\" name=\"_wpcf7_locale\" value=\"es_ES\" \/><input type=\"hidden\" name=\"_wpcf7_unit_tag\" value=\"wpcf7-f48-o1\" \/><input type=\"hidden\" name=\"_wpcf7_container_post\" value=\"0\" \/><input type=\"hidden\" name=\"_wpcf7_posted_data_hash\" value=\"\" \/><input type=\"hidden\" name=\"_wpcf7_recaptcha_response\" value=\"\" \/>\n<\/fieldset>\n<div class=\"form-row\">\n\t<div class=\"form-column\">\n\t\t<p><span class=\"wpcf7-form-control-wrap\" data-name=\"nombre\"><input size=\"40\" maxlength=\"400\" class=\"wpcf7-form-control wpcf7-text wpcf7-validates-as-required\" aria-required=\"true\" aria-invalid=\"false\" placeholder=\"Emri\" value=\"\" type=\"text\" name=\"nombre\" \/><\/span>\n\t\t<\/p>\n\t<\/div>\n\t<div class=\"form-column\">\n\t\t<p><span class=\"wpcf7-form-control-wrap\" data-name=\"telefono\"><input size=\"40\" maxlength=\"400\" class=\"wpcf7-form-control wpcf7-tel wpcf7-validates-as-required wpcf7-text wpcf7-validates-as-tel\" aria-required=\"true\" aria-invalid=\"false\" placeholder=\"Telefoni *\" value=\"\" type=\"tel\" name=\"telefono\" \/><\/span>\n\t\t<\/p>\n\t<\/div>\n<\/div>\n<div class=\"form-row\">\n\t<div class=\"form-column\">\n\t\t<p><span class=\"wpcf7-form-control-wrap\" data-name=\"email\"><input size=\"40\" maxlength=\"400\" class=\"wpcf7-form-control wpcf7-email wpcf7-validates-as-required wpcf7-text wpcf7-validates-as-email\" aria-required=\"true\" aria-invalid=\"false\" placeholder=\"Email *\" value=\"\" type=\"email\" name=\"email\" \/><\/span>\n\t\t<\/p>\n\t<\/div>\n\t<div class=\"form-column\">\n\t\t<p><span class=\"wpcf7-form-control-wrap\" data-name=\"asunto\"><input size=\"40\" maxlength=\"400\" class=\"wpcf7-form-control wpcf7-text wpcf7-validates-as-required\" aria-required=\"true\" aria-invalid=\"false\" placeholder=\"Afera *\" value=\"\" type=\"text\" name=\"asunto\" \/><\/span>\n\t\t<\/p>\n\t<\/div>\n<\/div>\n<p><span class=\"wpcf7-form-control-wrap\" data-name=\"mensaje\"><textarea cols=\"40\" rows=\"10\" maxlength=\"2000\" class=\"wpcf7-form-control wpcf7-textarea wpcf7-validates-as-required\" aria-required=\"true\" aria-invalid=\"false\" placeholder=\"Mesazh\" name=\"mensaje\"><\/textarea><\/span>\n<\/p>\n<p class=\"legal-priv\"><span class=\"wpcf7-form-control-wrap\" data-name=\"acceptance-787\"><span class=\"wpcf7-form-control wpcf7-acceptance\"><span class=\"wpcf7-list-item\"><label><input type=\"checkbox\" name=\"acceptance-787\" value=\"1\" aria-invalid=\"false\" \/><span class=\"wpcf7-list-item-label\">E kam lexuar dhe pajtohem me <a href=\"https:\/\/rosanacl.com\/sq\/politica-de-privacidad\/\">Politika e Privat\u00ebsis\u00eb<\/a><\/span><\/label><\/span><\/span><\/span>\n<\/p>\n<p><input class=\"wpcf7-form-control wpcf7-submit has-spinner\" type=\"submit\" value=\"D\u00cbRGO MESAZH\" \/>\n<\/p><div class=\"wpcf7-response-output\" aria-hidden=\"true\"><\/div>\n<input type=\"hidden\" name=\"trp-form-language\" value=\"sq\"\/><\/form>\n<\/div>\n<\/div><\/div>\t\t\t\t<\/div>\n\t\t\t\t<\/div>\n\t\t\t\t<\/div>\n\t\t\t\t\t<\/div>\n\t\t\t\t<\/div>\n\t\t\t\t<\/div>","protected":false},"excerpt":{"rendered":"<p>Lencer\u00eda Selene Lencer\u00eda Selene: comodidad y elegancia\u00a0 La lencer\u00eda Selene ha logrado posicionarse como una de las marcas espa\u00f1olas m\u00e1s reconocidas en el \u00e1mbito de la ropa \u00edntima femenina. Con d\u00e9cadas de experiencia y una clara apuesta por la fabricaci\u00f3n nacional, Selene dise\u00f1a prendas que combinan est\u00e9tica, funcionalidad y un ajuste impecable. Cada modelo est\u00e1 [&hellip;]<\/p>\n","protected":false},"author":1,"featured_media":0,"parent":0,"menu_order":0,"comment_status":"closed","ping_status":"closed","template":"","meta":{"content-type":"","footnotes":""},"class_list":["post-2897","page","type-page","status-publish","hentry"],"yoast_head":"<!-- This site is optimized with the Yoast SEO plugin v27.4 - https:\/\/yoast.com\/product\/yoast-seo-wordpress\/ -->\n<title>Lencer\u00eda Selene - Rosana CL<\/title>\n<meta name=\"robots\" content=\"index, follow, max-snippet:-1, max-image-preview:large, max-video-preview:-1\" \/>\n<link rel=\"canonical\" href=\"https:\/\/rosanacl.com\/sq\/lenceria-selene\/\" \/>\n<meta property=\"og:locale\" content=\"sq_AL\" \/>\n<meta property=\"og:type\" content=\"article\" \/>\n<meta property=\"og:title\" content=\"Lencer\u00eda Selene - Rosana CL\" \/>\n<meta property=\"og:description\" content=\"Lencer\u00eda Selene Lencer\u00eda Selene: comodidad y elegancia\u00a0 La lencer\u00eda Selene ha logrado posicionarse como una de las marcas espa\u00f1olas m\u00e1s reconocidas en el \u00e1mbito de la ropa \u00edntima femenina. Con d\u00e9cadas de experiencia y una clara apuesta por la fabricaci\u00f3n nacional, Selene dise\u00f1a prendas que combinan est\u00e9tica, funcionalidad y un ajuste impecable. Cada modelo est\u00e1 [&hellip;]\" \/>\n<meta property=\"og:url\" content=\"https:\/\/rosanacl.com\/sq\/lenceria-selene\/\" \/>\n<meta property=\"og:site_name\" content=\"Rosana CL\" \/>\n<meta property=\"article:modified_time\" content=\"2025-07-25T06:13:14+00:00\" \/>\n<meta property=\"og:image\" content=\"https:\/\/rosanacl.com\/wp-content\/uploads\/2025\/07\/sujetador-reductor-sin-tirantes.jpg\" \/>\n\t<meta property=\"og:image:width\" content=\"2000\" \/>\n\t<meta property=\"og:image:height\" content=\"1414\" \/>\n\t<meta property=\"og:image:type\" content=\"image\/jpeg\" \/>\n<meta name=\"twitter:card\" content=\"summary_large_image\" \/>\n<meta name=\"twitter:label1\" content=\"Est. reading time\" \/>\n\t<meta name=\"twitter:data1\" content=\"3 minuta\" \/>\n<script type=\"application\/ld+json\" class=\"yoast-schema-graph\">{\"@context\":\"https:\\\/\\\/schema.org\",\"@graph\":[{\"@type\":\"WebPage\",\"@id\":\"https:\\\/\\\/rosanacl.com\\\/eu\\\/lenceria-selene\\\/\",\"url\":\"https:\\\/\\\/rosanacl.com\\\/eu\\\/lenceria-selene\\\/\",\"name\":\"Lencer\u00eda Selene - Rosana CL\",\"isPartOf\":{\"@id\":\"https:\\\/\\\/rosanacl.com\\\/ca\\\/#website\"},\"primaryImageOfPage\":{\"@id\":\"https:\\\/\\\/rosanacl.com\\\/eu\\\/lenceria-selene\\\/#primaryimage\"},\"image\":{\"@id\":\"https:\\\/\\\/rosanacl.com\\\/eu\\\/lenceria-selene\\\/#primaryimage\"},\"thumbnailUrl\":\"https:\\\/\\\/rosanacl.com\\\/wp-content\\\/uploads\\\/2025\\\/07\\\/sujetador-reductor-sin-tirantes-1024x724.jpg\",\"datePublished\":\"2025-07-18T09:17:45+00:00\",\"dateModified\":\"2025-07-25T06:13:14+00:00\",\"breadcrumb\":{\"@id\":\"https:\\\/\\\/rosanacl.com\\\/eu\\\/lenceria-selene\\\/#breadcrumb\"},\"inLanguage\":\"sq\",\"potentialAction\":[{\"@type\":\"ReadAction\",\"target\":[\"https:\\\/\\\/rosanacl.com\\\/eu\\\/lenceria-selene\\\/\"]}]},{\"@type\":\"ImageObject\",\"inLanguage\":\"sq\",\"@id\":\"https:\\\/\\\/rosanacl.com\\\/eu\\\/lenceria-selene\\\/#primaryimage\",\"url\":\"https:\\\/\\\/rosanacl.com\\\/wp-content\\\/uploads\\\/2025\\\/07\\\/sujetador-reductor-sin-tirantes-1024x724.jpg\",\"contentUrl\":\"https:\\\/\\\/rosanacl.com\\\/wp-content\\\/uploads\\\/2025\\\/07\\\/sujetador-reductor-sin-tirantes-1024x724.jpg\"},{\"@type\":\"BreadcrumbList\",\"@id\":\"https:\\\/\\\/rosanacl.com\\\/eu\\\/lenceria-selene\\\/#breadcrumb\",\"itemListElement\":[{\"@type\":\"ListItem\",\"position\":1,\"name\":\"Portada\",\"item\":\"https:\\\/\\\/rosanacl.com\\\/ca\\\/\"},{\"@type\":\"ListItem\",\"position\":2,\"name\":\"Lencer\u00eda Selene\"}]},{\"@type\":\"WebSite\",\"@id\":\"https:\\\/\\\/rosanacl.com\\\/ca\\\/#website\",\"url\":\"https:\\\/\\\/rosanacl.com\\\/ca\\\/\",\"name\":\"Rosana CL\",\"description\":\"Somos tu interior\",\"potentialAction\":[{\"@type\":\"SearchAction\",\"target\":{\"@type\":\"EntryPoint\",\"urlTemplate\":\"https:\\\/\\\/rosanacl.com\\\/ca\\\/?s={search_term_string}\"},\"query-input\":{\"@type\":\"PropertyValueSpecification\",\"valueRequired\":true,\"valueName\":\"search_term_string\"}}],\"inLanguage\":\"sq\"}]}<\/script>\n<!-- \/ Yoast SEO plugin. -->","yoast_head_json":{"title":"Lencer\u00eda Selene - Rosana CL","robots":{"index":"index","follow":"follow","max-snippet":"max-snippet:-1","max-image-preview":"max-image-preview:large","max-video-preview":"max-video-preview:-1"},"canonical":"https:\/\/rosanacl.com\/sq\/lenceria-selene\/","og_locale":"sq_AL","og_type":"article","og_title":"Lencer\u00eda Selene - Rosana CL","og_description":"Lencer\u00eda Selene Lencer\u00eda Selene: comodidad y elegancia\u00a0 La lencer\u00eda Selene ha logrado posicionarse como una de las marcas espa\u00f1olas m\u00e1s reconocidas en el \u00e1mbito de la ropa \u00edntima femenina. Con d\u00e9cadas de experiencia y una clara apuesta por la fabricaci\u00f3n nacional, Selene dise\u00f1a prendas que combinan est\u00e9tica, funcionalidad y un ajuste impecable. Cada modelo est\u00e1 [&hellip;]","og_url":"https:\/\/rosanacl.com\/sq\/lenceria-selene\/","og_site_name":"Rosana CL","article_modified_time":"2025-07-25T06:13:14+00:00","og_image":[{"width":2000,"height":1414,"url":"https:\/\/rosanacl.com\/wp-content\/uploads\/2025\/07\/sujetador-reductor-sin-tirantes.jpg","type":"image\/jpeg"}],"twitter_card":"summary_large_image","twitter_misc":{"Est. reading time":"3 minuta"},"schema":{"@context":"https:\/\/schema.org","@graph":[{"@type":"WebPage","@id":"https:\/\/rosanacl.com\/eu\/lenceria-selene\/","url":"https:\/\/rosanacl.com\/eu\/lenceria-selene\/","name":"Lencer\u00eda Selene - Rosana CL","isPartOf":{"@id":"https:\/\/rosanacl.com\/ca\/#website"},"primaryImageOfPage":{"@id":"https:\/\/rosanacl.com\/eu\/lenceria-selene\/#primaryimage"},"image":{"@id":"https:\/\/rosanacl.com\/eu\/lenceria-selene\/#primaryimage"},"thumbnailUrl":"https:\/\/rosanacl.com\/wp-content\/uploads\/2025\/07\/sujetador-reductor-sin-tirantes-1024x724.jpg","datePublished":"2025-07-18T09:17:45+00:00","dateModified":"2025-07-25T06:13:14+00:00","breadcrumb":{"@id":"https:\/\/rosanacl.com\/eu\/lenceria-selene\/#breadcrumb"},"inLanguage":"sq","potentialAction":[{"@type":"ReadAction","target":["https:\/\/rosanacl.com\/eu\/lenceria-selene\/"]}]},{"@type":"ImageObject","inLanguage":"sq","@id":"https:\/\/rosanacl.com\/eu\/lenceria-selene\/#primaryimage","url":"https:\/\/rosanacl.com\/wp-content\/uploads\/2025\/07\/sujetador-reductor-sin-tirantes-1024x724.jpg","contentUrl":"https:\/\/rosanacl.com\/wp-content\/uploads\/2025\/07\/sujetador-reductor-sin-tirantes-1024x724.jpg"},{"@type":"BreadcrumbList","@id":"https:\/\/rosanacl.com\/eu\/lenceria-selene\/#breadcrumb","itemListElement":[{"@type":"ListItem","position":1,"name":"Portada","item":"https:\/\/rosanacl.com\/ca\/"},{"@type":"ListItem","position":2,"name":"Lencer\u00eda Selene"}]},{"@type":"WebSite","@id":"https:\/\/rosanacl.com\/ca\/#website","url":"https:\/\/rosanacl.com\/ca\/","name":"Rosana CL","description":"Ne jemi vetvetja juaj e brendshme","potentialAction":[{"@type":"SearchAction","target":{"@type":"EntryPoint","urlTemplate":"https:\/\/rosanacl.com\/ca\/?s={search_term_string}"},"query-input":{"@type":"PropertyValueSpecification","valueRequired":true,"valueName":"search_term_string"}}],"inLanguage":"sq"}]}},"_links":{"self":[{"href":"https:\/\/rosanacl.com\/sq\/wp-json\/wp\/v2\/pages\/2897","targetHints":{"allow":["GET"]}}],"collection":[{"href":"https:\/\/rosanacl.com\/sq\/wp-json\/wp\/v2\/pages"}],"about":[{"href":"https:\/\/rosanacl.com\/sq\/wp-json\/wp\/v2\/types\/page"}],"author":[{"embeddable":true,"href":"https:\/\/rosanacl.com\/sq\/wp-json\/wp\/v2\/users\/1"}],"replies":[{"embeddable":true,"href":"https:\/\/rosanacl.com\/sq\/wp-json\/wp\/v2\/comments?post=2897"}],"version-history":[{"count":0,"href":"https:\/\/rosanacl.com\/sq\/wp-json\/wp\/v2\/pages\/2897\/revisions"}],"wp:attachment":[{"href":"https:\/\/rosanacl.com\/sq\/wp-json\/wp\/v2\/media?parent=2897"}],"curies":[{"name":"wp","href":"https:\/\/api.w.org\/{rel}","templated":true}]}}