{"id":31,"date":"2025-03-28T16:10:30","date_gmt":"2025-03-28T19:10:30","guid":{"rendered":"https:\/\/innovacon.simplificandotuweb.com\/?page_id=31"},"modified":"2025-07-09T08:56:36","modified_gmt":"2025-07-09T06:56:36","slug":"politica-de-privacidad","status":"publish","type":"page","link":"https:\/\/rosanacl.com\/sq\/politica-de-privacidad\/","title":{"rendered":"Politika e Privat\u00ebsis\u00eb"},"content":{"rendered":"<div data-elementor-type=\"wp-page\" data-elementor-id=\"31\" class=\"elementor elementor-31\" data-elementor-post-type=\"page\">\n\t\t\t\t<div class=\"elementor-element elementor-element-1ca8157 e-flex e-con-boxed e-con e-parent\" data-id=\"1ca8157\" data-element_type=\"container\" data-e-type=\"container\" data-settings=\"{&quot;background_background&quot;:&quot;classic&quot;}\">\n\t\t\t\t\t<div class=\"e-con-inner\">\n\t\t<div class=\"elementor-element elementor-element-ee95924 e-con-full e-flex e-con e-child\" data-id=\"ee95924\" data-element_type=\"container\" data-e-type=\"container\">\n\t\t\t\t<div class=\"elementor-element elementor-element-fbdd061 elementor-widget elementor-widget-heading\" data-id=\"fbdd061\" data-element_type=\"widget\" data-e-type=\"widget\" data-widget_type=\"heading.default\">\n\t\t\t\t<div class=\"elementor-widget-container\">\n\t\t\t\t\t<h2 class=\"elementor-heading-title elementor-size-default\">Politika e Privat\u00ebsis\u00eb<\/h2>\t\t\t\t<\/div>\n\t\t\t\t<\/div>\n\t\t\t\t<\/div>\n\t\t\t\t\t<\/div>\n\t\t\t\t<\/div>\n\t\t<div class=\"elementor-element elementor-element-5a8dd38e e-flex e-con-boxed e-con e-parent\" data-id=\"5a8dd38e\" data-element_type=\"container\" data-e-type=\"container\">\n\t\t\t\t\t<div class=\"e-con-inner\">\n\t\t\t\t<div class=\"elementor-element elementor-element-6ea5a565 elementor-widget elementor-widget-text-editor\" data-id=\"6ea5a565\" data-element_type=\"widget\" data-e-type=\"widget\" data-widget_type=\"text-editor.default\">\n\t\t\t\t<div class=\"elementor-widget-container\">\n\t\t\t\t\t\t\t\t\t\n<p><strong>1.- INFORMACION P\u00cbR P\u00cbRDORUESIN<\/strong><\/p>\n\n<p>Uebsajti informon p\u00ebrdoruesit e faqes s\u00eb internetit rreth politik\u00ebs s\u00eb saj n\u00eb lidhje me p\u00ebrpunimin dhe mbrojtjen e t\u00eb dh\u00ebnave personale t\u00eb p\u00ebrdoruesve dhe klient\u00ebve q\u00eb mund t\u00eb k\u00ebrkohen gjat\u00eb shfletimit t\u00eb faqes s\u00eb saj t\u00eb internetit.<\/p>\n\n<p>Uebsajti \u00ebsht\u00eb p\u00ebrgjegj\u00ebs p\u00ebr p\u00ebrpunimin e t\u00eb dh\u00ebnave personale t\u00eb p\u00ebrdoruesit, dhe p\u00ebr k\u00ebt\u00eb arsye ofrohet informacioni i m\u00ebposht\u00ebm n\u00eb lidhje me p\u00ebrpunimin e t\u00eb dh\u00ebnave tuaja:<\/p>\n\n<p><strong>Kriteret e ruajtjes s\u00eb t\u00eb dh\u00ebnave:<\/strong>\u00a0T\u00eb dh\u00ebnat personale t\u00eb ofruara do t\u00eb ruhen derisa pala e interesuar t\u00eb k\u00ebrkoj\u00eb pezullimin e tyre, duke ushtruar t\u00eb drejtat e saj mbi t\u00eb dh\u00ebnat, dhe n\u00eb \u00e7do rast n\u00eb p\u00ebrputhje me \u00e7do afat kufizimi ligjor n\u00eb fuqi.<\/p>\n\n<p><strong>T\u00eb drejtat e pal\u00ebve t\u00eb interesuara:<\/strong><\/p>\n\n<p>E drejta p\u00ebr t\u00eb t\u00ebrhequr p\u00eblqimin tuaj n\u00eb \u00e7do koh\u00eb.<br \/>E drejta p\u00ebr t\u00eb aksesuar, korrigjuar, fshir\u00eb dhe transferuar t\u00eb dh\u00ebnat tuaja, si dhe p\u00ebr t\u00eb kufizuar ose kund\u00ebrshtuar p\u00ebrpunimin e tyre, si dhe p\u00ebr t\u00eb mos iu n\u00ebnshtruar vendimeve t\u00eb automatizuara individuale.<\/p>\n\n<p><strong>Informacione kontakti p\u00ebr t\u00eb ushtruar t\u00eb drejtat tuaja:<\/strong><\/p>\n\n<p>Ju duhet t\u00eb identifikoheni si\u00e7 duhet dhe t\u00eb k\u00ebrkoni qart\u00eb t\u00eb drejt\u00ebn p\u00ebr ta ushtruar at\u00eb.<\/p>\n\n<ul class=\"wp-block-list\">\n<li>Kompania: Pablo Angulo Maspons<\/li>\n<li>Popullsia: Vinaroz, Spanj\u00eb<\/li>\n<li>Telefoni: 613395013<\/li>\n<li>Posta: <a class=\"css-1rn59kg\" title=\"info@rosanacl.com\" href=\"mailto:info@rosanacl.com\" data-testid=\"link-with-safety\" data-renderer-mark=\"true\">info@rosanacl.com\u00a0<\/a><\/li>\n<\/ul>\n\n<p><strong>2.- INFORMACIONI I OFRUAR NGA P\u00cbRDORUESI<\/strong><\/p>\n\n<p>N\u00ebse jeni n\u00ebn 18 vje\u00e7, nuk lejoheni t\u00eb p\u00ebrdorni formular\u00eb n\u00eb faqen ton\u00eb t\u00eb internetit.<\/p>\n\n<p>Duke futur t\u00eb dh\u00ebnat e tyre n\u00eb formular\u00ebt e kontaktit ose duke i dor\u00ebzuar ato n\u00eb formular\u00ebt e shkarkimit, P\u00ebrdoruesit pranojn\u00eb shprehimisht, lirisht dhe pa m\u00ebdyshje se t\u00eb dh\u00ebnat e tyre jan\u00eb t\u00eb nevojshme q\u00eb Kontrolluesi t\u00eb p\u00ebrpunoj\u00eb k\u00ebrkes\u00ebn e tyre. P\u00ebrfshirja e t\u00eb dh\u00ebnave n\u00eb fushat e mbetura \u00ebsht\u00eb vullnetare.<\/p>\n\n<p>P\u00ebrdoruesi garanton q\u00eb t\u00eb dh\u00ebnat personale t\u00eb dh\u00ebna jan\u00eb t\u00eb v\u00ebrteta dhe \u00ebsht\u00eb p\u00ebrgjegj\u00ebs p\u00ebr komunikimin e \u00e7do ndryshimi.<\/p>\n\n<p>T\u00eb gjitha t\u00eb dh\u00ebnat e k\u00ebrkuara p\u00ebrmes faqes s\u00eb internetit jan\u00eb t\u00eb nevojshme p\u00ebr t&#039;i ofruar P\u00ebrdoruesit nj\u00eb sh\u00ebrbim optimal. N\u00ebse nuk ofrohen t\u00eb gjitha t\u00eb dh\u00ebnat, nuk ka garanci se informacioni dhe sh\u00ebrbimet e ofruara nga Kontrolluesi do t\u00eb jen\u00eb plot\u00ebsisht t\u00eb p\u00ebrshtatura sipas nevojave t\u00eb tyre.<\/p>\n\n<p><strong>3.- MASAT E SIGURIS\u00cb<\/strong><\/p>\n\n<p>Se, n\u00eb p\u00ebrputhje me dispozitat e rregulloreve aktuale p\u00ebr mbrojtjen e t\u00eb dh\u00ebnave personale, Kontrolluesi \u00ebsht\u00eb n\u00eb p\u00ebrputhje me t\u00eb gjitha dispozitat e rregulloreve t\u00eb GDPR-s\u00eb dhe LOPD-s\u00eb p\u00ebr p\u00ebrpunimin e t\u00eb dh\u00ebnave personale n\u00ebn p\u00ebrgjegj\u00ebsin\u00eb e tij, t\u00eb cilat p\u00ebrpunohen n\u00eb m\u00ebnyr\u00eb t\u00eb ligjshme, t\u00eb drejt\u00eb dhe transparente n\u00eb lidhje me subjektin e t\u00eb dh\u00ebnave dhe jan\u00eb t\u00eb p\u00ebrshtatshme, relevante dhe t\u00eb kufizuara n\u00eb at\u00eb q\u00eb \u00ebsht\u00eb e nevojshme n\u00eb lidhje me q\u00ebllimet p\u00ebr t\u00eb cilat ato p\u00ebrpunohen.<\/p>\n\n<p>Kontrolluesi garanton se ka zbatuar politika t\u00eb p\u00ebrshtatshme teknike dhe organizative p\u00ebr t\u00eb zbatuar masat e siguris\u00eb t\u00eb p\u00ebrcaktuara nga GDPR dhe LOPD p\u00ebr t\u00eb mbrojtur t\u00eb drejtat dhe lirit\u00eb e P\u00ebrdoruesve dhe u ka ofruar atyre informacionin e duhur n\u00eb m\u00ebnyr\u00eb q\u00eb ata t\u00eb mund t&#039;i ushtrojn\u00eb ato.<\/p>\n\n<p><strong>4.- SHKELJE T\u00cb SIGURIS\u00cb<\/strong><\/p>\n\n<p>Kontrolluesi do t\u00eb raportoj\u00eb \u00e7do shkelje sigurie q\u00eb ndikon n\u00eb baz\u00ebn e t\u00eb dh\u00ebnave t\u00eb p\u00ebrdorur nga kjo faqe interneti, ose ndonj\u00eb nga sh\u00ebrbimet tona t\u00eb pal\u00ebve t\u00eb treta, te \u00e7do person, t\u00eb dh\u00ebnat e t\u00eb cilit mund t\u00eb jen\u00eb prekur, dhe te autoritetet brenda 72 or\u00ebve nga zbulimi i shkeljes.<\/p>\n\n<p><strong>LEGJISLACIONI DHE JURISDIKSIONI I ZBATUESH\u00cbM<\/strong><\/p>\n\n<p>P\u00ebr zgjidhjen e t\u00eb gjitha mosmarr\u00ebveshjeve ose \u00e7\u00ebshtjeve q\u00eb lidhen me k\u00ebt\u00eb faqe interneti ose aktivitetet e kryera n\u00eb t\u00eb, do t\u00eb zbatohet ligji spanjoll, t\u00eb cilin pal\u00ebt e pranojn\u00eb shprehimisht. Gjykatat dhe Tribunalet e Barcelon\u00ebs do t\u00eb ken\u00eb juridiksion p\u00ebr t\u00eb zgjidhur t\u00eb gjitha konfliktet q\u00eb rrjedhin nga ose lidhen me p\u00ebrdorimin e k\u00ebsaj faqeje interneti.<\/p>\n\n<p>\u00a0<\/p>\n\t\t\t\t\t\t\t\t<\/div>\n\t\t\t\t<\/div>\n\t\t\t\t\t<\/div>\n\t\t\t\t<\/div>\n\t\t\t\t<\/div>","protected":false},"excerpt":{"rendered":"<p>1.- INFORMACI\u00d3N AL USUARIO El sitio web informa a los usuarios del sitio web sobre su pol\u00edtica respecto al tratamiento y protecci\u00f3n de los datos de car\u00e1cter personal de los usuarios y clientes que puedan ser solicitados por la navegaci\u00f3n a trav\u00e9s de su sitio web. El sitio web es el Responsable del tratamiento de [&hellip;]<\/p>\n","protected":false},"author":1,"featured_media":0,"parent":0,"menu_order":0,"comment_status":"closed","ping_status":"closed","template":"","meta":{"content-type":"","footnotes":""},"class_list":["post-31","page","type-page","status-publish","hentry"],"yoast_head":"<!-- This site is optimized with the Yoast SEO plugin v27.4 - https:\/\/yoast.com\/product\/yoast-seo-wordpress\/ -->\n<title>Pol\u00edtica de Privacidad - Rosana CL<\/title>\n<meta name=\"robots\" content=\"index, follow, max-snippet:-1, max-image-preview:large, max-video-preview:-1\" \/>\n<link rel=\"canonical\" href=\"https:\/\/rosanacl.com\/sq\/politica-de-privacidad\/\" \/>\n<meta property=\"og:locale\" content=\"sq_AL\" \/>\n<meta property=\"og:type\" content=\"article\" \/>\n<meta property=\"og:title\" content=\"Pol\u00edtica de Privacidad - Rosana CL\" \/>\n<meta property=\"og:description\" content=\"1.- INFORMACI\u00d3N AL USUARIO El sitio web informa a los usuarios del sitio web sobre su pol\u00edtica respecto al tratamiento y protecci\u00f3n de los datos de car\u00e1cter personal de los usuarios y clientes que puedan ser solicitados por la navegaci\u00f3n a trav\u00e9s de su sitio web. El sitio web es el Responsable del tratamiento de [&hellip;]\" \/>\n<meta property=\"og:url\" content=\"https:\/\/rosanacl.com\/sq\/politica-de-privacidad\/\" \/>\n<meta property=\"og:site_name\" content=\"Rosana CL\" \/>\n<meta property=\"article:modified_time\" content=\"2025-07-09T06:56:36+00:00\" \/>\n<meta name=\"twitter:card\" content=\"summary_large_image\" \/>\n<meta name=\"twitter:label1\" content=\"Est. reading time\" \/>\n\t<meta name=\"twitter:data1\" content=\"3 minuta\" \/>\n<script type=\"application\/ld+json\" class=\"yoast-schema-graph\">{\"@context\":\"https:\\\/\\\/schema.org\",\"@graph\":[{\"@type\":\"WebPage\",\"@id\":\"https:\\\/\\\/rosanacl.com\\\/politica-de-privacidad\\\/\",\"url\":\"https:\\\/\\\/rosanacl.com\\\/politica-de-privacidad\\\/\",\"name\":\"Pol\u00edtica de Privacidad - Rosana CL\",\"isPartOf\":{\"@id\":\"https:\\\/\\\/rosanacl.com\\\/ca\\\/#website\"},\"datePublished\":\"2025-03-28T19:10:30+00:00\",\"dateModified\":\"2025-07-09T06:56:36+00:00\",\"breadcrumb\":{\"@id\":\"https:\\\/\\\/rosanacl.com\\\/politica-de-privacidad\\\/#breadcrumb\"},\"inLanguage\":\"sq\",\"potentialAction\":[{\"@type\":\"ReadAction\",\"target\":[\"https:\\\/\\\/rosanacl.com\\\/politica-de-privacidad\\\/\"]}]},{\"@type\":\"BreadcrumbList\",\"@id\":\"https:\\\/\\\/rosanacl.com\\\/politica-de-privacidad\\\/#breadcrumb\",\"itemListElement\":[{\"@type\":\"ListItem\",\"position\":1,\"name\":\"Portada\",\"item\":\"https:\\\/\\\/rosanacl.com\\\/ca\\\/\"},{\"@type\":\"ListItem\",\"position\":2,\"name\":\"Pol\u00edtica de Privacidad\"}]},{\"@type\":\"WebSite\",\"@id\":\"https:\\\/\\\/rosanacl.com\\\/ca\\\/#website\",\"url\":\"https:\\\/\\\/rosanacl.com\\\/ca\\\/\",\"name\":\"Rosana CL\",\"description\":\"Somos tu interior\",\"potentialAction\":[{\"@type\":\"SearchAction\",\"target\":{\"@type\":\"EntryPoint\",\"urlTemplate\":\"https:\\\/\\\/rosanacl.com\\\/ca\\\/?s={search_term_string}\"},\"query-input\":{\"@type\":\"PropertyValueSpecification\",\"valueRequired\":true,\"valueName\":\"search_term_string\"}}],\"inLanguage\":\"sq\"}]}<\/script>\n<!-- \/ Yoast SEO plugin. -->","yoast_head_json":{"title":"Pol\u00edtica de Privacidad - Rosana CL","robots":{"index":"index","follow":"follow","max-snippet":"max-snippet:-1","max-image-preview":"max-image-preview:large","max-video-preview":"max-video-preview:-1"},"canonical":"https:\/\/rosanacl.com\/sq\/politica-de-privacidad\/","og_locale":"sq_AL","og_type":"article","og_title":"Pol\u00edtica de Privacidad - Rosana CL","og_description":"1.- INFORMACI\u00d3N AL USUARIO El sitio web informa a los usuarios del sitio web sobre su pol\u00edtica respecto al tratamiento y protecci\u00f3n de los datos de car\u00e1cter personal de los usuarios y clientes que puedan ser solicitados por la navegaci\u00f3n a trav\u00e9s de su sitio web. El sitio web es el Responsable del tratamiento de [&hellip;]","og_url":"https:\/\/rosanacl.com\/sq\/politica-de-privacidad\/","og_site_name":"Rosana CL","article_modified_time":"2025-07-09T06:56:36+00:00","twitter_card":"summary_large_image","twitter_misc":{"Est. reading time":"3 minuta"},"schema":{"@context":"https:\/\/schema.org","@graph":[{"@type":"WebPage","@id":"https:\/\/rosanacl.com\/politica-de-privacidad\/","url":"https:\/\/rosanacl.com\/politica-de-privacidad\/","name":"Pol\u00edtica de Privacidad - Rosana CL","isPartOf":{"@id":"https:\/\/rosanacl.com\/ca\/#website"},"datePublished":"2025-03-28T19:10:30+00:00","dateModified":"2025-07-09T06:56:36+00:00","breadcrumb":{"@id":"https:\/\/rosanacl.com\/politica-de-privacidad\/#breadcrumb"},"inLanguage":"sq","potentialAction":[{"@type":"ReadAction","target":["https:\/\/rosanacl.com\/politica-de-privacidad\/"]}]},{"@type":"BreadcrumbList","@id":"https:\/\/rosanacl.com\/politica-de-privacidad\/#breadcrumb","itemListElement":[{"@type":"ListItem","position":1,"name":"Portada","item":"https:\/\/rosanacl.com\/ca\/"},{"@type":"ListItem","position":2,"name":"Pol\u00edtica de Privacidad"}]},{"@type":"WebSite","@id":"https:\/\/rosanacl.com\/ca\/#website","url":"https:\/\/rosanacl.com\/ca\/","name":"Rosana CL","description":"Ne jemi vetvetja juaj e brendshme","potentialAction":[{"@type":"SearchAction","target":{"@type":"EntryPoint","urlTemplate":"https:\/\/rosanacl.com\/ca\/?s={search_term_string}"},"query-input":{"@type":"PropertyValueSpecification","valueRequired":true,"valueName":"search_term_string"}}],"inLanguage":"sq"}]}},"_links":{"self":[{"href":"https:\/\/rosanacl.com\/sq\/wp-json\/wp\/v2\/pages\/31","targetHints":{"allow":["GET"]}}],"collection":[{"href":"https:\/\/rosanacl.com\/sq\/wp-json\/wp\/v2\/pages"}],"about":[{"href":"https:\/\/rosanacl.com\/sq\/wp-json\/wp\/v2\/types\/page"}],"author":[{"embeddable":true,"href":"https:\/\/rosanacl.com\/sq\/wp-json\/wp\/v2\/users\/1"}],"replies":[{"embeddable":true,"href":"https:\/\/rosanacl.com\/sq\/wp-json\/wp\/v2\/comments?post=31"}],"version-history":[{"count":0,"href":"https:\/\/rosanacl.com\/sq\/wp-json\/wp\/v2\/pages\/31\/revisions"}],"wp:attachment":[{"href":"https:\/\/rosanacl.com\/sq\/wp-json\/wp\/v2\/media?parent=31"}],"curies":[{"name":"wp","href":"https:\/\/api.w.org\/{rel}","templated":true}]}}