{"id":3995,"date":"2025-10-10T12:44:30","date_gmt":"2025-10-10T10:44:30","guid":{"rendered":"https:\/\/rosanacl.com\/?page_id=3995"},"modified":"2025-10-10T12:45:42","modified_gmt":"2025-10-10T10:45:42","slug":"comprar-sujetadores-selene-online","status":"publish","type":"page","link":"https:\/\/rosanacl.com\/sq\/comprar-sujetadores-selene-online\/","title":{"rendered":"Bleni re\u00e7ipeta Selene n\u00eb internet"},"content":{"rendered":"<div data-elementor-type=\"wp-page\" data-elementor-id=\"3995\" class=\"elementor elementor-3995\" data-elementor-post-type=\"page\">\n\t\t\t\t<div class=\"elementor-element elementor-element-171998c7 e-flex e-con-boxed e-con e-parent\" data-id=\"171998c7\" data-element_type=\"container\" data-e-type=\"container\">\n\t\t\t\t\t<div class=\"e-con-inner\">\n\t\t\t\t<div class=\"elementor-element elementor-element-6575351f elementor-widget elementor-widget-text-editor\" data-id=\"6575351f\" data-element_type=\"widget\" data-e-type=\"widget\" data-widget_type=\"text-editor.default\">\n\t\t\t\t<div class=\"elementor-widget-container\">\n\t\t\t\t\t\t\t\t\t\n<p><\/p>\n\n\n\n<p><\/p>\n\t\t\t\t\t\t\t\t<\/div>\n\t\t\t\t<\/div>\n\t\t\t\t\t<\/div>\n\t\t\t\t<\/div>\n\t\t<div class=\"elementor-element elementor-element-cf7d341 e-flex e-con-boxed e-con e-parent\" data-id=\"cf7d341\" data-element_type=\"container\" data-e-type=\"container\">\n\t\t\t\t\t<div class=\"e-con-inner\">\n\t\t\t\t<div class=\"elementor-element elementor-element-1f1d080 elementor-widget elementor-widget-heading\" data-id=\"1f1d080\" data-element_type=\"widget\" data-e-type=\"widget\" data-widget_type=\"heading.default\">\n\t\t\t\t<div class=\"elementor-widget-container\">\n\t\t\t\t\t<h2 class=\"elementor-heading-title elementor-size-default\">Shablloni i uljes <\/h2>\t\t\t\t<\/div>\n\t\t\t\t<\/div>\n\t\t\t\t\t<\/div>\n\t\t\t\t<\/div>\n\t\t<div class=\"elementor-element elementor-element-dc1921d e-flex e-con-boxed e-con e-parent\" data-id=\"dc1921d\" data-element_type=\"container\" data-e-type=\"container\">\n\t\t\t\t\t<div class=\"e-con-inner\">\n\t\t<div class=\"elementor-element elementor-element-d19616f e-con-full e-flex e-con e-child\" data-id=\"d19616f\" data-element_type=\"container\" data-e-type=\"container\">\n\t\t\t\t<div class=\"elementor-element elementor-element-495540a elementor-widget elementor-widget-text-editor\" data-id=\"495540a\" data-element_type=\"widget\" data-e-type=\"widget\" data-widget_type=\"text-editor.default\">\n\t\t\t\t<div class=\"elementor-widget-container\">\n\t\t\t\t\t\t\t\t\t<h3 data-start=\"388\" data-end=\"480\"><strong data-start=\"392\" data-end=\"480\">Bleni re\u00e7ipeta Selene n\u00eb internet: m\u00ebnyra m\u00eb e leht\u00eb p\u00ebr t\u00eb gjetur t\u00eb brendshmet ideale<\/strong><\/h3>\n<p data-start=\"482\" data-end=\"845\">N\u00eb nj\u00eb bot\u00eb gjithnj\u00eb e m\u00eb dixhitale, <strong data-start=\"516\" data-end=\"553\">blini re\u00e7ipeta Selene n\u00eb internet<\/strong> \u00cbsht\u00eb b\u00ebr\u00eb opsioni m\u00eb praktik dhe i sigurt p\u00ebr grat\u00eb q\u00eb vler\u00ebsojn\u00eb rehatin\u00eb pa sakrifikuar stilin. <strong data-start=\"676\" data-end=\"689\">Rosana CL<\/strong>Ne ofrojm\u00eb nj\u00eb p\u00ebrvoj\u00eb blerjeje t\u00eb thjesht\u00eb, t\u00eb besueshme dhe t\u00eb personalizuar, me nj\u00eb katalog ekskluziv t\u00eb modeleve m\u00eb t\u00eb mira nga marka e njohur Selene.<\/p>\n<p data-start=\"847\" data-end=\"1322\">\u00c7do sytjena nga kjo mark\u00eb kombinon inovacionin n\u00eb tekstil, eleganc\u00ebn dhe rehatin\u00eb, duke u p\u00ebrshtatur n\u00eb m\u00ebnyr\u00eb t\u00eb p\u00ebrkryer me nevojat e secil\u00ebs grua. <strong data-start=\"986\" data-end=\"1023\">blini re\u00e7ipeta Selene n\u00eb internet<\/strong> N\u00eb dyqanin ton\u00eb, keni n\u00eb dispozicion nj\u00eb gam\u00eb t\u00eb gjer\u00eb dizenjosh: modele pa tela p\u00ebr nj\u00eb prerje natyrale, sytjena t\u00eb mbushura q\u00eb i japin form\u00eb figur\u00ebs, opsione dob\u00ebsimi p\u00ebr nj\u00eb siluet\u00eb m\u00eb t\u00eb stilizuar dhe modele me dantella p\u00ebr ato raste kur d\u00ebshironi t\u00eb ndiheni ve\u00e7an\u00ebrisht fem\u00ebrore.<\/p>\n<p data-start=\"1324\" data-end=\"1601\">Procesi i blerjes n\u00eb <strong data-start=\"1348\" data-end=\"1361\">Rosana CL<\/strong> \u00cbsht\u00eb projektuar n\u00eb m\u00ebnyr\u00eb q\u00eb t\u00eb mund ta shijoni p\u00ebrvoj\u00ebn q\u00eb nga klikimi i par\u00eb. Dyqani yn\u00eb online ofron fotografi reale, udh\u00ebzues t\u00eb sakt\u00eb p\u00ebr madh\u00ebsit\u00eb dhe p\u00ebrshkrime t\u00eb holl\u00ebsishme p\u00ebr t&#039;ju ndihmuar t\u00eb zgjidhni modelin perfekt pa dal\u00eb nga sht\u00ebpia.<\/p>\t\t\t\t\t\t\t\t<\/div>\n\t\t\t\t<\/div>\n\t\t\t\t<\/div>\n\t\t<div class=\"elementor-element elementor-element-5568f8b e-con-full e-flex e-con e-child\" data-id=\"5568f8b\" data-element_type=\"container\" data-e-type=\"container\">\n\t\t\t\t<div class=\"elementor-element elementor-element-980debe elementor-widget elementor-widget-image\" data-id=\"980debe\" data-element_type=\"widget\" data-e-type=\"widget\" data-widget_type=\"image.default\">\n\t\t\t\t<div class=\"elementor-widget-container\">\n\t\t\t\t\t\t\t\t\t\t\t\t\t\t\t<img fetchpriority=\"high\" decoding=\"async\" width=\"800\" height=\"566\" src=\"https:\/\/rosanacl.com\/wp-content\/uploads\/2025\/10\/comprar-sujetadores-online-1024x724.jpg\" class=\"attachment-large size-large wp-image-3970\" alt=\"\" srcset=\"https:\/\/rosanacl.com\/wp-content\/uploads\/2025\/10\/comprar-sujetadores-online-1024x724.jpg 1024w, https:\/\/rosanacl.com\/wp-content\/uploads\/2025\/10\/comprar-sujetadores-online-300x212.jpg 300w, https:\/\/rosanacl.com\/wp-content\/uploads\/2025\/10\/comprar-sujetadores-online-768x543.jpg 768w, https:\/\/rosanacl.com\/wp-content\/uploads\/2025\/10\/comprar-sujetadores-online-1536x1086.jpg 1536w, https:\/\/rosanacl.com\/wp-content\/uploads\/2025\/10\/comprar-sujetadores-online-18x12.jpg 18w, https:\/\/rosanacl.com\/wp-content\/uploads\/2025\/10\/comprar-sujetadores-online-600x424.jpg 600w, https:\/\/rosanacl.com\/wp-content\/uploads\/2025\/10\/comprar-sujetadores-online.jpg 2000w\" sizes=\"(max-width: 800px) 100vw, 800px\" \/>\t\t\t\t\t\t\t\t\t\t\t\t\t\t\t<\/div>\n\t\t\t\t<\/div>\n\t\t\t\t<\/div>\n\t\t\t\t\t<\/div>\n\t\t\t\t<\/div>\n\t\t<div class=\"elementor-element elementor-element-5e380fb e-flex e-con-boxed e-con e-parent\" data-id=\"5e380fb\" data-element_type=\"container\" data-e-type=\"container\">\n\t\t\t\t\t<div class=\"e-con-inner\">\n\t\t<div class=\"elementor-element elementor-element-a763375 e-con-full e-flex e-con e-child\" data-id=\"a763375\" data-element_type=\"container\" data-e-type=\"container\">\n\t\t\t\t<div class=\"elementor-element elementor-element-a8aecc4 elementor-widget elementor-widget-image\" data-id=\"a8aecc4\" data-element_type=\"widget\" data-e-type=\"widget\" data-widget_type=\"image.default\">\n\t\t\t\t<div class=\"elementor-widget-container\">\n\t\t\t\t\t\t\t\t\t\t\t\t\t\t\t<img decoding=\"async\" width=\"800\" height=\"566\" src=\"https:\/\/rosanacl.com\/wp-content\/uploads\/2025\/10\/comprar-sujetadores-online-selene-1024x724.jpg\" class=\"attachment-large size-large wp-image-3969\" alt=\"\" srcset=\"https:\/\/rosanacl.com\/wp-content\/uploads\/2025\/10\/comprar-sujetadores-online-selene-1024x724.jpg 1024w, https:\/\/rosanacl.com\/wp-content\/uploads\/2025\/10\/comprar-sujetadores-online-selene-300x212.jpg 300w, https:\/\/rosanacl.com\/wp-content\/uploads\/2025\/10\/comprar-sujetadores-online-selene-768x543.jpg 768w, https:\/\/rosanacl.com\/wp-content\/uploads\/2025\/10\/comprar-sujetadores-online-selene-1536x1086.jpg 1536w, https:\/\/rosanacl.com\/wp-content\/uploads\/2025\/10\/comprar-sujetadores-online-selene-18x12.jpg 18w, https:\/\/rosanacl.com\/wp-content\/uploads\/2025\/10\/comprar-sujetadores-online-selene-600x424.jpg 600w, https:\/\/rosanacl.com\/wp-content\/uploads\/2025\/10\/comprar-sujetadores-online-selene.jpg 2000w\" sizes=\"(max-width: 800px) 100vw, 800px\" \/>\t\t\t\t\t\t\t\t\t\t\t\t\t\t\t<\/div>\n\t\t\t\t<\/div>\n\t\t\t\t<\/div>\n\t\t<div class=\"elementor-element elementor-element-b02b1e9 e-con-full e-flex e-con e-child\" data-id=\"b02b1e9\" data-element_type=\"container\" data-e-type=\"container\">\n\t\t\t\t<div class=\"elementor-element elementor-element-82e3ba6 elementor-widget elementor-widget-text-editor\" data-id=\"82e3ba6\" data-element_type=\"widget\" data-e-type=\"widget\" data-widget_type=\"text-editor.default\">\n\t\t\t\t<div class=\"elementor-widget-container\">\n\t\t\t\t\t\t\t\t\t<h3 data-start=\"1608\" data-end=\"1693\"><strong data-start=\"1612\" data-end=\"1693\">Bleni sytjena Selene online: inovacion dhe cil\u00ebsi vet\u00ebm nj\u00eb klikim larg.<\/strong><\/h3>\n<p data-start=\"1695\" data-end=\"2085\">Kur t\u00eb vendos\u00ebsh <strong data-start=\"1710\" data-end=\"1747\">blini re\u00e7ipeta Selene n\u00eb internet<\/strong>Po zgjidhni nj\u00eb mark\u00eb q\u00eb ka kaluar dekada duke p\u00ebrsosur artin e t\u00eb brendshmeve. Selene dallohet p\u00ebr p\u00eblhurat e saj teknike shum\u00eb t\u00eb q\u00ebndrueshme, dizajnin anatomik dhe materialet e buta. \u00c7do veshje \u00ebsht\u00eb krijuar p\u00ebr t&#039;u p\u00ebrshtatur me l\u00ebvizjen natyrale t\u00eb trupit, duke ofruar mb\u00ebshtetje pa presion dhe rehati gjat\u00eb gjith\u00eb dit\u00ebs.<\/p>\n<p data-start=\"2087\" data-end=\"2558\">N\u00eb <strong data-start=\"2090\" data-end=\"2103\">Rosana CL<\/strong>, ne zgjedhim koleksionet m\u00eb t\u00eb fundit t\u00eb Selene n\u00eb m\u00ebnyr\u00eb q\u00eb ju t\u00eb mundeni <strong data-start=\"2169\" data-end=\"2206\">blini re\u00e7ipeta Selene n\u00eb internet<\/strong> Me garancin\u00eb e blerjes s\u00eb produkteve 100% origjinale %. Dyqani yn\u00eb punon drejtp\u00ebrdrejt me mark\u00ebn, duke siguruar autenticitet dhe cil\u00ebsi n\u00eb \u00e7do artikull. P\u00ebrve\u00e7 k\u00ebsaj, shum\u00eb modele kan\u00eb detaje t\u00eb dizenjuara me kujdes: gota t\u00eb modeluara, qepje t\u00eb padukshme, mbyllje t\u00eb p\u00ebrforcuara dhe p\u00eblhura q\u00eb marrin frym\u00eb n\u00eb m\u00ebnyr\u00eb t\u00eb p\u00ebrkryer n\u00eb l\u00ebkur\u00ebn tuaj.<\/p>\n<p data-start=\"2560\" data-end=\"2960\">Nj\u00eb tjet\u00ebr avantazh i <strong data-start=\"2584\" data-end=\"2621\">blini re\u00e7ipeta Selene n\u00eb internet<\/strong> Te Rosana CL, mund t\u00eb krahasoni leht\u00ebsisht stile, ngjyra dhe madh\u00ebsi t\u00eb ndryshme. Nga komoditeti i sht\u00ebpis\u00eb tuaj, mund t\u00eb eksploroni opsionet q\u00eb i p\u00ebrshtaten m\u00eb s\u00eb miri trupit dhe stilit t\u00eb jet\u00ebs tuaj. N\u00eb k\u00ebt\u00eb m\u00ebnyr\u00eb, do t\u00eb gjeni at\u00eb ekuilib\u00ebr t\u00eb p\u00ebrsosur t\u00eb mb\u00ebshtetjes, estetik\u00ebs dhe liris\u00eb s\u00eb l\u00ebvizjes q\u00eb i b\u00ebn t\u00eb brendshmet Selene kaq t\u00eb ve\u00e7anta.<\/p>\t\t\t\t\t\t\t\t<\/div>\n\t\t\t\t<\/div>\n\t\t\t\t<\/div>\n\t\t\t\t\t<\/div>\n\t\t\t\t<\/div>\n\t\t<div class=\"elementor-element elementor-element-495e863 e-flex e-con-boxed e-con e-parent\" data-id=\"495e863\" data-element_type=\"container\" data-e-type=\"container\">\n\t\t\t\t\t<div class=\"e-con-inner\">\n\t\t\t\t<div class=\"elementor-element elementor-element-fe47ba3 elementor-widget elementor-widget-text-editor\" data-id=\"fe47ba3\" data-element_type=\"widget\" data-e-type=\"widget\" data-widget_type=\"text-editor.default\">\n\t\t\t\t<div class=\"elementor-widget-container\">\n\t\t\t\t\t\t\t\t\t<h3 data-start=\"2967\" data-end=\"3057\"><strong data-start=\"2971\" data-end=\"3057\">Bleni re\u00e7ipeta Selene online n\u00eb Rosana CL: besim dhe v\u00ebmendje e personalizuar<\/strong><\/h3>\n<p data-start=\"3059\" data-end=\"3411\">Jo t\u00eb gjitha dyqanet ofrojn\u00eb t\u00eb nj\u00ebjt\u00ebn p\u00ebrvoj\u00eb. <strong data-start=\"3112\" data-end=\"3149\">blini re\u00e7ipeta Selene n\u00eb internet<\/strong>N\u00eb <strong data-start=\"3154\" data-end=\"3167\">Rosana CL<\/strong>Ne kujdesemi p\u00ebr \u00e7do detaj, n\u00eb m\u00ebnyr\u00eb q\u00eb t\u00eb ndiheni t\u00eb mb\u00ebshtetur dhe t\u00eb k\u00ebshilluar gjat\u00eb gjith\u00eb procesit. Ekipi yn\u00eb i sh\u00ebrbimit ndaj klientit \u00ebsht\u00eb n\u00eb dispozicion p\u00ebr t&#039;iu p\u00ebrgjigjur \u00e7do pyetjeje q\u00eb mund t\u00eb keni n\u00eb lidhje me madh\u00ebsit\u00eb, modelet ose llojet e filxhan\u00ebve, duke ju ndihmuar t\u00eb merrni vendimin m\u00eb t\u00eb mir\u00eb.<\/p>\n<p data-start=\"3413\" data-end=\"3653\">Ne gjithashtu garantojm\u00eb nj\u00eb p\u00ebrvoj\u00eb blerjeje t\u00eb sigurt dhe konfidenciale, me metoda t\u00eb sigurta pagese dhe d\u00ebrgesa t\u00eb shpejta n\u00eb t\u00eb gjith\u00eb Spanj\u00ebn. Ne e dim\u00eb q\u00eb zgjedhja e t\u00eb brendshmeve \u00ebsht\u00eb nj\u00eb \u00e7\u00ebshtje personale dhe duam q\u00eb ju ta shijoni procesin me qet\u00ebsi t\u00eb plot\u00eb mendore.<\/p>\n<p data-start=\"3655\" data-end=\"3974\">P\u00ebr <strong data-start=\"3658\" data-end=\"3695\">blini re\u00e7ipeta Selene n\u00eb internet<\/strong> N\u00eb Rosana CL, ju zgjidhni besimin, profesionalizmin dhe v\u00ebmendjen personale. Nuk ka t\u00eb b\u00ebj\u00eb vet\u00ebm me blerjen e nj\u00eb veshjeje, por ka t\u00eb b\u00ebj\u00eb me ndjenj\u00ebn e mir\u00eb me veten \u00e7do dit\u00eb. Sepse nj\u00eb sytjena e mir\u00eb jo vet\u00ebm q\u00eb p\u00ebrmir\u00ebson figur\u00ebn tuaj, por p\u00ebrmir\u00ebson edhe q\u00ebndrimin tuaj, rrit vet\u00ebvler\u00ebsimin tuaj dhe nxit mir\u00ebqenien.<\/p>\t\t\t\t\t\t\t\t<\/div>\n\t\t\t\t<\/div>\n\t\t\t\t\t<\/div>\n\t\t\t\t<\/div>\n\t\t<div class=\"elementor-element elementor-element-d05ed3a e-flex e-con-boxed e-con e-parent\" data-id=\"d05ed3a\" data-element_type=\"container\" data-e-type=\"container\">\n\t\t\t\t\t<div class=\"e-con-inner\">\n\t\t\t\t<div class=\"elementor-element elementor-element-b883e86 elementor-widget elementor-widget-heading\" data-id=\"b883e86\" data-element_type=\"widget\" data-e-type=\"widget\" data-widget_type=\"heading.default\">\n\t\t\t\t<div class=\"elementor-widget-container\">\n\t\t\t\t\t<h2 class=\"elementor-heading-title elementor-size-default\">Na kontaktoni <\/h2>\t\t\t\t<\/div>\n\t\t\t\t<\/div>\n\t\t\t\t\t<\/div>\n\t\t\t\t<\/div>\n\t\t<div class=\"elementor-element elementor-element-00e20e2 e-flex e-con-boxed e-con e-parent\" data-id=\"00e20e2\" data-element_type=\"container\" data-e-type=\"container\">\n\t\t\t\t\t<div class=\"e-con-inner\">\n\t\t<div class=\"elementor-element elementor-element-8ad8f7b e-con-full e-flex e-con e-child\" data-id=\"8ad8f7b\" data-element_type=\"container\" data-e-type=\"container\">\n\t\t\t\t<div class=\"elementor-element elementor-element-888944a elementor-widget__width-initial elementor-widget elementor-widget-elementskit-contact-form7\" data-id=\"888944a\" data-element_type=\"widget\" data-e-type=\"widget\" data-widget_type=\"elementskit-contact-form7.default\">\n\t\t\t\t<div class=\"elementor-widget-container\">\n\t\t\t\t\t<div class=\"ekit-wid-con\" ><div class=\"ekit-form\">\n<div class=\"wpcf7 no-js\" id=\"wpcf7-f48-o1\" lang=\"es-ES\" dir=\"ltr\" data-wpcf7-id=\"48\">\n<div class=\"screen-reader-response\"><p role=\"status\" aria-live=\"polite\" aria-atomic=\"true\"><\/p> <ul><\/ul><\/div>\n<form action=\"\/de\/wp-json\/wp\/v2\/pages\/3995#wpcf7-f48-o1\" method=\"post\" class=\"wpcf7-form init\" aria-label=\"Formulari i kontaktit\" novalidate=\"novalidate\" data-status=\"init\" data-trp-original-action=\"\/de\/wp-json\/wp\/v2\/pages\/3995#wpcf7-f48-o1\">\n<fieldset class=\"hidden-fields-container\"><input type=\"hidden\" name=\"_wpcf7\" value=\"48\" \/><input type=\"hidden\" name=\"_wpcf7_version\" value=\"6.1.5\" \/><input type=\"hidden\" name=\"_wpcf7_locale\" value=\"es_ES\" \/><input type=\"hidden\" name=\"_wpcf7_unit_tag\" value=\"wpcf7-f48-o1\" \/><input type=\"hidden\" name=\"_wpcf7_container_post\" value=\"0\" \/><input type=\"hidden\" name=\"_wpcf7_posted_data_hash\" value=\"\" \/><input type=\"hidden\" name=\"_wpcf7_recaptcha_response\" value=\"\" \/>\n<\/fieldset>\n<div class=\"form-row\">\n\t<div class=\"form-column\">\n\t\t<p><span class=\"wpcf7-form-control-wrap\" data-name=\"nombre\"><input size=\"40\" maxlength=\"400\" class=\"wpcf7-form-control wpcf7-text wpcf7-validates-as-required\" aria-required=\"true\" aria-invalid=\"false\" placeholder=\"Emri\" value=\"\" type=\"text\" name=\"nombre\" \/><\/span>\n\t\t<\/p>\n\t<\/div>\n\t<div class=\"form-column\">\n\t\t<p><span class=\"wpcf7-form-control-wrap\" data-name=\"telefono\"><input size=\"40\" maxlength=\"400\" class=\"wpcf7-form-control wpcf7-tel wpcf7-validates-as-required wpcf7-text wpcf7-validates-as-tel\" aria-required=\"true\" aria-invalid=\"false\" placeholder=\"Telefoni *\" value=\"\" type=\"tel\" name=\"telefono\" \/><\/span>\n\t\t<\/p>\n\t<\/div>\n<\/div>\n<div class=\"form-row\">\n\t<div class=\"form-column\">\n\t\t<p><span class=\"wpcf7-form-control-wrap\" data-name=\"email\"><input size=\"40\" maxlength=\"400\" class=\"wpcf7-form-control wpcf7-email wpcf7-validates-as-required wpcf7-text wpcf7-validates-as-email\" aria-required=\"true\" aria-invalid=\"false\" placeholder=\"Email *\" value=\"\" type=\"email\" name=\"email\" \/><\/span>\n\t\t<\/p>\n\t<\/div>\n\t<div class=\"form-column\">\n\t\t<p><span class=\"wpcf7-form-control-wrap\" data-name=\"asunto\"><input size=\"40\" maxlength=\"400\" class=\"wpcf7-form-control wpcf7-text wpcf7-validates-as-required\" aria-required=\"true\" aria-invalid=\"false\" placeholder=\"Afera *\" value=\"\" type=\"text\" name=\"asunto\" \/><\/span>\n\t\t<\/p>\n\t<\/div>\n<\/div>\n<p><span class=\"wpcf7-form-control-wrap\" data-name=\"mensaje\"><textarea cols=\"40\" rows=\"10\" maxlength=\"2000\" class=\"wpcf7-form-control wpcf7-textarea wpcf7-validates-as-required\" aria-required=\"true\" aria-invalid=\"false\" placeholder=\"Mesazh\" name=\"mensaje\"><\/textarea><\/span>\n<\/p>\n<p class=\"legal-priv\"><span class=\"wpcf7-form-control-wrap\" data-name=\"acceptance-787\"><span class=\"wpcf7-form-control wpcf7-acceptance\"><span class=\"wpcf7-list-item\"><label><input type=\"checkbox\" name=\"acceptance-787\" value=\"1\" aria-invalid=\"false\" \/><span class=\"wpcf7-list-item-label\">E kam lexuar dhe pajtohem me <a href=\"https:\/\/rosanacl.com\/sq\/politica-de-privacidad\/\">Politika e Privat\u00ebsis\u00eb<\/a><\/span><\/label><\/span><\/span><\/span>\n<\/p>\n<p><input class=\"wpcf7-form-control wpcf7-submit has-spinner\" type=\"submit\" value=\"D\u00cbRGO MESAZH\" \/>\n<\/p><div class=\"wpcf7-response-output\" aria-hidden=\"true\"><\/div>\n<input type=\"hidden\" name=\"trp-form-language\" value=\"sq\"\/><\/form>\n<\/div>\n<\/div><\/div>\t\t\t\t<\/div>\n\t\t\t\t<\/div>\n\t\t\t\t<\/div>\n\t\t\t\t\t<\/div>\n\t\t\t\t<\/div>\n\t\t\t\t<\/div>","protected":false},"excerpt":{"rendered":"<p>Plantilla landing Comprar sujetadores Selene online: la forma m\u00e1s f\u00e1cil de encontrar tu lencer\u00eda ideal En un mundo cada vez m\u00e1s digital, comprar sujetadores Selene online se ha convertido en la opci\u00f3n m\u00e1s pr\u00e1ctica y segura para las mujeres que valoran la comodidad sin renunciar al estilo. En Rosana CL, te ofrecemos una experiencia de [&hellip;]<\/p>\n","protected":false},"author":1,"featured_media":0,"parent":0,"menu_order":0,"comment_status":"closed","ping_status":"closed","template":"","meta":{"content-type":"","footnotes":""},"class_list":["post-3995","page","type-page","status-publish","hentry"],"yoast_head":"<!-- This site is optimized with the Yoast SEO plugin v27.4 - https:\/\/yoast.com\/product\/yoast-seo-wordpress\/ -->\n<title>Comprar sujetadores Selene online - Rosana CL<\/title>\n<meta name=\"robots\" content=\"index, follow, max-snippet:-1, max-image-preview:large, max-video-preview:-1\" \/>\n<link rel=\"canonical\" href=\"https:\/\/rosanacl.com\/sq\/comprar-sujetadores-selene-online\/\" \/>\n<meta property=\"og:locale\" content=\"sq_AL\" \/>\n<meta property=\"og:type\" content=\"article\" \/>\n<meta property=\"og:title\" content=\"Comprar sujetadores Selene online - Rosana CL\" \/>\n<meta property=\"og:description\" content=\"Plantilla landing Comprar sujetadores Selene online: la forma m\u00e1s f\u00e1cil de encontrar tu lencer\u00eda ideal En un mundo cada vez m\u00e1s digital, comprar sujetadores Selene online se ha convertido en la opci\u00f3n m\u00e1s pr\u00e1ctica y segura para las mujeres que valoran la comodidad sin renunciar al estilo. En Rosana CL, te ofrecemos una experiencia de [&hellip;]\" \/>\n<meta property=\"og:url\" content=\"https:\/\/rosanacl.com\/sq\/comprar-sujetadores-selene-online\/\" \/>\n<meta property=\"og:site_name\" content=\"Rosana CL\" \/>\n<meta property=\"article:modified_time\" content=\"2025-10-10T10:45:42+00:00\" \/>\n<meta property=\"og:image\" content=\"https:\/\/rosanacl.com\/wp-content\/uploads\/2025\/10\/comprar-sujetadores-online.jpg\" \/>\n\t<meta property=\"og:image:width\" content=\"2000\" \/>\n\t<meta property=\"og:image:height\" content=\"1414\" \/>\n\t<meta property=\"og:image:type\" content=\"image\/jpeg\" \/>\n<meta name=\"twitter:card\" content=\"summary_large_image\" \/>\n<meta name=\"twitter:label1\" content=\"Est. reading time\" \/>\n\t<meta name=\"twitter:data1\" content=\"3 minuta\" \/>\n<script type=\"application\/ld+json\" class=\"yoast-schema-graph\">{\"@context\":\"https:\\\/\\\/schema.org\",\"@graph\":[{\"@type\":\"WebPage\",\"@id\":\"https:\\\/\\\/rosanacl.com\\\/comprar-sujetadores-selene-online\\\/\",\"url\":\"https:\\\/\\\/rosanacl.com\\\/comprar-sujetadores-selene-online\\\/\",\"name\":\"Comprar sujetadores Selene online - Rosana CL\",\"isPartOf\":{\"@id\":\"https:\\\/\\\/rosanacl.com\\\/ca\\\/#website\"},\"primaryImageOfPage\":{\"@id\":\"https:\\\/\\\/rosanacl.com\\\/comprar-sujetadores-selene-online\\\/#primaryimage\"},\"image\":{\"@id\":\"https:\\\/\\\/rosanacl.com\\\/comprar-sujetadores-selene-online\\\/#primaryimage\"},\"thumbnailUrl\":\"https:\\\/\\\/rosanacl.com\\\/wp-content\\\/uploads\\\/2025\\\/10\\\/comprar-sujetadores-online-1024x724.jpg\",\"datePublished\":\"2025-10-10T10:44:30+00:00\",\"dateModified\":\"2025-10-10T10:45:42+00:00\",\"breadcrumb\":{\"@id\":\"https:\\\/\\\/rosanacl.com\\\/comprar-sujetadores-selene-online\\\/#breadcrumb\"},\"inLanguage\":\"sq\",\"potentialAction\":[{\"@type\":\"ReadAction\",\"target\":[\"https:\\\/\\\/rosanacl.com\\\/comprar-sujetadores-selene-online\\\/\"]}]},{\"@type\":\"ImageObject\",\"inLanguage\":\"sq\",\"@id\":\"https:\\\/\\\/rosanacl.com\\\/comprar-sujetadores-selene-online\\\/#primaryimage\",\"url\":\"https:\\\/\\\/rosanacl.com\\\/wp-content\\\/uploads\\\/2025\\\/10\\\/comprar-sujetadores-online-1024x724.jpg\",\"contentUrl\":\"https:\\\/\\\/rosanacl.com\\\/wp-content\\\/uploads\\\/2025\\\/10\\\/comprar-sujetadores-online-1024x724.jpg\"},{\"@type\":\"BreadcrumbList\",\"@id\":\"https:\\\/\\\/rosanacl.com\\\/comprar-sujetadores-selene-online\\\/#breadcrumb\",\"itemListElement\":[{\"@type\":\"ListItem\",\"position\":1,\"name\":\"Portada\",\"item\":\"https:\\\/\\\/rosanacl.com\\\/ca\\\/\"},{\"@type\":\"ListItem\",\"position\":2,\"name\":\"Comprar sujetadores Selene online\"}]},{\"@type\":\"WebSite\",\"@id\":\"https:\\\/\\\/rosanacl.com\\\/ca\\\/#website\",\"url\":\"https:\\\/\\\/rosanacl.com\\\/ca\\\/\",\"name\":\"Rosana CL\",\"description\":\"Somos tu interior\",\"potentialAction\":[{\"@type\":\"SearchAction\",\"target\":{\"@type\":\"EntryPoint\",\"urlTemplate\":\"https:\\\/\\\/rosanacl.com\\\/ca\\\/?s={search_term_string}\"},\"query-input\":{\"@type\":\"PropertyValueSpecification\",\"valueRequired\":true,\"valueName\":\"search_term_string\"}}],\"inLanguage\":\"sq\"}]}<\/script>\n<!-- \/ Yoast SEO plugin. -->","yoast_head_json":{"title":"Comprar sujetadores Selene online - Rosana CL","robots":{"index":"index","follow":"follow","max-snippet":"max-snippet:-1","max-image-preview":"max-image-preview:large","max-video-preview":"max-video-preview:-1"},"canonical":"https:\/\/rosanacl.com\/sq\/comprar-sujetadores-selene-online\/","og_locale":"sq_AL","og_type":"article","og_title":"Comprar sujetadores Selene online - Rosana CL","og_description":"Plantilla landing Comprar sujetadores Selene online: la forma m\u00e1s f\u00e1cil de encontrar tu lencer\u00eda ideal En un mundo cada vez m\u00e1s digital, comprar sujetadores Selene online se ha convertido en la opci\u00f3n m\u00e1s pr\u00e1ctica y segura para las mujeres que valoran la comodidad sin renunciar al estilo. En Rosana CL, te ofrecemos una experiencia de [&hellip;]","og_url":"https:\/\/rosanacl.com\/sq\/comprar-sujetadores-selene-online\/","og_site_name":"Rosana CL","article_modified_time":"2025-10-10T10:45:42+00:00","og_image":[{"width":2000,"height":1414,"url":"https:\/\/rosanacl.com\/wp-content\/uploads\/2025\/10\/comprar-sujetadores-online.jpg","type":"image\/jpeg"}],"twitter_card":"summary_large_image","twitter_misc":{"Est. reading time":"3 minuta"},"schema":{"@context":"https:\/\/schema.org","@graph":[{"@type":"WebPage","@id":"https:\/\/rosanacl.com\/comprar-sujetadores-selene-online\/","url":"https:\/\/rosanacl.com\/comprar-sujetadores-selene-online\/","name":"Comprar sujetadores Selene online - Rosana CL","isPartOf":{"@id":"https:\/\/rosanacl.com\/ca\/#website"},"primaryImageOfPage":{"@id":"https:\/\/rosanacl.com\/comprar-sujetadores-selene-online\/#primaryimage"},"image":{"@id":"https:\/\/rosanacl.com\/comprar-sujetadores-selene-online\/#primaryimage"},"thumbnailUrl":"https:\/\/rosanacl.com\/wp-content\/uploads\/2025\/10\/comprar-sujetadores-online-1024x724.jpg","datePublished":"2025-10-10T10:44:30+00:00","dateModified":"2025-10-10T10:45:42+00:00","breadcrumb":{"@id":"https:\/\/rosanacl.com\/comprar-sujetadores-selene-online\/#breadcrumb"},"inLanguage":"sq","potentialAction":[{"@type":"ReadAction","target":["https:\/\/rosanacl.com\/comprar-sujetadores-selene-online\/"]}]},{"@type":"ImageObject","inLanguage":"sq","@id":"https:\/\/rosanacl.com\/comprar-sujetadores-selene-online\/#primaryimage","url":"https:\/\/rosanacl.com\/wp-content\/uploads\/2025\/10\/comprar-sujetadores-online-1024x724.jpg","contentUrl":"https:\/\/rosanacl.com\/wp-content\/uploads\/2025\/10\/comprar-sujetadores-online-1024x724.jpg"},{"@type":"BreadcrumbList","@id":"https:\/\/rosanacl.com\/comprar-sujetadores-selene-online\/#breadcrumb","itemListElement":[{"@type":"ListItem","position":1,"name":"Portada","item":"https:\/\/rosanacl.com\/ca\/"},{"@type":"ListItem","position":2,"name":"Comprar sujetadores Selene online"}]},{"@type":"WebSite","@id":"https:\/\/rosanacl.com\/ca\/#website","url":"https:\/\/rosanacl.com\/ca\/","name":"Rosana CL","description":"Ne jemi vetvetja juaj e brendshme","potentialAction":[{"@type":"SearchAction","target":{"@type":"EntryPoint","urlTemplate":"https:\/\/rosanacl.com\/ca\/?s={search_term_string}"},"query-input":{"@type":"PropertyValueSpecification","valueRequired":true,"valueName":"search_term_string"}}],"inLanguage":"sq"}]}},"_links":{"self":[{"href":"https:\/\/rosanacl.com\/sq\/wp-json\/wp\/v2\/pages\/3995","targetHints":{"allow":["GET"]}}],"collection":[{"href":"https:\/\/rosanacl.com\/sq\/wp-json\/wp\/v2\/pages"}],"about":[{"href":"https:\/\/rosanacl.com\/sq\/wp-json\/wp\/v2\/types\/page"}],"author":[{"embeddable":true,"href":"https:\/\/rosanacl.com\/sq\/wp-json\/wp\/v2\/users\/1"}],"replies":[{"embeddable":true,"href":"https:\/\/rosanacl.com\/sq\/wp-json\/wp\/v2\/comments?post=3995"}],"version-history":[{"count":0,"href":"https:\/\/rosanacl.com\/sq\/wp-json\/wp\/v2\/pages\/3995\/revisions"}],"wp:attachment":[{"href":"https:\/\/rosanacl.com\/sq\/wp-json\/wp\/v2\/media?parent=3995"}],"curies":[{"name":"wp","href":"https:\/\/api.w.org\/{rel}","templated":true}]}}