{"id":4000,"date":"2025-10-10T12:52:40","date_gmt":"2025-10-10T10:52:40","guid":{"rendered":"https:\/\/rosanacl.com\/?page_id=4000"},"modified":"2025-10-10T12:56:22","modified_gmt":"2025-10-10T10:56:22","slug":"comprar-sujetador-selene","status":"publish","type":"page","link":"https:\/\/rosanacl.com\/sq\/comprar-sujetador-selene\/","title":{"rendered":"Bleni re\u00e7ipeta Selene"},"content":{"rendered":"<div data-elementor-type=\"wp-page\" data-elementor-id=\"4000\" class=\"elementor elementor-4000\" data-elementor-post-type=\"page\">\n\t\t\t\t<div class=\"elementor-element elementor-element-171998c7 e-flex e-con-boxed e-con e-parent\" data-id=\"171998c7\" data-element_type=\"container\" data-e-type=\"container\">\n\t\t\t\t\t<div class=\"e-con-inner\">\n\t\t\t\t<div class=\"elementor-element elementor-element-6575351f elementor-widget elementor-widget-text-editor\" data-id=\"6575351f\" data-element_type=\"widget\" data-e-type=\"widget\" data-widget_type=\"text-editor.default\">\n\t\t\t\t<div class=\"elementor-widget-container\">\n\t\t\t\t\t\t\t\t\t\n<p><\/p>\n\n\n\n<p><\/p>\n\t\t\t\t\t\t\t\t<\/div>\n\t\t\t\t<\/div>\n\t\t\t\t\t<\/div>\n\t\t\t\t<\/div>\n\t\t<div class=\"elementor-element elementor-element-cf7d341 e-flex e-con-boxed e-con e-parent\" data-id=\"cf7d341\" data-element_type=\"container\" data-e-type=\"container\">\n\t\t\t\t\t<div class=\"e-con-inner\">\n\t\t\t\t<div class=\"elementor-element elementor-element-1f1d080 elementor-widget elementor-widget-heading\" data-id=\"1f1d080\" data-element_type=\"widget\" data-e-type=\"widget\" data-widget_type=\"heading.default\">\n\t\t\t\t<div class=\"elementor-widget-container\">\n\t\t\t\t\t<h2 class=\"elementor-heading-title elementor-size-default\">Bleni re\u00e7ipeta Selene<\/h2>\t\t\t\t<\/div>\n\t\t\t\t<\/div>\n\t\t\t\t\t<\/div>\n\t\t\t\t<\/div>\n\t\t<div class=\"elementor-element elementor-element-dc1921d e-flex e-con-boxed e-con e-parent\" data-id=\"dc1921d\" data-element_type=\"container\" data-e-type=\"container\">\n\t\t\t\t\t<div class=\"e-con-inner\">\n\t\t<div class=\"elementor-element elementor-element-d19616f e-con-full e-flex e-con e-child\" data-id=\"d19616f\" data-element_type=\"container\" data-e-type=\"container\">\n\t\t\t\t<div class=\"elementor-element elementor-element-7d9df57 elementor-widget elementor-widget-text-editor\" data-id=\"7d9df57\" data-element_type=\"widget\" data-e-type=\"widget\" data-widget_type=\"text-editor.default\">\n\t\t\t\t<div class=\"elementor-widget-container\">\n\t\t\t\t\t\t\t\t\t<h3 data-start=\"476\" data-end=\"552\"><strong data-start=\"480\" data-end=\"552\">Bleni sytjena Selene: nj\u00eb zgjedhje e zgjuar p\u00ebr \u00e7do grua<\/strong><\/h3>\n<p data-start=\"554\" data-end=\"983\">Kur b\u00ebhet fjal\u00eb p\u00ebr zgjedhjen e t\u00eb brendshmeve ideale, rehatia, cil\u00ebsia dhe dizajni duhet t\u00eb shkojn\u00eb dor\u00eb p\u00ebr dore. Kjo \u00ebsht\u00eb arsyeja pse gjithnj\u00eb e m\u00eb shum\u00eb gra po zgjedhin... <strong data-start=\"699\" data-end=\"729\">blej re\u00e7ipeta Selene<\/strong>Nj\u00eb mark\u00eb e njohur p\u00ebr aft\u00ebsin\u00eb e saj p\u00ebr t\u00eb kombinuar mb\u00ebshtetjen, eleganc\u00ebn dhe q\u00ebndrueshm\u00ebrin\u00eb n\u00eb \u00e7do veshje. <strong data-start=\"835\" data-end=\"848\">Rosana CL<\/strong>Do t\u00eb gjeni nj\u00eb p\u00ebrzgjedhje t\u00eb kuruar me kujdes t\u00eb modeleve m\u00eb t\u00eb mira t\u00eb mark\u00ebs, t\u00eb dizajnuara p\u00ebr t&#039;iu p\u00ebrshtatur t\u00eb gjitha llojeve t\u00eb trupit dhe stileve t\u00eb jetes\u00ebs.<\/p>\n<p data-start=\"985\" data-end=\"1384\">Blerja e sytjenave Selene do t\u00eb thot\u00eb t\u00eb zgjedh\u00ebsh nj\u00eb mark\u00eb me dekada p\u00ebrvoj\u00eb n\u00eb dizenjimin e t\u00eb brendshmeve t\u00eb grave. Sytjenat e tyre p\u00ebrshtaten n\u00eb m\u00ebnyr\u00eb t\u00eb p\u00ebrkryer me konturet e trupit, duke ofruar mb\u00ebshtetje natyrale q\u00eb p\u00ebrmir\u00ebson figur\u00ebn pa shkaktuar shqet\u00ebsim. Qoft\u00eb p\u00ebr p\u00ebrdorim t\u00eb p\u00ebrditsh\u00ebm, sport apo raste t\u00eb ve\u00e7anta, Selene ofron stile q\u00eb i p\u00ebrshtaten \u00e7do nevoje.<\/p>\n<p data-start=\"1386\" data-end=\"1633\">N\u00eb <strong data-start=\"1389\" data-end=\"1402\">Rosana CL<\/strong>Ne zgjedhim \u00e7do veshje me q\u00ebllimin p\u00ebr t&#039;u ofruar klient\u00ebve tan\u00eb nj\u00eb p\u00ebrvoj\u00eb t\u00eb p\u00ebrsosur veshjeje. Sepse e kuptojm\u00eb q\u00eb nj\u00eb re\u00e7ipeta nuk \u00ebsht\u00eb thjesht nj\u00eb veshje tjet\u00ebr: \u00ebsht\u00eb nj\u00eb pjes\u00eb thelb\u00ebsore e mir\u00ebqenies dhe vet\u00ebbesimit.<\/p>\t\t\t\t\t\t\t\t<\/div>\n\t\t\t\t<\/div>\n\t\t\t\t<\/div>\n\t\t<div class=\"elementor-element elementor-element-5568f8b e-con-full e-flex e-con e-child\" data-id=\"5568f8b\" data-element_type=\"container\" data-e-type=\"container\">\n\t\t\t\t<div class=\"elementor-element elementor-element-980debe elementor-widget elementor-widget-image\" data-id=\"980debe\" data-element_type=\"widget\" data-e-type=\"widget\" data-widget_type=\"image.default\">\n\t\t\t\t<div class=\"elementor-widget-container\">\n\t\t\t\t\t\t\t\t\t\t\t\t\t\t\t<img fetchpriority=\"high\" decoding=\"async\" width=\"800\" height=\"566\" src=\"https:\/\/rosanacl.com\/wp-content\/uploads\/2025\/10\/sujetadores-selene-1-1024x724.jpg\" class=\"attachment-large size-large wp-image-3978\" alt=\"\" srcset=\"https:\/\/rosanacl.com\/wp-content\/uploads\/2025\/10\/sujetadores-selene-1-1024x724.jpg 1024w, https:\/\/rosanacl.com\/wp-content\/uploads\/2025\/10\/sujetadores-selene-1-300x212.jpg 300w, https:\/\/rosanacl.com\/wp-content\/uploads\/2025\/10\/sujetadores-selene-1-768x543.jpg 768w, https:\/\/rosanacl.com\/wp-content\/uploads\/2025\/10\/sujetadores-selene-1-1536x1086.jpg 1536w, https:\/\/rosanacl.com\/wp-content\/uploads\/2025\/10\/sujetadores-selene-1-18x12.jpg 18w, https:\/\/rosanacl.com\/wp-content\/uploads\/2025\/10\/sujetadores-selene-1-600x424.jpg 600w, https:\/\/rosanacl.com\/wp-content\/uploads\/2025\/10\/sujetadores-selene-1.jpg 2000w\" sizes=\"(max-width: 800px) 100vw, 800px\" \/>\t\t\t\t\t\t\t\t\t\t\t\t\t\t\t<\/div>\n\t\t\t\t<\/div>\n\t\t\t\t<\/div>\n\t\t\t\t\t<\/div>\n\t\t\t\t<\/div>\n\t\t<div class=\"elementor-element elementor-element-5e380fb e-flex e-con-boxed e-con e-parent\" data-id=\"5e380fb\" data-element_type=\"container\" data-e-type=\"container\">\n\t\t\t\t\t<div class=\"e-con-inner\">\n\t\t<div class=\"elementor-element elementor-element-a763375 e-con-full e-flex e-con e-child\" data-id=\"a763375\" data-element_type=\"container\" data-e-type=\"container\">\n\t\t\t\t<div class=\"elementor-element elementor-element-a8aecc4 elementor-widget elementor-widget-image\" data-id=\"a8aecc4\" data-element_type=\"widget\" data-e-type=\"widget\" data-widget_type=\"image.default\">\n\t\t\t\t<div class=\"elementor-widget-container\">\n\t\t\t\t\t\t\t\t\t\t\t\t\t\t\t<img decoding=\"async\" width=\"800\" height=\"566\" src=\"https:\/\/rosanacl.com\/wp-content\/uploads\/2025\/10\/comprar-sujetadores-online-1-1024x724.jpg\" class=\"attachment-large size-large wp-image-3976\" alt=\"\" srcset=\"https:\/\/rosanacl.com\/wp-content\/uploads\/2025\/10\/comprar-sujetadores-online-1-1024x724.jpg 1024w, https:\/\/rosanacl.com\/wp-content\/uploads\/2025\/10\/comprar-sujetadores-online-1-300x212.jpg 300w, https:\/\/rosanacl.com\/wp-content\/uploads\/2025\/10\/comprar-sujetadores-online-1-768x543.jpg 768w, https:\/\/rosanacl.com\/wp-content\/uploads\/2025\/10\/comprar-sujetadores-online-1-1536x1086.jpg 1536w, https:\/\/rosanacl.com\/wp-content\/uploads\/2025\/10\/comprar-sujetadores-online-1-18x12.jpg 18w, https:\/\/rosanacl.com\/wp-content\/uploads\/2025\/10\/comprar-sujetadores-online-1-600x424.jpg 600w, https:\/\/rosanacl.com\/wp-content\/uploads\/2025\/10\/comprar-sujetadores-online-1.jpg 2000w\" sizes=\"(max-width: 800px) 100vw, 800px\" \/>\t\t\t\t\t\t\t\t\t\t\t\t\t\t\t<\/div>\n\t\t\t\t<\/div>\n\t\t\t\t<\/div>\n\t\t<div class=\"elementor-element elementor-element-b02b1e9 e-con-full e-flex e-con e-child\" data-id=\"b02b1e9\" data-element_type=\"container\" data-e-type=\"container\">\n\t\t\t\t<div class=\"elementor-element elementor-element-f1ad30d elementor-widget elementor-widget-text-editor\" data-id=\"f1ad30d\" data-element_type=\"widget\" data-e-type=\"widget\" data-widget_type=\"text-editor.default\">\n\t\t\t\t<div class=\"elementor-widget-container\">\n\t\t\t\t\t\t\t\t\t<h3 data-start=\"1640\" data-end=\"1714\"><strong data-start=\"1644\" data-end=\"1714\">Bleni sytjena Selene: cil\u00ebsi, inovacion dhe dizajn i p\u00ebrjetsh\u00ebm<\/strong><\/h3>\n<p data-start=\"1716\" data-end=\"2137\">Nj\u00eb nga arsyet pse mij\u00ebra gra vendosin <strong data-start=\"1772\" data-end=\"1802\">blej re\u00e7ipeta Selene<\/strong> \u00cbsht\u00eb p\u00ebrkushtimi i tyre ndaj inovacionit n\u00eb tekstile. Marka p\u00ebrdor materiale teknike t\u00eb teknologjis\u00eb s\u00eb fundit, t\u00eb tilla si mikrofibra e frym\u00ebmarrshme dhe dantella elastike, t\u00eb cilat garantojn\u00eb rehati dhe q\u00ebndrueshm\u00ebri pa sakrifikuar stilin. \u00c7do model \u00ebsht\u00eb projektuar sakt\u00ebsisht p\u00ebr t\u00eb ofruar nj\u00eb p\u00ebrshtatje anatomike, duke parandaluar presionin ose f\u00ebrkimin e panevojsh\u00ebm.<\/p>\n<p data-start=\"2139\" data-end=\"2514\">I\/E\/T\u00eb\/T\u00eb <strong data-start=\"2143\" data-end=\"2165\">Re\u00e7ipeta Selene<\/strong> Ato dallohen p\u00ebr q\u00ebndrueshm\u00ebrin\u00eb e tyre. Edhe pas larjeve t\u00eb shumta, ato ruajn\u00eb form\u00ebn, elasticitetin dhe but\u00ebsin\u00eb e tyre, duke i b\u00ebr\u00eb ato nj\u00eb investim t\u00eb mir\u00eb. P\u00ebr m\u00eb tep\u00ebr, shum\u00ebllojshm\u00ebria e gjer\u00eb e stileve t\u00eb disponueshme - me tela, pa tela, minimizer, sportive ose me mbushje - i lejon \u00e7do gruaje t\u00eb gjej\u00eb re\u00e7ipet\u00ebn perfekte q\u00eb i p\u00ebrshtatet shijes dhe nevojave t\u00eb saj.<\/p>\n<p data-start=\"2516\" data-end=\"2856\">Nj\u00eb aspekt tjet\u00ebr dallues i <strong data-start=\"2544\" data-end=\"2574\">blej re\u00e7ipeta Selene<\/strong> \u00cbsht\u00eb shkatht\u00ebsia e tyre estetike. Dizajnet kombinojn\u00eb eleganc\u00ebn dhe funksionalitetin, me detaje dantelle, transparenca delikate dhe p\u00ebrfundime delikate q\u00eb rrisin feminitetin pa kompromentuar rehatin\u00eb. Ato jan\u00eb veshje q\u00eb ndihen po aq mir\u00eb sa duken, dhe kjo \u00ebsht\u00eb ajo q\u00eb i b\u00ebn ato unike.<\/p>\n<p data-start=\"2858\" data-end=\"3059\">N\u00eb <strong data-start=\"2861\" data-end=\"2874\">Rosana CL<\/strong>Ne ju ndihmojm\u00eb t\u00eb gjeni modelin ideal me p\u00ebrshkrime t\u00eb holl\u00ebsishme, fotografi me rezolucion t\u00eb lart\u00eb dhe nj\u00eb udh\u00ebzues t\u00eb sakt\u00eb p\u00ebr madh\u00ebsit\u00eb p\u00ebr t&#039;u siguruar q\u00eb t\u00eb b\u00ebni zgjedhjen e duhur sa her\u00eb q\u00eb blini.<\/p>\t\t\t\t\t\t\t\t<\/div>\n\t\t\t\t<\/div>\n\t\t\t\t<\/div>\n\t\t\t\t\t<\/div>\n\t\t\t\t<\/div>\n\t\t<div class=\"elementor-element elementor-element-495e863 e-flex e-con-boxed e-con e-parent\" data-id=\"495e863\" data-element_type=\"container\" data-e-type=\"container\">\n\t\t\t\t\t<div class=\"e-con-inner\">\n\t\t\t\t<div class=\"elementor-element elementor-element-fe47ba3 elementor-widget elementor-widget-text-editor\" data-id=\"fe47ba3\" data-element_type=\"widget\" data-e-type=\"widget\" data-widget_type=\"text-editor.default\">\n\t\t\t\t<div class=\"elementor-widget-container\">\n\t\t\t\t\t\t\t\t\t<h3 data-start=\"3066\" data-end=\"3148\"><strong data-start=\"3070\" data-end=\"3148\">Bleni sytjena Selene te Rosana CL: besim, k\u00ebshilla dhe stil<\/strong><\/h3>\n<p data-start=\"3150\" data-end=\"3509\">Zgjidh ku <strong data-start=\"3163\" data-end=\"3193\">blej re\u00e7ipeta Selene<\/strong> \u00ebsht\u00eb po aq e r\u00ebnd\u00ebsishme sa zgjedhja e modelit t\u00eb duhur. <strong data-start=\"3248\" data-end=\"3261\">Rosana CL<\/strong>Ne punojm\u00eb drejtp\u00ebrdrejt me mark\u00ebn p\u00ebr t\u00eb ofruar vet\u00ebm produkte origjinale, me nj\u00eb garanci autenticiteti dhe cil\u00ebsie m\u00eb t\u00eb lart\u00eb. Jemi krenar\u00eb q\u00eb jemi specialist\u00eb t\u00eb t\u00eb brendshmeve p\u00ebr femra q\u00eb i kuptojn\u00eb nevojat reale t\u00eb \u00e7do gruaje.<\/p>\n<p data-start=\"3511\" data-end=\"3827\">Dyqani yn\u00eb online ofron nj\u00eb p\u00ebrvoj\u00eb blerjeje t\u00eb thjesht\u00eb, t\u00eb sigurt dhe t\u00eb personalizuar. Ne gjithashtu ofrojm\u00eb sh\u00ebrbim t\u00eb personalizuar ndaj klientit p\u00ebr t&#039;ju udh\u00ebzuar mbi madh\u00ebsit\u00eb, stilet dhe karakteristikat specifike t\u00eb secilit model. Ne e dim\u00eb q\u00eb \u00e7do trup \u00ebsht\u00eb i ndrysh\u00ebm dhe meriton nj\u00eb re\u00e7ipeta q\u00eb i p\u00ebrshtatet n\u00eb m\u00ebnyr\u00eb perfekte.<\/p>\n<p data-start=\"3829\" data-end=\"4157\">N\u00eb <strong data-start=\"3832\" data-end=\"3845\">Rosana CL<\/strong>Blerja e sytjenave Selene \u00ebsht\u00eb sinonim i vet\u00ebbesimit. Katalogu yn\u00eb p\u00ebrfshin koleksionet m\u00eb t\u00eb fundit t\u00eb mark\u00ebs, me mund\u00ebsi p\u00ebr veshje t\u00eb p\u00ebrditshme, evente t\u00eb ve\u00e7anta ose aktivitete sportive. T\u00eb gjitha veshjet jan\u00eb t\u00eb dizajnuara p\u00ebr t\u00eb ofruar mb\u00ebshtetje, rehati dhe nj\u00eb prekje elegance q\u00eb b\u00ebn gjith\u00eb ndryshimin.<\/p>\t\t\t\t\t\t\t\t<\/div>\n\t\t\t\t<\/div>\n\t\t\t\t\t<\/div>\n\t\t\t\t<\/div>\n\t\t<div class=\"elementor-element elementor-element-d05ed3a e-flex e-con-boxed e-con e-parent\" data-id=\"d05ed3a\" data-element_type=\"container\" data-e-type=\"container\">\n\t\t\t\t\t<div class=\"e-con-inner\">\n\t\t\t\t<div class=\"elementor-element elementor-element-b883e86 elementor-widget elementor-widget-heading\" data-id=\"b883e86\" data-element_type=\"widget\" data-e-type=\"widget\" data-widget_type=\"heading.default\">\n\t\t\t\t<div class=\"elementor-widget-container\">\n\t\t\t\t\t<h2 class=\"elementor-heading-title elementor-size-default\">Na kontaktoni <\/h2>\t\t\t\t<\/div>\n\t\t\t\t<\/div>\n\t\t\t\t\t<\/div>\n\t\t\t\t<\/div>\n\t\t<div class=\"elementor-element elementor-element-00e20e2 e-flex e-con-boxed e-con e-parent\" data-id=\"00e20e2\" data-element_type=\"container\" data-e-type=\"container\">\n\t\t\t\t\t<div class=\"e-con-inner\">\n\t\t<div class=\"elementor-element elementor-element-8ad8f7b e-con-full e-flex e-con e-child\" data-id=\"8ad8f7b\" data-element_type=\"container\" data-e-type=\"container\">\n\t\t\t\t<div class=\"elementor-element elementor-element-888944a elementor-widget__width-initial elementor-widget elementor-widget-elementskit-contact-form7\" data-id=\"888944a\" data-element_type=\"widget\" data-e-type=\"widget\" data-widget_type=\"elementskit-contact-form7.default\">\n\t\t\t\t<div class=\"elementor-widget-container\">\n\t\t\t\t\t<div class=\"ekit-wid-con\" ><div class=\"ekit-form\">\n<div class=\"wpcf7 no-js\" id=\"wpcf7-f48-o1\" lang=\"es-ES\" dir=\"ltr\" data-wpcf7-id=\"48\">\n<div class=\"screen-reader-response\"><p role=\"status\" aria-live=\"polite\" aria-atomic=\"true\"><\/p> <ul><\/ul><\/div>\n<form action=\"\/eu\/wp-json\/wp\/v2\/pages\/4000#wpcf7-f48-o1\" method=\"post\" class=\"wpcf7-form init\" aria-label=\"Formulari i kontaktit\" novalidate=\"novalidate\" data-status=\"init\" data-trp-original-action=\"\/eu\/wp-json\/wp\/v2\/pages\/4000#wpcf7-f48-o1\">\n<fieldset class=\"hidden-fields-container\"><input type=\"hidden\" name=\"_wpcf7\" value=\"48\" \/><input type=\"hidden\" name=\"_wpcf7_version\" value=\"6.1.5\" \/><input type=\"hidden\" name=\"_wpcf7_locale\" value=\"es_ES\" \/><input type=\"hidden\" name=\"_wpcf7_unit_tag\" value=\"wpcf7-f48-o1\" \/><input type=\"hidden\" name=\"_wpcf7_container_post\" value=\"0\" \/><input type=\"hidden\" name=\"_wpcf7_posted_data_hash\" value=\"\" \/><input type=\"hidden\" name=\"_wpcf7_recaptcha_response\" value=\"\" \/>\n<\/fieldset>\n<div class=\"form-row\">\n\t<div class=\"form-column\">\n\t\t<p><span class=\"wpcf7-form-control-wrap\" data-name=\"nombre\"><input size=\"40\" maxlength=\"400\" class=\"wpcf7-form-control wpcf7-text wpcf7-validates-as-required\" aria-required=\"true\" aria-invalid=\"false\" placeholder=\"Emri\" value=\"\" type=\"text\" name=\"nombre\" \/><\/span>\n\t\t<\/p>\n\t<\/div>\n\t<div class=\"form-column\">\n\t\t<p><span class=\"wpcf7-form-control-wrap\" data-name=\"telefono\"><input size=\"40\" maxlength=\"400\" class=\"wpcf7-form-control wpcf7-tel wpcf7-validates-as-required wpcf7-text wpcf7-validates-as-tel\" aria-required=\"true\" aria-invalid=\"false\" placeholder=\"Telefoni *\" value=\"\" type=\"tel\" name=\"telefono\" \/><\/span>\n\t\t<\/p>\n\t<\/div>\n<\/div>\n<div class=\"form-row\">\n\t<div class=\"form-column\">\n\t\t<p><span class=\"wpcf7-form-control-wrap\" data-name=\"email\"><input size=\"40\" maxlength=\"400\" class=\"wpcf7-form-control wpcf7-email wpcf7-validates-as-required wpcf7-text wpcf7-validates-as-email\" aria-required=\"true\" aria-invalid=\"false\" placeholder=\"Email *\" value=\"\" type=\"email\" name=\"email\" \/><\/span>\n\t\t<\/p>\n\t<\/div>\n\t<div class=\"form-column\">\n\t\t<p><span class=\"wpcf7-form-control-wrap\" data-name=\"asunto\"><input size=\"40\" maxlength=\"400\" class=\"wpcf7-form-control wpcf7-text wpcf7-validates-as-required\" aria-required=\"true\" aria-invalid=\"false\" placeholder=\"Afera *\" value=\"\" type=\"text\" name=\"asunto\" \/><\/span>\n\t\t<\/p>\n\t<\/div>\n<\/div>\n<p><span class=\"wpcf7-form-control-wrap\" data-name=\"mensaje\"><textarea cols=\"40\" rows=\"10\" maxlength=\"2000\" class=\"wpcf7-form-control wpcf7-textarea wpcf7-validates-as-required\" aria-required=\"true\" aria-invalid=\"false\" placeholder=\"Mesazh\" name=\"mensaje\"><\/textarea><\/span>\n<\/p>\n<p class=\"legal-priv\"><span class=\"wpcf7-form-control-wrap\" data-name=\"acceptance-787\"><span class=\"wpcf7-form-control wpcf7-acceptance\"><span class=\"wpcf7-list-item\"><label><input type=\"checkbox\" name=\"acceptance-787\" value=\"1\" aria-invalid=\"false\" \/><span class=\"wpcf7-list-item-label\">E kam lexuar dhe pajtohem me <a href=\"https:\/\/rosanacl.com\/sq\/politica-de-privacidad\/\">Politika e Privat\u00ebsis\u00eb<\/a><\/span><\/label><\/span><\/span><\/span>\n<\/p>\n<p><input class=\"wpcf7-form-control wpcf7-submit has-spinner\" type=\"submit\" value=\"D\u00cbRGO MESAZH\" \/>\n<\/p><div class=\"wpcf7-response-output\" aria-hidden=\"true\"><\/div>\n<input type=\"hidden\" name=\"trp-form-language\" value=\"sq\"\/><\/form>\n<\/div>\n<\/div><\/div>\t\t\t\t<\/div>\n\t\t\t\t<\/div>\n\t\t\t\t<\/div>\n\t\t\t\t\t<\/div>\n\t\t\t\t<\/div>\n\t\t\t\t<\/div>","protected":false},"excerpt":{"rendered":"<p>Comprar sujetadores Selene Comprar sujetadores Selene: una elecci\u00f3n inteligente para cada mujer Cuando se trata de elegir la ropa interior ideal, la comodidad, la calidad y el dise\u00f1o deben ir de la mano. Por eso, cada vez m\u00e1s mujeres eligen comprar sujetadores Selene, una marca reconocida por su capacidad para combinar soporte, elegancia y durabilidad [&hellip;]<\/p>\n","protected":false},"author":1,"featured_media":0,"parent":0,"menu_order":0,"comment_status":"closed","ping_status":"closed","template":"","meta":{"content-type":"","footnotes":""},"class_list":["post-4000","page","type-page","status-publish","hentry"],"yoast_head":"<!-- This site is optimized with the Yoast SEO plugin v27.4 - https:\/\/yoast.com\/product\/yoast-seo-wordpress\/ -->\n<title>Comprar sujetadores Selene - Rosana CL<\/title>\n<meta name=\"robots\" content=\"index, follow, max-snippet:-1, max-image-preview:large, max-video-preview:-1\" \/>\n<link rel=\"canonical\" href=\"https:\/\/rosanacl.com\/sq\/comprar-sujetador-selene\/\" \/>\n<meta property=\"og:locale\" content=\"sq_AL\" \/>\n<meta property=\"og:type\" content=\"article\" \/>\n<meta property=\"og:title\" content=\"Comprar sujetadores Selene - Rosana CL\" \/>\n<meta property=\"og:description\" content=\"Comprar sujetadores Selene Comprar sujetadores Selene: una elecci\u00f3n inteligente para cada mujer Cuando se trata de elegir la ropa interior ideal, la comodidad, la calidad y el dise\u00f1o deben ir de la mano. Por eso, cada vez m\u00e1s mujeres eligen comprar sujetadores Selene, una marca reconocida por su capacidad para combinar soporte, elegancia y durabilidad [&hellip;]\" \/>\n<meta property=\"og:url\" content=\"https:\/\/rosanacl.com\/sq\/comprar-sujetador-selene\/\" \/>\n<meta property=\"og:site_name\" content=\"Rosana CL\" \/>\n<meta property=\"article:modified_time\" content=\"2025-10-10T10:56:22+00:00\" \/>\n<meta property=\"og:image\" content=\"https:\/\/rosanacl.com\/wp-content\/uploads\/2025\/10\/sujetadores-selene-1.jpg\" \/>\n\t<meta property=\"og:image:width\" content=\"2000\" \/>\n\t<meta property=\"og:image:height\" content=\"1414\" \/>\n\t<meta property=\"og:image:type\" content=\"image\/jpeg\" \/>\n<meta name=\"twitter:card\" content=\"summary_large_image\" \/>\n<meta name=\"twitter:label1\" content=\"Est. reading time\" \/>\n\t<meta name=\"twitter:data1\" content=\"3 minuta\" \/>\n<script type=\"application\/ld+json\" class=\"yoast-schema-graph\">{\"@context\":\"https:\\\/\\\/schema.org\",\"@graph\":[{\"@type\":\"WebPage\",\"@id\":\"https:\\\/\\\/rosanacl.com\\\/comprar-sujetador-selene\\\/\",\"url\":\"https:\\\/\\\/rosanacl.com\\\/comprar-sujetador-selene\\\/\",\"name\":\"Comprar sujetadores Selene - Rosana CL\",\"isPartOf\":{\"@id\":\"https:\\\/\\\/rosanacl.com\\\/ca\\\/#website\"},\"primaryImageOfPage\":{\"@id\":\"https:\\\/\\\/rosanacl.com\\\/comprar-sujetador-selene\\\/#primaryimage\"},\"image\":{\"@id\":\"https:\\\/\\\/rosanacl.com\\\/comprar-sujetador-selene\\\/#primaryimage\"},\"thumbnailUrl\":\"https:\\\/\\\/rosanacl.com\\\/wp-content\\\/uploads\\\/2025\\\/10\\\/sujetadores-selene-1-1024x724.jpg\",\"datePublished\":\"2025-10-10T10:52:40+00:00\",\"dateModified\":\"2025-10-10T10:56:22+00:00\",\"breadcrumb\":{\"@id\":\"https:\\\/\\\/rosanacl.com\\\/comprar-sujetador-selene\\\/#breadcrumb\"},\"inLanguage\":\"sq\",\"potentialAction\":[{\"@type\":\"ReadAction\",\"target\":[\"https:\\\/\\\/rosanacl.com\\\/comprar-sujetador-selene\\\/\"]}]},{\"@type\":\"ImageObject\",\"inLanguage\":\"sq\",\"@id\":\"https:\\\/\\\/rosanacl.com\\\/comprar-sujetador-selene\\\/#primaryimage\",\"url\":\"https:\\\/\\\/rosanacl.com\\\/wp-content\\\/uploads\\\/2025\\\/10\\\/sujetadores-selene-1-1024x724.jpg\",\"contentUrl\":\"https:\\\/\\\/rosanacl.com\\\/wp-content\\\/uploads\\\/2025\\\/10\\\/sujetadores-selene-1-1024x724.jpg\"},{\"@type\":\"BreadcrumbList\",\"@id\":\"https:\\\/\\\/rosanacl.com\\\/comprar-sujetador-selene\\\/#breadcrumb\",\"itemListElement\":[{\"@type\":\"ListItem\",\"position\":1,\"name\":\"Portada\",\"item\":\"https:\\\/\\\/rosanacl.com\\\/ca\\\/\"},{\"@type\":\"ListItem\",\"position\":2,\"name\":\"Comprar sujetadores Selene\"}]},{\"@type\":\"WebSite\",\"@id\":\"https:\\\/\\\/rosanacl.com\\\/ca\\\/#website\",\"url\":\"https:\\\/\\\/rosanacl.com\\\/ca\\\/\",\"name\":\"Rosana CL\",\"description\":\"Somos tu interior\",\"potentialAction\":[{\"@type\":\"SearchAction\",\"target\":{\"@type\":\"EntryPoint\",\"urlTemplate\":\"https:\\\/\\\/rosanacl.com\\\/ca\\\/?s={search_term_string}\"},\"query-input\":{\"@type\":\"PropertyValueSpecification\",\"valueRequired\":true,\"valueName\":\"search_term_string\"}}],\"inLanguage\":\"sq\"}]}<\/script>\n<!-- \/ Yoast SEO plugin. -->","yoast_head_json":{"title":"Comprar sujetadores Selene - Rosana CL","robots":{"index":"index","follow":"follow","max-snippet":"max-snippet:-1","max-image-preview":"max-image-preview:large","max-video-preview":"max-video-preview:-1"},"canonical":"https:\/\/rosanacl.com\/sq\/comprar-sujetador-selene\/","og_locale":"sq_AL","og_type":"article","og_title":"Comprar sujetadores Selene - Rosana CL","og_description":"Comprar sujetadores Selene Comprar sujetadores Selene: una elecci\u00f3n inteligente para cada mujer Cuando se trata de elegir la ropa interior ideal, la comodidad, la calidad y el dise\u00f1o deben ir de la mano. Por eso, cada vez m\u00e1s mujeres eligen comprar sujetadores Selene, una marca reconocida por su capacidad para combinar soporte, elegancia y durabilidad [&hellip;]","og_url":"https:\/\/rosanacl.com\/sq\/comprar-sujetador-selene\/","og_site_name":"Rosana CL","article_modified_time":"2025-10-10T10:56:22+00:00","og_image":[{"width":2000,"height":1414,"url":"https:\/\/rosanacl.com\/wp-content\/uploads\/2025\/10\/sujetadores-selene-1.jpg","type":"image\/jpeg"}],"twitter_card":"summary_large_image","twitter_misc":{"Est. reading time":"3 minuta"},"schema":{"@context":"https:\/\/schema.org","@graph":[{"@type":"WebPage","@id":"https:\/\/rosanacl.com\/comprar-sujetador-selene\/","url":"https:\/\/rosanacl.com\/comprar-sujetador-selene\/","name":"Comprar sujetadores Selene - Rosana CL","isPartOf":{"@id":"https:\/\/rosanacl.com\/ca\/#website"},"primaryImageOfPage":{"@id":"https:\/\/rosanacl.com\/comprar-sujetador-selene\/#primaryimage"},"image":{"@id":"https:\/\/rosanacl.com\/comprar-sujetador-selene\/#primaryimage"},"thumbnailUrl":"https:\/\/rosanacl.com\/wp-content\/uploads\/2025\/10\/sujetadores-selene-1-1024x724.jpg","datePublished":"2025-10-10T10:52:40+00:00","dateModified":"2025-10-10T10:56:22+00:00","breadcrumb":{"@id":"https:\/\/rosanacl.com\/comprar-sujetador-selene\/#breadcrumb"},"inLanguage":"sq","potentialAction":[{"@type":"ReadAction","target":["https:\/\/rosanacl.com\/comprar-sujetador-selene\/"]}]},{"@type":"ImageObject","inLanguage":"sq","@id":"https:\/\/rosanacl.com\/comprar-sujetador-selene\/#primaryimage","url":"https:\/\/rosanacl.com\/wp-content\/uploads\/2025\/10\/sujetadores-selene-1-1024x724.jpg","contentUrl":"https:\/\/rosanacl.com\/wp-content\/uploads\/2025\/10\/sujetadores-selene-1-1024x724.jpg"},{"@type":"BreadcrumbList","@id":"https:\/\/rosanacl.com\/comprar-sujetador-selene\/#breadcrumb","itemListElement":[{"@type":"ListItem","position":1,"name":"Portada","item":"https:\/\/rosanacl.com\/ca\/"},{"@type":"ListItem","position":2,"name":"Comprar sujetadores Selene"}]},{"@type":"WebSite","@id":"https:\/\/rosanacl.com\/ca\/#website","url":"https:\/\/rosanacl.com\/ca\/","name":"Rosana CL","description":"Ne jemi vetvetja juaj e brendshme","potentialAction":[{"@type":"SearchAction","target":{"@type":"EntryPoint","urlTemplate":"https:\/\/rosanacl.com\/ca\/?s={search_term_string}"},"query-input":{"@type":"PropertyValueSpecification","valueRequired":true,"valueName":"search_term_string"}}],"inLanguage":"sq"}]}},"_links":{"self":[{"href":"https:\/\/rosanacl.com\/sq\/wp-json\/wp\/v2\/pages\/4000","targetHints":{"allow":["GET"]}}],"collection":[{"href":"https:\/\/rosanacl.com\/sq\/wp-json\/wp\/v2\/pages"}],"about":[{"href":"https:\/\/rosanacl.com\/sq\/wp-json\/wp\/v2\/types\/page"}],"author":[{"embeddable":true,"href":"https:\/\/rosanacl.com\/sq\/wp-json\/wp\/v2\/users\/1"}],"replies":[{"embeddable":true,"href":"https:\/\/rosanacl.com\/sq\/wp-json\/wp\/v2\/comments?post=4000"}],"version-history":[{"count":0,"href":"https:\/\/rosanacl.com\/sq\/wp-json\/wp\/v2\/pages\/4000\/revisions"}],"wp:attachment":[{"href":"https:\/\/rosanacl.com\/sq\/wp-json\/wp\/v2\/media?parent=4000"}],"curies":[{"name":"wp","href":"https:\/\/api.w.org\/{rel}","templated":true}]}}