{"id":4182,"date":"2025-11-27T00:49:16","date_gmt":"2025-11-26T23:49:16","guid":{"rendered":"https:\/\/rosanacl.com\/?page_id=4182"},"modified":"2025-11-27T00:53:09","modified_gmt":"2025-11-26T23:53:09","slug":"comprar-sujetadores-selene-en-barcelona","status":"publish","type":"page","link":"https:\/\/rosanacl.com\/sq\/comprar-sujetadores-selene-en-barcelona\/","title":{"rendered":"Bleni sytjena Selene n\u00eb Barcelon\u00eb"},"content":{"rendered":"<div data-elementor-type=\"wp-page\" data-elementor-id=\"4182\" class=\"elementor elementor-4182\" data-elementor-post-type=\"page\">\n\t\t\t\t<div class=\"elementor-element elementor-element-171998c7 e-flex e-con-boxed e-con e-parent\" data-id=\"171998c7\" data-element_type=\"container\" data-e-type=\"container\">\n\t\t\t\t\t<div class=\"e-con-inner\">\n\t\t\t\t<div class=\"elementor-element elementor-element-6575351f elementor-widget elementor-widget-text-editor\" data-id=\"6575351f\" data-element_type=\"widget\" data-e-type=\"widget\" data-widget_type=\"text-editor.default\">\n\t\t\t\t<div class=\"elementor-widget-container\">\n\t\t\t\t\t\t\t\t\t\n<p><\/p>\n\n\n\n<p><\/p>\n\t\t\t\t\t\t\t\t<\/div>\n\t\t\t\t<\/div>\n\t\t\t\t\t<\/div>\n\t\t\t\t<\/div>\n\t\t<div class=\"elementor-element elementor-element-cf7d341 e-flex e-con-boxed e-con e-parent\" data-id=\"cf7d341\" data-element_type=\"container\" data-e-type=\"container\">\n\t\t\t\t\t<div class=\"e-con-inner\">\n\t\t\t\t<div class=\"elementor-element elementor-element-1f1d080 elementor-widget elementor-widget-heading\" data-id=\"1f1d080\" data-element_type=\"widget\" data-e-type=\"widget\" data-widget_type=\"heading.default\">\n\t\t\t\t<div class=\"elementor-widget-container\">\n\t\t\t\t\t<h2 class=\"elementor-heading-title elementor-size-default\">Bleni sytjena Selene n\u00eb Barcelon\u00eb<\/h2>\t\t\t\t<\/div>\n\t\t\t\t<\/div>\n\t\t\t\t\t<\/div>\n\t\t\t\t<\/div>\n\t\t<div class=\"elementor-element elementor-element-dc1921d e-flex e-con-boxed e-con e-parent\" data-id=\"dc1921d\" data-element_type=\"container\" data-e-type=\"container\">\n\t\t\t\t\t<div class=\"e-con-inner\">\n\t\t<div class=\"elementor-element elementor-element-d19616f e-con-full e-flex e-con e-child\" data-id=\"d19616f\" data-element_type=\"container\" data-e-type=\"container\">\n\t\t\t\t<div class=\"elementor-element elementor-element-2ee6475 elementor-widget elementor-widget-text-editor\" data-id=\"2ee6475\" data-element_type=\"widget\" data-e-type=\"widget\" data-widget_type=\"text-editor.default\">\n\t\t\t\t<div class=\"elementor-widget-container\">\n\t\t\t\t\t\t\t\t\t<h2 data-start=\"440\" data-end=\"525\"><strong data-start=\"443\" data-end=\"525\">Bleni sytjena Selene n\u00eb Barcelon\u00eb: nj\u00eb larmi e v\u00ebrtet\u00eb e projektuar p\u00ebr \u00e7do grua<\/strong><\/h2>\n<p data-start=\"526\" data-end=\"1028\">Kur nj\u00eb grua shikon <strong data-start=\"549\" data-end=\"592\">Bleni sytjena Selene n\u00eb Barcelon\u00eb<\/strong>, Ajo q\u00eb d\u00ebshironi v\u00ebrtet \u00ebsht\u00eb nj\u00eb kombinim dizajni, rehatie dhe nj\u00eb p\u00ebrshtatjeje perfekte. N\u00eb Rosana CL, ne e kuptojm\u00eb q\u00eb \u00e7do trup \u00ebsht\u00eb unik, prandaj ofrojm\u00eb nj\u00eb katalog t\u00eb p\u00ebrdit\u00ebsuar dhe t\u00eb kuruar me kujdes, n\u00eb m\u00ebnyr\u00eb q\u00eb \u00e7do grua t\u00eb gjej\u00eb pik\u00ebrisht at\u00eb q\u00eb i nevojitet. T\u00eb kesh disa linja nga marka Selene - nga stilet klasike deri te produktet m\u00eb t\u00eb fundit - na lejon t&#039;ju ofrojm\u00eb k\u00ebshilla v\u00ebrtet t\u00eb personalizuara.<\/p>\n<p data-start=\"1030\" data-end=\"1435\">N\u00eb dyqanet online gjenerike ose m\u00eb pak t\u00eb specializuara, \u00ebsht\u00eb e zakonshme t\u00eb gjesh madh\u00ebsi t\u00eb paplota ose modele t\u00eb kufizuara. Megjithat\u00eb, n\u00eb Rosana CL, ne punojm\u00eb drejtp\u00ebrdrejt me mark\u00ebn p\u00ebr t\u00eb siguruar disponueshm\u00ebri reale dhe t\u00eb vazhdueshme. Kjo \u00ebsht\u00eb nj\u00eb nga shum\u00eb arsyet pse ata q\u00eb duan <strong data-start=\"1337\" data-end=\"1380\">Bleni sytjena Selene n\u00eb Barcelon\u00eb<\/strong> Ata p\u00ebrfundojn\u00eb duke na zgjedhur ne si referenc\u00ebn e tyre t\u00eb besueshme.<\/p>\t\t\t\t\t\t\t\t<\/div>\n\t\t\t\t<\/div>\n\t\t\t\t<\/div>\n\t\t<div class=\"elementor-element elementor-element-5568f8b e-con-full e-flex e-con e-child\" data-id=\"5568f8b\" data-element_type=\"container\" data-e-type=\"container\">\n\t\t\t\t<div class=\"elementor-element elementor-element-980debe elementor-widget elementor-widget-image\" data-id=\"980debe\" data-element_type=\"widget\" data-e-type=\"widget\" data-widget_type=\"image.default\">\n\t\t\t\t<div class=\"elementor-widget-container\">\n\t\t\t\t\t\t\t\t\t\t\t\t\t\t\t<img fetchpriority=\"high\" decoding=\"async\" width=\"800\" height=\"566\" src=\"https:\/\/rosanacl.com\/wp-content\/uploads\/2025\/08\/comprar-lenceria-online-1024x724.jpg\" class=\"attachment-large size-large wp-image-3687\" alt=\"\" srcset=\"https:\/\/rosanacl.com\/wp-content\/uploads\/2025\/08\/comprar-lenceria-online-1024x724.jpg 1024w, https:\/\/rosanacl.com\/wp-content\/uploads\/2025\/08\/comprar-lenceria-online-300x212.jpg 300w, https:\/\/rosanacl.com\/wp-content\/uploads\/2025\/08\/comprar-lenceria-online-768x543.jpg 768w, https:\/\/rosanacl.com\/wp-content\/uploads\/2025\/08\/comprar-lenceria-online-1536x1086.jpg 1536w, https:\/\/rosanacl.com\/wp-content\/uploads\/2025\/08\/comprar-lenceria-online-18x12.jpg 18w, https:\/\/rosanacl.com\/wp-content\/uploads\/2025\/08\/comprar-lenceria-online-600x424.jpg 600w, https:\/\/rosanacl.com\/wp-content\/uploads\/2025\/08\/comprar-lenceria-online.jpg 2000w\" sizes=\"(max-width: 800px) 100vw, 800px\" \/>\t\t\t\t\t\t\t\t\t\t\t\t\t\t\t<\/div>\n\t\t\t\t<\/div>\n\t\t\t\t<\/div>\n\t\t\t\t\t<\/div>\n\t\t\t\t<\/div>\n\t\t<div class=\"elementor-element elementor-element-5e380fb e-flex e-con-boxed e-con e-parent\" data-id=\"5e380fb\" data-element_type=\"container\" data-e-type=\"container\">\n\t\t\t\t\t<div class=\"e-con-inner\">\n\t\t<div class=\"elementor-element elementor-element-a763375 e-con-full e-flex e-con e-child\" data-id=\"a763375\" data-element_type=\"container\" data-e-type=\"container\">\n\t\t\t\t<div class=\"elementor-element elementor-element-a8aecc4 elementor-widget elementor-widget-image\" data-id=\"a8aecc4\" data-element_type=\"widget\" data-e-type=\"widget\" data-widget_type=\"image.default\">\n\t\t\t\t<div class=\"elementor-widget-container\">\n\t\t\t\t\t\t\t\t\t\t\t\t\t\t\t<img decoding=\"async\" width=\"800\" height=\"566\" src=\"https:\/\/rosanacl.com\/wp-content\/uploads\/2025\/08\/comprar-lenceria-selene-1024x724.jpg\" class=\"attachment-large size-large wp-image-3688\" alt=\"\" srcset=\"https:\/\/rosanacl.com\/wp-content\/uploads\/2025\/08\/comprar-lenceria-selene-1024x724.jpg 1024w, https:\/\/rosanacl.com\/wp-content\/uploads\/2025\/08\/comprar-lenceria-selene-300x212.jpg 300w, https:\/\/rosanacl.com\/wp-content\/uploads\/2025\/08\/comprar-lenceria-selene-768x543.jpg 768w, https:\/\/rosanacl.com\/wp-content\/uploads\/2025\/08\/comprar-lenceria-selene-1536x1086.jpg 1536w, https:\/\/rosanacl.com\/wp-content\/uploads\/2025\/08\/comprar-lenceria-selene-18x12.jpg 18w, https:\/\/rosanacl.com\/wp-content\/uploads\/2025\/08\/comprar-lenceria-selene-600x424.jpg 600w, https:\/\/rosanacl.com\/wp-content\/uploads\/2025\/08\/comprar-lenceria-selene.jpg 2000w\" sizes=\"(max-width: 800px) 100vw, 800px\" \/>\t\t\t\t\t\t\t\t\t\t\t\t\t\t\t<\/div>\n\t\t\t\t<\/div>\n\t\t\t\t<\/div>\n\t\t<div class=\"elementor-element elementor-element-b02b1e9 e-con-full e-flex e-con e-child\" data-id=\"b02b1e9\" data-element_type=\"container\" data-e-type=\"container\">\n\t\t\t\t<div class=\"elementor-element elementor-element-ca9adbf elementor-widget elementor-widget-text-editor\" data-id=\"ca9adbf\" data-element_type=\"widget\" data-e-type=\"widget\" data-widget_type=\"text-editor.default\">\n\t\t\t\t<div class=\"elementor-widget-container\">\n\t\t\t\t\t\t\t\t\t<h2 data-start=\"1437\" data-end=\"1525\"><strong data-start=\"1440\" data-end=\"1525\">Bleni sytjena Selene n\u00eb Barcelon\u00eb: k\u00ebshilla teknike dhe sh\u00ebrbim nga ekspert\u00ebt<\/strong><\/h2>\n<p data-start=\"1526\" data-end=\"1820\">Nj\u00eb nga problemet m\u00eb t\u00eb m\u00ebdha kur zgjidhni nj\u00eb re\u00e7ipeta \u00ebsht\u00eb madh\u00ebsia e gabuar. Sipas studimeve t\u00eb industris\u00eb, m\u00eb shum\u00eb se 70% e grave nuk veshin madh\u00ebsin\u00eb e sakt\u00eb. Kjo \u00ebsht\u00eb arsyeja pse, kur jeni duke marr\u00eb n\u00eb konsiderat\u00eb <strong data-start=\"1712\" data-end=\"1755\">Bleni sytjena Selene n\u00eb Barcelon\u00eb<\/strong>, Ju nevojitet shum\u00eb m\u00eb tep\u00ebr sesa nj\u00eb dyqan: ju nevojitet nj\u00eb specialist.<\/p>\n<p data-start=\"1822\" data-end=\"2298\">N\u00eb Rosana CL, ne ofrojm\u00eb k\u00ebshilla nga ekspert\u00eb me vite p\u00ebrvoj\u00eb. Ne marrim matje, analizojm\u00eb nevojat tuaja dhe d\u00ebgjojm\u00eb preferencat tuaja p\u00ebr t&#039;u siguruar q\u00eb t\u00eb gjeni re\u00e7ipetat perfekte Selene. N\u00ebse jeni duke k\u00ebrkuar rehati maksimale, ne sugjerojm\u00eb modele me kupa mb\u00ebshtet\u00ebse ose p\u00eblhura q\u00eb marrin frym\u00eb. N\u00ebse keni nevoj\u00eb p\u00ebr mb\u00ebshtetje, ne rekomandojm\u00eb struktura t\u00eb p\u00ebrforcuara ose rripa m\u00eb t\u00eb gjer\u00eb. E gjith\u00eb kjo \u00ebsht\u00eb e mundur sepse kemi njohuri t\u00eb thella p\u00ebr \u00e7do koleksion t\u00eb mark\u00ebs.<\/p>\n<p data-start=\"2300\" data-end=\"2603\">P\u00ebr m\u00eb tep\u00ebr, Selene njihet p\u00ebr shum\u00ebllojshm\u00ebrin\u00eb e modeleve, p\u00eblhurat e buta n\u00eb prekje dhe nj\u00eb raport cil\u00ebsi-\u00e7mim q\u00eb pak marka mund ta arrijn\u00eb. Kjo \u00ebsht\u00eb arsyeja pse, kur nj\u00eb klient d\u00ebshiron <strong data-start=\"2471\" data-end=\"2514\">Bleni sytjena Selene n\u00eb Barcelon\u00eb<\/strong>, Ai e di q\u00eb po zgjedh nj\u00eb mark\u00eb t\u00eb besueshme dhe nj\u00eb dyqan q\u00eb e zot\u00ebron v\u00ebrtet produktin.<\/p>\t\t\t\t\t\t\t\t<\/div>\n\t\t\t\t<\/div>\n\t\t\t\t<\/div>\n\t\t\t\t\t<\/div>\n\t\t\t\t<\/div>\n\t\t<div class=\"elementor-element elementor-element-495e863 e-flex e-con-boxed e-con e-parent\" data-id=\"495e863\" data-element_type=\"container\" data-e-type=\"container\">\n\t\t\t\t\t<div class=\"e-con-inner\">\n\t\t\t\t<div class=\"elementor-element elementor-element-fe47ba3 elementor-widget elementor-widget-text-editor\" data-id=\"fe47ba3\" data-element_type=\"widget\" data-e-type=\"widget\" data-widget_type=\"text-editor.default\">\n\t\t\t\t<div class=\"elementor-widget-container\">\n\t\t\t\t\t\t\t\t\t<h2 data-start=\"2605\" data-end=\"2694\"><strong data-start=\"2608\" data-end=\"2694\">Bleni sytjena Selene n\u00eb Barcelon\u00eb: nj\u00eb p\u00ebrvoj\u00eb blerjeje e rehatshme dhe e sigurt<\/strong><\/h2>\n<p data-start=\"2695\" data-end=\"2951\">N\u00eb Rosana CL, ne kujdesemi p\u00ebr \u00e7do detaj: nga prezantimi i produktit deri te leht\u00ebsia e blerjes, duke p\u00ebrfshir\u00eb nj\u00eb politik\u00eb t\u00eb qart\u00eb shk\u00ebmbimi dhe kthimi. Kjo \u00ebsht\u00eb ve\u00e7an\u00ebrisht e r\u00ebnd\u00ebsishme kur b\u00ebhet fjal\u00eb p\u00ebr t\u00eb brendshme, ku rehatia \u00ebsht\u00eb thelb\u00ebsore.<\/p>\n<p data-start=\"2953\" data-end=\"3343\">Dyqani yn\u00eb \u00ebsht\u00eb projektuar n\u00eb m\u00ebnyr\u00eb q\u00eb ju t\u00eb mundeni <strong data-start=\"2997\" data-end=\"3040\">Bleni sytjena Selene n\u00eb Barcelon\u00eb<\/strong> N\u00eb nj\u00eb m\u00ebnyr\u00eb praktike, t\u00eb drejtp\u00ebrdrejt\u00eb dhe plot\u00ebsisht t\u00eb sigurt. N\u00ebse preferoni t\u00eb na vizitoni personalisht, ne do t\u00eb gjejm\u00eb koh\u00ebn ton\u00eb p\u00ebr t&#039;ju ndihmuar, duke ju lejuar t\u00eb provoni dhe krahasoni modelet. N\u00ebse preferoni t\u00eb menaxhoni blerjen tuaj n\u00eb internet, ne ofrojm\u00eb nj\u00eb sh\u00ebrbim intuitiv dhe t\u00eb shpejt\u00eb me mb\u00ebshtetje t\u00eb drejtp\u00ebrdrejt\u00eb p\u00ebr t&#039;iu p\u00ebrgjigjur pyetjeve tuaja n\u00eb koh\u00eb reale.<\/p>\n<p data-start=\"3345\" data-end=\"3535\">Zgjedhja e Rosana CL do t\u00eb thot\u00eb t\u00eb zgjedh\u00ebsh cil\u00ebsi, sh\u00ebrbim t\u00eb personalizuar dhe njohuri t\u00eb thella mbi produktet. Kjo \u00ebsht\u00eb arsyeja pse gjithnj\u00eb e m\u00eb shum\u00eb gra po na rekomandojn\u00eb kur k\u00ebrkojn\u00eb produkte. <strong data-start=\"3491\" data-end=\"3534\">Bleni sytjena Selene n\u00eb Barcelon\u00eb<\/strong>.<\/p>\t\t\t\t\t\t\t\t<\/div>\n\t\t\t\t<\/div>\n\t\t\t\t\t<\/div>\n\t\t\t\t<\/div>\n\t\t<div class=\"elementor-element elementor-element-d05ed3a e-flex e-con-boxed e-con e-parent\" data-id=\"d05ed3a\" data-element_type=\"container\" data-e-type=\"container\">\n\t\t\t\t\t<div class=\"e-con-inner\">\n\t\t\t\t<div class=\"elementor-element elementor-element-b883e86 elementor-widget elementor-widget-heading\" data-id=\"b883e86\" data-element_type=\"widget\" data-e-type=\"widget\" data-widget_type=\"heading.default\">\n\t\t\t\t<div class=\"elementor-widget-container\">\n\t\t\t\t\t<h2 class=\"elementor-heading-title elementor-size-default\">Na kontaktoni <\/h2>\t\t\t\t<\/div>\n\t\t\t\t<\/div>\n\t\t\t\t\t<\/div>\n\t\t\t\t<\/div>\n\t\t<div class=\"elementor-element elementor-element-00e20e2 e-flex e-con-boxed e-con e-parent\" data-id=\"00e20e2\" data-element_type=\"container\" data-e-type=\"container\">\n\t\t\t\t\t<div class=\"e-con-inner\">\n\t\t<div class=\"elementor-element elementor-element-8ad8f7b e-con-full e-flex e-con e-child\" data-id=\"8ad8f7b\" data-element_type=\"container\" data-e-type=\"container\">\n\t\t\t\t<div class=\"elementor-element elementor-element-888944a elementor-widget__width-initial elementor-widget elementor-widget-elementskit-contact-form7\" data-id=\"888944a\" data-element_type=\"widget\" data-e-type=\"widget\" data-widget_type=\"elementskit-contact-form7.default\">\n\t\t\t\t<div class=\"elementor-widget-container\">\n\t\t\t\t\t<div class=\"ekit-wid-con\" ><div class=\"ekit-form\">\n<div class=\"wpcf7 no-js\" id=\"wpcf7-f48-p4182-o1\" lang=\"es-ES\" dir=\"ltr\" data-wpcf7-id=\"48\">\n<div class=\"screen-reader-response\"><p role=\"status\" aria-live=\"polite\" aria-atomic=\"true\"><\/p> <ul><\/ul><\/div>\n<form action=\"\/sq\/comprar-sujetadores-selene-en-barcelona\/#wpcf7-f48-p4182-o1\" method=\"post\" class=\"wpcf7-form init\" aria-label=\"Formulari i kontaktit\" novalidate=\"novalidate\" data-status=\"init\" data-trp-original-action=\"\/comprar-sujetadores-selene-en-barcelona\/#wpcf7-f48-p4182-o1\">\n<fieldset class=\"hidden-fields-container\"><input type=\"hidden\" name=\"_wpcf7\" value=\"48\" \/><input type=\"hidden\" name=\"_wpcf7_version\" value=\"6.1.5\" \/><input type=\"hidden\" name=\"_wpcf7_locale\" value=\"es_ES\" \/><input type=\"hidden\" name=\"_wpcf7_unit_tag\" value=\"wpcf7-f48-p4182-o1\" \/><input type=\"hidden\" name=\"_wpcf7_container_post\" value=\"4182\" \/><input type=\"hidden\" name=\"_wpcf7_posted_data_hash\" value=\"\" \/><input type=\"hidden\" name=\"_wpcf7_recaptcha_response\" value=\"\" \/>\n<\/fieldset>\n<div class=\"form-row\">\n\t<div class=\"form-column\">\n\t\t<p><span class=\"wpcf7-form-control-wrap\" data-name=\"nombre\"><input size=\"40\" maxlength=\"400\" class=\"wpcf7-form-control wpcf7-text wpcf7-validates-as-required\" aria-required=\"true\" aria-invalid=\"false\" placeholder=\"Emri\" value=\"\" type=\"text\" name=\"nombre\" \/><\/span>\n\t\t<\/p>\n\t<\/div>\n\t<div class=\"form-column\">\n\t\t<p><span class=\"wpcf7-form-control-wrap\" data-name=\"telefono\"><input size=\"40\" maxlength=\"400\" class=\"wpcf7-form-control wpcf7-tel wpcf7-validates-as-required wpcf7-text wpcf7-validates-as-tel\" aria-required=\"true\" aria-invalid=\"false\" placeholder=\"Telefoni *\" value=\"\" type=\"tel\" name=\"telefono\" \/><\/span>\n\t\t<\/p>\n\t<\/div>\n<\/div>\n<div class=\"form-row\">\n\t<div class=\"form-column\">\n\t\t<p><span class=\"wpcf7-form-control-wrap\" data-name=\"email\"><input size=\"40\" maxlength=\"400\" class=\"wpcf7-form-control wpcf7-email wpcf7-validates-as-required wpcf7-text wpcf7-validates-as-email\" aria-required=\"true\" aria-invalid=\"false\" placeholder=\"Email *\" value=\"\" type=\"email\" name=\"email\" \/><\/span>\n\t\t<\/p>\n\t<\/div>\n\t<div class=\"form-column\">\n\t\t<p><span class=\"wpcf7-form-control-wrap\" data-name=\"asunto\"><input size=\"40\" maxlength=\"400\" class=\"wpcf7-form-control wpcf7-text wpcf7-validates-as-required\" aria-required=\"true\" aria-invalid=\"false\" placeholder=\"Afera *\" value=\"\" type=\"text\" name=\"asunto\" \/><\/span>\n\t\t<\/p>\n\t<\/div>\n<\/div>\n<p><span class=\"wpcf7-form-control-wrap\" data-name=\"mensaje\"><textarea cols=\"40\" rows=\"10\" maxlength=\"2000\" class=\"wpcf7-form-control wpcf7-textarea wpcf7-validates-as-required\" aria-required=\"true\" aria-invalid=\"false\" placeholder=\"Mesazh\" name=\"mensaje\"><\/textarea><\/span>\n<\/p>\n<p class=\"legal-priv\"><span class=\"wpcf7-form-control-wrap\" data-name=\"acceptance-787\"><span class=\"wpcf7-form-control wpcf7-acceptance\"><span class=\"wpcf7-list-item\"><label><input type=\"checkbox\" name=\"acceptance-787\" value=\"1\" aria-invalid=\"false\" \/><span class=\"wpcf7-list-item-label\">E kam lexuar dhe pajtohem me <a href=\"https:\/\/rosanacl.com\/sq\/politica-de-privacidad\/\">Politika e Privat\u00ebsis\u00eb<\/a><\/span><\/label><\/span><\/span><\/span>\n<\/p>\n<p><input class=\"wpcf7-form-control wpcf7-submit has-spinner\" type=\"submit\" value=\"D\u00cbRGO MESAZH\" \/>\n<\/p><div class=\"wpcf7-response-output\" aria-hidden=\"true\"><\/div>\n<input type=\"hidden\" name=\"trp-form-language\" value=\"sq\"\/><\/form>\n<\/div>\n<\/div><\/div>\t\t\t\t<\/div>\n\t\t\t\t<\/div>\n\t\t\t\t<\/div>\n\t\t\t\t\t<\/div>\n\t\t\t\t<\/div>\n\t\t\t\t<\/div>","protected":false},"excerpt":{"rendered":"<p>Comprar sujetadores Selene en Barcelona Comprar sujetadores Selene en Barcelona: variedad real pensada para cada mujer Cuando una mujer busca comprar sujetadores Selene en Barcelona, lo que realmente quiere es una combinaci\u00f3n de dise\u00f1o, comodidad y un ajuste impecable. En Rosana CL entendemos que cada cuerpo es \u00fanico, y por eso ofrecemos un cat\u00e1logo actualizado [&hellip;]<\/p>\n","protected":false},"author":1,"featured_media":0,"parent":0,"menu_order":0,"comment_status":"closed","ping_status":"closed","template":"","meta":{"content-type":"","footnotes":""},"class_list":["post-4182","page","type-page","status-publish","hentry"],"yoast_head":"<!-- This site is optimized with the Yoast SEO plugin v27.4 - https:\/\/yoast.com\/product\/yoast-seo-wordpress\/ -->\n<title>Comprar sujetadores Selene en Barcelona - Rosana CL<\/title>\n<meta name=\"robots\" content=\"index, follow, max-snippet:-1, max-image-preview:large, max-video-preview:-1\" \/>\n<link rel=\"canonical\" href=\"https:\/\/rosanacl.com\/sq\/comprar-sujetadores-selene-en-barcelona\/\" \/>\n<meta property=\"og:locale\" content=\"sq_AL\" \/>\n<meta property=\"og:type\" content=\"article\" \/>\n<meta property=\"og:title\" content=\"Comprar sujetadores Selene en Barcelona - Rosana CL\" \/>\n<meta property=\"og:description\" content=\"Comprar sujetadores Selene en Barcelona Comprar sujetadores Selene en Barcelona: variedad real pensada para cada mujer Cuando una mujer busca comprar sujetadores Selene en Barcelona, lo que realmente quiere es una combinaci\u00f3n de dise\u00f1o, comodidad y un ajuste impecable. En Rosana CL entendemos que cada cuerpo es \u00fanico, y por eso ofrecemos un cat\u00e1logo actualizado [&hellip;]\" \/>\n<meta property=\"og:url\" content=\"https:\/\/rosanacl.com\/sq\/comprar-sujetadores-selene-en-barcelona\/\" \/>\n<meta property=\"og:site_name\" content=\"Rosana CL\" \/>\n<meta property=\"article:modified_time\" content=\"2025-11-26T23:53:09+00:00\" \/>\n<meta property=\"og:image\" content=\"https:\/\/rosanacl.com\/wp-content\/uploads\/2025\/08\/comprar-lenceria-online.jpg\" \/>\n\t<meta property=\"og:image:width\" content=\"2000\" \/>\n\t<meta property=\"og:image:height\" content=\"1414\" \/>\n\t<meta property=\"og:image:type\" content=\"image\/jpeg\" \/>\n<meta name=\"twitter:card\" content=\"summary_large_image\" \/>\n<meta name=\"twitter:label1\" content=\"Est. reading time\" \/>\n\t<meta name=\"twitter:data1\" content=\"2 minuta\" \/>\n<script type=\"application\/ld+json\" class=\"yoast-schema-graph\">{\"@context\":\"https:\\\/\\\/schema.org\",\"@graph\":[{\"@type\":\"WebPage\",\"@id\":\"https:\\\/\\\/rosanacl.com\\\/comprar-sujetadores-selene-en-barcelona\\\/\",\"url\":\"https:\\\/\\\/rosanacl.com\\\/comprar-sujetadores-selene-en-barcelona\\\/\",\"name\":\"Comprar sujetadores Selene en Barcelona - Rosana CL\",\"isPartOf\":{\"@id\":\"https:\\\/\\\/rosanacl.com\\\/ca\\\/#website\"},\"primaryImageOfPage\":{\"@id\":\"https:\\\/\\\/rosanacl.com\\\/comprar-sujetadores-selene-en-barcelona\\\/#primaryimage\"},\"image\":{\"@id\":\"https:\\\/\\\/rosanacl.com\\\/comprar-sujetadores-selene-en-barcelona\\\/#primaryimage\"},\"thumbnailUrl\":\"https:\\\/\\\/rosanacl.com\\\/wp-content\\\/uploads\\\/2025\\\/08\\\/comprar-lenceria-online-1024x724.jpg\",\"datePublished\":\"2025-11-26T23:49:16+00:00\",\"dateModified\":\"2025-11-26T23:53:09+00:00\",\"breadcrumb\":{\"@id\":\"https:\\\/\\\/rosanacl.com\\\/comprar-sujetadores-selene-en-barcelona\\\/#breadcrumb\"},\"inLanguage\":\"sq\",\"potentialAction\":[{\"@type\":\"ReadAction\",\"target\":[\"https:\\\/\\\/rosanacl.com\\\/comprar-sujetadores-selene-en-barcelona\\\/\"]}]},{\"@type\":\"ImageObject\",\"inLanguage\":\"sq\",\"@id\":\"https:\\\/\\\/rosanacl.com\\\/comprar-sujetadores-selene-en-barcelona\\\/#primaryimage\",\"url\":\"https:\\\/\\\/rosanacl.com\\\/wp-content\\\/uploads\\\/2025\\\/08\\\/comprar-lenceria-online-1024x724.jpg\",\"contentUrl\":\"https:\\\/\\\/rosanacl.com\\\/wp-content\\\/uploads\\\/2025\\\/08\\\/comprar-lenceria-online-1024x724.jpg\"},{\"@type\":\"BreadcrumbList\",\"@id\":\"https:\\\/\\\/rosanacl.com\\\/comprar-sujetadores-selene-en-barcelona\\\/#breadcrumb\",\"itemListElement\":[{\"@type\":\"ListItem\",\"position\":1,\"name\":\"Portada\",\"item\":\"https:\\\/\\\/rosanacl.com\\\/ca\\\/\"},{\"@type\":\"ListItem\",\"position\":2,\"name\":\"Comprar sujetadores Selene en Barcelona\"}]},{\"@type\":\"WebSite\",\"@id\":\"https:\\\/\\\/rosanacl.com\\\/ca\\\/#website\",\"url\":\"https:\\\/\\\/rosanacl.com\\\/ca\\\/\",\"name\":\"Rosana CL\",\"description\":\"Somos tu interior\",\"potentialAction\":[{\"@type\":\"SearchAction\",\"target\":{\"@type\":\"EntryPoint\",\"urlTemplate\":\"https:\\\/\\\/rosanacl.com\\\/ca\\\/?s={search_term_string}\"},\"query-input\":{\"@type\":\"PropertyValueSpecification\",\"valueRequired\":true,\"valueName\":\"search_term_string\"}}],\"inLanguage\":\"sq\"}]}<\/script>\n<!-- \/ Yoast SEO plugin. -->","yoast_head_json":{"title":"Comprar sujetadores Selene en Barcelona - Rosana CL","robots":{"index":"index","follow":"follow","max-snippet":"max-snippet:-1","max-image-preview":"max-image-preview:large","max-video-preview":"max-video-preview:-1"},"canonical":"https:\/\/rosanacl.com\/sq\/comprar-sujetadores-selene-en-barcelona\/","og_locale":"sq_AL","og_type":"article","og_title":"Comprar sujetadores Selene en Barcelona - Rosana CL","og_description":"Comprar sujetadores Selene en Barcelona Comprar sujetadores Selene en Barcelona: variedad real pensada para cada mujer Cuando una mujer busca comprar sujetadores Selene en Barcelona, lo que realmente quiere es una combinaci\u00f3n de dise\u00f1o, comodidad y un ajuste impecable. En Rosana CL entendemos que cada cuerpo es \u00fanico, y por eso ofrecemos un cat\u00e1logo actualizado [&hellip;]","og_url":"https:\/\/rosanacl.com\/sq\/comprar-sujetadores-selene-en-barcelona\/","og_site_name":"Rosana CL","article_modified_time":"2025-11-26T23:53:09+00:00","og_image":[{"width":2000,"height":1414,"url":"https:\/\/rosanacl.com\/wp-content\/uploads\/2025\/08\/comprar-lenceria-online.jpg","type":"image\/jpeg"}],"twitter_card":"summary_large_image","twitter_misc":{"Est. reading time":"2 minuta"},"schema":{"@context":"https:\/\/schema.org","@graph":[{"@type":"WebPage","@id":"https:\/\/rosanacl.com\/comprar-sujetadores-selene-en-barcelona\/","url":"https:\/\/rosanacl.com\/comprar-sujetadores-selene-en-barcelona\/","name":"Comprar sujetadores Selene en Barcelona - Rosana CL","isPartOf":{"@id":"https:\/\/rosanacl.com\/ca\/#website"},"primaryImageOfPage":{"@id":"https:\/\/rosanacl.com\/comprar-sujetadores-selene-en-barcelona\/#primaryimage"},"image":{"@id":"https:\/\/rosanacl.com\/comprar-sujetadores-selene-en-barcelona\/#primaryimage"},"thumbnailUrl":"https:\/\/rosanacl.com\/wp-content\/uploads\/2025\/08\/comprar-lenceria-online-1024x724.jpg","datePublished":"2025-11-26T23:49:16+00:00","dateModified":"2025-11-26T23:53:09+00:00","breadcrumb":{"@id":"https:\/\/rosanacl.com\/comprar-sujetadores-selene-en-barcelona\/#breadcrumb"},"inLanguage":"sq","potentialAction":[{"@type":"ReadAction","target":["https:\/\/rosanacl.com\/comprar-sujetadores-selene-en-barcelona\/"]}]},{"@type":"ImageObject","inLanguage":"sq","@id":"https:\/\/rosanacl.com\/comprar-sujetadores-selene-en-barcelona\/#primaryimage","url":"https:\/\/rosanacl.com\/wp-content\/uploads\/2025\/08\/comprar-lenceria-online-1024x724.jpg","contentUrl":"https:\/\/rosanacl.com\/wp-content\/uploads\/2025\/08\/comprar-lenceria-online-1024x724.jpg"},{"@type":"BreadcrumbList","@id":"https:\/\/rosanacl.com\/comprar-sujetadores-selene-en-barcelona\/#breadcrumb","itemListElement":[{"@type":"ListItem","position":1,"name":"Portada","item":"https:\/\/rosanacl.com\/ca\/"},{"@type":"ListItem","position":2,"name":"Comprar sujetadores Selene en Barcelona"}]},{"@type":"WebSite","@id":"https:\/\/rosanacl.com\/ca\/#website","url":"https:\/\/rosanacl.com\/ca\/","name":"Rosana CL","description":"Ne jemi vetvetja juaj e brendshme","potentialAction":[{"@type":"SearchAction","target":{"@type":"EntryPoint","urlTemplate":"https:\/\/rosanacl.com\/ca\/?s={search_term_string}"},"query-input":{"@type":"PropertyValueSpecification","valueRequired":true,"valueName":"search_term_string"}}],"inLanguage":"sq"}]}},"_links":{"self":[{"href":"https:\/\/rosanacl.com\/sq\/wp-json\/wp\/v2\/pages\/4182","targetHints":{"allow":["GET"]}}],"collection":[{"href":"https:\/\/rosanacl.com\/sq\/wp-json\/wp\/v2\/pages"}],"about":[{"href":"https:\/\/rosanacl.com\/sq\/wp-json\/wp\/v2\/types\/page"}],"author":[{"embeddable":true,"href":"https:\/\/rosanacl.com\/sq\/wp-json\/wp\/v2\/users\/1"}],"replies":[{"embeddable":true,"href":"https:\/\/rosanacl.com\/sq\/wp-json\/wp\/v2\/comments?post=4182"}],"version-history":[{"count":0,"href":"https:\/\/rosanacl.com\/sq\/wp-json\/wp\/v2\/pages\/4182\/revisions"}],"wp:attachment":[{"href":"https:\/\/rosanacl.com\/sq\/wp-json\/wp\/v2\/media?parent=4182"}],"curies":[{"name":"wp","href":"https:\/\/api.w.org\/{rel}","templated":true}]}}