{"id":4521,"date":"2025-12-30T07:20:29","date_gmt":"2025-12-30T06:20:29","guid":{"rendered":"https:\/\/rosanacl.com\/?page_id=4521"},"modified":"2025-12-30T07:22:26","modified_gmt":"2025-12-30T06:22:26","slug":"comprar-sujetadores-selene-en-valencia","status":"publish","type":"page","link":"https:\/\/rosanacl.com\/sq\/comprar-sujetadores-selene-en-valencia\/","title":{"rendered":"Bleni sytjena Selene n\u00eb Valencia"},"content":{"rendered":"<div data-elementor-type=\"wp-page\" data-elementor-id=\"4521\" class=\"elementor elementor-4521\" data-elementor-post-type=\"page\">\n\t\t\t\t<div class=\"elementor-element elementor-element-171998c7 e-flex e-con-boxed e-con e-parent\" data-id=\"171998c7\" data-element_type=\"container\" data-e-type=\"container\">\n\t\t\t\t\t<div class=\"e-con-inner\">\n\t\t\t\t<div class=\"elementor-element elementor-element-6575351f elementor-widget elementor-widget-text-editor\" data-id=\"6575351f\" data-element_type=\"widget\" data-e-type=\"widget\" data-widget_type=\"text-editor.default\">\n\t\t\t\t<div class=\"elementor-widget-container\">\n\t\t\t\t\t\t\t\t\t\n<p><\/p>\n\n\n\n<p><\/p>\n\t\t\t\t\t\t\t\t<\/div>\n\t\t\t\t<\/div>\n\t\t\t\t\t<\/div>\n\t\t\t\t<\/div>\n\t\t<div class=\"elementor-element elementor-element-cf7d341 e-flex e-con-boxed e-con e-parent\" data-id=\"cf7d341\" data-element_type=\"container\" data-e-type=\"container\">\n\t\t\t\t\t<div class=\"e-con-inner\">\n\t\t\t\t<div class=\"elementor-element elementor-element-1f1d080 elementor-widget elementor-widget-heading\" data-id=\"1f1d080\" data-element_type=\"widget\" data-e-type=\"widget\" data-widget_type=\"heading.default\">\n\t\t\t\t<div class=\"elementor-widget-container\">\n\t\t\t\t\t<h2 class=\"elementor-heading-title elementor-size-default\">Bleni sytjena Selene n\u00eb Valencia<\/h2>\t\t\t\t<\/div>\n\t\t\t\t<\/div>\n\t\t\t\t\t<\/div>\n\t\t\t\t<\/div>\n\t\t<div class=\"elementor-element elementor-element-dc1921d e-flex e-con-boxed e-con e-parent\" data-id=\"dc1921d\" data-element_type=\"container\" data-e-type=\"container\">\n\t\t\t\t\t<div class=\"e-con-inner\">\n\t\t<div class=\"elementor-element elementor-element-d19616f e-con-full e-flex e-con e-child\" data-id=\"d19616f\" data-element_type=\"container\" data-e-type=\"container\">\n\t\t\t\t<div class=\"elementor-element elementor-element-2ee6475 elementor-widget elementor-widget-text-editor\" data-id=\"2ee6475\" data-element_type=\"widget\" data-e-type=\"widget\" data-widget_type=\"text-editor.default\">\n\t\t\t\t<div class=\"elementor-widget-container\">\n\t\t\t\t\t\t\t\t\t<h3 data-start=\"407\" data-end=\"489\"><strong data-start=\"411\" data-end=\"489\">Pse blerja e re\u00e7ipetave Selene n\u00eb Valencia \u00ebsht\u00eb nj\u00eb vendim i zgjuar<\/strong><\/h3>\n<p data-start=\"490\" data-end=\"892\">Blerja e t\u00eb brendshmeve \u00ebsht\u00eb nj\u00eb vendim q\u00eb shkon p\u00ebrtej estetik\u00ebs. Kur nj\u00eb grua vendos <strong data-start=\"585\" data-end=\"627\">Bleni sytjena Selene n\u00eb Valencia<\/strong>, Duke k\u00ebrkuar rehati, nj\u00eb p\u00ebrshtatje perfekte dhe qet\u00ebsin\u00eb shpirt\u00ebrore q\u00eb vjen me zgjedhjen e nj\u00eb marke t\u00eb njohur p\u00ebr cil\u00ebsin\u00eb e saj? Selene \u00ebsht\u00eb nj\u00eb kompani spanjolle me nj\u00eb histori t\u00eb gjat\u00eb n\u00eb dizajnimin e re\u00e7ipetave p\u00ebr gra t\u00eb v\u00ebrteta me nevoja t\u00eb ndryshme dhe stil jetese aktiv.<\/p>\n<p data-start=\"894\" data-end=\"1248\">N\u00eb Rosana CL, ne e kuptojm\u00eb q\u00eb \u00e7do trup \u00ebsht\u00eb i ndrysh\u00ebm dhe se jo t\u00eb gjitha sytjenat funksionojn\u00eb nj\u00ebsoj p\u00ebr \u00e7do grua. Kjo \u00ebsht\u00eb arsyeja pse ne ofrojm\u00eb nj\u00eb p\u00ebrzgjedhje t\u00eb kuruar me kujdes p\u00ebr <strong data-start=\"1063\" data-end=\"1105\">Bleni sytjena Selene n\u00eb Valencia<\/strong>, Produktet tona jan\u00eb t\u00eb p\u00ebrshtatura p\u00ebr lloje, madh\u00ebsi dhe preferenca t\u00eb ndryshme t\u00eb gjinjve. Fokusi yn\u00eb nuk \u00ebsht\u00eb te shitja sipas v\u00ebllimit, por te ofrimi i k\u00ebshillave nga ekspert\u00ebt.<\/p>\n<p data-start=\"1250\" data-end=\"1482\">Zgjedhja e re\u00e7ipetave t\u00eb duhura ndikon drejtp\u00ebrdrejt n\u00eb q\u00ebndrimin, rehatin\u00eb e p\u00ebrditshme dhe vet\u00ebbesimin. Kjo \u00ebsht\u00eb arsyeja pse, kur b\u00ebhet fjal\u00eb p\u00ebr <strong data-start=\"1382\" data-end=\"1424\">Bleni sytjena Selene n\u00eb Valencia<\/strong>, T\u00eb kesh nj\u00eb dyqan t\u00eb specializuar b\u00ebn gjith\u00eb ndryshimin.<\/p>\t\t\t\t\t\t\t\t<\/div>\n\t\t\t\t<\/div>\n\t\t\t\t<\/div>\n\t\t<div class=\"elementor-element elementor-element-5568f8b e-con-full e-flex e-con e-child\" data-id=\"5568f8b\" data-element_type=\"container\" data-e-type=\"container\">\n\t\t\t\t<div class=\"elementor-element elementor-element-980debe elementor-widget elementor-widget-image\" data-id=\"980debe\" data-element_type=\"widget\" data-e-type=\"widget\" data-widget_type=\"image.default\">\n\t\t\t\t<div class=\"elementor-widget-container\">\n\t\t\t\t\t\t\t\t\t\t\t\t\t\t\t<img fetchpriority=\"high\" decoding=\"async\" width=\"800\" height=\"566\" src=\"https:\/\/rosanacl.com\/wp-content\/uploads\/2025\/08\/comprar-lenceria-online-1024x724.jpg\" class=\"attachment-large size-large wp-image-3687\" alt=\"\" srcset=\"https:\/\/rosanacl.com\/wp-content\/uploads\/2025\/08\/comprar-lenceria-online-1024x724.jpg 1024w, https:\/\/rosanacl.com\/wp-content\/uploads\/2025\/08\/comprar-lenceria-online-300x212.jpg 300w, https:\/\/rosanacl.com\/wp-content\/uploads\/2025\/08\/comprar-lenceria-online-768x543.jpg 768w, https:\/\/rosanacl.com\/wp-content\/uploads\/2025\/08\/comprar-lenceria-online-1536x1086.jpg 1536w, https:\/\/rosanacl.com\/wp-content\/uploads\/2025\/08\/comprar-lenceria-online-18x12.jpg 18w, https:\/\/rosanacl.com\/wp-content\/uploads\/2025\/08\/comprar-lenceria-online-600x424.jpg 600w, https:\/\/rosanacl.com\/wp-content\/uploads\/2025\/08\/comprar-lenceria-online.jpg 2000w\" sizes=\"(max-width: 800px) 100vw, 800px\" \/>\t\t\t\t\t\t\t\t\t\t\t\t\t\t\t<\/div>\n\t\t\t\t<\/div>\n\t\t\t\t<\/div>\n\t\t\t\t\t<\/div>\n\t\t\t\t<\/div>\n\t\t<div class=\"elementor-element elementor-element-5e380fb e-flex e-con-boxed e-con e-parent\" data-id=\"5e380fb\" data-element_type=\"container\" data-e-type=\"container\">\n\t\t\t\t\t<div class=\"e-con-inner\">\n\t\t<div class=\"elementor-element elementor-element-a763375 e-con-full e-flex e-con e-child\" data-id=\"a763375\" data-element_type=\"container\" data-e-type=\"container\">\n\t\t\t\t<div class=\"elementor-element elementor-element-a8aecc4 elementor-widget elementor-widget-image\" data-id=\"a8aecc4\" data-element_type=\"widget\" data-e-type=\"widget\" data-widget_type=\"image.default\">\n\t\t\t\t<div class=\"elementor-widget-container\">\n\t\t\t\t\t\t\t\t\t\t\t\t\t\t\t<img decoding=\"async\" width=\"800\" height=\"566\" src=\"https:\/\/rosanacl.com\/wp-content\/uploads\/2025\/08\/comprar-lenceria-selene-1024x724.jpg\" class=\"attachment-large size-large wp-image-3688\" alt=\"\" srcset=\"https:\/\/rosanacl.com\/wp-content\/uploads\/2025\/08\/comprar-lenceria-selene-1024x724.jpg 1024w, https:\/\/rosanacl.com\/wp-content\/uploads\/2025\/08\/comprar-lenceria-selene-300x212.jpg 300w, https:\/\/rosanacl.com\/wp-content\/uploads\/2025\/08\/comprar-lenceria-selene-768x543.jpg 768w, https:\/\/rosanacl.com\/wp-content\/uploads\/2025\/08\/comprar-lenceria-selene-1536x1086.jpg 1536w, https:\/\/rosanacl.com\/wp-content\/uploads\/2025\/08\/comprar-lenceria-selene-18x12.jpg 18w, https:\/\/rosanacl.com\/wp-content\/uploads\/2025\/08\/comprar-lenceria-selene-600x424.jpg 600w, https:\/\/rosanacl.com\/wp-content\/uploads\/2025\/08\/comprar-lenceria-selene.jpg 2000w\" sizes=\"(max-width: 800px) 100vw, 800px\" \/>\t\t\t\t\t\t\t\t\t\t\t\t\t\t\t<\/div>\n\t\t\t\t<\/div>\n\t\t\t\t<\/div>\n\t\t<div class=\"elementor-element elementor-element-b02b1e9 e-con-full e-flex e-con e-child\" data-id=\"b02b1e9\" data-element_type=\"container\" data-e-type=\"container\">\n\t\t\t\t<div class=\"elementor-element elementor-element-ca9adbf elementor-widget elementor-widget-text-editor\" data-id=\"ca9adbf\" data-element_type=\"widget\" data-e-type=\"widget\" data-widget_type=\"text-editor.default\">\n\t\t\t\t<div class=\"elementor-widget-container\">\n\t\t\t\t\t\t\t\t\t<h3 data-start=\"1484\" data-end=\"1560\"><strong data-start=\"1488\" data-end=\"1560\">Bleni sytjena Selene n\u00eb Valencia me k\u00ebshilla profesionale<\/strong><\/h3>\n<p data-start=\"1561\" data-end=\"1841\">Nj\u00eb nga arsyet kryesore p\u00ebr <strong data-start=\"1597\" data-end=\"1639\">Bleni sytjena Selene n\u00eb Valencia<\/strong> N\u00eb Rosana CL, ne ofrojm\u00eb k\u00ebshilla nga ekspert\u00eb. Ne kemi njohuri t\u00eb thella mbi modelet, p\u00eblhurat dhe sistemet e fiksimit t\u00eb Selene, gj\u00eb q\u00eb na lejon t\u00eb rekomandojm\u00eb modelin m\u00eb t\u00eb p\u00ebrshtatsh\u00ebm p\u00ebr secilin rast individual.<\/p>\n<p data-start=\"1843\" data-end=\"2193\">Nuk \u00ebsht\u00eb e nj\u00ebjta gj\u00eb t\u00eb k\u00ebrkosh nj\u00eb re\u00e7ipeta p\u00ebr p\u00ebrdorim t\u00eb p\u00ebrditsh\u00ebm, p\u00ebr dit\u00eb t\u00eb gjata pune, p\u00ebr ngjarje t\u00eb ve\u00e7anta ose p\u00ebr nevoja specifike, si\u00e7 \u00ebsht\u00eb mb\u00ebshtetja shtes\u00eb ose zvog\u00eblimi vizual i gjoksit. N\u00eb Rosana CL, ne ju ndihmojm\u00eb. <strong data-start=\"2054\" data-end=\"2096\">Bleni sytjena Selene n\u00eb Valencia<\/strong> me kritere teknike, duke shmangur gabimet e zakonshme si\u00e7 jan\u00eb madh\u00ebsit\u00eb e pasakta ose modelet e pap\u00ebrshtatshme.<\/p>\n<p data-start=\"2195\" data-end=\"2363\">P\u00ebr m\u00eb tep\u00ebr, ne punojm\u00eb ekskluzivisht me produkte origjinale, duke garantuar autenticitetin dhe q\u00ebndrueshm\u00ebrin\u00eb e \u00e7do veshjeje. Kjo \u00ebsht\u00eb thelb\u00ebsore kur investoni n\u00eb t\u00eb brendshme cil\u00ebsore.<\/p>\t\t\t\t\t\t\t\t<\/div>\n\t\t\t\t<\/div>\n\t\t\t\t<\/div>\n\t\t\t\t\t<\/div>\n\t\t\t\t<\/div>\n\t\t<div class=\"elementor-element elementor-element-495e863 e-flex e-con-boxed e-con e-parent\" data-id=\"495e863\" data-element_type=\"container\" data-e-type=\"container\">\n\t\t\t\t\t<div class=\"e-con-inner\">\n\t\t\t\t<div class=\"elementor-element elementor-element-fe47ba3 elementor-widget elementor-widget-text-editor\" data-id=\"fe47ba3\" data-element_type=\"widget\" data-e-type=\"widget\" data-widget_type=\"text-editor.default\">\n\t\t\t\t<div class=\"elementor-widget-container\">\n\t\t\t\t\t\t\t\t\t<h3 data-start=\"2365\" data-end=\"2448\"><strong data-start=\"2369\" data-end=\"2448\">Bleni sytjena Selene n\u00eb Valencia te Rosana CL: p\u00ebrvoj\u00eb dhe garanci<\/strong><\/h3>\n<p data-start=\"2449\" data-end=\"2726\">Rosana CL e ka vendosur veten si nj\u00eb pik\u00eb referimi p\u00ebr <strong data-start=\"2502\" data-end=\"2544\">Bleni sytjena Selene n\u00eb Valencia<\/strong> Fal\u00eb specializimit ton\u00eb n\u00eb t\u00eb brendshme femrash, katalogu yn\u00eb p\u00ebrdit\u00ebsohet vazhdimisht me koleksionet m\u00eb t\u00eb njohura, duke ofruar nj\u00eb larmi stilesh, ngjyrash dhe madh\u00ebsish.<\/p>\n<p data-start=\"2728\" data-end=\"2963\">Ne jemi t\u00eb p\u00ebrkushtuar ndaj nj\u00eb p\u00ebrvoje blerjeje miq\u00ebsore, t\u00eb qart\u00eb dhe t\u00eb ndershme. Ne duam q\u00eb \u00e7do grua q\u00eb vendos t\u00eb blej\u00eb k\u00ebtu t\u00eb ndihet e vler\u00ebsuar. <strong data-start=\"2829\" data-end=\"2871\">Bleni sytjena Selene n\u00eb Valencia<\/strong> Largohu e k\u00ebnaqur, e sigurt n\u00eb zgjedhjen t\u00ebnde dhe me nj\u00eb veshje q\u00eb v\u00ebrtet e p\u00ebrmir\u00ebson jet\u00ebn t\u00ebnde t\u00eb p\u00ebrditshme.<\/p>\n<p data-start=\"2965\" data-end=\"3122\">N\u00eb fund t\u00eb fundit, zgjedhja e Rosana CL do t\u00eb thot\u00eb t\u00eb zgjedh\u00ebsh cil\u00ebsi, p\u00ebrvoj\u00eb dhe v\u00ebmendje t\u00eb personalizuar. Sepse nj\u00eb re\u00e7ipeta e mir\u00eb kalon pa u v\u00ebn\u00eb re, por ti e vler\u00ebson at\u00eb \u00e7do dit\u00eb.<\/p>\t\t\t\t\t\t\t\t<\/div>\n\t\t\t\t<\/div>\n\t\t\t\t\t<\/div>\n\t\t\t\t<\/div>\n\t\t<div class=\"elementor-element elementor-element-d05ed3a e-flex e-con-boxed e-con e-parent\" data-id=\"d05ed3a\" data-element_type=\"container\" data-e-type=\"container\">\n\t\t\t\t\t<div class=\"e-con-inner\">\n\t\t\t\t<div class=\"elementor-element elementor-element-b883e86 elementor-widget elementor-widget-heading\" data-id=\"b883e86\" data-element_type=\"widget\" data-e-type=\"widget\" data-widget_type=\"heading.default\">\n\t\t\t\t<div class=\"elementor-widget-container\">\n\t\t\t\t\t<h2 class=\"elementor-heading-title elementor-size-default\">Na kontaktoni <\/h2>\t\t\t\t<\/div>\n\t\t\t\t<\/div>\n\t\t\t\t\t<\/div>\n\t\t\t\t<\/div>\n\t\t<div class=\"elementor-element elementor-element-00e20e2 e-flex e-con-boxed e-con e-parent\" data-id=\"00e20e2\" data-element_type=\"container\" data-e-type=\"container\">\n\t\t\t\t\t<div class=\"e-con-inner\">\n\t\t<div class=\"elementor-element elementor-element-8ad8f7b e-con-full e-flex e-con e-child\" data-id=\"8ad8f7b\" data-element_type=\"container\" data-e-type=\"container\">\n\t\t\t\t<div class=\"elementor-element elementor-element-888944a elementor-widget__width-initial elementor-widget elementor-widget-elementskit-contact-form7\" data-id=\"888944a\" data-element_type=\"widget\" data-e-type=\"widget\" data-widget_type=\"elementskit-contact-form7.default\">\n\t\t\t\t<div class=\"elementor-widget-container\">\n\t\t\t\t\t<div class=\"ekit-wid-con\" ><div class=\"ekit-form\">\n<div class=\"wpcf7 no-js\" id=\"wpcf7-f48-p4521-o1\" lang=\"es-ES\" dir=\"ltr\" data-wpcf7-id=\"48\">\n<div class=\"screen-reader-response\"><p role=\"status\" aria-live=\"polite\" aria-atomic=\"true\"><\/p> <ul><\/ul><\/div>\n<form action=\"\/sq\/comprar-sujetadores-selene-en-valencia\/#wpcf7-f48-p4521-o1\" method=\"post\" class=\"wpcf7-form init\" aria-label=\"Formulari i kontaktit\" novalidate=\"novalidate\" data-status=\"init\" data-trp-original-action=\"\/comprar-sujetadores-selene-en-valencia\/#wpcf7-f48-p4521-o1\">\n<fieldset class=\"hidden-fields-container\"><input type=\"hidden\" name=\"_wpcf7\" value=\"48\" \/><input type=\"hidden\" name=\"_wpcf7_version\" value=\"6.1.5\" \/><input type=\"hidden\" name=\"_wpcf7_locale\" value=\"es_ES\" \/><input type=\"hidden\" name=\"_wpcf7_unit_tag\" value=\"wpcf7-f48-p4521-o1\" \/><input type=\"hidden\" name=\"_wpcf7_container_post\" value=\"4521\" \/><input type=\"hidden\" name=\"_wpcf7_posted_data_hash\" value=\"\" \/><input type=\"hidden\" name=\"_wpcf7_recaptcha_response\" value=\"\" \/>\n<\/fieldset>\n<div class=\"form-row\">\n\t<div class=\"form-column\">\n\t\t<p><span class=\"wpcf7-form-control-wrap\" data-name=\"nombre\"><input size=\"40\" maxlength=\"400\" class=\"wpcf7-form-control wpcf7-text wpcf7-validates-as-required\" aria-required=\"true\" aria-invalid=\"false\" placeholder=\"Emri\" value=\"\" type=\"text\" name=\"nombre\" \/><\/span>\n\t\t<\/p>\n\t<\/div>\n\t<div class=\"form-column\">\n\t\t<p><span class=\"wpcf7-form-control-wrap\" data-name=\"telefono\"><input size=\"40\" maxlength=\"400\" class=\"wpcf7-form-control wpcf7-tel wpcf7-validates-as-required wpcf7-text wpcf7-validates-as-tel\" aria-required=\"true\" aria-invalid=\"false\" placeholder=\"Telefoni *\" value=\"\" type=\"tel\" name=\"telefono\" \/><\/span>\n\t\t<\/p>\n\t<\/div>\n<\/div>\n<div class=\"form-row\">\n\t<div class=\"form-column\">\n\t\t<p><span class=\"wpcf7-form-control-wrap\" data-name=\"email\"><input size=\"40\" maxlength=\"400\" class=\"wpcf7-form-control wpcf7-email wpcf7-validates-as-required wpcf7-text wpcf7-validates-as-email\" aria-required=\"true\" aria-invalid=\"false\" placeholder=\"Email *\" value=\"\" type=\"email\" name=\"email\" \/><\/span>\n\t\t<\/p>\n\t<\/div>\n\t<div class=\"form-column\">\n\t\t<p><span class=\"wpcf7-form-control-wrap\" data-name=\"asunto\"><input size=\"40\" maxlength=\"400\" class=\"wpcf7-form-control wpcf7-text wpcf7-validates-as-required\" aria-required=\"true\" aria-invalid=\"false\" placeholder=\"Afera *\" value=\"\" type=\"text\" name=\"asunto\" \/><\/span>\n\t\t<\/p>\n\t<\/div>\n<\/div>\n<p><span class=\"wpcf7-form-control-wrap\" data-name=\"mensaje\"><textarea cols=\"40\" rows=\"10\" maxlength=\"2000\" class=\"wpcf7-form-control wpcf7-textarea wpcf7-validates-as-required\" aria-required=\"true\" aria-invalid=\"false\" placeholder=\"Mesazh\" name=\"mensaje\"><\/textarea><\/span>\n<\/p>\n<p class=\"legal-priv\"><span class=\"wpcf7-form-control-wrap\" data-name=\"acceptance-787\"><span class=\"wpcf7-form-control wpcf7-acceptance\"><span class=\"wpcf7-list-item\"><label><input type=\"checkbox\" name=\"acceptance-787\" value=\"1\" aria-invalid=\"false\" \/><span class=\"wpcf7-list-item-label\">E kam lexuar dhe pajtohem me <a href=\"https:\/\/rosanacl.com\/sq\/politica-de-privacidad\/\">Politika e Privat\u00ebsis\u00eb<\/a><\/span><\/label><\/span><\/span><\/span>\n<\/p>\n<p><input class=\"wpcf7-form-control wpcf7-submit has-spinner\" type=\"submit\" value=\"D\u00cbRGO MESAZH\" \/>\n<\/p><div class=\"wpcf7-response-output\" aria-hidden=\"true\"><\/div>\n<input type=\"hidden\" name=\"trp-form-language\" value=\"sq\"\/><\/form>\n<\/div>\n<\/div><\/div>\t\t\t\t<\/div>\n\t\t\t\t<\/div>\n\t\t\t\t<\/div>\n\t\t\t\t\t<\/div>\n\t\t\t\t<\/div>\n\t\t\t\t<\/div>","protected":false},"excerpt":{"rendered":"<p>Comprar sujetadores Selene en Valencia Por qu\u00e9 comprar sujetadores Selene en Valencia es una decisi\u00f3n inteligente Comprar lencer\u00eda es una decisi\u00f3n que va mucho m\u00e1s all\u00e1 de la est\u00e9tica. Cuando una mujer decide comprar sujetadores Selene en Valencia, busca comodidad, ajuste perfecto y la tranquilidad de elegir una marca reconocida por su calidad. Selene es [&hellip;]<\/p>\n","protected":false},"author":1,"featured_media":0,"parent":0,"menu_order":0,"comment_status":"closed","ping_status":"closed","template":"","meta":{"content-type":"","footnotes":""},"class_list":["post-4521","page","type-page","status-publish","hentry"],"yoast_head":"<!-- This site is optimized with the Yoast SEO plugin v27.4 - https:\/\/yoast.com\/product\/yoast-seo-wordpress\/ -->\n<title>Comprar sujetadores Selene en Valencia - Rosana CL<\/title>\n<meta name=\"robots\" content=\"index, follow, max-snippet:-1, max-image-preview:large, max-video-preview:-1\" \/>\n<link rel=\"canonical\" href=\"https:\/\/rosanacl.com\/sq\/comprar-sujetadores-selene-en-valencia\/\" \/>\n<meta property=\"og:locale\" content=\"sq_AL\" \/>\n<meta property=\"og:type\" content=\"article\" \/>\n<meta property=\"og:title\" content=\"Comprar sujetadores Selene en Valencia - Rosana CL\" \/>\n<meta property=\"og:description\" content=\"Comprar sujetadores Selene en Valencia Por qu\u00e9 comprar sujetadores Selene en Valencia es una decisi\u00f3n inteligente Comprar lencer\u00eda es una decisi\u00f3n que va mucho m\u00e1s all\u00e1 de la est\u00e9tica. Cuando una mujer decide comprar sujetadores Selene en Valencia, busca comodidad, ajuste perfecto y la tranquilidad de elegir una marca reconocida por su calidad. Selene es [&hellip;]\" \/>\n<meta property=\"og:url\" content=\"https:\/\/rosanacl.com\/sq\/comprar-sujetadores-selene-en-valencia\/\" \/>\n<meta property=\"og:site_name\" content=\"Rosana CL\" \/>\n<meta property=\"article:modified_time\" content=\"2025-12-30T06:22:26+00:00\" \/>\n<meta property=\"og:image\" content=\"https:\/\/rosanacl.com\/wp-content\/uploads\/2025\/08\/comprar-lenceria-online.jpg\" \/>\n\t<meta property=\"og:image:width\" content=\"2000\" \/>\n\t<meta property=\"og:image:height\" content=\"1414\" \/>\n\t<meta property=\"og:image:type\" content=\"image\/jpeg\" \/>\n<meta name=\"twitter:card\" content=\"summary_large_image\" \/>\n<meta name=\"twitter:label1\" content=\"Est. reading time\" \/>\n\t<meta name=\"twitter:data1\" content=\"2 minuta\" \/>\n<script type=\"application\/ld+json\" class=\"yoast-schema-graph\">{\"@context\":\"https:\\\/\\\/schema.org\",\"@graph\":[{\"@type\":\"WebPage\",\"@id\":\"https:\\\/\\\/rosanacl.com\\\/it\\\/comprar-sujetadores-selene-en-valencia\\\/\",\"url\":\"https:\\\/\\\/rosanacl.com\\\/it\\\/comprar-sujetadores-selene-en-valencia\\\/\",\"name\":\"Comprar sujetadores Selene en Valencia - Rosana CL\",\"isPartOf\":{\"@id\":\"https:\\\/\\\/rosanacl.com\\\/ca\\\/#website\"},\"primaryImageOfPage\":{\"@id\":\"https:\\\/\\\/rosanacl.com\\\/it\\\/comprar-sujetadores-selene-en-valencia\\\/#primaryimage\"},\"image\":{\"@id\":\"https:\\\/\\\/rosanacl.com\\\/it\\\/comprar-sujetadores-selene-en-valencia\\\/#primaryimage\"},\"thumbnailUrl\":\"https:\\\/\\\/rosanacl.com\\\/wp-content\\\/uploads\\\/2025\\\/08\\\/comprar-lenceria-online-1024x724.jpg\",\"datePublished\":\"2025-12-30T06:20:29+00:00\",\"dateModified\":\"2025-12-30T06:22:26+00:00\",\"breadcrumb\":{\"@id\":\"https:\\\/\\\/rosanacl.com\\\/it\\\/comprar-sujetadores-selene-en-valencia\\\/#breadcrumb\"},\"inLanguage\":\"sq\",\"potentialAction\":[{\"@type\":\"ReadAction\",\"target\":[\"https:\\\/\\\/rosanacl.com\\\/it\\\/comprar-sujetadores-selene-en-valencia\\\/\"]}]},{\"@type\":\"ImageObject\",\"inLanguage\":\"sq\",\"@id\":\"https:\\\/\\\/rosanacl.com\\\/it\\\/comprar-sujetadores-selene-en-valencia\\\/#primaryimage\",\"url\":\"https:\\\/\\\/rosanacl.com\\\/wp-content\\\/uploads\\\/2025\\\/08\\\/comprar-lenceria-online-1024x724.jpg\",\"contentUrl\":\"https:\\\/\\\/rosanacl.com\\\/wp-content\\\/uploads\\\/2025\\\/08\\\/comprar-lenceria-online-1024x724.jpg\"},{\"@type\":\"BreadcrumbList\",\"@id\":\"https:\\\/\\\/rosanacl.com\\\/it\\\/comprar-sujetadores-selene-en-valencia\\\/#breadcrumb\",\"itemListElement\":[{\"@type\":\"ListItem\",\"position\":1,\"name\":\"Portada\",\"item\":\"https:\\\/\\\/rosanacl.com\\\/ca\\\/\"},{\"@type\":\"ListItem\",\"position\":2,\"name\":\"Comprar sujetadores Selene en Valencia\"}]},{\"@type\":\"WebSite\",\"@id\":\"https:\\\/\\\/rosanacl.com\\\/ca\\\/#website\",\"url\":\"https:\\\/\\\/rosanacl.com\\\/ca\\\/\",\"name\":\"Rosana CL\",\"description\":\"Somos tu interior\",\"potentialAction\":[{\"@type\":\"SearchAction\",\"target\":{\"@type\":\"EntryPoint\",\"urlTemplate\":\"https:\\\/\\\/rosanacl.com\\\/ca\\\/?s={search_term_string}\"},\"query-input\":{\"@type\":\"PropertyValueSpecification\",\"valueRequired\":true,\"valueName\":\"search_term_string\"}}],\"inLanguage\":\"sq\"}]}<\/script>\n<!-- \/ Yoast SEO plugin. -->","yoast_head_json":{"title":"Comprar sujetadores Selene en Valencia - Rosana CL","robots":{"index":"index","follow":"follow","max-snippet":"max-snippet:-1","max-image-preview":"max-image-preview:large","max-video-preview":"max-video-preview:-1"},"canonical":"https:\/\/rosanacl.com\/sq\/comprar-sujetadores-selene-en-valencia\/","og_locale":"sq_AL","og_type":"article","og_title":"Comprar sujetadores Selene en Valencia - Rosana CL","og_description":"Comprar sujetadores Selene en Valencia Por qu\u00e9 comprar sujetadores Selene en Valencia es una decisi\u00f3n inteligente Comprar lencer\u00eda es una decisi\u00f3n que va mucho m\u00e1s all\u00e1 de la est\u00e9tica. Cuando una mujer decide comprar sujetadores Selene en Valencia, busca comodidad, ajuste perfecto y la tranquilidad de elegir una marca reconocida por su calidad. Selene es [&hellip;]","og_url":"https:\/\/rosanacl.com\/sq\/comprar-sujetadores-selene-en-valencia\/","og_site_name":"Rosana CL","article_modified_time":"2025-12-30T06:22:26+00:00","og_image":[{"width":2000,"height":1414,"url":"https:\/\/rosanacl.com\/wp-content\/uploads\/2025\/08\/comprar-lenceria-online.jpg","type":"image\/jpeg"}],"twitter_card":"summary_large_image","twitter_misc":{"Est. reading time":"2 minuta"},"schema":{"@context":"https:\/\/schema.org","@graph":[{"@type":"WebPage","@id":"https:\/\/rosanacl.com\/it\/comprar-sujetadores-selene-en-valencia\/","url":"https:\/\/rosanacl.com\/it\/comprar-sujetadores-selene-en-valencia\/","name":"Comprar sujetadores Selene en Valencia - Rosana CL","isPartOf":{"@id":"https:\/\/rosanacl.com\/ca\/#website"},"primaryImageOfPage":{"@id":"https:\/\/rosanacl.com\/it\/comprar-sujetadores-selene-en-valencia\/#primaryimage"},"image":{"@id":"https:\/\/rosanacl.com\/it\/comprar-sujetadores-selene-en-valencia\/#primaryimage"},"thumbnailUrl":"https:\/\/rosanacl.com\/wp-content\/uploads\/2025\/08\/comprar-lenceria-online-1024x724.jpg","datePublished":"2025-12-30T06:20:29+00:00","dateModified":"2025-12-30T06:22:26+00:00","breadcrumb":{"@id":"https:\/\/rosanacl.com\/it\/comprar-sujetadores-selene-en-valencia\/#breadcrumb"},"inLanguage":"sq","potentialAction":[{"@type":"ReadAction","target":["https:\/\/rosanacl.com\/it\/comprar-sujetadores-selene-en-valencia\/"]}]},{"@type":"ImageObject","inLanguage":"sq","@id":"https:\/\/rosanacl.com\/it\/comprar-sujetadores-selene-en-valencia\/#primaryimage","url":"https:\/\/rosanacl.com\/wp-content\/uploads\/2025\/08\/comprar-lenceria-online-1024x724.jpg","contentUrl":"https:\/\/rosanacl.com\/wp-content\/uploads\/2025\/08\/comprar-lenceria-online-1024x724.jpg"},{"@type":"BreadcrumbList","@id":"https:\/\/rosanacl.com\/it\/comprar-sujetadores-selene-en-valencia\/#breadcrumb","itemListElement":[{"@type":"ListItem","position":1,"name":"Portada","item":"https:\/\/rosanacl.com\/ca\/"},{"@type":"ListItem","position":2,"name":"Comprar sujetadores Selene en Valencia"}]},{"@type":"WebSite","@id":"https:\/\/rosanacl.com\/ca\/#website","url":"https:\/\/rosanacl.com\/ca\/","name":"Rosana CL","description":"Ne jemi vetvetja juaj e brendshme","potentialAction":[{"@type":"SearchAction","target":{"@type":"EntryPoint","urlTemplate":"https:\/\/rosanacl.com\/ca\/?s={search_term_string}"},"query-input":{"@type":"PropertyValueSpecification","valueRequired":true,"valueName":"search_term_string"}}],"inLanguage":"sq"}]}},"_links":{"self":[{"href":"https:\/\/rosanacl.com\/sq\/wp-json\/wp\/v2\/pages\/4521","targetHints":{"allow":["GET"]}}],"collection":[{"href":"https:\/\/rosanacl.com\/sq\/wp-json\/wp\/v2\/pages"}],"about":[{"href":"https:\/\/rosanacl.com\/sq\/wp-json\/wp\/v2\/types\/page"}],"author":[{"embeddable":true,"href":"https:\/\/rosanacl.com\/sq\/wp-json\/wp\/v2\/users\/1"}],"replies":[{"embeddable":true,"href":"https:\/\/rosanacl.com\/sq\/wp-json\/wp\/v2\/comments?post=4521"}],"version-history":[{"count":4,"href":"https:\/\/rosanacl.com\/sq\/wp-json\/wp\/v2\/pages\/4521\/revisions"}],"predecessor-version":[{"id":4525,"href":"https:\/\/rosanacl.com\/sq\/wp-json\/wp\/v2\/pages\/4521\/revisions\/4525"}],"wp:attachment":[{"href":"https:\/\/rosanacl.com\/sq\/wp-json\/wp\/v2\/media?parent=4521"}],"curies":[{"name":"wp","href":"https:\/\/api.w.org\/{rel}","templated":true}]}}