{"id":4548,"date":"2026-01-29T15:47:44","date_gmt":"2026-01-29T14:47:44","guid":{"rendered":"https:\/\/rosanacl.com\/?page_id=4548"},"modified":"2026-01-29T15:49:21","modified_gmt":"2026-01-29T14:49:21","slug":"bragas-de-selene-en-valencia","status":"publish","type":"page","link":"https:\/\/rosanacl.com\/sq\/bragas-de-selene-en-valencia\/","title":{"rendered":"T\u00eb brendshmet e Selenes n\u00eb Valencia"},"content":{"rendered":"<div data-elementor-type=\"wp-page\" data-elementor-id=\"4548\" class=\"elementor elementor-4548\" data-elementor-post-type=\"page\">\n\t\t\t\t<div class=\"elementor-element elementor-element-171998c7 e-flex e-con-boxed e-con e-parent\" data-id=\"171998c7\" data-element_type=\"container\" data-e-type=\"container\">\n\t\t\t\t\t<div class=\"e-con-inner\">\n\t\t\t\t<div class=\"elementor-element elementor-element-6575351f elementor-widget elementor-widget-text-editor\" data-id=\"6575351f\" data-element_type=\"widget\" data-e-type=\"widget\" data-widget_type=\"text-editor.default\">\n\t\t\t\t<div class=\"elementor-widget-container\">\n\t\t\t\t\t\t\t\t\t\n<p><\/p>\n\n\n\n<p><\/p>\n\t\t\t\t\t\t\t\t<\/div>\n\t\t\t\t<\/div>\n\t\t\t\t\t<\/div>\n\t\t\t\t<\/div>\n\t\t<div class=\"elementor-element elementor-element-cf7d341 e-flex e-con-boxed e-con e-parent\" data-id=\"cf7d341\" data-element_type=\"container\" data-e-type=\"container\">\n\t\t\t\t\t<div class=\"e-con-inner\">\n\t\t\t\t<div class=\"elementor-element elementor-element-1f1d080 elementor-widget elementor-widget-heading\" data-id=\"1f1d080\" data-element_type=\"widget\" data-e-type=\"widget\" data-widget_type=\"heading.default\">\n\t\t\t\t<div class=\"elementor-widget-container\">\n\t\t\t\t\t<h2 class=\"elementor-heading-title elementor-size-default\">T\u00eb brendshmet e Selenes n\u00eb Valencia<\/h2>\t\t\t\t<\/div>\n\t\t\t\t<\/div>\n\t\t\t\t\t<\/div>\n\t\t\t\t<\/div>\n\t\t<div class=\"elementor-element elementor-element-dc1921d e-flex e-con-boxed e-con e-parent\" data-id=\"dc1921d\" data-element_type=\"container\" data-e-type=\"container\">\n\t\t\t\t\t<div class=\"e-con-inner\">\n\t\t<div class=\"elementor-element elementor-element-d19616f e-con-full e-flex e-con e-child\" data-id=\"d19616f\" data-element_type=\"container\" data-e-type=\"container\">\n\t\t\t\t<div class=\"elementor-element elementor-element-2ee6475 elementor-widget elementor-widget-text-editor\" data-id=\"2ee6475\" data-element_type=\"widget\" data-e-type=\"widget\" data-widget_type=\"text-editor.default\">\n\t\t\t\t<div class=\"elementor-widget-container\">\n\t\t\t\t\t\t\t\t\t<h2 data-start=\"3839\" data-end=\"3913\">T\u00eb brendshme Selene n\u00eb Valencia: rehati e p\u00ebrditshme dhe cil\u00ebsi e provuar<\/h2>\n<p data-start=\"3915\" data-end=\"4234\">I\/E\/T\u00eb\/T\u00eb <strong data-start=\"3919\" data-end=\"3951\">T\u00eb brendshmet e Selenes n\u00eb Valencia<\/strong> Ato jan\u00eb b\u00ebr\u00eb nj\u00eb opsion shum\u00eb i vler\u00ebsuar p\u00ebr grat\u00eb q\u00eb i japin p\u00ebrpar\u00ebsi rehatis\u00eb pa sakrifikuar cil\u00ebsin\u00eb e punimit. Selene \u00ebsht\u00eb nj\u00eb mark\u00eb e njohur p\u00ebr qasjen e saj funksionale, dhe kur kombinohet me ekspertiz\u00ebn e Rosana CL, rezultati \u00ebsht\u00eb nj\u00eb produkt i besuesh\u00ebm dhe jet\u00ebgjat\u00eb.<\/p>\n<p data-start=\"4236\" data-end=\"4482\">Zgjidh <strong data-start=\"4243\" data-end=\"4275\">T\u00eb brendshmet e Selenes n\u00eb Valencia<\/strong> Nuk \u00ebsht\u00eb vet\u00ebm \u00e7\u00ebshtje stili, por edhe mir\u00ebqenieje. T\u00eb brendshmet jan\u00eb shtresa e par\u00eb n\u00eb kontakt me l\u00ebkur\u00ebn, dhe p\u00ebr k\u00ebt\u00eb arsye cil\u00ebsia e tyre ndikon drejtp\u00ebrdrejt n\u00eb m\u00ebnyr\u00ebn se si ndihemi gjat\u00eb gjith\u00eb dit\u00ebs.<\/p>\t\t\t\t\t\t\t\t<\/div>\n\t\t\t\t<\/div>\n\t\t\t\t<\/div>\n\t\t<div class=\"elementor-element elementor-element-5568f8b e-con-full e-flex e-con e-child\" data-id=\"5568f8b\" data-element_type=\"container\" data-e-type=\"container\">\n\t\t\t\t<div class=\"elementor-element elementor-element-980debe elementor-widget elementor-widget-image\" data-id=\"980debe\" data-element_type=\"widget\" data-e-type=\"widget\" data-widget_type=\"image.default\">\n\t\t\t\t<div class=\"elementor-widget-container\">\n\t\t\t\t\t\t\t\t\t\t\t\t\t\t\t<img fetchpriority=\"high\" decoding=\"async\" width=\"800\" height=\"566\" src=\"https:\/\/rosanacl.com\/wp-content\/uploads\/2025\/08\/comprar-lenceria-online-1024x724.jpg\" class=\"attachment-large size-large wp-image-3687\" alt=\"\" srcset=\"https:\/\/rosanacl.com\/wp-content\/uploads\/2025\/08\/comprar-lenceria-online-1024x724.jpg 1024w, https:\/\/rosanacl.com\/wp-content\/uploads\/2025\/08\/comprar-lenceria-online-300x212.jpg 300w, https:\/\/rosanacl.com\/wp-content\/uploads\/2025\/08\/comprar-lenceria-online-768x543.jpg 768w, https:\/\/rosanacl.com\/wp-content\/uploads\/2025\/08\/comprar-lenceria-online-1536x1086.jpg 1536w, https:\/\/rosanacl.com\/wp-content\/uploads\/2025\/08\/comprar-lenceria-online-18x12.jpg 18w, https:\/\/rosanacl.com\/wp-content\/uploads\/2025\/08\/comprar-lenceria-online-600x424.jpg 600w, https:\/\/rosanacl.com\/wp-content\/uploads\/2025\/08\/comprar-lenceria-online.jpg 2000w\" sizes=\"(max-width: 800px) 100vw, 800px\" \/>\t\t\t\t\t\t\t\t\t\t\t\t\t\t\t<\/div>\n\t\t\t\t<\/div>\n\t\t\t\t<\/div>\n\t\t\t\t\t<\/div>\n\t\t\t\t<\/div>\n\t\t<div class=\"elementor-element elementor-element-5e380fb e-flex e-con-boxed e-con e-parent\" data-id=\"5e380fb\" data-element_type=\"container\" data-e-type=\"container\">\n\t\t\t\t\t<div class=\"e-con-inner\">\n\t\t<div class=\"elementor-element elementor-element-a763375 e-con-full e-flex e-con e-child\" data-id=\"a763375\" data-element_type=\"container\" data-e-type=\"container\">\n\t\t\t\t<div class=\"elementor-element elementor-element-a8aecc4 elementor-widget elementor-widget-image\" data-id=\"a8aecc4\" data-element_type=\"widget\" data-e-type=\"widget\" data-widget_type=\"image.default\">\n\t\t\t\t<div class=\"elementor-widget-container\">\n\t\t\t\t\t\t\t\t\t\t\t\t\t\t\t<img decoding=\"async\" width=\"800\" height=\"566\" src=\"https:\/\/rosanacl.com\/wp-content\/uploads\/2025\/08\/comprar-lenceria-selene-1024x724.jpg\" class=\"attachment-large size-large wp-image-3688\" alt=\"\" srcset=\"https:\/\/rosanacl.com\/wp-content\/uploads\/2025\/08\/comprar-lenceria-selene-1024x724.jpg 1024w, https:\/\/rosanacl.com\/wp-content\/uploads\/2025\/08\/comprar-lenceria-selene-300x212.jpg 300w, https:\/\/rosanacl.com\/wp-content\/uploads\/2025\/08\/comprar-lenceria-selene-768x543.jpg 768w, https:\/\/rosanacl.com\/wp-content\/uploads\/2025\/08\/comprar-lenceria-selene-1536x1086.jpg 1536w, https:\/\/rosanacl.com\/wp-content\/uploads\/2025\/08\/comprar-lenceria-selene-18x12.jpg 18w, https:\/\/rosanacl.com\/wp-content\/uploads\/2025\/08\/comprar-lenceria-selene-600x424.jpg 600w, https:\/\/rosanacl.com\/wp-content\/uploads\/2025\/08\/comprar-lenceria-selene.jpg 2000w\" sizes=\"(max-width: 800px) 100vw, 800px\" \/>\t\t\t\t\t\t\t\t\t\t\t\t\t\t\t<\/div>\n\t\t\t\t<\/div>\n\t\t\t\t<\/div>\n\t\t<div class=\"elementor-element elementor-element-b02b1e9 e-con-full e-flex e-con e-child\" data-id=\"b02b1e9\" data-element_type=\"container\" data-e-type=\"container\">\n\t\t\t\t<div class=\"elementor-element elementor-element-ca9adbf elementor-widget elementor-widget-text-editor\" data-id=\"ca9adbf\" data-element_type=\"widget\" data-e-type=\"widget\" data-widget_type=\"text-editor.default\">\n\t\t\t\t<div class=\"elementor-widget-container\">\n\t\t\t\t\t\t\t\t\t<h2 data-start=\"4489\" data-end=\"4550\">T\u00eb brendshme Selene n\u00eb Valencia t\u00eb dizajnuara p\u00ebr p\u00ebrdorim t\u00eb v\u00ebrtet\u00eb<\/h2>\n<p data-start=\"4552\" data-end=\"4817\">Nj\u00eb nga vlerat e m\u00ebdha t\u00eb <strong data-start=\"4586\" data-end=\"4618\">T\u00eb brendshmet e Selenes n\u00eb Valencia<\/strong> Ato jan\u00eb t\u00eb dizajnuara p\u00ebr t\u00eb shoq\u00ebruar rutin\u00ebn tuaj t\u00eb p\u00ebrditshme. Nuk jan\u00eb veshje t\u00eb destinuara p\u00ebr p\u00ebrdorim t\u00eb rastit, por p\u00ebrkundrazi p\u00ebr t\u00eb ofruar rehati gjat\u00eb dit\u00ebve t\u00eb gjata, duke u p\u00ebrshtatur me trupin pa shkaktuar shqet\u00ebsim.<\/p>\n<p data-start=\"4819\" data-end=\"5107\">Rosana CL zgjedh modelet Selene q\u00eb dallohen p\u00ebr p\u00ebrshtatjen e tyre t\u00eb ekuilibruar, but\u00ebsin\u00eb dhe q\u00ebndrueshm\u00ebrin\u00eb. Kjo lejon <strong data-start=\"4949\" data-end=\"4981\">T\u00eb brendshmet e Selenes n\u00eb Valencia<\/strong> Ato ruajn\u00eb form\u00ebn dhe rehatin\u00eb e tyre edhe pas larjeve t\u00eb shumta, di\u00e7ka thelb\u00ebsore p\u00ebr ata q\u00eb k\u00ebrkojn\u00eb cil\u00ebsi afatgjat\u00eb.<\/p>\t\t\t\t\t\t\t\t<\/div>\n\t\t\t\t<\/div>\n\t\t\t\t<\/div>\n\t\t\t\t\t<\/div>\n\t\t\t\t<\/div>\n\t\t<div class=\"elementor-element elementor-element-495e863 e-flex e-con-boxed e-con e-parent\" data-id=\"495e863\" data-element_type=\"container\" data-e-type=\"container\">\n\t\t\t\t\t<div class=\"e-con-inner\">\n\t\t\t\t<div class=\"elementor-element elementor-element-fe47ba3 elementor-widget elementor-widget-text-editor\" data-id=\"fe47ba3\" data-element_type=\"widget\" data-e-type=\"widget\" data-widget_type=\"text-editor.default\">\n\t\t\t\t<div class=\"elementor-widget-container\">\n\t\t\t\t\t\t\t\t\t<h2 data-start=\"5114\" data-end=\"5187\">T\u00eb brendshme Selene n\u00eb Valencia dhe r\u00ebnd\u00ebsia e madh\u00ebsis\u00eb s\u00eb sakt\u00eb<\/h2>\n<p data-start=\"5189\" data-end=\"5495\">Zgjedhja e madh\u00ebsis\u00eb s\u00eb duhur \u00ebsht\u00eb thelb\u00ebsore kur blini <strong data-start=\"5230\" data-end=\"5262\">T\u00eb brendshmet e Selenes n\u00eb Valencia<\/strong>. Madh\u00ebsia e gabuar mund t\u00eb prish\u00eb edhe dizajnin m\u00eb t\u00eb mir\u00eb. N\u00eb Rosana CL, p\u00ebrvoja jon\u00eb n\u00eb t\u00eb brendshme na lejon t\u00eb ofrojm\u00eb nj\u00eb p\u00ebrzgjedhje t\u00eb dizajnuar p\u00ebr lloje t\u00eb ndryshme trupash, duke shmangur gabimet m\u00eb t\u00eb zakonshme kur blini t\u00eb brendshme.<\/p>\n<p data-start=\"5497\" data-end=\"5700\">Kur madh\u00ebsia \u00ebsht\u00eb e duhura, <strong data-start=\"5533\" data-end=\"5565\">T\u00eb brendshmet e Selenes n\u00eb Valencia<\/strong> Ato b\u00ebhen nj\u00eb veshje e rehatshme, diskrete dhe funksionale, e aft\u00eb t\u00eb shoq\u00ebroj\u00eb \u00e7do lloj veshjeje pa l\u00ebn\u00eb shenja ose pa shkaktuar shqet\u00ebsim.<\/p>\n<h2 data-start=\"5707\" data-end=\"5788\">Rosana CL: vendi i besuar p\u00ebr t\u00eb bler\u00eb t\u00eb brendshme Selene n\u00eb Valencia<\/h2>\n<p data-start=\"5790\" data-end=\"6050\">Bli <strong data-start=\"5798\" data-end=\"5830\">T\u00eb brendshmet e Selenes n\u00eb Valencia<\/strong> N\u00eb Rosana CL, zgjedhja e nj\u00eb dyqani t\u00eb specializuar q\u00eb i njeh produktet e tij dhe i kushton v\u00ebmendje \u00e7do detaji \u00ebsht\u00eb thelb\u00ebsore. Kombinimi i nj\u00eb marke t\u00eb njohur dhe k\u00ebshillave t\u00eb ekspert\u00ebve e b\u00ebn blerjen nj\u00eb p\u00ebrvoj\u00eb t\u00eb sigurt dhe t\u00eb k\u00ebnaqshme.<\/p>\n<p data-start=\"6052\" data-end=\"6274\">Rosana CL nuk ofron produkte t\u00eb rast\u00ebsishme, por nj\u00eb p\u00ebrzgjedhje t\u00eb p\u00ebrshtatur sipas nevojave reale t\u00eb klient\u00ebve t\u00eb saj. Kjo \u00ebsht\u00eb arsyeja pse kaq shum\u00eb gra i besojn\u00eb Rosana CL kur k\u00ebrkojn\u00eb... <strong data-start=\"6241\" data-end=\"6273\">T\u00eb brendshmet e Selenes n\u00eb Valencia<\/strong>.<\/p>\t\t\t\t\t\t\t\t<\/div>\n\t\t\t\t<\/div>\n\t\t\t\t\t<\/div>\n\t\t\t\t<\/div>\n\t\t<div class=\"elementor-element elementor-element-d05ed3a e-flex e-con-boxed e-con e-parent\" data-id=\"d05ed3a\" data-element_type=\"container\" data-e-type=\"container\">\n\t\t\t\t\t<div class=\"e-con-inner\">\n\t\t\t\t<div class=\"elementor-element elementor-element-b883e86 elementor-widget elementor-widget-heading\" data-id=\"b883e86\" data-element_type=\"widget\" data-e-type=\"widget\" data-widget_type=\"heading.default\">\n\t\t\t\t<div class=\"elementor-widget-container\">\n\t\t\t\t\t<h2 class=\"elementor-heading-title elementor-size-default\">Na kontaktoni <\/h2>\t\t\t\t<\/div>\n\t\t\t\t<\/div>\n\t\t\t\t\t<\/div>\n\t\t\t\t<\/div>\n\t\t<div class=\"elementor-element elementor-element-00e20e2 e-flex e-con-boxed e-con e-parent\" data-id=\"00e20e2\" data-element_type=\"container\" data-e-type=\"container\">\n\t\t\t\t\t<div class=\"e-con-inner\">\n\t\t<div class=\"elementor-element elementor-element-8ad8f7b e-con-full e-flex e-con e-child\" data-id=\"8ad8f7b\" data-element_type=\"container\" data-e-type=\"container\">\n\t\t\t\t<div class=\"elementor-element elementor-element-888944a elementor-widget__width-initial elementor-widget elementor-widget-elementskit-contact-form7\" data-id=\"888944a\" data-element_type=\"widget\" data-e-type=\"widget\" data-widget_type=\"elementskit-contact-form7.default\">\n\t\t\t\t<div class=\"elementor-widget-container\">\n\t\t\t\t\t<div class=\"ekit-wid-con\" ><div class=\"ekit-form\">\n<div class=\"wpcf7 no-js\" id=\"wpcf7-f48-o1\" lang=\"es-ES\" dir=\"ltr\" data-wpcf7-id=\"48\">\n<div class=\"screen-reader-response\"><p role=\"status\" aria-live=\"polite\" aria-atomic=\"true\"><\/p> <ul><\/ul><\/div>\n<form action=\"\/de\/wp-json\/wp\/v2\/pages\/4548#wpcf7-f48-o1\" method=\"post\" class=\"wpcf7-form init\" aria-label=\"Formulari i kontaktit\" novalidate=\"novalidate\" data-status=\"init\" data-trp-original-action=\"\/de\/wp-json\/wp\/v2\/pages\/4548#wpcf7-f48-o1\">\n<fieldset class=\"hidden-fields-container\"><input type=\"hidden\" name=\"_wpcf7\" value=\"48\" \/><input type=\"hidden\" name=\"_wpcf7_version\" value=\"6.1.5\" \/><input type=\"hidden\" name=\"_wpcf7_locale\" value=\"es_ES\" \/><input type=\"hidden\" name=\"_wpcf7_unit_tag\" value=\"wpcf7-f48-o1\" \/><input type=\"hidden\" name=\"_wpcf7_container_post\" value=\"0\" \/><input type=\"hidden\" name=\"_wpcf7_posted_data_hash\" value=\"\" \/><input type=\"hidden\" name=\"_wpcf7_recaptcha_response\" value=\"\" \/>\n<\/fieldset>\n<div class=\"form-row\">\n\t<div class=\"form-column\">\n\t\t<p><span class=\"wpcf7-form-control-wrap\" data-name=\"nombre\"><input size=\"40\" maxlength=\"400\" class=\"wpcf7-form-control wpcf7-text wpcf7-validates-as-required\" aria-required=\"true\" aria-invalid=\"false\" placeholder=\"Emri\" value=\"\" type=\"text\" name=\"nombre\" \/><\/span>\n\t\t<\/p>\n\t<\/div>\n\t<div class=\"form-column\">\n\t\t<p><span class=\"wpcf7-form-control-wrap\" data-name=\"telefono\"><input size=\"40\" maxlength=\"400\" class=\"wpcf7-form-control wpcf7-tel wpcf7-validates-as-required wpcf7-text wpcf7-validates-as-tel\" aria-required=\"true\" aria-invalid=\"false\" placeholder=\"Telefoni *\" value=\"\" type=\"tel\" name=\"telefono\" \/><\/span>\n\t\t<\/p>\n\t<\/div>\n<\/div>\n<div class=\"form-row\">\n\t<div class=\"form-column\">\n\t\t<p><span class=\"wpcf7-form-control-wrap\" data-name=\"email\"><input size=\"40\" maxlength=\"400\" class=\"wpcf7-form-control wpcf7-email wpcf7-validates-as-required wpcf7-text wpcf7-validates-as-email\" aria-required=\"true\" aria-invalid=\"false\" placeholder=\"Email *\" value=\"\" type=\"email\" name=\"email\" \/><\/span>\n\t\t<\/p>\n\t<\/div>\n\t<div class=\"form-column\">\n\t\t<p><span class=\"wpcf7-form-control-wrap\" data-name=\"asunto\"><input size=\"40\" maxlength=\"400\" class=\"wpcf7-form-control wpcf7-text wpcf7-validates-as-required\" aria-required=\"true\" aria-invalid=\"false\" placeholder=\"Afera *\" value=\"\" type=\"text\" name=\"asunto\" \/><\/span>\n\t\t<\/p>\n\t<\/div>\n<\/div>\n<p><span class=\"wpcf7-form-control-wrap\" data-name=\"mensaje\"><textarea cols=\"40\" rows=\"10\" maxlength=\"2000\" class=\"wpcf7-form-control wpcf7-textarea wpcf7-validates-as-required\" aria-required=\"true\" aria-invalid=\"false\" placeholder=\"Mesazh\" name=\"mensaje\"><\/textarea><\/span>\n<\/p>\n<p class=\"legal-priv\"><span class=\"wpcf7-form-control-wrap\" data-name=\"acceptance-787\"><span class=\"wpcf7-form-control wpcf7-acceptance\"><span class=\"wpcf7-list-item\"><label><input type=\"checkbox\" name=\"acceptance-787\" value=\"1\" aria-invalid=\"false\" \/><span class=\"wpcf7-list-item-label\">E kam lexuar dhe pajtohem me <a href=\"https:\/\/rosanacl.com\/sq\/politica-de-privacidad\/\">Politika e Privat\u00ebsis\u00eb<\/a><\/span><\/label><\/span><\/span><\/span>\n<\/p>\n<p><input class=\"wpcf7-form-control wpcf7-submit has-spinner\" type=\"submit\" value=\"D\u00cbRGO MESAZH\" \/>\n<\/p><div class=\"wpcf7-response-output\" aria-hidden=\"true\"><\/div>\n<input type=\"hidden\" name=\"trp-form-language\" value=\"sq\"\/><\/form>\n<\/div>\n<\/div><\/div>\t\t\t\t<\/div>\n\t\t\t\t<\/div>\n\t\t\t\t<\/div>\n\t\t\t\t\t<\/div>\n\t\t\t\t<\/div>\n\t\t\t\t<\/div>","protected":false},"excerpt":{"rendered":"<p>Bragas de Selene en Valencia Bragas de Selene en Valencia: comodidad diaria y calidad contrastada Las bragas de Selene en Valencia se han convertido en una opci\u00f3n muy valorada por mujeres que priorizan la comodidad sin renunciar a una confecci\u00f3n cuidada. Selene es una marca reconocida por su enfoque funcional, y cuando se combina con [&hellip;]<\/p>\n","protected":false},"author":1,"featured_media":0,"parent":0,"menu_order":0,"comment_status":"closed","ping_status":"closed","template":"","meta":{"content-type":"","footnotes":""},"class_list":["post-4548","page","type-page","status-publish","hentry"],"yoast_head":"<!-- This site is optimized with the Yoast SEO plugin v27.4 - https:\/\/yoast.com\/product\/yoast-seo-wordpress\/ -->\n<title>Bragas de Selene en Valencia - Rosana CL<\/title>\n<meta name=\"robots\" content=\"index, follow, max-snippet:-1, max-image-preview:large, max-video-preview:-1\" \/>\n<link rel=\"canonical\" href=\"https:\/\/rosanacl.com\/sq\/bragas-de-selene-en-valencia\/\" \/>\n<meta property=\"og:locale\" content=\"sq_AL\" \/>\n<meta property=\"og:type\" content=\"article\" \/>\n<meta property=\"og:title\" content=\"Bragas de Selene en Valencia - Rosana CL\" \/>\n<meta property=\"og:description\" content=\"Bragas de Selene en Valencia Bragas de Selene en Valencia: comodidad diaria y calidad contrastada Las bragas de Selene en Valencia se han convertido en una opci\u00f3n muy valorada por mujeres que priorizan la comodidad sin renunciar a una confecci\u00f3n cuidada. Selene es una marca reconocida por su enfoque funcional, y cuando se combina con [&hellip;]\" \/>\n<meta property=\"og:url\" content=\"https:\/\/rosanacl.com\/sq\/bragas-de-selene-en-valencia\/\" \/>\n<meta property=\"og:site_name\" content=\"Rosana CL\" \/>\n<meta property=\"article:modified_time\" content=\"2026-01-29T14:49:21+00:00\" \/>\n<meta property=\"og:image\" content=\"https:\/\/rosanacl.com\/wp-content\/uploads\/2025\/08\/comprar-lenceria-online.jpg\" \/>\n\t<meta property=\"og:image:width\" content=\"2000\" \/>\n\t<meta property=\"og:image:height\" content=\"1414\" \/>\n\t<meta property=\"og:image:type\" content=\"image\/jpeg\" \/>\n<meta name=\"twitter:card\" content=\"summary_large_image\" \/>\n<meta name=\"twitter:label1\" content=\"Est. reading time\" \/>\n\t<meta name=\"twitter:data1\" content=\"3 minuta\" \/>\n<script type=\"application\/ld+json\" class=\"yoast-schema-graph\">{\"@context\":\"https:\\\/\\\/schema.org\",\"@graph\":[{\"@type\":\"WebPage\",\"@id\":\"https:\\\/\\\/rosanacl.com\\\/bragas-de-selene-en-valencia\\\/\",\"url\":\"https:\\\/\\\/rosanacl.com\\\/bragas-de-selene-en-valencia\\\/\",\"name\":\"Bragas de Selene en Valencia - Rosana CL\",\"isPartOf\":{\"@id\":\"https:\\\/\\\/rosanacl.com\\\/ca\\\/#website\"},\"primaryImageOfPage\":{\"@id\":\"https:\\\/\\\/rosanacl.com\\\/bragas-de-selene-en-valencia\\\/#primaryimage\"},\"image\":{\"@id\":\"https:\\\/\\\/rosanacl.com\\\/bragas-de-selene-en-valencia\\\/#primaryimage\"},\"thumbnailUrl\":\"https:\\\/\\\/rosanacl.com\\\/wp-content\\\/uploads\\\/2025\\\/08\\\/comprar-lenceria-online-1024x724.jpg\",\"datePublished\":\"2026-01-29T14:47:44+00:00\",\"dateModified\":\"2026-01-29T14:49:21+00:00\",\"breadcrumb\":{\"@id\":\"https:\\\/\\\/rosanacl.com\\\/bragas-de-selene-en-valencia\\\/#breadcrumb\"},\"inLanguage\":\"sq\",\"potentialAction\":[{\"@type\":\"ReadAction\",\"target\":[\"https:\\\/\\\/rosanacl.com\\\/bragas-de-selene-en-valencia\\\/\"]}]},{\"@type\":\"ImageObject\",\"inLanguage\":\"sq\",\"@id\":\"https:\\\/\\\/rosanacl.com\\\/bragas-de-selene-en-valencia\\\/#primaryimage\",\"url\":\"https:\\\/\\\/rosanacl.com\\\/wp-content\\\/uploads\\\/2025\\\/08\\\/comprar-lenceria-online-1024x724.jpg\",\"contentUrl\":\"https:\\\/\\\/rosanacl.com\\\/wp-content\\\/uploads\\\/2025\\\/08\\\/comprar-lenceria-online-1024x724.jpg\"},{\"@type\":\"BreadcrumbList\",\"@id\":\"https:\\\/\\\/rosanacl.com\\\/bragas-de-selene-en-valencia\\\/#breadcrumb\",\"itemListElement\":[{\"@type\":\"ListItem\",\"position\":1,\"name\":\"Portada\",\"item\":\"https:\\\/\\\/rosanacl.com\\\/ca\\\/\"},{\"@type\":\"ListItem\",\"position\":2,\"name\":\"Bragas de Selene en Valencia\"}]},{\"@type\":\"WebSite\",\"@id\":\"https:\\\/\\\/rosanacl.com\\\/ca\\\/#website\",\"url\":\"https:\\\/\\\/rosanacl.com\\\/ca\\\/\",\"name\":\"Rosana CL\",\"description\":\"Somos tu interior\",\"potentialAction\":[{\"@type\":\"SearchAction\",\"target\":{\"@type\":\"EntryPoint\",\"urlTemplate\":\"https:\\\/\\\/rosanacl.com\\\/ca\\\/?s={search_term_string}\"},\"query-input\":{\"@type\":\"PropertyValueSpecification\",\"valueRequired\":true,\"valueName\":\"search_term_string\"}}],\"inLanguage\":\"sq\"}]}<\/script>\n<!-- \/ Yoast SEO plugin. -->","yoast_head_json":{"title":"Bragas de Selene en Valencia - Rosana CL","robots":{"index":"index","follow":"follow","max-snippet":"max-snippet:-1","max-image-preview":"max-image-preview:large","max-video-preview":"max-video-preview:-1"},"canonical":"https:\/\/rosanacl.com\/sq\/bragas-de-selene-en-valencia\/","og_locale":"sq_AL","og_type":"article","og_title":"Bragas de Selene en Valencia - Rosana CL","og_description":"Bragas de Selene en Valencia Bragas de Selene en Valencia: comodidad diaria y calidad contrastada Las bragas de Selene en Valencia se han convertido en una opci\u00f3n muy valorada por mujeres que priorizan la comodidad sin renunciar a una confecci\u00f3n cuidada. Selene es una marca reconocida por su enfoque funcional, y cuando se combina con [&hellip;]","og_url":"https:\/\/rosanacl.com\/sq\/bragas-de-selene-en-valencia\/","og_site_name":"Rosana CL","article_modified_time":"2026-01-29T14:49:21+00:00","og_image":[{"width":2000,"height":1414,"url":"https:\/\/rosanacl.com\/wp-content\/uploads\/2025\/08\/comprar-lenceria-online.jpg","type":"image\/jpeg"}],"twitter_card":"summary_large_image","twitter_misc":{"Est. reading time":"3 minuta"},"schema":{"@context":"https:\/\/schema.org","@graph":[{"@type":"WebPage","@id":"https:\/\/rosanacl.com\/bragas-de-selene-en-valencia\/","url":"https:\/\/rosanacl.com\/bragas-de-selene-en-valencia\/","name":"Bragas de Selene en Valencia - Rosana CL","isPartOf":{"@id":"https:\/\/rosanacl.com\/ca\/#website"},"primaryImageOfPage":{"@id":"https:\/\/rosanacl.com\/bragas-de-selene-en-valencia\/#primaryimage"},"image":{"@id":"https:\/\/rosanacl.com\/bragas-de-selene-en-valencia\/#primaryimage"},"thumbnailUrl":"https:\/\/rosanacl.com\/wp-content\/uploads\/2025\/08\/comprar-lenceria-online-1024x724.jpg","datePublished":"2026-01-29T14:47:44+00:00","dateModified":"2026-01-29T14:49:21+00:00","breadcrumb":{"@id":"https:\/\/rosanacl.com\/bragas-de-selene-en-valencia\/#breadcrumb"},"inLanguage":"sq","potentialAction":[{"@type":"ReadAction","target":["https:\/\/rosanacl.com\/bragas-de-selene-en-valencia\/"]}]},{"@type":"ImageObject","inLanguage":"sq","@id":"https:\/\/rosanacl.com\/bragas-de-selene-en-valencia\/#primaryimage","url":"https:\/\/rosanacl.com\/wp-content\/uploads\/2025\/08\/comprar-lenceria-online-1024x724.jpg","contentUrl":"https:\/\/rosanacl.com\/wp-content\/uploads\/2025\/08\/comprar-lenceria-online-1024x724.jpg"},{"@type":"BreadcrumbList","@id":"https:\/\/rosanacl.com\/bragas-de-selene-en-valencia\/#breadcrumb","itemListElement":[{"@type":"ListItem","position":1,"name":"Portada","item":"https:\/\/rosanacl.com\/ca\/"},{"@type":"ListItem","position":2,"name":"Bragas de Selene en Valencia"}]},{"@type":"WebSite","@id":"https:\/\/rosanacl.com\/ca\/#website","url":"https:\/\/rosanacl.com\/ca\/","name":"Rosana CL","description":"Ne jemi vetvetja juaj e brendshme","potentialAction":[{"@type":"SearchAction","target":{"@type":"EntryPoint","urlTemplate":"https:\/\/rosanacl.com\/ca\/?s={search_term_string}"},"query-input":{"@type":"PropertyValueSpecification","valueRequired":true,"valueName":"search_term_string"}}],"inLanguage":"sq"}]}},"_links":{"self":[{"href":"https:\/\/rosanacl.com\/sq\/wp-json\/wp\/v2\/pages\/4548","targetHints":{"allow":["GET"]}}],"collection":[{"href":"https:\/\/rosanacl.com\/sq\/wp-json\/wp\/v2\/pages"}],"about":[{"href":"https:\/\/rosanacl.com\/sq\/wp-json\/wp\/v2\/types\/page"}],"author":[{"embeddable":true,"href":"https:\/\/rosanacl.com\/sq\/wp-json\/wp\/v2\/users\/1"}],"replies":[{"embeddable":true,"href":"https:\/\/rosanacl.com\/sq\/wp-json\/wp\/v2\/comments?post=4548"}],"version-history":[{"count":5,"href":"https:\/\/rosanacl.com\/sq\/wp-json\/wp\/v2\/pages\/4548\/revisions"}],"predecessor-version":[{"id":4691,"href":"https:\/\/rosanacl.com\/sq\/wp-json\/wp\/v2\/pages\/4548\/revisions\/4691"}],"wp:attachment":[{"href":"https:\/\/rosanacl.com\/sq\/wp-json\/wp\/v2\/media?parent=4548"}],"curies":[{"name":"wp","href":"https:\/\/api.w.org\/{rel}","templated":true}]}}