{"id":4549,"date":"2026-01-29T15:50:24","date_gmt":"2026-01-29T14:50:24","guid":{"rendered":"https:\/\/rosanacl.com\/?page_id=4549"},"modified":"2026-01-29T15:54:16","modified_gmt":"2026-01-29T14:54:16","slug":"comprar-bragas-online-en-valencia","status":"publish","type":"page","link":"https:\/\/rosanacl.com\/sq\/comprar-bragas-online-en-valencia\/","title":{"rendered":"Bleni t\u00eb brendshme online n\u00eb Valencia"},"content":{"rendered":"<div data-elementor-type=\"wp-page\" data-elementor-id=\"4549\" class=\"elementor elementor-4549\" data-elementor-post-type=\"page\">\n\t\t\t\t<div class=\"elementor-element elementor-element-171998c7 e-flex e-con-boxed e-con e-parent\" data-id=\"171998c7\" data-element_type=\"container\" data-e-type=\"container\">\n\t\t\t\t\t<div class=\"e-con-inner\">\n\t\t\t\t<div class=\"elementor-element elementor-element-6575351f elementor-widget elementor-widget-text-editor\" data-id=\"6575351f\" data-element_type=\"widget\" data-e-type=\"widget\" data-widget_type=\"text-editor.default\">\n\t\t\t\t<div class=\"elementor-widget-container\">\n\t\t\t\t\t\t\t\t\t\n<p><\/p>\n\n\n\n<p><\/p>\n\t\t\t\t\t\t\t\t<\/div>\n\t\t\t\t<\/div>\n\t\t\t\t\t<\/div>\n\t\t\t\t<\/div>\n\t\t<div class=\"elementor-element elementor-element-cf7d341 e-flex e-con-boxed e-con e-parent\" data-id=\"cf7d341\" data-element_type=\"container\" data-e-type=\"container\">\n\t\t\t\t\t<div class=\"e-con-inner\">\n\t\t\t\t<div class=\"elementor-element elementor-element-1f1d080 elementor-widget elementor-widget-heading\" data-id=\"1f1d080\" data-element_type=\"widget\" data-e-type=\"widget\" data-widget_type=\"heading.default\">\n\t\t\t\t<div class=\"elementor-widget-container\">\n\t\t\t\t\t<h2 class=\"elementor-heading-title elementor-size-default\">Bleni t\u00eb brendshme online n\u00eb Valencia<\/h2>\t\t\t\t<\/div>\n\t\t\t\t<\/div>\n\t\t\t\t\t<\/div>\n\t\t\t\t<\/div>\n\t\t<div class=\"elementor-element elementor-element-dc1921d e-flex e-con-boxed e-con e-parent\" data-id=\"dc1921d\" data-element_type=\"container\" data-e-type=\"container\">\n\t\t\t\t\t<div class=\"e-con-inner\">\n\t\t<div class=\"elementor-element elementor-element-d19616f e-con-full e-flex e-con e-child\" data-id=\"d19616f\" data-element_type=\"container\" data-e-type=\"container\">\n\t\t\t\t<div class=\"elementor-element elementor-element-2ee6475 elementor-widget elementor-widget-text-editor\" data-id=\"2ee6475\" data-element_type=\"widget\" data-e-type=\"widget\" data-widget_type=\"text-editor.default\">\n\t\t\t\t<div class=\"elementor-widget-container\">\n\t\t\t\t\t\t\t\t\t<h2 data-start=\"6286\" data-end=\"6363\">Bleni mbathje online n\u00eb Valencia me besim dhe k\u00ebshilla nga ekspert\u00ebt.<\/h2>\n<p data-start=\"6365\" data-end=\"6701\"><strong data-start=\"6365\" data-end=\"6402\">Bleni t\u00eb brendshme online n\u00eb Valencia<\/strong> \u00cbsht\u00eb nj\u00eb opsion gjithnj\u00eb e m\u00eb i zakonsh\u00ebm, por jo t\u00eb gjitha dyqanet ofrojn\u00eb t\u00eb nj\u00ebjtat garanci. T\u00eb brendshmet k\u00ebrkojn\u00eb informacion t\u00eb qart\u00eb, njohuri p\u00ebr produktin dhe p\u00ebrzgjedhje t\u00eb kujdesshme. N\u00eb k\u00ebt\u00eb kontekst, Rosana CL paraqitet si nj\u00eb alternativ\u00eb e sigurt p\u00ebr ata q\u00eb duan t\u00eb b\u00ebjn\u00eb blerjen e duhur.<\/p>\n<p data-start=\"6703\" data-end=\"6908\">P\u00ebrvoja e <strong data-start=\"6721\" data-end=\"6758\">Bleni t\u00eb brendshme online n\u00eb Valencia<\/strong> Mund t\u00eb jet\u00eb shum\u00eb pozitive kur b\u00ebhet n\u00eb nj\u00eb dyqan t\u00eb specializuar q\u00eb i kupton nevojat e gruas s\u00eb sotme dhe ofron produkte t\u00eb provuara.<\/p>\t\t\t\t\t\t\t\t<\/div>\n\t\t\t\t<\/div>\n\t\t\t\t<\/div>\n\t\t<div class=\"elementor-element elementor-element-5568f8b e-con-full e-flex e-con e-child\" data-id=\"5568f8b\" data-element_type=\"container\" data-e-type=\"container\">\n\t\t\t\t<div class=\"elementor-element elementor-element-980debe elementor-widget elementor-widget-image\" data-id=\"980debe\" data-element_type=\"widget\" data-e-type=\"widget\" data-widget_type=\"image.default\">\n\t\t\t\t<div class=\"elementor-widget-container\">\n\t\t\t\t\t\t\t\t\t\t\t\t\t\t\t<img fetchpriority=\"high\" decoding=\"async\" width=\"800\" height=\"566\" src=\"https:\/\/rosanacl.com\/wp-content\/uploads\/2025\/08\/comprar-lenceria-online-1024x724.jpg\" class=\"attachment-large size-large wp-image-3687\" alt=\"\" srcset=\"https:\/\/rosanacl.com\/wp-content\/uploads\/2025\/08\/comprar-lenceria-online-1024x724.jpg 1024w, https:\/\/rosanacl.com\/wp-content\/uploads\/2025\/08\/comprar-lenceria-online-300x212.jpg 300w, https:\/\/rosanacl.com\/wp-content\/uploads\/2025\/08\/comprar-lenceria-online-768x543.jpg 768w, https:\/\/rosanacl.com\/wp-content\/uploads\/2025\/08\/comprar-lenceria-online-1536x1086.jpg 1536w, https:\/\/rosanacl.com\/wp-content\/uploads\/2025\/08\/comprar-lenceria-online-18x12.jpg 18w, https:\/\/rosanacl.com\/wp-content\/uploads\/2025\/08\/comprar-lenceria-online-600x424.jpg 600w, https:\/\/rosanacl.com\/wp-content\/uploads\/2025\/08\/comprar-lenceria-online.jpg 2000w\" sizes=\"(max-width: 800px) 100vw, 800px\" \/>\t\t\t\t\t\t\t\t\t\t\t\t\t\t\t<\/div>\n\t\t\t\t<\/div>\n\t\t\t\t<\/div>\n\t\t\t\t\t<\/div>\n\t\t\t\t<\/div>\n\t\t<div class=\"elementor-element elementor-element-5e380fb e-flex e-con-boxed e-con e-parent\" data-id=\"5e380fb\" data-element_type=\"container\" data-e-type=\"container\">\n\t\t\t\t\t<div class=\"e-con-inner\">\n\t\t<div class=\"elementor-element elementor-element-a763375 e-con-full e-flex e-con e-child\" data-id=\"a763375\" data-element_type=\"container\" data-e-type=\"container\">\n\t\t\t\t<div class=\"elementor-element elementor-element-a8aecc4 elementor-widget elementor-widget-image\" data-id=\"a8aecc4\" data-element_type=\"widget\" data-e-type=\"widget\" data-widget_type=\"image.default\">\n\t\t\t\t<div class=\"elementor-widget-container\">\n\t\t\t\t\t\t\t\t\t\t\t\t\t\t\t<img decoding=\"async\" width=\"800\" height=\"566\" src=\"https:\/\/rosanacl.com\/wp-content\/uploads\/2025\/08\/comprar-lenceria-selene-1024x724.jpg\" class=\"attachment-large size-large wp-image-3688\" alt=\"\" srcset=\"https:\/\/rosanacl.com\/wp-content\/uploads\/2025\/08\/comprar-lenceria-selene-1024x724.jpg 1024w, https:\/\/rosanacl.com\/wp-content\/uploads\/2025\/08\/comprar-lenceria-selene-300x212.jpg 300w, https:\/\/rosanacl.com\/wp-content\/uploads\/2025\/08\/comprar-lenceria-selene-768x543.jpg 768w, https:\/\/rosanacl.com\/wp-content\/uploads\/2025\/08\/comprar-lenceria-selene-1536x1086.jpg 1536w, https:\/\/rosanacl.com\/wp-content\/uploads\/2025\/08\/comprar-lenceria-selene-18x12.jpg 18w, https:\/\/rosanacl.com\/wp-content\/uploads\/2025\/08\/comprar-lenceria-selene-600x424.jpg 600w, https:\/\/rosanacl.com\/wp-content\/uploads\/2025\/08\/comprar-lenceria-selene.jpg 2000w\" sizes=\"(max-width: 800px) 100vw, 800px\" \/>\t\t\t\t\t\t\t\t\t\t\t\t\t\t\t<\/div>\n\t\t\t\t<\/div>\n\t\t\t\t<\/div>\n\t\t<div class=\"elementor-element elementor-element-b02b1e9 e-con-full e-flex e-con e-child\" data-id=\"b02b1e9\" data-element_type=\"container\" data-e-type=\"container\">\n\t\t\t\t<div class=\"elementor-element elementor-element-ca9adbf elementor-widget elementor-widget-text-editor\" data-id=\"ca9adbf\" data-element_type=\"widget\" data-e-type=\"widget\" data-widget_type=\"text-editor.default\">\n\t\t\t\t<div class=\"elementor-widget-container\">\n\t\t\t\t\t\t\t\t\t<h2 data-start=\"6915\" data-end=\"6982\">Bleni mbathje online n\u00eb Valencia pa sakrifikuar cil\u00ebsin\u00eb<\/h2>\n<p data-start=\"6984\" data-end=\"7215\">Nj\u00eb nga frik\u00ebrat kryesore rreth <strong data-start=\"7017\" data-end=\"7054\">Bleni t\u00eb brendshme online n\u00eb Valencia<\/strong> Nuk dihet n\u00ebse veshja do t&#039;i p\u00ebrmbush\u00eb pritjet. Rosana CL eliminon k\u00ebt\u00eb pasiguri fal\u00eb nj\u00eb p\u00ebrzgjedhjeje t\u00eb bazuar n\u00eb cil\u00ebsi, rehati dhe nj\u00eb p\u00ebrshtatje t\u00eb v\u00ebrtet\u00eb.<\/p>\n<p data-start=\"7217\" data-end=\"7450\">\u00c7do model \u00ebsht\u00eb zgjedhur duke pasur parasysh p\u00ebrdorimin e p\u00ebrditsh\u00ebm, q\u00ebndrueshm\u00ebrin\u00eb dhe rehatin\u00eb. Kjo lejon <strong data-start=\"7320\" data-end=\"7357\">Bleni t\u00eb brendshme online n\u00eb Valencia<\/strong> me qet\u00ebsin\u00eb shpirt\u00ebrore t\u00eb investimit n\u00eb nj\u00eb veshje q\u00eb i reziston koh\u00ebs.<\/p>\t\t\t\t\t\t\t\t<\/div>\n\t\t\t\t<\/div>\n\t\t\t\t<\/div>\n\t\t\t\t\t<\/div>\n\t\t\t\t<\/div>\n\t\t<div class=\"elementor-element elementor-element-495e863 e-flex e-con-boxed e-con e-parent\" data-id=\"495e863\" data-element_type=\"container\" data-e-type=\"container\">\n\t\t\t\t\t<div class=\"e-con-inner\">\n\t\t\t\t<div class=\"elementor-element elementor-element-fe47ba3 elementor-widget elementor-widget-text-editor\" data-id=\"fe47ba3\" data-element_type=\"widget\" data-e-type=\"widget\" data-widget_type=\"text-editor.default\">\n\t\t\t\t<div class=\"elementor-widget-container\">\n\t\t\t\t\t\t\t\t\t<h2 data-start=\"7457\" data-end=\"7546\">Blerja e t\u00eb mbathjeve online n\u00eb Valencia nga nj\u00eb dyqan i specializuar b\u00ebn gjith\u00eb ndryshimin.<\/h2>\n<p data-start=\"7548\" data-end=\"7754\">Ndryshe nga platformat e m\u00ebdha dhe t\u00eb p\u00ebrgjithshme, Rosana CL \u00ebsht\u00eb nj\u00eb dyqan i specializuar n\u00eb t\u00eb brendshme. Kjo ekspertiz\u00eb p\u00ebrkthehet n\u00eb nj\u00eb p\u00ebrvoj\u00eb blerjeje m\u00eb t\u00eb sigurt t\u00eb p\u00ebrshtatur sipas nevojave individuale.<\/p>\n<p data-start=\"7756\" data-end=\"7943\">Kur t\u00eb vendos\u00ebsh <strong data-start=\"7771\" data-end=\"7808\">Bleni t\u00eb brendshme online n\u00eb Valencia<\/strong> N\u00eb Rosana CL, ju nuk po zgjidhni rast\u00ebsisht, por po i besoni gjykimit profesional q\u00eb i jep p\u00ebrpar\u00ebsi rehatis\u00eb, p\u00ebrshtatjes dhe cil\u00ebsis\u00eb.<\/p>\n<h2 data-start=\"7950\" data-end=\"8021\">Rosana CL dhe qet\u00ebsia shpirt\u00ebrore e blerjes s\u00eb t\u00eb brendshmeve online n\u00eb Valencia<\/h2>\n<p data-start=\"8023\" data-end=\"8267\">Rosana CL ka krijuar nj\u00eb mjedis blerjesh t\u00eb projektuar n\u00eb m\u00ebnyr\u00eb q\u00eb <strong data-start=\"8081\" data-end=\"8118\">Bleni t\u00eb brendshme online n\u00eb Valencia<\/strong> B\u00ebjeni t\u00eb thjesht\u00eb, t\u00eb qart\u00eb dhe pa surpriza. Informacioni i detajuar dhe sh\u00ebrbimi i v\u00ebmendsh\u00ebm e b\u00ebjn\u00eb blerjen online nj\u00eb p\u00ebrvoj\u00eb miq\u00ebsore dhe t\u00eb besueshme.<\/p>\n<p data-start=\"8269\" data-end=\"8385\">Kjo \u00ebsht\u00eb arsyeja pse gjithnj\u00eb e m\u00eb shum\u00eb gra po zgjedhin Rosana CL kur kan\u00eb nevoj\u00eb. <strong data-start=\"8333\" data-end=\"8370\">Bleni t\u00eb brendshme online n\u00eb Valencia<\/strong> me besim.<\/p>\t\t\t\t\t\t\t\t<\/div>\n\t\t\t\t<\/div>\n\t\t\t\t\t<\/div>\n\t\t\t\t<\/div>\n\t\t<div class=\"elementor-element elementor-element-d05ed3a e-flex e-con-boxed e-con e-parent\" data-id=\"d05ed3a\" data-element_type=\"container\" data-e-type=\"container\">\n\t\t\t\t\t<div class=\"e-con-inner\">\n\t\t\t\t<div class=\"elementor-element elementor-element-b883e86 elementor-widget elementor-widget-heading\" data-id=\"b883e86\" data-element_type=\"widget\" data-e-type=\"widget\" data-widget_type=\"heading.default\">\n\t\t\t\t<div class=\"elementor-widget-container\">\n\t\t\t\t\t<h2 class=\"elementor-heading-title elementor-size-default\">Na kontaktoni <\/h2>\t\t\t\t<\/div>\n\t\t\t\t<\/div>\n\t\t\t\t\t<\/div>\n\t\t\t\t<\/div>\n\t\t<div class=\"elementor-element elementor-element-00e20e2 e-flex e-con-boxed e-con e-parent\" data-id=\"00e20e2\" data-element_type=\"container\" data-e-type=\"container\">\n\t\t\t\t\t<div class=\"e-con-inner\">\n\t\t<div class=\"elementor-element elementor-element-8ad8f7b e-con-full e-flex e-con e-child\" data-id=\"8ad8f7b\" data-element_type=\"container\" data-e-type=\"container\">\n\t\t\t\t<div class=\"elementor-element elementor-element-888944a elementor-widget__width-initial elementor-widget elementor-widget-elementskit-contact-form7\" data-id=\"888944a\" data-element_type=\"widget\" data-e-type=\"widget\" data-widget_type=\"elementskit-contact-form7.default\">\n\t\t\t\t<div class=\"elementor-widget-container\">\n\t\t\t\t\t<div class=\"ekit-wid-con\" ><div class=\"ekit-form\">\n<div class=\"wpcf7 no-js\" id=\"wpcf7-f48-o1\" lang=\"es-ES\" dir=\"ltr\" data-wpcf7-id=\"48\">\n<div class=\"screen-reader-response\"><p role=\"status\" aria-live=\"polite\" aria-atomic=\"true\"><\/p> <ul><\/ul><\/div>\n<form action=\"\/de\/wp-json\/wp\/v2\/pages\/4549#wpcf7-f48-o1\" method=\"post\" class=\"wpcf7-form init\" aria-label=\"Formulari i kontaktit\" novalidate=\"novalidate\" data-status=\"init\" data-trp-original-action=\"\/de\/wp-json\/wp\/v2\/pages\/4549#wpcf7-f48-o1\">\n<fieldset class=\"hidden-fields-container\"><input type=\"hidden\" name=\"_wpcf7\" value=\"48\" \/><input type=\"hidden\" name=\"_wpcf7_version\" value=\"6.1.5\" \/><input type=\"hidden\" name=\"_wpcf7_locale\" value=\"es_ES\" \/><input type=\"hidden\" name=\"_wpcf7_unit_tag\" value=\"wpcf7-f48-o1\" \/><input type=\"hidden\" name=\"_wpcf7_container_post\" value=\"0\" \/><input type=\"hidden\" name=\"_wpcf7_posted_data_hash\" value=\"\" \/><input type=\"hidden\" name=\"_wpcf7_recaptcha_response\" value=\"\" \/>\n<\/fieldset>\n<div class=\"form-row\">\n\t<div class=\"form-column\">\n\t\t<p><span class=\"wpcf7-form-control-wrap\" data-name=\"nombre\"><input size=\"40\" maxlength=\"400\" class=\"wpcf7-form-control wpcf7-text wpcf7-validates-as-required\" aria-required=\"true\" aria-invalid=\"false\" placeholder=\"Emri\" value=\"\" type=\"text\" name=\"nombre\" \/><\/span>\n\t\t<\/p>\n\t<\/div>\n\t<div class=\"form-column\">\n\t\t<p><span class=\"wpcf7-form-control-wrap\" data-name=\"telefono\"><input size=\"40\" maxlength=\"400\" class=\"wpcf7-form-control wpcf7-tel wpcf7-validates-as-required wpcf7-text wpcf7-validates-as-tel\" aria-required=\"true\" aria-invalid=\"false\" placeholder=\"Telefoni *\" value=\"\" type=\"tel\" name=\"telefono\" \/><\/span>\n\t\t<\/p>\n\t<\/div>\n<\/div>\n<div class=\"form-row\">\n\t<div class=\"form-column\">\n\t\t<p><span class=\"wpcf7-form-control-wrap\" data-name=\"email\"><input size=\"40\" maxlength=\"400\" class=\"wpcf7-form-control wpcf7-email wpcf7-validates-as-required wpcf7-text wpcf7-validates-as-email\" aria-required=\"true\" aria-invalid=\"false\" placeholder=\"Email *\" value=\"\" type=\"email\" name=\"email\" \/><\/span>\n\t\t<\/p>\n\t<\/div>\n\t<div class=\"form-column\">\n\t\t<p><span class=\"wpcf7-form-control-wrap\" data-name=\"asunto\"><input size=\"40\" maxlength=\"400\" class=\"wpcf7-form-control wpcf7-text wpcf7-validates-as-required\" aria-required=\"true\" aria-invalid=\"false\" placeholder=\"Afera *\" value=\"\" type=\"text\" name=\"asunto\" \/><\/span>\n\t\t<\/p>\n\t<\/div>\n<\/div>\n<p><span class=\"wpcf7-form-control-wrap\" data-name=\"mensaje\"><textarea cols=\"40\" rows=\"10\" maxlength=\"2000\" class=\"wpcf7-form-control wpcf7-textarea wpcf7-validates-as-required\" aria-required=\"true\" aria-invalid=\"false\" placeholder=\"Mesazh\" name=\"mensaje\"><\/textarea><\/span>\n<\/p>\n<p class=\"legal-priv\"><span class=\"wpcf7-form-control-wrap\" data-name=\"acceptance-787\"><span class=\"wpcf7-form-control wpcf7-acceptance\"><span class=\"wpcf7-list-item\"><label><input type=\"checkbox\" name=\"acceptance-787\" value=\"1\" aria-invalid=\"false\" \/><span class=\"wpcf7-list-item-label\">E kam lexuar dhe pajtohem me <a href=\"https:\/\/rosanacl.com\/sq\/politica-de-privacidad\/\">Politika e Privat\u00ebsis\u00eb<\/a><\/span><\/label><\/span><\/span><\/span>\n<\/p>\n<p><input class=\"wpcf7-form-control wpcf7-submit has-spinner\" type=\"submit\" value=\"D\u00cbRGO MESAZH\" \/>\n<\/p><div class=\"wpcf7-response-output\" aria-hidden=\"true\"><\/div>\n<input type=\"hidden\" name=\"trp-form-language\" value=\"sq\"\/><\/form>\n<\/div>\n<\/div><\/div>\t\t\t\t<\/div>\n\t\t\t\t<\/div>\n\t\t\t\t<\/div>\n\t\t\t\t\t<\/div>\n\t\t\t\t<\/div>\n\t\t\t\t<\/div>","protected":false},"excerpt":{"rendered":"<p>Comprar bragas online en Valencia Comprar bragas online en Valencia con confianza y asesoramiento experto Comprar bragas online en Valencia es una opci\u00f3n cada vez m\u00e1s habitual, pero no todas las tiendas ofrecen las mismas garant\u00edas. La ropa interior requiere informaci\u00f3n clara, conocimiento del producto y una selecci\u00f3n cuidada. En este contexto, Rosana CL se [&hellip;]<\/p>\n","protected":false},"author":1,"featured_media":0,"parent":0,"menu_order":0,"comment_status":"closed","ping_status":"closed","template":"","meta":{"content-type":"","footnotes":""},"class_list":["post-4549","page","type-page","status-publish","hentry"],"yoast_head":"<!-- This site is optimized with the Yoast SEO plugin v27.4 - https:\/\/yoast.com\/product\/yoast-seo-wordpress\/ -->\n<title>Comprar bragas online en Valencia - Rosana CL<\/title>\n<meta name=\"robots\" content=\"index, follow, max-snippet:-1, max-image-preview:large, max-video-preview:-1\" \/>\n<link rel=\"canonical\" href=\"https:\/\/rosanacl.com\/sq\/comprar-bragas-online-en-valencia\/\" \/>\n<meta property=\"og:locale\" content=\"sq_AL\" \/>\n<meta property=\"og:type\" content=\"article\" \/>\n<meta property=\"og:title\" content=\"Comprar bragas online en Valencia - Rosana CL\" \/>\n<meta property=\"og:description\" content=\"Comprar bragas online en Valencia Comprar bragas online en Valencia con confianza y asesoramiento experto Comprar bragas online en Valencia es una opci\u00f3n cada vez m\u00e1s habitual, pero no todas las tiendas ofrecen las mismas garant\u00edas. La ropa interior requiere informaci\u00f3n clara, conocimiento del producto y una selecci\u00f3n cuidada. En este contexto, Rosana CL se [&hellip;]\" \/>\n<meta property=\"og:url\" content=\"https:\/\/rosanacl.com\/sq\/comprar-bragas-online-en-valencia\/\" \/>\n<meta property=\"og:site_name\" content=\"Rosana CL\" \/>\n<meta property=\"article:modified_time\" content=\"2026-01-29T14:54:16+00:00\" \/>\n<meta property=\"og:image\" content=\"https:\/\/rosanacl.com\/wp-content\/uploads\/2025\/08\/comprar-lenceria-online.jpg\" \/>\n\t<meta property=\"og:image:width\" content=\"2000\" \/>\n\t<meta property=\"og:image:height\" content=\"1414\" \/>\n\t<meta property=\"og:image:type\" content=\"image\/jpeg\" \/>\n<meta name=\"twitter:card\" content=\"summary_large_image\" \/>\n<meta name=\"twitter:label1\" content=\"Est. reading time\" \/>\n\t<meta name=\"twitter:data1\" content=\"2 minuta\" \/>\n<script type=\"application\/ld+json\" class=\"yoast-schema-graph\">{\"@context\":\"https:\\\/\\\/schema.org\",\"@graph\":[{\"@type\":\"WebPage\",\"@id\":\"https:\\\/\\\/rosanacl.com\\\/comprar-bragas-online-en-valencia\\\/\",\"url\":\"https:\\\/\\\/rosanacl.com\\\/comprar-bragas-online-en-valencia\\\/\",\"name\":\"Comprar bragas online en Valencia - Rosana CL\",\"isPartOf\":{\"@id\":\"https:\\\/\\\/rosanacl.com\\\/ca\\\/#website\"},\"primaryImageOfPage\":{\"@id\":\"https:\\\/\\\/rosanacl.com\\\/comprar-bragas-online-en-valencia\\\/#primaryimage\"},\"image\":{\"@id\":\"https:\\\/\\\/rosanacl.com\\\/comprar-bragas-online-en-valencia\\\/#primaryimage\"},\"thumbnailUrl\":\"https:\\\/\\\/rosanacl.com\\\/wp-content\\\/uploads\\\/2025\\\/08\\\/comprar-lenceria-online-1024x724.jpg\",\"datePublished\":\"2026-01-29T14:50:24+00:00\",\"dateModified\":\"2026-01-29T14:54:16+00:00\",\"breadcrumb\":{\"@id\":\"https:\\\/\\\/rosanacl.com\\\/comprar-bragas-online-en-valencia\\\/#breadcrumb\"},\"inLanguage\":\"sq\",\"potentialAction\":[{\"@type\":\"ReadAction\",\"target\":[\"https:\\\/\\\/rosanacl.com\\\/comprar-bragas-online-en-valencia\\\/\"]}]},{\"@type\":\"ImageObject\",\"inLanguage\":\"sq\",\"@id\":\"https:\\\/\\\/rosanacl.com\\\/comprar-bragas-online-en-valencia\\\/#primaryimage\",\"url\":\"https:\\\/\\\/rosanacl.com\\\/wp-content\\\/uploads\\\/2025\\\/08\\\/comprar-lenceria-online-1024x724.jpg\",\"contentUrl\":\"https:\\\/\\\/rosanacl.com\\\/wp-content\\\/uploads\\\/2025\\\/08\\\/comprar-lenceria-online-1024x724.jpg\"},{\"@type\":\"BreadcrumbList\",\"@id\":\"https:\\\/\\\/rosanacl.com\\\/comprar-bragas-online-en-valencia\\\/#breadcrumb\",\"itemListElement\":[{\"@type\":\"ListItem\",\"position\":1,\"name\":\"Portada\",\"item\":\"https:\\\/\\\/rosanacl.com\\\/ca\\\/\"},{\"@type\":\"ListItem\",\"position\":2,\"name\":\"Comprar bragas online en Valencia\"}]},{\"@type\":\"WebSite\",\"@id\":\"https:\\\/\\\/rosanacl.com\\\/ca\\\/#website\",\"url\":\"https:\\\/\\\/rosanacl.com\\\/ca\\\/\",\"name\":\"Rosana CL\",\"description\":\"Somos tu interior\",\"potentialAction\":[{\"@type\":\"SearchAction\",\"target\":{\"@type\":\"EntryPoint\",\"urlTemplate\":\"https:\\\/\\\/rosanacl.com\\\/ca\\\/?s={search_term_string}\"},\"query-input\":{\"@type\":\"PropertyValueSpecification\",\"valueRequired\":true,\"valueName\":\"search_term_string\"}}],\"inLanguage\":\"sq\"}]}<\/script>\n<!-- \/ Yoast SEO plugin. -->","yoast_head_json":{"title":"Comprar bragas online en Valencia - Rosana CL","robots":{"index":"index","follow":"follow","max-snippet":"max-snippet:-1","max-image-preview":"max-image-preview:large","max-video-preview":"max-video-preview:-1"},"canonical":"https:\/\/rosanacl.com\/sq\/comprar-bragas-online-en-valencia\/","og_locale":"sq_AL","og_type":"article","og_title":"Comprar bragas online en Valencia - Rosana CL","og_description":"Comprar bragas online en Valencia Comprar bragas online en Valencia con confianza y asesoramiento experto Comprar bragas online en Valencia es una opci\u00f3n cada vez m\u00e1s habitual, pero no todas las tiendas ofrecen las mismas garant\u00edas. La ropa interior requiere informaci\u00f3n clara, conocimiento del producto y una selecci\u00f3n cuidada. En este contexto, Rosana CL se [&hellip;]","og_url":"https:\/\/rosanacl.com\/sq\/comprar-bragas-online-en-valencia\/","og_site_name":"Rosana CL","article_modified_time":"2026-01-29T14:54:16+00:00","og_image":[{"width":2000,"height":1414,"url":"https:\/\/rosanacl.com\/wp-content\/uploads\/2025\/08\/comprar-lenceria-online.jpg","type":"image\/jpeg"}],"twitter_card":"summary_large_image","twitter_misc":{"Est. reading time":"2 minuta"},"schema":{"@context":"https:\/\/schema.org","@graph":[{"@type":"WebPage","@id":"https:\/\/rosanacl.com\/comprar-bragas-online-en-valencia\/","url":"https:\/\/rosanacl.com\/comprar-bragas-online-en-valencia\/","name":"Comprar bragas online en Valencia - Rosana CL","isPartOf":{"@id":"https:\/\/rosanacl.com\/ca\/#website"},"primaryImageOfPage":{"@id":"https:\/\/rosanacl.com\/comprar-bragas-online-en-valencia\/#primaryimage"},"image":{"@id":"https:\/\/rosanacl.com\/comprar-bragas-online-en-valencia\/#primaryimage"},"thumbnailUrl":"https:\/\/rosanacl.com\/wp-content\/uploads\/2025\/08\/comprar-lenceria-online-1024x724.jpg","datePublished":"2026-01-29T14:50:24+00:00","dateModified":"2026-01-29T14:54:16+00:00","breadcrumb":{"@id":"https:\/\/rosanacl.com\/comprar-bragas-online-en-valencia\/#breadcrumb"},"inLanguage":"sq","potentialAction":[{"@type":"ReadAction","target":["https:\/\/rosanacl.com\/comprar-bragas-online-en-valencia\/"]}]},{"@type":"ImageObject","inLanguage":"sq","@id":"https:\/\/rosanacl.com\/comprar-bragas-online-en-valencia\/#primaryimage","url":"https:\/\/rosanacl.com\/wp-content\/uploads\/2025\/08\/comprar-lenceria-online-1024x724.jpg","contentUrl":"https:\/\/rosanacl.com\/wp-content\/uploads\/2025\/08\/comprar-lenceria-online-1024x724.jpg"},{"@type":"BreadcrumbList","@id":"https:\/\/rosanacl.com\/comprar-bragas-online-en-valencia\/#breadcrumb","itemListElement":[{"@type":"ListItem","position":1,"name":"Portada","item":"https:\/\/rosanacl.com\/ca\/"},{"@type":"ListItem","position":2,"name":"Comprar bragas online en Valencia"}]},{"@type":"WebSite","@id":"https:\/\/rosanacl.com\/ca\/#website","url":"https:\/\/rosanacl.com\/ca\/","name":"Rosana CL","description":"Ne jemi vetvetja juaj e brendshme","potentialAction":[{"@type":"SearchAction","target":{"@type":"EntryPoint","urlTemplate":"https:\/\/rosanacl.com\/ca\/?s={search_term_string}"},"query-input":{"@type":"PropertyValueSpecification","valueRequired":true,"valueName":"search_term_string"}}],"inLanguage":"sq"}]}},"_links":{"self":[{"href":"https:\/\/rosanacl.com\/sq\/wp-json\/wp\/v2\/pages\/4549","targetHints":{"allow":["GET"]}}],"collection":[{"href":"https:\/\/rosanacl.com\/sq\/wp-json\/wp\/v2\/pages"}],"about":[{"href":"https:\/\/rosanacl.com\/sq\/wp-json\/wp\/v2\/types\/page"}],"author":[{"embeddable":true,"href":"https:\/\/rosanacl.com\/sq\/wp-json\/wp\/v2\/users\/1"}],"replies":[{"embeddable":true,"href":"https:\/\/rosanacl.com\/sq\/wp-json\/wp\/v2\/comments?post=4549"}],"version-history":[{"count":5,"href":"https:\/\/rosanacl.com\/sq\/wp-json\/wp\/v2\/pages\/4549\/revisions"}],"predecessor-version":[{"id":4698,"href":"https:\/\/rosanacl.com\/sq\/wp-json\/wp\/v2\/pages\/4549\/revisions\/4698"}],"wp:attachment":[{"href":"https:\/\/rosanacl.com\/sq\/wp-json\/wp\/v2\/media?parent=4549"}],"curies":[{"name":"wp","href":"https:\/\/api.w.org\/{rel}","templated":true}]}}