{"id":62,"date":"2025-04-24T16:44:06","date_gmt":"2025-04-24T14:44:06","guid":{"rendered":"https:\/\/rosanacl.com\/?page_id=62"},"modified":"2025-09-12T11:40:29","modified_gmt":"2025-09-12T09:40:29","slug":"nosotros","status":"publish","type":"page","link":"https:\/\/rosanacl.com\/sq\/nosotros\/","title":{"rendered":"Ne"},"content":{"rendered":"<div data-elementor-type=\"wp-page\" data-elementor-id=\"62\" class=\"elementor elementor-62\" data-elementor-post-type=\"page\">\n\t\t\t\t<div class=\"elementor-element elementor-element-29758df e-flex e-con-boxed e-con e-parent\" data-id=\"29758df\" data-element_type=\"container\" data-e-type=\"container\" data-settings=\"{&quot;background_background&quot;:&quot;classic&quot;}\">\n\t\t\t\t\t<div class=\"e-con-inner\">\n\t\t<div class=\"elementor-element elementor-element-7331001 e-con-full e-flex e-con e-child\" data-id=\"7331001\" data-element_type=\"container\" data-e-type=\"container\">\n\t\t\t\t<div class=\"elementor-element elementor-element-3ad39ec elementor-widget elementor-widget-heading\" data-id=\"3ad39ec\" data-element_type=\"widget\" data-e-type=\"widget\" data-widget_type=\"heading.default\">\n\t\t\t\t<div class=\"elementor-widget-container\">\n\t\t\t\t\t<h2 class=\"elementor-heading-title elementor-size-default\">Ne<\/h2>\t\t\t\t<\/div>\n\t\t\t\t<\/div>\n\t\t\t\t<\/div>\n\t\t\t\t\t<\/div>\n\t\t\t\t<\/div>\n\t\t<div class=\"elementor-element elementor-element-2076fcf e-flex e-con-boxed e-con e-parent\" data-id=\"2076fcf\" data-element_type=\"container\" data-e-type=\"container\">\n\t\t\t\t\t<div class=\"e-con-inner\">\n\t\t<div class=\"elementor-element elementor-element-98294d9 e-con-full e-flex e-con e-child\" data-id=\"98294d9\" data-element_type=\"container\" data-e-type=\"container\">\n\t\t\t\t<div class=\"elementor-element elementor-element-5a86561 elementor-widget elementor-widget-heading\" data-id=\"5a86561\" data-element_type=\"widget\" data-e-type=\"widget\" data-widget_type=\"heading.default\">\n\t\t\t\t<div class=\"elementor-widget-container\">\n\t\t\t\t\t<h2 class=\"elementor-heading-title elementor-size-default\">Mbi 40 vjet p\u00ebrvoj\u00eb e dedikuar p\u00ebr rehatin\u00eb dhe stilin tuaj<\/h2>\t\t\t\t<\/div>\n\t\t\t\t<\/div>\n\t\t\t\t<div class=\"elementor-element elementor-element-ab6a0aa elementor-widget elementor-widget-text-editor\" data-id=\"ab6a0aa\" data-element_type=\"widget\" data-e-type=\"widget\" data-widget_type=\"text-editor.default\">\n\t\t\t\t<div class=\"elementor-widget-container\">\n\t\t\t\t\t\t\t\t\t<p>N\u00eb Rosana CL ne specializohemi n\u00eb t\u00eb brendshme dhe korse, me nj\u00eb histori prej m\u00eb shum\u00eb se kat\u00ebr dekadash duke i shoq\u00ebruar grat\u00eb n\u00eb \u00e7do faz\u00eb t\u00eb jet\u00ebs s\u00eb tyre.<br \/>Pasioni yn\u00eb p\u00ebr t\u00eb ofruar produkte cil\u00ebsore, t\u00eb dizajnuara p\u00ebr mir\u00ebqenien dhe bukurin\u00eb e grave, na ka vendosur si nj\u00eb pik\u00eb referimi e besueshme n\u00eb k\u00ebt\u00eb sektor.<br \/>Ne punojm\u00eb ekskluzivisht me Selene, nj\u00eb nga markat m\u00eb prestigjioze komb\u00ebtare, duke p\u00ebrzgjedhur \u00e7do veshje me kujdesin m\u00eb t\u00eb madh p\u00ebr t&#039;ju ofruar re\u00e7ipeta, t\u00eb brendshme dhe kostume trupi q\u00eb kombinojn\u00eb dizajnin, inovacionin dhe rehatin\u00eb.<br \/>Ne besojm\u00eb se t\u00eb brendshmet jan\u00eb shum\u00eb m\u00eb tep\u00ebr sesa nj\u00eb domosdoshm\u00ebri: jan\u00eb nj\u00eb m\u00ebnyr\u00eb p\u00ebr t&#039;u kujdesur p\u00ebr veten, p\u00ebr t&#039;u ndjer\u00eb t\u00eb sigurt dhe p\u00ebr t\u00eb shprehur personalitetin tuaj nga brenda.<br \/>Faleminderit q\u00eb na besoni. Jeni n\u00eb duart m\u00eb t\u00eb mira.<\/p>\t\t\t\t\t\t\t\t<\/div>\n\t\t\t\t<\/div>\n\t\t\t\t<div class=\"elementor-element elementor-element-bba4d8e elementor-widget elementor-widget-heading\" data-id=\"bba4d8e\" data-element_type=\"widget\" data-e-type=\"widget\" data-widget_type=\"heading.default\">\n\t\t\t\t<div class=\"elementor-widget-container\">\n\t\t\t\t\t<h2 class=\"elementor-heading-title elementor-size-default\">Ne jemi t\u00eb p\u00ebrkushtuar ndaj cil\u00ebsis\u00eb dhe prodhimit vendas\n<\/h2>\t\t\t\t<\/div>\n\t\t\t\t<\/div>\n\t\t\t\t<div class=\"elementor-element elementor-element-943d507 elementor-widget elementor-widget-text-editor\" data-id=\"943d507\" data-element_type=\"widget\" data-e-type=\"widget\" data-widget_type=\"text-editor.default\">\n\t\t\t\t<div class=\"elementor-widget-container\">\n\t\t\t\t\t\t\t\t\t<p>Thelbi i nj\u00eb pune t\u00eb b\u00ebr\u00eb mir\u00eb<br \/>N\u00eb Rosana CL, ne besojm\u00eb fuqimisht n\u00eb cil\u00ebsin\u00eb si themel t\u00eb gjith\u00e7kaje q\u00eb b\u00ebjm\u00eb. Kjo \u00ebsht\u00eb arsyeja pse ne punojm\u00eb ekskluzivisht me Selene, nj\u00eb mark\u00eb q\u00eb dizenjon dhe prodhon n\u00eb Spanj\u00eb, duke i kushtuar v\u00ebmendje \u00e7do detaji p\u00ebr t\u00eb ofruar veshje q\u00eb kombinojn\u00eb q\u00ebndrueshm\u00ebrin\u00eb, rehatin\u00eb dhe bukurin\u00eb.<br \/>\u00c7do re\u00e7ipeta, mbathje apo kostum trupi pasqyron ekspertiz\u00ebn e fituar nga dekada p\u00ebrvoj\u00eb n\u00eb tekstile, duke zgjedhur materiale me cil\u00ebsi t\u00eb lart\u00eb dhe duke respektuar standardet m\u00eb t\u00eb larta t\u00eb prodhimit.<br \/>Blerja e Selene do t\u00eb thot\u00eb investim n\u00eb artizanat, dizajn inteligjent dhe nj\u00eb angazhim p\u00ebr p\u00ebrsosm\u00ebri komb\u00ebtare.<\/p>\t\t\t\t\t\t\t\t<\/div>\n\t\t\t\t<\/div>\n\t\t\t\t<\/div>\n\t\t<div class=\"elementor-element elementor-element-957adc5 e-con-full e-flex e-con e-child\" data-id=\"957adc5\" data-element_type=\"container\" data-e-type=\"container\" data-settings=\"{&quot;background_background&quot;:&quot;classic&quot;}\">\n\t\t\t\t<\/div>\n\t\t\t\t\t<\/div>\n\t\t\t\t<\/div>\n\t\t<div class=\"elementor-element elementor-element-d3a40cb e-flex e-con-boxed e-con e-parent\" data-id=\"d3a40cb\" data-element_type=\"container\" data-e-type=\"container\" data-settings=\"{&quot;background_background&quot;:&quot;classic&quot;}\">\n\t\t\t\t\t<div class=\"e-con-inner\">\n\t\t<div class=\"elementor-element elementor-element-f129f21 e-con-full e-flex e-con e-child\" data-id=\"f129f21\" data-element_type=\"container\" data-e-type=\"container\">\n\t\t\t\t<div class=\"elementor-element elementor-element-b7030d2 elementor-widget elementor-widget-heading\" data-id=\"b7030d2\" data-element_type=\"widget\" data-e-type=\"widget\" data-widget_type=\"heading.default\">\n\t\t\t\t<div class=\"elementor-widget-container\">\n\t\t\t\t\t<h2 class=\"elementor-heading-title elementor-size-default\">Vishni dit\u00ebn tuaj me eleganc\u00eb dhe rehati\n<\/h2>\t\t\t\t<\/div>\n\t\t\t\t<\/div>\n\t\t\t\t<div class=\"elementor-element elementor-element-8e5ebf9 elementor-widget elementor-widget-text-editor\" data-id=\"8e5ebf9\" data-element_type=\"widget\" data-e-type=\"widget\" data-widget_type=\"text-editor.default\">\n\t\t\t\t<div class=\"elementor-widget-container\">\n\t\t\t\t\t\t\t\t\t<p>Te Rosana CL, \u00e7do veshje \u00ebsht\u00eb projektuar p\u00ebr t\u00eb theksuar bukurin\u00eb tuaj natyrale dhe p\u00ebr t&#039;ju shoq\u00ebruar me stil n\u00eb \u00e7do moment. Zbuloni p\u00ebrzgjedhjen ton\u00eb t\u00eb t\u00eb brendshmeve Selene dhe ndjeni ndryshimin n\u00eb \u00e7do detaj.<\/p>\t\t\t\t\t\t\t\t<\/div>\n\t\t\t\t<\/div>\n\t\t\t\t<div class=\"elementor-element elementor-element-bfb4b50 elementor-mobile-align-center elementor-widget elementor-widget-button\" data-id=\"bfb4b50\" data-element_type=\"widget\" data-e-type=\"widget\" data-widget_type=\"button.default\">\n\t\t\t\t<div class=\"elementor-widget-container\">\n\t\t\t\t\t\t\t\t\t<div class=\"elementor-button-wrapper\">\n\t\t\t\t\t<a class=\"elementor-button elementor-button-link elementor-size-sm elementor-animation-grow\" href=\"https:\/\/rosanacl.com\/sq\/tienda\/\">\n\t\t\t\t\t\t<span class=\"elementor-button-content-wrapper\">\n\t\t\t\t\t\t<span class=\"elementor-button-icon\">\n\t\t\t\t<svg aria-hidden=\"true\" class=\"e-font-icon-svg e-fas-shopping-bag\" viewbox=\"0 0 448 512\" xmlns=\"http:\/\/www.w3.org\/2000\/svg\"><path d=\"M352 160v-32C352 57.42 294.579 0 224 0 153.42 0 96 57.42 96 128v32H0v272c0 44.183 35.817 80 80 80h288c44.183 0 80-35.817 80-80V160h-96zm-192-32c0-35.29 28.71-64 64-64s64 28.71 64 64v32H160v-32zm160 120c-13.255 0-24-10.745-24-24s10.745-24 24-24 24 10.745 24 24-10.745 24-24 24zm-192 0c-13.255 0-24-10.745-24-24s10.745-24 24-24 24 10.745 24 24-10.745 24-24 24z\"><\/path><\/svg>\t\t\t<\/span>\n\t\t\t\t\t\t\t\t\t<span class=\"elementor-button-text\">Shko n\u00eb dyqan<\/span>\n\t\t\t\t\t<\/span>\n\t\t\t\t\t<\/a>\n\t\t\t\t<\/div>\n\t\t\t\t\t\t\t\t<\/div>\n\t\t\t\t<\/div>\n\t\t\t\t<\/div>\n\t\t<div class=\"elementor-element elementor-element-efc66db e-con-full e-flex e-con e-child\" data-id=\"efc66db\" data-element_type=\"container\" data-e-type=\"container\">\n\t\t\t\t<div class=\"elementor-element elementor-element-d227750 elementor-widget elementor-widget-image\" data-id=\"d227750\" data-element_type=\"widget\" data-e-type=\"widget\" data-widget_type=\"image.default\">\n\t\t\t\t<div class=\"elementor-widget-container\">\n\t\t\t\t\t\t\t\t\t\t\t\t\t\t\t<img fetchpriority=\"high\" decoding=\"async\" width=\"663\" height=\"750\" src=\"https:\/\/rosanacl.com\/wp-content\/uploads\/2025\/05\/mujer-905x1024.webp\" class=\"attachment-large size-large wp-image-1519\" alt=\"\" srcset=\"https:\/\/rosanacl.com\/wp-content\/uploads\/2025\/05\/mujer-905x1024.webp 905w, https:\/\/rosanacl.com\/wp-content\/uploads\/2025\/05\/mujer-11x12.webp 11w, https:\/\/rosanacl.com\/wp-content\/uploads\/2025\/05\/mujer-265x300.webp 265w, https:\/\/rosanacl.com\/wp-content\/uploads\/2025\/05\/mujer-768x869.webp 768w, https:\/\/rosanacl.com\/wp-content\/uploads\/2025\/05\/mujer-600x679.webp 600w, https:\/\/rosanacl.com\/wp-content\/uploads\/2025\/05\/mujer.webp 955w\" sizes=\"(max-width: 663px) 100vw, 663px\" \/>\t\t\t\t\t\t\t\t\t\t\t\t\t\t\t<\/div>\n\t\t\t\t<\/div>\n\t\t\t\t<\/div>\n\t\t\t\t\t<\/div>\n\t\t\t\t<\/div>\n\t\t\t\t<\/div>","protected":false},"excerpt":{"rendered":"<p>M\u00e1s de 40 a\u00f1os de experiencia al servicio de tu comodidad y estilo En Rosana CL somos especialistas en lencer\u00eda y corseter\u00eda, con una trayectoria de m\u00e1s de cuatro d\u00e9cadas acompa\u00f1ando a mujeres en cada etapa de su vida.Nuestra pasi\u00f3n por ofrecer productos de calidad, pensados para el bienestar y la belleza femenina, nos ha [&hellip;]<\/p>\n","protected":false},"author":1,"featured_media":0,"parent":0,"menu_order":0,"comment_status":"closed","ping_status":"closed","template":"","meta":{"content-type":"","footnotes":""},"class_list":["post-62","page","type-page","status-publish","hentry"],"yoast_head":"<!-- This site is optimized with the Yoast SEO plugin v27.4 - https:\/\/yoast.com\/product\/yoast-seo-wordpress\/ -->\n<title>Nosotros - Rosana CL<\/title>\n<meta name=\"robots\" content=\"index, follow, max-snippet:-1, max-image-preview:large, max-video-preview:-1\" \/>\n<link rel=\"canonical\" href=\"https:\/\/rosanacl.com\/sq\/nosotros\/\" \/>\n<meta property=\"og:locale\" content=\"sq_AL\" \/>\n<meta property=\"og:type\" content=\"article\" \/>\n<meta property=\"og:title\" content=\"Nosotros - Rosana CL\" \/>\n<meta property=\"og:description\" content=\"M\u00e1s de 40 a\u00f1os de experiencia al servicio de tu comodidad y estilo En Rosana CL somos especialistas en lencer\u00eda y corseter\u00eda, con una trayectoria de m\u00e1s de cuatro d\u00e9cadas acompa\u00f1ando a mujeres en cada etapa de su vida.Nuestra pasi\u00f3n por ofrecer productos de calidad, pensados para el bienestar y la belleza femenina, nos ha [&hellip;]\" \/>\n<meta property=\"og:url\" content=\"https:\/\/rosanacl.com\/sq\/nosotros\/\" \/>\n<meta property=\"og:site_name\" content=\"Rosana CL\" \/>\n<meta property=\"article:modified_time\" content=\"2025-09-12T09:40:29+00:00\" \/>\n<meta property=\"og:image\" content=\"https:\/\/rosanacl.com\/wp-content\/uploads\/2025\/05\/mujer.webp\" \/>\n\t<meta property=\"og:image:width\" content=\"955\" \/>\n\t<meta property=\"og:image:height\" content=\"1080\" \/>\n\t<meta property=\"og:image:type\" content=\"image\/webp\" \/>\n<meta name=\"twitter:card\" content=\"summary_large_image\" \/>\n<meta name=\"twitter:label1\" content=\"Est. reading time\" \/>\n\t<meta name=\"twitter:data1\" content=\"1 minut\u00eb\" \/>\n<script type=\"application\/ld+json\" class=\"yoast-schema-graph\">{\"@context\":\"https:\\\/\\\/schema.org\",\"@graph\":[{\"@type\":\"WebPage\",\"@id\":\"https:\\\/\\\/rosanacl.com\\\/nosotros\\\/\",\"url\":\"https:\\\/\\\/rosanacl.com\\\/nosotros\\\/\",\"name\":\"Nosotros - Rosana CL\",\"isPartOf\":{\"@id\":\"https:\\\/\\\/rosanacl.com\\\/ca\\\/#website\"},\"primaryImageOfPage\":{\"@id\":\"https:\\\/\\\/rosanacl.com\\\/nosotros\\\/#primaryimage\"},\"image\":{\"@id\":\"https:\\\/\\\/rosanacl.com\\\/nosotros\\\/#primaryimage\"},\"thumbnailUrl\":\"https:\\\/\\\/rosanacl.com\\\/wp-content\\\/uploads\\\/2025\\\/05\\\/mujer-905x1024.webp\",\"datePublished\":\"2025-04-24T14:44:06+00:00\",\"dateModified\":\"2025-09-12T09:40:29+00:00\",\"breadcrumb\":{\"@id\":\"https:\\\/\\\/rosanacl.com\\\/nosotros\\\/#breadcrumb\"},\"inLanguage\":\"sq\",\"potentialAction\":[{\"@type\":\"ReadAction\",\"target\":[\"https:\\\/\\\/rosanacl.com\\\/nosotros\\\/\"]}]},{\"@type\":\"ImageObject\",\"inLanguage\":\"sq\",\"@id\":\"https:\\\/\\\/rosanacl.com\\\/nosotros\\\/#primaryimage\",\"url\":\"https:\\\/\\\/rosanacl.com\\\/wp-content\\\/uploads\\\/2025\\\/05\\\/mujer-905x1024.webp\",\"contentUrl\":\"https:\\\/\\\/rosanacl.com\\\/wp-content\\\/uploads\\\/2025\\\/05\\\/mujer-905x1024.webp\"},{\"@type\":\"BreadcrumbList\",\"@id\":\"https:\\\/\\\/rosanacl.com\\\/nosotros\\\/#breadcrumb\",\"itemListElement\":[{\"@type\":\"ListItem\",\"position\":1,\"name\":\"Portada\",\"item\":\"https:\\\/\\\/rosanacl.com\\\/ca\\\/\"},{\"@type\":\"ListItem\",\"position\":2,\"name\":\"Nosotros\"}]},{\"@type\":\"WebSite\",\"@id\":\"https:\\\/\\\/rosanacl.com\\\/ca\\\/#website\",\"url\":\"https:\\\/\\\/rosanacl.com\\\/ca\\\/\",\"name\":\"Rosana CL\",\"description\":\"Somos tu interior\",\"potentialAction\":[{\"@type\":\"SearchAction\",\"target\":{\"@type\":\"EntryPoint\",\"urlTemplate\":\"https:\\\/\\\/rosanacl.com\\\/ca\\\/?s={search_term_string}\"},\"query-input\":{\"@type\":\"PropertyValueSpecification\",\"valueRequired\":true,\"valueName\":\"search_term_string\"}}],\"inLanguage\":\"sq\"}]}<\/script>\n<!-- \/ Yoast SEO plugin. -->","yoast_head_json":{"title":"Nosotros - Rosana CL","robots":{"index":"index","follow":"follow","max-snippet":"max-snippet:-1","max-image-preview":"max-image-preview:large","max-video-preview":"max-video-preview:-1"},"canonical":"https:\/\/rosanacl.com\/sq\/nosotros\/","og_locale":"sq_AL","og_type":"article","og_title":"Nosotros - Rosana CL","og_description":"M\u00e1s de 40 a\u00f1os de experiencia al servicio de tu comodidad y estilo En Rosana CL somos especialistas en lencer\u00eda y corseter\u00eda, con una trayectoria de m\u00e1s de cuatro d\u00e9cadas acompa\u00f1ando a mujeres en cada etapa de su vida.Nuestra pasi\u00f3n por ofrecer productos de calidad, pensados para el bienestar y la belleza femenina, nos ha [&hellip;]","og_url":"https:\/\/rosanacl.com\/sq\/nosotros\/","og_site_name":"Rosana CL","article_modified_time":"2025-09-12T09:40:29+00:00","og_image":[{"width":955,"height":1080,"url":"https:\/\/rosanacl.com\/wp-content\/uploads\/2025\/05\/mujer.webp","type":"image\/webp"}],"twitter_card":"summary_large_image","twitter_misc":{"Est. reading time":"1 minut\u00eb"},"schema":{"@context":"https:\/\/schema.org","@graph":[{"@type":"WebPage","@id":"https:\/\/rosanacl.com\/nosotros\/","url":"https:\/\/rosanacl.com\/nosotros\/","name":"Nosotros - Rosana CL","isPartOf":{"@id":"https:\/\/rosanacl.com\/ca\/#website"},"primaryImageOfPage":{"@id":"https:\/\/rosanacl.com\/nosotros\/#primaryimage"},"image":{"@id":"https:\/\/rosanacl.com\/nosotros\/#primaryimage"},"thumbnailUrl":"https:\/\/rosanacl.com\/wp-content\/uploads\/2025\/05\/mujer-905x1024.webp","datePublished":"2025-04-24T14:44:06+00:00","dateModified":"2025-09-12T09:40:29+00:00","breadcrumb":{"@id":"https:\/\/rosanacl.com\/nosotros\/#breadcrumb"},"inLanguage":"sq","potentialAction":[{"@type":"ReadAction","target":["https:\/\/rosanacl.com\/nosotros\/"]}]},{"@type":"ImageObject","inLanguage":"sq","@id":"https:\/\/rosanacl.com\/nosotros\/#primaryimage","url":"https:\/\/rosanacl.com\/wp-content\/uploads\/2025\/05\/mujer-905x1024.webp","contentUrl":"https:\/\/rosanacl.com\/wp-content\/uploads\/2025\/05\/mujer-905x1024.webp"},{"@type":"BreadcrumbList","@id":"https:\/\/rosanacl.com\/nosotros\/#breadcrumb","itemListElement":[{"@type":"ListItem","position":1,"name":"Portada","item":"https:\/\/rosanacl.com\/ca\/"},{"@type":"ListItem","position":2,"name":"Nosotros"}]},{"@type":"WebSite","@id":"https:\/\/rosanacl.com\/ca\/#website","url":"https:\/\/rosanacl.com\/ca\/","name":"Rosana CL","description":"Ne jemi vetvetja juaj e brendshme","potentialAction":[{"@type":"SearchAction","target":{"@type":"EntryPoint","urlTemplate":"https:\/\/rosanacl.com\/ca\/?s={search_term_string}"},"query-input":{"@type":"PropertyValueSpecification","valueRequired":true,"valueName":"search_term_string"}}],"inLanguage":"sq"}]}},"_links":{"self":[{"href":"https:\/\/rosanacl.com\/sq\/wp-json\/wp\/v2\/pages\/62","targetHints":{"allow":["GET"]}}],"collection":[{"href":"https:\/\/rosanacl.com\/sq\/wp-json\/wp\/v2\/pages"}],"about":[{"href":"https:\/\/rosanacl.com\/sq\/wp-json\/wp\/v2\/types\/page"}],"author":[{"embeddable":true,"href":"https:\/\/rosanacl.com\/sq\/wp-json\/wp\/v2\/users\/1"}],"replies":[{"embeddable":true,"href":"https:\/\/rosanacl.com\/sq\/wp-json\/wp\/v2\/comments?post=62"}],"version-history":[{"count":0,"href":"https:\/\/rosanacl.com\/sq\/wp-json\/wp\/v2\/pages\/62\/revisions"}],"wp:attachment":[{"href":"https:\/\/rosanacl.com\/sq\/wp-json\/wp\/v2\/media?parent=62"}],"curies":[{"name":"wp","href":"https:\/\/api.w.org\/{rel}","templated":true}]}}