{"id":2083,"date":"2025-05-23T10:10:33","date_gmt":"2025-05-23T08:10:33","guid":{"rendered":"https:\/\/rosanacl.com\/?post_type=product&#038;p=2083"},"modified":"2026-01-07T19:02:39","modified_gmt":"2026-01-07T18:02:39","slug":"sujetador-selene-modelo-mercedes","status":"publish","type":"product","link":"https:\/\/rosanacl.com\/sq\/produkt\/sujetador-selene-modelo-mercedes\/","title":{"rendered":"Selene Mercedes Bra"},"content":{"rendered":"<p>Mercedes \u00ebsht\u00eb ajo re\u00e7ipeta pa rripa q\u00eb shp\u00ebton \u00e7do pamje: pa rripa, me tela dhe e mbushur, k\u00ebshtu q\u00eb gjoksi juaj duket i rrumbullakosur, i qendruar dhe i bukur pa pasur nevoj\u00eb ta rregulloni \u00e7do dy minuta. Ideale n\u00ebse k\u00ebrkoni nj\u00eb p\u00ebrfundim t\u00eb past\u00ebr n\u00ebn rrobat tuaja dhe nj\u00eb dekolte q\u00eb duket elegante (dhe hijeshuese) q\u00eb nga momenti i par\u00eb.<\/p>\n<p>Mikrofibra e saj \u00ebsht\u00eb e but\u00eb dhe e q\u00ebndrueshme, e projektuar p\u00ebr ta b\u00ebr\u00eb re\u00e7ipet\u00ebn t\u00eb rehatshme dhe diskrete, madje edhe n\u00ebn rroba t\u00eb ngushta. Dhe n\u00ebse ndonj\u00ebher\u00eb keni nevoj\u00eb p\u00ebr m\u00eb shum\u00eb mb\u00ebshtetje ose siguri shtes\u00eb, modeli p\u00ebrfshin nj\u00eb set rripash prej p\u00eblhure, k\u00ebshtu q\u00eb mund ta vishni si t\u00eb d\u00ebshironi (n\u00eb var\u00ebsi t\u00eb veshjes dhe rastit tuaj).<\/p>\n<p>Detajet kryesore (\u00e7far\u00eb ka v\u00ebrtet r\u00ebnd\u00ebsi)<\/p>\n<ul>\n<li>Kupa B, me tela + mbushje: thekson dhe p\u00ebrcakton dekolten\u00eb me nj\u00eb form\u00eb natyrale.<\/li>\n<li>Stil pa rripa: perfekt p\u00ebr fustane, bluza dhe pamje me supe t\u00eb zbuluara.<\/li>\n<li>P\u00ebrfshin rripa tekstili: shkatht\u00ebsi totale n\u00eb nj\u00eb re\u00e7ipeta t\u00eb vetme.<\/li>\n<li>Mikrofib\u00ebr e but\u00eb dhe e q\u00ebndrueshme: e k\u00ebndshme n\u00eb prekje + p\u00ebrshtatje e mir\u00eb me trupin.<\/li>\n<\/ul>\n<p>\ud83d\udde3\ufe0f K\u00ebshill\u00eb: Mercedesi \u00ebsht\u00eb b\u00ebr\u00eb n\u00eb m\u00ebnyr\u00eb t\u00eb till\u00eb q\u00eb t\u00eb mos keni nevoj\u00eb ta rregulloni p\u00ebrs\u00ebri: ndihet i q\u00ebndruesh\u00ebm n\u00eb kontur dhe e l\u00eb gjoksin t\u00eb qendruar dhe t\u00eb rrumbullakosur, me at\u00eb efekt &quot;t\u00eb past\u00ebr&quot; q\u00eb duket bukur n\u00ebn fustane dhe bluza pa rripa.<\/p>\n<p>\ud83d\udccf Sh\u00ebnim: P\u00ebrpara blerjes, madh\u00ebsia e rripit \u00ebsht\u00eb thelb\u00ebsore p\u00ebr nj\u00eb re\u00e7ipeta pa rripa: duhet t\u00eb p\u00ebrshtatet mir\u00eb q\u00eb nga rregullimi i par\u00eb n\u00eb m\u00ebnyr\u00eb q\u00eb t\u00eb mos zhvendoset. N\u00ebse nuk jeni t\u00eb sigurt midis dy madh\u00ebsive t\u00eb rripit, zakonisht \u00ebsht\u00eb m\u00eb e mira ajo q\u00eb \u00ebsht\u00eb m\u00eb e ngusht\u00eb; dhe p\u00ebr madh\u00ebsin\u00eb e kup\u00ebs, zgjidhni at\u00eb q\u00eb ofron mb\u00ebshtetje t\u00eb mir\u00eb p\u00ebr gjoksin tuaj (pa prerje n\u00eb maj\u00eb) n\u00eb m\u00ebnyr\u00eb q\u00eb dekolteja t\u00eb duket natyrale dhe e bukur.<\/p>\n<p>P\u00ebrb\u00ebrja: poliester 44% \u00b7 poliamid 48% \u00b7 elastan 8%.<\/p>\n<p>\ud83d\udc83 Fjala juaj e nderit\u2026 me mb\u00ebshtetje t\u00eb v\u00ebrtet\u00eb.<\/p>","protected":false},"excerpt":{"rendered":"<p>El Mercedes es ese sujetador \u00abpalabra de honor\u00bb que te salva cualquier look: sin tirantes, con aros y relleno, para que el pecho quede redondeado, centrado y bonito sin necesidad de estar recoloc\u00e1ndolo cada dos minutos. Ideal si buscas un acabado limpio bajo la ropa y un escote que se vea elegante (y favorecedor) desde [&hellip;]<\/p>\n","protected":false},"featured_media":2151,"comment_status":"open","ping_status":"closed","template":"","meta":{"content-type":""},"product_brand":[55],"product_cat":[82,20],"product_tag":[56],"class_list":{"0":"post-2083","1":"product","2":"type-product","3":"status-publish","4":"has-post-thumbnail","6":"product_brand-selene","7":"product_cat-sin-tirantes","8":"product_cat-sujetador","9":"product_tag-sujetador","11":"first","12":"instock","13":"taxable","14":"shipping-taxable","15":"purchasable","16":"product-type-variable"},"supplier_id":null,"supplier_sku":"","barcode":null,"atum_controlled":true,"out_stock_date":null,"out_stock_threshold":null,"inheritable":true,"inbound_stock":0,"stock_on_hold":0,"sold_today":0,"sales_last_days":0,"reserved_stock":0,"customer_returns":0,"warehouse_damage":0,"lost_in_post":0,"other_logs":0,"out_stock_days":0,"lost_sales":0,"has_location":false,"update_date":"2026-01-07T18:02:40","atum_locations":[],"atum_stock_status":"instock","restock_status":false,"low_stock_amount":"","sales_update_date":"2025-10-03T04:55:37","calc_backorders":null,"yoast_head":"<!-- This site is optimized with the Yoast SEO plugin v27.4 - https:\/\/yoast.com\/product\/yoast-seo-wordpress\/ -->\n<title>Sujetador Selene Mercedes - Rosana CL<\/title>\n<meta name=\"robots\" content=\"index, follow, max-snippet:-1, max-image-preview:large, max-video-preview:-1\" \/>\n<link rel=\"canonical\" href=\"https:\/\/rosanacl.com\/sq\/produkt\/sujetador-selene-modelo-mercedes\/\" \/>\n<meta property=\"og:locale\" content=\"sq_AL\" \/>\n<meta property=\"og:type\" content=\"article\" \/>\n<meta property=\"og:title\" content=\"Sujetador Selene Mercedes - Rosana CL\" \/>\n<meta property=\"og:description\" content=\"El Mercedes es ese sujetador \u00abpalabra de honor\u00bb que te salva cualquier look: sin tirantes, con aros y relleno, para que el pecho quede redondeado, centrado y bonito sin necesidad de estar recoloc\u00e1ndolo cada dos minutos. Ideal si buscas un acabado limpio bajo la ropa y un escote que se vea elegante (y favorecedor) desde [&hellip;]\" \/>\n<meta property=\"og:url\" content=\"https:\/\/rosanacl.com\/sq\/produkt\/sujetador-selene-modelo-mercedes\/\" \/>\n<meta property=\"og:site_name\" content=\"Rosana CL\" \/>\n<meta property=\"article:modified_time\" content=\"2026-01-07T18:02:39+00:00\" \/>\n<meta property=\"og:image\" content=\"https:\/\/rosanacl.com\/wp-content\/uploads\/2025\/05\/1-2.png\" \/>\n\t<meta property=\"og:image:width\" content=\"1046\" \/>\n\t<meta property=\"og:image:height\" content=\"1333\" \/>\n\t<meta property=\"og:image:type\" content=\"image\/png\" \/>\n<meta name=\"twitter:card\" content=\"summary_large_image\" \/>\n<meta name=\"twitter:label1\" content=\"Est. reading time\" \/>\n\t<meta name=\"twitter:data1\" content=\"2 minuta\" \/>\n<script type=\"application\/ld+json\" class=\"yoast-schema-graph\">{\"@context\":\"https:\\\/\\\/schema.org\",\"@graph\":[{\"@type\":\"WebPage\",\"@id\":\"https:\\\/\\\/rosanacl.com\\\/producto\\\/sujetador-selene-modelo-mercedes\\\/\",\"url\":\"https:\\\/\\\/rosanacl.com\\\/producto\\\/sujetador-selene-modelo-mercedes\\\/\",\"name\":\"Sujetador Selene Mercedes - Rosana CL\",\"isPartOf\":{\"@id\":\"https:\\\/\\\/rosanacl.com\\\/ca\\\/#website\"},\"primaryImageOfPage\":{\"@id\":\"https:\\\/\\\/rosanacl.com\\\/producto\\\/sujetador-selene-modelo-mercedes\\\/#primaryimage\"},\"image\":{\"@id\":\"https:\\\/\\\/rosanacl.com\\\/producto\\\/sujetador-selene-modelo-mercedes\\\/#primaryimage\"},\"thumbnailUrl\":\"https:\\\/\\\/rosanacl.com\\\/wp-content\\\/uploads\\\/2025\\\/05\\\/1-2.png\",\"datePublished\":\"2025-05-23T08:10:33+00:00\",\"dateModified\":\"2026-01-07T18:02:39+00:00\",\"breadcrumb\":{\"@id\":\"https:\\\/\\\/rosanacl.com\\\/producto\\\/sujetador-selene-modelo-mercedes\\\/#breadcrumb\"},\"inLanguage\":\"sq\",\"potentialAction\":[{\"@type\":\"ReadAction\",\"target\":[\"https:\\\/\\\/rosanacl.com\\\/producto\\\/sujetador-selene-modelo-mercedes\\\/\"]}]},{\"@type\":\"ImageObject\",\"inLanguage\":\"sq\",\"@id\":\"https:\\\/\\\/rosanacl.com\\\/producto\\\/sujetador-selene-modelo-mercedes\\\/#primaryimage\",\"url\":\"https:\\\/\\\/rosanacl.com\\\/wp-content\\\/uploads\\\/2025\\\/05\\\/1-2.png\",\"contentUrl\":\"https:\\\/\\\/rosanacl.com\\\/wp-content\\\/uploads\\\/2025\\\/05\\\/1-2.png\",\"width\":1046,\"height\":1333},{\"@type\":\"BreadcrumbList\",\"@id\":\"https:\\\/\\\/rosanacl.com\\\/producto\\\/sujetador-selene-modelo-mercedes\\\/#breadcrumb\",\"itemListElement\":[{\"@type\":\"ListItem\",\"position\":1,\"name\":\"Portada\",\"item\":\"https:\\\/\\\/rosanacl.com\\\/ca\\\/\"},{\"@type\":\"ListItem\",\"position\":2,\"name\":\"Tienda\",\"item\":\"https:\\\/\\\/rosanacl.com\\\/ca\\\/tienda\\\/\"},{\"@type\":\"ListItem\",\"position\":3,\"name\":\"Sujetador Selene Mercedes\"}]},{\"@type\":\"WebSite\",\"@id\":\"https:\\\/\\\/rosanacl.com\\\/ca\\\/#website\",\"url\":\"https:\\\/\\\/rosanacl.com\\\/ca\\\/\",\"name\":\"Rosana CL\",\"description\":\"Somos tu interior\",\"potentialAction\":[{\"@type\":\"SearchAction\",\"target\":{\"@type\":\"EntryPoint\",\"urlTemplate\":\"https:\\\/\\\/rosanacl.com\\\/ca\\\/?s={search_term_string}\"},\"query-input\":{\"@type\":\"PropertyValueSpecification\",\"valueRequired\":true,\"valueName\":\"search_term_string\"}}],\"inLanguage\":\"sq\"}]}<\/script>\n<!-- \/ Yoast SEO plugin. -->","yoast_head_json":{"title":"Sujetador Selene Mercedes - Rosana CL","robots":{"index":"index","follow":"follow","max-snippet":"max-snippet:-1","max-image-preview":"max-image-preview:large","max-video-preview":"max-video-preview:-1"},"canonical":"https:\/\/rosanacl.com\/sq\/produkt\/sujetador-selene-modelo-mercedes\/","og_locale":"sq_AL","og_type":"article","og_title":"Sujetador Selene Mercedes - Rosana CL","og_description":"El Mercedes es ese sujetador \u00abpalabra de honor\u00bb que te salva cualquier look: sin tirantes, con aros y relleno, para que el pecho quede redondeado, centrado y bonito sin necesidad de estar recoloc\u00e1ndolo cada dos minutos. Ideal si buscas un acabado limpio bajo la ropa y un escote que se vea elegante (y favorecedor) desde [&hellip;]","og_url":"https:\/\/rosanacl.com\/sq\/produkt\/sujetador-selene-modelo-mercedes\/","og_site_name":"Rosana CL","article_modified_time":"2026-01-07T18:02:39+00:00","og_image":[{"width":1046,"height":1333,"url":"https:\/\/rosanacl.com\/wp-content\/uploads\/2025\/05\/1-2.png","type":"image\/png"}],"twitter_card":"summary_large_image","twitter_misc":{"Est. reading time":"2 minuta"},"schema":{"@context":"https:\/\/schema.org","@graph":[{"@type":"WebPage","@id":"https:\/\/rosanacl.com\/producto\/sujetador-selene-modelo-mercedes\/","url":"https:\/\/rosanacl.com\/producto\/sujetador-selene-modelo-mercedes\/","name":"Sujetador Selene Mercedes - Rosana CL","isPartOf":{"@id":"https:\/\/rosanacl.com\/ca\/#website"},"primaryImageOfPage":{"@id":"https:\/\/rosanacl.com\/producto\/sujetador-selene-modelo-mercedes\/#primaryimage"},"image":{"@id":"https:\/\/rosanacl.com\/producto\/sujetador-selene-modelo-mercedes\/#primaryimage"},"thumbnailUrl":"https:\/\/rosanacl.com\/wp-content\/uploads\/2025\/05\/1-2.png","datePublished":"2025-05-23T08:10:33+00:00","dateModified":"2026-01-07T18:02:39+00:00","breadcrumb":{"@id":"https:\/\/rosanacl.com\/producto\/sujetador-selene-modelo-mercedes\/#breadcrumb"},"inLanguage":"sq","potentialAction":[{"@type":"ReadAction","target":["https:\/\/rosanacl.com\/producto\/sujetador-selene-modelo-mercedes\/"]}]},{"@type":"ImageObject","inLanguage":"sq","@id":"https:\/\/rosanacl.com\/producto\/sujetador-selene-modelo-mercedes\/#primaryimage","url":"https:\/\/rosanacl.com\/wp-content\/uploads\/2025\/05\/1-2.png","contentUrl":"https:\/\/rosanacl.com\/wp-content\/uploads\/2025\/05\/1-2.png","width":1046,"height":1333},{"@type":"BreadcrumbList","@id":"https:\/\/rosanacl.com\/producto\/sujetador-selene-modelo-mercedes\/#breadcrumb","itemListElement":[{"@type":"ListItem","position":1,"name":"Portada","item":"https:\/\/rosanacl.com\/ca\/"},{"@type":"ListItem","position":2,"name":"Tienda","item":"https:\/\/rosanacl.com\/ca\/tienda\/"},{"@type":"ListItem","position":3,"name":"Sujetador Selene Mercedes"}]},{"@type":"WebSite","@id":"https:\/\/rosanacl.com\/ca\/#website","url":"https:\/\/rosanacl.com\/ca\/","name":"Rosana CL","description":"Ne jemi vetvetja juaj e brendshme","potentialAction":[{"@type":"SearchAction","target":{"@type":"EntryPoint","urlTemplate":"https:\/\/rosanacl.com\/ca\/?s={search_term_string}"},"query-input":{"@type":"PropertyValueSpecification","valueRequired":true,"valueName":"search_term_string"}}],"inLanguage":"sq"}]}},"_links":{"self":[{"href":"https:\/\/rosanacl.com\/sq\/wp-json\/wp\/v2\/product\/2083","targetHints":{"allow":["GET"]}}],"collection":[{"href":"https:\/\/rosanacl.com\/sq\/wp-json\/wp\/v2\/product"}],"about":[{"href":"https:\/\/rosanacl.com\/sq\/wp-json\/wp\/v2\/types\/product"}],"replies":[{"embeddable":true,"href":"https:\/\/rosanacl.com\/sq\/wp-json\/wp\/v2\/comments?post=2083"}],"version-history":[{"count":5,"href":"https:\/\/rosanacl.com\/sq\/wp-json\/wp\/v2\/product\/2083\/revisions"}],"predecessor-version":[{"id":4599,"href":"https:\/\/rosanacl.com\/sq\/wp-json\/wp\/v2\/product\/2083\/revisions\/4599"}],"wp:featuredmedia":[{"embeddable":true,"href":"https:\/\/rosanacl.com\/sq\/wp-json\/wp\/v2\/media\/2151"}],"wp:attachment":[{"href":"https:\/\/rosanacl.com\/sq\/wp-json\/wp\/v2\/media?parent=2083"}],"wp:term":[{"taxonomy":"product_brand","embeddable":true,"href":"https:\/\/rosanacl.com\/sq\/wp-json\/wp\/v2\/product_brand?post=2083"},{"taxonomy":"product_cat","embeddable":true,"href":"https:\/\/rosanacl.com\/sq\/wp-json\/wp\/v2\/product_cat?post=2083"},{"taxonomy":"product_tag","embeddable":true,"href":"https:\/\/rosanacl.com\/sq\/wp-json\/wp\/v2\/product_tag?post=2083"}],"curies":[{"name":"wp","href":"https:\/\/api.w.org\/{rel}","templated":true}]}}