{"id":353,"date":"2025-04-29T14:25:52","date_gmt":"2025-04-29T12:25:52","guid":{"rendered":"https:\/\/rosanacl.com\/?post_type=product&#038;p=353"},"modified":"2026-01-07T22:01:53","modified_gmt":"2026-01-07T21:01:53","slug":"sujetador-modelo-zafiro","status":"publish","type":"product","link":"https:\/\/rosanacl.com\/sq\/produkt\/sujetador-modelo-zafiro\/","title":{"rendered":"Re\u00e7ipeta me safir Selene"},"content":{"rendered":"<p>Ka veshje q\u00eb nuk b\u00ebjn\u00eb zhurm\u00eb\u2026 por ato ta ndryshojn\u00eb dit\u00ebn. Zafiro \u00ebsht\u00eb projektuar p\u00ebr kur d\u00ebshiron t\u00eb dukesh i p\u00ebrsosur pa u munduar: tela mb\u00ebshtet\u00ebs, mikrofib\u00ebr i but\u00eb dhe nj\u00eb p\u00ebrfundim i past\u00ebr q\u00eb p\u00ebrzihet pa probleme n\u00ebn rroba sikur t\u00eb ishte pjes\u00eb e jotja.<\/p>\n<p>E ve\u00e7anta e saj q\u00ebndron n\u00eb ekuilibrin: fort\u00ebsi dhe leht\u00ebsi, me nj\u00eb shtres\u00eb t\u00eb jashtme tyli q\u00eb shton nj\u00eb prekje elegante, delikate dhe fem\u00ebrore. Ideale n\u00ebse po k\u00ebrkoni nj\u00eb re\u00e7ipeta t\u00eb p\u00ebrditshme\u2026 me nj\u00eb ndjesi butiku.<\/p>\n<p>Detajet q\u00eb bien n\u00eb sy<\/p>\n<ul>\n<li>Unaza q\u00eb mblidhen dhe p\u00ebrmir\u00ebsohen pa ekzagjeruar.<\/li>\n<li>Mikrofib\u00ebr e but\u00eb dhe elastike, ndjesi &quot;l\u00ebkure e dyt\u00eb&quot;\u00ab<\/li>\n<li>Tyl i jasht\u00ebm delikat, p\u00ebr nj\u00eb efekt m\u00eb t\u00eb holl\u00eb dhe m\u00eb elegant.<\/li>\n<li>Mb\u00ebshtetje e fort\u00eb dhe e q\u00ebndrueshme p\u00ebr gjith\u00eb dit\u00ebn.<\/li>\n<li>P\u00ebrfundim diskret n\u00ebn bluza dhe veshje t\u00eb ngushta.<\/li>\n<\/ul>\n<p>\ud83d\udde3\ufe0f K\u00ebshill\u00eb: N\u00ebse po k\u00ebrkoni efektin &quot;gjith\u00e7ka duket m\u00eb e past\u00ebr&quot; pa u ndjer\u00eb e r\u00ebnd\u00eb, Zafiro \u00ebsht\u00eb ideal: mban dhe mb\u00ebshtet, e l\u00eb siluet\u00ebn m\u00eb t\u00eb l\u00ebmuar dhe tyl i jep asaj at\u00eb prekje delikate q\u00eb e vini re vet\u00ebm kur shiheni n\u00eb pasqyr\u00eb.<\/p>\n<p>\ud83d\udccf Sh\u00ebnim: P\u00ebr ta b\u00ebr\u00eb si\u00e7 duhet q\u00eb n\u00eb her\u00ebn e par\u00eb, zgjidhni madh\u00ebsin\u00eb tuaj bazuar n\u00eb ndjesin\u00eb q\u00eb preferoni: n\u00ebse ju p\u00eblqen nj\u00eb p\u00ebrshtatje e ngusht\u00eb dhe mb\u00ebshtet\u00ebse, jepni p\u00ebrpar\u00ebsi madh\u00ebsis\u00eb s\u00eb brezit; n\u00ebse preferoni nj\u00eb p\u00ebrshtatje m\u00eb t\u00eb but\u00eb, jepni p\u00ebrpar\u00ebsi madh\u00ebsis\u00eb s\u00eb gjoksit. Dhe n\u00ebse jeni midis madh\u00ebsive, zgjidhni at\u00eb q\u00eb ju lejon t\u00eb merrni frym\u00eb lirsh\u00ebm pa l\u00ebvizur brezi.<\/p>\n<p>P\u00ebrb\u00ebrja: poliamid 82%, elastan 18%.<\/p>\n<p>\ud83e\udd8b P\u00ebr kur doni t\u00eb dukeni bukur pa menduar p\u00ebr k\u00ebt\u00eb.<\/p>","protected":false},"excerpt":{"rendered":"<p>Hay prendas que no hacen ruido&#8230; pero cambian el d\u00eda. Zafiro est\u00e1 pensado para cuando quieres verte impecable sin esforzarte: aros que sujetan, microfibra suave y un acabado limpio que se integra bajo la ropa como si fuera parte de ti. Su toque especial est\u00e1 en el equilibrio: firmeza y ligereza, con una capa exterior [&hellip;]<\/p>\n","protected":false},"featured_media":1474,"comment_status":"open","ping_status":"closed","template":"","meta":{"content-type":""},"product_brand":[55],"product_cat":[80,24,20],"product_tag":[57,56],"class_list":{"0":"post-353","1":"product","2":"type-product","3":"status-publish","4":"has-post-thumbnail","6":"product_brand-selene","7":"product_cat-con-aros-sin-relleno","8":"product_cat-sin-relleno","9":"product_cat-sujetador","10":"product_tag-sin-relleno","11":"product_tag-sujetador","13":"first","14":"instock","15":"taxable","16":"shipping-taxable","17":"purchasable","18":"product-type-variable"},"supplier_id":null,"supplier_sku":"","barcode":null,"atum_controlled":true,"out_stock_date":null,"out_stock_threshold":null,"inheritable":true,"inbound_stock":0,"stock_on_hold":0,"sold_today":0,"sales_last_days":0,"reserved_stock":0,"customer_returns":0,"warehouse_damage":0,"lost_in_post":0,"other_logs":0,"out_stock_days":0,"lost_sales":0,"has_location":false,"update_date":"2026-01-07T21:01:54","atum_locations":[],"atum_stock_status":"instock","restock_status":false,"low_stock_amount":"","sales_update_date":"2025-10-03T04:57:16","calc_backorders":null,"yoast_head":"<!-- This site is optimized with the Yoast SEO plugin v27.4 - https:\/\/yoast.com\/product\/yoast-seo-wordpress\/ -->\n<title>Sujetador Selene Zafiro - Rosana CL<\/title>\n<meta name=\"robots\" content=\"index, follow, max-snippet:-1, max-image-preview:large, max-video-preview:-1\" \/>\n<link rel=\"canonical\" href=\"https:\/\/rosanacl.com\/sq\/produkt\/sujetador-modelo-zafiro\/\" \/>\n<meta property=\"og:locale\" content=\"sq_AL\" \/>\n<meta property=\"og:type\" content=\"article\" \/>\n<meta property=\"og:title\" content=\"Sujetador Selene Zafiro - Rosana CL\" \/>\n<meta property=\"og:description\" content=\"Hay prendas que no hacen ruido&#8230; pero cambian el d\u00eda. Zafiro est\u00e1 pensado para cuando quieres verte impecable sin esforzarte: aros que sujetan, microfibra suave y un acabado limpio que se integra bajo la ropa como si fuera parte de ti. Su toque especial est\u00e1 en el equilibrio: firmeza y ligereza, con una capa exterior [&hellip;]\" \/>\n<meta property=\"og:url\" content=\"https:\/\/rosanacl.com\/sq\/produkt\/sujetador-modelo-zafiro\/\" \/>\n<meta property=\"og:site_name\" content=\"Rosana CL\" \/>\n<meta property=\"article:modified_time\" content=\"2026-01-07T21:01:53+00:00\" \/>\n<meta property=\"og:image\" content=\"https:\/\/rosanacl.com\/wp-content\/uploads\/2025\/04\/Sujetador-modelo-Zafiro-000001.webp\" \/>\n\t<meta property=\"og:image:width\" content=\"1000\" \/>\n\t<meta property=\"og:image:height\" content=\"1000\" \/>\n\t<meta property=\"og:image:type\" content=\"image\/webp\" \/>\n<meta name=\"twitter:card\" content=\"summary_large_image\" \/>\n<meta name=\"twitter:label1\" content=\"Est. reading time\" \/>\n\t<meta name=\"twitter:data1\" content=\"2 minuta\" \/>\n<script type=\"application\/ld+json\" class=\"yoast-schema-graph\">{\"@context\":\"https:\\\/\\\/schema.org\",\"@graph\":[{\"@type\":\"WebPage\",\"@id\":\"https:\\\/\\\/rosanacl.com\\\/producto\\\/sujetador-modelo-zafiro\\\/\",\"url\":\"https:\\\/\\\/rosanacl.com\\\/producto\\\/sujetador-modelo-zafiro\\\/\",\"name\":\"Sujetador Selene Zafiro - Rosana CL\",\"isPartOf\":{\"@id\":\"https:\\\/\\\/rosanacl.com\\\/ca\\\/#website\"},\"primaryImageOfPage\":{\"@id\":\"https:\\\/\\\/rosanacl.com\\\/producto\\\/sujetador-modelo-zafiro\\\/#primaryimage\"},\"image\":{\"@id\":\"https:\\\/\\\/rosanacl.com\\\/producto\\\/sujetador-modelo-zafiro\\\/#primaryimage\"},\"thumbnailUrl\":\"https:\\\/\\\/rosanacl.com\\\/wp-content\\\/uploads\\\/2025\\\/04\\\/Sujetador-modelo-Zafiro-000001.webp\",\"datePublished\":\"2025-04-29T12:25:52+00:00\",\"dateModified\":\"2026-01-07T21:01:53+00:00\",\"breadcrumb\":{\"@id\":\"https:\\\/\\\/rosanacl.com\\\/producto\\\/sujetador-modelo-zafiro\\\/#breadcrumb\"},\"inLanguage\":\"sq\",\"potentialAction\":[{\"@type\":\"ReadAction\",\"target\":[\"https:\\\/\\\/rosanacl.com\\\/producto\\\/sujetador-modelo-zafiro\\\/\"]}]},{\"@type\":\"ImageObject\",\"inLanguage\":\"sq\",\"@id\":\"https:\\\/\\\/rosanacl.com\\\/producto\\\/sujetador-modelo-zafiro\\\/#primaryimage\",\"url\":\"https:\\\/\\\/rosanacl.com\\\/wp-content\\\/uploads\\\/2025\\\/04\\\/Sujetador-modelo-Zafiro-000001.webp\",\"contentUrl\":\"https:\\\/\\\/rosanacl.com\\\/wp-content\\\/uploads\\\/2025\\\/04\\\/Sujetador-modelo-Zafiro-000001.webp\",\"width\":1000,\"height\":1000},{\"@type\":\"BreadcrumbList\",\"@id\":\"https:\\\/\\\/rosanacl.com\\\/producto\\\/sujetador-modelo-zafiro\\\/#breadcrumb\",\"itemListElement\":[{\"@type\":\"ListItem\",\"position\":1,\"name\":\"Portada\",\"item\":\"https:\\\/\\\/rosanacl.com\\\/ca\\\/\"},{\"@type\":\"ListItem\",\"position\":2,\"name\":\"Tienda\",\"item\":\"https:\\\/\\\/rosanacl.com\\\/ca\\\/tienda\\\/\"},{\"@type\":\"ListItem\",\"position\":3,\"name\":\"Sujetador Selene Zafiro\"}]},{\"@type\":\"WebSite\",\"@id\":\"https:\\\/\\\/rosanacl.com\\\/ca\\\/#website\",\"url\":\"https:\\\/\\\/rosanacl.com\\\/ca\\\/\",\"name\":\"Rosana CL\",\"description\":\"Somos tu interior\",\"potentialAction\":[{\"@type\":\"SearchAction\",\"target\":{\"@type\":\"EntryPoint\",\"urlTemplate\":\"https:\\\/\\\/rosanacl.com\\\/ca\\\/?s={search_term_string}\"},\"query-input\":{\"@type\":\"PropertyValueSpecification\",\"valueRequired\":true,\"valueName\":\"search_term_string\"}}],\"inLanguage\":\"sq\"}]}<\/script>\n<!-- \/ Yoast SEO plugin. -->","yoast_head_json":{"title":"Sujetador Selene Zafiro - Rosana CL","robots":{"index":"index","follow":"follow","max-snippet":"max-snippet:-1","max-image-preview":"max-image-preview:large","max-video-preview":"max-video-preview:-1"},"canonical":"https:\/\/rosanacl.com\/sq\/produkt\/sujetador-modelo-zafiro\/","og_locale":"sq_AL","og_type":"article","og_title":"Sujetador Selene Zafiro - Rosana CL","og_description":"Hay prendas que no hacen ruido&#8230; pero cambian el d\u00eda. Zafiro est\u00e1 pensado para cuando quieres verte impecable sin esforzarte: aros que sujetan, microfibra suave y un acabado limpio que se integra bajo la ropa como si fuera parte de ti. Su toque especial est\u00e1 en el equilibrio: firmeza y ligereza, con una capa exterior [&hellip;]","og_url":"https:\/\/rosanacl.com\/sq\/produkt\/sujetador-modelo-zafiro\/","og_site_name":"Rosana CL","article_modified_time":"2026-01-07T21:01:53+00:00","og_image":[{"width":1000,"height":1000,"url":"https:\/\/rosanacl.com\/wp-content\/uploads\/2025\/04\/Sujetador-modelo-Zafiro-000001.webp","type":"image\/webp"}],"twitter_card":"summary_large_image","twitter_misc":{"Est. reading time":"2 minuta"},"schema":{"@context":"https:\/\/schema.org","@graph":[{"@type":"WebPage","@id":"https:\/\/rosanacl.com\/producto\/sujetador-modelo-zafiro\/","url":"https:\/\/rosanacl.com\/producto\/sujetador-modelo-zafiro\/","name":"Sujetador Selene Zafiro - Rosana CL","isPartOf":{"@id":"https:\/\/rosanacl.com\/ca\/#website"},"primaryImageOfPage":{"@id":"https:\/\/rosanacl.com\/producto\/sujetador-modelo-zafiro\/#primaryimage"},"image":{"@id":"https:\/\/rosanacl.com\/producto\/sujetador-modelo-zafiro\/#primaryimage"},"thumbnailUrl":"https:\/\/rosanacl.com\/wp-content\/uploads\/2025\/04\/Sujetador-modelo-Zafiro-000001.webp","datePublished":"2025-04-29T12:25:52+00:00","dateModified":"2026-01-07T21:01:53+00:00","breadcrumb":{"@id":"https:\/\/rosanacl.com\/producto\/sujetador-modelo-zafiro\/#breadcrumb"},"inLanguage":"sq","potentialAction":[{"@type":"ReadAction","target":["https:\/\/rosanacl.com\/producto\/sujetador-modelo-zafiro\/"]}]},{"@type":"ImageObject","inLanguage":"sq","@id":"https:\/\/rosanacl.com\/producto\/sujetador-modelo-zafiro\/#primaryimage","url":"https:\/\/rosanacl.com\/wp-content\/uploads\/2025\/04\/Sujetador-modelo-Zafiro-000001.webp","contentUrl":"https:\/\/rosanacl.com\/wp-content\/uploads\/2025\/04\/Sujetador-modelo-Zafiro-000001.webp","width":1000,"height":1000},{"@type":"BreadcrumbList","@id":"https:\/\/rosanacl.com\/producto\/sujetador-modelo-zafiro\/#breadcrumb","itemListElement":[{"@type":"ListItem","position":1,"name":"Portada","item":"https:\/\/rosanacl.com\/ca\/"},{"@type":"ListItem","position":2,"name":"Tienda","item":"https:\/\/rosanacl.com\/ca\/tienda\/"},{"@type":"ListItem","position":3,"name":"Sujetador Selene Zafiro"}]},{"@type":"WebSite","@id":"https:\/\/rosanacl.com\/ca\/#website","url":"https:\/\/rosanacl.com\/ca\/","name":"Rosana CL","description":"Ne jemi vetvetja juaj e brendshme","potentialAction":[{"@type":"SearchAction","target":{"@type":"EntryPoint","urlTemplate":"https:\/\/rosanacl.com\/ca\/?s={search_term_string}"},"query-input":{"@type":"PropertyValueSpecification","valueRequired":true,"valueName":"search_term_string"}}],"inLanguage":"sq"}]}},"_links":{"self":[{"href":"https:\/\/rosanacl.com\/sq\/wp-json\/wp\/v2\/product\/353","targetHints":{"allow":["GET"]}}],"collection":[{"href":"https:\/\/rosanacl.com\/sq\/wp-json\/wp\/v2\/product"}],"about":[{"href":"https:\/\/rosanacl.com\/sq\/wp-json\/wp\/v2\/types\/product"}],"replies":[{"embeddable":true,"href":"https:\/\/rosanacl.com\/sq\/wp-json\/wp\/v2\/comments?post=353"}],"version-history":[{"count":5,"href":"https:\/\/rosanacl.com\/sq\/wp-json\/wp\/v2\/product\/353\/revisions"}],"predecessor-version":[{"id":4623,"href":"https:\/\/rosanacl.com\/sq\/wp-json\/wp\/v2\/product\/353\/revisions\/4623"}],"wp:featuredmedia":[{"embeddable":true,"href":"https:\/\/rosanacl.com\/sq\/wp-json\/wp\/v2\/media\/1474"}],"wp:attachment":[{"href":"https:\/\/rosanacl.com\/sq\/wp-json\/wp\/v2\/media?parent=353"}],"wp:term":[{"taxonomy":"product_brand","embeddable":true,"href":"https:\/\/rosanacl.com\/sq\/wp-json\/wp\/v2\/product_brand?post=353"},{"taxonomy":"product_cat","embeddable":true,"href":"https:\/\/rosanacl.com\/sq\/wp-json\/wp\/v2\/product_cat?post=353"},{"taxonomy":"product_tag","embeddable":true,"href":"https:\/\/rosanacl.com\/sq\/wp-json\/wp\/v2\/product_tag?post=353"}],"curies":[{"name":"wp","href":"https:\/\/api.w.org\/{rel}","templated":true}]}}