{"id":745,"date":"2025-04-29T19:52:29","date_gmt":"2025-04-29T17:52:29","guid":{"rendered":"https:\/\/rosanacl.com\/?post_type=product&#038;p=745"},"modified":"2026-01-07T21:15:53","modified_gmt":"2026-01-07T20:15:53","slug":"sujetador-modelo-blanca","status":"publish","type":"product","link":"https:\/\/rosanacl.com\/sq\/produkt\/sujetador-modelo-blanca\/","title":{"rendered":"Re\u00e7ipeta e Bardh\u00eb Selene"},"content":{"rendered":"<p>Re\u00e7ipetat Selene Blanca jan\u00eb zgjidhja e duhur kur k\u00ebrkoni rehati t\u00eb v\u00ebrtet\u00eb me nj\u00eb mbules\u00eb t\u00eb bukur dhe nj\u00eb ndjesi t\u00eb but\u00eb n\u00eb l\u00ebkur\u00eb. P\u00eblhura e tyre prej pambuku ofron nj\u00eb prekje t\u00eb k\u00ebndshme dhe natyrale, ideale p\u00ebr p\u00ebrdorim t\u00eb p\u00ebrditsh\u00ebm, dhe dizajni i tyre ka p\u00ebr q\u00ebllim t&#039;ju mb\u00ebshtes\u00eb pa ju shtr\u00ebnguar, pa l\u00ebn\u00eb shenja ose pa ju penguar n\u00ebn rroba.<\/p>\n<p>Duke qen\u00eb pa tela dhe pa mbushje, ajo ruan nj\u00eb linj\u00eb t\u00eb past\u00ebr dhe diskrete q\u00eb duket shk\u00eblqyesh\u00ebm me bluza, veshje t\u00eb ngushta ose veshje m\u00eb t\u00eb thjeshta. \u00cbsht\u00eb nj\u00eb nga ato sytjena q\u00eb nuk kan\u00eb nevoj\u00eb t\u00eb &quot;t\u00ebrheqin v\u00ebmendjen&quot; p\u00ebr t\u00eb qen\u00eb t\u00ebrheq\u00ebse: gjith\u00e7ka ka t\u00eb b\u00ebj\u00eb me sa t\u00eb rehatshme ndihen dhe sa t\u00eb lehta jan\u00eb p\u00ebr t&#039;u veshur p\u00ebr or\u00eb t\u00eb t\u00ebra.<\/p>\n<p>Detajet q\u00eb do t&#039;ju p\u00eblqejn\u00eb rreth Blanc\u00ebs<\/p>\n<ul>\n<li>Pambuk i but\u00eb dhe i k\u00ebndsh\u00ebm: ndjesi natyrale dhe e rehatshme.<\/li>\n<li>Pa tela: liri totale, pa presion mbi konturin.<\/li>\n<li>Pa mbushje: form\u00eb natyrale, e leht\u00eb dhe shum\u00eb e p\u00ebrshtatshme p\u00ebr t\u2019u veshur.<\/li>\n<li>Diskrete n\u00ebn rroba: nuk krijon v\u00ebllim t\u00eb panevojsh\u00ebm.<\/li>\n<li>Perfekt p\u00ebr p\u00ebrdorim t\u00eb p\u00ebrditsh\u00ebm: i projektuar p\u00ebr t\u2019u p\u00ebrs\u00ebritur pa u lodhur.<\/li>\n<\/ul>\n<p>\ud83d\udde3\ufe0f K\u00ebshill\u00eb: Visheni me nj\u00eb bluz\u00eb t\u00eb ngusht\u00eb dhe vini re se si ndihet: n\u00ebse ndjeni &quot;liri&quot; (pa presion n\u00eb an\u00ebt dhe pa d\u00ebshir\u00eb p\u00ebr t&#039;u rregulluar), kjo \u00ebsht\u00eb forca e Blanca-s. \u00cbsht\u00eb lloji i pambukut q\u00eb ndihet i but\u00eb dhe i past\u00ebr, sikur trupi juaj t\u00eb jet\u00eb &quot;n\u00eb paqe&quot;.<\/p>\n<p>\ud83d\udccf Sh\u00ebnim: P\u00ebr t\u00eb gjetur madh\u00ebsin\u00eb e duhur, merrni matjen e pjes\u00ebs s\u00eb poshtme t\u00eb gjoksit dhe krahasojeni at\u00eb me udh\u00ebzuesin; n\u00ebse jeni midis dy matjeve dhe d\u00ebshironi nj\u00eb p\u00ebrshtatje m\u00eb t\u00eb rehatshme, zgjidhni madh\u00ebsin\u00eb m\u00eb t\u00eb madhe. Kjo do t\u00eb zvog\u00ebloj\u00eb gabimet n\u00eb madh\u00ebsi dhe do t\u00eb siguroj\u00eb q\u00eb ta merrni madh\u00ebsin\u00eb e duhur q\u00eb n\u00eb her\u00ebn e par\u00eb.<\/p>\n<p>P\u00ebrb\u00ebrja: Pambuk 95% Elastan 5%<\/p>\n<p>\ud83c\udf3f I but\u00eb, i past\u00ebr dhe i leht\u00eb\u2026 si\u00e7 duhet t\u00eb jet\u00eb jeta e p\u00ebrditshme.<\/p>","protected":false},"excerpt":{"rendered":"<p>El sujetador Selene modelo Blanca es una apuesta segura cuando lo que buscas es comodidad real con una ca\u00edda bonita y una sensaci\u00f3n suave en la piel. Su tejido de algod\u00f3n aporta un tacto agradable y natural, ideal para el uso diario, y su dise\u00f1o est\u00e1 pensado para acompa\u00f1arte sin apretar, sin marcar y sin [&hellip;]<\/p>\n","protected":false},"featured_media":2349,"comment_status":"open","ping_status":"closed","template":"","meta":{"content-type":""},"product_brand":[55],"product_cat":[25,20],"product_tag":[56,60],"class_list":{"0":"post-745","1":"product","2":"type-product","3":"status-publish","4":"has-post-thumbnail","6":"product_brand-selene","7":"product_cat-sin-aros","8":"product_cat-sujetador","9":"product_tag-sujetador","10":"product_tag-sujetador-sin-aros","12":"first","13":"instock","14":"taxable","15":"shipping-taxable","16":"purchasable","17":"product-type-variable"},"supplier_id":null,"supplier_sku":"","barcode":null,"atum_controlled":true,"out_stock_date":null,"out_stock_threshold":null,"inheritable":true,"inbound_stock":0,"stock_on_hold":0,"sold_today":0,"sales_last_days":0,"reserved_stock":0,"customer_returns":0,"warehouse_damage":0,"lost_in_post":0,"other_logs":0,"out_stock_days":0,"lost_sales":0,"has_location":false,"update_date":"2026-01-07T20:15:54","atum_locations":[],"atum_stock_status":"instock","restock_status":false,"low_stock_amount":"","sales_update_date":"2025-08-19T02:35:53","calc_backorders":null,"yoast_head":"<!-- This site is optimized with the Yoast SEO plugin v27.4 - https:\/\/yoast.com\/product\/yoast-seo-wordpress\/ -->\n<title>Sujetador Selene Blanca - Rosana CL<\/title>\n<meta name=\"robots\" content=\"index, follow, max-snippet:-1, max-image-preview:large, max-video-preview:-1\" \/>\n<link rel=\"canonical\" href=\"https:\/\/rosanacl.com\/sq\/produkt\/sujetador-modelo-blanca\/\" \/>\n<meta property=\"og:locale\" content=\"sq_AL\" \/>\n<meta property=\"og:type\" content=\"article\" \/>\n<meta property=\"og:title\" content=\"Sujetador Selene Blanca - Rosana CL\" \/>\n<meta property=\"og:description\" content=\"El sujetador Selene modelo Blanca es una apuesta segura cuando lo que buscas es comodidad real con una ca\u00edda bonita y una sensaci\u00f3n suave en la piel. Su tejido de algod\u00f3n aporta un tacto agradable y natural, ideal para el uso diario, y su dise\u00f1o est\u00e1 pensado para acompa\u00f1arte sin apretar, sin marcar y sin [&hellip;]\" \/>\n<meta property=\"og:url\" content=\"https:\/\/rosanacl.com\/sq\/produkt\/sujetador-modelo-blanca\/\" \/>\n<meta property=\"og:site_name\" content=\"Rosana CL\" \/>\n<meta property=\"article:modified_time\" content=\"2026-01-07T20:15:53+00:00\" \/>\n<meta property=\"og:image\" content=\"https:\/\/rosanacl.com\/wp-content\/uploads\/2025\/04\/1-1-e1756816629750.jpg\" \/>\n\t<meta property=\"og:image:width\" content=\"881\" \/>\n\t<meta property=\"og:image:height\" content=\"1093\" \/>\n\t<meta property=\"og:image:type\" content=\"image\/jpeg\" \/>\n<meta name=\"twitter:card\" content=\"summary_large_image\" \/>\n<meta name=\"twitter:label1\" content=\"Est. reading time\" \/>\n\t<meta name=\"twitter:data1\" content=\"2 minuta\" \/>\n<script type=\"application\/ld+json\" class=\"yoast-schema-graph\">{\"@context\":\"https:\\\/\\\/schema.org\",\"@graph\":[{\"@type\":\"WebPage\",\"@id\":\"https:\\\/\\\/rosanacl.com\\\/producto\\\/sujetador-modelo-blanca\\\/\",\"url\":\"https:\\\/\\\/rosanacl.com\\\/producto\\\/sujetador-modelo-blanca\\\/\",\"name\":\"Sujetador Selene Blanca - Rosana CL\",\"isPartOf\":{\"@id\":\"https:\\\/\\\/rosanacl.com\\\/ca\\\/#website\"},\"primaryImageOfPage\":{\"@id\":\"https:\\\/\\\/rosanacl.com\\\/producto\\\/sujetador-modelo-blanca\\\/#primaryimage\"},\"image\":{\"@id\":\"https:\\\/\\\/rosanacl.com\\\/producto\\\/sujetador-modelo-blanca\\\/#primaryimage\"},\"thumbnailUrl\":\"https:\\\/\\\/rosanacl.com\\\/wp-content\\\/uploads\\\/2025\\\/04\\\/1-1-e1756816629750.jpg\",\"datePublished\":\"2025-04-29T17:52:29+00:00\",\"dateModified\":\"2026-01-07T20:15:53+00:00\",\"breadcrumb\":{\"@id\":\"https:\\\/\\\/rosanacl.com\\\/producto\\\/sujetador-modelo-blanca\\\/#breadcrumb\"},\"inLanguage\":\"sq\",\"potentialAction\":[{\"@type\":\"ReadAction\",\"target\":[\"https:\\\/\\\/rosanacl.com\\\/producto\\\/sujetador-modelo-blanca\\\/\"]}]},{\"@type\":\"ImageObject\",\"inLanguage\":\"sq\",\"@id\":\"https:\\\/\\\/rosanacl.com\\\/producto\\\/sujetador-modelo-blanca\\\/#primaryimage\",\"url\":\"https:\\\/\\\/rosanacl.com\\\/wp-content\\\/uploads\\\/2025\\\/04\\\/1-1-e1756816629750.jpg\",\"contentUrl\":\"https:\\\/\\\/rosanacl.com\\\/wp-content\\\/uploads\\\/2025\\\/04\\\/1-1-e1756816629750.jpg\",\"width\":881,\"height\":1093},{\"@type\":\"BreadcrumbList\",\"@id\":\"https:\\\/\\\/rosanacl.com\\\/producto\\\/sujetador-modelo-blanca\\\/#breadcrumb\",\"itemListElement\":[{\"@type\":\"ListItem\",\"position\":1,\"name\":\"Portada\",\"item\":\"https:\\\/\\\/rosanacl.com\\\/ca\\\/\"},{\"@type\":\"ListItem\",\"position\":2,\"name\":\"Tienda\",\"item\":\"https:\\\/\\\/rosanacl.com\\\/ca\\\/tienda\\\/\"},{\"@type\":\"ListItem\",\"position\":3,\"name\":\"Sujetador Selene Blanca\"}]},{\"@type\":\"WebSite\",\"@id\":\"https:\\\/\\\/rosanacl.com\\\/ca\\\/#website\",\"url\":\"https:\\\/\\\/rosanacl.com\\\/ca\\\/\",\"name\":\"Rosana CL\",\"description\":\"Somos tu interior\",\"potentialAction\":[{\"@type\":\"SearchAction\",\"target\":{\"@type\":\"EntryPoint\",\"urlTemplate\":\"https:\\\/\\\/rosanacl.com\\\/ca\\\/?s={search_term_string}\"},\"query-input\":{\"@type\":\"PropertyValueSpecification\",\"valueRequired\":true,\"valueName\":\"search_term_string\"}}],\"inLanguage\":\"sq\"}]}<\/script>\n<!-- \/ Yoast SEO plugin. -->","yoast_head_json":{"title":"Sujetador Selene Blanca - Rosana CL","robots":{"index":"index","follow":"follow","max-snippet":"max-snippet:-1","max-image-preview":"max-image-preview:large","max-video-preview":"max-video-preview:-1"},"canonical":"https:\/\/rosanacl.com\/sq\/produkt\/sujetador-modelo-blanca\/","og_locale":"sq_AL","og_type":"article","og_title":"Sujetador Selene Blanca - Rosana CL","og_description":"El sujetador Selene modelo Blanca es una apuesta segura cuando lo que buscas es comodidad real con una ca\u00edda bonita y una sensaci\u00f3n suave en la piel. Su tejido de algod\u00f3n aporta un tacto agradable y natural, ideal para el uso diario, y su dise\u00f1o est\u00e1 pensado para acompa\u00f1arte sin apretar, sin marcar y sin [&hellip;]","og_url":"https:\/\/rosanacl.com\/sq\/produkt\/sujetador-modelo-blanca\/","og_site_name":"Rosana CL","article_modified_time":"2026-01-07T20:15:53+00:00","og_image":[{"width":881,"height":1093,"url":"https:\/\/rosanacl.com\/wp-content\/uploads\/2025\/04\/1-1-e1756816629750.jpg","type":"image\/jpeg"}],"twitter_card":"summary_large_image","twitter_misc":{"Est. reading time":"2 minuta"},"schema":{"@context":"https:\/\/schema.org","@graph":[{"@type":"WebPage","@id":"https:\/\/rosanacl.com\/producto\/sujetador-modelo-blanca\/","url":"https:\/\/rosanacl.com\/producto\/sujetador-modelo-blanca\/","name":"Sujetador Selene Blanca - Rosana CL","isPartOf":{"@id":"https:\/\/rosanacl.com\/ca\/#website"},"primaryImageOfPage":{"@id":"https:\/\/rosanacl.com\/producto\/sujetador-modelo-blanca\/#primaryimage"},"image":{"@id":"https:\/\/rosanacl.com\/producto\/sujetador-modelo-blanca\/#primaryimage"},"thumbnailUrl":"https:\/\/rosanacl.com\/wp-content\/uploads\/2025\/04\/1-1-e1756816629750.jpg","datePublished":"2025-04-29T17:52:29+00:00","dateModified":"2026-01-07T20:15:53+00:00","breadcrumb":{"@id":"https:\/\/rosanacl.com\/producto\/sujetador-modelo-blanca\/#breadcrumb"},"inLanguage":"sq","potentialAction":[{"@type":"ReadAction","target":["https:\/\/rosanacl.com\/producto\/sujetador-modelo-blanca\/"]}]},{"@type":"ImageObject","inLanguage":"sq","@id":"https:\/\/rosanacl.com\/producto\/sujetador-modelo-blanca\/#primaryimage","url":"https:\/\/rosanacl.com\/wp-content\/uploads\/2025\/04\/1-1-e1756816629750.jpg","contentUrl":"https:\/\/rosanacl.com\/wp-content\/uploads\/2025\/04\/1-1-e1756816629750.jpg","width":881,"height":1093},{"@type":"BreadcrumbList","@id":"https:\/\/rosanacl.com\/producto\/sujetador-modelo-blanca\/#breadcrumb","itemListElement":[{"@type":"ListItem","position":1,"name":"Portada","item":"https:\/\/rosanacl.com\/ca\/"},{"@type":"ListItem","position":2,"name":"Tienda","item":"https:\/\/rosanacl.com\/ca\/tienda\/"},{"@type":"ListItem","position":3,"name":"Sujetador Selene Blanca"}]},{"@type":"WebSite","@id":"https:\/\/rosanacl.com\/ca\/#website","url":"https:\/\/rosanacl.com\/ca\/","name":"Rosana CL","description":"Ne jemi vetvetja juaj e brendshme","potentialAction":[{"@type":"SearchAction","target":{"@type":"EntryPoint","urlTemplate":"https:\/\/rosanacl.com\/ca\/?s={search_term_string}"},"query-input":{"@type":"PropertyValueSpecification","valueRequired":true,"valueName":"search_term_string"}}],"inLanguage":"sq"}]}},"_links":{"self":[{"href":"https:\/\/rosanacl.com\/sq\/wp-json\/wp\/v2\/product\/745","targetHints":{"allow":["GET"]}}],"collection":[{"href":"https:\/\/rosanacl.com\/sq\/wp-json\/wp\/v2\/product"}],"about":[{"href":"https:\/\/rosanacl.com\/sq\/wp-json\/wp\/v2\/types\/product"}],"replies":[{"embeddable":true,"href":"https:\/\/rosanacl.com\/sq\/wp-json\/wp\/v2\/comments?post=745"}],"version-history":[{"count":5,"href":"https:\/\/rosanacl.com\/sq\/wp-json\/wp\/v2\/product\/745\/revisions"}],"predecessor-version":[{"id":4616,"href":"https:\/\/rosanacl.com\/sq\/wp-json\/wp\/v2\/product\/745\/revisions\/4616"}],"wp:featuredmedia":[{"embeddable":true,"href":"https:\/\/rosanacl.com\/sq\/wp-json\/wp\/v2\/media\/2349"}],"wp:attachment":[{"href":"https:\/\/rosanacl.com\/sq\/wp-json\/wp\/v2\/media?parent=745"}],"wp:term":[{"taxonomy":"product_brand","embeddable":true,"href":"https:\/\/rosanacl.com\/sq\/wp-json\/wp\/v2\/product_brand?post=745"},{"taxonomy":"product_cat","embeddable":true,"href":"https:\/\/rosanacl.com\/sq\/wp-json\/wp\/v2\/product_cat?post=745"},{"taxonomy":"product_tag","embeddable":true,"href":"https:\/\/rosanacl.com\/sq\/wp-json\/wp\/v2\/product_tag?post=745"}],"curies":[{"name":"wp","href":"https:\/\/api.w.org\/{rel}","templated":true}]}}