{"id":2668,"date":"2025-07-09T09:55:57","date_gmt":"2025-07-09T07:55:57","guid":{"rendered":"https:\/\/rosanacl.com\/?page_id=2668"},"modified":"2025-07-11T11:06:31","modified_gmt":"2025-07-11T09:06:31","slug":"metodos-de-pago","status":"publish","type":"page","link":"https:\/\/rosanacl.com\/sr\/metodos-de-pago\/","title":{"rendered":"\u041d\u0430\u0447\u0438\u043d\u0438 \u043f\u043b\u0430\u045b\u0430\u045a\u0430"},"content":{"rendered":"<div data-elementor-type=\"wp-page\" data-elementor-id=\"2668\" class=\"elementor elementor-2668\" data-elementor-post-type=\"page\">\n\t\t\t\t<div class=\"elementor-element elementor-element-7a0b207 e-flex e-con-boxed e-con e-parent\" data-id=\"7a0b207\" data-element_type=\"container\" data-e-type=\"container\" data-settings=\"{&quot;background_background&quot;:&quot;classic&quot;}\">\n\t\t\t\t\t<div class=\"e-con-inner\">\n\t\t<div class=\"elementor-element elementor-element-2fcf4bc e-con-full e-flex e-con e-child\" data-id=\"2fcf4bc\" data-element_type=\"container\" data-e-type=\"container\">\n\t\t\t\t<div class=\"elementor-element elementor-element-d10b990 elementor-widget elementor-widget-heading\" data-id=\"d10b990\" data-element_type=\"widget\" data-e-type=\"widget\" data-widget_type=\"heading.default\">\n\t\t\t\t<div class=\"elementor-widget-container\">\n\t\t\t\t\t<h2 class=\"elementor-heading-title elementor-size-default\">\u041d\u0430\u0447\u0438\u043d\u0438 \u043f\u043b\u0430\u045b\u0430\u045a\u0430<\/h2>\t\t\t\t<\/div>\n\t\t\t\t<\/div>\n\t\t\t\t<\/div>\n\t\t\t\t\t<\/div>\n\t\t\t\t<\/div>\n\t\t<div class=\"elementor-element elementor-element-eca30f2 e-flex e-con-boxed e-con e-parent\" data-id=\"eca30f2\" data-element_type=\"container\" data-e-type=\"container\">\n\t\t\t\t\t<div class=\"e-con-inner\">\n\t\t\t\t<div class=\"elementor-element elementor-element-8328658 elementor-widget elementor-widget-text-editor\" data-id=\"8328658\" data-element_type=\"widget\" data-e-type=\"widget\" data-widget_type=\"text-editor.default\">\n\t\t\t\t<div class=\"elementor-widget-container\">\n\t\t\t\t\t\t\t\t\t<div><p><strong>\u041d\u0430\u0447\u0438\u043d\u0438 \u043f\u043b\u0430\u045b\u0430\u045a\u0430<\/strong><\/p><p data-start=\"194\" data-end=\"355\">\u0423 Rosana CL, \u043f\u043e\u0441\u0432\u0435\u045b\u0435\u043d\u0438 \u0441\u043c\u043e \u0442\u043e\u043c\u0435 \u0434\u0430 \u0432\u0430\u043c \u043f\u043e\u043d\u0443\u0434\u0438\u043c\u043e \u0431\u0435\u0437\u0431\u0435\u0434\u043d\u043e, \u0431\u0440\u0437\u043e \u0438 \u043f\u0440\u0430\u043a\u0442\u0438\u0447\u043d\u043e \u0438\u0441\u043a\u0443\u0441\u0442\u0432\u043e \u043a\u0443\u043f\u043e\u0432\u0438\u043d\u0435. \u0423 \u0442\u043e\u043c \u0446\u0438\u0459\u0443, \u043d\u0443\u0434\u0438\u043c\u043e \u0441\u043b\u0435\u0434\u0435\u045b\u0435 \u043d\u0430\u0447\u0438\u043d\u0435 \u043f\u043b\u0430\u045b\u0430\u045a\u0430:<\/p><p data-start=\"357\" data-end=\"405\"><strong>1. \u041a\u0440\u0435\u0434\u0438\u0442\u043d\u0430 \u0438\u043b\u0438 \u0434\u0435\u0431\u0438\u0442\u043d\u0430 \u043a\u0430\u0440\u0442\u0438\u0446\u0430 (\u0432\u0438\u0440\u0442\u0443\u0435\u043b\u043d\u0438 \u041f\u041e\u0421)<\/strong><\/p><p data-start=\"406\" data-end=\"545\">\u041c\u043e\u0436\u0435\u0442\u0435 \u0431\u0435\u0437\u0431\u0435\u0434\u043d\u043e \u0434\u0430 \u043f\u043b\u0430\u045b\u0430\u0442\u0435 \u043f\u0443\u0442\u0435\u043c \u043d\u0430\u0448\u0435\u0433 \u0441\u0438\u0441\u0442\u0435\u043c\u0430 \u0437\u0430 \u043f\u043b\u0430\u045b\u0430\u045a\u0435 (\u0432\u0438\u0440\u0442\u0443\u0435\u043b\u043d\u0438 \u041f\u041e\u0421). \u041f\u0440\u0438\u0445\u0432\u0430\u0442\u0430\u043c\u043e \u0432\u0435\u045b\u0438\u043d\u0443 \u043a\u0430\u0440\u0442\u0438\u0446\u0430, \u0443\u043a\u0459\u0443\u0447\u0443\u0458\u0443\u045b\u0438:<\/p><ul data-start=\"547\" data-end=\"633\"><li data-start=\"547\" data-end=\"555\"><p data-start=\"549\" data-end=\"555\">\u0412\u0438\u0437\u0430<\/p><\/li><li data-start=\"556\" data-end=\"570\"><p data-start=\"558\" data-end=\"570\">\u041c\u0430\u0441\u0442\u0435\u0440\u043a\u0430\u0440\u0434<\/p><\/li><li data-start=\"571\" data-end=\"582\"><p data-start=\"573\" data-end=\"582\">\u041d\u0430\u0441\u0442\u0430\u0432\u043d\u0438\u043a<\/p><\/li><li data-start=\"583\" data-end=\"633\"><p data-start=\"585\" data-end=\"633\">\u0410\u043c\u0435\u0440\u0438\u043a\u0435\u043d \u0415\u043a\u0441\u043f\u0440\u0435\u0441<\/p><\/li><\/ul><p data-start=\"585\" data-end=\"633\">\u0421\u0432\u0435 \u0442\u0440\u0430\u043d\u0441\u0430\u043a\u0446\u0438\u0458\u0435 \u0441\u0435 \u043e\u0431\u0430\u0432\u0459\u0430\u0458\u0443 \u043f\u0440\u0435\u043a\u043e \u0431\u0435\u0437\u0431\u0435\u0434\u043d\u0435 \u0432\u0435\u0437\u0435 (SSL) \u0438 \u043d\u0438\u043a\u0430\u0434\u0430 \u043d\u0435 \u0447\u0443\u0432\u0430\u043c\u043e \u043f\u043e\u0434\u0430\u0442\u043a\u0435 \u043e \u0432\u0430\u0448\u043e\u0458 \u043a\u0430\u0440\u0442\u0438\u0446\u0438.<\/p><p data-start=\"765\" data-end=\"777\"><strong>2. \u0411\u0438\u0437\u0443\u043c<\/strong><\/p><p data-start=\"778\" data-end=\"899\">\u0422\u0430\u043a\u043e\u0452\u0435 \u043c\u043e\u0436\u0435\u0442\u0435 \u0437\u0433\u043e\u0434\u043d\u043e \u043f\u043b\u0430\u045b\u0430\u0442\u0438 \u0441\u0430 \u0441\u0432\u043e\u0433 \u043c\u043e\u0431\u0438\u043b\u043d\u043e\u0433 \u0442\u0435\u043b\u0435\u0444\u043e\u043d\u0430 \u043f\u043e\u043c\u043e\u045b\u0443 \u0411\u0438\u0437\u0443\u043c\u0430. \u0421\u0430\u043c\u043e \u0442\u0440\u0435\u0431\u0430 \u0434\u0430 \u0438\u043c\u0430\u0442\u0435 \u0411\u0438\u0437\u0443\u043c \u0430\u043a\u0442\u0438\u0432\u0438\u0440\u0430\u043d \u0443 \u0441\u0432\u043e\u0458\u043e\u0458 \u0431\u0430\u043d\u043a\u0430\u0440\u0441\u043a\u043e\u0458 \u0430\u043f\u043b\u0438\u043a\u0430\u0446\u0438\u0458\u0438.<\/p><p data-start=\"901\" data-end=\"927\"><strong data-start=\"901\" data-end=\"927\">\u041a\u0430\u043a\u043e \u043f\u043b\u0430\u0442\u0438\u0442\u0438 \u0441\u0430 \u0411\u0438\u0437\u0443\u043c\u043e\u043c?<\/strong><\/p><ol data-start=\"928\" data-end=\"1087\"><li data-start=\"928\" data-end=\"982\"><p data-start=\"931\" data-end=\"982\">\u0418\u0437\u0430\u0431\u0435\u0440\u0438\u0442\u0435 \u201e\u041f\u043b\u0430\u0442\u0438 \u0441\u0430 \u0411\u0438\u0437\u0443\u043c\u043e\u043c\u201c \u043a\u0430\u0434\u0430 \u0437\u0430\u0432\u0440\u0448\u0430\u0432\u0430\u0442\u0435 \u043f\u043e\u0440\u0443\u045f\u0431\u0438\u043d\u0443.<\/p><\/li><li data-start=\"983\" data-end=\"1035\"><p data-start=\"986\" data-end=\"1035\">\u0423\u043d\u0435\u0441\u0438\u0442\u0435 \u0441\u0432\u043e\u0458 \u0431\u0440\u043e\u0458 \u0442\u0435\u043b\u0435\u0444\u043e\u043d\u0430 \u043f\u043e\u0432\u0435\u0437\u0430\u043d \u0441\u0430 Bizum-\u043e\u043c.<\/p><\/li><li data-start=\"1036\" data-end=\"1087\"><p data-start=\"1039\" data-end=\"1087\">\u041f\u043e\u0442\u0432\u0440\u0434\u0438\u0442\u0435 \u0442\u0440\u0430\u043d\u0441\u0430\u043a\u0446\u0438\u0458\u0443 \u043f\u0443\u0442\u0435\u043c \u0432\u0430\u0448\u0435 \u0431\u0430\u043d\u043a\u0430\u0440\u0441\u043a\u0435 \u0430\u043f\u043b\u0438\u043a\u0430\u0446\u0438\u0458\u0435.<\/p><\/li><\/ol><p data-start=\"1089\" data-end=\"1142\">\u0422\u043e \u0458\u0435 \u0431\u0440\u0437, \u0441\u0438\u0433\u0443\u0440\u0430\u043d \u0438 \u043c\u0435\u0442\u043e\u0434 \u0431\u0435\u0437 \u043f\u0440\u043e\u0432\u0438\u0437\u0438\u0458\u0435 \u0437\u0430 \u0432\u0430\u0441.<\/p><p data-start=\"1089\" data-end=\"1142\"><strong>3. \u0411\u0430\u043d\u043a\u043e\u0432\u043d\u0438 \u0442\u0440\u0430\u043d\u0441\u0444\u0435\u0440<\/strong><\/p><p data-start=\"1007\" data-end=\"1090\">\u0422\u0430\u043a\u043e\u0452\u0435 \u043c\u043e\u0436\u0435\u0442\u0435 \u043f\u043b\u0430\u0442\u0438\u0442\u0438 \u0431\u0430\u043d\u043a\u043e\u0432\u043d\u0438\u043c \u0442\u0440\u0430\u043d\u0441\u0444\u0435\u0440\u043e\u043c \u0438\u043b\u0438 \u0434\u0438\u0440\u0435\u043a\u0442\u043d\u0438\u043c \u0434\u0435\u043f\u043e\u0437\u0438\u0442\u043e\u043c \u043d\u0430 \u0432\u0430\u0448 \u0440\u0430\u0447\u0443\u043d.<\/p><p data-start=\"1092\" data-end=\"1110\"><strong data-start=\"1092\" data-end=\"1110\">\u041a\u0430\u043a\u043e \u0442\u043e \u0443\u0440\u0430\u0434\u0438\u0442\u0438?<\/strong><\/p><ol data-start=\"1111\" data-end=\"1413\"><li data-start=\"1111\" data-end=\"1216\"><p data-start=\"1114\" data-end=\"1216\">\u0418\u0437\u0431\u043e\u0440\u043e\u043c \u043e\u0432\u0435 \u043e\u043f\u0446\u0438\u0458\u0435, \u0434\u043e\u0431\u0438\u045b\u0435\u0442\u0435 \u043d\u0430\u0448\u0435 \u0431\u0430\u043d\u043a\u043e\u0432\u043d\u0435 \u043f\u043e\u0434\u0430\u0442\u043a\u0435 \u0437\u0430\u0458\u0435\u0434\u043d\u043e \u0441\u0430 \u043f\u043e\u0442\u0432\u0440\u0434\u043e\u043c \u043f\u043e\u0440\u0443\u045f\u0431\u0438\u043d\u0435.<\/p><\/li><li data-start=\"1217\" data-end=\"1295\"><p data-start=\"1220\" data-end=\"1295\">\u041c\u043e\u043b\u0438\u043c\u043e \u0432\u0430\u0441 \u0434\u0430 \u0443 \u043d\u0430\u0441\u043b\u043e\u0432\u0443 \u043f\u043e\u0440\u0443\u043a\u0435 \u043d\u0430\u0432\u0435\u0434\u0435\u0442\u0435 \u0431\u0440\u043e\u0458 \u0432\u0430\u0448\u0435 \u043f\u043e\u0440\u0443\u045f\u0431\u0438\u043d\u0435 \u0440\u0430\u0434\u0438 \u043b\u0430\u043a\u0448\u0435 \u0438\u0434\u0435\u043d\u0442\u0438\u0444\u0438\u043a\u0430\u0446\u0438\u0458\u0435.<\/p><\/li><li data-start=\"1296\" data-end=\"1413\"><p data-start=\"1299\" data-end=\"1413\">\u041f\u043e\u0440\u0443\u045f\u0431\u0438\u043d\u0430 \u045b\u0435 \u0431\u0438\u0442\u0438 \u043e\u0431\u0440\u0430\u0452\u0435\u043d\u0430 \u043a\u0430\u0434\u0430 \u0438\u0437\u043d\u043e\u0441 \u0431\u0443\u0434\u0435 \u043f\u0440\u0438\u043c\u0459\u0435\u043d \u043d\u0430 \u0440\u0430\u0447\u0443\u043d (\u0442\u043e \u043c\u043e\u0436\u0435 \u043f\u043e\u0442\u0440\u0430\u0458\u0430\u0442\u0438 \u0438\u0437\u043c\u0435\u0452\u0443 24 \u0438 72 \u0441\u0430\u0442\u0430, \u0443 \u0437\u0430\u0432\u0438\u0441\u043d\u043e\u0441\u0442\u0438 \u043e\u0434 \u0438\u043d\u0441\u0442\u0438\u0442\u0443\u0446\u0438\u0458\u0435).<\/p><\/li><\/ol><p data-start=\"1415\" data-end=\"1514\"><em data-start=\"1415\" data-end=\"1514\">\u041c\u043e\u043b\u0438\u043c\u043e \u0432\u0430\u0441 \u0434\u0430 \u0438\u043c\u0430\u0442\u0435 \u0443 \u0432\u0438\u0434\u0443 \u0434\u0430 \u0440\u043e\u043a\u043e\u0432\u0438 \u0438\u0441\u043f\u043e\u0440\u0443\u043a\u0435 \u043f\u043e\u0447\u0438\u045a\u0443 \u0434\u0430 \u0442\u0435\u043a\u0443 \u043d\u0430\u043a\u043e\u043d \u043f\u043e\u0442\u0432\u0440\u0434\u0435 \u0443\u043f\u043b\u0430\u0442\u0435.<\/em><\/p><p data-start=\"1149\" data-end=\"1178\">\u00a0<\/p><p data-start=\"1149\" data-end=\"1178\"><strong>\u0411\u0435\u0437\u0431\u0435\u0434\u043d\u043e\u0441\u0442 \u043f\u043b\u0430\u045b\u0430\u045a\u0430<\/strong><\/p><p data-start=\"1179\" data-end=\"1391\">\u0423 Rosana CL \u043a\u043e\u0440\u0438\u0441\u0442\u0438\u043c\u043e \u043d\u0430\u043f\u0440\u0435\u0434\u043d\u0435 \u0431\u0435\u0437\u0431\u0435\u0434\u043d\u043e\u0441\u043d\u0435 \u043f\u0440\u043e\u0442\u043e\u043a\u043e\u043b\u0435 \u0437\u0430 \u0437\u0430\u0448\u0442\u0438\u0442\u0443 \u0432\u0430\u0448\u0438\u0445 \u043f\u043e\u0434\u0430\u0442\u0430\u043a\u0430. \u0421\u0432\u0435 \u0438\u043d\u0444\u043e\u0440\u043c\u0430\u0446\u0438\u0458\u0435 \u043e \u043f\u043b\u0430\u045b\u0430\u045a\u0443 \u0441\u0443 \u0448\u0438\u0444\u0440\u043e\u0432\u0430\u043d\u0435 \u0438 \u043e\u0431\u0440\u0430\u0452\u0443\u0458\u0443 \u0438\u0445 \u0441\u0435\u0440\u0442\u0438\u0444\u0438\u043a\u043e\u0432\u0430\u043d\u0438 \u0431\u0430\u043d\u043a\u0430\u0440\u0441\u043a\u0438 \u0441\u0443\u0431\u0458\u0435\u043a\u0442\u0438, \u0448\u0442\u043e \u043e\u0441\u0438\u0433\u0443\u0440\u0430\u0432\u0430 100% \u0431\u0435\u0437\u0431\u0435\u0434\u043d\u0443 \u043a\u0443\u043f\u043e\u0432\u0438\u043d\u0443.<\/p><p data-start=\"1398\" data-end=\"1586\">\u0410\u043a\u043e \u0432\u0430\u043c \u0458\u0435 \u043f\u043e\u0442\u0440\u0435\u0431\u043d\u043e \u0432\u0438\u0448\u0435 \u0438\u043d\u0444\u043e\u0440\u043c\u0430\u0446\u0438\u0458\u0430 \u0438\u043b\u0438 \u0438\u043c\u0430\u0442\u0435 \u043f\u0438\u0442\u0430\u045a\u0430 \u043e \u043d\u0430\u0447\u0438\u043d\u0438\u043c\u0430 \u043f\u043b\u0430\u045b\u0430\u045a\u0430, \u0441\u043b\u043e\u0431\u043e\u0434\u043d\u043e \u043d\u0430\u043c \u043f\u0438\u0448\u0438\u0442\u0435 \u043d\u0430 <a href=\"mailto:info@rosanacl.com\">info@rosanacl.com<\/a> \u0438\u043b\u0438 \u043f\u0443\u0442\u0435\u043c \u043d\u0430\u0448\u0435\u0433 \u043a\u043e\u043d\u0442\u0430\u043a\u0442\u043d\u043e\u0433 \u0444\u043e\u0440\u043c\u0443\u043b\u0430\u0440\u0430.<\/p><\/div>\t\t\t\t\t\t\t\t<\/div>\n\t\t\t\t<\/div>\n\t\t\t\t\t<\/div>\n\t\t\t\t<\/div>\n\t\t\t\t<\/div>","protected":false},"excerpt":{"rendered":"<p>M\u00e9todos de Pago En Rosana CL nos comprometemos a ofrecerte una experiencia de compra segura, r\u00e1pida y c\u00f3moda. Para ello, ponemos a tu disposici\u00f3n los siguientes m\u00e9todos de pago: 1. Tarjeta de Cr\u00e9dito o D\u00e9bito (TPV Virtual) Puedes realizar tus pagos de forma segura a trav\u00e9s de nuestra pasarela de pago (TPV Virtual). Aceptamos la [&hellip;]<\/p>\n","protected":false},"author":1,"featured_media":0,"parent":0,"menu_order":0,"comment_status":"closed","ping_status":"closed","template":"","meta":{"content-type":"","footnotes":""},"class_list":["post-2668","page","type-page","status-publish","hentry"],"yoast_head":"<!-- This site is optimized with the Yoast SEO plugin v27.4 - https:\/\/yoast.com\/product\/yoast-seo-wordpress\/ -->\n<title>M\u00e9todos de Pago - Rosana CL<\/title>\n<meta name=\"robots\" content=\"index, follow, max-snippet:-1, max-image-preview:large, max-video-preview:-1\" \/>\n<link rel=\"canonical\" href=\"https:\/\/rosanacl.com\/sr\/metodos-de-pago\/\" \/>\n<meta property=\"og:locale\" content=\"sr_RS\" \/>\n<meta property=\"og:type\" content=\"article\" \/>\n<meta property=\"og:title\" content=\"M\u00e9todos de Pago - Rosana CL\" \/>\n<meta property=\"og:description\" content=\"M\u00e9todos de Pago En Rosana CL nos comprometemos a ofrecerte una experiencia de compra segura, r\u00e1pida y c\u00f3moda. Para ello, ponemos a tu disposici\u00f3n los siguientes m\u00e9todos de pago: 1. Tarjeta de Cr\u00e9dito o D\u00e9bito (TPV Virtual) Puedes realizar tus pagos de forma segura a trav\u00e9s de nuestra pasarela de pago (TPV Virtual). Aceptamos la [&hellip;]\" \/>\n<meta property=\"og:url\" content=\"https:\/\/rosanacl.com\/sr\/metodos-de-pago\/\" \/>\n<meta property=\"og:site_name\" content=\"Rosana CL\" \/>\n<meta property=\"article:modified_time\" content=\"2025-07-11T09:06:31+00:00\" \/>\n<meta name=\"twitter:card\" content=\"summary_large_image\" \/>\n<meta name=\"twitter:label1\" content=\"\u041f\u0440\u043e\u0446\u0435\u045a\u0435\u043d\u043e \u0432\u0440\u0435\u043c\u0435 \u0447\u0438\u0442\u0430\u045a\u0430\" \/>\n\t<meta name=\"twitter:data1\" content=\"2 \u043c\u0438\u043d\u0443\u0442\u0430\" \/>\n<script type=\"application\/ld+json\" class=\"yoast-schema-graph\">{\"@context\":\"https:\\\/\\\/schema.org\",\"@graph\":[{\"@type\":\"WebPage\",\"@id\":\"https:\\\/\\\/rosanacl.com\\\/gl\\\/metodos-de-pago\\\/\",\"url\":\"https:\\\/\\\/rosanacl.com\\\/gl\\\/metodos-de-pago\\\/\",\"name\":\"M\u00e9todos de Pago - Rosana CL\",\"isPartOf\":{\"@id\":\"https:\\\/\\\/rosanacl.com\\\/ca\\\/#website\"},\"datePublished\":\"2025-07-09T07:55:57+00:00\",\"dateModified\":\"2025-07-11T09:06:31+00:00\",\"breadcrumb\":{\"@id\":\"https:\\\/\\\/rosanacl.com\\\/gl\\\/metodos-de-pago\\\/#breadcrumb\"},\"inLanguage\":\"sr-RS\",\"potentialAction\":[{\"@type\":\"ReadAction\",\"target\":[\"https:\\\/\\\/rosanacl.com\\\/gl\\\/metodos-de-pago\\\/\"]}]},{\"@type\":\"BreadcrumbList\",\"@id\":\"https:\\\/\\\/rosanacl.com\\\/gl\\\/metodos-de-pago\\\/#breadcrumb\",\"itemListElement\":[{\"@type\":\"ListItem\",\"position\":1,\"name\":\"Portada\",\"item\":\"https:\\\/\\\/rosanacl.com\\\/ca\\\/\"},{\"@type\":\"ListItem\",\"position\":2,\"name\":\"M\u00e9todos de Pago\"}]},{\"@type\":\"WebSite\",\"@id\":\"https:\\\/\\\/rosanacl.com\\\/ca\\\/#website\",\"url\":\"https:\\\/\\\/rosanacl.com\\\/ca\\\/\",\"name\":\"Rosana CL\",\"description\":\"Somos tu interior\",\"potentialAction\":[{\"@type\":\"SearchAction\",\"target\":{\"@type\":\"EntryPoint\",\"urlTemplate\":\"https:\\\/\\\/rosanacl.com\\\/ca\\\/?s={search_term_string}\"},\"query-input\":{\"@type\":\"PropertyValueSpecification\",\"valueRequired\":true,\"valueName\":\"search_term_string\"}}],\"inLanguage\":\"sr-RS\"}]}<\/script>\n<!-- \/ Yoast SEO plugin. -->","yoast_head_json":{"title":"M\u00e9todos de Pago - Rosana CL","robots":{"index":"index","follow":"follow","max-snippet":"max-snippet:-1","max-image-preview":"max-image-preview:large","max-video-preview":"max-video-preview:-1"},"canonical":"https:\/\/rosanacl.com\/sr\/metodos-de-pago\/","og_locale":"sr_RS","og_type":"article","og_title":"M\u00e9todos de Pago - Rosana CL","og_description":"M\u00e9todos de Pago En Rosana CL nos comprometemos a ofrecerte una experiencia de compra segura, r\u00e1pida y c\u00f3moda. Para ello, ponemos a tu disposici\u00f3n los siguientes m\u00e9todos de pago: 1. Tarjeta de Cr\u00e9dito o D\u00e9bito (TPV Virtual) Puedes realizar tus pagos de forma segura a trav\u00e9s de nuestra pasarela de pago (TPV Virtual). Aceptamos la [&hellip;]","og_url":"https:\/\/rosanacl.com\/sr\/metodos-de-pago\/","og_site_name":"Rosana CL","article_modified_time":"2025-07-11T09:06:31+00:00","twitter_card":"summary_large_image","twitter_misc":{"\u041f\u0440\u043e\u0446\u0435\u045a\u0435\u043d\u043e \u0432\u0440\u0435\u043c\u0435 \u0447\u0438\u0442\u0430\u045a\u0430":"2 \u043c\u0438\u043d\u0443\u0442\u0430"},"schema":{"@context":"https:\/\/schema.org","@graph":[{"@type":"WebPage","@id":"https:\/\/rosanacl.com\/gl\/metodos-de-pago\/","url":"https:\/\/rosanacl.com\/gl\/metodos-de-pago\/","name":"M\u00e9todos de Pago - Rosana CL","isPartOf":{"@id":"https:\/\/rosanacl.com\/ca\/#website"},"datePublished":"2025-07-09T07:55:57+00:00","dateModified":"2025-07-11T09:06:31+00:00","breadcrumb":{"@id":"https:\/\/rosanacl.com\/gl\/metodos-de-pago\/#breadcrumb"},"inLanguage":"sr-RS","potentialAction":[{"@type":"ReadAction","target":["https:\/\/rosanacl.com\/gl\/metodos-de-pago\/"]}]},{"@type":"BreadcrumbList","@id":"https:\/\/rosanacl.com\/gl\/metodos-de-pago\/#breadcrumb","itemListElement":[{"@type":"ListItem","position":1,"name":"Portada","item":"https:\/\/rosanacl.com\/ca\/"},{"@type":"ListItem","position":2,"name":"M\u00e9todos de Pago"}]},{"@type":"WebSite","@id":"https:\/\/rosanacl.com\/ca\/#website","url":"https:\/\/rosanacl.com\/ca\/","name":"\u0420\u043e\u0441\u0430\u043d\u0430 \u041a\u041b","description":"\u041c\u0438 \u0441\u043c\u043e \u0442\u0432\u043e\u0458\u0435 \u0443\u043d\u0443\u0442\u0440\u0430\u0448\u045a\u0435 \u0458\u0430","potentialAction":[{"@type":"SearchAction","target":{"@type":"EntryPoint","urlTemplate":"https:\/\/rosanacl.com\/ca\/?s={search_term_string}"},"query-input":{"@type":"PropertyValueSpecification","valueRequired":true,"valueName":"search_term_string"}}],"inLanguage":"sr-RS"}]}},"_links":{"self":[{"href":"https:\/\/rosanacl.com\/sr\/wp-json\/wp\/v2\/pages\/2668","targetHints":{"allow":["GET"]}}],"collection":[{"href":"https:\/\/rosanacl.com\/sr\/wp-json\/wp\/v2\/pages"}],"about":[{"href":"https:\/\/rosanacl.com\/sr\/wp-json\/wp\/v2\/types\/page"}],"author":[{"embeddable":true,"href":"https:\/\/rosanacl.com\/sr\/wp-json\/wp\/v2\/users\/1"}],"replies":[{"embeddable":true,"href":"https:\/\/rosanacl.com\/sr\/wp-json\/wp\/v2\/comments?post=2668"}],"version-history":[{"count":0,"href":"https:\/\/rosanacl.com\/sr\/wp-json\/wp\/v2\/pages\/2668\/revisions"}],"wp:attachment":[{"href":"https:\/\/rosanacl.com\/sr\/wp-json\/wp\/v2\/media?parent=2668"}],"curies":[{"name":"wp","href":"https:\/\/api.w.org\/{rel}","templated":true}]}}