{"id":1158,"date":"2025-04-30T00:57:25","date_gmt":"2025-04-29T22:57:25","guid":{"rendered":"https:\/\/rosanacl.com\/?post_type=product&#038;p=1158"},"modified":"2026-01-07T20:41:03","modified_gmt":"2026-01-07T19:41:03","slug":"sujetador-modelo-manuela","status":"publish","type":"product","link":"https:\/\/rosanacl.com\/sr\/\u043f\u0440\u043e\u0438\u0437\u0432\u043e\u0434\/sujetador-modelo-manuela\/","title":{"rendered":"\u0421\u0435\u043b\u0435\u043d\u0430 \u041c\u0430\u043d\u0443\u0435\u043b\u0430 \u0411\u0440\u0430"},"content":{"rendered":"<p>\u0413\u0440\u0443\u0434\u045a\u0430\u043a \u0421\u0435\u043b\u0435\u043d\u0435 \u041c\u0430\u043d\u0443\u0435\u043b\u0430 \u0458\u0435 \u0434\u0438\u0437\u0430\u0458\u043d\u0438\u0440\u0430\u043d \u0437\u0430 \u043e\u043d\u0435 \u043a\u043e\u0458\u0438 \u0436\u0435\u043b\u0435 \u043f\u0440\u0430\u0432\u0443 \u0443\u0434\u043e\u0431\u043d\u043e\u0441\u0442 \u0431\u0435\u0437 \u0436\u0440\u0442\u0432\u043e\u0432\u0430\u045a\u0430 \u043f\u0440\u0435\u043b\u0435\u043f\u0435 \u0441\u0438\u043b\u0443\u0435\u0442\u0435. \u040a\u0435\u0433\u043e\u0432 \u0434\u0438\u0437\u0430\u0458\u043d \u0431\u0435\u0437 \u0436\u0438\u0446\u0435 \u0438 \u043a\u043e\u0440\u043f\u0438\u0446\u0435 \u0441\u0430 \u043e\u0434\u0441\u0442\u043e\u0458\u043d\u0438\u0446\u0438\u043c\u0430 \u0447\u0438\u043d\u0435 \u0433\u0430 \u0438\u0437\u0443\u0437\u0435\u0442\u043d\u043e \u0443\u0434\u043e\u0431\u043d\u0438\u043c \u0438\u0437\u0431\u043e\u0440\u043e\u043c \u0437\u0430 \u0441\u0432\u0430\u043a\u043e\u0434\u043d\u0435\u0432\u043d\u043e \u043d\u043e\u0448\u0435\u045a\u0435: \u043d\u0435\u0436\u043d\u043e \u0441\u0435 \u043f\u0440\u0438\u043b\u0430\u0433\u043e\u0452\u0430\u0432\u0430 \u0433\u0440\u0443\u0434\u0438\u043c\u0430, \u043a\u0440\u0435\u045b\u0435 \u0441\u0435 \u0441\u0430 \u0432\u0430\u043c\u0430 \u0438 \u043b\u0430\u0433\u0430\u043d \u0458\u0435 \u043e\u0434 \u043f\u0440\u0432\u043e\u0433 \u0442\u0440\u0435\u043d\u0443\u0442\u043a\u0430.<\/p>\n<p>\u041a\u043e\u0440\u043f\u0430 \u0437\u0430 \u0441\u043f\u0430\u0458\u0430\u045a\u0435 \u0438\u0441\u0442\u0438\u0447\u0435 \u0441\u0435 \u0441\u0432\u043e\u0458\u043e\u043c \u043f\u0440\u043e\u0437\u0440\u0430\u0447\u043d\u043e\u0448\u045b\u0443 \u0438 \u043e\u0441\u0435\u045b\u0430\u0458\u0435\u043c \u00ab\u0434\u0440\u0443\u0433\u0435 \u043a\u043e\u0436\u0435\u00bb \u043a\u043e\u0458\u0438 \u043e\u0434\u043b\u0438\u0447\u043d\u043e \u0438\u0437\u0433\u043b\u0435\u0434\u0430 \u0438\u0441\u043f\u043e\u0434 \u043c\u0430\u0458\u0438\u0446\u0430, \u0431\u043b\u0443\u0437\u0430 \u0438\u043b\u0438 \u0443\u0441\u043a\u0435 \u043e\u0434\u0435\u045b\u0435. \u041e\u0432\u0430\u0458 \u043c\u043e\u0434\u0435\u043b \u043f\u0440\u0443\u0436\u0430 \u043f\u0440\u0438\u0440\u043e\u0434\u0430\u043d \u043e\u0431\u043b\u0438\u043a, \u0443\u0434\u043e\u0431\u043d\u0443 \u043f\u043e\u0442\u043f\u043e\u0440\u0443 \u0438 \u0447\u0438\u0441\u0442 \u0438\u0437\u0433\u043b\u0435\u0434 \u2013 \u0438\u0434\u0435\u0430\u043b\u0430\u043d \u0458\u0435 \u0430\u043a\u043e \u0442\u0440\u0430\u0436\u0438\u0442\u0435 \u043f\u0440\u0430\u043a\u0442\u0438\u0447\u0430\u043d, \u0430\u043b\u0438 \u0441\u0442\u0438\u043b\u0441\u043a\u0438 \u0434\u043e\u045a\u0438 \u0432\u0435\u0448.<\/p>\n<p>\u0421\u0442\u0432\u0430\u0440\u0438 \u043a\u043e\u0458\u0435 \u045b\u0435\u0442\u0435 \u0432\u043e\u043b\u0435\u0442\u0438 \u043a\u043e\u0434 \u041c\u0430\u043d\u0443\u0435\u043b\u0435<\/p>\n<ul>\n<li>\u0411\u0435\u0437 \u0436\u0438\u0446\u0430: \u043a\u043e\u043d\u0442\u0438\u043d\u0443\u0438\u0440\u0430\u043d\u0430 \u0443\u0434\u043e\u0431\u043d\u043e\u0441\u0442, \u0431\u0435\u0437 \u043f\u0440\u0438\u0442\u0438\u0441\u043a\u0430.<\/li>\n<li>\u0420\u0430\u0437\u043c\u0430\u043a\u043d\u0438\u0446\u0430 \u0437\u0430 \u0447\u0430\u0448\u0438\u0446\u0435: \u043c\u0430\u043a\u0441\u0438\u043c\u0430\u043b\u043d\u0430 \u043f\u0440\u043e\u0437\u0440\u0430\u0447\u043d\u043e\u0441\u0442 \u0438 \u043f\u0440\u0438\u043b\u0430\u0433\u043e\u0434\u0459\u0438\u0432\u043e\u0441\u0442 \u0433\u0440\u0443\u0434\u0438\u043c\u0430.<\/li>\n<li>\u0423\u0434\u043e\u0431\u043d\u0430 \u0438 \u0441\u0442\u0430\u0431\u0438\u043b\u043d\u0430 \u043f\u043e\u0434\u0440\u0448\u043a\u0430 \u0437\u0430 \u0441\u0432\u0430\u043a\u043e\u0434\u043d\u0435\u0432\u043d\u0443 \u0443\u043f\u043e\u0442\u0440\u0435\u0431\u0443.<\/li>\n<li>\u0413\u043b\u0430\u0442\u043a\u0430 \u0438 \u0434\u0438\u0441\u043a\u0440\u0435\u0442\u0430\u043d \u0437\u0430\u0432\u0440\u0448\u043d\u0438 \u0441\u043b\u043e\u0458 \u0438\u0441\u043f\u043e\u0434 \u043e\u0434\u0435\u045b\u0435.<\/li>\n<li>\u0418\u0434\u0435\u0430\u043b\u043d\u043e \u0437\u0430 \u0443\u0441\u043a\u0435 \u0438\u0437\u0433\u043b\u0435\u0434\u0435: \u0438\u0437\u0433\u043b\u0435\u0434\u0430 \u043b\u0435\u043f\u043e \u0438 \u043f\u0440\u0438\u0440\u043e\u0434\u043d\u043e.<\/li>\n<\/ul>\n<p>\ud83d\udde3\ufe0f \u0421\u0430\u0432\u0435\u0442: \u041c\u0430\u043d\u0443\u0435\u043b\u0430 \u0458\u0435 \u0437\u0430 \u043a\u0430\u0434\u0430 \u0436\u0435\u043b\u0438\u0442\u0435 \u0434\u0430 \u0441\u0435 \u043e\u0441\u0435\u045b\u0430\u0442\u0435 \u043f\u043e\u0442\u043f\u0443\u043d\u043e \u043e\u043f\u0443\u0448\u0442\u0435\u043d\u043e \u0446\u0435\u043e \u0434\u0430\u043d: \u043b\u0430\u0433\u0430\u043d \u043e\u0441\u0435\u045b\u0430\u0458, \u0431\u0435\u0437 \u043f\u0440\u0438\u0442\u0438\u0441\u043a\u0430 \u0438 \u043f\u0440\u0438\u0430\u045a\u0430\u045a\u0435 \u043a\u043e\u0458\u0435 \u0441\u0435 \u043a\u0440\u0435\u045b\u0435 \u0441\u0430 \u0432\u0430\u043c\u0430 \u0431\u0435\u0437 \u0443\u0433\u0440\u0438\u0437\u0430\u045a\u0430. \u0427\u0430\u0448\u0438\u0446\u0430 \u0437\u0430 \u0441\u043f\u0430\u0458\u0430\u045a\u0435 \u0458\u0435 \u0445\u043b\u0430\u0434\u043d\u0430 \u0438 \u043c\u0435\u043a\u0430\u043d\u0430 \u0438 \u043f\u0440\u0443\u0436\u0430 \u0442\u0443 \u0443\u0434\u043e\u0431\u043d\u043e\u0441\u0442 \u00ab\u0434\u0440\u0443\u0433\u0435 \u043a\u043e\u0436\u0435\u00bb \u0437\u0431\u043e\u0433 \u043a\u043e\u0458\u0435 \u0437\u0430\u0431\u043e\u0440\u0430\u0432\u0438\u0442\u0435 \u0434\u0430 \u0458\u0435 \u0443\u043e\u043f\u0448\u0442\u0435 \u043d\u043e\u0441\u0438\u0442\u0435, \u0447\u0430\u043a \u0438 \u0441\u0430 \u0443\u0441\u043a\u0438\u043c \u043c\u0430\u0458\u0438\u0446\u0430\u043c\u0430 \u0438 \u0431\u043b\u0443\u0437\u0430\u043c\u0430.<\/p>\n<p>\ud83d\udccf \u041d\u0430\u043f\u043e\u043c\u0435\u043d\u0430: \u0410\u043a\u043e \u0441\u0442\u0435 \u0438\u0437\u043c\u0435\u0452\u0443 \u0432\u0435\u043b\u0438\u0447\u0438\u043d\u0430, \u0438\u0437\u0430\u0431\u0435\u0440\u0438\u0442\u0435 \u0432\u0435\u045b\u0443 \u0432\u0435\u043b\u0438\u0447\u0438\u043d\u0443 \u0437\u0430 \u0443\u0434\u043e\u0431\u043d\u0438\u0458\u0435 \u0438 \u043e\u043f\u0443\u0448\u0442\u0435\u043d\u0438\u0458\u0435 \u043f\u0440\u0438\u0430\u045a\u0430\u045a\u0435; \u0438\u0437\u0430\u0431\u0435\u0440\u0438\u0442\u0435 \u043c\u0430\u045a\u0443 \u0432\u0435\u043b\u0438\u0447\u0438\u043d\u0443 \u0437\u0430 \u0447\u0432\u0440\u0448\u045b\u0438 \u043e\u0441\u0435\u045b\u0430\u0458 \u0438 \u0431\u043e\u0459\u0443 \u043f\u043e\u0442\u043f\u043e\u0440\u0443. \u0418 \u0430\u043a\u043e \u0458\u0435 \u043c\u043e\u0433\u0443\u045b\u0435, \u043f\u0440\u043e\u0432\u0435\u0440\u0438\u0442\u0435 \u043e\u0431\u0438\u043c \u0433\u0440\u0443\u0434\u0438 \u043a\u0430\u043a\u043e \u0431\u0438\u0441\u0442\u0435 \u0431\u0438\u043b\u0438 \u0441\u0438\u0433\u0443\u0440\u043d\u0438 \u0434\u0430 \u0441\u0442\u0435 \u043f\u043e\u0433\u043e\u0434\u0438\u043b\u0438 \u0442\u0430\u0447\u043d\u0443 \u043c\u0435\u0440\u0443 \u0438\u0437 \u043f\u0440\u0432\u043e\u0433 \u043f\u0443\u0442\u0430 \u0438 \u0434\u0430 \u0432\u0430\u043c \u0441\u0430\u0432\u0440\u0448\u0435\u043d\u043e \u043f\u0440\u0438\u0441\u0442\u0430\u0458\u0435 \u043e\u0434 \u043f\u0440\u0432\u043e\u0433 \u043d\u043e\u0448\u0435\u045a\u0430.<\/p>\n<p>\u0421\u0430\u0441\u0442\u0430\u0432: 70% \u043f\u043e\u043b\u0438\u0435\u0441\u0442\u0435\u0440 \/ 18% \u043f\u043e\u043b\u0438\u0430\u043c\u0438\u0434 \/ 12% \u0435\u043b\u0430\u0441\u0442\u0430\u043d.<\/p>\n<p>\u2601\ufe0f \u041e\u0441\u0435\u045b\u0430\u0458 \u00ab\u0434\u0440\u0443\u0433\u0435 \u043a\u043e\u0436\u0435\u00bb \u0442\u043e\u043a\u043e\u043c \u0446\u0435\u043b\u043e\u0433 \u0434\u0430\u043d\u0430.<\/p>","protected":false},"excerpt":{"rendered":"<p>El sujetador Selene modelo Manuela est\u00e1 pensado para cuando quieres comodidad real sin renunciar a una silueta bonita. Su dise\u00f1o sin aros y su copa spacer lo convierten en una opci\u00f3n s\u00faper agradable para el d\u00eda a d\u00eda: se adapta al pecho con suavidad, acompa\u00f1a el movimiento y se siente ligero desde el primer momento. [&hellip;]<\/p>\n","protected":false},"featured_media":1445,"comment_status":"open","ping_status":"closed","template":"","meta":{"content-type":""},"product_brand":[55],"product_cat":[101,27,20],"product_tag":[56,63],"class_list":{"0":"post-1158","1":"product","2":"type-product","3":"status-publish","4":"has-post-thumbnail","6":"product_brand-selene","7":"product_cat-manuela","8":"product_cat-sin-aros-con-relleno","9":"product_cat-sujetador","10":"product_tag-sujetador","11":"product_tag-sujetador-sin-aros-con-relleno","13":"first","14":"instock","15":"taxable","16":"shipping-taxable","17":"purchasable","18":"product-type-variable"},"supplier_id":null,"supplier_sku":"","barcode":null,"atum_controlled":true,"out_stock_date":null,"out_stock_threshold":null,"inheritable":true,"inbound_stock":0,"stock_on_hold":0,"sold_today":0,"sales_last_days":0,"reserved_stock":0,"customer_returns":0,"warehouse_damage":0,"lost_in_post":0,"other_logs":0,"out_stock_days":0,"lost_sales":0,"has_location":false,"update_date":"2026-01-07T19:41:04","atum_locations":[],"atum_stock_status":"instock","restock_status":false,"low_stock_amount":"","sales_update_date":"2025-10-03T04:56:44","calc_backorders":null,"yoast_head":"<!-- This site is optimized with the Yoast SEO plugin v27.4 - https:\/\/yoast.com\/product\/yoast-seo-wordpress\/ -->\n<title>Sujetador Selene Manuela - Rosana CL<\/title>\n<meta name=\"robots\" content=\"index, follow, max-snippet:-1, max-image-preview:large, max-video-preview:-1\" \/>\n<link rel=\"canonical\" href=\"https:\/\/rosanacl.com\/sr\/\u043f\u0440\u043e\u0438\u0437\u0432\u043e\u0434\/sujetador-modelo-manuela\/\" \/>\n<meta property=\"og:locale\" content=\"sr_RS\" \/>\n<meta property=\"og:type\" content=\"article\" \/>\n<meta property=\"og:title\" content=\"Sujetador Selene Manuela - Rosana CL\" \/>\n<meta property=\"og:description\" content=\"El sujetador Selene modelo Manuela est\u00e1 pensado para cuando quieres comodidad real sin renunciar a una silueta bonita. Su dise\u00f1o sin aros y su copa spacer lo convierten en una opci\u00f3n s\u00faper agradable para el d\u00eda a d\u00eda: se adapta al pecho con suavidad, acompa\u00f1a el movimiento y se siente ligero desde el primer momento. [&hellip;]\" \/>\n<meta property=\"og:url\" content=\"https:\/\/rosanacl.com\/sr\/\u043f\u0440\u043e\u0438\u0437\u0432\u043e\u0434\/sujetador-modelo-manuela\/\" \/>\n<meta property=\"og:site_name\" content=\"Rosana CL\" \/>\n<meta property=\"article:modified_time\" content=\"2026-01-07T19:41:03+00:00\" \/>\n<meta property=\"og:image\" content=\"https:\/\/rosanacl.com\/wp-content\/uploads\/2025\/04\/Sujetador-modelo-Manuela-000001.webp\" \/>\n\t<meta property=\"og:image:width\" content=\"1000\" \/>\n\t<meta property=\"og:image:height\" content=\"1000\" \/>\n\t<meta property=\"og:image:type\" content=\"image\/webp\" \/>\n<meta name=\"twitter:card\" content=\"summary_large_image\" \/>\n<meta name=\"twitter:label1\" content=\"\u041f\u0440\u043e\u0446\u0435\u045a\u0435\u043d\u043e \u0432\u0440\u0435\u043c\u0435 \u0447\u0438\u0442\u0430\u045a\u0430\" \/>\n\t<meta name=\"twitter:data1\" content=\"2 \u043c\u0438\u043d\u0443\u0442\u0430\" \/>\n<script type=\"application\/ld+json\" class=\"yoast-schema-graph\">{\"@context\":\"https:\\\/\\\/schema.org\",\"@graph\":[{\"@type\":\"WebPage\",\"@id\":\"https:\\\/\\\/rosanacl.com\\\/producto\\\/sujetador-modelo-manuela\\\/\",\"url\":\"https:\\\/\\\/rosanacl.com\\\/producto\\\/sujetador-modelo-manuela\\\/\",\"name\":\"Sujetador Selene Manuela - Rosana CL\",\"isPartOf\":{\"@id\":\"https:\\\/\\\/rosanacl.com\\\/ca\\\/#website\"},\"primaryImageOfPage\":{\"@id\":\"https:\\\/\\\/rosanacl.com\\\/producto\\\/sujetador-modelo-manuela\\\/#primaryimage\"},\"image\":{\"@id\":\"https:\\\/\\\/rosanacl.com\\\/producto\\\/sujetador-modelo-manuela\\\/#primaryimage\"},\"thumbnailUrl\":\"https:\\\/\\\/rosanacl.com\\\/wp-content\\\/uploads\\\/2025\\\/04\\\/Sujetador-modelo-Manuela-000001.webp\",\"datePublished\":\"2025-04-29T22:57:25+00:00\",\"dateModified\":\"2026-01-07T19:41:03+00:00\",\"breadcrumb\":{\"@id\":\"https:\\\/\\\/rosanacl.com\\\/producto\\\/sujetador-modelo-manuela\\\/#breadcrumb\"},\"inLanguage\":\"sr-RS\",\"potentialAction\":[{\"@type\":\"ReadAction\",\"target\":[\"https:\\\/\\\/rosanacl.com\\\/producto\\\/sujetador-modelo-manuela\\\/\"]}]},{\"@type\":\"ImageObject\",\"inLanguage\":\"sr-RS\",\"@id\":\"https:\\\/\\\/rosanacl.com\\\/producto\\\/sujetador-modelo-manuela\\\/#primaryimage\",\"url\":\"https:\\\/\\\/rosanacl.com\\\/wp-content\\\/uploads\\\/2025\\\/04\\\/Sujetador-modelo-Manuela-000001.webp\",\"contentUrl\":\"https:\\\/\\\/rosanacl.com\\\/wp-content\\\/uploads\\\/2025\\\/04\\\/Sujetador-modelo-Manuela-000001.webp\",\"width\":1000,\"height\":1000},{\"@type\":\"BreadcrumbList\",\"@id\":\"https:\\\/\\\/rosanacl.com\\\/producto\\\/sujetador-modelo-manuela\\\/#breadcrumb\",\"itemListElement\":[{\"@type\":\"ListItem\",\"position\":1,\"name\":\"Portada\",\"item\":\"https:\\\/\\\/rosanacl.com\\\/ca\\\/\"},{\"@type\":\"ListItem\",\"position\":2,\"name\":\"Tienda\",\"item\":\"https:\\\/\\\/rosanacl.com\\\/ca\\\/tienda\\\/\"},{\"@type\":\"ListItem\",\"position\":3,\"name\":\"Sujetador Selene Manuela\"}]},{\"@type\":\"WebSite\",\"@id\":\"https:\\\/\\\/rosanacl.com\\\/ca\\\/#website\",\"url\":\"https:\\\/\\\/rosanacl.com\\\/ca\\\/\",\"name\":\"Rosana CL\",\"description\":\"Somos tu interior\",\"potentialAction\":[{\"@type\":\"SearchAction\",\"target\":{\"@type\":\"EntryPoint\",\"urlTemplate\":\"https:\\\/\\\/rosanacl.com\\\/ca\\\/?s={search_term_string}\"},\"query-input\":{\"@type\":\"PropertyValueSpecification\",\"valueRequired\":true,\"valueName\":\"search_term_string\"}}],\"inLanguage\":\"sr-RS\"}]}<\/script>\n<!-- \/ Yoast SEO plugin. -->","yoast_head_json":{"title":"Sujetador Selene Manuela - Rosana CL","robots":{"index":"index","follow":"follow","max-snippet":"max-snippet:-1","max-image-preview":"max-image-preview:large","max-video-preview":"max-video-preview:-1"},"canonical":"https:\/\/rosanacl.com\/sr\/\u043f\u0440\u043e\u0438\u0437\u0432\u043e\u0434\/sujetador-modelo-manuela\/","og_locale":"sr_RS","og_type":"article","og_title":"Sujetador Selene Manuela - Rosana CL","og_description":"El sujetador Selene modelo Manuela est\u00e1 pensado para cuando quieres comodidad real sin renunciar a una silueta bonita. Su dise\u00f1o sin aros y su copa spacer lo convierten en una opci\u00f3n s\u00faper agradable para el d\u00eda a d\u00eda: se adapta al pecho con suavidad, acompa\u00f1a el movimiento y se siente ligero desde el primer momento. [&hellip;]","og_url":"https:\/\/rosanacl.com\/sr\/\u043f\u0440\u043e\u0438\u0437\u0432\u043e\u0434\/sujetador-modelo-manuela\/","og_site_name":"Rosana CL","article_modified_time":"2026-01-07T19:41:03+00:00","og_image":[{"width":1000,"height":1000,"url":"https:\/\/rosanacl.com\/wp-content\/uploads\/2025\/04\/Sujetador-modelo-Manuela-000001.webp","type":"image\/webp"}],"twitter_card":"summary_large_image","twitter_misc":{"\u041f\u0440\u043e\u0446\u0435\u045a\u0435\u043d\u043e \u0432\u0440\u0435\u043c\u0435 \u0447\u0438\u0442\u0430\u045a\u0430":"2 \u043c\u0438\u043d\u0443\u0442\u0430"},"schema":{"@context":"https:\/\/schema.org","@graph":[{"@type":"WebPage","@id":"https:\/\/rosanacl.com\/producto\/sujetador-modelo-manuela\/","url":"https:\/\/rosanacl.com\/producto\/sujetador-modelo-manuela\/","name":"Sujetador Selene Manuela - Rosana CL","isPartOf":{"@id":"https:\/\/rosanacl.com\/ca\/#website"},"primaryImageOfPage":{"@id":"https:\/\/rosanacl.com\/producto\/sujetador-modelo-manuela\/#primaryimage"},"image":{"@id":"https:\/\/rosanacl.com\/producto\/sujetador-modelo-manuela\/#primaryimage"},"thumbnailUrl":"https:\/\/rosanacl.com\/wp-content\/uploads\/2025\/04\/Sujetador-modelo-Manuela-000001.webp","datePublished":"2025-04-29T22:57:25+00:00","dateModified":"2026-01-07T19:41:03+00:00","breadcrumb":{"@id":"https:\/\/rosanacl.com\/producto\/sujetador-modelo-manuela\/#breadcrumb"},"inLanguage":"sr-RS","potentialAction":[{"@type":"ReadAction","target":["https:\/\/rosanacl.com\/producto\/sujetador-modelo-manuela\/"]}]},{"@type":"ImageObject","inLanguage":"sr-RS","@id":"https:\/\/rosanacl.com\/producto\/sujetador-modelo-manuela\/#primaryimage","url":"https:\/\/rosanacl.com\/wp-content\/uploads\/2025\/04\/Sujetador-modelo-Manuela-000001.webp","contentUrl":"https:\/\/rosanacl.com\/wp-content\/uploads\/2025\/04\/Sujetador-modelo-Manuela-000001.webp","width":1000,"height":1000},{"@type":"BreadcrumbList","@id":"https:\/\/rosanacl.com\/producto\/sujetador-modelo-manuela\/#breadcrumb","itemListElement":[{"@type":"ListItem","position":1,"name":"Portada","item":"https:\/\/rosanacl.com\/ca\/"},{"@type":"ListItem","position":2,"name":"Tienda","item":"https:\/\/rosanacl.com\/ca\/tienda\/"},{"@type":"ListItem","position":3,"name":"Sujetador Selene Manuela"}]},{"@type":"WebSite","@id":"https:\/\/rosanacl.com\/ca\/#website","url":"https:\/\/rosanacl.com\/ca\/","name":"\u0420\u043e\u0441\u0430\u043d\u0430 \u041a\u041b","description":"\u041c\u0438 \u0441\u043c\u043e \u0442\u0432\u043e\u0458\u0435 \u0443\u043d\u0443\u0442\u0440\u0430\u0448\u045a\u0435 \u0458\u0430","potentialAction":[{"@type":"SearchAction","target":{"@type":"EntryPoint","urlTemplate":"https:\/\/rosanacl.com\/ca\/?s={search_term_string}"},"query-input":{"@type":"PropertyValueSpecification","valueRequired":true,"valueName":"search_term_string"}}],"inLanguage":"sr-RS"}]}},"_links":{"self":[{"href":"https:\/\/rosanacl.com\/sr\/wp-json\/wp\/v2\/product\/1158","targetHints":{"allow":["GET"]}}],"collection":[{"href":"https:\/\/rosanacl.com\/sr\/wp-json\/wp\/v2\/product"}],"about":[{"href":"https:\/\/rosanacl.com\/sr\/wp-json\/wp\/v2\/types\/product"}],"replies":[{"embeddable":true,"href":"https:\/\/rosanacl.com\/sr\/wp-json\/wp\/v2\/comments?post=1158"}],"version-history":[{"count":5,"href":"https:\/\/rosanacl.com\/sr\/wp-json\/wp\/v2\/product\/1158\/revisions"}],"predecessor-version":[{"id":4609,"href":"https:\/\/rosanacl.com\/sr\/wp-json\/wp\/v2\/product\/1158\/revisions\/4609"}],"wp:featuredmedia":[{"embeddable":true,"href":"https:\/\/rosanacl.com\/sr\/wp-json\/wp\/v2\/media\/1445"}],"wp:attachment":[{"href":"https:\/\/rosanacl.com\/sr\/wp-json\/wp\/v2\/media?parent=1158"}],"wp:term":[{"taxonomy":"product_brand","embeddable":true,"href":"https:\/\/rosanacl.com\/sr\/wp-json\/wp\/v2\/product_brand?post=1158"},{"taxonomy":"product_cat","embeddable":true,"href":"https:\/\/rosanacl.com\/sr\/wp-json\/wp\/v2\/product_cat?post=1158"},{"taxonomy":"product_tag","embeddable":true,"href":"https:\/\/rosanacl.com\/sr\/wp-json\/wp\/v2\/product_tag?post=1158"}],"curies":[{"name":"wp","href":"https:\/\/api.w.org\/{rel}","templated":true}]}}