{"id":2096,"date":"2025-05-23T10:13:57","date_gmt":"2025-05-23T08:13:57","guid":{"rendered":"https:\/\/rosanacl.com\/?post_type=product&#038;p=2096"},"modified":"2026-01-07T18:57:16","modified_gmt":"2026-01-07T17:57:16","slug":"sujetdor-selene-modelo-esmeralda","status":"publish","type":"product","link":"https:\/\/rosanacl.com\/sr\/\u043f\u0440\u043e\u0438\u0437\u0432\u043e\u0434\/sujetdor-selene-modelo-esmeralda\/","title":{"rendered":"\u0421\u0435\u043b\u0435\u043d \u0415\u043c\u0435\u0440\u0430\u043b\u0434 \u0433\u0440\u0443\u0434\u045a\u0430\u043a"},"content":{"rendered":"<p>\u0413\u0440\u0443\u0434\u045a\u0430\u043a Selene Esmeralda \u0458\u0435 \u0433\u0440\u0443\u0434\u045a\u0430\u043a \u0431\u0435\u0437 \u0431\u0440\u0435\u0442\u0435\u043b\u0430 \u043a\u043e\u0458\u0438 \u043e\u0441\u0442\u0430\u0458\u0435 \u043d\u0430 \u043c\u0435\u0441\u0442\u0443: \u0441\u0430 \u0436\u0438\u0446\u043e\u043c \u0438 \u043f\u043e\u0434\u0441\u0442\u0430\u0432\u0459\u0435\u043d\u043e\u043c C \u043a\u043e\u0440\u043f\u043e\u043c, \u0434\u0438\u0437\u0430\u0458\u043d\u0438\u0440\u0430\u043d \u0434\u0430 \u0432\u0430\u043c \u043f\u0440\u0443\u0436\u0438 \u043f\u0440\u0430\u0432\u0443 \u043f\u043e\u0442\u043f\u043e\u0440\u0443 \u0438 \u0447\u0438\u0441\u0442, \u043b\u0435\u043f \u0434\u0435\u043a\u043e\u043b\u0442\u0435, \u0447\u0430\u043a \u0438 \u0441\u0430 \u0445\u0430\u0459\u0438\u043d\u0430\u043c\u0430 \u0431\u0435\u0437 \u0431\u0440\u0435\u0442\u0435\u043b\u0430. \u0422\u043e \u0458\u0435 \u043e\u0441\u043d\u043e\u0432\u043d\u0438 \u043a\u043e\u043c\u0430\u0434 \u0433\u0430\u0440\u0434\u0435\u0440\u043e\u0431\u0435, \u0430\u043b\u0438 \u0441\u0430 \u0442\u0438\u043c \u043d\u0435\u0436\u043d\u0438\u043c \u0434\u0435\u0442\u0430\u0459\u0435\u043c \u043e\u0434 \u0442\u0438\u043b\u0430 \u043a\u043e\u0458\u0438 \u0433\u0430 \u0447\u0438\u043d\u0438 \u0435\u043b\u0435\u0433\u0430\u043d\u0442\u043d\u0438\u0458\u0438\u043c \u0438 \u0436\u0435\u043d\u0441\u0442\u0432\u0435\u043d\u0438\u0458\u0438\u043c.<\/p>\n<p>\u0418\u0434\u0435\u0430\u043b\u0430\u043d \u0437\u0430 \u0445\u0430\u0459\u0438\u043d\u0435, \u043c\u0430\u0458\u0438\u0446\u0435, \u0434\u043e\u0433\u0430\u0452\u0430\u0458\u0435 \u0438\u043b\u0438 \u0431\u0438\u043b\u043e \u043a\u043e\u0458\u0438 \u0438\u0437\u0433\u043b\u0435\u0434 \u0433\u0434\u0435 \u0436\u0435\u043b\u0438\u0442\u0435 \u0447\u0432\u0440\u0441\u0442, \u0437\u0430\u043e\u0431\u0459\u0435\u043d \u043e\u0431\u043b\u0438\u043a \u0431\u0435\u0437 \u0432\u0438\u0434\u0459\u0438\u0432\u0438\u0445 \u0431\u0440\u0435\u0442\u0435\u043b\u0430. \u0410 \u043a\u0430\u0434\u0430 \u043f\u043e\u0436\u0435\u043b\u0438\u0442\u0435 \u0434\u0430 \u0433\u0430 \u043d\u043e\u0441\u0438\u0442\u0435 \u043a\u0430\u043e \u043e\u0431\u0438\u0447\u0430\u043d \u0433\u0440\u0443\u0434\u045a\u0430\u043a, \u0443\u043a\u0459\u0443\u0447\u0443\u0458\u0435 \u043f\u043b\u0430\u0442\u043d\u0435\u043d\u0435 \u0431\u0440\u0435\u0442\u0435\u043b\u0435 \u0437\u0430 \u043a\u043b\u0430\u0441\u0438\u0447\u0430\u043d \u0438\u0437\u0433\u043b\u0435\u0434. \u0421\u0432\u0435\u0441\u0442\u0440\u0430\u043d, \u043b\u0430\u0441\u043a\u0430\u0432 \u0438 \u0441\u0430 \u0443\u043e\u0447\u0459\u0438\u0432\u0438\u043c \u0437\u0430\u0432\u0440\u0448\u0435\u0442\u043a\u043e\u043c.<\/p>\n<p>\u0428\u0442\u0430 \u0441\u0435 \u0438\u0441\u0442\u0438\u0447\u0435 (\u043f\u0440\u0435\u043c\u0438\u0458\u0443\u043c)<\/p>\n<ul>\n<li>\u0411\u0435\u0437 \u0431\u0440\u0435\u0442\u0435\u043b\u0430 \u0441\u0430 \u043f\u0440\u0430\u0432\u043e\u043c \u043f\u043e\u0434\u0440\u0448\u043a\u043e\u043c: \u043e\u0431\u0440\u0443\u0447\u0438 + \u0441\u0442\u0440\u0443\u043a\u0442\u0443\u0440\u0430 \u043a\u043e\u0458\u0430 \u0441\u043f\u0440\u0435\u0447\u0430\u0432\u0430 \u043a\u043b\u0438\u0437\u0430\u045a\u0435.<\/li>\n<li>\u041a\u043e\u0440\u043f\u0430 C \u0441\u0430 \u043f\u043e\u0434\u043b\u043e\u0433\u043e\u043c: \u043b\u0430\u0441\u043a\u0430\u0432\u043e \u043f\u043e\u0434\u0438\u0437\u0430\u045a\u0435 \u0438 \u0437\u0430\u043e\u0431\u0459\u0435\u043d \u043e\u0431\u043b\u0438\u043a.<\/li>\n<li>\u0414\u0435\u0442\u0430\u0459 \u043e\u0434 \u0442\u0438\u043b\u0430: \u0441\u043e\u0444\u0438\u0441\u0442\u0438\u0446\u0438\u0440\u0430\u043d \u0438 \u0436\u0435\u043d\u0441\u0442\u0432\u0435\u043d \u0434\u043e\u0434\u0438\u0440, \u0430 \u0434\u0430 \u043f\u0440\u0438\u0442\u043e\u043c \u043d\u0435 \u0431\u0443\u0434\u0435 \u043f\u0440\u0435\u0432\u0438\u0448\u0435 \u043d\u0430\u043c\u0435\u0442\u0459\u0438\u0432.<\/li>\n<li>\u0423\u043a\u0459\u0443\u0447\u0443\u0458\u0435 \u0442\u0435\u043a\u0441\u0442\u0438\u043b\u043d\u0435 \u043a\u0430\u0438\u0448\u0435\u0432\u0435: 2 \u0443\u043f\u043e\u0442\u0440\u0435\u0431\u0435 \u0443 1 (\u0431\u0435\u0437 \u043a\u0430\u0438\u0448\u0435\u0432\u0430 \u0438\u043b\u0438 \u0441\u0430 \u043a\u0430\u0438\u0448\u0435\u0432\u0438\u043c\u0430).<\/li>\n<\/ul>\n<p>\ud83d\udde3\ufe0f \u0421\u0430\u0432\u0435\u0442: \u0415\u0441\u043c\u0435\u0440\u0430\u043b\u0434\u0430 \u0458\u0435 \u0442\u0430\u0458 \u0441\u0442\u0438\u043b \u00ab\u0431\u0435\u0437 \u0431\u0440\u0435\u0442\u0435\u043b\u0430\u00bb \u043a\u043e\u0458\u0438 \u043e\u0441\u0442\u0430\u0432\u0459\u0430 \u0432\u0430\u0448 \u0434\u0435\u043a\u043e\u043b\u0442\u0435 \u0447\u0438\u0441\u0442\u0438\u043c \u0438 \u0437\u0430\u043e\u0431\u0459\u0435\u043d\u0438\u043c \u0431\u0435\u0437 \u0431\u0440\u0438\u0433\u0435 \u043e \u0442\u043e\u043c\u0435: \u043f\u0440\u0438\u043c\u0435\u045b\u0443\u0458\u0435\u0442\u0435 \u0446\u0435\u043d\u0442\u0440\u0438\u0440\u0430\u043d\u043e \u043f\u043e\u043f\u0440\u0441\u0458\u0435, \u0447\u0432\u0440\u0441\u0442\u0443 \u043a\u043e\u043d\u0442\u0443\u0440\u0443 \u0438 \u0444\u0438\u043d\u0438 \u0437\u0430\u0432\u0440\u0448\u043d\u0438 \u0441\u043b\u043e\u0458 (\u0442\u0438\u043b) \u043a\u043e\u0458\u0438 \u0438\u0437\u0433\u043b\u0435\u0434\u0430 \u0435\u043b\u0435\u0433\u0430\u043d\u0442\u043d\u043e \u0447\u0430\u043a \u0438 \u0443 \u0458\u0435\u0434\u043d\u043e\u0441\u0442\u0430\u0432\u043d\u0438\u043c \u0438\u0437\u0433\u043b\u0435\u0434\u0438\u043c\u0430.<\/p>\n<p>\ud83d\udccf \u041d\u0430\u043f\u043e\u043c\u0435\u043d\u0430: \u0414\u0430 \u0431\u0438\u0441\u0442\u0435 \u043f\u043e\u0433\u043e\u0434\u0438\u043b\u0438 \u043f\u0440\u0432\u0438 \u043f\u0443\u0442 (\u043f\u0440\u0435 \u043a\u0443\u043f\u043e\u0432\u0438\u043d\u0435), \u043d\u0430\u0458\u0432\u0430\u0436\u043d\u0438\u0458\u0430 \u0441\u0442\u0432\u0430\u0440 \u043a\u043e\u0434 \u0433\u0440\u0443\u0434\u045a\u0430\u043a\u0430 \u0431\u0435\u0437 \u0431\u0440\u0435\u0442\u0435\u043b\u0430 \u0458\u0435 \u0432\u0435\u043b\u0438\u0447\u0438\u043d\u0430 \u0442\u0440\u0430\u043a\u0435: \u0442\u0440\u0435\u0431\u0430\u043b\u043e \u0431\u0438 \u0434\u0430 \u0447\u0432\u0440\u0441\u0442\u043e \u043f\u0440\u0438\u0441\u0442\u0430\u0458\u0435 \u043e\u0434 \u043f\u0440\u0432\u043e\u0433 \u043f\u043e\u0434\u0435\u0448\u0430\u0432\u0430\u045a\u0430 \u043a\u0430\u043a\u043e \u043d\u0435 \u0431\u0438 \u043a\u043b\u0438\u0437\u0430\u043e. \u0410\u043a\u043e \u0441\u0442\u0435 \u0438\u0437\u043c\u0435\u0452\u0443 \u0434\u0432\u0435 \u0432\u0435\u043b\u0438\u0447\u0438\u043d\u0435 \u0442\u0440\u0430\u043a\u0435, \u0431\u043b\u0438\u0436\u0438 \u043a\u0440\u043e\u0458 \u0458\u0435 \u043e\u0431\u0438\u0447\u043d\u043e \u0431\u043e\u0459\u0438; \u0430 \u0430\u043a\u043e \u043d\u0438\u0441\u0442\u0435 \u0441\u0438\u0433\u0443\u0440\u043d\u0435 \u043e\u043a\u043e \u0432\u0435\u043b\u0438\u0447\u0438\u043d\u0435 \u043a\u043e\u0440\u043f\u0435, \u0438\u0437\u0430\u0431\u0435\u0440\u0438\u0442\u0435 \u043e\u043d\u0443 \u043a\u043e\u0458\u0430 \u043b\u0435\u043f\u043e \u0438\u0441\u043f\u0443\u045a\u0430\u0432\u0430 \u0432\u0430\u0448\u0435 \u0433\u0440\u0443\u0434\u0438, \u0430 \u0434\u0430 \u0438\u0445 \u043d\u0435 \u00ab\u0441\u0435\u0447\u0435\u00bb (\u043e\u0432\u043e \u0447\u0438\u043d\u0438 \u0434\u0430 \u0434\u0435\u043a\u043e\u043b\u0442\u0435 \u0438\u0437\u0433\u043b\u0435\u0434\u0430 \u0431\u043e\u0459\u0435).<\/p>\n<p>\u0421\u0430\u0441\u0442\u0430\u0432: 46% \u043f\u043e\u043b\u0438\u0435\u0441\u0442\u0435\u0440 \u00b7 44% \u043f\u043e\u043b\u0438\u0430\u043c\u0438\u0434 \u00b7 10% \u0435\u043b\u0430\u0441\u0442\u0430\u043d.<\/p>\n<p>\ud83e\udde1 \u0427\u0438\u0441\u0442 \u0434\u0435\u043a\u043e\u043b\u0442\u0435, \u0441\u0438\u0433\u0443\u0440\u043d\u0430 \u043f\u043e\u0434\u0440\u0448\u043a\u0430\u2026 \u0438 \u0442\u043e \u00ab\u043d\u0435\u0448\u0442\u043e\u00bb \u0448\u0442\u043e \u0441\u0435 \u0432\u0438\u0434\u0438.<\/p>","protected":false},"excerpt":{"rendered":"<p>Sujetador Selene modelo Esmeralda es el \u00absin tirantes\u00bb que no se mueve: con aros y copa C con relleno, pensado para darte sujeci\u00f3n real y un escote limpio y bonito incluso con prendas palabra de honor. Es un b\u00e1sico de fondo de armario, pero con ese detalle fino de tul que lo hace m\u00e1s elegante [&hellip;]<\/p>\n","protected":false},"featured_media":2154,"comment_status":"open","ping_status":"closed","template":"","meta":{"content-type":""},"product_brand":[55],"product_cat":[82,20],"product_tag":[84,83],"class_list":{"0":"post-2096","1":"product","2":"type-product","3":"status-publish","4":"has-post-thumbnail","6":"product_brand-selene","7":"product_cat-sin-tirantes","8":"product_cat-sujetador","9":"product_tag-sin-tirantes","10":"product_tag-sjetador","12":"first","13":"instock","14":"taxable","15":"shipping-taxable","16":"purchasable","17":"product-type-variable"},"supplier_id":null,"supplier_sku":"","barcode":null,"atum_controlled":true,"out_stock_date":null,"out_stock_threshold":null,"inheritable":true,"inbound_stock":0,"stock_on_hold":0,"sold_today":0,"sales_last_days":0,"reserved_stock":0,"customer_returns":0,"warehouse_damage":0,"lost_in_post":0,"other_logs":0,"out_stock_days":0,"lost_sales":0,"has_location":false,"update_date":"2026-01-07T17:57:17","atum_locations":[],"atum_stock_status":"instock","restock_status":false,"low_stock_amount":"","sales_update_date":"2025-10-03T04:55:37","calc_backorders":null,"yoast_head":"<!-- This site is optimized with the Yoast SEO plugin v27.4 - https:\/\/yoast.com\/product\/yoast-seo-wordpress\/ -->\n<title>Sujetador Selene Esmeralda - Rosana CL<\/title>\n<meta name=\"robots\" content=\"index, follow, max-snippet:-1, max-image-preview:large, max-video-preview:-1\" \/>\n<link rel=\"canonical\" href=\"https:\/\/rosanacl.com\/sr\/\u043f\u0440\u043e\u0438\u0437\u0432\u043e\u0434\/sujetdor-selene-modelo-esmeralda\/\" \/>\n<meta property=\"og:locale\" content=\"sr_RS\" \/>\n<meta property=\"og:type\" content=\"article\" \/>\n<meta property=\"og:title\" content=\"Sujetador Selene Esmeralda - Rosana CL\" \/>\n<meta property=\"og:description\" content=\"Sujetador Selene modelo Esmeralda es el \u00absin tirantes\u00bb que no se mueve: con aros y copa C con relleno, pensado para darte sujeci\u00f3n real y un escote limpio y bonito incluso con prendas palabra de honor. Es un b\u00e1sico de fondo de armario, pero con ese detalle fino de tul que lo hace m\u00e1s elegante [&hellip;]\" \/>\n<meta property=\"og:url\" content=\"https:\/\/rosanacl.com\/sr\/\u043f\u0440\u043e\u0438\u0437\u0432\u043e\u0434\/sujetdor-selene-modelo-esmeralda\/\" \/>\n<meta property=\"og:site_name\" content=\"Rosana CL\" \/>\n<meta property=\"article:modified_time\" content=\"2026-01-07T17:57:16+00:00\" \/>\n<meta property=\"og:image\" content=\"https:\/\/rosanacl.com\/wp-content\/uploads\/2025\/05\/1-3.png\" \/>\n\t<meta property=\"og:image:width\" content=\"1000\" \/>\n\t<meta property=\"og:image:height\" content=\"1333\" \/>\n\t<meta property=\"og:image:type\" content=\"image\/png\" \/>\n<meta name=\"twitter:card\" content=\"summary_large_image\" \/>\n<meta name=\"twitter:label1\" content=\"\u041f\u0440\u043e\u0446\u0435\u045a\u0435\u043d\u043e \u0432\u0440\u0435\u043c\u0435 \u0447\u0438\u0442\u0430\u045a\u0430\" \/>\n\t<meta name=\"twitter:data1\" content=\"2 \u043c\u0438\u043d\u0443\u0442\u0430\" \/>\n<script type=\"application\/ld+json\" class=\"yoast-schema-graph\">{\"@context\":\"https:\\\/\\\/schema.org\",\"@graph\":[{\"@type\":\"WebPage\",\"@id\":\"https:\\\/\\\/rosanacl.com\\\/producto\\\/sujetdor-selene-modelo-esmeralda\\\/\",\"url\":\"https:\\\/\\\/rosanacl.com\\\/producto\\\/sujetdor-selene-modelo-esmeralda\\\/\",\"name\":\"Sujetador Selene Esmeralda - Rosana CL\",\"isPartOf\":{\"@id\":\"https:\\\/\\\/rosanacl.com\\\/ca\\\/#website\"},\"primaryImageOfPage\":{\"@id\":\"https:\\\/\\\/rosanacl.com\\\/producto\\\/sujetdor-selene-modelo-esmeralda\\\/#primaryimage\"},\"image\":{\"@id\":\"https:\\\/\\\/rosanacl.com\\\/producto\\\/sujetdor-selene-modelo-esmeralda\\\/#primaryimage\"},\"thumbnailUrl\":\"https:\\\/\\\/rosanacl.com\\\/wp-content\\\/uploads\\\/2025\\\/05\\\/1-3.png\",\"datePublished\":\"2025-05-23T08:13:57+00:00\",\"dateModified\":\"2026-01-07T17:57:16+00:00\",\"breadcrumb\":{\"@id\":\"https:\\\/\\\/rosanacl.com\\\/producto\\\/sujetdor-selene-modelo-esmeralda\\\/#breadcrumb\"},\"inLanguage\":\"sr-RS\",\"potentialAction\":[{\"@type\":\"ReadAction\",\"target\":[\"https:\\\/\\\/rosanacl.com\\\/producto\\\/sujetdor-selene-modelo-esmeralda\\\/\"]}]},{\"@type\":\"ImageObject\",\"inLanguage\":\"sr-RS\",\"@id\":\"https:\\\/\\\/rosanacl.com\\\/producto\\\/sujetdor-selene-modelo-esmeralda\\\/#primaryimage\",\"url\":\"https:\\\/\\\/rosanacl.com\\\/wp-content\\\/uploads\\\/2025\\\/05\\\/1-3.png\",\"contentUrl\":\"https:\\\/\\\/rosanacl.com\\\/wp-content\\\/uploads\\\/2025\\\/05\\\/1-3.png\",\"width\":1000,\"height\":1333},{\"@type\":\"BreadcrumbList\",\"@id\":\"https:\\\/\\\/rosanacl.com\\\/producto\\\/sujetdor-selene-modelo-esmeralda\\\/#breadcrumb\",\"itemListElement\":[{\"@type\":\"ListItem\",\"position\":1,\"name\":\"Portada\",\"item\":\"https:\\\/\\\/rosanacl.com\\\/ca\\\/\"},{\"@type\":\"ListItem\",\"position\":2,\"name\":\"Tienda\",\"item\":\"https:\\\/\\\/rosanacl.com\\\/ca\\\/tienda\\\/\"},{\"@type\":\"ListItem\",\"position\":3,\"name\":\"Sujetador Selene Esmeralda\"}]},{\"@type\":\"WebSite\",\"@id\":\"https:\\\/\\\/rosanacl.com\\\/ca\\\/#website\",\"url\":\"https:\\\/\\\/rosanacl.com\\\/ca\\\/\",\"name\":\"Rosana CL\",\"description\":\"Somos tu interior\",\"potentialAction\":[{\"@type\":\"SearchAction\",\"target\":{\"@type\":\"EntryPoint\",\"urlTemplate\":\"https:\\\/\\\/rosanacl.com\\\/ca\\\/?s={search_term_string}\"},\"query-input\":{\"@type\":\"PropertyValueSpecification\",\"valueRequired\":true,\"valueName\":\"search_term_string\"}}],\"inLanguage\":\"sr-RS\"}]}<\/script>\n<!-- \/ Yoast SEO plugin. -->","yoast_head_json":{"title":"Sujetador Selene Esmeralda - Rosana CL","robots":{"index":"index","follow":"follow","max-snippet":"max-snippet:-1","max-image-preview":"max-image-preview:large","max-video-preview":"max-video-preview:-1"},"canonical":"https:\/\/rosanacl.com\/sr\/\u043f\u0440\u043e\u0438\u0437\u0432\u043e\u0434\/sujetdor-selene-modelo-esmeralda\/","og_locale":"sr_RS","og_type":"article","og_title":"Sujetador Selene Esmeralda - Rosana CL","og_description":"Sujetador Selene modelo Esmeralda es el \u00absin tirantes\u00bb que no se mueve: con aros y copa C con relleno, pensado para darte sujeci\u00f3n real y un escote limpio y bonito incluso con prendas palabra de honor. Es un b\u00e1sico de fondo de armario, pero con ese detalle fino de tul que lo hace m\u00e1s elegante [&hellip;]","og_url":"https:\/\/rosanacl.com\/sr\/\u043f\u0440\u043e\u0438\u0437\u0432\u043e\u0434\/sujetdor-selene-modelo-esmeralda\/","og_site_name":"Rosana CL","article_modified_time":"2026-01-07T17:57:16+00:00","og_image":[{"width":1000,"height":1333,"url":"https:\/\/rosanacl.com\/wp-content\/uploads\/2025\/05\/1-3.png","type":"image\/png"}],"twitter_card":"summary_large_image","twitter_misc":{"\u041f\u0440\u043e\u0446\u0435\u045a\u0435\u043d\u043e \u0432\u0440\u0435\u043c\u0435 \u0447\u0438\u0442\u0430\u045a\u0430":"2 \u043c\u0438\u043d\u0443\u0442\u0430"},"schema":{"@context":"https:\/\/schema.org","@graph":[{"@type":"WebPage","@id":"https:\/\/rosanacl.com\/producto\/sujetdor-selene-modelo-esmeralda\/","url":"https:\/\/rosanacl.com\/producto\/sujetdor-selene-modelo-esmeralda\/","name":"Sujetador Selene Esmeralda - Rosana CL","isPartOf":{"@id":"https:\/\/rosanacl.com\/ca\/#website"},"primaryImageOfPage":{"@id":"https:\/\/rosanacl.com\/producto\/sujetdor-selene-modelo-esmeralda\/#primaryimage"},"image":{"@id":"https:\/\/rosanacl.com\/producto\/sujetdor-selene-modelo-esmeralda\/#primaryimage"},"thumbnailUrl":"https:\/\/rosanacl.com\/wp-content\/uploads\/2025\/05\/1-3.png","datePublished":"2025-05-23T08:13:57+00:00","dateModified":"2026-01-07T17:57:16+00:00","breadcrumb":{"@id":"https:\/\/rosanacl.com\/producto\/sujetdor-selene-modelo-esmeralda\/#breadcrumb"},"inLanguage":"sr-RS","potentialAction":[{"@type":"ReadAction","target":["https:\/\/rosanacl.com\/producto\/sujetdor-selene-modelo-esmeralda\/"]}]},{"@type":"ImageObject","inLanguage":"sr-RS","@id":"https:\/\/rosanacl.com\/producto\/sujetdor-selene-modelo-esmeralda\/#primaryimage","url":"https:\/\/rosanacl.com\/wp-content\/uploads\/2025\/05\/1-3.png","contentUrl":"https:\/\/rosanacl.com\/wp-content\/uploads\/2025\/05\/1-3.png","width":1000,"height":1333},{"@type":"BreadcrumbList","@id":"https:\/\/rosanacl.com\/producto\/sujetdor-selene-modelo-esmeralda\/#breadcrumb","itemListElement":[{"@type":"ListItem","position":1,"name":"Portada","item":"https:\/\/rosanacl.com\/ca\/"},{"@type":"ListItem","position":2,"name":"Tienda","item":"https:\/\/rosanacl.com\/ca\/tienda\/"},{"@type":"ListItem","position":3,"name":"Sujetador Selene Esmeralda"}]},{"@type":"WebSite","@id":"https:\/\/rosanacl.com\/ca\/#website","url":"https:\/\/rosanacl.com\/ca\/","name":"\u0420\u043e\u0441\u0430\u043d\u0430 \u041a\u041b","description":"\u041c\u0438 \u0441\u043c\u043e \u0442\u0432\u043e\u0458\u0435 \u0443\u043d\u0443\u0442\u0440\u0430\u0448\u045a\u0435 \u0458\u0430","potentialAction":[{"@type":"SearchAction","target":{"@type":"EntryPoint","urlTemplate":"https:\/\/rosanacl.com\/ca\/?s={search_term_string}"},"query-input":{"@type":"PropertyValueSpecification","valueRequired":true,"valueName":"search_term_string"}}],"inLanguage":"sr-RS"}]}},"_links":{"self":[{"href":"https:\/\/rosanacl.com\/sr\/wp-json\/wp\/v2\/product\/2096","targetHints":{"allow":["GET"]}}],"collection":[{"href":"https:\/\/rosanacl.com\/sr\/wp-json\/wp\/v2\/product"}],"about":[{"href":"https:\/\/rosanacl.com\/sr\/wp-json\/wp\/v2\/types\/product"}],"replies":[{"embeddable":true,"href":"https:\/\/rosanacl.com\/sr\/wp-json\/wp\/v2\/comments?post=2096"}],"version-history":[{"count":5,"href":"https:\/\/rosanacl.com\/sr\/wp-json\/wp\/v2\/product\/2096\/revisions"}],"predecessor-version":[{"id":4598,"href":"https:\/\/rosanacl.com\/sr\/wp-json\/wp\/v2\/product\/2096\/revisions\/4598"}],"wp:featuredmedia":[{"embeddable":true,"href":"https:\/\/rosanacl.com\/sr\/wp-json\/wp\/v2\/media\/2154"}],"wp:attachment":[{"href":"https:\/\/rosanacl.com\/sr\/wp-json\/wp\/v2\/media?parent=2096"}],"wp:term":[{"taxonomy":"product_brand","embeddable":true,"href":"https:\/\/rosanacl.com\/sr\/wp-json\/wp\/v2\/product_brand?post=2096"},{"taxonomy":"product_cat","embeddable":true,"href":"https:\/\/rosanacl.com\/sr\/wp-json\/wp\/v2\/product_cat?post=2096"},{"taxonomy":"product_tag","embeddable":true,"href":"https:\/\/rosanacl.com\/sr\/wp-json\/wp\/v2\/product_tag?post=2096"}],"curies":[{"name":"wp","href":"https:\/\/api.w.org\/{rel}","templated":true}]}}