{"id":3424,"date":"2025-08-19T09:11:06","date_gmt":"2025-08-19T07:11:06","guid":{"rendered":"https:\/\/rosanacl.com\/?post_type=product&#038;p=3424"},"modified":"2026-01-08T03:06:28","modified_gmt":"2026-01-08T02:06:28","slug":"braga-selene-katia","status":"publish","type":"product","link":"https:\/\/rosanacl.com\/sr\/\u043f\u0440\u043e\u0438\u0437\u0432\u043e\u0434\/braga-selene-katia\/","title":{"rendered":"\u0411\u0440\u0430\u0433\u0430 \u0421\u0435\u043b\u0435\u043d\u0435 \u041a\u0430\u0442\u0458\u0430"},"content":{"rendered":"<p>Braga Selene Katia: una braga elegante y c\u00f3moda, pensada para realzar la silueta con un acabado fino y femenino.<br \/>\nSu tejido combina tul y detalle de fantas\u00eda en la parte delantera, aportando un toque sofisticado sin renunciar al confort del d\u00eda a d\u00eda.<\/p>\n<p>Sienta suave sobre la piel, se adapta bien al cuerpo y queda bonita bajo la ropa gracias a su ajuste limpio y favorecedor.<br \/>\nEs una prenda ideal si buscas una braga que estilice, se note ligera y te haga sentir \u00abarreglada\u00bb con un conjunto sencillo pero con presencia.<\/p>\n<p>\u0414\u0435\u0442\u0430\u0459\u0438 \u043a\u043e\u0458\u0438 \u0447\u0438\u043d\u0435 \u0440\u0430\u0437\u043b\u0438\u043a\u0443<\/p>\n<ul>\n<li>\u0422\u043a\u0430\u043d\u0438\u043d\u0430 \u0441\u0430 \u0442\u0438\u043b\u043e\u043c \u0438 \u0434\u0435\u043a\u043e\u0440\u0430\u0442\u0438\u0432\u043d\u043e\u043c \u043f\u0440\u0435\u0434\u045a\u043e\u043c \u0441\u0442\u0440\u0430\u043d\u043e\u043c: \u0435\u043b\u0435\u0433\u0430\u043d\u0442\u043d\u0438\u0458\u0438 \u0438 \u043f\u0440\u0435\u0444\u0438\u045a\u0435\u043d\u0438\u0458\u0438 \u0438\u0437\u0433\u043b\u0435\u0434.<\/li>\n<li>\u0423\u0434\u043e\u0431\u043d\u043e \u043f\u0440\u0438\u0430\u045a\u0430\u045a\u0435: \u043a\u0440\u0435\u045b\u0435 \u0441\u0435 \u0441\u0430 \u0432\u0430\u043c\u0430 \u0431\u0435\u0437 \u043e\u0433\u0440\u0430\u043d\u0438\u0447\u0430\u0432\u0430\u045a\u0430.<\/li>\n<li>\u041b\u0430\u0441\u043a\u0430\u0432\u0430 \u0437\u0430\u0432\u0440\u0448\u043d\u0430 \u043e\u0431\u0440\u0430\u0434\u0430: \u043f\u043e\u043c\u0430\u0436\u0435 \u0434\u0430 \u043e\u0434\u0435\u045b\u0430 \u0438\u0437\u0433\u043b\u0435\u0434\u0430 \u043b\u0435\u043f\u043e \u0438 \u0434\u043e\u0431\u0440\u043e \u043f\u0440\u0438\u0441\u0442\u0430\u0458\u0435.<\/li>\n<li>\u0421\u0430\u0432\u0440\u0448\u0435\u043d\u043e \u0441\u0435 \u043a\u043e\u043c\u0431\u0438\u043d\u0443\u0458\u0435 \u0441\u0430 \u0433\u0440\u0443\u0434\u045a\u0430\u043a\u043e\u043c \u0421\u0435\u043b\u0435\u043d\u0435, \u041a\u0430\u0442\u0458\u0435 \u0438 \u0420\u043e\u043a\u0441\u0430\u043d\u0435, \u0437\u0430 \u043a\u043e\u043e\u0440\u0434\u0438\u043d\u0438\u0441\u0430\u043d \u0441\u0435\u0442.<\/li>\n<\/ul>\n<p>\ud83d\udde3\ufe0f \u0421\u0430\u0432\u0435\u0442: \u041e\u043d\u043e \u0448\u0442\u043e \u041a\u0430\u0442\u0458\u0443 \u0447\u0438\u043d\u0438 \u043f\u043e\u0441\u0435\u0431\u043d\u043e\u043c \u0458\u0435\u0441\u0442\u0435 \u043e\u0441\u0435\u045b\u0430\u0458 \u00ab\u0435\u043b\u0435\u0433\u0430\u043d\u0442\u043d\u043e\u0433 \u0434\u043e\u0442\u0435\u0440\u0438\u0432\u0430\u045a\u0430\u00bb \u0431\u0435\u0437 \u043d\u0430\u043f\u043e\u0440\u0430: \u043b\u0430\u0433\u0430\u043d\u0430 \u0458\u0435, \u043c\u0435\u043a\u0430\u043d\u0430 \u0438 \u0438\u043c\u0430 \u0442\u0430\u0458 \u043d\u0435\u0436\u043d\u0438 \u0434\u043e\u0434\u0438\u0440 \u043d\u0430 \u043f\u0440\u0435\u0434\u045a\u043e\u0458 \u0441\u0442\u0440\u0430\u043d\u0438 \u043a\u043e\u0458\u0438 \u043f\u043e\u0434\u0438\u0436\u0435 \u0438\u0437\u0433\u043b\u0435\u0434, \u0430 \u0434\u0430 \u043f\u0440\u0438\u0442\u043e\u043c \u043d\u0435 \u0431\u0443\u0434\u0435 \u043f\u0440\u0435\u0432\u0438\u0448\u0435 \u0435\u043b\u0435\u0433\u0430\u043d\u0442\u043d\u0430. \u0418\u0434\u0435\u0430\u043b\u043d\u0430 \u0458\u0435 \u0430\u043a\u043e \u0436\u0435\u043b\u0438\u0442\u0435 \u0434\u0430 \u0432\u0430\u043c \u0433\u0430\u045b\u0438\u0446\u0435 \u0431\u0443\u0434\u0443 \u0443\u0434\u043e\u0431\u043d\u0435... \u0430\u043b\u0438 \u0441\u0430 \u0434\u0430\u0448\u043a\u043e\u043c \u0435\u043b\u0435\u0433\u0430\u043d\u0446\u0438\u0458\u0435.<\/p>\n<p>\ud83d\udccf \u041d\u0430\u043f\u043e\u043c\u0435\u043d\u0430: \u041f\u0440\u0435 \u043a\u0443\u043f\u043e\u0432\u0438\u043d\u0435, \u0438\u0437\u0430\u0431\u0435\u0440\u0438\u0442\u0435 \u0432\u0435\u043b\u0438\u0447\u0438\u043d\u0443 \u0443\u0437\u0438\u043c\u0430\u0458\u0443\u045b\u0438 \u0443 \u043e\u0431\u0437\u0438\u0440 \u043a\u0430\u043a\u043e \u0436\u0435\u043b\u0438\u0442\u0435 \u0434\u0430 \u0438\u0437\u0433\u043b\u0435\u0434\u0430 \u0438\u0441\u043f\u043e\u0434 \u043e\u0434\u0435\u045b\u0435: \u0430\u043a\u043e \u0442\u0440\u0430\u0436\u0438\u0442\u0435 \u0447\u0438\u0441\u0442\u0438\u0458\u0438, \u0434\u0438\u0441\u043a\u0440\u0435\u0442\u043d\u0438\u0458\u0438 \u0438\u0437\u0433\u043b\u0435\u0434 (\u0431\u0435\u0437 \u0432\u0438\u0434\u0459\u0438\u0432\u043e\u0441\u0442\u0438) \u0438 \u043d\u0430\u043b\u0430\u0437\u0438\u0442\u0435 \u0441\u0435 \u0438\u0437\u043c\u0435\u0452\u0443 \u0432\u0435\u043b\u0438\u0447\u0438\u043d\u0430, \u0443\u0437\u043c\u0438\u0442\u0435 \u0458\u0435\u0434\u043d\u0443 \u0432\u0435\u043b\u0438\u0447\u0438\u043d\u0443 \u0432\u0435\u045b\u0443; \u0430\u043a\u043e \u0432\u0438\u0448\u0435 \u0432\u043e\u043b\u0438\u0442\u0435 \u0434\u0430 \u0432\u0430\u043c \u043e\u0434\u0435\u045b\u0430 \u0431\u0443\u0434\u0435 \u0443\u0441\u043a\u0430 \u0438 \u043f\u0440\u0438\u043b\u0435\u043f\u0459\u0435\u043d\u0430, \u043e\u0441\u0442\u0430\u043d\u0438\u0442\u0435 \u043f\u0440\u0438 \u0441\u0432\u043e\u0458\u043e\u0458 \u0443\u043e\u0431\u0438\u0447\u0430\u0458\u0435\u043d\u043e\u0458 \u0432\u0435\u043b\u0438\u0447\u0438\u043d\u0438.<\/p>\n<p>\u0421\u0430\u0441\u0442\u0430\u0432: 83% \u043f\u043e\u043b\u0438\u0430\u043c\u0438\u0434, 17% \u0435\u043b\u0430\u0441\u0442\u0430\u043d. \u041e\u0458\u0430\u0447\u0430\u043d\u043e \u0438\u043d\u0442\u0438\u043c\u043d\u043e \u043f\u043e\u0434\u0440\u0443\u0447\u0458\u0435 \u043f\u0430\u043c\u0443\u043a\u043e\u043c \u0437\u0430 \u0432\u0435\u045b\u0443 \u0443\u0434\u043e\u0431\u043d\u043e\u0441\u0442 \u0438 \u0445\u0438\u0433\u0438\u0458\u0435\u043d\u0443.<\/p>\n<p>\ud83e\udee6 \u041d\u0430\u0458\u0441\u0435\u043d\u0437\u0443\u0430\u043b\u043d\u0438\u0458\u0438 \u0434\u043e\u0434\u0438\u0440 \u043a\u043e\u043c\u043f\u043b\u0435\u0442\u0430: \u043d\u0435\u0436\u0430\u043d, \u0435\u043b\u0435\u0433\u0430\u043d\u0442\u0430\u043d\u2026 \u0438 \u043e\u043f\u0430\u0441\u043d\u043e \u043b\u0435\u043f.<\/p>","protected":false},"excerpt":{"rendered":"<p>Braga Selene Katia: una braga elegante y c\u00f3moda, pensada para realzar la silueta con un acabado fino y femenino. Su tejido combina tul y detalle de fantas\u00eda en la parte delantera, aportando un toque sofisticado sin renunciar al confort del d\u00eda a d\u00eda. Sienta suave sobre la piel, se adapta bien al cuerpo y queda [&hellip;]<\/p>\n","protected":false},"featured_media":3441,"comment_status":"closed","ping_status":"closed","template":"","meta":{"content-type":""},"product_brand":[55],"product_cat":[19],"product_tag":[69],"class_list":{"0":"post-3424","1":"product","2":"type-product","3":"status-publish","4":"has-post-thumbnail","6":"product_brand-selene","7":"product_cat-braga","8":"product_tag-braga","10":"first","11":"instock","12":"taxable","13":"shipping-taxable","14":"purchasable","15":"product-type-variable"},"supplier_id":null,"supplier_sku":"","barcode":null,"atum_controlled":true,"out_stock_date":null,"out_stock_threshold":null,"inheritable":true,"inbound_stock":0,"stock_on_hold":0,"sold_today":null,"sales_last_days":null,"reserved_stock":0,"customer_returns":0,"warehouse_damage":0,"lost_in_post":0,"other_logs":0,"out_stock_days":null,"lost_sales":null,"has_location":false,"update_date":"2026-01-08T02:06:30","atum_locations":[],"atum_stock_status":"instock","restock_status":false,"low_stock_amount":"","sales_update_date":"2025-10-03T04:55:33","calc_backorders":null,"yoast_head":"<!-- This site is optimized with the Yoast SEO plugin v27.4 - https:\/\/yoast.com\/product\/yoast-seo-wordpress\/ -->\n<title>Braga Selene Katia - Rosana CL<\/title>\n<meta name=\"robots\" content=\"index, follow, max-snippet:-1, max-image-preview:large, max-video-preview:-1\" \/>\n<link rel=\"canonical\" href=\"https:\/\/rosanacl.com\/sr\/\u043f\u0440\u043e\u0438\u0437\u0432\u043e\u0434\/braga-selene-katia\/\" \/>\n<meta property=\"og:locale\" content=\"sr_RS\" \/>\n<meta property=\"og:type\" content=\"article\" \/>\n<meta property=\"og:title\" content=\"Braga Selene Katia - Rosana CL\" \/>\n<meta property=\"og:description\" content=\"Braga Selene Katia: una braga elegante y c\u00f3moda, pensada para realzar la silueta con un acabado fino y femenino. Su tejido combina tul y detalle de fantas\u00eda en la parte delantera, aportando un toque sofisticado sin renunciar al confort del d\u00eda a d\u00eda. Sienta suave sobre la piel, se adapta bien al cuerpo y queda [&hellip;]\" \/>\n<meta property=\"og:url\" content=\"https:\/\/rosanacl.com\/sr\/\u043f\u0440\u043e\u0438\u0437\u0432\u043e\u0434\/braga-selene-katia\/\" \/>\n<meta property=\"og:site_name\" content=\"Rosana CL\" \/>\n<meta property=\"article:modified_time\" content=\"2026-01-08T02:06:28+00:00\" \/>\n<meta property=\"og:image\" content=\"https:\/\/rosanacl.com\/wp-content\/uploads\/2025\/08\/1-6-1024x1024.png\" \/>\n\t<meta property=\"og:image:width\" content=\"1024\" \/>\n\t<meta property=\"og:image:height\" content=\"1024\" \/>\n\t<meta property=\"og:image:type\" content=\"image\/png\" \/>\n<meta name=\"twitter:card\" content=\"summary_large_image\" \/>\n<meta name=\"twitter:label1\" content=\"\u041f\u0440\u043e\u0446\u0435\u045a\u0435\u043d\u043e \u0432\u0440\u0435\u043c\u0435 \u0447\u0438\u0442\u0430\u045a\u0430\" \/>\n\t<meta name=\"twitter:data1\" content=\"2 \u043c\u0438\u043d\u0443\u0442\u0430\" \/>\n<script type=\"application\/ld+json\" class=\"yoast-schema-graph\">{\"@context\":\"https:\\\/\\\/schema.org\",\"@graph\":[{\"@type\":\"WebPage\",\"@id\":\"https:\\\/\\\/rosanacl.com\\\/producto\\\/braga-selene-katia\\\/\",\"url\":\"https:\\\/\\\/rosanacl.com\\\/producto\\\/braga-selene-katia\\\/\",\"name\":\"Braga Selene Katia - Rosana CL\",\"isPartOf\":{\"@id\":\"https:\\\/\\\/rosanacl.com\\\/ca\\\/#website\"},\"primaryImageOfPage\":{\"@id\":\"https:\\\/\\\/rosanacl.com\\\/producto\\\/braga-selene-katia\\\/#primaryimage\"},\"image\":{\"@id\":\"https:\\\/\\\/rosanacl.com\\\/producto\\\/braga-selene-katia\\\/#primaryimage\"},\"thumbnailUrl\":\"https:\\\/\\\/rosanacl.com\\\/wp-content\\\/uploads\\\/2025\\\/08\\\/1-6.png\",\"datePublished\":\"2025-08-19T07:11:06+00:00\",\"dateModified\":\"2026-01-08T02:06:28+00:00\",\"breadcrumb\":{\"@id\":\"https:\\\/\\\/rosanacl.com\\\/producto\\\/braga-selene-katia\\\/#breadcrumb\"},\"inLanguage\":\"sr-RS\",\"potentialAction\":[{\"@type\":\"ReadAction\",\"target\":[\"https:\\\/\\\/rosanacl.com\\\/producto\\\/braga-selene-katia\\\/\"]}]},{\"@type\":\"ImageObject\",\"inLanguage\":\"sr-RS\",\"@id\":\"https:\\\/\\\/rosanacl.com\\\/producto\\\/braga-selene-katia\\\/#primaryimage\",\"url\":\"https:\\\/\\\/rosanacl.com\\\/wp-content\\\/uploads\\\/2025\\\/08\\\/1-6.png\",\"contentUrl\":\"https:\\\/\\\/rosanacl.com\\\/wp-content\\\/uploads\\\/2025\\\/08\\\/1-6.png\",\"width\":1333,\"height\":1333},{\"@type\":\"BreadcrumbList\",\"@id\":\"https:\\\/\\\/rosanacl.com\\\/producto\\\/braga-selene-katia\\\/#breadcrumb\",\"itemListElement\":[{\"@type\":\"ListItem\",\"position\":1,\"name\":\"Portada\",\"item\":\"https:\\\/\\\/rosanacl.com\\\/ca\\\/\"},{\"@type\":\"ListItem\",\"position\":2,\"name\":\"Tienda\",\"item\":\"https:\\\/\\\/rosanacl.com\\\/ca\\\/tienda\\\/\"},{\"@type\":\"ListItem\",\"position\":3,\"name\":\"Braga Selene Katia\"}]},{\"@type\":\"WebSite\",\"@id\":\"https:\\\/\\\/rosanacl.com\\\/ca\\\/#website\",\"url\":\"https:\\\/\\\/rosanacl.com\\\/ca\\\/\",\"name\":\"Rosana CL\",\"description\":\"Somos tu interior\",\"potentialAction\":[{\"@type\":\"SearchAction\",\"target\":{\"@type\":\"EntryPoint\",\"urlTemplate\":\"https:\\\/\\\/rosanacl.com\\\/ca\\\/?s={search_term_string}\"},\"query-input\":{\"@type\":\"PropertyValueSpecification\",\"valueRequired\":true,\"valueName\":\"search_term_string\"}}],\"inLanguage\":\"sr-RS\"}]}<\/script>\n<!-- \/ Yoast SEO plugin. -->","yoast_head_json":{"title":"Braga Selene Katia - Rosana CL","robots":{"index":"index","follow":"follow","max-snippet":"max-snippet:-1","max-image-preview":"max-image-preview:large","max-video-preview":"max-video-preview:-1"},"canonical":"https:\/\/rosanacl.com\/sr\/\u043f\u0440\u043e\u0438\u0437\u0432\u043e\u0434\/braga-selene-katia\/","og_locale":"sr_RS","og_type":"article","og_title":"Braga Selene Katia - Rosana CL","og_description":"Braga Selene Katia: una braga elegante y c\u00f3moda, pensada para realzar la silueta con un acabado fino y femenino. Su tejido combina tul y detalle de fantas\u00eda en la parte delantera, aportando un toque sofisticado sin renunciar al confort del d\u00eda a d\u00eda. Sienta suave sobre la piel, se adapta bien al cuerpo y queda [&hellip;]","og_url":"https:\/\/rosanacl.com\/sr\/\u043f\u0440\u043e\u0438\u0437\u0432\u043e\u0434\/braga-selene-katia\/","og_site_name":"Rosana CL","article_modified_time":"2026-01-08T02:06:28+00:00","og_image":[{"width":1024,"height":1024,"url":"https:\/\/rosanacl.com\/wp-content\/uploads\/2025\/08\/1-6-1024x1024.png","type":"image\/png"}],"twitter_card":"summary_large_image","twitter_misc":{"\u041f\u0440\u043e\u0446\u0435\u045a\u0435\u043d\u043e \u0432\u0440\u0435\u043c\u0435 \u0447\u0438\u0442\u0430\u045a\u0430":"2 \u043c\u0438\u043d\u0443\u0442\u0430"},"schema":{"@context":"https:\/\/schema.org","@graph":[{"@type":"WebPage","@id":"https:\/\/rosanacl.com\/producto\/braga-selene-katia\/","url":"https:\/\/rosanacl.com\/producto\/braga-selene-katia\/","name":"Braga Selene Katia - Rosana CL","isPartOf":{"@id":"https:\/\/rosanacl.com\/ca\/#website"},"primaryImageOfPage":{"@id":"https:\/\/rosanacl.com\/producto\/braga-selene-katia\/#primaryimage"},"image":{"@id":"https:\/\/rosanacl.com\/producto\/braga-selene-katia\/#primaryimage"},"thumbnailUrl":"https:\/\/rosanacl.com\/wp-content\/uploads\/2025\/08\/1-6.png","datePublished":"2025-08-19T07:11:06+00:00","dateModified":"2026-01-08T02:06:28+00:00","breadcrumb":{"@id":"https:\/\/rosanacl.com\/producto\/braga-selene-katia\/#breadcrumb"},"inLanguage":"sr-RS","potentialAction":[{"@type":"ReadAction","target":["https:\/\/rosanacl.com\/producto\/braga-selene-katia\/"]}]},{"@type":"ImageObject","inLanguage":"sr-RS","@id":"https:\/\/rosanacl.com\/producto\/braga-selene-katia\/#primaryimage","url":"https:\/\/rosanacl.com\/wp-content\/uploads\/2025\/08\/1-6.png","contentUrl":"https:\/\/rosanacl.com\/wp-content\/uploads\/2025\/08\/1-6.png","width":1333,"height":1333},{"@type":"BreadcrumbList","@id":"https:\/\/rosanacl.com\/producto\/braga-selene-katia\/#breadcrumb","itemListElement":[{"@type":"ListItem","position":1,"name":"Portada","item":"https:\/\/rosanacl.com\/ca\/"},{"@type":"ListItem","position":2,"name":"Tienda","item":"https:\/\/rosanacl.com\/ca\/tienda\/"},{"@type":"ListItem","position":3,"name":"Braga Selene Katia"}]},{"@type":"WebSite","@id":"https:\/\/rosanacl.com\/ca\/#website","url":"https:\/\/rosanacl.com\/ca\/","name":"\u0420\u043e\u0441\u0430\u043d\u0430 \u041a\u041b","description":"\u041c\u0438 \u0441\u043c\u043e \u0442\u0432\u043e\u0458\u0435 \u0443\u043d\u0443\u0442\u0440\u0430\u0448\u045a\u0435 \u0458\u0430","potentialAction":[{"@type":"SearchAction","target":{"@type":"EntryPoint","urlTemplate":"https:\/\/rosanacl.com\/ca\/?s={search_term_string}"},"query-input":{"@type":"PropertyValueSpecification","valueRequired":true,"valueName":"search_term_string"}}],"inLanguage":"sr-RS"}]}},"_links":{"self":[{"href":"https:\/\/rosanacl.com\/sr\/wp-json\/wp\/v2\/product\/3424","targetHints":{"allow":["GET"]}}],"collection":[{"href":"https:\/\/rosanacl.com\/sr\/wp-json\/wp\/v2\/product"}],"about":[{"href":"https:\/\/rosanacl.com\/sr\/wp-json\/wp\/v2\/types\/product"}],"replies":[{"embeddable":true,"href":"https:\/\/rosanacl.com\/sr\/wp-json\/wp\/v2\/comments?post=3424"}],"version-history":[{"count":5,"href":"https:\/\/rosanacl.com\/sr\/wp-json\/wp\/v2\/product\/3424\/revisions"}],"predecessor-version":[{"id":4633,"href":"https:\/\/rosanacl.com\/sr\/wp-json\/wp\/v2\/product\/3424\/revisions\/4633"}],"wp:featuredmedia":[{"embeddable":true,"href":"https:\/\/rosanacl.com\/sr\/wp-json\/wp\/v2\/media\/3441"}],"wp:attachment":[{"href":"https:\/\/rosanacl.com\/sr\/wp-json\/wp\/v2\/media?parent=3424"}],"wp:term":[{"taxonomy":"product_brand","embeddable":true,"href":"https:\/\/rosanacl.com\/sr\/wp-json\/wp\/v2\/product_brand?post=3424"},{"taxonomy":"product_cat","embeddable":true,"href":"https:\/\/rosanacl.com\/sr\/wp-json\/wp\/v2\/product_cat?post=3424"},{"taxonomy":"product_tag","embeddable":true,"href":"https:\/\/rosanacl.com\/sr\/wp-json\/wp\/v2\/product_tag?post=3424"}],"curies":[{"name":"wp","href":"https:\/\/api.w.org\/{rel}","templated":true}]}}