{"id":3476,"date":"2025-08-19T09:29:50","date_gmt":"2025-08-19T07:29:50","guid":{"rendered":"https:\/\/rosanacl.com\/?post_type=product&#038;p=3476"},"modified":"2026-01-08T03:08:43","modified_gmt":"2026-01-08T02:08:43","slug":"braga-selene-brasilena-3121","status":"publish","type":"product","link":"https:\/\/rosanacl.com\/sr\/\u043f\u0440\u043e\u0438\u0437\u0432\u043e\u0434\/braga-selene-brasilena-3121\/","title":{"rendered":"\u0411\u0440\u0430\u0437\u0438\u043b\u0441\u043a\u0435 \u0433\u0430\u045b\u0438\u0446\u0435 \u0421\u0435\u043b\u0435\u043d\u0430 3121"},"content":{"rendered":"<p>\u0411\u0440\u0430\u0437\u0438\u043b\u0441\u043a\u0435 \u0433\u0430\u045b\u0438\u0446\u0435 Selene 3121 \u0441\u0443 \u043c\u0438\u043d\u0438 \u0433\u0430\u045b\u0438\u0446\u0435 \u0443 \u0431\u0440\u0430\u0437\u0438\u043b\u0441\u043a\u043e\u043c \u0441\u0442\u0438\u043b\u0443, \u0434\u0438\u0437\u0430\u0458\u043d\u0438\u0440\u0430\u043d\u0435 \u0434\u0430 \u0438\u0441\u0442\u0430\u043a\u043d\u0443 \u0432\u0430\u0448\u0443 \u0444\u0438\u0433\u0443\u0440\u0443 \u0436\u0435\u043d\u0441\u0442\u0432\u0435\u043d\u0438\u043c, \u0435\u043b\u0435\u0433\u0430\u043d\u0442\u043d\u0438\u043c \u0438 \u0432\u0435\u043e\u043c\u0430 \u043b\u0430\u0441\u043a\u0430\u0432\u0438\u043c \u0437\u0430\u0432\u0440\u0448\u0435\u0442\u043a\u043e\u043c. \u040a\u0438\u0445\u043e\u0432\u0430 \u043a\u043e\u043c\u0431\u0438\u043d\u0430\u0446\u0438\u0458\u0430 \u043d\u0435\u0436\u043d\u0435 \u0447\u0438\u043f\u043a\u0435 \u0438 \u043c\u0435\u043a\u043e\u0433 \u0442\u0438\u043b\u0430 \u0441\u0442\u0432\u0430\u0440\u0430 \u0441\u043e\u0444\u0438\u0441\u0442\u0438\u0446\u0438\u0440\u0430\u043d\u0438 \u0438\u0437\u0433\u043b\u0435\u0434, \u0438\u0434\u0435\u0430\u043b\u0430\u043d \u0437\u0430 \u043e\u0441\u0435\u045b\u0430\u0458 \u0443\u0434\u043e\u0431\u043d\u043e\u0441\u0442\u0438 \u0438 \u043b\u0435\u043f\u043e\u0442\u0435 \u0442\u043e\u043a\u043e\u043c \u0446\u0435\u043b\u043e\u0433 \u0434\u0430\u043d\u0430.<\/p>\n<p>\u040a\u0435\u0433\u043e\u0432 \u0431\u0440\u0430\u0437\u0438\u043b\u0441\u043a\u0438 \u043a\u0440\u043e\u0458 \u0441\u0442\u0432\u0430\u0440\u0430 \u0430\u0435\u0440\u043e\u0434\u0438\u043d\u0430\u043c\u0438\u0447\u043d\u0443 \u0441\u0438\u043b\u0443\u0435\u0442\u0443 \u043d\u0430 \u043b\u0435\u0452\u0438\u043c\u0430, \u0434\u043e\u043a \u0442\u043a\u0430\u043d\u0438\u043d\u0430 \u043d\u0435\u0436\u043d\u043e \u043f\u0430\u0434\u0430, \u0448\u0442\u043e \u0433\u0430 \u0447\u0438\u043d\u0438 \u0443\u0434\u043e\u0431\u043d\u0438\u043c \u0437\u0430 \u0441\u0432\u0430\u043a\u043e\u0434\u043d\u0435\u0432\u043d\u043e \u043d\u043e\u0448\u0435\u045a\u0435. \u0422\u043e \u0458\u0435 \u0441\u0430\u0432\u0440\u0448\u0435\u043d \u043e\u0434\u0435\u0432\u043d\u0438 \u043f\u0440\u0435\u0434\u043c\u0435\u0442 \u0430\u043a\u043e \u0442\u0440\u0430\u0436\u0438\u0442\u0435 \u0441\u0430\u0432\u0440\u0448\u0435\u043d\u0443 \u0440\u0430\u0432\u043d\u043e\u0442\u0435\u0436\u0443 \u0438\u0437\u043c\u0435\u0452\u0443 \u043d\u0435\u043d\u0430\u043c\u0435\u0442\u0459\u0438\u0432\u0435 \u0441\u0435\u043d\u0437\u0443\u0430\u043b\u043d\u043e\u0441\u0442\u0438 \u0438 \u0443\u0434\u043e\u0431\u043d\u043e\u0441\u0442\u0438.<\/p>\n<p>\u0414\u0435\u0442\u0430\u0459\u0438 \u043a\u043e\u0458\u0435 \u045b\u0435\u0442\u0435 \u0432\u043e\u043b\u0435\u0442\u0438<\/p>\n<ul>\n<li>\u0411\u0440\u0430\u0437\u0438\u043b\u0441\u043a\u0438 \u043c\u0438\u043d\u0438 \u0441\u0442\u0438\u043b: \u0438\u0441\u0442\u0438\u0447\u0435 \u0441\u0438\u043b\u0443\u0435\u0442\u0443 \u0438 \u0432\u0435\u043e\u043c\u0430 \u0458\u0435 \u043b\u0430\u0441\u043a\u0430\u0432.<\/li>\n<li>\u0427\u0438\u043f\u043a\u0430 + \u0435\u043b\u0435\u0433\u0430\u043d\u0442\u043d\u0438 \u0442\u0438\u043b: \u0444\u0438\u043d \u0438 \u0432\u0435\u043e\u043c\u0430 \u0436\u0435\u043d\u0441\u0442\u0432\u0435\u043d \u0437\u0430\u0432\u0440\u0448\u043d\u0438 \u0441\u043b\u043e\u0458.<\/li>\n<li>\u041c\u0435\u043a\u0430\u043d \u0438 \u0443\u0434\u043e\u0431\u0430\u043d \u043a\u0440\u043e\u0458: \u0434\u0438\u0437\u0430\u0458\u043d\u0438\u0440\u0430\u043d \u0437\u0430 \u0441\u0432\u0430\u043a\u043e\u0434\u043d\u0435\u0432\u043d\u0443 \u0443\u043f\u043e\u0442\u0440\u0435\u0431\u0443.<\/li>\n<li>\u0427\u0438\u0441\u0442 \u0438\u0437\u0433\u043b\u0435\u0434 \u0438\u0441\u043f\u043e\u0434 \u043e\u0434\u0435\u045b\u0435: \u0438\u0434\u0435\u0430\u043b\u043d\u043e \u0437\u0430 \u0443\u0441\u043a\u0435 \u043a\u043e\u043c\u0431\u0438\u043d\u0430\u0446\u0438\u0458\u0435.<\/li>\n<li>\u0421\u043b\u0430\u0436\u0435 \u0441\u0435 \u0441\u0430 \u0432\u0430\u0448\u043e\u043c \u043e\u0434\u0435\u045b\u043e\u043c: \u0441\u0430\u0432\u0440\u0448\u0435\u043d\u043e \u0441\u0435 \u043d\u043e\u0441\u0438 \u0441\u0430 \u0433\u0440\u0443\u0434\u045a\u0430\u043a\u043e\u043c Selene Laia.<\/li>\n<\/ul>\n<p>\ud83d\udde3\ufe0f \u0421\u0430\u0432\u0435\u0442: \u041a\u043e\u0434 \u0431\u0440\u0430\u0437\u0438\u043b\u0441\u043a\u043e\u0433 \u043c\u043e\u0434\u0435\u043b\u0430 3121, \u043b\u0435\u043f\u043e\u0442\u0430 \u043b\u0435\u0436\u0438 \u0443 \u00ab\u043d\u0435\u0432\u0438\u0434\u0459\u0438\u0432\u043e\u0441\u0442\u0438\u00bb: \u0442\u0438\u043b \u0441\u0435 \u043f\u0440\u0438\u043b\u0430\u0433\u043e\u0452\u0430\u0432\u0430 \u043f\u043e\u043f\u0443\u0442 \u0434\u0440\u0443\u0433\u0435 \u043a\u043e\u0436\u0435, \u0430 \u0447\u0438\u043f\u043a\u0430 \u043b\u0435\u0436\u0438 \u0440\u0430\u0432\u043d\u043e, \u0442\u0430\u043a\u043e \u0434\u0430 \u0431\u0440\u0430\u0437\u0438\u043b\u0441\u043a\u0438 \u043a\u0440\u043e\u0458 \u0434\u043e\u0432\u043e\u0459\u043d\u043e \u0438\u0441\u0442\u0438\u0447\u0435 \u0438\u0437\u0433\u043b\u0435\u0434, \u0430 \u0434\u0430 \u0432\u0430\u043c \u043d\u0435 \u0441\u043c\u0435\u0442\u0430 \u0442\u043e\u043a\u043e\u043c \u0434\u0430\u043d\u0430.<\/p>\n<p>\ud83d\udccf \u041d\u0430\u043f\u043e\u043c\u0435\u043d\u0430: \u041f\u0440\u0435 \u043a\u0443\u043f\u043e\u0432\u0438\u043d\u0435, \u043f\u0440\u043e\u0432\u0435\u0440\u0438\u0442\u0435 \u043e\u0431\u0438\u043c \u043a\u0443\u043a\u043e\u0432\u0430: \u0430\u043a\u043e \u0436\u0435\u043b\u0438\u0442\u0435 \u0443\u0436\u0438 \u043a\u0440\u043e\u0458, \u0438\u0437\u0430\u0431\u0435\u0440\u0438\u0442\u0435 \u0441\u0432\u043e\u0458\u0443 \u0443\u043e\u0431\u0438\u0447\u0430\u0458\u0435\u043d\u0443 \u0432\u0435\u043b\u0438\u0447\u0438\u043d\u0443; \u0430\u043a\u043e \u0441\u0442\u0435 \u0438\u0437\u043c\u0435\u0452\u0443 \u0434\u0432\u0435 \u0432\u0435\u043b\u0438\u0447\u0438\u043d\u0435 \u0438\u043b\u0438 \u0432\u0438\u0448\u0435 \u0432\u043e\u043b\u0438\u0442\u0435 \u043c\u0435\u043a\u0448\u0438 \u0440\u0443\u0431 (\u0431\u0435\u0437 \u043e\u0441\u0442\u0430\u0432\u0459\u0430\u045a\u0430 \u0442\u0440\u0430\u0433\u043e\u0432\u0430), \u0443\u0437\u043c\u0438\u0442\u0435 \u0458\u0435\u0434\u043d\u0443 \u0432\u0435\u043b\u0438\u0447\u0438\u043d\u0443 \u0432\u0435\u045b\u0443.<\/p>\n<p>\u0421\u0430\u0441\u0442\u0430\u0432: 85% \u043f\u043e\u043b\u0438\u0430\u043c\u0438\u0434, 15% \u0435\u043b\u0430\u0441\u0442\u0430\u043d. (\u0418\u043d\u0442\u0438\u043c\u043d\u0430 \u0437\u043e\u043d\u0430: \u043f\u0430\u043c\u0443\u043a).<\/p>\n<p>\ud83d\udda4 \u0421\u0435\u043d\u0437\u0443\u0430\u043b\u043d\u0438 \u043c\u0438\u043d\u0438\u043c\u0430\u043b\u0438\u0437\u0430\u043c: \u0443\u0434\u043e\u0431\u0430\u043d, \u043b\u0435\u043f \u0438 \u043b\u0430\u0441\u043a\u0430\u0432.<\/p>\n<div id=\"v1ms-outlook-mobile-body-separator-line\" dir=\"auto\"><\/div>","protected":false},"excerpt":{"rendered":"<p>La Braga Selene Brasile\u00f1a 3121 es una braga mini de estilo brasile\u00f1a pensada para realzar la figura con un acabado femenino, elegante y muy favorecedor. Su combinaci\u00f3n de encaje delicado y tul suave crea un look sofisticado, ideal para sentirte c\u00f3moda y guapa durante todo el d\u00eda. Su corte brasile\u00f1o aporta un efecto visual m\u00e1s [&hellip;]<\/p>\n","protected":false},"featured_media":3493,"comment_status":"closed","ping_status":"closed","template":"","meta":{"content-type":""},"product_brand":[55],"product_cat":[19],"product_tag":[69],"class_list":{"0":"post-3476","1":"product","2":"type-product","3":"status-publish","4":"has-post-thumbnail","6":"product_brand-selene","7":"product_cat-braga","8":"product_tag-braga","10":"first","11":"instock","12":"taxable","13":"shipping-taxable","14":"purchasable","15":"product-type-variable"},"supplier_id":null,"supplier_sku":"","barcode":null,"atum_controlled":true,"out_stock_date":null,"out_stock_threshold":null,"inheritable":true,"inbound_stock":0,"stock_on_hold":0,"sold_today":null,"sales_last_days":null,"reserved_stock":0,"customer_returns":0,"warehouse_damage":0,"lost_in_post":0,"other_logs":0,"out_stock_days":null,"lost_sales":null,"has_location":false,"update_date":"2026-01-08T02:08:44","atum_locations":[],"atum_stock_status":"instock","restock_status":false,"low_stock_amount":"","sales_update_date":"2025-10-03T04:55:32","calc_backorders":null,"yoast_head":"<!-- This site is optimized with the Yoast SEO plugin v27.4 - https:\/\/yoast.com\/product\/yoast-seo-wordpress\/ -->\n<title>Braga Brasile\u00f1a Selene 3121 - Rosana CL<\/title>\n<meta name=\"robots\" content=\"index, follow, max-snippet:-1, max-image-preview:large, max-video-preview:-1\" \/>\n<link rel=\"canonical\" href=\"https:\/\/rosanacl.com\/sr\/\u043f\u0440\u043e\u0438\u0437\u0432\u043e\u0434\/braga-selene-brasilena-3121\/\" \/>\n<meta property=\"og:locale\" content=\"sr_RS\" \/>\n<meta property=\"og:type\" content=\"article\" \/>\n<meta property=\"og:title\" content=\"Braga Brasile\u00f1a Selene 3121 - Rosana CL\" \/>\n<meta property=\"og:description\" content=\"La Braga Selene Brasile\u00f1a 3121 es una braga mini de estilo brasile\u00f1a pensada para realzar la figura con un acabado femenino, elegante y muy favorecedor. Su combinaci\u00f3n de encaje delicado y tul suave crea un look sofisticado, ideal para sentirte c\u00f3moda y guapa durante todo el d\u00eda. Su corte brasile\u00f1o aporta un efecto visual m\u00e1s [&hellip;]\" \/>\n<meta property=\"og:url\" content=\"https:\/\/rosanacl.com\/sr\/\u043f\u0440\u043e\u0438\u0437\u0432\u043e\u0434\/braga-selene-brasilena-3121\/\" \/>\n<meta property=\"og:site_name\" content=\"Rosana CL\" \/>\n<meta property=\"article:modified_time\" content=\"2026-01-08T02:08:43+00:00\" \/>\n<meta property=\"og:image\" content=\"https:\/\/rosanacl.com\/wp-content\/uploads\/2025\/08\/1-8.png\" \/>\n\t<meta property=\"og:image:width\" content=\"492\" \/>\n\t<meta property=\"og:image:height\" content=\"698\" \/>\n\t<meta property=\"og:image:type\" content=\"image\/png\" \/>\n<meta name=\"twitter:card\" content=\"summary_large_image\" \/>\n<meta name=\"twitter:label1\" content=\"\u041f\u0440\u043e\u0446\u0435\u045a\u0435\u043d\u043e \u0432\u0440\u0435\u043c\u0435 \u0447\u0438\u0442\u0430\u045a\u0430\" \/>\n\t<meta name=\"twitter:data1\" content=\"2 \u043c\u0438\u043d\u0443\u0442\u0430\" \/>\n<script type=\"application\/ld+json\" class=\"yoast-schema-graph\">{\"@context\":\"https:\\\/\\\/schema.org\",\"@graph\":[{\"@type\":\"WebPage\",\"@id\":\"https:\\\/\\\/rosanacl.com\\\/producto\\\/braga-selene-brasilena-3121\\\/\",\"url\":\"https:\\\/\\\/rosanacl.com\\\/producto\\\/braga-selene-brasilena-3121\\\/\",\"name\":\"Braga Brasile\u00f1a Selene 3121 - Rosana CL\",\"isPartOf\":{\"@id\":\"https:\\\/\\\/rosanacl.com\\\/ca\\\/#website\"},\"primaryImageOfPage\":{\"@id\":\"https:\\\/\\\/rosanacl.com\\\/producto\\\/braga-selene-brasilena-3121\\\/#primaryimage\"},\"image\":{\"@id\":\"https:\\\/\\\/rosanacl.com\\\/producto\\\/braga-selene-brasilena-3121\\\/#primaryimage\"},\"thumbnailUrl\":\"https:\\\/\\\/rosanacl.com\\\/wp-content\\\/uploads\\\/2025\\\/08\\\/1-8.png\",\"datePublished\":\"2025-08-19T07:29:50+00:00\",\"dateModified\":\"2026-01-08T02:08:43+00:00\",\"breadcrumb\":{\"@id\":\"https:\\\/\\\/rosanacl.com\\\/producto\\\/braga-selene-brasilena-3121\\\/#breadcrumb\"},\"inLanguage\":\"sr-RS\",\"potentialAction\":[{\"@type\":\"ReadAction\",\"target\":[\"https:\\\/\\\/rosanacl.com\\\/producto\\\/braga-selene-brasilena-3121\\\/\"]}]},{\"@type\":\"ImageObject\",\"inLanguage\":\"sr-RS\",\"@id\":\"https:\\\/\\\/rosanacl.com\\\/producto\\\/braga-selene-brasilena-3121\\\/#primaryimage\",\"url\":\"https:\\\/\\\/rosanacl.com\\\/wp-content\\\/uploads\\\/2025\\\/08\\\/1-8.png\",\"contentUrl\":\"https:\\\/\\\/rosanacl.com\\\/wp-content\\\/uploads\\\/2025\\\/08\\\/1-8.png\",\"width\":492,\"height\":698},{\"@type\":\"BreadcrumbList\",\"@id\":\"https:\\\/\\\/rosanacl.com\\\/producto\\\/braga-selene-brasilena-3121\\\/#breadcrumb\",\"itemListElement\":[{\"@type\":\"ListItem\",\"position\":1,\"name\":\"Portada\",\"item\":\"https:\\\/\\\/rosanacl.com\\\/ca\\\/\"},{\"@type\":\"ListItem\",\"position\":2,\"name\":\"Tienda\",\"item\":\"https:\\\/\\\/rosanacl.com\\\/ca\\\/tienda\\\/\"},{\"@type\":\"ListItem\",\"position\":3,\"name\":\"Braga Brasile\u00f1a Selene 3121\"}]},{\"@type\":\"WebSite\",\"@id\":\"https:\\\/\\\/rosanacl.com\\\/ca\\\/#website\",\"url\":\"https:\\\/\\\/rosanacl.com\\\/ca\\\/\",\"name\":\"Rosana CL\",\"description\":\"Somos tu interior\",\"potentialAction\":[{\"@type\":\"SearchAction\",\"target\":{\"@type\":\"EntryPoint\",\"urlTemplate\":\"https:\\\/\\\/rosanacl.com\\\/ca\\\/?s={search_term_string}\"},\"query-input\":{\"@type\":\"PropertyValueSpecification\",\"valueRequired\":true,\"valueName\":\"search_term_string\"}}],\"inLanguage\":\"sr-RS\"}]}<\/script>\n<!-- \/ Yoast SEO plugin. -->","yoast_head_json":{"title":"Braga Brasile\u00f1a Selene 3121 - Rosana CL","robots":{"index":"index","follow":"follow","max-snippet":"max-snippet:-1","max-image-preview":"max-image-preview:large","max-video-preview":"max-video-preview:-1"},"canonical":"https:\/\/rosanacl.com\/sr\/\u043f\u0440\u043e\u0438\u0437\u0432\u043e\u0434\/braga-selene-brasilena-3121\/","og_locale":"sr_RS","og_type":"article","og_title":"Braga Brasile\u00f1a Selene 3121 - Rosana CL","og_description":"La Braga Selene Brasile\u00f1a 3121 es una braga mini de estilo brasile\u00f1a pensada para realzar la figura con un acabado femenino, elegante y muy favorecedor. Su combinaci\u00f3n de encaje delicado y tul suave crea un look sofisticado, ideal para sentirte c\u00f3moda y guapa durante todo el d\u00eda. Su corte brasile\u00f1o aporta un efecto visual m\u00e1s [&hellip;]","og_url":"https:\/\/rosanacl.com\/sr\/\u043f\u0440\u043e\u0438\u0437\u0432\u043e\u0434\/braga-selene-brasilena-3121\/","og_site_name":"Rosana CL","article_modified_time":"2026-01-08T02:08:43+00:00","og_image":[{"width":492,"height":698,"url":"https:\/\/rosanacl.com\/wp-content\/uploads\/2025\/08\/1-8.png","type":"image\/png"}],"twitter_card":"summary_large_image","twitter_misc":{"\u041f\u0440\u043e\u0446\u0435\u045a\u0435\u043d\u043e \u0432\u0440\u0435\u043c\u0435 \u0447\u0438\u0442\u0430\u045a\u0430":"2 \u043c\u0438\u043d\u0443\u0442\u0430"},"schema":{"@context":"https:\/\/schema.org","@graph":[{"@type":"WebPage","@id":"https:\/\/rosanacl.com\/producto\/braga-selene-brasilena-3121\/","url":"https:\/\/rosanacl.com\/producto\/braga-selene-brasilena-3121\/","name":"Braga Brasile\u00f1a Selene 3121 - Rosana CL","isPartOf":{"@id":"https:\/\/rosanacl.com\/ca\/#website"},"primaryImageOfPage":{"@id":"https:\/\/rosanacl.com\/producto\/braga-selene-brasilena-3121\/#primaryimage"},"image":{"@id":"https:\/\/rosanacl.com\/producto\/braga-selene-brasilena-3121\/#primaryimage"},"thumbnailUrl":"https:\/\/rosanacl.com\/wp-content\/uploads\/2025\/08\/1-8.png","datePublished":"2025-08-19T07:29:50+00:00","dateModified":"2026-01-08T02:08:43+00:00","breadcrumb":{"@id":"https:\/\/rosanacl.com\/producto\/braga-selene-brasilena-3121\/#breadcrumb"},"inLanguage":"sr-RS","potentialAction":[{"@type":"ReadAction","target":["https:\/\/rosanacl.com\/producto\/braga-selene-brasilena-3121\/"]}]},{"@type":"ImageObject","inLanguage":"sr-RS","@id":"https:\/\/rosanacl.com\/producto\/braga-selene-brasilena-3121\/#primaryimage","url":"https:\/\/rosanacl.com\/wp-content\/uploads\/2025\/08\/1-8.png","contentUrl":"https:\/\/rosanacl.com\/wp-content\/uploads\/2025\/08\/1-8.png","width":492,"height":698},{"@type":"BreadcrumbList","@id":"https:\/\/rosanacl.com\/producto\/braga-selene-brasilena-3121\/#breadcrumb","itemListElement":[{"@type":"ListItem","position":1,"name":"Portada","item":"https:\/\/rosanacl.com\/ca\/"},{"@type":"ListItem","position":2,"name":"Tienda","item":"https:\/\/rosanacl.com\/ca\/tienda\/"},{"@type":"ListItem","position":3,"name":"Braga Brasile\u00f1a Selene 3121"}]},{"@type":"WebSite","@id":"https:\/\/rosanacl.com\/ca\/#website","url":"https:\/\/rosanacl.com\/ca\/","name":"\u0420\u043e\u0441\u0430\u043d\u0430 \u041a\u041b","description":"\u041c\u0438 \u0441\u043c\u043e \u0442\u0432\u043e\u0458\u0435 \u0443\u043d\u0443\u0442\u0440\u0430\u0448\u045a\u0435 \u0458\u0430","potentialAction":[{"@type":"SearchAction","target":{"@type":"EntryPoint","urlTemplate":"https:\/\/rosanacl.com\/ca\/?s={search_term_string}"},"query-input":{"@type":"PropertyValueSpecification","valueRequired":true,"valueName":"search_term_string"}}],"inLanguage":"sr-RS"}]}},"_links":{"self":[{"href":"https:\/\/rosanacl.com\/sr\/wp-json\/wp\/v2\/product\/3476","targetHints":{"allow":["GET"]}}],"collection":[{"href":"https:\/\/rosanacl.com\/sr\/wp-json\/wp\/v2\/product"}],"about":[{"href":"https:\/\/rosanacl.com\/sr\/wp-json\/wp\/v2\/types\/product"}],"replies":[{"embeddable":true,"href":"https:\/\/rosanacl.com\/sr\/wp-json\/wp\/v2\/comments?post=3476"}],"version-history":[{"count":5,"href":"https:\/\/rosanacl.com\/sr\/wp-json\/wp\/v2\/product\/3476\/revisions"}],"predecessor-version":[{"id":4635,"href":"https:\/\/rosanacl.com\/sr\/wp-json\/wp\/v2\/product\/3476\/revisions\/4635"}],"wp:featuredmedia":[{"embeddable":true,"href":"https:\/\/rosanacl.com\/sr\/wp-json\/wp\/v2\/media\/3493"}],"wp:attachment":[{"href":"https:\/\/rosanacl.com\/sr\/wp-json\/wp\/v2\/media?parent=3476"}],"wp:term":[{"taxonomy":"product_brand","embeddable":true,"href":"https:\/\/rosanacl.com\/sr\/wp-json\/wp\/v2\/product_brand?post=3476"},{"taxonomy":"product_cat","embeddable":true,"href":"https:\/\/rosanacl.com\/sr\/wp-json\/wp\/v2\/product_cat?post=3476"},{"taxonomy":"product_tag","embeddable":true,"href":"https:\/\/rosanacl.com\/sr\/wp-json\/wp\/v2\/product_tag?post=3476"}],"curies":[{"name":"wp","href":"https:\/\/api.w.org\/{rel}","templated":true}]}}