{"id":3552,"date":"2025-08-19T09:56:34","date_gmt":"2025-08-19T07:56:34","guid":{"rendered":"https:\/\/rosanacl.com\/?post_type=product&#038;p=3552"},"modified":"2026-01-07T23:53:05","modified_gmt":"2026-01-07T22:53:05","slug":"body-selene-cristina","status":"publish","type":"product","link":"https:\/\/rosanacl.com\/sr\/\u043f\u0440\u043e\u0438\u0437\u0432\u043e\u0434\/body-selene-cristina\/","title":{"rendered":"\u0422\u0435\u043b\u043e \u0421\u0435\u043b\u0435\u043d\u0435 \u041a\u0440\u0438\u0441\u0442\u0438\u043d\u0435"},"content":{"rendered":"<p>Body Selene Cristina: el body moldeador de microfibra que estiliza la silueta con un acabado limpio, elegante y muy c\u00f3modo.<br \/>\nDise\u00f1ado para aportar sujeci\u00f3n real en el pecho (con aros y sin relleno) y, a la vez, una sensaci\u00f3n de control suave en la zona del abdomen.<\/p>\n<p>\u041a\u0440\u0438\u0441\u0442\u0438\u043d\u0430 \u0458\u0435 \u0438\u0434\u0435\u0430\u043b\u043d\u0430 \u0430\u043a\u043e \u0442\u0440\u0430\u0436\u0438\u0442\u0435 \u0431\u043e\u0434\u0438 \u043a\u043e\u0458\u0438 \u00ab\u0440\u0430\u0434\u0438 \u0441\u0432\u0435\u00bb: \u0438\u0441\u0442\u0438\u0447\u0435 \u043f\u043e\u043f\u0440\u0441\u0458\u0435 \u043b\u0435\u043f\u0438\u043c, \u043f\u0440\u0438\u0440\u043e\u0434\u043d\u0438\u043c \u043e\u0431\u043b\u0438\u043a\u043e\u043c, \u0434\u0435\u0444\u0438\u043d\u0438\u0448\u0435 \u0441\u0442\u0440\u0443\u043a \u0431\u0435\u0437 \u043e\u0441\u0435\u045b\u0430\u0458\u0430 \u0441\u0442\u0435\u0437\u0430\u045a\u0430 \u0438 \u0441\u0442\u0432\u0430\u0440\u0430 \u0434\u0435\u0444\u0438\u043d\u0438\u0441\u0430\u043d\u0438\u0458\u0443 \u0441\u0438\u043b\u0443\u0435\u0442\u0443 \u0438\u0441\u043f\u043e\u0434 \u043e\u0434\u0435\u045b\u0435. \u040a\u0435\u043d\u0430 \u043c\u0438\u043a\u0440\u043e\u0444\u0438\u0431\u0435\u0440 \u0442\u043a\u0430\u043d\u0438\u043d\u0430 \u0441\u0435 \u043f\u0440\u0438\u043b\u0430\u0433\u043e\u0452\u0430\u0432\u0430 \u0442\u0435\u043b\u0443 \u043f\u043e\u043f\u0443\u0442 \u0434\u0440\u0443\u0433\u0435 \u043a\u043e\u0436\u0435, \u0441\u0430 \u043c\u0435\u043a\u0438\u043c \u043e\u0441\u0435\u045b\u0430\u0458\u0435\u043c \u0438 \u043b\u0430\u0441\u043a\u0430\u0432\u0438\u043c \u043f\u0430\u0434\u0430\u045a\u0435\u043c.<\/p>\n<p>\u041f\u043e\u0440\u0435\u0434 \u0442\u043e\u0433\u0430, \u0443\u043a\u0459\u0443\u0447\u0443\u0458\u0435 \u043e\u0458\u0430\u0447\u0430\u045a\u0435 \u0443 \u043f\u0440\u0435\u0434\u0435\u043b\u0443 \u0441\u0442\u043e\u043c\u0430\u043a\u0430, \u0434\u0438\u0437\u0430\u0458\u043d\u0438\u0440\u0430\u043d\u043e \u0434\u0430 \u0432\u0438\u0437\u0443\u0435\u043b\u043d\u043e \u0443\u0433\u043b\u0430\u0434\u0438 \u0438 \u043f\u043e\u0441\u0442\u0438\u0433\u043d\u0435 \u0443\u0433\u043b\u0430\u0452\u0435\u043d\u0438\u0458\u0438 \u0440\u0435\u0437\u0443\u043b\u0442\u0430\u0442 \u043a\u043e\u0434 \u0445\u0430\u0459\u0438\u043d\u0430, \u0443\u0441\u043a\u0435 \u043e\u0434\u0435\u045b\u0435 \u0438 \u0441\u0432\u0430\u043a\u043e\u0434\u043d\u0435\u0432\u043d\u043e\u0433 \u0438\u0437\u0433\u043b\u0435\u0434\u0430.<\/p>\n<p>\u0414\u0435\u0442\u0430\u0459\u0438 \u043a\u043e\u0458\u0435 \u045b\u0435\u0442\u0435 \u043f\u0440\u0438\u043c\u0435\u0442\u0438\u0442\u0438 \u043a\u0430\u0434\u0430 \u0433\u0430 \u0441\u0442\u0430\u0432\u0438\u0442\u0435<\/p>\n<ul>\n<li>\u041a\u043e\u043d\u0442\u0440\u043e\u043b\u043d\u0438 \u0431\u043e\u0434\u0438 \u043e\u0434 \u043c\u0435\u043a\u043e\u0433 \u0438 \u0443\u0434\u043e\u0431\u043d\u043e\u0433 \u043c\u0438\u043a\u0440\u043e\u0444\u0438\u0431\u0435\u0440\u0430.<\/li>\n<li>\u0416\u0438\u0446\u0435 \u0437\u0430 \u0447\u0432\u0440\u0441\u0442\u0443 \u043f\u043e\u0442\u043f\u043e\u0440\u0443 \u0438 \u043b\u0435\u043f\u043e \u043e\u0431\u043b\u0438\u043a\u043e\u0432\u0430\u043d\u043e \u043f\u043e\u043f\u0440\u0441\u0458\u0435.<\/li>\n<li>\u0411\u0435\u0437 \u043f\u0443\u043d\u0438\u043b\u0430, \u0437\u0430 \u043f\u0440\u0438\u0440\u043e\u0434\u043d\u0443 \u0438 \u043b\u0430\u0433\u0430\u043d\u0443 \u0437\u0430\u0432\u0440\u0448\u043d\u0443 \u043e\u0431\u0440\u0430\u0434\u0443.<\/li>\n<li>\u0410\u0431\u0434\u043e\u043c\u0438\u043d\u0430\u043b\u043d\u043e \u043f\u043e\u0458\u0430\u0447\u0430\u045a\u0435 \u043a\u043e\u0458\u0435 \u043f\u043e\u043c\u0430\u0436\u0435 \u0443 \u0437\u0430\u0433\u043b\u0430\u0452\u0438\u0432\u0430\u045a\u0443 \u0438 \u0441\u0442\u0438\u043b\u0438\u0437\u0430\u0446\u0438\u0458\u0438 \u0444\u0438\u0433\u0443\u0440\u0435.<\/li>\n<li>\u0418\u0434\u0435\u0430\u043b\u043d\u043e \u0437\u0430 \u043d\u043e\u0448\u0435\u045a\u0435 \u043a\u0430\u043e \u0434\u043e\u045a\u0438 \u0432\u0435\u0448 \u0438\u043b\u0438 \u043a\u0430\u043e \u0433\u043e\u0440\u045a\u0430 \u043e\u0434\u0435\u045b\u0430 \u0441\u0430 \u0431\u043b\u0435\u0458\u0437\u0435\u0440\u043e\u043c\/\u0458\u0430\u043a\u043d\u043e\u043c.<\/li>\n<\/ul>\n<p>\ud83d\udde3\ufe0f \u0421\u0430\u0432\u0435\u0442: Cristina \u0458\u0435 \u0434\u0438\u0437\u0430\u0458\u043d\u0438\u0440\u0430\u043d\u0430 \u0434\u0430 \u0432\u0430\u043c \u043f\u0440\u0443\u0436\u0438 \u043d\u0435\u0436\u043d\u0443 \u043a\u043e\u043d\u0442\u0440\u043e\u043b\u0443 \u0443 \u043e\u0431\u043b\u0430\u0441\u0442\u0438 \u0441\u0442\u043e\u043c\u0430\u043a\u0430 \u0438 \u043f\u0440\u0430\u0432\u0443 \u043f\u043e\u0434\u0440\u0448\u043a\u0443 \u0443 \u043e\u0431\u043b\u0430\u0441\u0442\u0438 \u0433\u0440\u0443\u0434\u0438 \u0441\u0430 \u043e\u0441\u0435\u045b\u0430\u0458\u0435\u043c \u00ab\u0434\u0440\u0443\u0433\u0435 \u043a\u043e\u0436\u0435\u00bb \u043e\u0434 \u043c\u0438\u043a\u0440\u043e\u0444\u0438\u0431\u0435\u0440\u0430: \u0434\u0435\u0444\u0438\u043d\u0438\u0448\u0435 \u0432\u0430\u0441 \u0438 \u043e\u0441\u0442\u0430\u0432\u0459\u0430 \u0434\u0430 \u0438\u0437\u0433\u043b\u0435\u0434\u0430\u0442\u0435 \u0443\u0433\u043b\u0430\u0452\u0435\u043d\u043e \u0438\u0441\u043f\u043e\u0434 \u043e\u0434\u0435\u045b\u0435, \u0430 \u0434\u0430 \u0441\u0435 \u043d\u0435 \u043e\u0441\u0435\u045b\u0430\u0442\u0435 \u0443\u043a\u043e\u0447\u0435\u043d\u043e.<\/p>\n<p>\ud83d\udccf \u041d\u0430\u043f\u043e\u043c\u0435\u043d\u0430: \u041f\u0440\u0435 \u043a\u0443\u043f\u043e\u0432\u0438\u043d\u0435, \u043a\u043e\u0440\u0438\u0441\u0442\u0438\u0442\u0435 \u043e\u0432\u0430\u0458 \u043a\u0440\u0430\u0442\u043a\u0438 \u0432\u043e\u0434\u0438\u0447 \u0437\u0430 \u0432\u0435\u043b\u0438\u0447\u0438\u043d\u0435: \u0438\u0437\u0430\u0431\u0435\u0440\u0438\u0442\u0435 \u0432\u0435\u043b\u0438\u0447\u0438\u043d\u0443 \u0430\u043a\u043e \u0441\u0442\u0435\u0437\u043d\u0438\u043a \u0437\u0430 \u0441\u0442\u043e\u043c\u0430\u043a \u0441\u0442\u043e\u0458\u0438 \u0440\u0430\u0432\u043d\u043e \u0438 \u0441\u0442\u0430\u0431\u0438\u043b\u043d\u043e (\u0431\u0435\u0437 \u0443\u0432\u0438\u0458\u0430\u045a\u0430) \u0438 \u0430\u043a\u043e \u0441\u0443 \u0432\u0430\u043c \u0433\u0440\u0443\u0434\u0438 \u0446\u0435\u043d\u0442\u0440\u0438\u0440\u0430\u043d\u0435 \u0431\u0435\u0437 \u0440\u0430\u0437\u043c\u0430\u043a\u0430. \u0410\u043a\u043e \u043e\u0431\u0438\u0447\u043d\u043e \u043f\u0440\u0438\u043c\u0435\u045b\u0443\u0458\u0435\u0442\u0435 \u0434\u0430 \u0441\u0435 \u0443\u0434\u0443\u0431\u0459\u0443\u0458\u0435 \u043a\u0430\u0434\u0430 \u0441\u0435\u0434\u0438\u0442\u0435 \u0438\u043b\u0438 \u0432\u0430\u043c \u0458\u0435 \u0441\u0442\u0435\u0433\u043d\u0443\u0442, \u043d\u0430\u0440\u0443\u0447\u0438\u0442\u0435 \u0458\u0435\u0434\u043d\u0443 \u0432\u0435\u043b\u0438\u0447\u0438\u043d\u0443 \u0432\u0435\u045b\u0435; \u0430\u043a\u043e \u0458\u0435 \u043e\u0431\u0438\u0447\u043d\u043e \u043b\u0430\u0431\u0430\u0432 \u043e\u043a\u043e \u0441\u0442\u0440\u0443\u043a\u0430\/\u0441\u0442\u043e\u043c\u0430\u043a\u0430 \u0438\u043b\u0438 \u0432\u0430\u043c \u0433\u0440\u0443\u0434\u0438 \u043d\u0438\u0441\u0443 \u043f\u043e\u0434\u0443\u043f\u0440\u0442\u0435, \u043d\u0430\u0440\u0443\u0447\u0438\u0442\u0435 \u0458\u0435\u0434\u043d\u0443 \u0432\u0435\u043b\u0438\u0447\u0438\u043d\u0443 \u043c\u0430\u045a\u0443.<\/p>\n<p>\u0421\u0430\u0441\u0442\u0430\u0432: \u043f\u043e\u043b\u0438\u0430\u043c\u0438\u0434 84%, \u043f\u043e\u043b\u0438\u0435\u0441\u0442\u0435\u0440 16%.<\/p>\n<p>\u2728 Body Cristina: \u043f\u043e\u0434\u0440\u0448\u043a\u0430, \u043a\u043e\u043d\u0442\u0440\u043e\u043b\u0430 \u0438 \u0441\u043f\u0435\u043a\u0442\u0430\u043a\u0443\u043b\u0430\u0440\u043d\u0430 \u0441\u0438\u043b\u0443\u0435\u0442\u0430\u2026 \u0447\u0438\u043c \u0458\u0435 \u043e\u0431\u0443\u0447\u0435\u0442\u0435.<\/p>","protected":false},"excerpt":{"rendered":"<p>Body Selene Cristina: el body moldeador de microfibra que estiliza la silueta con un acabado limpio, elegante y muy c\u00f3modo. Dise\u00f1ado para aportar sujeci\u00f3n real en el pecho (con aros y sin relleno) y, a la vez, una sensaci\u00f3n de control suave en la zona del abdomen. El Cristina es ideal si buscas un body [&hellip;]<\/p>\n","protected":false},"featured_media":3563,"comment_status":"closed","ping_status":"closed","template":"","meta":{"content-type":""},"product_brand":[55],"product_cat":[18],"product_tag":[66],"class_list":{"0":"post-3552","1":"product","2":"type-product","3":"status-publish","4":"has-post-thumbnail","6":"product_brand-selene","7":"product_cat-body","8":"product_tag-body","10":"first","11":"instock","12":"taxable","13":"shipping-taxable","14":"purchasable","15":"product-type-variable"},"supplier_id":null,"supplier_sku":"","barcode":null,"atum_controlled":true,"out_stock_date":null,"out_stock_threshold":null,"inheritable":true,"inbound_stock":0,"stock_on_hold":0,"sold_today":null,"sales_last_days":null,"reserved_stock":0,"customer_returns":0,"warehouse_damage":0,"lost_in_post":0,"other_logs":0,"out_stock_days":null,"lost_sales":null,"has_location":false,"update_date":"2026-01-07T22:53:06","atum_locations":[],"atum_stock_status":"instock","restock_status":false,"low_stock_amount":"","sales_update_date":"2025-10-03T04:55:30","calc_backorders":null,"yoast_head":"<!-- This site is optimized with the Yoast SEO plugin v27.4 - https:\/\/yoast.com\/product\/yoast-seo-wordpress\/ -->\n<title>Body Selene Cristina - Rosana CL<\/title>\n<meta name=\"robots\" content=\"index, follow, max-snippet:-1, max-image-preview:large, max-video-preview:-1\" \/>\n<link rel=\"canonical\" href=\"https:\/\/rosanacl.com\/sr\/\u043f\u0440\u043e\u0438\u0437\u0432\u043e\u0434\/body-selene-cristina\/\" \/>\n<meta property=\"og:locale\" content=\"sr_RS\" \/>\n<meta property=\"og:type\" content=\"article\" \/>\n<meta property=\"og:title\" content=\"Body Selene Cristina - Rosana CL\" \/>\n<meta property=\"og:description\" content=\"Body Selene Cristina: el body moldeador de microfibra que estiliza la silueta con un acabado limpio, elegante y muy c\u00f3modo. Dise\u00f1ado para aportar sujeci\u00f3n real en el pecho (con aros y sin relleno) y, a la vez, una sensaci\u00f3n de control suave en la zona del abdomen. El Cristina es ideal si buscas un body [&hellip;]\" \/>\n<meta property=\"og:url\" content=\"https:\/\/rosanacl.com\/sr\/\u043f\u0440\u043e\u0438\u0437\u0432\u043e\u0434\/body-selene-cristina\/\" \/>\n<meta property=\"og:site_name\" content=\"Rosana CL\" \/>\n<meta property=\"article:modified_time\" content=\"2026-01-07T22:53:05+00:00\" \/>\n<meta property=\"og:image\" content=\"https:\/\/rosanacl.com\/wp-content\/uploads\/2025\/08\/1-11.png\" \/>\n\t<meta property=\"og:image:width\" content=\"800\" \/>\n\t<meta property=\"og:image:height\" content=\"800\" \/>\n\t<meta property=\"og:image:type\" content=\"image\/png\" \/>\n<meta name=\"twitter:card\" content=\"summary_large_image\" \/>\n<meta name=\"twitter:label1\" content=\"\u041f\u0440\u043e\u0446\u0435\u045a\u0435\u043d\u043e \u0432\u0440\u0435\u043c\u0435 \u0447\u0438\u0442\u0430\u045a\u0430\" \/>\n\t<meta name=\"twitter:data1\" content=\"2 \u043c\u0438\u043d\u0443\u0442\u0430\" \/>\n<script type=\"application\/ld+json\" class=\"yoast-schema-graph\">{\"@context\":\"https:\\\/\\\/schema.org\",\"@graph\":[{\"@type\":\"WebPage\",\"@id\":\"https:\\\/\\\/rosanacl.com\\\/producto\\\/body-selene-cristina\\\/\",\"url\":\"https:\\\/\\\/rosanacl.com\\\/producto\\\/body-selene-cristina\\\/\",\"name\":\"Body Selene Cristina - Rosana CL\",\"isPartOf\":{\"@id\":\"https:\\\/\\\/rosanacl.com\\\/ca\\\/#website\"},\"primaryImageOfPage\":{\"@id\":\"https:\\\/\\\/rosanacl.com\\\/producto\\\/body-selene-cristina\\\/#primaryimage\"},\"image\":{\"@id\":\"https:\\\/\\\/rosanacl.com\\\/producto\\\/body-selene-cristina\\\/#primaryimage\"},\"thumbnailUrl\":\"https:\\\/\\\/rosanacl.com\\\/wp-content\\\/uploads\\\/2025\\\/08\\\/1-11.png\",\"datePublished\":\"2025-08-19T07:56:34+00:00\",\"dateModified\":\"2026-01-07T22:53:05+00:00\",\"breadcrumb\":{\"@id\":\"https:\\\/\\\/rosanacl.com\\\/producto\\\/body-selene-cristina\\\/#breadcrumb\"},\"inLanguage\":\"sr-RS\",\"potentialAction\":[{\"@type\":\"ReadAction\",\"target\":[\"https:\\\/\\\/rosanacl.com\\\/producto\\\/body-selene-cristina\\\/\"]}]},{\"@type\":\"ImageObject\",\"inLanguage\":\"sr-RS\",\"@id\":\"https:\\\/\\\/rosanacl.com\\\/producto\\\/body-selene-cristina\\\/#primaryimage\",\"url\":\"https:\\\/\\\/rosanacl.com\\\/wp-content\\\/uploads\\\/2025\\\/08\\\/1-11.png\",\"contentUrl\":\"https:\\\/\\\/rosanacl.com\\\/wp-content\\\/uploads\\\/2025\\\/08\\\/1-11.png\",\"width\":800,\"height\":800},{\"@type\":\"BreadcrumbList\",\"@id\":\"https:\\\/\\\/rosanacl.com\\\/producto\\\/body-selene-cristina\\\/#breadcrumb\",\"itemListElement\":[{\"@type\":\"ListItem\",\"position\":1,\"name\":\"Portada\",\"item\":\"https:\\\/\\\/rosanacl.com\\\/ca\\\/\"},{\"@type\":\"ListItem\",\"position\":2,\"name\":\"Tienda\",\"item\":\"https:\\\/\\\/rosanacl.com\\\/ca\\\/tienda\\\/\"},{\"@type\":\"ListItem\",\"position\":3,\"name\":\"Body Selene Cristina\"}]},{\"@type\":\"WebSite\",\"@id\":\"https:\\\/\\\/rosanacl.com\\\/ca\\\/#website\",\"url\":\"https:\\\/\\\/rosanacl.com\\\/ca\\\/\",\"name\":\"Rosana CL\",\"description\":\"Somos tu interior\",\"potentialAction\":[{\"@type\":\"SearchAction\",\"target\":{\"@type\":\"EntryPoint\",\"urlTemplate\":\"https:\\\/\\\/rosanacl.com\\\/ca\\\/?s={search_term_string}\"},\"query-input\":{\"@type\":\"PropertyValueSpecification\",\"valueRequired\":true,\"valueName\":\"search_term_string\"}}],\"inLanguage\":\"sr-RS\"}]}<\/script>\n<!-- \/ Yoast SEO plugin. -->","yoast_head_json":{"title":"Body Selene Cristina - Rosana CL","robots":{"index":"index","follow":"follow","max-snippet":"max-snippet:-1","max-image-preview":"max-image-preview:large","max-video-preview":"max-video-preview:-1"},"canonical":"https:\/\/rosanacl.com\/sr\/\u043f\u0440\u043e\u0438\u0437\u0432\u043e\u0434\/body-selene-cristina\/","og_locale":"sr_RS","og_type":"article","og_title":"Body Selene Cristina - Rosana CL","og_description":"Body Selene Cristina: el body moldeador de microfibra que estiliza la silueta con un acabado limpio, elegante y muy c\u00f3modo. Dise\u00f1ado para aportar sujeci\u00f3n real en el pecho (con aros y sin relleno) y, a la vez, una sensaci\u00f3n de control suave en la zona del abdomen. El Cristina es ideal si buscas un body [&hellip;]","og_url":"https:\/\/rosanacl.com\/sr\/\u043f\u0440\u043e\u0438\u0437\u0432\u043e\u0434\/body-selene-cristina\/","og_site_name":"Rosana CL","article_modified_time":"2026-01-07T22:53:05+00:00","og_image":[{"width":800,"height":800,"url":"https:\/\/rosanacl.com\/wp-content\/uploads\/2025\/08\/1-11.png","type":"image\/png"}],"twitter_card":"summary_large_image","twitter_misc":{"\u041f\u0440\u043e\u0446\u0435\u045a\u0435\u043d\u043e \u0432\u0440\u0435\u043c\u0435 \u0447\u0438\u0442\u0430\u045a\u0430":"2 \u043c\u0438\u043d\u0443\u0442\u0430"},"schema":{"@context":"https:\/\/schema.org","@graph":[{"@type":"WebPage","@id":"https:\/\/rosanacl.com\/producto\/body-selene-cristina\/","url":"https:\/\/rosanacl.com\/producto\/body-selene-cristina\/","name":"Body Selene Cristina - Rosana CL","isPartOf":{"@id":"https:\/\/rosanacl.com\/ca\/#website"},"primaryImageOfPage":{"@id":"https:\/\/rosanacl.com\/producto\/body-selene-cristina\/#primaryimage"},"image":{"@id":"https:\/\/rosanacl.com\/producto\/body-selene-cristina\/#primaryimage"},"thumbnailUrl":"https:\/\/rosanacl.com\/wp-content\/uploads\/2025\/08\/1-11.png","datePublished":"2025-08-19T07:56:34+00:00","dateModified":"2026-01-07T22:53:05+00:00","breadcrumb":{"@id":"https:\/\/rosanacl.com\/producto\/body-selene-cristina\/#breadcrumb"},"inLanguage":"sr-RS","potentialAction":[{"@type":"ReadAction","target":["https:\/\/rosanacl.com\/producto\/body-selene-cristina\/"]}]},{"@type":"ImageObject","inLanguage":"sr-RS","@id":"https:\/\/rosanacl.com\/producto\/body-selene-cristina\/#primaryimage","url":"https:\/\/rosanacl.com\/wp-content\/uploads\/2025\/08\/1-11.png","contentUrl":"https:\/\/rosanacl.com\/wp-content\/uploads\/2025\/08\/1-11.png","width":800,"height":800},{"@type":"BreadcrumbList","@id":"https:\/\/rosanacl.com\/producto\/body-selene-cristina\/#breadcrumb","itemListElement":[{"@type":"ListItem","position":1,"name":"Portada","item":"https:\/\/rosanacl.com\/ca\/"},{"@type":"ListItem","position":2,"name":"Tienda","item":"https:\/\/rosanacl.com\/ca\/tienda\/"},{"@type":"ListItem","position":3,"name":"Body Selene Cristina"}]},{"@type":"WebSite","@id":"https:\/\/rosanacl.com\/ca\/#website","url":"https:\/\/rosanacl.com\/ca\/","name":"\u0420\u043e\u0441\u0430\u043d\u0430 \u041a\u041b","description":"\u041c\u0438 \u0441\u043c\u043e \u0442\u0432\u043e\u0458\u0435 \u0443\u043d\u0443\u0442\u0440\u0430\u0448\u045a\u0435 \u0458\u0430","potentialAction":[{"@type":"SearchAction","target":{"@type":"EntryPoint","urlTemplate":"https:\/\/rosanacl.com\/ca\/?s={search_term_string}"},"query-input":{"@type":"PropertyValueSpecification","valueRequired":true,"valueName":"search_term_string"}}],"inLanguage":"sr-RS"}]}},"_links":{"self":[{"href":"https:\/\/rosanacl.com\/sr\/wp-json\/wp\/v2\/product\/3552","targetHints":{"allow":["GET"]}}],"collection":[{"href":"https:\/\/rosanacl.com\/sr\/wp-json\/wp\/v2\/product"}],"about":[{"href":"https:\/\/rosanacl.com\/sr\/wp-json\/wp\/v2\/types\/product"}],"replies":[{"embeddable":true,"href":"https:\/\/rosanacl.com\/sr\/wp-json\/wp\/v2\/comments?post=3552"}],"version-history":[{"count":5,"href":"https:\/\/rosanacl.com\/sr\/wp-json\/wp\/v2\/product\/3552\/revisions"}],"predecessor-version":[{"id":4632,"href":"https:\/\/rosanacl.com\/sr\/wp-json\/wp\/v2\/product\/3552\/revisions\/4632"}],"wp:featuredmedia":[{"embeddable":true,"href":"https:\/\/rosanacl.com\/sr\/wp-json\/wp\/v2\/media\/3563"}],"wp:attachment":[{"href":"https:\/\/rosanacl.com\/sr\/wp-json\/wp\/v2\/media?parent=3552"}],"wp:term":[{"taxonomy":"product_brand","embeddable":true,"href":"https:\/\/rosanacl.com\/sr\/wp-json\/wp\/v2\/product_brand?post=3552"},{"taxonomy":"product_cat","embeddable":true,"href":"https:\/\/rosanacl.com\/sr\/wp-json\/wp\/v2\/product_cat?post=3552"},{"taxonomy":"product_tag","embeddable":true,"href":"https:\/\/rosanacl.com\/sr\/wp-json\/wp\/v2\/product_tag?post=3552"}],"curies":[{"name":"wp","href":"https:\/\/api.w.org\/{rel}","templated":true}]}}