{"id":809,"date":"2025-04-29T20:02:47","date_gmt":"2025-04-29T18:02:47","guid":{"rendered":"https:\/\/rosanacl.com\/?post_type=product&#038;p=809"},"modified":"2026-04-15T15:03:39","modified_gmt":"2026-04-15T13:03:39","slug":"sujetador-modelo-marivi","status":"publish","type":"product","link":"https:\/\/rosanacl.com\/sr\/\u043f\u0440\u043e\u0438\u0437\u0432\u043e\u0434\/sujetador-modelo-marivi\/","title":{"rendered":"\u0421\u0435\u043b\u0435\u043d\u0435 \u041c\u0430\u0440\u0438\u0432\u0438 \u0411\u0440\u0430"},"content":{"rendered":"<p>\u0413\u0440\u0443\u0434\u045a\u0430\u043a Selene Mariv\u00ed \u0458\u0435 \u0434\u0438\u0437\u0430\u0458\u043d\u0438\u0440\u0430\u043d \u0437\u0430 \u043e\u043d\u0435 \u0434\u0430\u043d\u0435 \u043a\u0430\u0434\u0430 \u0436\u0435\u043b\u0438\u0442\u0435 \u0434\u0430 \u0441\u0435 \u043e\u0441\u0435\u045b\u0430\u0442\u0435 \u0443\u0434\u043e\u0431\u043d\u043e, \u043b\u0430\u0441\u043a\u0430\u0432\u043e \u0438 \u0434\u0430 \u0438\u043c\u0430\u0442\u0435 \u043f\u0440\u0435\u043b\u0435\u043f \u0434\u0435\u043a\u043e\u043b\u0442\u0435, \u0431\u0435\u0437 \u0438\u043a\u0430\u043a\u0432\u0435 \u043c\u0443\u043a\u0435. \u0422\u043e \u0458\u0435 \u0433\u0440\u0443\u0434\u045a\u0430\u043a \u0431\u0435\u0437 \u0436\u0438\u0446\u0435, \u0431\u0435\u0437 \u043f\u043e\u0434\u043b\u043e\u0433\u0435, \u0441\u0430 \u0441\u0443\u043f\u0442\u0438\u043b\u043d\u0438\u043c V-\u0438\u0437\u0440\u0435\u0437\u043e\u043c \u043a\u043e\u0458\u0438 \u043b\u0430\u0441\u043a\u0430 \u0438 \u0438\u0437\u0433\u043b\u0435\u0434\u0430 \u043f\u0440\u0438\u0440\u043e\u0434\u043d\u043e \u0438\u0441\u043f\u043e\u0434 \u043e\u0434\u0435\u045b\u0435, \u0441\u0430\u0432\u0440\u0448\u0435\u043d \u0437\u0430 \u043d\u043e\u0448\u0435\u045a\u0435 \u0441\u0430\u0442\u0438\u043c\u0430 \u0431\u0435\u0437 \u043e\u0441\u0435\u045b\u0430\u0458\u0430 \u043f\u0440\u0438\u0442\u0438\u0441\u043a\u0430.<\/p>\n<p>\u040a\u0435\u0433\u043e\u0432\u0430 \u0448\u0430\u0440\u0435\u043d\u0430 \u0442\u043a\u0430\u043d\u0438\u043d\u0430 \u0434\u0430\u0458\u0435 \u043c\u0443 \u043f\u043e\u0441\u0435\u0431\u0430\u043d \u0434\u043e\u0434\u0438\u0440 \u043a\u043e\u0458\u0438 \u0438\u0437\u0433\u043b\u0435\u0434\u0430 \u0435\u043b\u0435\u0433\u0430\u043d\u0442\u043d\u043e (\u0430 \u0434\u0430 \u043f\u0440\u0438\u0442\u043e\u043c \u043d\u0438\u0458\u0435 \u043f\u0440\u0435\u0432\u0438\u0448\u0435 \u043a\u0438\u0442\u045a\u0430\u0441\u0442), \u0430 \u0448\u0438\u0440\u0435 \u0431\u043e\u0447\u043d\u0435 \u0442\u0440\u0430\u043a\u0435 \u043f\u043e\u043c\u0430\u0436\u0443 \u0443 \u0441\u0442\u0432\u0430\u0440\u0430\u045a\u0443 \u0440\u0430\u0432\u043d\u043e\u043c\u0435\u0440\u043d\u0438\u0458\u0435\u0433 \u043f\u0440\u0438\u0430\u045a\u0430\u045a\u0430 \u0438 \u0443\u0433\u043b\u0430\u0452\u0435\u043d\u0438\u0458\u0435\u0433 \u0438\u0437\u0433\u043b\u0435\u0434\u0430. \u0418\u0434\u0435\u0430\u043b\u0430\u043d \u0438\u0437\u0431\u043e\u0440 \u0430\u043a\u043e \u0442\u0440\u0430\u0436\u0438\u0442\u0435 \u0443\u0434\u043e\u0431\u0430\u043d \u0438 \u0436\u0435\u043d\u0441\u0442\u0432\u0435\u043d \u0434\u043e\u045a\u0438 \u0432\u0435\u0448 \u0441\u0430 \u0434\u043e\u0431\u0440\u043e\u043c \u043f\u043e\u0442\u043f\u043e\u0440\u043e\u043c \u0438 \u0447\u0438\u0441\u0442\u0438\u043c \u0438\u0437\u0433\u043b\u0435\u0434\u043e\u043c \u0437\u0430 \u0441\u0432\u0430\u043a\u043e\u0434\u043d\u0435\u0432\u043d\u043e \u043d\u043e\u0448\u0435\u045a\u0435.<\/p>\n<p>\u0418\u0434\u0435\u0458\u0430 \u0448\u0442\u0430 \u045b\u0435\u0442\u0435 \u043f\u0440\u0438\u043c\u0435\u0442\u0438\u0442\u0438 \u043a\u0430\u0434\u0430 \u0433\u0430 \u0441\u0442\u0430\u0432\u0438\u0442\u0435<\/p>\n<ul>\n<li>\u0411\u0435\u0437 \u0436\u0438\u0446\u0435: \u043f\u0440\u0430\u0432\u0430 \u0443\u0434\u043e\u0431\u043d\u043e\u0441\u0442, \u0431\u0435\u0437 \u043e\u0436\u0438\u0459\u0430\u043a\u0430 \u0438\u043b\u0438 \u043f\u0440\u0438\u0442\u0438\u0441\u043a\u0430.<\/li>\n<li>\u0411\u0435\u0437 \u043f\u0443\u045a\u0435\u045a\u0430: \u043f\u0440\u0438\u0440\u043e\u0434\u0430\u043d, \u043b\u0435\u043f \u0438 \u043b\u0430\u0433\u0430\u043d \u043e\u0431\u043b\u0438\u043a.<\/li>\n<li>V-\u0438\u0437\u0440\u0435\u0437: \u043b\u0430\u0441\u043a\u0430\u0432\u043e \u0441\u0442\u043e\u0458\u0438 \u0438 \u043e\u0434\u043b\u0438\u0447\u043d\u043e \u0441\u0435 \u0441\u043b\u0430\u0436\u0435 \u0441\u0430 \u043c\u0430\u0458\u0438\u0446\u0430\u043c\u0430 \u0438 \u0431\u043b\u0443\u0437\u0430\u043c\u0430.<\/li>\n<li>\u0428\u0438\u0440\u043e\u043a\u0435 \u0431\u043e\u0447\u043d\u0435 \u0442\u0440\u0430\u043a\u0435: \u0440\u0430\u0432\u043d\u043e\u043c\u0435\u0440\u043d\u0438\u0458\u0435 \u043f\u0440\u0438\u0430\u045a\u0430\u045a\u0435 \u0438 \u0443\u0433\u043b\u0430\u0452\u0435\u043d\u0438\u0458\u0438 \u0435\u0444\u0435\u043a\u0430\u0442.<\/li>\n<li>\u041e\u0434\u0433\u043e\u0432\u0430\u0440\u0430\u0458\u0443\u045b\u0435 \u0433\u0430\u045b\u0438\u0446\u0435 3123 \u0437\u0430 \u043a\u043e\u043c\u043f\u043b\u0435\u0442.<\/li>\n<\/ul>\n<p>\ud83d\udde3\ufe0f \u0421\u0430\u0432\u0435\u0442: Mariv\u00ed \u0458\u0435 \u0458\u0435\u0434\u0430\u043d \u043e\u0434 \u043e\u043d\u0438\u0445 \u0433\u0440\u0443\u0434\u045a\u0430\u043a\u0430 \u043a\u043e\u0458\u0435 \u0437\u0430\u0431\u043e\u0440\u0430\u0432\u0438\u0442\u0435 \u0434\u0430 \u043d\u043e\u0441\u0438\u0442\u0435: \u043b\u0430\u0433\u0430\u043d \u043e\u0441\u0435\u045b\u0430\u0458, \u0431\u0435\u0437 \u00ab\u043f\u0440\u0438\u0442\u0438\u0441\u043a\u0430\u00bb \u0438 V-\u0438\u0437\u0440\u0435\u0437 \u043a\u043e\u0458\u0438 \u0432\u0430\u043c \u043e\u0441\u0442\u0430\u0432\u0459\u0430 \u043f\u0440\u0435\u043b\u0435\u043f \u0438 \u043f\u0440\u0438\u0440\u043e\u0434\u0430\u043d \u043e\u0441\u0435\u045b\u0430\u0458 \u0433\u0440\u0443\u0434\u0438, \u043a\u0430\u043e \u0434\u0430 \u0458\u0435 \u0441\u0432\u0435 \u043d\u0430 \u0441\u0432\u043e\u043c \u043c\u0435\u0441\u0442\u0443 \u0431\u0435\u0437 \u043d\u0430\u043f\u043e\u0440\u0430.<\/p>\n<p>\ud83d\udccf \u041d\u0430\u043f\u043e\u043c\u0435\u043d\u0430: \u0410\u043a\u043e \u0441\u0442\u0435 \u0438\u0437\u043c\u0435\u0452\u0443 \u0434\u0432\u0435 \u0432\u0435\u043b\u0438\u0447\u0438\u043d\u0435 \u0438 \u0442\u0440\u0430\u0436\u0438\u0442\u0435 \u00ab\u0443\u0436\u0438\u00bb \u043a\u0440\u043e\u0458, \u0438\u0437\u0430\u0431\u0435\u0440\u0438\u0442\u0435 \u043c\u0430\u045a\u0443; \u0430\u043a\u043e \u0436\u0435\u043b\u0438\u0442\u0435 \u0432\u0435\u045b\u0443 \u0443\u0434\u043e\u0431\u043d\u043e\u0441\u0442 \u0437\u0430 \u043d\u043e\u0448\u0435\u045a\u0435 \u0442\u043e\u043a\u043e\u043c \u0432\u0438\u0448\u0435 \u0441\u0430\u0442\u0438, \u0438\u0437\u0430\u0431\u0435\u0440\u0438\u0442\u0435 \u0432\u0435\u045b\u0443.<\/p>\n<p>\u0421\u0430\u0441\u0442\u0430\u0432: 82% \u043f\u043e\u043b\u0438\u0430\u043c\u0438\u0434 18% \u0435\u043b\u0430\u0441\u0442\u0430\u043d.<\/p>\n<p>\ud83c\udfac \u0422\u0430 \u043e\u0434\u0435\u045b\u0430 \u043a\u043e\u0458\u0430 \u0438\u0437\u0433\u043b\u0435\u0434\u0430 \u043b\u0435\u0436\u0435\u0440\u043d\u043e\u2026 \u0430\u043b\u0438 \u043d\u0438\u0458\u0435. \u0422\u043e \u0458\u0435 \u0446\u0440\u0432\u0435\u043d\u0438 \u0442\u0435\u043f\u0438\u0445.<\/p>\n<div id=\"v1ms-outlook-mobile-body-separator-line\" dir=\"auto\"><\/div>","protected":false},"excerpt":{"rendered":"<p>El sujetador Selene modelo Mariv\u00ed est\u00e1 pensado para esos d\u00edas en los que quieres ir c\u00f3moda, favorecida y con un escote bonito, sin complicarte. Es un modelo sin aros y sin relleno, con un escote en V sutil que estiliza y queda muy natural bajo la ropa, perfecto para llevarlo muchas horas sin notar presi\u00f3n. [&hellip;]<\/p>\n","protected":false},"featured_media":1453,"comment_status":"open","ping_status":"closed","template":"","meta":{"content-type":""},"product_brand":[55],"product_cat":[104,25,20],"product_tag":[56,60],"class_list":{"0":"post-809","1":"product","2":"type-product","3":"status-publish","4":"has-post-thumbnail","6":"product_brand-selene","7":"product_cat-marivi","8":"product_cat-sin-aros","9":"product_cat-sujetador","10":"product_tag-sujetador","11":"product_tag-sujetador-sin-aros","13":"first","14":"instock","15":"taxable","16":"shipping-taxable","17":"purchasable","18":"product-type-variable"},"supplier_id":null,"supplier_sku":"","barcode":null,"atum_controlled":true,"out_stock_date":null,"out_stock_threshold":null,"inheritable":true,"inbound_stock":null,"stock_on_hold":1,"sold_today":1,"sales_last_days":1,"reserved_stock":null,"customer_returns":null,"warehouse_damage":null,"lost_in_post":null,"other_logs":null,"out_stock_days":0,"lost_sales":0,"has_location":false,"update_date":"2026-04-15T13:03:42","atum_locations":[],"atum_stock_status":"instock","restock_status":false,"low_stock_amount":"","sales_update_date":"2025-08-19T02:35:53","calc_backorders":null,"yoast_head":"<!-- This site is optimized with the Yoast SEO plugin v27.4 - https:\/\/yoast.com\/product\/yoast-seo-wordpress\/ -->\n<title>Sujetador Selene Mariv\u00ed - Rosana CL<\/title>\n<meta name=\"robots\" content=\"index, follow, max-snippet:-1, max-image-preview:large, max-video-preview:-1\" \/>\n<link rel=\"canonical\" href=\"https:\/\/rosanacl.com\/sr\/\u043f\u0440\u043e\u0438\u0437\u0432\u043e\u0434\/sujetador-modelo-marivi\/\" \/>\n<meta property=\"og:locale\" content=\"sr_RS\" \/>\n<meta property=\"og:type\" content=\"article\" \/>\n<meta property=\"og:title\" content=\"Sujetador Selene Mariv\u00ed - Rosana CL\" \/>\n<meta property=\"og:description\" content=\"El sujetador Selene modelo Mariv\u00ed est\u00e1 pensado para esos d\u00edas en los que quieres ir c\u00f3moda, favorecida y con un escote bonito, sin complicarte. Es un modelo sin aros y sin relleno, con un escote en V sutil que estiliza y queda muy natural bajo la ropa, perfecto para llevarlo muchas horas sin notar presi\u00f3n. [&hellip;]\" \/>\n<meta property=\"og:url\" content=\"https:\/\/rosanacl.com\/sr\/\u043f\u0440\u043e\u0438\u0437\u0432\u043e\u0434\/sujetador-modelo-marivi\/\" \/>\n<meta property=\"og:site_name\" content=\"Rosana CL\" \/>\n<meta property=\"article:modified_time\" content=\"2026-04-15T13:03:39+00:00\" \/>\n<meta property=\"og:image\" content=\"https:\/\/rosanacl.com\/wp-content\/uploads\/2025\/04\/Sujetador-modelo-Marivi-000001.webp\" \/>\n\t<meta property=\"og:image:width\" content=\"1000\" \/>\n\t<meta property=\"og:image:height\" content=\"1000\" \/>\n\t<meta property=\"og:image:type\" content=\"image\/webp\" \/>\n<meta name=\"twitter:card\" content=\"summary_large_image\" \/>\n<meta name=\"twitter:label1\" content=\"\u041f\u0440\u043e\u0446\u0435\u045a\u0435\u043d\u043e \u0432\u0440\u0435\u043c\u0435 \u0447\u0438\u0442\u0430\u045a\u0430\" \/>\n\t<meta name=\"twitter:data1\" content=\"2 \u043c\u0438\u043d\u0443\u0442\u0430\" \/>\n<script type=\"application\/ld+json\" class=\"yoast-schema-graph\">{\"@context\":\"https:\\\/\\\/schema.org\",\"@graph\":[{\"@type\":\"WebPage\",\"@id\":\"https:\\\/\\\/rosanacl.com\\\/producto\\\/sujetador-modelo-marivi\\\/\",\"url\":\"https:\\\/\\\/rosanacl.com\\\/producto\\\/sujetador-modelo-marivi\\\/\",\"name\":\"Sujetador Selene Mariv\u00ed - Rosana CL\",\"isPartOf\":{\"@id\":\"https:\\\/\\\/rosanacl.com\\\/ca\\\/#website\"},\"primaryImageOfPage\":{\"@id\":\"https:\\\/\\\/rosanacl.com\\\/producto\\\/sujetador-modelo-marivi\\\/#primaryimage\"},\"image\":{\"@id\":\"https:\\\/\\\/rosanacl.com\\\/producto\\\/sujetador-modelo-marivi\\\/#primaryimage\"},\"thumbnailUrl\":\"https:\\\/\\\/rosanacl.com\\\/wp-content\\\/uploads\\\/2025\\\/04\\\/Sujetador-modelo-Marivi-000001.webp\",\"datePublished\":\"2025-04-29T18:02:47+00:00\",\"dateModified\":\"2026-04-15T13:03:39+00:00\",\"breadcrumb\":{\"@id\":\"https:\\\/\\\/rosanacl.com\\\/producto\\\/sujetador-modelo-marivi\\\/#breadcrumb\"},\"inLanguage\":\"sr-RS\",\"potentialAction\":[{\"@type\":\"ReadAction\",\"target\":[\"https:\\\/\\\/rosanacl.com\\\/producto\\\/sujetador-modelo-marivi\\\/\"]}]},{\"@type\":\"ImageObject\",\"inLanguage\":\"sr-RS\",\"@id\":\"https:\\\/\\\/rosanacl.com\\\/producto\\\/sujetador-modelo-marivi\\\/#primaryimage\",\"url\":\"https:\\\/\\\/rosanacl.com\\\/wp-content\\\/uploads\\\/2025\\\/04\\\/Sujetador-modelo-Marivi-000001.webp\",\"contentUrl\":\"https:\\\/\\\/rosanacl.com\\\/wp-content\\\/uploads\\\/2025\\\/04\\\/Sujetador-modelo-Marivi-000001.webp\",\"width\":1000,\"height\":1000},{\"@type\":\"BreadcrumbList\",\"@id\":\"https:\\\/\\\/rosanacl.com\\\/producto\\\/sujetador-modelo-marivi\\\/#breadcrumb\",\"itemListElement\":[{\"@type\":\"ListItem\",\"position\":1,\"name\":\"Portada\",\"item\":\"https:\\\/\\\/rosanacl.com\\\/ca\\\/\"},{\"@type\":\"ListItem\",\"position\":2,\"name\":\"Tienda\",\"item\":\"https:\\\/\\\/rosanacl.com\\\/ca\\\/tienda\\\/\"},{\"@type\":\"ListItem\",\"position\":3,\"name\":\"Sujetador Selene Mariv\u00ed\"}]},{\"@type\":\"WebSite\",\"@id\":\"https:\\\/\\\/rosanacl.com\\\/ca\\\/#website\",\"url\":\"https:\\\/\\\/rosanacl.com\\\/ca\\\/\",\"name\":\"Rosana CL\",\"description\":\"Somos tu interior\",\"potentialAction\":[{\"@type\":\"SearchAction\",\"target\":{\"@type\":\"EntryPoint\",\"urlTemplate\":\"https:\\\/\\\/rosanacl.com\\\/ca\\\/?s={search_term_string}\"},\"query-input\":{\"@type\":\"PropertyValueSpecification\",\"valueRequired\":true,\"valueName\":\"search_term_string\"}}],\"inLanguage\":\"sr-RS\"}]}<\/script>\n<!-- \/ Yoast SEO plugin. -->","yoast_head_json":{"title":"Sujetador Selene Mariv\u00ed - Rosana CL","robots":{"index":"index","follow":"follow","max-snippet":"max-snippet:-1","max-image-preview":"max-image-preview:large","max-video-preview":"max-video-preview:-1"},"canonical":"https:\/\/rosanacl.com\/sr\/\u043f\u0440\u043e\u0438\u0437\u0432\u043e\u0434\/sujetador-modelo-marivi\/","og_locale":"sr_RS","og_type":"article","og_title":"Sujetador Selene Mariv\u00ed - Rosana CL","og_description":"El sujetador Selene modelo Mariv\u00ed est\u00e1 pensado para esos d\u00edas en los que quieres ir c\u00f3moda, favorecida y con un escote bonito, sin complicarte. Es un modelo sin aros y sin relleno, con un escote en V sutil que estiliza y queda muy natural bajo la ropa, perfecto para llevarlo muchas horas sin notar presi\u00f3n. [&hellip;]","og_url":"https:\/\/rosanacl.com\/sr\/\u043f\u0440\u043e\u0438\u0437\u0432\u043e\u0434\/sujetador-modelo-marivi\/","og_site_name":"Rosana CL","article_modified_time":"2026-04-15T13:03:39+00:00","og_image":[{"width":1000,"height":1000,"url":"https:\/\/rosanacl.com\/wp-content\/uploads\/2025\/04\/Sujetador-modelo-Marivi-000001.webp","type":"image\/webp"}],"twitter_card":"summary_large_image","twitter_misc":{"\u041f\u0440\u043e\u0446\u0435\u045a\u0435\u043d\u043e \u0432\u0440\u0435\u043c\u0435 \u0447\u0438\u0442\u0430\u045a\u0430":"2 \u043c\u0438\u043d\u0443\u0442\u0430"},"schema":{"@context":"https:\/\/schema.org","@graph":[{"@type":"WebPage","@id":"https:\/\/rosanacl.com\/producto\/sujetador-modelo-marivi\/","url":"https:\/\/rosanacl.com\/producto\/sujetador-modelo-marivi\/","name":"Sujetador Selene Mariv\u00ed - Rosana CL","isPartOf":{"@id":"https:\/\/rosanacl.com\/ca\/#website"},"primaryImageOfPage":{"@id":"https:\/\/rosanacl.com\/producto\/sujetador-modelo-marivi\/#primaryimage"},"image":{"@id":"https:\/\/rosanacl.com\/producto\/sujetador-modelo-marivi\/#primaryimage"},"thumbnailUrl":"https:\/\/rosanacl.com\/wp-content\/uploads\/2025\/04\/Sujetador-modelo-Marivi-000001.webp","datePublished":"2025-04-29T18:02:47+00:00","dateModified":"2026-04-15T13:03:39+00:00","breadcrumb":{"@id":"https:\/\/rosanacl.com\/producto\/sujetador-modelo-marivi\/#breadcrumb"},"inLanguage":"sr-RS","potentialAction":[{"@type":"ReadAction","target":["https:\/\/rosanacl.com\/producto\/sujetador-modelo-marivi\/"]}]},{"@type":"ImageObject","inLanguage":"sr-RS","@id":"https:\/\/rosanacl.com\/producto\/sujetador-modelo-marivi\/#primaryimage","url":"https:\/\/rosanacl.com\/wp-content\/uploads\/2025\/04\/Sujetador-modelo-Marivi-000001.webp","contentUrl":"https:\/\/rosanacl.com\/wp-content\/uploads\/2025\/04\/Sujetador-modelo-Marivi-000001.webp","width":1000,"height":1000},{"@type":"BreadcrumbList","@id":"https:\/\/rosanacl.com\/producto\/sujetador-modelo-marivi\/#breadcrumb","itemListElement":[{"@type":"ListItem","position":1,"name":"Portada","item":"https:\/\/rosanacl.com\/ca\/"},{"@type":"ListItem","position":2,"name":"Tienda","item":"https:\/\/rosanacl.com\/ca\/tienda\/"},{"@type":"ListItem","position":3,"name":"Sujetador Selene Mariv\u00ed"}]},{"@type":"WebSite","@id":"https:\/\/rosanacl.com\/ca\/#website","url":"https:\/\/rosanacl.com\/ca\/","name":"\u0420\u043e\u0441\u0430\u043d\u0430 \u041a\u041b","description":"\u041c\u0438 \u0441\u043c\u043e \u0442\u0432\u043e\u0458\u0435 \u0443\u043d\u0443\u0442\u0440\u0430\u0448\u045a\u0435 \u0458\u0430","potentialAction":[{"@type":"SearchAction","target":{"@type":"EntryPoint","urlTemplate":"https:\/\/rosanacl.com\/ca\/?s={search_term_string}"},"query-input":{"@type":"PropertyValueSpecification","valueRequired":true,"valueName":"search_term_string"}}],"inLanguage":"sr-RS"}]}},"_links":{"self":[{"href":"https:\/\/rosanacl.com\/sr\/wp-json\/wp\/v2\/product\/809","targetHints":{"allow":["GET"]}}],"collection":[{"href":"https:\/\/rosanacl.com\/sr\/wp-json\/wp\/v2\/product"}],"about":[{"href":"https:\/\/rosanacl.com\/sr\/wp-json\/wp\/v2\/types\/product"}],"replies":[{"embeddable":true,"href":"https:\/\/rosanacl.com\/sr\/wp-json\/wp\/v2\/comments?post=809"}],"version-history":[{"count":5,"href":"https:\/\/rosanacl.com\/sr\/wp-json\/wp\/v2\/product\/809\/revisions"}],"predecessor-version":[{"id":4615,"href":"https:\/\/rosanacl.com\/sr\/wp-json\/wp\/v2\/product\/809\/revisions\/4615"}],"wp:featuredmedia":[{"embeddable":true,"href":"https:\/\/rosanacl.com\/sr\/wp-json\/wp\/v2\/media\/1453"}],"wp:attachment":[{"href":"https:\/\/rosanacl.com\/sr\/wp-json\/wp\/v2\/media?parent=809"}],"wp:term":[{"taxonomy":"product_brand","embeddable":true,"href":"https:\/\/rosanacl.com\/sr\/wp-json\/wp\/v2\/product_brand?post=809"},{"taxonomy":"product_cat","embeddable":true,"href":"https:\/\/rosanacl.com\/sr\/wp-json\/wp\/v2\/product_cat?post=809"},{"taxonomy":"product_tag","embeddable":true,"href":"https:\/\/rosanacl.com\/sr\/wp-json\/wp\/v2\/product_tag?post=809"}],"curies":[{"name":"wp","href":"https:\/\/api.w.org\/{rel}","templated":true}]}}