{"id":15,"date":"2025-03-28T15:58:30","date_gmt":"2025-03-28T18:58:30","guid":{"rendered":"https:\/\/innovacon.simplificandotuweb.com\/?page_id=15"},"modified":"2025-05-02T02:16:09","modified_gmt":"2025-05-02T00:16:09","slug":"mapa-web","status":"publish","type":"page","link":"https:\/\/rosanacl.com\/sv\/mapa-web\/","title":{"rendered":"Webbkarta"},"content":{"rendered":"<div data-elementor-type=\"wp-page\" data-elementor-id=\"15\" class=\"elementor elementor-15\" data-elementor-post-type=\"page\">\n\t\t\t\t<div class=\"elementor-element elementor-element-2147d22 e-flex e-con-boxed e-con e-parent\" data-id=\"2147d22\" data-element_type=\"container\" data-e-type=\"container\" data-settings=\"{&quot;background_background&quot;:&quot;classic&quot;}\">\n\t\t\t\t\t<div class=\"e-con-inner\">\n\t\t<div class=\"elementor-element elementor-element-e502161 e-con-full e-flex e-con e-child\" data-id=\"e502161\" data-element_type=\"container\" data-e-type=\"container\">\n\t\t\t\t<div class=\"elementor-element elementor-element-b69ebee elementor-widget elementor-widget-heading\" data-id=\"b69ebee\" data-element_type=\"widget\" data-e-type=\"widget\" data-widget_type=\"heading.default\">\n\t\t\t\t<div class=\"elementor-widget-container\">\n\t\t\t\t\t<h2 class=\"elementor-heading-title elementor-size-default\">Webbkarta<\/h2>\t\t\t\t<\/div>\n\t\t\t\t<\/div>\n\t\t\t\t<\/div>\n\t\t\t\t\t<\/div>\n\t\t\t\t<\/div>\n\t\t<div class=\"elementor-element elementor-element-268470e e-flex e-con-boxed e-con e-parent\" data-id=\"268470e\" data-element_type=\"container\" data-e-type=\"container\">\n\t\t\t\t\t<div class=\"e-con-inner\">\n\t\t\t\t<div class=\"elementor-element elementor-element-7b9e7c6 elementor-widget elementor-widget-sitemap\" data-id=\"7b9e7c6\" data-element_type=\"widget\" data-e-type=\"widget\" data-widget_type=\"sitemap.default\">\n\t\t\t\t<div class=\"elementor-widget-container\">\n\t\t\t\t\t<div class=\"elementor-sitemap-wrap\"><div class=\"elementor-sitemap-section\"><h2 class=\"elementor-sitemap-title elementor-sitemap-page-title\">Sidor<\/h2><ul class=\"elementor-sitemap-list elementor-sitemap-page-list\"><li class=\"elementor-sitemap-item elementor-sitemap-item-page page_item page-item-4941\"><a href=\"https:\/\/rosanacl.com\/sv\/prueba\/\">prueba<\/a><\/li><li class=\"elementor-sitemap-item elementor-sitemap-item-page page_item page-item-4806\"><a href=\"https:\/\/rosanacl.com\/sv\/selene-ropa-interior\/\">Selene ropa interior<\/a><\/li><li class=\"elementor-sitemap-item elementor-sitemap-item-page page_item page-item-4781\"><a href=\"https:\/\/rosanacl.com\/sv\/comprar-bragas-selene\/\">Comprar bragas Selene<\/a><\/li><li class=\"elementor-sitemap-item elementor-sitemap-item-page page_item page-item-4776\"><a href=\"https:\/\/rosanacl.com\/sv\/sujetadores-reductores-selene\/\">Sujetadores reductores Selene<\/a><\/li><li class=\"elementor-sitemap-item elementor-sitemap-item-page page_item page-item-4770\"><a href=\"https:\/\/rosanacl.com\/sv\/bodys-lenceria-mujer\/\">Bodys lencer\u00eda Mujer<\/a><\/li><li class=\"elementor-sitemap-item elementor-sitemap-item-page page_item page-item-4765\"><a href=\"https:\/\/rosanacl.com\/sv\/sujetadores-selene-sin-aros\/\">Sujetadores Selene sin aros<\/a><\/li><li class=\"elementor-sitemap-item elementor-sitemap-item-page page_item page-item-4760\"><a href=\"https:\/\/rosanacl.com\/sv\/sujetador-lenceria\/\">Sujetador lencer\u00eda<\/a><\/li><li class=\"elementor-sitemap-item elementor-sitemap-item-page page_item page-item-4755\"><a href=\"https:\/\/rosanacl.com\/sv\/sujetadores-selene-sin-aro\/\">Sujetadores Selene sin aro<\/a><\/li><li class=\"elementor-sitemap-item elementor-sitemap-item-page page_item page-item-4738\"><a href=\"https:\/\/rosanacl.com\/sv\/comprar-sujetador-selene-online\/\">Comprar sujetador Selene online<\/a><\/li><li class=\"elementor-sitemap-item elementor-sitemap-item-page page_item page-item-4733\"><a href=\"https:\/\/rosanacl.com\/sv\/selene-lenceria\/\">Selene lencer\u00eda<\/a><\/li><li class=\"elementor-sitemap-item elementor-sitemap-item-page page_item page-item-4549\"><a href=\"https:\/\/rosanacl.com\/sv\/comprar-bragas-online-en-valencia\/\">K\u00f6p trosor online i Valencia<\/a><\/li><li class=\"elementor-sitemap-item elementor-sitemap-item-page page_item page-item-4548\"><a href=\"https:\/\/rosanacl.com\/sv\/bragas-de-selene-en-valencia\/\">Selenes trosor i Valencia<\/a><\/li><li class=\"elementor-sitemap-item elementor-sitemap-item-page page_item page-item-4675\"><a href=\"https:\/\/rosanacl.com\/sv\/corseteria-valencia\/\">Landing Page<\/a><\/li><li class=\"elementor-sitemap-item elementor-sitemap-item-page page_item page-item-4547\"><a href=\"https:\/\/rosanacl.com\/sv\/body-de-mujer-en-valencia\/\">Dambody i Valencia<\/a><\/li><li class=\"elementor-sitemap-item elementor-sitemap-item-page page_item page-item-4542\"><a href=\"https:\/\/rosanacl.com\/sv\/sujetadores-reductores-selene-en-valencia\/\">Selene minimizer-bh:ar i Valencia<\/a><\/li><li class=\"elementor-sitemap-item elementor-sitemap-item-page page_item page-item-4532\"><a href=\"https:\/\/rosanacl.com\/sv\/sujetador-selene-sin-aros-en-valencia\/\">Selene bygelfri bh i Valencia<\/a><\/li><li class=\"elementor-sitemap-item elementor-sitemap-item-page page_item page-item-4526\"><a href=\"https:\/\/rosanacl.com\/sv\/comprar-sujetadores-selene-online-en-valencia\/\">K\u00f6p Selene-bh:ar online i Valencia<\/a><\/li><li class=\"elementor-sitemap-item elementor-sitemap-item-page page_item page-item-4521\"><a href=\"https:\/\/rosanacl.com\/sv\/comprar-sujetadores-selene-en-valencia\/\">K\u00f6p Selene-bh:ar i Valencia<\/a><\/li><li class=\"elementor-sitemap-item elementor-sitemap-item-page page_item page-item-4192\"><a href=\"https:\/\/rosanacl.com\/sv\/sujetador-selene-sin-aros-en-barcelona\/\">Selene bygelfri bh i Barcelona<\/a><\/li><li class=\"elementor-sitemap-item elementor-sitemap-item-page page_item page-item-4187\"><a href=\"https:\/\/rosanacl.com\/sv\/comprar-sujetadores-selene-online-en-barcelona\/\">K\u00f6p Selene-bh:ar online i Barcelona<\/a><\/li><li class=\"elementor-sitemap-item elementor-sitemap-item-page page_item page-item-4182\"><a href=\"https:\/\/rosanacl.com\/sv\/comprar-sujetadores-selene-en-barcelona\/\">K\u00f6p Selene-bh:ar i Barcelona<\/a><\/li><li class=\"elementor-sitemap-item elementor-sitemap-item-page page_item page-item-4000\"><a href=\"https:\/\/rosanacl.com\/sv\/comprar-sujetador-selene\/\">K\u00f6p Selene-bh:ar<\/a><\/li><li class=\"elementor-sitemap-item elementor-sitemap-item-page page_item page-item-3995\"><a href=\"https:\/\/rosanacl.com\/sv\/comprar-sujetadores-selene-online\/\">K\u00f6p Selene-bh:ar online<\/a><\/li><li class=\"elementor-sitemap-item elementor-sitemap-item-page page_item page-item-3925\"><a href=\"https:\/\/rosanacl.com\/sv\/sujetador-selene-sin-aros\/\">Selene bh utan bygel<\/a><\/li><li class=\"elementor-sitemap-item elementor-sitemap-item-page page_item page-item-2875\"><a href=\"https:\/\/rosanacl.com\/sv\/comprar-sujetadores-selene\/\">K\u00f6p Selene-bh:ar<\/a><\/li><li class=\"elementor-sitemap-item elementor-sitemap-item-page page_item page-item-3704\"><a href=\"https:\/\/rosanacl.com\/sv\/bragas-de-selene\/\">Selenes trosor<\/a><\/li><li class=\"elementor-sitemap-item elementor-sitemap-item-page page_item page-item-3931\"><a href=\"https:\/\/rosanacl.com\/sv\/tanga-de-selene\/\">Selenes stringtrosa<\/a><\/li><li class=\"elementor-sitemap-item elementor-sitemap-item-page page_item page-item-3926\"><a href=\"https:\/\/rosanacl.com\/sv\/sujetador-sin-tirantes\/\">Axelbandsl\u00f6s bh<\/a><\/li><li class=\"elementor-sitemap-item elementor-sitemap-item-page page_item page-item-2868\"><a href=\"https:\/\/rosanacl.com\/sv\/comprar-bragas-online\/\">K\u00f6p trosor online<\/a><\/li><li class=\"elementor-sitemap-item elementor-sitemap-item-page page_item page-item-3726\"><a href=\"https:\/\/rosanacl.com\/sv\/lenceria-selene-en-espana\/\">Selene Lingerie i Spanien<\/a><\/li><li class=\"elementor-sitemap-item elementor-sitemap-item-page page_item page-item-3716\"><a href=\"https:\/\/rosanacl.com\/sv\/body-de-mujer\/\">Dambody<\/a><\/li><li class=\"elementor-sitemap-item elementor-sitemap-item-page page_item page-item-3710\"><a href=\"https:\/\/rosanacl.com\/sv\/comprar-ropa-interior-online\/\">K\u00f6p underkl\u00e4der online<\/a><\/li><li class=\"elementor-sitemap-item elementor-sitemap-item-page page_item page-item-3703\"><a href=\"https:\/\/rosanacl.com\/sv\/mejor-sujetador-sin-tirantes\/\">B\u00e4sta axelbandsl\u00f6sa bh<\/a><\/li><li class=\"elementor-sitemap-item elementor-sitemap-item-page page_item page-item-2968\"><a href=\"https:\/\/rosanacl.com\/sv\/seguimiento-del-pedido\/\">Ordersp\u00e5rning<\/a><\/li><li class=\"elementor-sitemap-item elementor-sitemap-item-page page_item page-item-2897\"><a href=\"https:\/\/rosanacl.com\/sv\/lenceria-selene\/\">Selene Lingerie<\/a><\/li><li class=\"elementor-sitemap-item elementor-sitemap-item-page page_item page-item-2891\"><a href=\"https:\/\/rosanacl.com\/sv\/comprar-bragas\/\">K\u00f6p trosor<\/a><\/li><li class=\"elementor-sitemap-item elementor-sitemap-item-page page_item page-item-2885\"><a href=\"https:\/\/rosanacl.com\/sv\/comprar-lenceria-selene\/\">K\u00f6p Selene-underkl\u00e4der<\/a><\/li><li class=\"elementor-sitemap-item elementor-sitemap-item-page page_item page-item-2879\"><a href=\"https:\/\/rosanacl.com\/sv\/mejor-sujetador-sin-tirantes-para-pecho-grande\/\">B\u00e4sta axelbandsl\u00f6sa bh f\u00f6r stora br\u00f6st<\/a><\/li><li class=\"elementor-sitemap-item elementor-sitemap-item-page page_item page-item-2668\"><a href=\"https:\/\/rosanacl.com\/sv\/metodos-de-pago\/\">Betalningsmetoder<\/a><\/li><li class=\"elementor-sitemap-item elementor-sitemap-item-page page_item page-item-2566\"><a href=\"https:\/\/rosanacl.com\/sv\/politica-de-envio\/\">Leveranspolicy<\/a><\/li><li class=\"elementor-sitemap-item elementor-sitemap-item-page page_item page-item-2006\"><a href=\"https:\/\/rosanacl.com\/sv\/politica-de-devolucion\/\">Returpolicy<\/a><\/li><li class=\"elementor-sitemap-item elementor-sitemap-item-page page_item page-item-82\"><a href=\"https:\/\/rosanacl.com\/sv\/mi-cuenta\/\">Mitt konto<\/a><\/li><li class=\"elementor-sitemap-item elementor-sitemap-item-page page_item page-item-80\"><a href=\"https:\/\/rosanacl.com\/sv\/finalizar-compra\/\">Slutf\u00f6r k\u00f6pet<\/a><\/li><li class=\"elementor-sitemap-item elementor-sitemap-item-page page_item page-item-78\"><a href=\"https:\/\/rosanacl.com\/sv\/carrito\/\">Vagn<\/a><\/li><li class=\"elementor-sitemap-item elementor-sitemap-item-page page_item page-item-76\"><a href=\"https:\/\/rosanacl.com\/sv\/tienda\/\">Lagra<\/a><\/li><li class=\"elementor-sitemap-item elementor-sitemap-item-page page_item page-item-64\"><a href=\"https:\/\/rosanacl.com\/sv\/contacto\/\">Kontakta<\/a><\/li><li class=\"elementor-sitemap-item elementor-sitemap-item-page page_item page-item-63 current_page_parent\"><a href=\"https:\/\/rosanacl.com\/sv\/blog\/\">Blogg<\/a><\/li><li class=\"elementor-sitemap-item elementor-sitemap-item-page page_item page-item-62\"><a href=\"https:\/\/rosanacl.com\/sv\/nosotros\/\">Oss<\/a><\/li><li class=\"elementor-sitemap-item elementor-sitemap-item-page page_item page-item-42\"><a href=\"https:\/\/rosanacl.com\/sv\/\">Start<\/a><\/li><li class=\"elementor-sitemap-item elementor-sitemap-item-page page_item page-item-31\"><a href=\"https:\/\/rosanacl.com\/sv\/politica-de-privacidad\/\">Integritetspolicy<\/a><\/li><li class=\"elementor-sitemap-item elementor-sitemap-item-page page_item page-item-21\"><a href=\"https:\/\/rosanacl.com\/sv\/declaracion-de-accesibilidad\/\">Tillg\u00e4nglighetspolicy<\/a><\/li><li class=\"elementor-sitemap-item elementor-sitemap-item-page page_item page-item-18\"><a href=\"https:\/\/rosanacl.com\/sv\/aviso-legal\/\">Juridisk information<\/a><\/li><li class=\"elementor-sitemap-item elementor-sitemap-item-page page_item page-item-16\"><a href=\"https:\/\/rosanacl.com\/sv\/politica-de-cookies\/\">Cookiepolicy<\/a><\/li><li class=\"elementor-sitemap-item elementor-sitemap-item-page page_item page-item-15\"><a href=\"https:\/\/rosanacl.com\/sv\/mapa-web\/\">Webbkarta<\/a><\/li><\/ul><\/div><div class=\"elementor-sitemap-section\"><h2 class=\"elementor-sitemap-title elementor-sitemap-category-title\">Kategorier<\/h2><ul class=\"elementor-sitemap-list elementor-sitemap-category-list\">\t<li class=\"elementor-sitemap-item elementor-sitemap-item-category cat-item cat-item-110\"><a href=\"https:\/\/rosanacl.com\/sv\/category\/sujetador\/\">beh\u00e5<\/a>\n<\/li>\n\t<li class=\"elementor-sitemap-item elementor-sitemap-item-category cat-item cat-item-131\"><a href=\"https:\/\/rosanacl.com\/sv\/category\/ropa-interior-selene\/\">Selene underkl\u00e4der<\/a>\n<\/li>\n\t<li class=\"elementor-sitemap-item elementor-sitemap-item-category cat-item cat-item-126\"><a href=\"https:\/\/rosanacl.com\/sv\/category\/lenceria-selena\/\">Selena Lingerie<\/a>\n<\/li>\n\t<li class=\"elementor-sitemap-item elementor-sitemap-item-category cat-item cat-item-136\"><a href=\"https:\/\/rosanacl.com\/sv\/category\/comprar-sujetadores\/\">k\u00f6pa beh\u00e5ar<\/a>\n<\/li>\n\t<li class=\"elementor-sitemap-item elementor-sitemap-item-category cat-item cat-item-108\"><a href=\"https:\/\/rosanacl.com\/sv\/category\/bragas\/\">Trosor<\/a>\n<\/li>\n\t<li class=\"elementor-sitemap-item elementor-sitemap-item-category cat-item cat-item-1\"><a href=\"https:\/\/rosanacl.com\/sv\/category\/blog\/\">Blogg<\/a>\n<\/li>\n<\/ul><\/div><\/div>\t\t\t\t<\/div>\n\t\t\t\t<\/div>\n\t\t\t\t\t<\/div>\n\t\t\t\t<\/div>\n\t\t\t\t<\/div>","protected":false},"excerpt":{"rendered":"","protected":false},"author":1,"featured_media":0,"parent":0,"menu_order":0,"comment_status":"closed","ping_status":"closed","template":"","meta":{"content-type":"","footnotes":""},"class_list":["post-15","page","type-page","status-publish","hentry"],"yoast_head":"<!-- This site is optimized with the Yoast SEO plugin v27.4 - https:\/\/yoast.com\/product\/yoast-seo-wordpress\/ -->\n<title>Mapa Web - Rosana CL<\/title>\n<meta name=\"robots\" content=\"index, follow, max-snippet:-1, max-image-preview:large, max-video-preview:-1\" \/>\n<link rel=\"canonical\" href=\"https:\/\/rosanacl.com\/sv\/mapa-web\/\" \/>\n<meta property=\"og:locale\" content=\"sv_SE\" \/>\n<meta property=\"og:type\" content=\"article\" \/>\n<meta property=\"og:title\" content=\"Mapa Web - Rosana CL\" \/>\n<meta property=\"og:url\" content=\"https:\/\/rosanacl.com\/sv\/mapa-web\/\" \/>\n<meta property=\"og:site_name\" content=\"Rosana CL\" \/>\n<meta property=\"article:modified_time\" content=\"2025-05-02T00:16:09+00:00\" \/>\n<meta name=\"twitter:card\" content=\"summary_large_image\" \/>\n<script type=\"application\/ld+json\" class=\"yoast-schema-graph\">{\"@context\":\"https:\\\/\\\/schema.org\",\"@graph\":[{\"@type\":\"WebPage\",\"@id\":\"https:\\\/\\\/rosanacl.com\\\/mapa-web\\\/\",\"url\":\"https:\\\/\\\/rosanacl.com\\\/mapa-web\\\/\",\"name\":\"Mapa Web - Rosana CL\",\"isPartOf\":{\"@id\":\"https:\\\/\\\/rosanacl.com\\\/ca\\\/#website\"},\"datePublished\":\"2025-03-28T18:58:30+00:00\",\"dateModified\":\"2025-05-02T00:16:09+00:00\",\"breadcrumb\":{\"@id\":\"https:\\\/\\\/rosanacl.com\\\/mapa-web\\\/#breadcrumb\"},\"inLanguage\":\"sv-SE\",\"potentialAction\":[{\"@type\":\"ReadAction\",\"target\":[\"https:\\\/\\\/rosanacl.com\\\/mapa-web\\\/\"]}]},{\"@type\":\"BreadcrumbList\",\"@id\":\"https:\\\/\\\/rosanacl.com\\\/mapa-web\\\/#breadcrumb\",\"itemListElement\":[{\"@type\":\"ListItem\",\"position\":1,\"name\":\"Portada\",\"item\":\"https:\\\/\\\/rosanacl.com\\\/ca\\\/\"},{\"@type\":\"ListItem\",\"position\":2,\"name\":\"Mapa Web\"}]},{\"@type\":\"WebSite\",\"@id\":\"https:\\\/\\\/rosanacl.com\\\/ca\\\/#website\",\"url\":\"https:\\\/\\\/rosanacl.com\\\/ca\\\/\",\"name\":\"Rosana CL\",\"description\":\"Somos tu interior\",\"potentialAction\":[{\"@type\":\"SearchAction\",\"target\":{\"@type\":\"EntryPoint\",\"urlTemplate\":\"https:\\\/\\\/rosanacl.com\\\/ca\\\/?s={search_term_string}\"},\"query-input\":{\"@type\":\"PropertyValueSpecification\",\"valueRequired\":true,\"valueName\":\"search_term_string\"}}],\"inLanguage\":\"sv-SE\"}]}<\/script>\n<!-- \/ Yoast SEO plugin. -->","yoast_head_json":{"title":"Mapa Web - Rosana CL","robots":{"index":"index","follow":"follow","max-snippet":"max-snippet:-1","max-image-preview":"max-image-preview:large","max-video-preview":"max-video-preview:-1"},"canonical":"https:\/\/rosanacl.com\/sv\/mapa-web\/","og_locale":"sv_SE","og_type":"article","og_title":"Mapa Web - Rosana CL","og_url":"https:\/\/rosanacl.com\/sv\/mapa-web\/","og_site_name":"Rosana CL","article_modified_time":"2025-05-02T00:16:09+00:00","twitter_card":"summary_large_image","schema":{"@context":"https:\/\/schema.org","@graph":[{"@type":"WebPage","@id":"https:\/\/rosanacl.com\/mapa-web\/","url":"https:\/\/rosanacl.com\/mapa-web\/","name":"Mapa Web - Rosana CL","isPartOf":{"@id":"https:\/\/rosanacl.com\/ca\/#website"},"datePublished":"2025-03-28T18:58:30+00:00","dateModified":"2025-05-02T00:16:09+00:00","breadcrumb":{"@id":"https:\/\/rosanacl.com\/mapa-web\/#breadcrumb"},"inLanguage":"sv-SE","potentialAction":[{"@type":"ReadAction","target":["https:\/\/rosanacl.com\/mapa-web\/"]}]},{"@type":"BreadcrumbList","@id":"https:\/\/rosanacl.com\/mapa-web\/#breadcrumb","itemListElement":[{"@type":"ListItem","position":1,"name":"Portada","item":"https:\/\/rosanacl.com\/ca\/"},{"@type":"ListItem","position":2,"name":"Mapa Web"}]},{"@type":"WebSite","@id":"https:\/\/rosanacl.com\/ca\/#website","url":"https:\/\/rosanacl.com\/ca\/","name":"Rosana CL","description":"Vi \u00e4r ditt inre jag","potentialAction":[{"@type":"SearchAction","target":{"@type":"EntryPoint","urlTemplate":"https:\/\/rosanacl.com\/ca\/?s={search_term_string}"},"query-input":{"@type":"PropertyValueSpecification","valueRequired":true,"valueName":"search_term_string"}}],"inLanguage":"sv-SE"}]}},"_links":{"self":[{"href":"https:\/\/rosanacl.com\/sv\/wp-json\/wp\/v2\/pages\/15","targetHints":{"allow":["GET"]}}],"collection":[{"href":"https:\/\/rosanacl.com\/sv\/wp-json\/wp\/v2\/pages"}],"about":[{"href":"https:\/\/rosanacl.com\/sv\/wp-json\/wp\/v2\/types\/page"}],"author":[{"embeddable":true,"href":"https:\/\/rosanacl.com\/sv\/wp-json\/wp\/v2\/users\/1"}],"replies":[{"embeddable":true,"href":"https:\/\/rosanacl.com\/sv\/wp-json\/wp\/v2\/comments?post=15"}],"version-history":[{"count":0,"href":"https:\/\/rosanacl.com\/sv\/wp-json\/wp\/v2\/pages\/15\/revisions"}],"wp:attachment":[{"href":"https:\/\/rosanacl.com\/sv\/wp-json\/wp\/v2\/media?parent=15"}],"curies":[{"name":"wp","href":"https:\/\/api.w.org\/{rel}","templated":true}]}}