{"id":16,"date":"2025-03-28T15:59:16","date_gmt":"2025-03-28T18:59:16","guid":{"rendered":"https:\/\/innovacon.simplificandotuweb.com\/?page_id=16"},"modified":"2025-07-09T08:54:15","modified_gmt":"2025-07-09T06:54:15","slug":"politica-de-cookies","status":"publish","type":"page","link":"https:\/\/rosanacl.com\/sv\/politica-de-cookies\/","title":{"rendered":"Cookiepolicy"},"content":{"rendered":"<div data-elementor-type=\"wp-page\" data-elementor-id=\"16\" class=\"elementor elementor-16\" data-elementor-post-type=\"page\">\n\t\t\t\t<div class=\"elementor-element elementor-element-3406fa7 e-flex e-con-boxed e-con e-parent\" data-id=\"3406fa7\" data-element_type=\"container\" data-e-type=\"container\" data-settings=\"{&quot;background_background&quot;:&quot;classic&quot;}\">\n\t\t\t\t\t<div class=\"e-con-inner\">\n\t\t<div class=\"elementor-element elementor-element-d212998 e-con-full e-flex e-con e-child\" data-id=\"d212998\" data-element_type=\"container\" data-e-type=\"container\">\n\t\t\t\t<div class=\"elementor-element elementor-element-973e9ce elementor-widget elementor-widget-heading\" data-id=\"973e9ce\" data-element_type=\"widget\" data-e-type=\"widget\" data-widget_type=\"heading.default\">\n\t\t\t\t<div class=\"elementor-widget-container\">\n\t\t\t\t\t<h2 class=\"elementor-heading-title elementor-size-default\">Cookiepolicy<\/h2>\t\t\t\t<\/div>\n\t\t\t\t<\/div>\n\t\t\t\t<\/div>\n\t\t\t\t\t<\/div>\n\t\t\t\t<\/div>\n\t\t<div class=\"elementor-element elementor-element-504b4f4d e-flex e-con-boxed e-con e-parent\" data-id=\"504b4f4d\" data-element_type=\"container\" data-e-type=\"container\">\n\t\t\t\t\t<div class=\"e-con-inner\">\n\t\t\t\t<div class=\"elementor-element elementor-element-36706845 elementor-widget elementor-widget-text-editor\" data-id=\"36706845\" data-element_type=\"widget\" data-e-type=\"widget\" data-widget_type=\"text-editor.default\">\n\t\t\t\t<div class=\"elementor-widget-container\">\n\t\t\t\t\t\t\t\t\t\n<p>Denna cookiepolicy uppdaterades senast den 8 januari 2024 och g\u00e4ller medborgare och lagliga permanenta inv\u00e5nare i Europeiska ekonomiska samarbetsomr\u00e5det och Schweiz.<\/p>\n\n<p><strong>1. Introduktion<\/strong><\/p>\n\n<p>V\u00e5r webbplats, <a href=\"https:\/\/rosanacl.com\/sv\/\">https:\/\/rosanacl.com\/<\/a> (nedan kallat &quot;webbplatsen&quot;) anv\u00e4nder cookies och andra relaterade tekniker (f\u00f6r enkelhetens skull kallas alla tekniker f\u00f6r &quot;cookies&quot;). Cookies placeras ocks\u00e5 av tredje parter som vi har anlitat. F\u00f6ljande dokument informerar dig om anv\u00e4ndningen av cookies p\u00e5 v\u00e5r webbplats.<\/p>\n\n<p><strong>2. Vad \u00e4r kakor?<\/strong><\/p>\n\n<p>En cookie \u00e4r en liten fil som skickas tillsammans med sidor p\u00e5 denna webbplats och lagras av din webbl\u00e4sare p\u00e5 h\u00e5rddisken p\u00e5 din dator eller annan enhet. Den lagrade informationen kan returneras till v\u00e5ra servrar eller till l\u00e4mpliga tredjepartsservrar vid ett senare bes\u00f6k.<\/p>\n\n<p><strong>3. Vad \u00e4r skript?<\/strong><\/p>\n\n<p>Ett skript \u00e4r en programkod som anv\u00e4nds f\u00f6r att v\u00e5r webbplats ska fungera korrekt och interaktivt. Denna kod k\u00f6rs p\u00e5 v\u00e5r server eller p\u00e5 din enhet.<\/p>\n\n<p><strong>4. Vad \u00e4r en webbfyr?<\/strong><\/p>\n\n<p>En webbeacon (eller pixeltagg) \u00e4r en liten, osynlig text- eller bildbit p\u00e5 en webbplats som anv\u00e4nds f\u00f6r att \u00f6vervaka webbplatstrafik. F\u00f6r att g\u00f6ra detta lagras olika uppgifter om dig med hj\u00e4lp av dessa webbeaconer.<\/p>\n\n<p><strong>5. Kakor<\/strong><\/p>\n\n<p><strong>5.1 Tekniska eller funktionella cookies<\/strong><\/p>\n\n<p>Vissa cookies s\u00e4kerst\u00e4ller att vissa delar av webbplatsen fungerar korrekt och att dina anv\u00e4ndarinst\u00e4llningar f\u00f6rblir k\u00e4nda. Genom att placera funktionella cookies g\u00f6r vi ditt bes\u00f6k p\u00e5 v\u00e5r webbplats enklare. P\u00e5 s\u00e5 s\u00e4tt beh\u00f6ver du inte ange samma information upprepade g\u00e5nger n\u00e4r du bes\u00f6ker v\u00e5r webbplats och varorna finns till exempel kvar i din varukorg tills du har betalat. Vi kan komma att placera dessa cookies utan ditt samtycke.<\/p>\n\n<p><strong>5.2 Marknadsf\u00f6rings-\/sp\u00e5rningscookies<\/strong><\/p>\n\n<p>Marknadsf\u00f6rings-\/sp\u00e5rningscookies \u00e4r cookies eller andra former av lokal lagring som anv\u00e4nds f\u00f6r att skapa anv\u00e4ndarprofiler i syfte att visa reklam eller sp\u00e5ra anv\u00e4ndare p\u00e5 denna webbplats eller p\u00e5 flera webbplatser f\u00f6r liknande marknadsf\u00f6ringssyften.<\/p>\n\n<p><strong>6. Anv\u00e4nda kakor<\/strong><\/p>\n\n<ul class=\"wp-block-list\">\n<li>Elementor \u2013 Statistik (anonym)<\/li>\n<li>Samtycke till serviceelementor<\/li>\n<li>WordPress \u2013 Funktionellt<\/li>\n<li>Samtycke till WordPress-tj\u00e4nster<\/li>\n<li>Diverse \u2013 Syfte i avvaktan p\u00e5 utredning<\/li>\n<li>Samtycke till att betj\u00e4na olika<\/li>\n<\/ul>\n\n<p><strong>7. Samtycke<\/strong><\/p>\n\n<p>N\u00e4r du bes\u00f6ker v\u00e5r webbplats f\u00f6r f\u00f6rsta g\u00e5ngen visar vi ett popup-f\u00f6nster med en f\u00f6rklaring om cookies. S\u00e5 snart du klickar p\u00e5 &quot;Spara inst\u00e4llningar&quot; godk\u00e4nner du att vi anv\u00e4nder de kategorier av cookies och plugins som du valde i popup-f\u00f6nstret, enligt beskrivningen i denna cookiepolicy. Du kan inaktivera anv\u00e4ndningen av cookies via din webbl\u00e4sare, men observera att v\u00e5r webbplats kanske inte l\u00e4ngre fungerar korrekt.<\/p>\n\n<p><strong>7.1 Hantera dina samtyckesinst\u00e4llningar<\/strong><\/p>\n\n<ul class=\"wp-block-list\">\n<li>Funktionell \u2013 Alltid aktiv<\/li>\n<li>Marknadsf\u00f6ring \u2013 Marknadsf\u00f6ring<\/li>\n<\/ul>\n\n<p><strong>8. Aktivering\/avaktivering och radering av cookies<\/strong><\/p>\n\n<p>Du kan anv\u00e4nda din webbl\u00e4sare f\u00f6r att automatiskt eller manuellt radera cookies. Du kan ocks\u00e5 ange att vissa cookies inte f\u00e5r placeras. Ett annat alternativ \u00e4r att \u00e4ndra dina webbl\u00e4sarinst\u00e4llningar s\u00e5 att du f\u00e5r ett meddelande varje g\u00e5ng en cookie placeras. F\u00f6r mer information om dessa alternativ, se instruktionerna i avsnittet &quot;Hj\u00e4lp&quot; i din webbl\u00e4sare.<\/p>\n\n<p>Observera att v\u00e5r webbplats eventuellt inte fungerar korrekt om alla cookies \u00e4r inaktiverade. Om du tar bort cookies fr\u00e5n din webbl\u00e4sare kommer de att placeras igen efter ditt samtycke n\u00e4r du bes\u00f6ker v\u00e5ra webbplatser igen.<\/p>\n\n<p><strong>9. Dina r\u00e4ttigheter g\u00e4llande personuppgifter<\/strong><\/p>\n\n<ul class=\"wp-block-list\">\n<li>Du har r\u00e4tt att veta varf\u00f6r dina personuppgifter beh\u00f6vs, vad som kommer att h\u00e4nda med dem och hur l\u00e4nge de kommer att sparas.<\/li>\n<li>R\u00e4tt till tillg\u00e5ng: Du har r\u00e4tt att f\u00e5 tillg\u00e5ng till de personuppgifter som vi k\u00e4nner till om dig.<\/li>\n<li>R\u00e4tt till r\u00e4ttelse: Du har r\u00e4tt att komplettera, r\u00e4tta, radera eller blockera dina personuppgifter n\u00e4r du vill.<\/li>\n<li>Om du ger oss ditt samtycke till att behandla dina uppgifter har du r\u00e4tt att \u00e5terkalla det samtycket och f\u00e5 dina personuppgifter raderade.<\/li>\n<li>R\u00e4tt att \u00f6verf\u00f6ra dina uppgifter: Du har r\u00e4tt att beg\u00e4ra ut alla dina personuppgifter fr\u00e5n den personuppgiftsansvarige och att \u00f6verf\u00f6ra dem i sin helhet till en annan personuppgiftsansvarig.<\/li>\n<li>R\u00e4tt att inv\u00e4nda: Du kan inv\u00e4nda mot behandlingen av dina uppgifter. Vi kommer att f\u00f6lja detta om det inte finns ber\u00e4ttigade sk\u00e4l f\u00f6r behandlingen.<\/li>\n<\/ul>\n\n<p>F\u00f6r att ut\u00f6va dessa r\u00e4ttigheter, v\u00e4nligen kontakta oss. Se kontaktuppgifterna l\u00e4ngst ner i denna cookiepolicy. Om du har n\u00e5gra klagom\u00e5l om hur vi hanterar dina uppgifter vill vi g\u00e4rna h\u00f6ra fr\u00e5n dig, men du har ocks\u00e5 r\u00e4tt att l\u00e4mna in ett klagom\u00e5l till tillsynsmyndigheten (Dataskyddsmyndigheten).<\/p>\n\n<p><strong>10. Kontaktinformation<\/strong><\/p>\n\n<p>F\u00f6r fr\u00e5gor och\/eller kommentarer om v\u00e5r cookiepolicy och denna policy, v\u00e4nligen kontakta oss med hj\u00e4lp av f\u00f6ljande kontaktuppgifter:<\/p>\n\n<ul class=\"wp-block-list\">\n<li>F\u00f6retag: Pablo Angulo Maspons<\/li>\n<li>Befolkning: Vinaroz, Spanien<\/li>\n<li>Telefon: 613395013<\/li>\n<li>Post:<a href=\"mailto:info@rosanacl.com\"> info@rosanacl.com<\/a>\u00a0<\/li>\n<\/ul>\n\n<p>Denna cookiepolicy har synkroniserats med <a href=\"https:\/\/cookiedatabase.org\">cookiedatabase.org<\/a> den 01\/08\/2024.<\/p>\n\n<p>\u00a0<\/p>\t\t\t\t\t\t\t\t<\/div>\n\t\t\t\t<\/div>\n\t\t\t\t\t<\/div>\n\t\t\t\t<\/div>\n\t\t\t\t<\/div>","protected":false},"excerpt":{"rendered":"<p>Esta pol\u00edtica de cookies fue actualizada por \u00faltima vez el 08\/01\/2024 y se aplica a los ciudadanos y residentes legales permanentes del Espacio Econ\u00f3mico Europeo y Suiza. 1. Introducci\u00f3n Nuestra web, https:\/\/rosanacl.com\/ (en adelante: \u00abla web\u00bb) utiliza cookies y otras tecnolog\u00edas relacionadas (para mayor comodidad, todas las tecnolog\u00edas se denominan \u00abcookies\u00bb). Las cookies tambi\u00e9n son [&hellip;]<\/p>\n","protected":false},"author":1,"featured_media":0,"parent":0,"menu_order":0,"comment_status":"closed","ping_status":"closed","template":"","meta":{"content-type":"","footnotes":""},"class_list":["post-16","page","type-page","status-publish","hentry"],"yoast_head":"<!-- This site is optimized with the Yoast SEO plugin v27.4 - https:\/\/yoast.com\/product\/yoast-seo-wordpress\/ -->\n<title>Pol\u00edtica de Cookies - Rosana CL<\/title>\n<meta name=\"robots\" content=\"index, follow, max-snippet:-1, max-image-preview:large, max-video-preview:-1\" \/>\n<link rel=\"canonical\" href=\"https:\/\/rosanacl.com\/sv\/politica-de-cookies\/\" \/>\n<meta property=\"og:locale\" content=\"sv_SE\" \/>\n<meta property=\"og:type\" content=\"article\" \/>\n<meta property=\"og:title\" content=\"Pol\u00edtica de Cookies - Rosana CL\" \/>\n<meta property=\"og:description\" content=\"Esta pol\u00edtica de cookies fue actualizada por \u00faltima vez el 08\/01\/2024 y se aplica a los ciudadanos y residentes legales permanentes del Espacio Econ\u00f3mico Europeo y Suiza. 1. Introducci\u00f3n Nuestra web, https:\/\/rosanacl.com\/ (en adelante: \u00abla web\u00bb) utiliza cookies y otras tecnolog\u00edas relacionadas (para mayor comodidad, todas las tecnolog\u00edas se denominan \u00abcookies\u00bb). Las cookies tambi\u00e9n son [&hellip;]\" \/>\n<meta property=\"og:url\" content=\"https:\/\/rosanacl.com\/sv\/politica-de-cookies\/\" \/>\n<meta property=\"og:site_name\" content=\"Rosana CL\" \/>\n<meta property=\"article:modified_time\" content=\"2025-07-09T06:54:15+00:00\" \/>\n<meta name=\"twitter:card\" content=\"summary_large_image\" \/>\n<meta name=\"twitter:label1\" content=\"Ber\u00e4knad l\u00e4stid\" \/>\n\t<meta name=\"twitter:data1\" content=\"4 minuter\" \/>\n<script type=\"application\/ld+json\" class=\"yoast-schema-graph\">{\"@context\":\"https:\\\/\\\/schema.org\",\"@graph\":[{\"@type\":\"WebPage\",\"@id\":\"https:\\\/\\\/rosanacl.com\\\/eu\\\/politica-de-cookies\\\/\",\"url\":\"https:\\\/\\\/rosanacl.com\\\/eu\\\/politica-de-cookies\\\/\",\"name\":\"Pol\u00edtica de Cookies - Rosana CL\",\"isPartOf\":{\"@id\":\"https:\\\/\\\/rosanacl.com\\\/ca\\\/#website\"},\"datePublished\":\"2025-03-28T18:59:16+00:00\",\"dateModified\":\"2025-07-09T06:54:15+00:00\",\"breadcrumb\":{\"@id\":\"https:\\\/\\\/rosanacl.com\\\/eu\\\/politica-de-cookies\\\/#breadcrumb\"},\"inLanguage\":\"sv-SE\",\"potentialAction\":[{\"@type\":\"ReadAction\",\"target\":[\"https:\\\/\\\/rosanacl.com\\\/eu\\\/politica-de-cookies\\\/\"]}]},{\"@type\":\"BreadcrumbList\",\"@id\":\"https:\\\/\\\/rosanacl.com\\\/eu\\\/politica-de-cookies\\\/#breadcrumb\",\"itemListElement\":[{\"@type\":\"ListItem\",\"position\":1,\"name\":\"Portada\",\"item\":\"https:\\\/\\\/rosanacl.com\\\/ca\\\/\"},{\"@type\":\"ListItem\",\"position\":2,\"name\":\"Pol\u00edtica de Cookies\"}]},{\"@type\":\"WebSite\",\"@id\":\"https:\\\/\\\/rosanacl.com\\\/ca\\\/#website\",\"url\":\"https:\\\/\\\/rosanacl.com\\\/ca\\\/\",\"name\":\"Rosana CL\",\"description\":\"Somos tu interior\",\"potentialAction\":[{\"@type\":\"SearchAction\",\"target\":{\"@type\":\"EntryPoint\",\"urlTemplate\":\"https:\\\/\\\/rosanacl.com\\\/ca\\\/?s={search_term_string}\"},\"query-input\":{\"@type\":\"PropertyValueSpecification\",\"valueRequired\":true,\"valueName\":\"search_term_string\"}}],\"inLanguage\":\"sv-SE\"}]}<\/script>\n<!-- \/ Yoast SEO plugin. -->","yoast_head_json":{"title":"Pol\u00edtica de Cookies - Rosana CL","robots":{"index":"index","follow":"follow","max-snippet":"max-snippet:-1","max-image-preview":"max-image-preview:large","max-video-preview":"max-video-preview:-1"},"canonical":"https:\/\/rosanacl.com\/sv\/politica-de-cookies\/","og_locale":"sv_SE","og_type":"article","og_title":"Pol\u00edtica de Cookies - Rosana CL","og_description":"Esta pol\u00edtica de cookies fue actualizada por \u00faltima vez el 08\/01\/2024 y se aplica a los ciudadanos y residentes legales permanentes del Espacio Econ\u00f3mico Europeo y Suiza. 1. Introducci\u00f3n Nuestra web, https:\/\/rosanacl.com\/ (en adelante: \u00abla web\u00bb) utiliza cookies y otras tecnolog\u00edas relacionadas (para mayor comodidad, todas las tecnolog\u00edas se denominan \u00abcookies\u00bb). Las cookies tambi\u00e9n son [&hellip;]","og_url":"https:\/\/rosanacl.com\/sv\/politica-de-cookies\/","og_site_name":"Rosana CL","article_modified_time":"2025-07-09T06:54:15+00:00","twitter_card":"summary_large_image","twitter_misc":{"Ber\u00e4knad l\u00e4stid":"4 minuter"},"schema":{"@context":"https:\/\/schema.org","@graph":[{"@type":"WebPage","@id":"https:\/\/rosanacl.com\/eu\/politica-de-cookies\/","url":"https:\/\/rosanacl.com\/eu\/politica-de-cookies\/","name":"Pol\u00edtica de Cookies - Rosana CL","isPartOf":{"@id":"https:\/\/rosanacl.com\/ca\/#website"},"datePublished":"2025-03-28T18:59:16+00:00","dateModified":"2025-07-09T06:54:15+00:00","breadcrumb":{"@id":"https:\/\/rosanacl.com\/eu\/politica-de-cookies\/#breadcrumb"},"inLanguage":"sv-SE","potentialAction":[{"@type":"ReadAction","target":["https:\/\/rosanacl.com\/eu\/politica-de-cookies\/"]}]},{"@type":"BreadcrumbList","@id":"https:\/\/rosanacl.com\/eu\/politica-de-cookies\/#breadcrumb","itemListElement":[{"@type":"ListItem","position":1,"name":"Portada","item":"https:\/\/rosanacl.com\/ca\/"},{"@type":"ListItem","position":2,"name":"Pol\u00edtica de Cookies"}]},{"@type":"WebSite","@id":"https:\/\/rosanacl.com\/ca\/#website","url":"https:\/\/rosanacl.com\/ca\/","name":"Rosana CL","description":"Vi \u00e4r ditt inre jag","potentialAction":[{"@type":"SearchAction","target":{"@type":"EntryPoint","urlTemplate":"https:\/\/rosanacl.com\/ca\/?s={search_term_string}"},"query-input":{"@type":"PropertyValueSpecification","valueRequired":true,"valueName":"search_term_string"}}],"inLanguage":"sv-SE"}]}},"_links":{"self":[{"href":"https:\/\/rosanacl.com\/sv\/wp-json\/wp\/v2\/pages\/16","targetHints":{"allow":["GET"]}}],"collection":[{"href":"https:\/\/rosanacl.com\/sv\/wp-json\/wp\/v2\/pages"}],"about":[{"href":"https:\/\/rosanacl.com\/sv\/wp-json\/wp\/v2\/types\/page"}],"author":[{"embeddable":true,"href":"https:\/\/rosanacl.com\/sv\/wp-json\/wp\/v2\/users\/1"}],"replies":[{"embeddable":true,"href":"https:\/\/rosanacl.com\/sv\/wp-json\/wp\/v2\/comments?post=16"}],"version-history":[{"count":0,"href":"https:\/\/rosanacl.com\/sv\/wp-json\/wp\/v2\/pages\/16\/revisions"}],"wp:attachment":[{"href":"https:\/\/rosanacl.com\/sv\/wp-json\/wp\/v2\/media?parent=16"}],"curies":[{"name":"wp","href":"https:\/\/api.w.org\/{rel}","templated":true}]}}