{"id":18,"date":"2025-03-28T16:03:06","date_gmt":"2025-03-28T19:03:06","guid":{"rendered":"https:\/\/innovacon.simplificandotuweb.com\/?page_id=18"},"modified":"2025-08-01T14:33:36","modified_gmt":"2025-08-01T12:33:36","slug":"aviso-legal","status":"publish","type":"page","link":"https:\/\/rosanacl.com\/sv\/aviso-legal\/","title":{"rendered":"Juridisk information"},"content":{"rendered":"<div data-elementor-type=\"wp-page\" data-elementor-id=\"18\" class=\"elementor elementor-18\" data-elementor-post-type=\"page\">\n\t\t\t\t<div class=\"elementor-element elementor-element-1f18319 e-flex e-con-boxed e-con e-parent\" data-id=\"1f18319\" data-element_type=\"container\" data-e-type=\"container\" data-settings=\"{&quot;background_background&quot;:&quot;classic&quot;}\">\n\t\t\t\t\t<div class=\"e-con-inner\">\n\t\t<div class=\"elementor-element elementor-element-c2acaab e-con-full e-flex e-con e-child\" data-id=\"c2acaab\" data-element_type=\"container\" data-e-type=\"container\">\n\t\t\t\t<div class=\"elementor-element elementor-element-6f29856 elementor-widget elementor-widget-heading\" data-id=\"6f29856\" data-element_type=\"widget\" data-e-type=\"widget\" data-widget_type=\"heading.default\">\n\t\t\t\t<div class=\"elementor-widget-container\">\n\t\t\t\t\t<h2 class=\"elementor-heading-title elementor-size-default\">Juridisk information<\/h2>\t\t\t\t<\/div>\n\t\t\t\t<\/div>\n\t\t\t\t<\/div>\n\t\t\t\t\t<\/div>\n\t\t\t\t<\/div>\n\t\t<div class=\"elementor-element elementor-element-7b2ac5e6 e-flex e-con-boxed e-con e-parent\" data-id=\"7b2ac5e6\" data-element_type=\"container\" data-e-type=\"container\">\n\t\t\t\t\t<div class=\"e-con-inner\">\n\t\t\t\t<div class=\"elementor-element elementor-element-2e23d7df elementor-widget elementor-widget-text-editor\" data-id=\"2e23d7df\" data-element_type=\"widget\" data-e-type=\"widget\" data-widget_type=\"text-editor.default\">\n\t\t\t\t<div class=\"elementor-widget-container\">\n\t\t\t\t\t\t\t\t\t\n<p><strong>Personuppgiftsansvarig<\/strong><\/p>\n\n<p>I enlighet med informationsskyldigheten som fastst\u00e4llts genom lag 34\/2002 av den 11 juli om informationssamh\u00e4llets tj\u00e4nster och elektronisk handel, informerar vi er om att denna webbplats \u00e4gs av:<\/p>\n\n<ul class=\"wp-block-list\">\n<li>F\u00f6retag: Pablo Angulo Maspons<\/li>\n<li>NIF: 73394866A<\/li>\n<li>Befolkning: Vinaroz, Spanien<\/li>\n<li>Telefon: 613395013<\/li>\n<li>Post: <a href=\"mailto:info@rosanacl.com\">info@rosanacl.com<\/a><a href=\"mailto:info@rosanacl.com\">\u00a0<\/a><\/li>\n<\/ul>\n\n<p><strong>Objekt<\/strong><\/p>\n\n<p>Den registeransvarige g\u00f6r detta dokument tillg\u00e4ngligt f\u00f6r anv\u00e4ndare i syfte att f\u00f6lja best\u00e4mmelserna i g\u00e4llande dataskyddsf\u00f6rordningar, och inom ramen f\u00f6r det nya regelverk som inr\u00e4ttats genom best\u00e4mmelserna i Europaparlamentets och r\u00e5dets f\u00f6rordning (EU) 2016\/679 av den 27 april 2016 om skydd f\u00f6r fysiska personer med avseende p\u00e5 behandling av personuppgifter och om det fria fl\u00f6det av s\u00e5dana uppgifter (nedan kallad &quot;GDPR&quot;), och nationella best\u00e4mmelser om skydd av personuppgifter, samt informerar alla anv\u00e4ndare av webbplatsen om anv\u00e4ndarvillkoren f\u00f6r denna. Varje person som bes\u00f6ker denna webbplats tar rollen som anv\u00e4ndare och f\u00f6rbinder sig att f\u00f6lja och strikt f\u00f6lja best\u00e4mmelserna h\u00e4ri, s\u00e5v\u00e4l som alla andra till\u00e4mpliga r\u00e4ttsliga best\u00e4mmelser. Den registeransvarige f\u00f6rbeh\u00e5ller sig r\u00e4tten att \u00e4ndra all typ av information som kan finnas p\u00e5 webbplatsen, utan n\u00e5gon skyldighet att underr\u00e4tta eller informera anv\u00e4ndare om dessa skyldigheter, varvid publicering p\u00e5 den registeransvariges webbplats anses tillr\u00e4ckligt.<\/p>\n\n<p><strong>Ansvar<\/strong><\/p>\n\n<p>Den personuppgiftsansvarige fr\u00e5ns\u00e4ger sig allt ansvar som uppst\u00e5r till f\u00f6ljd av informationen som publiceras p\u00e5 webbplatsen, f\u00f6rutsatt att denna information har manipulerats eller matats in av en tredje part annan \u00e4n den personuppgiftsansvarige.<\/p>\n\n<p><strong>IP-adresser<\/strong><\/p>\n\n<p>Webbplatsens servrar kommer automatiskt att uppt\u00e4cka IP-adressen och dom\u00e4nnamnet som anv\u00e4nds av anv\u00e4ndaren. En IP-adress \u00e4r ett nummer som automatiskt tilldelas en dator n\u00e4r den ansluter till internet. All denna information registreras i en vederb\u00f6rligen registrerad serveraktivitetslogg, vilket m\u00f6jligg\u00f6r efterf\u00f6ljande bearbetning av informationen f\u00f6r att f\u00e5 rent statistiska m\u00e4tningar s\u00e5som antalet sidvisningar, antalet bes\u00f6k p\u00e5 webbservrarna, bes\u00f6ksordningen, \u00e5tkomstpunkten etc.<\/p>\n\n<p><strong>L\u00e4nkpolicy<\/strong><\/p>\n\n<p>Fr\u00e5n denna webbplats kan du omdirigeras till inneh\u00e5ll p\u00e5 tredje parts webbplatser. Eftersom den registeransvarige inte alltid kan kontrollera inneh\u00e5llet som publiceras av tredje part p\u00e5 deras webbplatser, tar denne inget ansvar f\u00f6r s\u00e5dant inneh\u00e5ll. I vilket fall som helst f\u00f6rklarar den registeransvarige att den omedelbart kommer att ta bort allt inneh\u00e5ll som kan bryta mot nationell eller internationell lagstiftning, moral eller allm\u00e4n ordning, och kommer omedelbart att ta bort omdirigeringen till denna webbplats och meddela beh\u00f6riga myndigheter om inneh\u00e5llet i fr\u00e5ga. Den registeransvarige ansvarar inte f\u00f6r information och inneh\u00e5ll som lagras, inklusive men inte begr\u00e4nsat till forum, chattar, blogggeneratorer, kommentarer, sociala n\u00e4tverk eller andra medel som g\u00f6r det m\u00f6jligt f\u00f6r tredje part att publicera inneh\u00e5ll oberoende p\u00e5 den registeransvariges webbplats. Men i enlighet med best\u00e4mmelserna i art. I enlighet med artiklarna 11 och 16 i LSSICE (spansk lag om informationssamh\u00e4llets tj\u00e4nster) g\u00f6r sig den registeransvarige tillg\u00e4nglig f\u00f6r alla anv\u00e4ndare, myndigheter och s\u00e4kerhetsstyrkor och samarbetar aktivt i borttagningen eller, i f\u00f6rekommande fall, blockeringen av allt inneh\u00e5ll som kan p\u00e5verka eller bryta mot nationell eller internationell lagstiftning, tredje parts r\u00e4ttigheter eller moral och allm\u00e4n ordning. Om anv\u00e4ndaren anser att det finns n\u00e5got inneh\u00e5ll p\u00e5 webbplatsen som kan klassificeras som s\u00e5dant, v\u00e4nligen meddela webbplatsens administrat\u00f6r omedelbart. Denna webbplats har granskats och testats f\u00f6r att s\u00e4kerst\u00e4lla korrekt drift. I princip kan korrekt drift garanteras 365 dagar om \u00e5ret, 24 timmar om dygnet. Den personuppgiftsansvarige utesluter dock inte m\u00f6jligheten till programmeringsfel, eller m\u00f6jligheten att de kan orsaka force majeure, naturkatastrofer, strejker eller liknande omst\u00e4ndigheter som om\u00f6jligg\u00f6r \u00e5tkomst till webbplatsen.<\/p>\n\n<p><strong>Dataskydd<\/strong><\/p>\n\n<p>Den registeransvarige \u00e4r djupt engagerad i att f\u00f6lja best\u00e4mmelserna i g\u00e4llande best\u00e4mmelser om dataskydd, och inom ramen f\u00f6r det nya regelverk som inr\u00e4ttats genom best\u00e4mmelserna i Europaparlamentets och r\u00e5dets f\u00f6rordning (EU) 2016\/679 av den 27 april 2016 om skydd f\u00f6r fysiska personer med avseende p\u00e5 behandling av personuppgifter och om det fria fl\u00f6det av s\u00e5dana uppgifter (nedan kallad GDPR), och nationella best\u00e4mmelser om skydd av personuppgifter. Likas\u00e5 informerar den registeransvarige om att denne f\u00f6ljer lag 34\/2002 av den 11 juli om informationssamh\u00e4llets tj\u00e4nster och elektronisk handel, och kommer att beg\u00e4ra ditt samtycke till behandling av dina uppgifter f\u00f6r kommersiella \u00e4ndam\u00e5l n\u00e4r som helst.<\/p>\n\n<p><strong>Immateriella och industriella r\u00e4ttigheter<\/strong><\/p>\n\n<p>Webbplatsen, inklusive men inte begr\u00e4nsat till dess programmering, redigering, sammanst\u00e4llning och andra element som \u00e4r n\u00f6dv\u00e4ndiga f\u00f6r dess drift, design, logotyper, text och\/eller grafik, tillh\u00f6r den personuppgiftsansvarige eller har, i f\u00f6rekommande fall, en licens eller uttryckligt tillst\u00e5nd fr\u00e5n upphovsm\u00e4nnen. Allt inneh\u00e5ll p\u00e5 webbplatsen \u00e4r vederb\u00f6rligen skyddat av immateriella och industriella r\u00e4ttigheter. Oavsett avsett syfte kr\u00e4ver hel eller delvis reproduktion, anv\u00e4ndning, utnyttjande, distribution och marknadsf\u00f6ring alltid skriftligt f\u00f6rhandstillst\u00e5nd fr\u00e5n den personuppgiftsansvarige. All anv\u00e4ndning som inte tidigare godk\u00e4nts av den personuppgiftsansvarige kommer att betraktas som ett allvarligt intr\u00e5ng i upphovsmannens immateriella eller industriella r\u00e4ttigheter. Design, logotyper, text och\/eller grafik som inte tillh\u00f6r l\u00e5ngivaren och som kan f\u00f6rekomma p\u00e5 webbplatsen tillh\u00f6r sina respektive \u00e4gare, som \u00e4r ansvariga f\u00f6r eventuella tvister som kan uppst\u00e5 i samband med dem. I vilket fall som helst har den personuppgiftsansvarige deras uttryckliga f\u00f6rhandstillst\u00e5nd. Den personuppgiftsansvarige bemyndigar uttryckligen tredje part att direkt omdirigera till specifikt inneh\u00e5ll p\u00e5 webbplatsen, och i samtliga fall m\u00e5ste de omdirigera till den personuppgiftsansvariges hemsida. Den personuppgiftsansvarige erk\u00e4nner motsvarande immateriella och industriella r\u00e4ttigheter som tillh\u00f6r deras \u00e4gare, och enbart deras omn\u00e4mnande eller f\u00f6rekomst p\u00e5 webbplatsen inneb\u00e4r inte att den personuppgiftsansvarige har r\u00e4ttigheter eller ansvar f\u00f6r dessa r\u00e4ttigheter, och det inneb\u00e4r inte heller st\u00f6d, sponsring eller rekommendation fr\u00e5n dem. F\u00f6r alla bilder d\u00e4r designprogramvaran till\u00e5ter det har motsvarande h\u00e4nvisningar till upphovsr\u00e4tten och motsvarande licens inkluderats. F\u00f6r att g\u00f6ra eventuella observationer ang\u00e5ende eventuella intr\u00e5ng i immateriella eller industriella r\u00e4ttigheter, s\u00e5v\u00e4l som webbplatsens inneh\u00e5ll, kan du g\u00f6ra det via f\u00f6ljande e-postadress: <a href=\"mailto:info@rosanacl.com\">info@rosanacl.com<\/a><\/p>\n\n<p>\u00a0<\/p>\n\t\t\t\t\t\t\t\t<\/div>\n\t\t\t\t<\/div>\n\t\t\t\t\t<\/div>\n\t\t\t\t<\/div>\n\t\t\t\t<\/div>","protected":false},"excerpt":{"rendered":"<p>Responsable del tratamiento de los datos En cumplimiento del deber de informaci\u00f3n que establece la Ley La 34\/2002, de 11 de julio, de Servicios de la Sociedad de la Informaci\u00f3n y del Comercio Electr\u00f3nico, le comunicamos que esta web es titularidad de: Objeto El Responsable pone a disposici\u00f3n de los usuarios este documento con el [&hellip;]<\/p>\n","protected":false},"author":1,"featured_media":0,"parent":0,"menu_order":0,"comment_status":"closed","ping_status":"closed","template":"","meta":{"content-type":"","footnotes":""},"class_list":["post-18","page","type-page","status-publish","hentry"],"yoast_head":"<!-- This site is optimized with the Yoast SEO plugin v27.4 - https:\/\/yoast.com\/product\/yoast-seo-wordpress\/ -->\n<title>Aviso Legal - Rosana CL<\/title>\n<meta name=\"robots\" content=\"index, follow, max-snippet:-1, max-image-preview:large, max-video-preview:-1\" \/>\n<link rel=\"canonical\" href=\"https:\/\/rosanacl.com\/sv\/aviso-legal\/\" \/>\n<meta property=\"og:locale\" content=\"sv_SE\" \/>\n<meta property=\"og:type\" content=\"article\" \/>\n<meta property=\"og:title\" content=\"Aviso Legal - Rosana CL\" \/>\n<meta property=\"og:description\" content=\"Responsable del tratamiento de los datos En cumplimiento del deber de informaci\u00f3n que establece la Ley La 34\/2002, de 11 de julio, de Servicios de la Sociedad de la Informaci\u00f3n y del Comercio Electr\u00f3nico, le comunicamos que esta web es titularidad de: Objeto El Responsable pone a disposici\u00f3n de los usuarios este documento con el [&hellip;]\" \/>\n<meta property=\"og:url\" content=\"https:\/\/rosanacl.com\/sv\/aviso-legal\/\" \/>\n<meta property=\"og:site_name\" content=\"Rosana CL\" \/>\n<meta property=\"article:modified_time\" content=\"2025-08-01T12:33:36+00:00\" \/>\n<meta name=\"twitter:card\" content=\"summary_large_image\" \/>\n<meta name=\"twitter:label1\" content=\"Ber\u00e4knad l\u00e4stid\" \/>\n\t<meta name=\"twitter:data1\" content=\"6 minuter\" \/>\n<script type=\"application\/ld+json\" class=\"yoast-schema-graph\">{\"@context\":\"https:\\\/\\\/schema.org\",\"@graph\":[{\"@type\":\"WebPage\",\"@id\":\"https:\\\/\\\/rosanacl.com\\\/aviso-legal\\\/\",\"url\":\"https:\\\/\\\/rosanacl.com\\\/aviso-legal\\\/\",\"name\":\"Aviso Legal - Rosana CL\",\"isPartOf\":{\"@id\":\"https:\\\/\\\/rosanacl.com\\\/ca\\\/#website\"},\"datePublished\":\"2025-03-28T19:03:06+00:00\",\"dateModified\":\"2025-08-01T12:33:36+00:00\",\"breadcrumb\":{\"@id\":\"https:\\\/\\\/rosanacl.com\\\/aviso-legal\\\/#breadcrumb\"},\"inLanguage\":\"sv-SE\",\"potentialAction\":[{\"@type\":\"ReadAction\",\"target\":[\"https:\\\/\\\/rosanacl.com\\\/aviso-legal\\\/\"]}]},{\"@type\":\"BreadcrumbList\",\"@id\":\"https:\\\/\\\/rosanacl.com\\\/aviso-legal\\\/#breadcrumb\",\"itemListElement\":[{\"@type\":\"ListItem\",\"position\":1,\"name\":\"Portada\",\"item\":\"https:\\\/\\\/rosanacl.com\\\/ca\\\/\"},{\"@type\":\"ListItem\",\"position\":2,\"name\":\"Aviso Legal\"}]},{\"@type\":\"WebSite\",\"@id\":\"https:\\\/\\\/rosanacl.com\\\/ca\\\/#website\",\"url\":\"https:\\\/\\\/rosanacl.com\\\/ca\\\/\",\"name\":\"Rosana CL\",\"description\":\"Somos tu interior\",\"potentialAction\":[{\"@type\":\"SearchAction\",\"target\":{\"@type\":\"EntryPoint\",\"urlTemplate\":\"https:\\\/\\\/rosanacl.com\\\/ca\\\/?s={search_term_string}\"},\"query-input\":{\"@type\":\"PropertyValueSpecification\",\"valueRequired\":true,\"valueName\":\"search_term_string\"}}],\"inLanguage\":\"sv-SE\"}]}<\/script>\n<!-- \/ Yoast SEO plugin. -->","yoast_head_json":{"title":"Aviso Legal - Rosana CL","robots":{"index":"index","follow":"follow","max-snippet":"max-snippet:-1","max-image-preview":"max-image-preview:large","max-video-preview":"max-video-preview:-1"},"canonical":"https:\/\/rosanacl.com\/sv\/aviso-legal\/","og_locale":"sv_SE","og_type":"article","og_title":"Aviso Legal - Rosana CL","og_description":"Responsable del tratamiento de los datos En cumplimiento del deber de informaci\u00f3n que establece la Ley La 34\/2002, de 11 de julio, de Servicios de la Sociedad de la Informaci\u00f3n y del Comercio Electr\u00f3nico, le comunicamos que esta web es titularidad de: Objeto El Responsable pone a disposici\u00f3n de los usuarios este documento con el [&hellip;]","og_url":"https:\/\/rosanacl.com\/sv\/aviso-legal\/","og_site_name":"Rosana CL","article_modified_time":"2025-08-01T12:33:36+00:00","twitter_card":"summary_large_image","twitter_misc":{"Ber\u00e4knad l\u00e4stid":"6 minuter"},"schema":{"@context":"https:\/\/schema.org","@graph":[{"@type":"WebPage","@id":"https:\/\/rosanacl.com\/aviso-legal\/","url":"https:\/\/rosanacl.com\/aviso-legal\/","name":"Aviso Legal - Rosana CL","isPartOf":{"@id":"https:\/\/rosanacl.com\/ca\/#website"},"datePublished":"2025-03-28T19:03:06+00:00","dateModified":"2025-08-01T12:33:36+00:00","breadcrumb":{"@id":"https:\/\/rosanacl.com\/aviso-legal\/#breadcrumb"},"inLanguage":"sv-SE","potentialAction":[{"@type":"ReadAction","target":["https:\/\/rosanacl.com\/aviso-legal\/"]}]},{"@type":"BreadcrumbList","@id":"https:\/\/rosanacl.com\/aviso-legal\/#breadcrumb","itemListElement":[{"@type":"ListItem","position":1,"name":"Portada","item":"https:\/\/rosanacl.com\/ca\/"},{"@type":"ListItem","position":2,"name":"Aviso Legal"}]},{"@type":"WebSite","@id":"https:\/\/rosanacl.com\/ca\/#website","url":"https:\/\/rosanacl.com\/ca\/","name":"Rosana CL","description":"Vi \u00e4r ditt inre jag","potentialAction":[{"@type":"SearchAction","target":{"@type":"EntryPoint","urlTemplate":"https:\/\/rosanacl.com\/ca\/?s={search_term_string}"},"query-input":{"@type":"PropertyValueSpecification","valueRequired":true,"valueName":"search_term_string"}}],"inLanguage":"sv-SE"}]}},"_links":{"self":[{"href":"https:\/\/rosanacl.com\/sv\/wp-json\/wp\/v2\/pages\/18","targetHints":{"allow":["GET"]}}],"collection":[{"href":"https:\/\/rosanacl.com\/sv\/wp-json\/wp\/v2\/pages"}],"about":[{"href":"https:\/\/rosanacl.com\/sv\/wp-json\/wp\/v2\/types\/page"}],"author":[{"embeddable":true,"href":"https:\/\/rosanacl.com\/sv\/wp-json\/wp\/v2\/users\/1"}],"replies":[{"embeddable":true,"href":"https:\/\/rosanacl.com\/sv\/wp-json\/wp\/v2\/comments?post=18"}],"version-history":[{"count":0,"href":"https:\/\/rosanacl.com\/sv\/wp-json\/wp\/v2\/pages\/18\/revisions"}],"wp:attachment":[{"href":"https:\/\/rosanacl.com\/sv\/wp-json\/wp\/v2\/media?parent=18"}],"curies":[{"name":"wp","href":"https:\/\/api.w.org\/{rel}","templated":true}]}}