{"id":2566,"date":"2025-07-01T12:13:48","date_gmt":"2025-07-01T10:13:48","guid":{"rendered":"https:\/\/rosanacl.com\/?page_id=2566"},"modified":"2025-12-14T20:43:04","modified_gmt":"2025-12-14T19:43:04","slug":"politica-de-envio","status":"publish","type":"page","link":"https:\/\/rosanacl.com\/sv\/politica-de-envio\/","title":{"rendered":"Leveranspolicy"},"content":{"rendered":"<div data-elementor-type=\"wp-page\" data-elementor-id=\"2566\" class=\"elementor elementor-2566\" data-elementor-post-type=\"page\">\n\t\t\t\t<div class=\"elementor-element elementor-element-7a0b207 e-flex e-con-boxed e-con e-parent\" data-id=\"7a0b207\" data-element_type=\"container\" data-e-type=\"container\" data-settings=\"{&quot;background_background&quot;:&quot;classic&quot;}\">\n\t\t\t\t\t<div class=\"e-con-inner\">\n\t\t<div class=\"elementor-element elementor-element-2fcf4bc e-con-full e-flex e-con e-child\" data-id=\"2fcf4bc\" data-element_type=\"container\" data-e-type=\"container\">\n\t\t\t\t<div class=\"elementor-element elementor-element-d10b990 elementor-widget elementor-widget-heading\" data-id=\"d10b990\" data-element_type=\"widget\" data-e-type=\"widget\" data-widget_type=\"heading.default\">\n\t\t\t\t<div class=\"elementor-widget-container\">\n\t\t\t\t\t<h2 class=\"elementor-heading-title elementor-size-default\">Leveranspolicy<\/h2>\t\t\t\t<\/div>\n\t\t\t\t<\/div>\n\t\t\t\t<\/div>\n\t\t\t\t\t<\/div>\n\t\t\t\t<\/div>\n\t\t<div class=\"elementor-element elementor-element-eca30f2 e-flex e-con-boxed e-con e-parent\" data-id=\"eca30f2\" data-element_type=\"container\" data-e-type=\"container\">\n\t\t\t\t\t<div class=\"e-con-inner\">\n\t\t\t\t<div class=\"elementor-element elementor-element-8328658 elementor-widget elementor-widget-text-editor\" data-id=\"8328658\" data-element_type=\"widget\" data-e-type=\"widget\" data-widget_type=\"text-editor.default\">\n\t\t\t\t<div class=\"elementor-widget-container\">\n\t\t\t\t\t\t\t\t\t<p>Denna leveranspolicy uppdaterades senast den 01\/07\/2025 och g\u00e4ller alla k\u00f6p gjorda via v\u00e5r webbplats: <a href=\"https:\/\/rosanacl.com\/sv\/\">https:\/\/rosanacl.com\/<\/a><\/p>\n<p><!-- \/wp:paragraph --><!-- wp:paragraph --><\/p>\n<p data-start=\"261\" data-end=\"494\">I <strong data-start=\"264\" data-end=\"277\">Rosana CL<\/strong> Vi str\u00e4var efter att s\u00e4kerst\u00e4lla att din shoppingupplevelse \u00e4r s\u00e4ker, tydlig och tillfredsst\u00e4llande fr\u00e5n det \u00f6gonblick du tar emot din best\u00e4llning. Nedan f\u00f6rklarar vi allt du beh\u00f6ver veta om v\u00e5r frakt:<\/p>\n<p data-start=\"105\" data-end=\"384\"><strong data-start=\"105\" data-end=\"131\">1. V\u00e4rldsomsp\u00e4nnande frakt<\/strong><br data-start=\"131\" data-end=\"134\">Vi skickar internationellt till praktiskt taget alla l\u00e4nder. Oavsett var du befinner dig kan du l\u00e4gga din best\u00e4llning med fullst\u00e4ndig trygghet. Vi samarbetar med p\u00e5litliga logistikleverant\u00f6rer f\u00f6r att s\u00e4kerst\u00e4lla att dina produkter kommer fram i tid.<\/p>\n<p>P\u00e5 Rosana Cl hanterar vi varje best\u00e4llning med omsorg och professionalism. D\u00e4rf\u00f6r samarbetar vi med MBE (Mail Boxes Etc.), ett logistikf\u00f6retag med 2 800 center i 52 l\u00e4nder, vilket g\u00f6r att vi kan erbjuda s\u00e4ker och effektiv frakt b\u00e5de nationellt och internationellt. Best\u00e4llningar levereras av v\u00e4lrenommerade transport\u00f6rer som:<\/p>\n<ul>\n<li>UPS<\/li>\n<li>SEK<\/li>\n<li>TNT<\/li>\n<li>FEDEX<\/li>\n<li>CORREOS EXPRESS<\/li>\n<li>Etc\u2026<\/li>\n<\/ul>\n<p>Alla v\u00e5ra produkter kommer fram s\u00e4kert och snabbt. Detta s\u00e4kerst\u00e4ller en noggrann och effektiv leveransprocess, utformad f\u00f6r att ge v\u00e5ra kunder b\u00e4sta m\u00f6jliga upplevelse.<\/p>\n<p data-start=\"105\" data-end=\"384\"><strong data-start=\"389\" data-end=\"417\">2. Orderhantering<\/strong><\/p>\n<p>Alla best\u00e4llningar behandlas n\u00e4r betalningen \u00e4r bekr\u00e4ftad.<br data-start=\"520\" data-end=\"523\"><strong data-start=\"523\" data-end=\"643\">Om best\u00e4llningen g\u00f6rs p\u00e5 morgonen skickas den p\u00e5 eftermiddagen. Om den g\u00f6rs p\u00e5 eftermiddagen skickas den n\u00e4sta dag.<\/strong><br data-start=\"643\" data-end=\"646\">Under kampanjer, reor eller andra speciella evenemang kan handl\u00e4ggningstiderna vara n\u00e5got l\u00e4ngre, men vi kommer alltid att h\u00e5lla dig informerad.<\/p>\n<p data-start=\"809\" data-end=\"1090\"><strong data-start=\"809\" data-end=\"845\">3. Sp\u00e5rningsnummer<\/strong><br data-start=\"845\" data-end=\"848\">N\u00e4r din best\u00e4llning har skickats skickar vi ett sp\u00e5rningsnummer via e-post eller den kommunikationskanal du anv\u00e4nde vid k\u00f6pet.<br data-start=\"1014\" data-end=\"1017\">Du kan f\u00f6lja statusen f\u00f6r din f\u00f6rs\u00e4ndelse hela tiden tills du mottagit den.<\/p>\n<p data-start=\"809\" data-end=\"1090\"><strong data-start=\"1095\" data-end=\"1127\">4. Ber\u00e4knade leveranstider<\/strong><\/p>\n<p data-start=\"1095\" data-end=\"1291\">Leveranstiderna kan variera beroende p\u00e5 destinationsland, vald leveransmetod och andra externa faktorer (v\u00e4der, tull etc.). Som referens:<\/p>\n<ul data-start=\"1293\" data-end=\"1530\">\n<li data-start=\"1293\" data-end=\"1342\">\n<p data-start=\"1295\" data-end=\"1342\">Inrikes frakt: <strong data-start=\"1314\" data-end=\"1340\">24 till 48 arbetstimmar.<\/strong><\/p>\n<\/li>\n<li data-start=\"1343\" data-end=\"1434\">\n<p data-start=\"1345\" data-end=\"1434\">Internationell frakt inom Europa: <strong data-start=\"1386\" data-end=\"1408\">4 till 6 arbetsdagar<\/strong>, till lands eller i luften.<\/p>\n<\/li>\n<li data-start=\"1435\" data-end=\"1530\">\n<p data-start=\"1437\" data-end=\"1530\">Internationell frakt utanf\u00f6r Europa (resten av v\u00e4rlden): <strong data-start=\"1495\" data-end=\"1518\">8 till 10 arbetsdagar<\/strong>, luftv\u00e4gar.<\/p>\n<\/li>\n<\/ul>\n<p>Leveranstj\u00e4nsten inkluderar tv\u00e5 leveransf\u00f6rs\u00f6k under dagen eller f\u00f6ljande dag. Om leverans inte kan ske p\u00e5 grund av saknad eller felaktig information, eller p\u00e5 grund av mottagarens fr\u00e5nvaro, kommer en tredje leverans att ske till en n\u00e4rliggande upph\u00e4mtningsplats.<\/p>\n<p>Om kunden inte h\u00e4mtar produkten inom 10 dagar kommer paketet att returneras till lagret vi samarbetar med p\u00e5 Rosana CL, som kommer att dra av uppkomna frakt- och returkostnader.&nbsp;<\/p>\n<p data-start=\"1437\" data-end=\"1530\"><strong>5. Fraktkostnader<\/strong><\/p>\n<p data-start=\"1535\" data-end=\"1779\">Fraktkostnaderna ber\u00e4knas i kassan baserat p\u00e5 leveransadress och paketvikt. Vid speciella tillf\u00e4llen erbjuder vi fri frakt till vissa l\u00e4nder eller p\u00e5 best\u00e4llningar \u00f6ver ett visst belopp.<\/p>\n<p data-start=\"1535\" data-end=\"1779\">F\u00f6r best\u00e4llningar \u00f6ver 59 \u20ac \u00e4r frakten gratis, endast inom fastlandet.<\/p>\n<p data-start=\"1535\" data-end=\"1779\">Om best\u00e4llningen m\u00e5ste klareras av tullen, kommer eventuella ytterligare skatter, tullar eller avgifter att vara kundens ansvar.&nbsp;<\/p>\n<p><strong data-start=\"1784\" data-end=\"1815\">6. Tull och lokala skatter<\/strong><br data-start=\"1815\" data-end=\"1818\">F\u00f6r internationella leveranser kan vissa l\u00e4nder till\u00e4mpa skatter eller tullavgifter. Dessa avgifter \u00e4r kundens ansvar och ing\u00e5r inte i produktpriset eller fraktkostnaderna.<\/p>\n<p data-start=\"1784\" data-end=\"2026\"><strong data-start=\"2031\" data-end=\"2059\">7. Problem med leveransen<\/strong><\/p>\n<p>Om ditt paket \u00e4r f\u00f6rsenat eller har n\u00e5gra problem kan du kontakta oss direkt s\u00e5 hj\u00e4lper vi dig att l\u00f6sa det s\u00e5 snabbt som m\u00f6jligt.<\/p>\n<p>Om du har n\u00e5gra fr\u00e5gor eller beh\u00f6ver hj\u00e4lp med din leverans \u00e4r du v\u00e4lkommen att kontakta oss via v\u00e5rt kontaktformul\u00e4r eller via e-post: &nbsp;<a href=\"mailto:info@rosanacl.com\">info@rosanacl.com<\/a><br data-start=\"2620\" data-end=\"2623\">Tack f\u00f6r att du litar p\u00e5 oss <strong data-start=\"2646\" data-end=\"2659\">Rosana CL<\/strong>.<\/p>\n<h4><b>OBS: Vi informerar v\u00e5ra kunder om att det p\u00e5 grund av v\u00e5r leverant\u00f6rs semesterperiod kan f\u00f6rekomma f\u00f6rseningar i leveranser och lagerh\u00e5llning under augusti m\u00e5nad.<\/b><\/h4>\t\t\t\t\t\t\t\t<\/div>\n\t\t\t\t<\/div>\n\t\t\t\t\t<\/div>\n\t\t\t\t<\/div>\n\t\t\t\t<\/div>","protected":false},"excerpt":{"rendered":"<p>Esta pol\u00edtica de env\u00edos fue actualizada por \u00faltima vez el 01\/07\/2025 y se aplica a todas las compras realizadas a trav\u00e9s de nuestra web: https:\/\/rosanacl.com\/ En Rosana CL nos comprometemos a que tu experiencia de compra sea segura, clara y satisfactoria desde el primer momento hasta que recibas tu pedido. A continuaci\u00f3n, te explicamos todo [&hellip;]<\/p>\n","protected":false},"author":1,"featured_media":0,"parent":0,"menu_order":0,"comment_status":"closed","ping_status":"closed","template":"","meta":{"content-type":"","footnotes":""},"class_list":["post-2566","page","type-page","status-publish","hentry"],"yoast_head":"<!-- This site is optimized with the Yoast SEO plugin v27.4 - https:\/\/yoast.com\/product\/yoast-seo-wordpress\/ -->\n<title>Pol\u00edtica de Env\u00edo - Rosana CL<\/title>\n<meta name=\"robots\" content=\"index, follow, max-snippet:-1, max-image-preview:large, max-video-preview:-1\" \/>\n<link rel=\"canonical\" href=\"https:\/\/rosanacl.com\/sv\/politica-de-envio\/\" \/>\n<meta property=\"og:locale\" content=\"sv_SE\" \/>\n<meta property=\"og:type\" content=\"article\" \/>\n<meta property=\"og:title\" content=\"Pol\u00edtica de Env\u00edo - Rosana CL\" \/>\n<meta property=\"og:description\" content=\"Esta pol\u00edtica de env\u00edos fue actualizada por \u00faltima vez el 01\/07\/2025 y se aplica a todas las compras realizadas a trav\u00e9s de nuestra web: https:\/\/rosanacl.com\/ En Rosana CL nos comprometemos a que tu experiencia de compra sea segura, clara y satisfactoria desde el primer momento hasta que recibas tu pedido. A continuaci\u00f3n, te explicamos todo [&hellip;]\" \/>\n<meta property=\"og:url\" content=\"https:\/\/rosanacl.com\/sv\/politica-de-envio\/\" \/>\n<meta property=\"og:site_name\" content=\"Rosana CL\" \/>\n<meta property=\"article:modified_time\" content=\"2025-12-14T19:43:04+00:00\" \/>\n<meta name=\"twitter:card\" content=\"summary_large_image\" \/>\n<meta name=\"twitter:label1\" content=\"Ber\u00e4knad l\u00e4stid\" \/>\n\t<meta name=\"twitter:data1\" content=\"4 minuter\" \/>\n<script type=\"application\/ld+json\" class=\"yoast-schema-graph\">{\"@context\":\"https:\\\/\\\/schema.org\",\"@graph\":[{\"@type\":\"WebPage\",\"@id\":\"https:\\\/\\\/rosanacl.com\\\/uk\\\/politica-de-envio\\\/\",\"url\":\"https:\\\/\\\/rosanacl.com\\\/uk\\\/politica-de-envio\\\/\",\"name\":\"Pol\u00edtica de Env\u00edo - Rosana CL\",\"isPartOf\":{\"@id\":\"https:\\\/\\\/rosanacl.com\\\/ca\\\/#website\"},\"datePublished\":\"2025-07-01T10:13:48+00:00\",\"dateModified\":\"2025-12-14T19:43:04+00:00\",\"breadcrumb\":{\"@id\":\"https:\\\/\\\/rosanacl.com\\\/uk\\\/politica-de-envio\\\/#breadcrumb\"},\"inLanguage\":\"sv-SE\",\"potentialAction\":[{\"@type\":\"ReadAction\",\"target\":[\"https:\\\/\\\/rosanacl.com\\\/uk\\\/politica-de-envio\\\/\"]}]},{\"@type\":\"BreadcrumbList\",\"@id\":\"https:\\\/\\\/rosanacl.com\\\/uk\\\/politica-de-envio\\\/#breadcrumb\",\"itemListElement\":[{\"@type\":\"ListItem\",\"position\":1,\"name\":\"Portada\",\"item\":\"https:\\\/\\\/rosanacl.com\\\/ca\\\/\"},{\"@type\":\"ListItem\",\"position\":2,\"name\":\"Pol\u00edtica de Env\u00edo\"}]},{\"@type\":\"WebSite\",\"@id\":\"https:\\\/\\\/rosanacl.com\\\/ca\\\/#website\",\"url\":\"https:\\\/\\\/rosanacl.com\\\/ca\\\/\",\"name\":\"Rosana CL\",\"description\":\"Somos tu interior\",\"potentialAction\":[{\"@type\":\"SearchAction\",\"target\":{\"@type\":\"EntryPoint\",\"urlTemplate\":\"https:\\\/\\\/rosanacl.com\\\/ca\\\/?s={search_term_string}\"},\"query-input\":{\"@type\":\"PropertyValueSpecification\",\"valueRequired\":true,\"valueName\":\"search_term_string\"}}],\"inLanguage\":\"sv-SE\"}]}<\/script>\n<!-- \/ Yoast SEO plugin. -->","yoast_head_json":{"title":"Pol\u00edtica de Env\u00edo - Rosana CL","robots":{"index":"index","follow":"follow","max-snippet":"max-snippet:-1","max-image-preview":"max-image-preview:large","max-video-preview":"max-video-preview:-1"},"canonical":"https:\/\/rosanacl.com\/sv\/politica-de-envio\/","og_locale":"sv_SE","og_type":"article","og_title":"Pol\u00edtica de Env\u00edo - Rosana CL","og_description":"Esta pol\u00edtica de env\u00edos fue actualizada por \u00faltima vez el 01\/07\/2025 y se aplica a todas las compras realizadas a trav\u00e9s de nuestra web: https:\/\/rosanacl.com\/ En Rosana CL nos comprometemos a que tu experiencia de compra sea segura, clara y satisfactoria desde el primer momento hasta que recibas tu pedido. A continuaci\u00f3n, te explicamos todo [&hellip;]","og_url":"https:\/\/rosanacl.com\/sv\/politica-de-envio\/","og_site_name":"Rosana CL","article_modified_time":"2025-12-14T19:43:04+00:00","twitter_card":"summary_large_image","twitter_misc":{"Ber\u00e4knad l\u00e4stid":"4 minuter"},"schema":{"@context":"https:\/\/schema.org","@graph":[{"@type":"WebPage","@id":"https:\/\/rosanacl.com\/uk\/politica-de-envio\/","url":"https:\/\/rosanacl.com\/uk\/politica-de-envio\/","name":"Pol\u00edtica de Env\u00edo - Rosana CL","isPartOf":{"@id":"https:\/\/rosanacl.com\/ca\/#website"},"datePublished":"2025-07-01T10:13:48+00:00","dateModified":"2025-12-14T19:43:04+00:00","breadcrumb":{"@id":"https:\/\/rosanacl.com\/uk\/politica-de-envio\/#breadcrumb"},"inLanguage":"sv-SE","potentialAction":[{"@type":"ReadAction","target":["https:\/\/rosanacl.com\/uk\/politica-de-envio\/"]}]},{"@type":"BreadcrumbList","@id":"https:\/\/rosanacl.com\/uk\/politica-de-envio\/#breadcrumb","itemListElement":[{"@type":"ListItem","position":1,"name":"Portada","item":"https:\/\/rosanacl.com\/ca\/"},{"@type":"ListItem","position":2,"name":"Pol\u00edtica de Env\u00edo"}]},{"@type":"WebSite","@id":"https:\/\/rosanacl.com\/ca\/#website","url":"https:\/\/rosanacl.com\/ca\/","name":"Rosana CL","description":"Vi \u00e4r ditt inre jag","potentialAction":[{"@type":"SearchAction","target":{"@type":"EntryPoint","urlTemplate":"https:\/\/rosanacl.com\/ca\/?s={search_term_string}"},"query-input":{"@type":"PropertyValueSpecification","valueRequired":true,"valueName":"search_term_string"}}],"inLanguage":"sv-SE"}]}},"_links":{"self":[{"href":"https:\/\/rosanacl.com\/sv\/wp-json\/wp\/v2\/pages\/2566","targetHints":{"allow":["GET"]}}],"collection":[{"href":"https:\/\/rosanacl.com\/sv\/wp-json\/wp\/v2\/pages"}],"about":[{"href":"https:\/\/rosanacl.com\/sv\/wp-json\/wp\/v2\/types\/page"}],"author":[{"embeddable":true,"href":"https:\/\/rosanacl.com\/sv\/wp-json\/wp\/v2\/users\/1"}],"replies":[{"embeddable":true,"href":"https:\/\/rosanacl.com\/sv\/wp-json\/wp\/v2\/comments?post=2566"}],"version-history":[{"count":6,"href":"https:\/\/rosanacl.com\/sv\/wp-json\/wp\/v2\/pages\/2566\/revisions"}],"predecessor-version":[{"id":4647,"href":"https:\/\/rosanacl.com\/sv\/wp-json\/wp\/v2\/pages\/2566\/revisions\/4647"}],"wp:attachment":[{"href":"https:\/\/rosanacl.com\/sv\/wp-json\/wp\/v2\/media?parent=2566"}],"curies":[{"name":"wp","href":"https:\/\/api.w.org\/{rel}","templated":true}]}}