{"id":2868,"date":"2025-09-29T23:30:18","date_gmt":"2025-09-29T21:30:18","guid":{"rendered":"https:\/\/rosanacl.com\/?page_id=2868"},"modified":"2025-09-29T23:34:26","modified_gmt":"2025-09-29T21:34:26","slug":"comprar-bragas-online","status":"publish","type":"page","link":"https:\/\/rosanacl.com\/sv\/comprar-bragas-online\/","title":{"rendered":"K\u00f6p trosor online"},"content":{"rendered":"<div data-elementor-type=\"wp-page\" data-elementor-id=\"2868\" class=\"elementor elementor-2868\" data-elementor-post-type=\"page\">\n\t\t\t\t<div class=\"elementor-element elementor-element-171998c7 e-flex e-con-boxed e-con e-parent\" data-id=\"171998c7\" data-element_type=\"container\" data-e-type=\"container\">\n\t\t\t\t\t<div class=\"e-con-inner\">\n\t\t\t\t<div class=\"elementor-element elementor-element-6575351f elementor-widget elementor-widget-text-editor\" data-id=\"6575351f\" data-element_type=\"widget\" data-e-type=\"widget\" data-widget_type=\"text-editor.default\">\n\t\t\t\t<div class=\"elementor-widget-container\">\n\t\t\t\t\t\t\t\t\t\n<p><\/p>\n\n\n\n<p><\/p>\n\t\t\t\t\t\t\t\t<\/div>\n\t\t\t\t<\/div>\n\t\t\t\t\t<\/div>\n\t\t\t\t<\/div>\n\t\t<div class=\"elementor-element elementor-element-cf7d341 e-flex e-con-boxed e-con e-parent\" data-id=\"cf7d341\" data-element_type=\"container\" data-e-type=\"container\">\n\t\t\t\t\t<div class=\"e-con-inner\">\n\t\t\t\t<div class=\"elementor-element elementor-element-1f1d080 elementor-widget elementor-widget-heading\" data-id=\"1f1d080\" data-element_type=\"widget\" data-e-type=\"widget\" data-widget_type=\"heading.default\">\n\t\t\t\t<div class=\"elementor-widget-container\">\n\t\t\t\t\t<h2 class=\"elementor-heading-title elementor-size-default\">K\u00f6p trosor online<\/h2>\t\t\t\t<\/div>\n\t\t\t\t<\/div>\n\t\t\t\t\t<\/div>\n\t\t\t\t<\/div>\n\t\t<div class=\"elementor-element elementor-element-dc1921d e-flex e-con-boxed e-con e-parent\" data-id=\"dc1921d\" data-element_type=\"container\" data-e-type=\"container\">\n\t\t\t\t\t<div class=\"e-con-inner\">\n\t\t<div class=\"elementor-element elementor-element-d19616f e-con-full e-flex e-con e-child\" data-id=\"d19616f\" data-element_type=\"container\" data-e-type=\"container\">\n\t\t\t\t<div class=\"elementor-element elementor-element-1137ab4 elementor-widget elementor-widget-text-editor\" data-id=\"1137ab4\" data-element_type=\"widget\" data-e-type=\"widget\" data-widget_type=\"text-editor.default\">\n\t\t\t\t<div class=\"elementor-widget-container\">\n\t\t\t\t\t\t\t\t\t<h3 data-start=\"299\" data-end=\"378\"><strong data-start=\"303\" data-end=\"376\">K\u00f6p trosor online: det enklaste s\u00e4ttet att uppdatera dina underkl\u00e4der<\/strong><\/h3>\n<p data-start=\"379\" data-end=\"772\">I den digitala tids\u00e5ldern, <strong data-start=\"398\" data-end=\"423\">k\u00f6p trosor p\u00e5 n\u00e4tet<\/strong> Det har blivit ett praktiskt och s\u00e4kert alternativ f\u00f6r m\u00e5nga kvinnor. Bekv\u00e4mligheten med att kunna v\u00e4lja hemifr\u00e5n, j\u00e4mf\u00f6ra modeller och storlekar och f\u00e5 plagg direkt hem till d\u00f6rren \u00e4r o\u00f6vertr\u00e4ffad. P\u00e5 Rosana CL specialiserar vi oss p\u00e5 att erbjuda en online-shoppingupplevelse som kombinerar enkelhet, variation och kvalitetss\u00e4kring.<\/p>\n<p data-start=\"774\" data-end=\"1237\">V\u00e5r webbutik erbjuder dig tillg\u00e5ng till ett brett utbud av Selene-trosor, k\u00e4nda f\u00f6r sin mjukhet, h\u00e5llbarhet och perfekta passform. <strong data-start=\"917\" data-end=\"942\">K\u00f6p trosor online<\/strong> P\u00e5 Rosana CL inneb\u00e4r detta att v\u00e4lja plagg tillverkade av h\u00f6gkvalitativa tyger, designade f\u00f6r att anpassa sig till den kvinnliga silhuetten och f\u00f6lja varje r\u00f6relse utan obehag. Dessutom g\u00f6r detaljerad information och korrekta fotografier det l\u00e4ttare f\u00f6r varje kund att g\u00f6ra r\u00e4tt val.<\/p>\t\t\t\t\t\t\t\t<\/div>\n\t\t\t\t<\/div>\n\t\t\t\t<\/div>\n\t\t<div class=\"elementor-element elementor-element-5568f8b e-con-full e-flex e-con e-child\" data-id=\"5568f8b\" data-element_type=\"container\" data-e-type=\"container\">\n\t\t\t\t<div class=\"elementor-element elementor-element-980debe elementor-widget elementor-widget-image\" data-id=\"980debe\" data-element_type=\"widget\" data-e-type=\"widget\" data-widget_type=\"image.default\">\n\t\t\t\t<div class=\"elementor-widget-container\">\n\t\t\t\t\t\t\t\t\t\t\t\t\t\t\t<img fetchpriority=\"high\" decoding=\"async\" width=\"563\" height=\"750\" src=\"https:\/\/rosanacl.com\/wp-content\/uploads\/2025\/08\/5-4-768x1024.png\" class=\"attachment-large size-large wp-image-3528\" alt=\"\" srcset=\"https:\/\/rosanacl.com\/wp-content\/uploads\/2025\/08\/5-4-768x1023.png 768w, https:\/\/rosanacl.com\/wp-content\/uploads\/2025\/08\/5-4-225x300.png 225w, https:\/\/rosanacl.com\/wp-content\/uploads\/2025\/08\/5-4-9x12.png 9w, https:\/\/rosanacl.com\/wp-content\/uploads\/2025\/08\/5-4-600x800.png 600w, https:\/\/rosanacl.com\/wp-content\/uploads\/2025\/08\/5-4.png 800w\" sizes=\"(max-width: 563px) 100vw, 563px\" \/>\t\t\t\t\t\t\t\t\t\t\t\t\t\t\t<\/div>\n\t\t\t\t<\/div>\n\t\t\t\t<\/div>\n\t\t\t\t\t<\/div>\n\t\t\t\t<\/div>\n\t\t<div class=\"elementor-element elementor-element-5e380fb e-flex e-con-boxed e-con e-parent\" data-id=\"5e380fb\" data-element_type=\"container\" data-e-type=\"container\">\n\t\t\t\t\t<div class=\"e-con-inner\">\n\t\t<div class=\"elementor-element elementor-element-a763375 e-con-full e-flex e-con e-child\" data-id=\"a763375\" data-element_type=\"container\" data-e-type=\"container\">\n\t\t\t\t<div class=\"elementor-element elementor-element-a8aecc4 elementor-widget elementor-widget-image\" data-id=\"a8aecc4\" data-element_type=\"widget\" data-e-type=\"widget\" data-widget_type=\"image.default\">\n\t\t\t\t<div class=\"elementor-widget-container\">\n\t\t\t\t\t\t\t\t\t\t\t\t\t\t\t<img decoding=\"async\" width=\"800\" height=\"566\" src=\"https:\/\/rosanacl.com\/wp-content\/uploads\/2025\/08\/lenceria-selene-1024x724.jpg\" class=\"attachment-large size-large wp-image-3690\" alt=\"\" srcset=\"https:\/\/rosanacl.com\/wp-content\/uploads\/2025\/08\/lenceria-selene-1024x724.jpg 1024w, https:\/\/rosanacl.com\/wp-content\/uploads\/2025\/08\/lenceria-selene-300x212.jpg 300w, https:\/\/rosanacl.com\/wp-content\/uploads\/2025\/08\/lenceria-selene-768x543.jpg 768w, https:\/\/rosanacl.com\/wp-content\/uploads\/2025\/08\/lenceria-selene-1536x1086.jpg 1536w, https:\/\/rosanacl.com\/wp-content\/uploads\/2025\/08\/lenceria-selene-18x12.jpg 18w, https:\/\/rosanacl.com\/wp-content\/uploads\/2025\/08\/lenceria-selene-600x424.jpg 600w, https:\/\/rosanacl.com\/wp-content\/uploads\/2025\/08\/lenceria-selene.jpg 2000w\" sizes=\"(max-width: 800px) 100vw, 800px\" \/>\t\t\t\t\t\t\t\t\t\t\t\t\t\t\t<\/div>\n\t\t\t\t<\/div>\n\t\t\t\t<\/div>\n\t\t<div class=\"elementor-element elementor-element-b02b1e9 e-con-full e-flex e-con e-child\" data-id=\"b02b1e9\" data-element_type=\"container\" data-e-type=\"container\">\n\t\t\t\t<div class=\"elementor-element elementor-element-f156574 elementor-widget elementor-widget-text-editor\" data-id=\"f156574\" data-element_type=\"widget\" data-e-type=\"widget\" data-widget_type=\"text-editor.default\">\n\t\t\t\t<div class=\"elementor-widget-container\">\n\t\t\t\t\t\t\t\t\t<h3 data-start=\"1239\" data-end=\"1307\"><strong data-start=\"1243\" data-end=\"1305\">K\u00f6p trosor online: variation och modeller f\u00f6r varje stil<\/strong><\/h3>\n<p data-start=\"1308\" data-end=\"1666\">En av de st\u00f6rsta f\u00f6rdelarna med <strong data-start=\"1341\" data-end=\"1366\">k\u00f6p trosor p\u00e5 n\u00e4tet<\/strong> Hos Rosana CL \u00e4r utbudet av modeller sl\u00e5ende. Fr\u00e5n klassiska, bekv\u00e4ma trosor f\u00f6r vardagsbruk till mer sofistikerade alternativ med spets och fina detaljer f\u00f6r speciella tillf\u00e4llen. Varje modell \u00e4r designad med den moderna kvinnan i \u00e5tanke, som s\u00f6ker stil utan att offra komfort.<\/p>\n<p data-start=\"1668\" data-end=\"2116\">Variationen i storlekar och stilar s\u00e4kerst\u00e4ller att alla kunder kan hitta exakt vad de beh\u00f6ver. Selene-trosor \u00e4r m\u00e5ngsidiga, slitstarka och snygga, vilket g\u00f6r dem till det perfekta valet f\u00f6r dig som vill ha <strong data-start=\"1905\" data-end=\"1930\">k\u00f6p trosor p\u00e5 n\u00e4tet<\/strong> utan att kompromissa med kvalitet eller design. Dessutom garanterar de utvalda materialen h\u00e5llbarhet \u00e4ven efter flera tv\u00e4ttar, vilket g\u00f6r detta k\u00f6p till en smart investering.<\/p>\t\t\t\t\t\t\t\t<\/div>\n\t\t\t\t<\/div>\n\t\t\t\t<\/div>\n\t\t\t\t\t<\/div>\n\t\t\t\t<\/div>\n\t\t<div class=\"elementor-element elementor-element-495e863 e-flex e-con-boxed e-con e-parent\" data-id=\"495e863\" data-element_type=\"container\" data-e-type=\"container\">\n\t\t\t\t\t<div class=\"e-con-inner\">\n\t\t\t\t<div class=\"elementor-element elementor-element-fe47ba3 elementor-widget elementor-widget-text-editor\" data-id=\"fe47ba3\" data-element_type=\"widget\" data-e-type=\"widget\" data-widget_type=\"text-editor.default\">\n\t\t\t\t<div class=\"elementor-widget-container\">\n\t\t\t\t\t\t\t\t\t<h3 data-start=\"2118\" data-end=\"2186\"><strong data-start=\"2122\" data-end=\"2184\">K\u00f6p trosor online: f\u00f6rtroende och s\u00e4kerhet med Rosana CL<\/strong><\/h3>\n<p data-start=\"2187\" data-end=\"2530\">P\u00e5 Rosana CL \u00e4r kunds\u00e4kerhet och kundn\u00f6jdhet v\u00e5r prioritet. Att k\u00f6pa trosor online fr\u00e5n oss inneb\u00e4r att du f\u00e5r tillg\u00e5ng till originalprodukter fr\u00e5n 100%, med kvalitetsgaranti och personlig service. V\u00e5rt team finns alltid tillg\u00e4ngligt f\u00f6r att ge dig r\u00e5d och hj\u00e4lpa dig att v\u00e4lja det plagg som b\u00e4st passar din kropp och livsstil.<\/p>\n<p data-start=\"2532\" data-end=\"2947\">Tack vare v\u00e5r erfarenhet inom underkl\u00e4des- och korsettbranschen vet vi att varje detalj r\u00e4knas. Det \u00e4r d\u00e4rf\u00f6r, <strong data-start=\"2649\" data-end=\"2674\">k\u00f6p trosor p\u00e5 n\u00e4tet<\/strong> Hos Rosana CL k\u00f6per kunderna inte bara en produkt, utan f\u00e5r ocks\u00e5 tryggheten i att deras val \u00e4r bekv\u00e4mt, h\u00e5llbart och snyggt. Varje best\u00e4llning behandlas effektivt och anl\u00e4nder i tid, vilket garanterar en tillfredsst\u00e4llande shoppingupplevelse fr\u00e5n b\u00f6rjan till slut.<\/p>\n<p data-start=\"2949\" data-end=\"3136\">Kort sagt, <strong data-start=\"2964\" data-end=\"2989\">k\u00f6p trosor p\u00e5 n\u00e4tet<\/strong> Hos Rosana CL handlar det om att v\u00e4lja komfort, stil och sj\u00e4lvf\u00f6rtroende. Det handlar om att v\u00e4lja kvalitetstrosor som f\u00f6rst\u00e4rker kvinnlighet och ger dagligt v\u00e4lbefinnande.<\/p>\t\t\t\t\t\t\t\t<\/div>\n\t\t\t\t<\/div>\n\t\t\t\t\t<\/div>\n\t\t\t\t<\/div>\n\t\t<div class=\"elementor-element elementor-element-d05ed3a e-flex e-con-boxed e-con e-parent\" data-id=\"d05ed3a\" data-element_type=\"container\" data-e-type=\"container\">\n\t\t\t\t\t<div class=\"e-con-inner\">\n\t\t\t\t<div class=\"elementor-element elementor-element-b883e86 elementor-widget elementor-widget-heading\" data-id=\"b883e86\" data-element_type=\"widget\" data-e-type=\"widget\" data-widget_type=\"heading.default\">\n\t\t\t\t<div class=\"elementor-widget-container\">\n\t\t\t\t\t<h2 class=\"elementor-heading-title elementor-size-default\">Kontakta oss <\/h2>\t\t\t\t<\/div>\n\t\t\t\t<\/div>\n\t\t\t\t\t<\/div>\n\t\t\t\t<\/div>\n\t\t<div class=\"elementor-element elementor-element-00e20e2 e-flex e-con-boxed e-con e-parent\" data-id=\"00e20e2\" data-element_type=\"container\" data-e-type=\"container\">\n\t\t\t\t\t<div class=\"e-con-inner\">\n\t\t<div class=\"elementor-element elementor-element-8ad8f7b e-con-full e-flex e-con e-child\" data-id=\"8ad8f7b\" data-element_type=\"container\" data-e-type=\"container\">\n\t\t\t\t<div class=\"elementor-element elementor-element-888944a elementor-widget__width-initial elementor-widget elementor-widget-elementskit-contact-form7\" data-id=\"888944a\" data-element_type=\"widget\" data-e-type=\"widget\" data-widget_type=\"elementskit-contact-form7.default\">\n\t\t\t\t<div class=\"elementor-widget-container\">\n\t\t\t\t\t<div class=\"ekit-wid-con\" ><div class=\"ekit-form\">\n<div class=\"wpcf7 no-js\" id=\"wpcf7-f48-o1\" lang=\"es-ES\" dir=\"ltr\" data-wpcf7-id=\"48\">\n<div class=\"screen-reader-response\"><p role=\"status\" aria-live=\"polite\" aria-atomic=\"true\"><\/p> <ul><\/ul><\/div>\n<form action=\"\/de\/wp-json\/wp\/v2\/pages\/2868#wpcf7-f48-o1\" method=\"post\" class=\"wpcf7-form init\" aria-label=\"Kontaktformul\u00e4r\" novalidate=\"novalidate\" data-status=\"init\" data-trp-original-action=\"\/de\/wp-json\/wp\/v2\/pages\/2868#wpcf7-f48-o1\">\n<fieldset class=\"hidden-fields-container\"><input type=\"hidden\" name=\"_wpcf7\" value=\"48\" \/><input type=\"hidden\" name=\"_wpcf7_version\" value=\"6.1.5\" \/><input type=\"hidden\" name=\"_wpcf7_locale\" value=\"es_ES\" \/><input type=\"hidden\" name=\"_wpcf7_unit_tag\" value=\"wpcf7-f48-o1\" \/><input type=\"hidden\" name=\"_wpcf7_container_post\" value=\"0\" \/><input type=\"hidden\" name=\"_wpcf7_posted_data_hash\" value=\"\" \/><input type=\"hidden\" name=\"_wpcf7_recaptcha_response\" value=\"\" \/>\n<\/fieldset>\n<div class=\"form-row\">\n\t<div class=\"form-column\">\n\t\t<p><span class=\"wpcf7-form-control-wrap\" data-name=\"nombre\"><input size=\"40\" maxlength=\"400\" class=\"wpcf7-form-control wpcf7-text wpcf7-validates-as-required\" aria-required=\"true\" aria-invalid=\"false\" placeholder=\"Namn\" value=\"\" type=\"text\" name=\"nombre\" \/><\/span>\n\t\t<\/p>\n\t<\/div>\n\t<div class=\"form-column\">\n\t\t<p><span class=\"wpcf7-form-control-wrap\" data-name=\"telefono\"><input size=\"40\" maxlength=\"400\" class=\"wpcf7-form-control wpcf7-tel wpcf7-validates-as-required wpcf7-text wpcf7-validates-as-tel\" aria-required=\"true\" aria-invalid=\"false\" placeholder=\"Telefon *\" value=\"\" type=\"tel\" name=\"telefono\" \/><\/span>\n\t\t<\/p>\n\t<\/div>\n<\/div>\n<div class=\"form-row\">\n\t<div class=\"form-column\">\n\t\t<p><span class=\"wpcf7-form-control-wrap\" data-name=\"email\"><input size=\"40\" maxlength=\"400\" class=\"wpcf7-form-control wpcf7-email wpcf7-validates-as-required wpcf7-text wpcf7-validates-as-email\" aria-required=\"true\" aria-invalid=\"false\" placeholder=\"E-postadress *\" value=\"\" type=\"email\" name=\"email\" \/><\/span>\n\t\t<\/p>\n\t<\/div>\n\t<div class=\"form-column\">\n\t\t<p><span class=\"wpcf7-form-control-wrap\" data-name=\"asunto\"><input size=\"40\" maxlength=\"400\" class=\"wpcf7-form-control wpcf7-text wpcf7-validates-as-required\" aria-required=\"true\" aria-invalid=\"false\" placeholder=\"Aff\u00e4r *\" value=\"\" type=\"text\" name=\"asunto\" \/><\/span>\n\t\t<\/p>\n\t<\/div>\n<\/div>\n<p><span class=\"wpcf7-form-control-wrap\" data-name=\"mensaje\"><textarea cols=\"40\" rows=\"10\" maxlength=\"2000\" class=\"wpcf7-form-control wpcf7-textarea wpcf7-validates-as-required\" aria-required=\"true\" aria-invalid=\"false\" placeholder=\"Meddelande\" name=\"mensaje\"><\/textarea><\/span>\n<\/p>\n<p class=\"legal-priv\"><span class=\"wpcf7-form-control-wrap\" data-name=\"acceptance-787\"><span class=\"wpcf7-form-control wpcf7-acceptance\"><span class=\"wpcf7-list-item\"><label><input type=\"checkbox\" name=\"acceptance-787\" value=\"1\" aria-invalid=\"false\" \/><span class=\"wpcf7-list-item-label\">Jag har l\u00e4st och godk\u00e4nner <a href=\"https:\/\/rosanacl.com\/sv\/politica-de-privacidad\/\">Integritetspolicy<\/a><\/span><\/label><\/span><\/span><\/span>\n<\/p>\n<p><input class=\"wpcf7-form-control wpcf7-submit has-spinner\" type=\"submit\" value=\"SKICKA MEDDELANDE\" \/>\n<\/p><div class=\"wpcf7-response-output\" aria-hidden=\"true\"><\/div>\n<input type=\"hidden\" name=\"trp-form-language\" value=\"sv\"\/><\/form>\n<\/div>\n<\/div><\/div>\t\t\t\t<\/div>\n\t\t\t\t<\/div>\n\t\t\t\t<\/div>\n\t\t\t\t\t<\/div>\n\t\t\t\t<\/div>\n\t\t\t\t<\/div>","protected":false},"excerpt":{"rendered":"<p>Comprar bragas online Comprar bragas online: la forma m\u00e1s f\u00e1cil de renovar tu ropa interior En la era digital, comprar bragas online se ha convertido en una opci\u00f3n pr\u00e1ctica y segura para muchas mujeres. La comodidad de poder elegir desde casa, comparar modelos y tallas, y recibir las prendas directamente en la puerta de tu [&hellip;]<\/p>\n","protected":false},"author":1,"featured_media":0,"parent":0,"menu_order":0,"comment_status":"closed","ping_status":"closed","template":"","meta":{"content-type":"","footnotes":""},"class_list":["post-2868","page","type-page","status-publish","hentry"],"yoast_head":"<!-- This site is optimized with the Yoast SEO plugin v27.4 - https:\/\/yoast.com\/product\/yoast-seo-wordpress\/ -->\n<title>Comprar bragas online - Rosana CL<\/title>\n<meta name=\"robots\" content=\"index, follow, max-snippet:-1, max-image-preview:large, max-video-preview:-1\" \/>\n<link rel=\"canonical\" href=\"https:\/\/rosanacl.com\/sv\/comprar-bragas-online\/\" \/>\n<meta property=\"og:locale\" content=\"sv_SE\" \/>\n<meta property=\"og:type\" content=\"article\" \/>\n<meta property=\"og:title\" content=\"Comprar bragas online - Rosana CL\" \/>\n<meta property=\"og:description\" content=\"Comprar bragas online Comprar bragas online: la forma m\u00e1s f\u00e1cil de renovar tu ropa interior En la era digital, comprar bragas online se ha convertido en una opci\u00f3n pr\u00e1ctica y segura para muchas mujeres. La comodidad de poder elegir desde casa, comparar modelos y tallas, y recibir las prendas directamente en la puerta de tu [&hellip;]\" \/>\n<meta property=\"og:url\" content=\"https:\/\/rosanacl.com\/sv\/comprar-bragas-online\/\" \/>\n<meta property=\"og:site_name\" content=\"Rosana CL\" \/>\n<meta property=\"article:modified_time\" content=\"2025-09-29T21:34:26+00:00\" \/>\n<meta property=\"og:image\" content=\"https:\/\/rosanacl.com\/wp-content\/uploads\/2025\/08\/5-4.png\" \/>\n\t<meta property=\"og:image:width\" content=\"800\" \/>\n\t<meta property=\"og:image:height\" content=\"1066\" \/>\n\t<meta property=\"og:image:type\" content=\"image\/png\" \/>\n<meta name=\"twitter:card\" content=\"summary_large_image\" \/>\n<meta name=\"twitter:label1\" content=\"Ber\u00e4knad l\u00e4stid\" \/>\n\t<meta name=\"twitter:data1\" content=\"2 minuter\" \/>\n<script type=\"application\/ld+json\" class=\"yoast-schema-graph\">{\"@context\":\"https:\\\/\\\/schema.org\",\"@graph\":[{\"@type\":\"WebPage\",\"@id\":\"https:\\\/\\\/rosanacl.com\\\/eu\\\/comprar-bragas-online\\\/\",\"url\":\"https:\\\/\\\/rosanacl.com\\\/eu\\\/comprar-bragas-online\\\/\",\"name\":\"Comprar bragas online - Rosana CL\",\"isPartOf\":{\"@id\":\"https:\\\/\\\/rosanacl.com\\\/ca\\\/#website\"},\"primaryImageOfPage\":{\"@id\":\"https:\\\/\\\/rosanacl.com\\\/eu\\\/comprar-bragas-online\\\/#primaryimage\"},\"image\":{\"@id\":\"https:\\\/\\\/rosanacl.com\\\/eu\\\/comprar-bragas-online\\\/#primaryimage\"},\"thumbnailUrl\":\"https:\\\/\\\/rosanacl.com\\\/wp-content\\\/uploads\\\/2025\\\/08\\\/5-4-768x1024.png\",\"datePublished\":\"2025-09-29T21:30:18+00:00\",\"dateModified\":\"2025-09-29T21:34:26+00:00\",\"breadcrumb\":{\"@id\":\"https:\\\/\\\/rosanacl.com\\\/eu\\\/comprar-bragas-online\\\/#breadcrumb\"},\"inLanguage\":\"sv-SE\",\"potentialAction\":[{\"@type\":\"ReadAction\",\"target\":[\"https:\\\/\\\/rosanacl.com\\\/eu\\\/comprar-bragas-online\\\/\"]}]},{\"@type\":\"ImageObject\",\"inLanguage\":\"sv-SE\",\"@id\":\"https:\\\/\\\/rosanacl.com\\\/eu\\\/comprar-bragas-online\\\/#primaryimage\",\"url\":\"https:\\\/\\\/rosanacl.com\\\/wp-content\\\/uploads\\\/2025\\\/08\\\/5-4-768x1024.png\",\"contentUrl\":\"https:\\\/\\\/rosanacl.com\\\/wp-content\\\/uploads\\\/2025\\\/08\\\/5-4-768x1024.png\"},{\"@type\":\"BreadcrumbList\",\"@id\":\"https:\\\/\\\/rosanacl.com\\\/eu\\\/comprar-bragas-online\\\/#breadcrumb\",\"itemListElement\":[{\"@type\":\"ListItem\",\"position\":1,\"name\":\"Portada\",\"item\":\"https:\\\/\\\/rosanacl.com\\\/ca\\\/\"},{\"@type\":\"ListItem\",\"position\":2,\"name\":\"Comprar bragas online\"}]},{\"@type\":\"WebSite\",\"@id\":\"https:\\\/\\\/rosanacl.com\\\/ca\\\/#website\",\"url\":\"https:\\\/\\\/rosanacl.com\\\/ca\\\/\",\"name\":\"Rosana CL\",\"description\":\"Somos tu interior\",\"potentialAction\":[{\"@type\":\"SearchAction\",\"target\":{\"@type\":\"EntryPoint\",\"urlTemplate\":\"https:\\\/\\\/rosanacl.com\\\/ca\\\/?s={search_term_string}\"},\"query-input\":{\"@type\":\"PropertyValueSpecification\",\"valueRequired\":true,\"valueName\":\"search_term_string\"}}],\"inLanguage\":\"sv-SE\"}]}<\/script>\n<!-- \/ Yoast SEO plugin. -->","yoast_head_json":{"title":"Comprar bragas online - Rosana CL","robots":{"index":"index","follow":"follow","max-snippet":"max-snippet:-1","max-image-preview":"max-image-preview:large","max-video-preview":"max-video-preview:-1"},"canonical":"https:\/\/rosanacl.com\/sv\/comprar-bragas-online\/","og_locale":"sv_SE","og_type":"article","og_title":"Comprar bragas online - Rosana CL","og_description":"Comprar bragas online Comprar bragas online: la forma m\u00e1s f\u00e1cil de renovar tu ropa interior En la era digital, comprar bragas online se ha convertido en una opci\u00f3n pr\u00e1ctica y segura para muchas mujeres. La comodidad de poder elegir desde casa, comparar modelos y tallas, y recibir las prendas directamente en la puerta de tu [&hellip;]","og_url":"https:\/\/rosanacl.com\/sv\/comprar-bragas-online\/","og_site_name":"Rosana CL","article_modified_time":"2025-09-29T21:34:26+00:00","og_image":[{"width":800,"height":1066,"url":"https:\/\/rosanacl.com\/wp-content\/uploads\/2025\/08\/5-4.png","type":"image\/png"}],"twitter_card":"summary_large_image","twitter_misc":{"Ber\u00e4knad l\u00e4stid":"2 minuter"},"schema":{"@context":"https:\/\/schema.org","@graph":[{"@type":"WebPage","@id":"https:\/\/rosanacl.com\/eu\/comprar-bragas-online\/","url":"https:\/\/rosanacl.com\/eu\/comprar-bragas-online\/","name":"Comprar bragas online - Rosana CL","isPartOf":{"@id":"https:\/\/rosanacl.com\/ca\/#website"},"primaryImageOfPage":{"@id":"https:\/\/rosanacl.com\/eu\/comprar-bragas-online\/#primaryimage"},"image":{"@id":"https:\/\/rosanacl.com\/eu\/comprar-bragas-online\/#primaryimage"},"thumbnailUrl":"https:\/\/rosanacl.com\/wp-content\/uploads\/2025\/08\/5-4-768x1024.png","datePublished":"2025-09-29T21:30:18+00:00","dateModified":"2025-09-29T21:34:26+00:00","breadcrumb":{"@id":"https:\/\/rosanacl.com\/eu\/comprar-bragas-online\/#breadcrumb"},"inLanguage":"sv-SE","potentialAction":[{"@type":"ReadAction","target":["https:\/\/rosanacl.com\/eu\/comprar-bragas-online\/"]}]},{"@type":"ImageObject","inLanguage":"sv-SE","@id":"https:\/\/rosanacl.com\/eu\/comprar-bragas-online\/#primaryimage","url":"https:\/\/rosanacl.com\/wp-content\/uploads\/2025\/08\/5-4-768x1024.png","contentUrl":"https:\/\/rosanacl.com\/wp-content\/uploads\/2025\/08\/5-4-768x1024.png"},{"@type":"BreadcrumbList","@id":"https:\/\/rosanacl.com\/eu\/comprar-bragas-online\/#breadcrumb","itemListElement":[{"@type":"ListItem","position":1,"name":"Portada","item":"https:\/\/rosanacl.com\/ca\/"},{"@type":"ListItem","position":2,"name":"Comprar bragas online"}]},{"@type":"WebSite","@id":"https:\/\/rosanacl.com\/ca\/#website","url":"https:\/\/rosanacl.com\/ca\/","name":"Rosana CL","description":"Vi \u00e4r ditt inre jag","potentialAction":[{"@type":"SearchAction","target":{"@type":"EntryPoint","urlTemplate":"https:\/\/rosanacl.com\/ca\/?s={search_term_string}"},"query-input":{"@type":"PropertyValueSpecification","valueRequired":true,"valueName":"search_term_string"}}],"inLanguage":"sv-SE"}]}},"_links":{"self":[{"href":"https:\/\/rosanacl.com\/sv\/wp-json\/wp\/v2\/pages\/2868","targetHints":{"allow":["GET"]}}],"collection":[{"href":"https:\/\/rosanacl.com\/sv\/wp-json\/wp\/v2\/pages"}],"about":[{"href":"https:\/\/rosanacl.com\/sv\/wp-json\/wp\/v2\/types\/page"}],"author":[{"embeddable":true,"href":"https:\/\/rosanacl.com\/sv\/wp-json\/wp\/v2\/users\/1"}],"replies":[{"embeddable":true,"href":"https:\/\/rosanacl.com\/sv\/wp-json\/wp\/v2\/comments?post=2868"}],"version-history":[{"count":0,"href":"https:\/\/rosanacl.com\/sv\/wp-json\/wp\/v2\/pages\/2868\/revisions"}],"wp:attachment":[{"href":"https:\/\/rosanacl.com\/sv\/wp-json\/wp\/v2\/media?parent=2868"}],"curies":[{"name":"wp","href":"https:\/\/api.w.org\/{rel}","templated":true}]}}