{"id":31,"date":"2025-03-28T16:10:30","date_gmt":"2025-03-28T19:10:30","guid":{"rendered":"https:\/\/innovacon.simplificandotuweb.com\/?page_id=31"},"modified":"2025-07-09T08:56:36","modified_gmt":"2025-07-09T06:56:36","slug":"politica-de-privacidad","status":"publish","type":"page","link":"https:\/\/rosanacl.com\/sv\/politica-de-privacidad\/","title":{"rendered":"Integritetspolicy"},"content":{"rendered":"<div data-elementor-type=\"wp-page\" data-elementor-id=\"31\" class=\"elementor elementor-31\" data-elementor-post-type=\"page\">\n\t\t\t\t<div class=\"elementor-element elementor-element-1ca8157 e-flex e-con-boxed e-con e-parent\" data-id=\"1ca8157\" data-element_type=\"container\" data-e-type=\"container\" data-settings=\"{&quot;background_background&quot;:&quot;classic&quot;}\">\n\t\t\t\t\t<div class=\"e-con-inner\">\n\t\t<div class=\"elementor-element elementor-element-ee95924 e-con-full e-flex e-con e-child\" data-id=\"ee95924\" data-element_type=\"container\" data-e-type=\"container\">\n\t\t\t\t<div class=\"elementor-element elementor-element-fbdd061 elementor-widget elementor-widget-heading\" data-id=\"fbdd061\" data-element_type=\"widget\" data-e-type=\"widget\" data-widget_type=\"heading.default\">\n\t\t\t\t<div class=\"elementor-widget-container\">\n\t\t\t\t\t<h2 class=\"elementor-heading-title elementor-size-default\">Integritetspolicy<\/h2>\t\t\t\t<\/div>\n\t\t\t\t<\/div>\n\t\t\t\t<\/div>\n\t\t\t\t\t<\/div>\n\t\t\t\t<\/div>\n\t\t<div class=\"elementor-element elementor-element-5a8dd38e e-flex e-con-boxed e-con e-parent\" data-id=\"5a8dd38e\" data-element_type=\"container\" data-e-type=\"container\">\n\t\t\t\t\t<div class=\"e-con-inner\">\n\t\t\t\t<div class=\"elementor-element elementor-element-6ea5a565 elementor-widget elementor-widget-text-editor\" data-id=\"6ea5a565\" data-element_type=\"widget\" data-e-type=\"widget\" data-widget_type=\"text-editor.default\">\n\t\t\t\t<div class=\"elementor-widget-container\">\n\t\t\t\t\t\t\t\t\t\n<p><strong>1.- ANV\u00c4NDARINFORMATION<\/strong><\/p>\n\n<p>Webbplatsen informerar webbplatsanv\u00e4ndare om sin policy g\u00e4llande behandling och skydd av personuppgifter f\u00f6r anv\u00e4ndare och kunder som kan beg\u00e4ras genom att bes\u00f6ka webbplatsen.<\/p>\n\n<p>Webbplatsen ansvarar f\u00f6r behandlingen av anv\u00e4ndarens personuppgifter och tillhandah\u00e5ller d\u00e4rf\u00f6r f\u00f6ljande information om behandlingen av deras uppgifter:<\/p>\n\n<p><strong>Kriterier f\u00f6r datalagring:<\/strong>\u00a0De personuppgifter som l\u00e4mnas kommer att sparas tills den ber\u00f6rda parten beg\u00e4r att de ska st\u00e4ngas av, ut\u00f6var sina r\u00e4ttigheter \u00f6ver uppgifterna, och i vilket fall som helst i enlighet med till\u00e4mpliga lagstadgade preskriptionstider.<\/p>\n\n<p><strong>Ber\u00f6rda parters r\u00e4ttigheter:<\/strong><\/p>\n\n<p>R\u00e4tt att n\u00e4r som helst \u00e5terkalla ditt samtycke.<br \/>R\u00e4tt till tillg\u00e5ng, r\u00e4ttelse, radering, portabilitet av dina uppgifter och begr\u00e4nsning eller inv\u00e4ndning mot deras behandling, samt att inte vara f\u00f6rem\u00e5l f\u00f6r automatiserade individuella beslut.<\/p>\n\n<p><strong>Kontaktuppgifter f\u00f6r att ut\u00f6va dina r\u00e4ttigheter:<\/strong><\/p>\n\n<p>Du m\u00e5ste identifiera dig korrekt och tydligt ans\u00f6ka om r\u00e4tten att ut\u00f6va tr\u00e4ning.<\/p>\n\n<ul class=\"wp-block-list\">\n<li>F\u00f6retag: Pablo Angulo Maspons<\/li>\n<li>Befolkning: Vinaroz, Spanien<\/li>\n<li>Telefon: 613395013<\/li>\n<li>Post: <a class=\"css-1rn59kg\" title=\"info@rosanacl.com\" href=\"mailto:info@rosanacl.com\" data-testid=\"link-with-safety\" data-renderer-mark=\"true\">info@rosanacl.com\u00a0<\/a><\/li>\n<\/ul>\n\n<p><strong>2.- INFORMATION TILLHANDAH\u00c5LLD AV ANV\u00c4NDAREN<\/strong><\/p>\n\n<p>Om du \u00e4r under 18 \u00e5r f\u00e5r du inte anv\u00e4nda formul\u00e4r p\u00e5 v\u00e5r webbplats.<\/p>\n\n<p>Genom att anv\u00e4ndarna anger sina uppgifter i kontaktformul\u00e4ren eller i nedladdningsformul\u00e4ren accepterar de uttryckligen, fritt och otvetydigt att deras uppgifter \u00e4r n\u00f6dv\u00e4ndiga f\u00f6r att hantera deras beg\u00e4ran fr\u00e5n den personuppgiftsansvarige, varvid inkluderingen av uppgifter i de \u00e5terst\u00e5ende f\u00e4lten \u00e4r frivillig.<\/p>\n\n<p>Anv\u00e4ndaren garanterar att de personuppgifter som l\u00e4mnas \u00e4r sanningsenliga och ansvarar f\u00f6r att meddela eventuella \u00e4ndringar.<\/p>\n\n<p>All data som beg\u00e4rs via webbplatsen \u00e4r n\u00f6dv\u00e4ndig f\u00f6r att ge optimal service till anv\u00e4ndaren. Om all data inte tillhandah\u00e5lls kan det inte garanteras att informationen och tj\u00e4nsterna som tillhandah\u00e5lls av den personuppgiftsansvarige \u00e4r helt anpassade till anv\u00e4ndarens behov.<\/p>\n\n<p><strong>3. S\u00c4KERHETS\u00c5TG\u00c4RDER<\/strong><\/p>\n\n<p>Att den personuppgiftsansvarige, i enlighet med best\u00e4mmelserna i g\u00e4llande f\u00f6rordningar om skydd av personuppgifter, f\u00f6ljer alla best\u00e4mmelser i GDPR och LOPD-f\u00f6rordningarna f\u00f6r behandling av personuppgifter under dennes ansvar, vilka behandlas lagligt, r\u00e4ttvist och transparent i f\u00f6rh\u00e5llande till den ber\u00f6rda parten samt \u00e4r adekvata, relevanta och begr\u00e4nsade till vad som \u00e4r n\u00f6dv\u00e4ndigt med avseende p\u00e5 de \u00e4ndam\u00e5l f\u00f6r vilka de behandlas.<\/p>\n\n<p>Den personuppgiftsansvarige garanterar att denne har implementerat l\u00e4mpliga tekniska och organisatoriska policyer f\u00f6r att till\u00e4mpa de s\u00e4kerhets\u00e5tg\u00e4rder som fastst\u00e4llts i GDPR och LOPD f\u00f6r att skydda anv\u00e4ndarnas r\u00e4ttigheter och friheter, och att denne har meddelat dem l\u00e4mplig information s\u00e5 att de kan ut\u00f6va dem.<\/p>\n\n<p><strong>4. S\u00c4KERHETSBRIST<\/strong><\/p>\n\n<p>Den personuppgiftsansvarige kommer att rapportera alla s\u00e4kerhetsintr\u00e5ng som p\u00e5verkar databasen som anv\u00e4nds av denna webbplats, eller n\u00e5gon av v\u00e5ra tredjepartstj\u00e4nster, till alla individer, data som kan ha p\u00e5verkats och myndigheter, inom 72 timmar efter att intr\u00e5nget uppt\u00e4ckts.<\/p>\n\n<p><strong>G\u00c4LLANDE LAG OCH JURISDIKTION<\/strong><\/p>\n\n<p>F\u00f6r l\u00f6sning av alla tvister eller fr\u00e5gor relaterade till denna webbplats eller de aktiviteter som utf\u00f6rs ska spansk lagstiftning till\u00e4mpas, vilket parterna uttryckligen underkastar sig, och domstolarna i Barcelona ska vara beh\u00f6riga att l\u00f6sa alla tvister som uppst\u00e5r till f\u00f6ljd av eller i samband med anv\u00e4ndningen av denna webbplats.<\/p>\n\n<p>\u00a0<\/p>\n\t\t\t\t\t\t\t\t<\/div>\n\t\t\t\t<\/div>\n\t\t\t\t\t<\/div>\n\t\t\t\t<\/div>\n\t\t\t\t<\/div>","protected":false},"excerpt":{"rendered":"<p>1.- INFORMACI\u00d3N AL USUARIO El sitio web informa a los usuarios del sitio web sobre su pol\u00edtica respecto al tratamiento y protecci\u00f3n de los datos de car\u00e1cter personal de los usuarios y clientes que puedan ser solicitados por la navegaci\u00f3n a trav\u00e9s de su sitio web. El sitio web es el Responsable del tratamiento de [&hellip;]<\/p>\n","protected":false},"author":1,"featured_media":0,"parent":0,"menu_order":0,"comment_status":"closed","ping_status":"closed","template":"","meta":{"content-type":"","footnotes":""},"class_list":["post-31","page","type-page","status-publish","hentry"],"yoast_head":"<!-- This site is optimized with the Yoast SEO plugin v27.4 - https:\/\/yoast.com\/product\/yoast-seo-wordpress\/ -->\n<title>Pol\u00edtica de Privacidad - Rosana CL<\/title>\n<meta name=\"robots\" content=\"index, follow, max-snippet:-1, max-image-preview:large, max-video-preview:-1\" \/>\n<link rel=\"canonical\" href=\"https:\/\/rosanacl.com\/sv\/politica-de-privacidad\/\" \/>\n<meta property=\"og:locale\" content=\"sv_SE\" \/>\n<meta property=\"og:type\" content=\"article\" \/>\n<meta property=\"og:title\" content=\"Pol\u00edtica de Privacidad - Rosana CL\" \/>\n<meta property=\"og:description\" content=\"1.- INFORMACI\u00d3N AL USUARIO El sitio web informa a los usuarios del sitio web sobre su pol\u00edtica respecto al tratamiento y protecci\u00f3n de los datos de car\u00e1cter personal de los usuarios y clientes que puedan ser solicitados por la navegaci\u00f3n a trav\u00e9s de su sitio web. El sitio web es el Responsable del tratamiento de [&hellip;]\" \/>\n<meta property=\"og:url\" content=\"https:\/\/rosanacl.com\/sv\/politica-de-privacidad\/\" \/>\n<meta property=\"og:site_name\" content=\"Rosana CL\" \/>\n<meta property=\"article:modified_time\" content=\"2025-07-09T06:56:36+00:00\" \/>\n<meta name=\"twitter:card\" content=\"summary_large_image\" \/>\n<meta name=\"twitter:label1\" content=\"Ber\u00e4knad l\u00e4stid\" \/>\n\t<meta name=\"twitter:data1\" content=\"3 minuter\" \/>\n<script type=\"application\/ld+json\" class=\"yoast-schema-graph\">{\"@context\":\"https:\\\/\\\/schema.org\",\"@graph\":[{\"@type\":\"WebPage\",\"@id\":\"https:\\\/\\\/rosanacl.com\\\/politica-de-privacidad\\\/\",\"url\":\"https:\\\/\\\/rosanacl.com\\\/politica-de-privacidad\\\/\",\"name\":\"Pol\u00edtica de Privacidad - Rosana CL\",\"isPartOf\":{\"@id\":\"https:\\\/\\\/rosanacl.com\\\/ca\\\/#website\"},\"datePublished\":\"2025-03-28T19:10:30+00:00\",\"dateModified\":\"2025-07-09T06:56:36+00:00\",\"breadcrumb\":{\"@id\":\"https:\\\/\\\/rosanacl.com\\\/politica-de-privacidad\\\/#breadcrumb\"},\"inLanguage\":\"sv-SE\",\"potentialAction\":[{\"@type\":\"ReadAction\",\"target\":[\"https:\\\/\\\/rosanacl.com\\\/politica-de-privacidad\\\/\"]}]},{\"@type\":\"BreadcrumbList\",\"@id\":\"https:\\\/\\\/rosanacl.com\\\/politica-de-privacidad\\\/#breadcrumb\",\"itemListElement\":[{\"@type\":\"ListItem\",\"position\":1,\"name\":\"Portada\",\"item\":\"https:\\\/\\\/rosanacl.com\\\/ca\\\/\"},{\"@type\":\"ListItem\",\"position\":2,\"name\":\"Pol\u00edtica de Privacidad\"}]},{\"@type\":\"WebSite\",\"@id\":\"https:\\\/\\\/rosanacl.com\\\/ca\\\/#website\",\"url\":\"https:\\\/\\\/rosanacl.com\\\/ca\\\/\",\"name\":\"Rosana CL\",\"description\":\"Somos tu interior\",\"potentialAction\":[{\"@type\":\"SearchAction\",\"target\":{\"@type\":\"EntryPoint\",\"urlTemplate\":\"https:\\\/\\\/rosanacl.com\\\/ca\\\/?s={search_term_string}\"},\"query-input\":{\"@type\":\"PropertyValueSpecification\",\"valueRequired\":true,\"valueName\":\"search_term_string\"}}],\"inLanguage\":\"sv-SE\"}]}<\/script>\n<!-- \/ Yoast SEO plugin. -->","yoast_head_json":{"title":"Pol\u00edtica de Privacidad - Rosana CL","robots":{"index":"index","follow":"follow","max-snippet":"max-snippet:-1","max-image-preview":"max-image-preview:large","max-video-preview":"max-video-preview:-1"},"canonical":"https:\/\/rosanacl.com\/sv\/politica-de-privacidad\/","og_locale":"sv_SE","og_type":"article","og_title":"Pol\u00edtica de Privacidad - Rosana CL","og_description":"1.- INFORMACI\u00d3N AL USUARIO El sitio web informa a los usuarios del sitio web sobre su pol\u00edtica respecto al tratamiento y protecci\u00f3n de los datos de car\u00e1cter personal de los usuarios y clientes que puedan ser solicitados por la navegaci\u00f3n a trav\u00e9s de su sitio web. El sitio web es el Responsable del tratamiento de [&hellip;]","og_url":"https:\/\/rosanacl.com\/sv\/politica-de-privacidad\/","og_site_name":"Rosana CL","article_modified_time":"2025-07-09T06:56:36+00:00","twitter_card":"summary_large_image","twitter_misc":{"Ber\u00e4knad l\u00e4stid":"3 minuter"},"schema":{"@context":"https:\/\/schema.org","@graph":[{"@type":"WebPage","@id":"https:\/\/rosanacl.com\/politica-de-privacidad\/","url":"https:\/\/rosanacl.com\/politica-de-privacidad\/","name":"Pol\u00edtica de Privacidad - Rosana CL","isPartOf":{"@id":"https:\/\/rosanacl.com\/ca\/#website"},"datePublished":"2025-03-28T19:10:30+00:00","dateModified":"2025-07-09T06:56:36+00:00","breadcrumb":{"@id":"https:\/\/rosanacl.com\/politica-de-privacidad\/#breadcrumb"},"inLanguage":"sv-SE","potentialAction":[{"@type":"ReadAction","target":["https:\/\/rosanacl.com\/politica-de-privacidad\/"]}]},{"@type":"BreadcrumbList","@id":"https:\/\/rosanacl.com\/politica-de-privacidad\/#breadcrumb","itemListElement":[{"@type":"ListItem","position":1,"name":"Portada","item":"https:\/\/rosanacl.com\/ca\/"},{"@type":"ListItem","position":2,"name":"Pol\u00edtica de Privacidad"}]},{"@type":"WebSite","@id":"https:\/\/rosanacl.com\/ca\/#website","url":"https:\/\/rosanacl.com\/ca\/","name":"Rosana CL","description":"Vi \u00e4r ditt inre jag","potentialAction":[{"@type":"SearchAction","target":{"@type":"EntryPoint","urlTemplate":"https:\/\/rosanacl.com\/ca\/?s={search_term_string}"},"query-input":{"@type":"PropertyValueSpecification","valueRequired":true,"valueName":"search_term_string"}}],"inLanguage":"sv-SE"}]}},"_links":{"self":[{"href":"https:\/\/rosanacl.com\/sv\/wp-json\/wp\/v2\/pages\/31","targetHints":{"allow":["GET"]}}],"collection":[{"href":"https:\/\/rosanacl.com\/sv\/wp-json\/wp\/v2\/pages"}],"about":[{"href":"https:\/\/rosanacl.com\/sv\/wp-json\/wp\/v2\/types\/page"}],"author":[{"embeddable":true,"href":"https:\/\/rosanacl.com\/sv\/wp-json\/wp\/v2\/users\/1"}],"replies":[{"embeddable":true,"href":"https:\/\/rosanacl.com\/sv\/wp-json\/wp\/v2\/comments?post=31"}],"version-history":[{"count":0,"href":"https:\/\/rosanacl.com\/sv\/wp-json\/wp\/v2\/pages\/31\/revisions"}],"wp:attachment":[{"href":"https:\/\/rosanacl.com\/sv\/wp-json\/wp\/v2\/media?parent=31"}],"curies":[{"name":"wp","href":"https:\/\/api.w.org\/{rel}","templated":true}]}}