{"id":3931,"date":"2025-09-29T23:44:18","date_gmt":"2025-09-29T21:44:18","guid":{"rendered":"https:\/\/rosanacl.com\/?page_id=3931"},"modified":"2025-09-29T23:45:53","modified_gmt":"2025-09-29T21:45:53","slug":"tanga-de-selene","status":"publish","type":"page","link":"https:\/\/rosanacl.com\/sv\/tanga-de-selene\/","title":{"rendered":"Selenes stringtrosa"},"content":{"rendered":"<div data-elementor-type=\"wp-page\" data-elementor-id=\"3931\" class=\"elementor elementor-3931\" data-elementor-post-type=\"page\">\n\t\t\t\t<div class=\"elementor-element elementor-element-171998c7 e-flex e-con-boxed e-con e-parent\" data-id=\"171998c7\" data-element_type=\"container\" data-e-type=\"container\">\n\t\t\t\t\t<div class=\"e-con-inner\">\n\t\t\t\t<div class=\"elementor-element elementor-element-6575351f elementor-widget elementor-widget-text-editor\" data-id=\"6575351f\" data-element_type=\"widget\" data-e-type=\"widget\" data-widget_type=\"text-editor.default\">\n\t\t\t\t<div class=\"elementor-widget-container\">\n\t\t\t\t\t\t\t\t\t\n<p><\/p>\n\n\n\n<p><\/p>\n\t\t\t\t\t\t\t\t<\/div>\n\t\t\t\t<\/div>\n\t\t\t\t\t<\/div>\n\t\t\t\t<\/div>\n\t\t<div class=\"elementor-element elementor-element-cf7d341 e-flex e-con-boxed e-con e-parent\" data-id=\"cf7d341\" data-element_type=\"container\" data-e-type=\"container\">\n\t\t\t\t\t<div class=\"e-con-inner\">\n\t\t\t\t<div class=\"elementor-element elementor-element-1f1d080 elementor-widget elementor-widget-heading\" data-id=\"1f1d080\" data-element_type=\"widget\" data-e-type=\"widget\" data-widget_type=\"heading.default\">\n\t\t\t\t<div class=\"elementor-widget-container\">\n\t\t\t\t\t<h2 class=\"elementor-heading-title elementor-size-default\">Selenes stringtrosa<\/h2>\t\t\t\t<\/div>\n\t\t\t\t<\/div>\n\t\t\t\t\t<\/div>\n\t\t\t\t<\/div>\n\t\t<div class=\"elementor-element elementor-element-dc1921d e-flex e-con-boxed e-con e-parent\" data-id=\"dc1921d\" data-element_type=\"container\" data-e-type=\"container\">\n\t\t\t\t\t<div class=\"e-con-inner\">\n\t\t<div class=\"elementor-element elementor-element-d19616f e-con-full e-flex e-con e-child\" data-id=\"d19616f\" data-element_type=\"container\" data-e-type=\"container\">\n\t\t\t\t<div class=\"elementor-element elementor-element-d2092be elementor-widget elementor-widget-text-editor\" data-id=\"d2092be\" data-element_type=\"widget\" data-e-type=\"widget\" data-widget_type=\"text-editor.default\">\n\t\t\t\t<div class=\"elementor-widget-container\">\n\t\t\t\t\t\t\t\t\t<h3 data-start=\"257\" data-end=\"345\"><strong data-start=\"261\" data-end=\"343\">Selene Thong: Det perfekta valet f\u00f6r vardagsbruk och speciella tillf\u00e4llen<\/strong><\/h3>\n<p data-start=\"346\" data-end=\"747\">Han <strong data-start=\"349\" data-end=\"368\">Selenes stringtrosa<\/strong> Den har etablerat sig som ett favoritplagg f\u00f6r kvinnor som vill kombinera stil och komfort. P\u00e5 Rosana CL erbjuder vi ett brett urval av Selene-stringtrosor, designade f\u00f6r att framh\u00e4va kvinnlighet utan att offra komfort. Varje stringtrosa \u00e4r tillverkad av mjuka, slitstarka material som anpassar sig efter kroppen och ger r\u00f6relsefrihet hela dagen.<\/p>\n<p data-start=\"749\" data-end=\"1174\">V\u00e4lj en <strong data-start=\"759\" data-end=\"778\">Selenes stringtrosa<\/strong> \u00e4r att fokusera p\u00e5 plagg som inte bara tj\u00e4nar ett praktiskt syfte, utan ocks\u00e5 ger sj\u00e4lvf\u00f6rtroende och trygghet. Varum\u00e4rket fokuserar p\u00e5 att skapa design som passar perfekt, undviker synliga m\u00e4rken p\u00e5 kl\u00e4der och erbjuder en andra hudk\u00e4nsla. Denna kombination av design och komfort har gjort <strong data-start=\"1093\" data-end=\"1112\">Selenes stringtrosa<\/strong> vara ett oumb\u00e4rligt basplagg i varje kvinnas garderob.<\/p>\t\t\t\t\t\t\t\t<\/div>\n\t\t\t\t<\/div>\n\t\t\t\t<\/div>\n\t\t<div class=\"elementor-element elementor-element-5568f8b e-con-full e-flex e-con e-child\" data-id=\"5568f8b\" data-element_type=\"container\" data-e-type=\"container\">\n\t\t\t\t<div class=\"elementor-element elementor-element-980debe elementor-widget elementor-widget-image\" data-id=\"980debe\" data-element_type=\"widget\" data-e-type=\"widget\" data-widget_type=\"image.default\">\n\t\t\t\t<div class=\"elementor-widget-container\">\n\t\t\t\t\t\t\t\t\t\t\t\t\t\t\t<img fetchpriority=\"high\" decoding=\"async\" width=\"750\" height=\"750\" src=\"https:\/\/rosanacl.com\/wp-content\/uploads\/2025\/08\/1-9-1024x1024.png\" class=\"attachment-large size-large wp-image-3524\" alt=\"\" srcset=\"https:\/\/rosanacl.com\/wp-content\/uploads\/2025\/08\/1-9-1024x1024.png 1024w, https:\/\/rosanacl.com\/wp-content\/uploads\/2025\/08\/1-9-300x300.png 300w, https:\/\/rosanacl.com\/wp-content\/uploads\/2025\/08\/1-9-150x150.png 150w, https:\/\/rosanacl.com\/wp-content\/uploads\/2025\/08\/1-9-768x768.png 768w, https:\/\/rosanacl.com\/wp-content\/uploads\/2025\/08\/1-9-12x12.png 12w, https:\/\/rosanacl.com\/wp-content\/uploads\/2025\/08\/1-9-600x600.png 600w, https:\/\/rosanacl.com\/wp-content\/uploads\/2025\/08\/1-9-100x100.png 100w, https:\/\/rosanacl.com\/wp-content\/uploads\/2025\/08\/1-9-50x50.png 50w, https:\/\/rosanacl.com\/wp-content\/uploads\/2025\/08\/1-9.png 1333w\" sizes=\"(max-width: 750px) 100vw, 750px\" \/>\t\t\t\t\t\t\t\t\t\t\t\t\t\t\t<\/div>\n\t\t\t\t<\/div>\n\t\t\t\t<\/div>\n\t\t\t\t\t<\/div>\n\t\t\t\t<\/div>\n\t\t<div class=\"elementor-element elementor-element-5e380fb e-flex e-con-boxed e-con e-parent\" data-id=\"5e380fb\" data-element_type=\"container\" data-e-type=\"container\">\n\t\t\t\t\t<div class=\"e-con-inner\">\n\t\t<div class=\"elementor-element elementor-element-a763375 e-con-full e-flex e-con e-child\" data-id=\"a763375\" data-element_type=\"container\" data-e-type=\"container\">\n\t\t\t\t<div class=\"elementor-element elementor-element-a8aecc4 elementor-widget elementor-widget-image\" data-id=\"a8aecc4\" data-element_type=\"widget\" data-e-type=\"widget\" data-widget_type=\"image.default\">\n\t\t\t\t<div class=\"elementor-widget-container\">\n\t\t\t\t\t\t\t\t\t\t\t\t\t\t\t<img decoding=\"async\" width=\"656\" height=\"750\" src=\"https:\/\/rosanacl.com\/wp-content\/uploads\/2025\/08\/1-10-896x1024.png\" class=\"attachment-large size-large wp-image-3547\" alt=\"\" srcset=\"https:\/\/rosanacl.com\/wp-content\/uploads\/2025\/08\/1-10-896x1024.png 896w, https:\/\/rosanacl.com\/wp-content\/uploads\/2025\/08\/1-10-262x300.png 262w, https:\/\/rosanacl.com\/wp-content\/uploads\/2025\/08\/1-10-768x878.png 768w, https:\/\/rosanacl.com\/wp-content\/uploads\/2025\/08\/1-10-10x12.png 10w, https:\/\/rosanacl.com\/wp-content\/uploads\/2025\/08\/1-10-600x686.png 600w, https:\/\/rosanacl.com\/wp-content\/uploads\/2025\/08\/1-10.png 1166w\" sizes=\"(max-width: 656px) 100vw, 656px\" \/>\t\t\t\t\t\t\t\t\t\t\t\t\t\t\t<\/div>\n\t\t\t\t<\/div>\n\t\t\t\t<\/div>\n\t\t<div class=\"elementor-element elementor-element-b02b1e9 e-con-full e-flex e-con e-child\" data-id=\"b02b1e9\" data-element_type=\"container\" data-e-type=\"container\">\n\t\t\t\t<div class=\"elementor-element elementor-element-bc41bfc elementor-widget elementor-widget-text-editor\" data-id=\"bc41bfc\" data-element_type=\"widget\" data-e-type=\"widget\" data-widget_type=\"text-editor.default\">\n\t\t\t\t<div class=\"elementor-widget-container\">\n\t\t\t\t\t\t\t\t\t<h3 data-start=\"1176\" data-end=\"1235\"><strong data-start=\"1180\" data-end=\"1233\">Selenes Thong: Olika stilar och material<\/strong><\/h3>\n<p data-start=\"1236\" data-end=\"1681\">En av Selenes st\u00f6rsta styrkor \u00e4r deras f\u00f6rm\u00e5ga att erbjuda stringtrosor skr\u00e4ddarsydda f\u00f6r varje stil och behov. P\u00e5 Rosana CL, varje <strong data-start=\"1366\" data-end=\"1385\">Selenes stringtrosa<\/strong> Den \u00e4r noggrant utvald f\u00f6r att erbjuda alternativ som str\u00e4cker sig fr\u00e5n enkla, diskreta modeller till modeller med spets, skira detaljer och eleganta detaljer. Denna m\u00e5ngfald g\u00f6r att varje kvinna kan hitta den perfekta stringtrosan f\u00f6r varje \u00f6gonblick, oavsett om det \u00e4r till vardags eller f\u00f6r speciella tillf\u00e4llen.<\/p>\n<p data-start=\"1683\" data-end=\"2037\">Tygerna som anv\u00e4nds i Selene-thongs \u00e4r mjuka, andningsbara och stretchiga, vilket garanterar h\u00e5llbarhet och komfort. Dessutom g\u00f6r deras tv\u00e4ttbarhet att de beh\u00e5ller sin ursprungliga form och f\u00e4rg under l\u00e5ng tid. K\u00f6p en <strong data-start=\"1916\" data-end=\"1935\">Selenes stringtrosa<\/strong> Hos Rosana CL \u00e4r det en investering i kvalitet och stil som f\u00f6ljer kvinnor i alla deras aktiviteter.<\/p>\t\t\t\t\t\t\t\t<\/div>\n\t\t\t\t<\/div>\n\t\t\t\t<\/div>\n\t\t\t\t\t<\/div>\n\t\t\t\t<\/div>\n\t\t<div class=\"elementor-element elementor-element-495e863 e-flex e-con-boxed e-con e-parent\" data-id=\"495e863\" data-element_type=\"container\" data-e-type=\"container\">\n\t\t\t\t\t<div class=\"e-con-inner\">\n\t\t\t\t<div class=\"elementor-element elementor-element-fe47ba3 elementor-widget elementor-widget-text-editor\" data-id=\"fe47ba3\" data-element_type=\"widget\" data-e-type=\"widget\" data-widget_type=\"text-editor.default\">\n\t\t\t\t<div class=\"elementor-widget-container\">\n\t\t\t\t\t\t\t\t\t<h3 data-start=\"2039\" data-end=\"2100\"><strong data-start=\"2043\" data-end=\"2098\">Selenes Thong: F\u00f6rtroende och trygghet i Rosana CL<\/strong><\/h3>\n<p data-start=\"2101\" data-end=\"2466\">N\u00e4r man v\u00e4ljer en <strong data-start=\"2114\" data-end=\"2133\">Selenes stringtrosa<\/strong> Hos Rosana CL kan kunderna f\u00e5 tillg\u00e5ng till originella, h\u00f6gkvalitativa 100%-produkter. V\u00e5rt engagemang \u00e4r att erbjuda en s\u00e4ker, enkel och personlig shoppingupplevelse. Varje plagg har detaljerade beskrivningar och h\u00f6guppl\u00f6sta fotografier f\u00f6r att underl\u00e4tta urvalsprocessen och s\u00e4kerst\u00e4lla ett tillfredsst\u00e4llande och p\u00e5litligt k\u00f6p.<\/p>\n<p data-start=\"2468\" data-end=\"2834\">Dessutom finns Rosana CL-teamet tillg\u00e4ngligt f\u00f6r att ge r\u00e5d om storlekar, material och stilar, vilket s\u00e4kerst\u00e4ller att varje <strong data-start=\"2587\" data-end=\"2606\">Selenes stringtrosa<\/strong> Den valda produkten passar perfekt kundens kropp och livsstil. Kombinationen av kvalitet, design och expertservice g\u00f6r att valet av Selene-thong hos Rosana CL \u00e4r ett smart och tillfredsst\u00e4llande beslut.<\/p>\n<p data-start=\"2836\" data-end=\"3069\">Kort sagt, den <strong data-start=\"2851\" data-end=\"2870\">Selenes stringtrosa<\/strong> Det \u00e4r mycket mer \u00e4n bara underkl\u00e4der: det \u00e4r en investering i komfort, stil och s\u00e4kerhet. Att k\u00f6pa en <strong data-start=\"2969\" data-end=\"2988\">Selenes stringtrosa<\/strong> P\u00e5 Rosana CL garanterar vi kvalitet, h\u00e5llbarhet och en unik shoppingupplevelse.<\/p>\t\t\t\t\t\t\t\t<\/div>\n\t\t\t\t<\/div>\n\t\t\t\t\t<\/div>\n\t\t\t\t<\/div>\n\t\t<div class=\"elementor-element elementor-element-d05ed3a e-flex e-con-boxed e-con e-parent\" data-id=\"d05ed3a\" data-element_type=\"container\" data-e-type=\"container\">\n\t\t\t\t\t<div class=\"e-con-inner\">\n\t\t\t\t<div class=\"elementor-element elementor-element-b883e86 elementor-widget elementor-widget-heading\" data-id=\"b883e86\" data-element_type=\"widget\" data-e-type=\"widget\" data-widget_type=\"heading.default\">\n\t\t\t\t<div class=\"elementor-widget-container\">\n\t\t\t\t\t<h2 class=\"elementor-heading-title elementor-size-default\">Kontakta oss <\/h2>\t\t\t\t<\/div>\n\t\t\t\t<\/div>\n\t\t\t\t\t<\/div>\n\t\t\t\t<\/div>\n\t\t<div class=\"elementor-element elementor-element-00e20e2 e-flex e-con-boxed e-con e-parent\" data-id=\"00e20e2\" data-element_type=\"container\" data-e-type=\"container\">\n\t\t\t\t\t<div class=\"e-con-inner\">\n\t\t<div class=\"elementor-element elementor-element-8ad8f7b e-con-full e-flex e-con e-child\" data-id=\"8ad8f7b\" data-element_type=\"container\" data-e-type=\"container\">\n\t\t\t\t<div class=\"elementor-element elementor-element-888944a elementor-widget__width-initial elementor-widget elementor-widget-elementskit-contact-form7\" data-id=\"888944a\" data-element_type=\"widget\" data-e-type=\"widget\" data-widget_type=\"elementskit-contact-form7.default\">\n\t\t\t\t<div class=\"elementor-widget-container\">\n\t\t\t\t\t<div class=\"ekit-wid-con\" ><div class=\"ekit-form\">\n<div class=\"wpcf7 no-js\" id=\"wpcf7-f48-o1\" lang=\"es-ES\" dir=\"ltr\" data-wpcf7-id=\"48\">\n<div class=\"screen-reader-response\"><p role=\"status\" aria-live=\"polite\" aria-atomic=\"true\"><\/p> <ul><\/ul><\/div>\n<form action=\"\/de\/wp-json\/wp\/v2\/pages\/3931#wpcf7-f48-o1\" method=\"post\" class=\"wpcf7-form init\" aria-label=\"Kontaktformul\u00e4r\" novalidate=\"novalidate\" data-status=\"init\" data-trp-original-action=\"\/de\/wp-json\/wp\/v2\/pages\/3931#wpcf7-f48-o1\">\n<fieldset class=\"hidden-fields-container\"><input type=\"hidden\" name=\"_wpcf7\" value=\"48\" \/><input type=\"hidden\" name=\"_wpcf7_version\" value=\"6.1.5\" \/><input type=\"hidden\" name=\"_wpcf7_locale\" value=\"es_ES\" \/><input type=\"hidden\" name=\"_wpcf7_unit_tag\" value=\"wpcf7-f48-o1\" \/><input type=\"hidden\" name=\"_wpcf7_container_post\" value=\"0\" \/><input type=\"hidden\" name=\"_wpcf7_posted_data_hash\" value=\"\" \/><input type=\"hidden\" name=\"_wpcf7_recaptcha_response\" value=\"\" \/>\n<\/fieldset>\n<div class=\"form-row\">\n\t<div class=\"form-column\">\n\t\t<p><span class=\"wpcf7-form-control-wrap\" data-name=\"nombre\"><input size=\"40\" maxlength=\"400\" class=\"wpcf7-form-control wpcf7-text wpcf7-validates-as-required\" aria-required=\"true\" aria-invalid=\"false\" placeholder=\"Namn\" value=\"\" type=\"text\" name=\"nombre\" \/><\/span>\n\t\t<\/p>\n\t<\/div>\n\t<div class=\"form-column\">\n\t\t<p><span class=\"wpcf7-form-control-wrap\" data-name=\"telefono\"><input size=\"40\" maxlength=\"400\" class=\"wpcf7-form-control wpcf7-tel wpcf7-validates-as-required wpcf7-text wpcf7-validates-as-tel\" aria-required=\"true\" aria-invalid=\"false\" placeholder=\"Telefon *\" value=\"\" type=\"tel\" name=\"telefono\" \/><\/span>\n\t\t<\/p>\n\t<\/div>\n<\/div>\n<div class=\"form-row\">\n\t<div class=\"form-column\">\n\t\t<p><span class=\"wpcf7-form-control-wrap\" data-name=\"email\"><input size=\"40\" maxlength=\"400\" class=\"wpcf7-form-control wpcf7-email wpcf7-validates-as-required wpcf7-text wpcf7-validates-as-email\" aria-required=\"true\" aria-invalid=\"false\" placeholder=\"E-postadress *\" value=\"\" type=\"email\" name=\"email\" \/><\/span>\n\t\t<\/p>\n\t<\/div>\n\t<div class=\"form-column\">\n\t\t<p><span class=\"wpcf7-form-control-wrap\" data-name=\"asunto\"><input size=\"40\" maxlength=\"400\" class=\"wpcf7-form-control wpcf7-text wpcf7-validates-as-required\" aria-required=\"true\" aria-invalid=\"false\" placeholder=\"Aff\u00e4r *\" value=\"\" type=\"text\" name=\"asunto\" \/><\/span>\n\t\t<\/p>\n\t<\/div>\n<\/div>\n<p><span class=\"wpcf7-form-control-wrap\" data-name=\"mensaje\"><textarea cols=\"40\" rows=\"10\" maxlength=\"2000\" class=\"wpcf7-form-control wpcf7-textarea wpcf7-validates-as-required\" aria-required=\"true\" aria-invalid=\"false\" placeholder=\"Meddelande\" name=\"mensaje\"><\/textarea><\/span>\n<\/p>\n<p class=\"legal-priv\"><span class=\"wpcf7-form-control-wrap\" data-name=\"acceptance-787\"><span class=\"wpcf7-form-control wpcf7-acceptance\"><span class=\"wpcf7-list-item\"><label><input type=\"checkbox\" name=\"acceptance-787\" value=\"1\" aria-invalid=\"false\" \/><span class=\"wpcf7-list-item-label\">Jag har l\u00e4st och godk\u00e4nner <a href=\"https:\/\/rosanacl.com\/sv\/politica-de-privacidad\/\">Integritetspolicy<\/a><\/span><\/label><\/span><\/span><\/span>\n<\/p>\n<p><input class=\"wpcf7-form-control wpcf7-submit has-spinner\" type=\"submit\" value=\"SKICKA MEDDELANDE\" \/>\n<\/p><div class=\"wpcf7-response-output\" aria-hidden=\"true\"><\/div>\n<input type=\"hidden\" name=\"trp-form-language\" value=\"sv\"\/><\/form>\n<\/div>\n<\/div><\/div>\t\t\t\t<\/div>\n\t\t\t\t<\/div>\n\t\t\t\t<\/div>\n\t\t\t\t\t<\/div>\n\t\t\t\t<\/div>\n\t\t\t\t<\/div>","protected":false},"excerpt":{"rendered":"<p>Tanga de Selene Tanga de Selene: la elecci\u00f3n perfecta para el d\u00eda a d\u00eda y ocasiones especiales El tanga de Selene se ha consolidado como una de las prendas favoritas de las mujeres que buscan combinar estilo y comodidad. En Rosana CL, ofrecemos una amplia selecci\u00f3n de tangas de Selene, pensadas para realzar la feminidad [&hellip;]<\/p>\n","protected":false},"author":1,"featured_media":0,"parent":0,"menu_order":0,"comment_status":"closed","ping_status":"closed","template":"","meta":{"content-type":"","footnotes":""},"class_list":["post-3931","page","type-page","status-publish","hentry"],"yoast_head":"<!-- This site is optimized with the Yoast SEO plugin v27.4 - https:\/\/yoast.com\/product\/yoast-seo-wordpress\/ -->\n<title>Tanga de Selene - Rosana CL<\/title>\n<meta name=\"robots\" content=\"index, follow, max-snippet:-1, max-image-preview:large, max-video-preview:-1\" \/>\n<link rel=\"canonical\" href=\"https:\/\/rosanacl.com\/sv\/tanga-de-selene\/\" \/>\n<meta property=\"og:locale\" content=\"sv_SE\" \/>\n<meta property=\"og:type\" content=\"article\" \/>\n<meta property=\"og:title\" content=\"Tanga de Selene - Rosana CL\" \/>\n<meta property=\"og:description\" content=\"Tanga de Selene Tanga de Selene: la elecci\u00f3n perfecta para el d\u00eda a d\u00eda y ocasiones especiales El tanga de Selene se ha consolidado como una de las prendas favoritas de las mujeres que buscan combinar estilo y comodidad. En Rosana CL, ofrecemos una amplia selecci\u00f3n de tangas de Selene, pensadas para realzar la feminidad [&hellip;]\" \/>\n<meta property=\"og:url\" content=\"https:\/\/rosanacl.com\/sv\/tanga-de-selene\/\" \/>\n<meta property=\"og:site_name\" content=\"Rosana CL\" \/>\n<meta property=\"article:modified_time\" content=\"2025-09-29T21:45:53+00:00\" \/>\n<meta property=\"og:image\" content=\"https:\/\/rosanacl.com\/wp-content\/uploads\/2025\/08\/1-9.png\" \/>\n\t<meta property=\"og:image:width\" content=\"1333\" \/>\n\t<meta property=\"og:image:height\" content=\"1333\" \/>\n\t<meta property=\"og:image:type\" content=\"image\/png\" \/>\n<meta name=\"twitter:card\" content=\"summary_large_image\" \/>\n<meta name=\"twitter:label1\" content=\"Ber\u00e4knad l\u00e4stid\" \/>\n\t<meta name=\"twitter:data1\" content=\"2 minuter\" \/>\n<script type=\"application\/ld+json\" class=\"yoast-schema-graph\">{\"@context\":\"https:\\\/\\\/schema.org\",\"@graph\":[{\"@type\":\"WebPage\",\"@id\":\"https:\\\/\\\/rosanacl.com\\\/tanga-de-selene\\\/\",\"url\":\"https:\\\/\\\/rosanacl.com\\\/tanga-de-selene\\\/\",\"name\":\"Tanga de Selene - Rosana CL\",\"isPartOf\":{\"@id\":\"https:\\\/\\\/rosanacl.com\\\/ca\\\/#website\"},\"primaryImageOfPage\":{\"@id\":\"https:\\\/\\\/rosanacl.com\\\/tanga-de-selene\\\/#primaryimage\"},\"image\":{\"@id\":\"https:\\\/\\\/rosanacl.com\\\/tanga-de-selene\\\/#primaryimage\"},\"thumbnailUrl\":\"https:\\\/\\\/rosanacl.com\\\/wp-content\\\/uploads\\\/2025\\\/08\\\/1-9-1024x1024.png\",\"datePublished\":\"2025-09-29T21:44:18+00:00\",\"dateModified\":\"2025-09-29T21:45:53+00:00\",\"breadcrumb\":{\"@id\":\"https:\\\/\\\/rosanacl.com\\\/tanga-de-selene\\\/#breadcrumb\"},\"inLanguage\":\"sv-SE\",\"potentialAction\":[{\"@type\":\"ReadAction\",\"target\":[\"https:\\\/\\\/rosanacl.com\\\/tanga-de-selene\\\/\"]}]},{\"@type\":\"ImageObject\",\"inLanguage\":\"sv-SE\",\"@id\":\"https:\\\/\\\/rosanacl.com\\\/tanga-de-selene\\\/#primaryimage\",\"url\":\"https:\\\/\\\/rosanacl.com\\\/wp-content\\\/uploads\\\/2025\\\/08\\\/1-9-1024x1024.png\",\"contentUrl\":\"https:\\\/\\\/rosanacl.com\\\/wp-content\\\/uploads\\\/2025\\\/08\\\/1-9-1024x1024.png\"},{\"@type\":\"BreadcrumbList\",\"@id\":\"https:\\\/\\\/rosanacl.com\\\/tanga-de-selene\\\/#breadcrumb\",\"itemListElement\":[{\"@type\":\"ListItem\",\"position\":1,\"name\":\"Portada\",\"item\":\"https:\\\/\\\/rosanacl.com\\\/ca\\\/\"},{\"@type\":\"ListItem\",\"position\":2,\"name\":\"Tanga de Selene\"}]},{\"@type\":\"WebSite\",\"@id\":\"https:\\\/\\\/rosanacl.com\\\/ca\\\/#website\",\"url\":\"https:\\\/\\\/rosanacl.com\\\/ca\\\/\",\"name\":\"Rosana CL\",\"description\":\"Somos tu interior\",\"potentialAction\":[{\"@type\":\"SearchAction\",\"target\":{\"@type\":\"EntryPoint\",\"urlTemplate\":\"https:\\\/\\\/rosanacl.com\\\/ca\\\/?s={search_term_string}\"},\"query-input\":{\"@type\":\"PropertyValueSpecification\",\"valueRequired\":true,\"valueName\":\"search_term_string\"}}],\"inLanguage\":\"sv-SE\"}]}<\/script>\n<!-- \/ Yoast SEO plugin. -->","yoast_head_json":{"title":"Tanga de Selene - Rosana CL","robots":{"index":"index","follow":"follow","max-snippet":"max-snippet:-1","max-image-preview":"max-image-preview:large","max-video-preview":"max-video-preview:-1"},"canonical":"https:\/\/rosanacl.com\/sv\/tanga-de-selene\/","og_locale":"sv_SE","og_type":"article","og_title":"Tanga de Selene - Rosana CL","og_description":"Tanga de Selene Tanga de Selene: la elecci\u00f3n perfecta para el d\u00eda a d\u00eda y ocasiones especiales El tanga de Selene se ha consolidado como una de las prendas favoritas de las mujeres que buscan combinar estilo y comodidad. En Rosana CL, ofrecemos una amplia selecci\u00f3n de tangas de Selene, pensadas para realzar la feminidad [&hellip;]","og_url":"https:\/\/rosanacl.com\/sv\/tanga-de-selene\/","og_site_name":"Rosana CL","article_modified_time":"2025-09-29T21:45:53+00:00","og_image":[{"width":1333,"height":1333,"url":"https:\/\/rosanacl.com\/wp-content\/uploads\/2025\/08\/1-9.png","type":"image\/png"}],"twitter_card":"summary_large_image","twitter_misc":{"Ber\u00e4knad l\u00e4stid":"2 minuter"},"schema":{"@context":"https:\/\/schema.org","@graph":[{"@type":"WebPage","@id":"https:\/\/rosanacl.com\/tanga-de-selene\/","url":"https:\/\/rosanacl.com\/tanga-de-selene\/","name":"Tanga de Selene - Rosana CL","isPartOf":{"@id":"https:\/\/rosanacl.com\/ca\/#website"},"primaryImageOfPage":{"@id":"https:\/\/rosanacl.com\/tanga-de-selene\/#primaryimage"},"image":{"@id":"https:\/\/rosanacl.com\/tanga-de-selene\/#primaryimage"},"thumbnailUrl":"https:\/\/rosanacl.com\/wp-content\/uploads\/2025\/08\/1-9-1024x1024.png","datePublished":"2025-09-29T21:44:18+00:00","dateModified":"2025-09-29T21:45:53+00:00","breadcrumb":{"@id":"https:\/\/rosanacl.com\/tanga-de-selene\/#breadcrumb"},"inLanguage":"sv-SE","potentialAction":[{"@type":"ReadAction","target":["https:\/\/rosanacl.com\/tanga-de-selene\/"]}]},{"@type":"ImageObject","inLanguage":"sv-SE","@id":"https:\/\/rosanacl.com\/tanga-de-selene\/#primaryimage","url":"https:\/\/rosanacl.com\/wp-content\/uploads\/2025\/08\/1-9-1024x1024.png","contentUrl":"https:\/\/rosanacl.com\/wp-content\/uploads\/2025\/08\/1-9-1024x1024.png"},{"@type":"BreadcrumbList","@id":"https:\/\/rosanacl.com\/tanga-de-selene\/#breadcrumb","itemListElement":[{"@type":"ListItem","position":1,"name":"Portada","item":"https:\/\/rosanacl.com\/ca\/"},{"@type":"ListItem","position":2,"name":"Tanga de Selene"}]},{"@type":"WebSite","@id":"https:\/\/rosanacl.com\/ca\/#website","url":"https:\/\/rosanacl.com\/ca\/","name":"Rosana CL","description":"Vi \u00e4r ditt inre jag","potentialAction":[{"@type":"SearchAction","target":{"@type":"EntryPoint","urlTemplate":"https:\/\/rosanacl.com\/ca\/?s={search_term_string}"},"query-input":{"@type":"PropertyValueSpecification","valueRequired":true,"valueName":"search_term_string"}}],"inLanguage":"sv-SE"}]}},"_links":{"self":[{"href":"https:\/\/rosanacl.com\/sv\/wp-json\/wp\/v2\/pages\/3931","targetHints":{"allow":["GET"]}}],"collection":[{"href":"https:\/\/rosanacl.com\/sv\/wp-json\/wp\/v2\/pages"}],"about":[{"href":"https:\/\/rosanacl.com\/sv\/wp-json\/wp\/v2\/types\/page"}],"author":[{"embeddable":true,"href":"https:\/\/rosanacl.com\/sv\/wp-json\/wp\/v2\/users\/1"}],"replies":[{"embeddable":true,"href":"https:\/\/rosanacl.com\/sv\/wp-json\/wp\/v2\/comments?post=3931"}],"version-history":[{"count":0,"href":"https:\/\/rosanacl.com\/sv\/wp-json\/wp\/v2\/pages\/3931\/revisions"}],"wp:attachment":[{"href":"https:\/\/rosanacl.com\/sv\/wp-json\/wp\/v2\/media?parent=3931"}],"curies":[{"name":"wp","href":"https:\/\/api.w.org\/{rel}","templated":true}]}}