{"id":4760,"date":"2026-03-19T09:41:35","date_gmt":"2026-03-19T08:41:35","guid":{"rendered":"https:\/\/rosanacl.com\/?page_id=4760"},"modified":"2026-03-19T09:44:25","modified_gmt":"2026-03-19T08:44:25","slug":"sujetador-lenceria","status":"publish","type":"page","link":"https:\/\/rosanacl.com\/sv\/sujetador-lenceria\/","title":{"rendered":"Sujetador lencer\u00eda"},"content":{"rendered":"\t\t<div data-elementor-type=\"wp-page\" data-elementor-id=\"4760\" class=\"elementor elementor-4760\" data-elementor-post-type=\"page\">\n\t\t\t\t<div class=\"elementor-element elementor-element-171998c7 e-flex e-con-boxed e-con e-parent\" data-id=\"171998c7\" data-element_type=\"container\" data-e-type=\"container\">\n\t\t\t\t\t<div class=\"e-con-inner\">\n\t\t\t\t<div class=\"elementor-element elementor-element-6575351f elementor-widget elementor-widget-text-editor\" data-id=\"6575351f\" data-element_type=\"widget\" data-e-type=\"widget\" data-widget_type=\"text-editor.default\">\n\t\t\t\t<div class=\"elementor-widget-container\">\n\t\t\t\t\t\t\t\t\t\n<p><\/p>\n\n\n\n<p><\/p>\n\t\t\t\t\t\t\t\t<\/div>\n\t\t\t\t<\/div>\n\t\t\t\t\t<\/div>\n\t\t\t\t<\/div>\n\t\t<div class=\"elementor-element elementor-element-cf7d341 e-flex e-con-boxed e-con e-parent\" data-id=\"cf7d341\" data-element_type=\"container\" data-e-type=\"container\">\n\t\t\t\t\t<div class=\"e-con-inner\">\n\t\t\t\t<div class=\"elementor-element elementor-element-1f1d080 elementor-widget elementor-widget-heading\" data-id=\"1f1d080\" data-element_type=\"widget\" data-e-type=\"widget\" data-widget_type=\"heading.default\">\n\t\t\t\t<div class=\"elementor-widget-container\">\n\t\t\t\t\t<h2 class=\"elementor-heading-title elementor-size-default\">Sujetador lencer\u00eda<\/h2>\t\t\t\t<\/div>\n\t\t\t\t<\/div>\n\t\t\t\t\t<\/div>\n\t\t\t\t<\/div>\n\t\t<div class=\"elementor-element elementor-element-dc1921d e-flex e-con-boxed e-con e-parent\" data-id=\"dc1921d\" data-element_type=\"container\" data-e-type=\"container\">\n\t\t\t\t\t<div class=\"e-con-inner\">\n\t\t<div class=\"elementor-element elementor-element-d19616f e-con-full e-flex e-con e-child\" data-id=\"d19616f\" data-element_type=\"container\" data-e-type=\"container\">\n\t\t\t\t<div class=\"elementor-element elementor-element-2ee6475 elementor-widget elementor-widget-text-editor\" data-id=\"2ee6475\" data-element_type=\"widget\" data-e-type=\"widget\" data-widget_type=\"text-editor.default\">\n\t\t\t\t<div class=\"elementor-widget-container\">\n\t\t\t\t\t\t\t\t\t<section class=\"text-token-text-primary w-full focus:outline-none [--shadow-height:45px] has-data-writing-block:pointer-events-none has-data-writing-block:-mt-(--shadow-height) has-data-writing-block:pt-(--shadow-height) [&amp;:has([data-writing-block])&gt;*]:pointer-events-auto scroll-mt-(--header-height)\" dir=\"auto\" data-turn-id=\"e88b9a8d-faf5-4610-9162-f68b710b8794\" data-testid=\"conversation-turn-49\" data-scroll-anchor=\"false\" data-turn=\"user\"><\/section>\n<section class=\"text-token-text-primary w-full focus:outline-none [--shadow-height:45px] has-data-writing-block:pointer-events-none has-data-writing-block:-mt-(--shadow-height) has-data-writing-block:pt-(--shadow-height) [&amp;:has([data-writing-block])&gt;*]:pointer-events-auto scroll-mt-[calc(var(--header-height)+min(200px,max(70px,20svh)))]\" dir=\"auto\" data-turn-id=\"request-WEB:be3ba5cb-b9e3-4afa-9608-03b704a5747b-28\" data-testid=\"conversation-turn-50\" data-scroll-anchor=\"true\" data-turn=\"assistant\">\n<div class=\"text-base my-auto mx-auto pb-10 [--thread-content-margin:var(--thread-content-margin-xs,calc(var(--spacing)*4))] @w-sm\/main:[--thread-content-margin:var(--thread-content-margin-sm,calc(var(--spacing)*6))] @w-lg\/main:[--thread-content-margin:var(--thread-content-margin-lg,calc(var(--spacing)*16))] px-(--thread-content-margin)\">\n<div class=\"[--thread-content-max-width:40rem] @w-lg\/main:[--thread-content-max-width:48rem] mx-auto max-w-(--thread-content-max-width) flex-1 group\/turn-messages focus-visible:outline-hidden relative flex w-full min-w-0 flex-col agent-turn\">\n<div class=\"flex max-w-full flex-col gap-4 grow\">\n<div class=\"min-h-8 text-message relative flex w-full flex-col items-end gap-2 text-start break-words whitespace-normal outline-none keyboard-focused:focus-ring [.text-message+&amp;]:mt-1\" dir=\"auto\" tabindex=\"0\" data-message-author-role=\"assistant\" data-message-id=\"b93aba74-3105-428d-8c99-f433bd92a37a\" data-message-model-slug=\"gpt-5-mini\" data-turn-start-message=\"true\">\n<div class=\"flex w-full flex-col gap-1 empty:hidden\">\n<div class=\"markdown prose dark:prose-invert w-full wrap-break-word dark markdown-new-styling\">\n<h2 data-section-id=\"xxln4t\" data-start=\"136\" data-end=\"200\">Elegancia diaria con sujetadores de lencer\u00eda pensados para ti<\/h2>\n<p data-start=\"202\" data-end=\"495\">En Rosana CL ofrecemos una selecci\u00f3n cuidada de <strong data-start=\"250\" data-end=\"275\">sujetador <\/strong>de <strong data-start=\"250\" data-end=\"275\">lencer\u00eda<\/strong> dise\u00f1ado para aportar comodidad, estilo y sujeci\u00f3n en el d\u00eda a d\u00eda. Cada prenda est\u00e1 pensada para adaptarse al cuerpo de forma natural, ofreciendo una sensaci\u00f3n ligera que acompa\u00f1a el movimiento sin generar molestias.<\/p>\n<p data-start=\"497\" data-end=\"997\">El objetivo de nuestro cat\u00e1logo de <strong data-start=\"532\" data-end=\"557\">sujetador <\/strong>de <strong data-start=\"532\" data-end=\"557\">lencer\u00eda<\/strong> es unir funcionalidad y est\u00e9tica en una misma prenda, con tejidos suaves y estructuras que mejoran la experiencia de uso. Trabajamos con modelos que priorizan el bienestar, asegurando que cada mujer pueda sentirse c\u00f3moda durante horas sin renunciar a un dise\u00f1o atractivo y actual. Adem\u00e1s, buscamos que cada pieza aporte una sensaci\u00f3n de confianza en cualquier situaci\u00f3n. Cada detalle est\u00e1 pensado para mejorar la experiencia diaria de uso.<\/p>\n<\/div>\n<\/div>\n<\/div>\n<\/div>\n<\/div>\n<\/div>\n<\/section>\t\t\t\t\t\t\t\t<\/div>\n\t\t\t\t<\/div>\n\t\t\t\t<\/div>\n\t\t<div class=\"elementor-element elementor-element-5568f8b e-con-full e-flex e-con e-child\" data-id=\"5568f8b\" data-element_type=\"container\" data-e-type=\"container\">\n\t\t\t\t<div class=\"elementor-element elementor-element-980debe elementor-widget elementor-widget-image\" data-id=\"980debe\" data-element_type=\"widget\" data-e-type=\"widget\" data-widget_type=\"image.default\">\n\t\t\t\t<div class=\"elementor-widget-container\">\n\t\t\t\t\t\t\t\t\t\t\t\t\t\t\t<img fetchpriority=\"high\" decoding=\"async\" width=\"800\" height=\"566\" src=\"https:\/\/rosanacl.com\/wp-content\/uploads\/2025\/05\/Impugnar-comprobacion-de-valores-barcelona-1024x724.jpg\" class=\"attachment-large size-large wp-image-4122\" alt=\"\" srcset=\"https:\/\/rosanacl.com\/wp-content\/uploads\/2025\/05\/Impugnar-comprobacion-de-valores-barcelona-1024x724.jpg 1024w, https:\/\/rosanacl.com\/wp-content\/uploads\/2025\/05\/Impugnar-comprobacion-de-valores-barcelona-300x212.jpg 300w, https:\/\/rosanacl.com\/wp-content\/uploads\/2025\/05\/Impugnar-comprobacion-de-valores-barcelona-768x543.jpg 768w, https:\/\/rosanacl.com\/wp-content\/uploads\/2025\/05\/Impugnar-comprobacion-de-valores-barcelona-1536x1086.jpg 1536w, https:\/\/rosanacl.com\/wp-content\/uploads\/2025\/05\/Impugnar-comprobacion-de-valores-barcelona-18x12.jpg 18w, https:\/\/rosanacl.com\/wp-content\/uploads\/2025\/05\/Impugnar-comprobacion-de-valores-barcelona-600x424.jpg 600w, https:\/\/rosanacl.com\/wp-content\/uploads\/2025\/05\/Impugnar-comprobacion-de-valores-barcelona.jpg 2000w\" sizes=\"(max-width: 800px) 100vw, 800px\" \/>\t\t\t\t\t\t\t\t\t\t\t\t\t\t\t<\/div>\n\t\t\t\t<\/div>\n\t\t\t\t<\/div>\n\t\t\t\t\t<\/div>\n\t\t\t\t<\/div>\n\t\t<div class=\"elementor-element elementor-element-5e380fb e-flex e-con-boxed e-con e-parent\" data-id=\"5e380fb\" data-element_type=\"container\" data-e-type=\"container\">\n\t\t\t\t\t<div class=\"e-con-inner\">\n\t\t<div class=\"elementor-element elementor-element-a763375 e-con-full e-flex e-con e-child\" data-id=\"a763375\" data-element_type=\"container\" data-e-type=\"container\">\n\t\t\t\t<div class=\"elementor-element elementor-element-a8aecc4 elementor-widget elementor-widget-image\" data-id=\"a8aecc4\" data-element_type=\"widget\" data-e-type=\"widget\" data-widget_type=\"image.default\">\n\t\t\t\t<div class=\"elementor-widget-container\">\n\t\t\t\t\t\t\t\t\t\t\t\t\t\t\t<img decoding=\"async\" width=\"800\" height=\"566\" src=\"https:\/\/rosanacl.com\/wp-content\/uploads\/2025\/11\/lenceria-selene-online-1-1024x724.jpg\" class=\"attachment-large size-large wp-image-4105\" alt=\"\" srcset=\"https:\/\/rosanacl.com\/wp-content\/uploads\/2025\/11\/lenceria-selene-online-1-1024x724.jpg 1024w, https:\/\/rosanacl.com\/wp-content\/uploads\/2025\/11\/lenceria-selene-online-1-300x212.jpg 300w, https:\/\/rosanacl.com\/wp-content\/uploads\/2025\/11\/lenceria-selene-online-1-768x543.jpg 768w, https:\/\/rosanacl.com\/wp-content\/uploads\/2025\/11\/lenceria-selene-online-1-1536x1086.jpg 1536w, https:\/\/rosanacl.com\/wp-content\/uploads\/2025\/11\/lenceria-selene-online-1-18x12.jpg 18w, https:\/\/rosanacl.com\/wp-content\/uploads\/2025\/11\/lenceria-selene-online-1-600x424.jpg 600w, https:\/\/rosanacl.com\/wp-content\/uploads\/2025\/11\/lenceria-selene-online-1.jpg 2000w\" sizes=\"(max-width: 800px) 100vw, 800px\" \/>\t\t\t\t\t\t\t\t\t\t\t\t\t\t\t<\/div>\n\t\t\t\t<\/div>\n\t\t\t\t<\/div>\n\t\t<div class=\"elementor-element elementor-element-b02b1e9 e-con-full e-flex e-con e-child\" data-id=\"b02b1e9\" data-element_type=\"container\" data-e-type=\"container\">\n\t\t\t\t<div class=\"elementor-element elementor-element-ca9adbf elementor-widget elementor-widget-text-editor\" data-id=\"ca9adbf\" data-element_type=\"widget\" data-e-type=\"widget\" data-widget_type=\"text-editor.default\">\n\t\t\t\t<div class=\"elementor-widget-container\">\n\t\t\t\t\t\t\t\t\t<h2 data-section-id=\"1e521hc\" data-start=\"1004\" data-end=\"1067\">Dise\u00f1os actuales en sujetadores de lencer\u00eda para cada estilo<\/h2>\n<p data-start=\"1069\" data-end=\"1378\">Nuestra colecci\u00f3n de <strong data-start=\"1090\" data-end=\"1115\">sujetador <\/strong>de <strong data-start=\"1090\" data-end=\"1115\">lencer\u00eda<\/strong> incluye una amplia variedad de dise\u00f1os pensados para adaptarse a diferentes gustos y necesidades. Desde modelos m\u00e1s sencillos para el uso diario hasta opciones con detalles m\u00e1s elegantes, cada prenda ofrece una combinaci\u00f3n equilibrada entre soporte y est\u00e9tica.<\/p>\n<p data-start=\"1380\" data-end=\"1852\" data-is-last-node=\"\" data-is-only-node=\"\">Cada <strong data-start=\"1385\" data-end=\"1410\">sujetador <\/strong>de <strong data-start=\"1385\" data-end=\"1410\">lencer\u00eda<\/strong> est\u00e1 creado para ajustarse a distintos tipos de cuerpo, garantizando una sensaci\u00f3n de seguridad y confort en cualquier situaci\u00f3n. La variedad de tallas y acabados permite encontrar f\u00e1cilmente la opci\u00f3n perfecta para cada mujer, mejorando as\u00ed la experiencia de uso en el d\u00eda a d\u00eda. Esto permite que cada clienta encuentre un modelo que se adapte realmente a su estilo de vida. La comodidad y el ajuste son siempre la prioridad en cada dise\u00f1o.<\/p>\t\t\t\t\t\t\t\t<\/div>\n\t\t\t\t<\/div>\n\t\t\t\t<\/div>\n\t\t\t\t\t<\/div>\n\t\t\t\t<\/div>\n\t\t<div class=\"elementor-element elementor-element-495e863 e-flex e-con-boxed e-con e-parent\" data-id=\"495e863\" data-element_type=\"container\" data-e-type=\"container\">\n\t\t\t\t\t<div class=\"e-con-inner\">\n\t\t\t\t<div class=\"elementor-element elementor-element-fe47ba3 elementor-widget elementor-widget-text-editor\" data-id=\"fe47ba3\" data-element_type=\"widget\" data-e-type=\"widget\" data-widget_type=\"text-editor.default\">\n\t\t\t\t<div class=\"elementor-widget-container\">\n\t\t\t\t\t\t\t\t\t<h2 data-section-id=\"sm2bqw\" data-start=\"1403\" data-end=\"1457\">Comprar sujetador de lencer\u00eda online f\u00e1cil y r\u00e1pido<\/h2>\n<p data-start=\"1459\" data-end=\"1715\">Adquirir un <strong data-start=\"1471\" data-end=\"1496\">sujetador <\/strong>de <strong data-start=\"1471\" data-end=\"1496\">lencer\u00eda<\/strong> en Rosana CL es un proceso sencillo, r\u00e1pido y dise\u00f1ado para facilitar la experiencia del usuario. Nuestra tienda online permite encontrar el modelo ideal en pocos pasos, con una navegaci\u00f3n clara y sin complicaciones.<\/p>\n<h2 data-section-id=\"s55nbk\" data-start=\"1973\" data-end=\"2027\">Comodidad y confianza en cada sujetador de lencer\u00eda<\/h2>\n<p data-start=\"2029\" data-end=\"2253\">El <strong data-start=\"2032\" data-end=\"2057\">sujetador <\/strong>de <strong data-start=\"2032\" data-end=\"2057\">lencer\u00eda<\/strong> que seleccionamos en Rosana CL est\u00e1 pensado para ofrecer comodidad duradera y una adaptaci\u00f3n natural al cuerpo. Cada modelo busca mejorar el bienestar diario sin perder estilo ni funcionalidad.<\/p>\t\t\t\t\t\t\t\t<\/div>\n\t\t\t\t<\/div>\n\t\t\t\t\t<\/div>\n\t\t\t\t<\/div>\n\t\t<div class=\"elementor-element elementor-element-d05ed3a e-flex e-con-boxed e-con e-parent\" data-id=\"d05ed3a\" data-element_type=\"container\" data-e-type=\"container\">\n\t\t\t\t\t<div class=\"e-con-inner\">\n\t\t\t\t<div class=\"elementor-element elementor-element-b883e86 elementor-widget elementor-widget-heading\" data-id=\"b883e86\" data-element_type=\"widget\" data-e-type=\"widget\" data-widget_type=\"heading.default\">\n\t\t\t\t<div class=\"elementor-widget-container\">\n\t\t\t\t\t<h2 class=\"elementor-heading-title elementor-size-default\">Contacta con nosotros <\/h2>\t\t\t\t<\/div>\n\t\t\t\t<\/div>\n\t\t\t\t\t<\/div>\n\t\t\t\t<\/div>\n\t\t<div class=\"elementor-element elementor-element-00e20e2 e-flex e-con-boxed e-con e-parent\" data-id=\"00e20e2\" data-element_type=\"container\" data-e-type=\"container\">\n\t\t\t\t\t<div class=\"e-con-inner\">\n\t\t<div class=\"elementor-element elementor-element-8ad8f7b e-con-full e-flex e-con e-child\" data-id=\"8ad8f7b\" data-element_type=\"container\" data-e-type=\"container\">\n\t\t\t\t<div class=\"elementor-element elementor-element-888944a elementor-widget__width-initial elementor-widget elementor-widget-elementskit-contact-form7\" data-id=\"888944a\" data-element_type=\"widget\" data-e-type=\"widget\" data-widget_type=\"elementskit-contact-form7.default\">\n\t\t\t\t<div class=\"elementor-widget-container\">\n\t\t\t\t\t<div class=\"ekit-wid-con\" ><div class=\"ekit-form\">\n<div class=\"wpcf7 no-js\" id=\"wpcf7-f48-p4760-o1\" lang=\"es-ES\" dir=\"ltr\" data-wpcf7-id=\"48\">\n<div class=\"screen-reader-response\"><p role=\"status\" aria-live=\"polite\" aria-atomic=\"true\"><\/p> <ul><\/ul><\/div>\n<form action=\"\/da\/sujetador-lenceria\/#wpcf7-f48-p4760-o1\" method=\"post\" class=\"wpcf7-form init\" aria-label=\"Formulario de contacto\" novalidate=\"novalidate\" data-status=\"init\">\n<fieldset class=\"hidden-fields-container\"><input type=\"hidden\" name=\"_wpcf7\" value=\"48\" \/><input type=\"hidden\" name=\"_wpcf7_version\" value=\"6.1.5\" \/><input type=\"hidden\" name=\"_wpcf7_locale\" value=\"es_ES\" \/><input type=\"hidden\" name=\"_wpcf7_unit_tag\" value=\"wpcf7-f48-p4760-o1\" \/><input type=\"hidden\" name=\"_wpcf7_container_post\" value=\"4760\" \/><input type=\"hidden\" name=\"_wpcf7_posted_data_hash\" value=\"\" \/><input type=\"hidden\" name=\"_wpcf7_recaptcha_response\" value=\"\" \/>\n<\/fieldset>\n<div class=\"form-row\">\n\t<div class=\"form-column\">\n\t\t<p><span class=\"wpcf7-form-control-wrap\" data-name=\"nombre\"><input size=\"40\" maxlength=\"400\" class=\"wpcf7-form-control wpcf7-text wpcf7-validates-as-required\" aria-required=\"true\" aria-invalid=\"false\" placeholder=\"Nombre\" value=\"\" type=\"text\" name=\"nombre\" \/><\/span>\n\t\t<\/p>\n\t<\/div>\n\t<div class=\"form-column\">\n\t\t<p><span class=\"wpcf7-form-control-wrap\" data-name=\"telefono\"><input size=\"40\" maxlength=\"400\" class=\"wpcf7-form-control wpcf7-tel wpcf7-validates-as-required wpcf7-text wpcf7-validates-as-tel\" aria-required=\"true\" aria-invalid=\"false\" placeholder=\"Tel\u00e9fono *\" value=\"\" type=\"tel\" name=\"telefono\" \/><\/span>\n\t\t<\/p>\n\t<\/div>\n<\/div>\n<div class=\"form-row\">\n\t<div class=\"form-column\">\n\t\t<p><span class=\"wpcf7-form-control-wrap\" data-name=\"email\"><input size=\"40\" maxlength=\"400\" class=\"wpcf7-form-control wpcf7-email wpcf7-validates-as-required wpcf7-text wpcf7-validates-as-email\" aria-required=\"true\" aria-invalid=\"false\" placeholder=\"Email *\" value=\"\" type=\"email\" name=\"email\" \/><\/span>\n\t\t<\/p>\n\t<\/div>\n\t<div class=\"form-column\">\n\t\t<p><span class=\"wpcf7-form-control-wrap\" data-name=\"asunto\"><input size=\"40\" maxlength=\"400\" class=\"wpcf7-form-control wpcf7-text wpcf7-validates-as-required\" aria-required=\"true\" aria-invalid=\"false\" placeholder=\"Asunto *\" value=\"\" type=\"text\" name=\"asunto\" \/><\/span>\n\t\t<\/p>\n\t<\/div>\n<\/div>\n<p><span class=\"wpcf7-form-control-wrap\" data-name=\"mensaje\"><textarea cols=\"40\" rows=\"10\" maxlength=\"2000\" class=\"wpcf7-form-control wpcf7-textarea wpcf7-validates-as-required\" aria-required=\"true\" aria-invalid=\"false\" placeholder=\"Mensaje\" name=\"mensaje\"><\/textarea><\/span>\n<\/p>\n<p class=\"legal-priv\"><span class=\"wpcf7-form-control-wrap\" data-name=\"acceptance-787\"><span class=\"wpcf7-form-control wpcf7-acceptance\"><span class=\"wpcf7-list-item\"><label><input type=\"checkbox\" name=\"acceptance-787\" value=\"1\" aria-invalid=\"false\" \/><span class=\"wpcf7-list-item-label\">He le\u00eddo y acepto la <a href=\"https:\/\/rosanacl.com\/politica-de-privacidad\/\">Pol\u00edtica de Privacidad<\/a><\/span><\/label><\/span><\/span><\/span>\n<\/p>\n<p><input class=\"wpcf7-form-control wpcf7-submit has-spinner\" type=\"submit\" value=\"ENVIAR MENSAJE\" \/>\n<\/p><div class=\"wpcf7-response-output\" aria-hidden=\"true\"><\/div>\n<\/form>\n<\/div>\n<\/div><\/div>\t\t\t\t<\/div>\n\t\t\t\t<\/div>\n\t\t\t\t<\/div>\n\t\t\t\t\t<\/div>\n\t\t\t\t<\/div>\n\t\t\t\t<\/div>\n\t\t","protected":false},"excerpt":{"rendered":"<p>Sujetador lencer\u00eda Elegancia diaria con sujetadores de lencer\u00eda pensados para ti En Rosana CL ofrecemos una selecci\u00f3n cuidada de sujetador de lencer\u00eda dise\u00f1ado para aportar comodidad, estilo y sujeci\u00f3n en el d\u00eda a d\u00eda. Cada prenda est\u00e1 pensada para adaptarse al cuerpo de forma natural, ofreciendo una sensaci\u00f3n ligera que acompa\u00f1a el movimiento sin generar [&hellip;]<\/p>\n","protected":false},"author":1,"featured_media":0,"parent":0,"menu_order":0,"comment_status":"closed","ping_status":"closed","template":"","meta":{"content-type":"","footnotes":""},"class_list":["post-4760","page","type-page","status-publish","hentry"],"yoast_head":"<!-- This site is optimized with the Yoast SEO plugin v27.4 - https:\/\/yoast.com\/product\/yoast-seo-wordpress\/ -->\n<title>Sujetador lencer\u00eda - Rosana CL<\/title>\n<meta name=\"description\" content=\"Descubre sujetador de lencer\u00eda en Rosana CL con comodidad, dise\u00f1o y calidad en modelos adaptados a cada mujer con env\u00edo r\u00e1pido.\" \/>\n<meta name=\"robots\" content=\"index, follow, max-snippet:-1, max-image-preview:large, max-video-preview:-1\" \/>\n<link rel=\"canonical\" href=\"https:\/\/rosanacl.com\/sv\/sujetador-lenceria\/\" \/>\n<meta property=\"og:locale\" content=\"sv_SE\" \/>\n<meta property=\"og:type\" content=\"article\" \/>\n<meta property=\"og:title\" content=\"Sujetador lencer\u00eda - Rosana CL\" \/>\n<meta property=\"og:description\" content=\"Descubre sujetador de lencer\u00eda en Rosana CL con comodidad, dise\u00f1o y calidad en modelos adaptados a cada mujer con env\u00edo r\u00e1pido.\" \/>\n<meta property=\"og:url\" content=\"https:\/\/rosanacl.com\/sv\/sujetador-lenceria\/\" \/>\n<meta property=\"og:site_name\" content=\"Rosana CL\" \/>\n<meta property=\"article:modified_time\" content=\"2026-03-19T08:44:25+00:00\" \/>\n<meta property=\"og:image\" content=\"https:\/\/rosanacl.com\/wp-content\/uploads\/2025\/05\/Impugnar-comprobacion-de-valores-barcelona.jpg\" \/>\n\t<meta property=\"og:image:width\" content=\"2000\" \/>\n\t<meta property=\"og:image:height\" content=\"1414\" \/>\n\t<meta property=\"og:image:type\" content=\"image\/jpeg\" \/>\n<meta name=\"twitter:card\" content=\"summary_large_image\" \/>\n<meta name=\"twitter:label1\" content=\"Ber\u00e4knad l\u00e4stid\" \/>\n\t<meta name=\"twitter:data1\" content=\"3 minuter\" \/>\n<script type=\"application\/ld+json\" class=\"yoast-schema-graph\">{\"@context\":\"https:\\\/\\\/schema.org\",\"@graph\":[{\"@type\":\"WebPage\",\"@id\":\"https:\\\/\\\/rosanacl.com\\\/sujetador-lenceria\\\/\",\"url\":\"https:\\\/\\\/rosanacl.com\\\/sujetador-lenceria\\\/\",\"name\":\"Sujetador lencer\u00eda - Rosana CL\",\"isPartOf\":{\"@id\":\"https:\\\/\\\/rosanacl.com\\\/ca\\\/#website\"},\"primaryImageOfPage\":{\"@id\":\"https:\\\/\\\/rosanacl.com\\\/sujetador-lenceria\\\/#primaryimage\"},\"image\":{\"@id\":\"https:\\\/\\\/rosanacl.com\\\/sujetador-lenceria\\\/#primaryimage\"},\"thumbnailUrl\":\"https:\\\/\\\/rosanacl.com\\\/wp-content\\\/uploads\\\/2025\\\/05\\\/Impugnar-comprobacion-de-valores-barcelona-1024x724.jpg\",\"datePublished\":\"2026-03-19T08:41:35+00:00\",\"dateModified\":\"2026-03-19T08:44:25+00:00\",\"description\":\"Descubre sujetador de lencer\u00eda en Rosana CL con comodidad, dise\u00f1o y calidad en modelos adaptados a cada mujer con env\u00edo r\u00e1pido.\",\"breadcrumb\":{\"@id\":\"https:\\\/\\\/rosanacl.com\\\/sujetador-lenceria\\\/#breadcrumb\"},\"inLanguage\":\"sv-SE\",\"potentialAction\":[{\"@type\":\"ReadAction\",\"target\":[\"https:\\\/\\\/rosanacl.com\\\/sujetador-lenceria\\\/\"]}]},{\"@type\":\"ImageObject\",\"inLanguage\":\"sv-SE\",\"@id\":\"https:\\\/\\\/rosanacl.com\\\/sujetador-lenceria\\\/#primaryimage\",\"url\":\"https:\\\/\\\/rosanacl.com\\\/wp-content\\\/uploads\\\/2025\\\/05\\\/Impugnar-comprobacion-de-valores-barcelona-1024x724.jpg\",\"contentUrl\":\"https:\\\/\\\/rosanacl.com\\\/wp-content\\\/uploads\\\/2025\\\/05\\\/Impugnar-comprobacion-de-valores-barcelona-1024x724.jpg\"},{\"@type\":\"BreadcrumbList\",\"@id\":\"https:\\\/\\\/rosanacl.com\\\/sujetador-lenceria\\\/#breadcrumb\",\"itemListElement\":[{\"@type\":\"ListItem\",\"position\":1,\"name\":\"Portada\",\"item\":\"https:\\\/\\\/rosanacl.com\\\/ca\\\/\"},{\"@type\":\"ListItem\",\"position\":2,\"name\":\"Sujetador lencer\u00eda\"}]},{\"@type\":\"WebSite\",\"@id\":\"https:\\\/\\\/rosanacl.com\\\/ca\\\/#website\",\"url\":\"https:\\\/\\\/rosanacl.com\\\/ca\\\/\",\"name\":\"Rosana CL\",\"description\":\"Somos tu interior\",\"potentialAction\":[{\"@type\":\"SearchAction\",\"target\":{\"@type\":\"EntryPoint\",\"urlTemplate\":\"https:\\\/\\\/rosanacl.com\\\/ca\\\/?s={search_term_string}\"},\"query-input\":{\"@type\":\"PropertyValueSpecification\",\"valueRequired\":true,\"valueName\":\"search_term_string\"}}],\"inLanguage\":\"sv-SE\"}]}<\/script>\n<!-- \/ Yoast SEO plugin. -->","yoast_head_json":{"title":"Sujetador lencer\u00eda - Rosana CL","description":"Descubre sujetador de lencer\u00eda en Rosana CL con comodidad, dise\u00f1o y calidad en modelos adaptados a cada mujer con env\u00edo r\u00e1pido.","robots":{"index":"index","follow":"follow","max-snippet":"max-snippet:-1","max-image-preview":"max-image-preview:large","max-video-preview":"max-video-preview:-1"},"canonical":"https:\/\/rosanacl.com\/sv\/sujetador-lenceria\/","og_locale":"sv_SE","og_type":"article","og_title":"Sujetador lencer\u00eda - Rosana CL","og_description":"Descubre sujetador de lencer\u00eda en Rosana CL con comodidad, dise\u00f1o y calidad en modelos adaptados a cada mujer con env\u00edo r\u00e1pido.","og_url":"https:\/\/rosanacl.com\/sv\/sujetador-lenceria\/","og_site_name":"Rosana CL","article_modified_time":"2026-03-19T08:44:25+00:00","og_image":[{"width":2000,"height":1414,"url":"https:\/\/rosanacl.com\/wp-content\/uploads\/2025\/05\/Impugnar-comprobacion-de-valores-barcelona.jpg","type":"image\/jpeg"}],"twitter_card":"summary_large_image","twitter_misc":{"Ber\u00e4knad l\u00e4stid":"3 minuter"},"schema":{"@context":"https:\/\/schema.org","@graph":[{"@type":"WebPage","@id":"https:\/\/rosanacl.com\/sujetador-lenceria\/","url":"https:\/\/rosanacl.com\/sujetador-lenceria\/","name":"Sujetador lencer\u00eda - Rosana CL","isPartOf":{"@id":"https:\/\/rosanacl.com\/ca\/#website"},"primaryImageOfPage":{"@id":"https:\/\/rosanacl.com\/sujetador-lenceria\/#primaryimage"},"image":{"@id":"https:\/\/rosanacl.com\/sujetador-lenceria\/#primaryimage"},"thumbnailUrl":"https:\/\/rosanacl.com\/wp-content\/uploads\/2025\/05\/Impugnar-comprobacion-de-valores-barcelona-1024x724.jpg","datePublished":"2026-03-19T08:41:35+00:00","dateModified":"2026-03-19T08:44:25+00:00","description":"Descubre sujetador de lencer\u00eda en Rosana CL con comodidad, dise\u00f1o y calidad en modelos adaptados a cada mujer con env\u00edo r\u00e1pido.","breadcrumb":{"@id":"https:\/\/rosanacl.com\/sujetador-lenceria\/#breadcrumb"},"inLanguage":"sv-SE","potentialAction":[{"@type":"ReadAction","target":["https:\/\/rosanacl.com\/sujetador-lenceria\/"]}]},{"@type":"ImageObject","inLanguage":"sv-SE","@id":"https:\/\/rosanacl.com\/sujetador-lenceria\/#primaryimage","url":"https:\/\/rosanacl.com\/wp-content\/uploads\/2025\/05\/Impugnar-comprobacion-de-valores-barcelona-1024x724.jpg","contentUrl":"https:\/\/rosanacl.com\/wp-content\/uploads\/2025\/05\/Impugnar-comprobacion-de-valores-barcelona-1024x724.jpg"},{"@type":"BreadcrumbList","@id":"https:\/\/rosanacl.com\/sujetador-lenceria\/#breadcrumb","itemListElement":[{"@type":"ListItem","position":1,"name":"Portada","item":"https:\/\/rosanacl.com\/ca\/"},{"@type":"ListItem","position":2,"name":"Sujetador lencer\u00eda"}]},{"@type":"WebSite","@id":"https:\/\/rosanacl.com\/ca\/#website","url":"https:\/\/rosanacl.com\/ca\/","name":"Rosana CL","description":"Vi \u00e4r ditt inre jag","potentialAction":[{"@type":"SearchAction","target":{"@type":"EntryPoint","urlTemplate":"https:\/\/rosanacl.com\/ca\/?s={search_term_string}"},"query-input":{"@type":"PropertyValueSpecification","valueRequired":true,"valueName":"search_term_string"}}],"inLanguage":"sv-SE"}]}},"_links":{"self":[{"href":"https:\/\/rosanacl.com\/sv\/wp-json\/wp\/v2\/pages\/4760","targetHints":{"allow":["GET"]}}],"collection":[{"href":"https:\/\/rosanacl.com\/sv\/wp-json\/wp\/v2\/pages"}],"about":[{"href":"https:\/\/rosanacl.com\/sv\/wp-json\/wp\/v2\/types\/page"}],"author":[{"embeddable":true,"href":"https:\/\/rosanacl.com\/sv\/wp-json\/wp\/v2\/users\/1"}],"replies":[{"embeddable":true,"href":"https:\/\/rosanacl.com\/sv\/wp-json\/wp\/v2\/comments?post=4760"}],"version-history":[{"count":4,"href":"https:\/\/rosanacl.com\/sv\/wp-json\/wp\/v2\/pages\/4760\/revisions"}],"predecessor-version":[{"id":4764,"href":"https:\/\/rosanacl.com\/sv\/wp-json\/wp\/v2\/pages\/4760\/revisions\/4764"}],"wp:attachment":[{"href":"https:\/\/rosanacl.com\/sv\/wp-json\/wp\/v2\/media?parent=4760"}],"curies":[{"name":"wp","href":"https:\/\/api.w.org\/{rel}","templated":true}]}}