{"id":542,"date":"2025-04-29T19:14:55","date_gmt":"2025-04-29T17:14:55","guid":{"rendered":"https:\/\/rosanacl.com\/?post_type=product&#038;p=542"},"modified":"2026-01-10T23:07:14","modified_gmt":"2026-01-10T22:07:14","slug":"sujetador-modelo-elvira","status":"publish","type":"product","link":"https:\/\/rosanacl.com\/sv\/produkt\/sujetador-modelo-elvira\/","title":{"rendered":"Selene Elvira-bh"},"content":{"rendered":"<p>Selene Elvira-bh:n \u00e4r designad f\u00f6r de dagar d\u00e5 du vill ha riktig komfort utan att offra en vacker form. Dess f\u00f6rb\u00f6jda, dubbelskiktade mikrofiber omsluter bysten varsamt och ger en l\u00e4tt och \u00e5terfuktande k\u00e4nsla. Utan s\u00f6mmar i kuporna ser den stilren ut under T-shirts och \u00e5tsittande kl\u00e4der, och erbjuder en diskret och smickrande finish.<\/p>\n<p>Dessutom \u00e4r Elvira en av de modeller som anpassar sig till din livsstil: den ger st\u00f6d utan att k\u00e4nnas begr\u00e4nsande, f\u00f6rdelar vikten med breda band och \u00e4r perfekt f\u00f6r vardagsbruk s\u00e5v\u00e4l som n\u00e4r du letar efter en bekv\u00e4m sport-bh f\u00f6r att r\u00f6ra dig fritt. Den \u00e4r ett smart och viktigt plagg f\u00f6r dig som prioriterar st\u00f6d, komfort och praktiska egenskaper, med en touch av elegans i detaljerna.<\/p>\n<p>Vad du kommer att l\u00e4gga m\u00e4rke till (och gilla) med Elvira<\/p>\n<ul>\n<li>F\u00f6rformad mikrofiber i dubbla lager: bekv\u00e4mt st\u00f6d och en naturlig effekt.<\/li>\n<li>S\u00f6ml\u00f6s kupa: den syns inte igenom och sitter perfekt under kl\u00e4der.<\/li>\n<li>Breda axelband: b\u00e4ttre viktf\u00f6rdelning och mer komfort p\u00e5 axlarna.<\/li>\n<li>Stabilt st\u00f6d f\u00f6r vardagsbruk (perfekt om du vill vara &quot;inkammad&quot; utan att vara f\u00f6r tajt).<\/li>\n<li>M\u00e5ngsidig: perfekt som en enkel BH och \u00e4ven f\u00f6r aktiva dagar.<\/li>\n<\/ul>\n<p>\ud83d\udde3\ufe0f Tips: Elvira \u00e4r ett av de d\u00e4r plagg som ger dig en &quot;mjuk kram&quot;-k\u00e4nsla: den h\u00e5ller dig bekv\u00e4m och s\u00e4ker, men med en andra hud i mikrofiber, utan n\u00e5gra obekv\u00e4ma s\u00f6mmar eller m\u00e4rken. Perfekt f\u00f6r l\u00e5nga dagar eller n\u00e4r du \u00e4r v\u00e4ldigt aktiv, eftersom den st\u00f6djer dig utan att vara \u00f6verv\u00e4ldigande och l\u00e4mnar dig med k\u00e4nslan av &quot;jag \u00e4r v\u00e4lkl\u00e4dd&quot;.<\/p>\n<p>\ud83d\udccf Obs: Om du vill ha en s\u00e4ker och icke-str\u00e4ckande passform, v\u00e4lj din vanliga storlek; om du \u00e4r mellan tv\u00e5 storlekar eller om bandet k\u00e4nns obekv\u00e4mt efter l\u00e5nga perioder ute, g\u00e5 upp en storlek. Och om du vill ha en mer &quot;komprimerad&quot; effekt, kontrollera ditt m\u00e5tt under bysten f\u00f6r att s\u00e4kerst\u00e4lla att du f\u00e5r r\u00e4tt f\u00f6rsta g\u00e5ngen.<\/p>\n<p>Sammans\u00e4ttning: 82% polyamid, 18% elastan.<\/p>\n<p>\ud83c\udf80 En liten lyx som syns i spegeln.<\/p>","protected":false},"excerpt":{"rendered":"<p>https:\/\/youtube.com\/shorts\/gSBYc8cwLWo?si=u1woCAQD1rt_D2Jb<\/p>","protected":false},"featured_media":2353,"comment_status":"open","ping_status":"closed","template":"","meta":{"content-type":""},"product_brand":[55],"product_cat":[25,20],"product_tag":[56,60],"class_list":{"0":"post-542","1":"product","2":"type-product","3":"status-publish","4":"has-post-thumbnail","6":"product_brand-selene","7":"product_cat-sin-aros","8":"product_cat-sujetador","9":"product_tag-sujetador","10":"product_tag-sujetador-sin-aros","12":"first","13":"instock","14":"taxable","15":"shipping-taxable","16":"purchasable","17":"product-type-variable"},"supplier_id":null,"supplier_sku":"","barcode":null,"atum_controlled":true,"out_stock_date":null,"out_stock_threshold":null,"inheritable":true,"inbound_stock":null,"stock_on_hold":0,"sold_today":0,"sales_last_days":0,"reserved_stock":null,"customer_returns":null,"warehouse_damage":null,"lost_in_post":null,"other_logs":null,"out_stock_days":0,"lost_sales":0,"has_location":false,"update_date":"2026-01-10T22:07:15","atum_locations":[],"atum_stock_status":"instock","restock_status":false,"low_stock_amount":"","sales_update_date":"2025-08-19T02:35:53","calc_backorders":null,"yoast_head":"<!-- This site is optimized with the Yoast SEO plugin v27.4 - https:\/\/yoast.com\/product\/yoast-seo-wordpress\/ -->\n<title>Sujetador Selene Elvira - Rosana CL<\/title>\n<meta name=\"robots\" content=\"index, follow, max-snippet:-1, max-image-preview:large, max-video-preview:-1\" \/>\n<link rel=\"canonical\" href=\"https:\/\/rosanacl.com\/sv\/produkt\/sujetador-modelo-elvira\/\" \/>\n<meta property=\"og:locale\" content=\"sv_SE\" \/>\n<meta property=\"og:type\" content=\"article\" \/>\n<meta property=\"og:title\" content=\"Sujetador Selene Elvira - Rosana CL\" \/>\n<meta property=\"og:description\" content=\"https:\/\/youtube.com\/shorts\/gSBYc8cwLWo?si=u1woCAQD1rt_D2Jb\" \/>\n<meta property=\"og:url\" content=\"https:\/\/rosanacl.com\/sv\/produkt\/sujetador-modelo-elvira\/\" \/>\n<meta property=\"og:site_name\" content=\"Rosana CL\" \/>\n<meta property=\"article:modified_time\" content=\"2026-01-10T22:07:14+00:00\" \/>\n<meta property=\"og:image\" content=\"https:\/\/rosanacl.com\/wp-content\/uploads\/2025\/04\/1-2-e1756816694215.jpg\" \/>\n\t<meta property=\"og:image:width\" content=\"882\" \/>\n\t<meta property=\"og:image:height\" content=\"1170\" \/>\n\t<meta property=\"og:image:type\" content=\"image\/jpeg\" \/>\n<meta name=\"twitter:card\" content=\"summary_large_image\" \/>\n<meta name=\"twitter:label1\" content=\"Ber\u00e4knad l\u00e4stid\" \/>\n\t<meta name=\"twitter:data1\" content=\"2 minuter\" \/>\n<script type=\"application\/ld+json\" class=\"yoast-schema-graph\">{\"@context\":\"https:\\\/\\\/schema.org\",\"@graph\":[{\"@type\":\"WebPage\",\"@id\":\"https:\\\/\\\/rosanacl.com\\\/producto\\\/sujetador-modelo-elvira\\\/\",\"url\":\"https:\\\/\\\/rosanacl.com\\\/producto\\\/sujetador-modelo-elvira\\\/\",\"name\":\"Sujetador Selene Elvira - Rosana CL\",\"isPartOf\":{\"@id\":\"https:\\\/\\\/rosanacl.com\\\/ca\\\/#website\"},\"primaryImageOfPage\":{\"@id\":\"https:\\\/\\\/rosanacl.com\\\/producto\\\/sujetador-modelo-elvira\\\/#primaryimage\"},\"image\":{\"@id\":\"https:\\\/\\\/rosanacl.com\\\/producto\\\/sujetador-modelo-elvira\\\/#primaryimage\"},\"thumbnailUrl\":\"https:\\\/\\\/rosanacl.com\\\/wp-content\\\/uploads\\\/2025\\\/04\\\/1-2-e1756816694215.jpg\",\"datePublished\":\"2025-04-29T17:14:55+00:00\",\"dateModified\":\"2026-01-10T22:07:14+00:00\",\"breadcrumb\":{\"@id\":\"https:\\\/\\\/rosanacl.com\\\/producto\\\/sujetador-modelo-elvira\\\/#breadcrumb\"},\"inLanguage\":\"sv-SE\",\"potentialAction\":[{\"@type\":\"ReadAction\",\"target\":[\"https:\\\/\\\/rosanacl.com\\\/producto\\\/sujetador-modelo-elvira\\\/\"]}]},{\"@type\":\"ImageObject\",\"inLanguage\":\"sv-SE\",\"@id\":\"https:\\\/\\\/rosanacl.com\\\/producto\\\/sujetador-modelo-elvira\\\/#primaryimage\",\"url\":\"https:\\\/\\\/rosanacl.com\\\/wp-content\\\/uploads\\\/2025\\\/04\\\/1-2-e1756816694215.jpg\",\"contentUrl\":\"https:\\\/\\\/rosanacl.com\\\/wp-content\\\/uploads\\\/2025\\\/04\\\/1-2-e1756816694215.jpg\",\"width\":882,\"height\":1170},{\"@type\":\"BreadcrumbList\",\"@id\":\"https:\\\/\\\/rosanacl.com\\\/producto\\\/sujetador-modelo-elvira\\\/#breadcrumb\",\"itemListElement\":[{\"@type\":\"ListItem\",\"position\":1,\"name\":\"Portada\",\"item\":\"https:\\\/\\\/rosanacl.com\\\/ca\\\/\"},{\"@type\":\"ListItem\",\"position\":2,\"name\":\"Tienda\",\"item\":\"https:\\\/\\\/rosanacl.com\\\/ca\\\/tienda\\\/\"},{\"@type\":\"ListItem\",\"position\":3,\"name\":\"Sujetador Selene Elvira\"}]},{\"@type\":\"WebSite\",\"@id\":\"https:\\\/\\\/rosanacl.com\\\/ca\\\/#website\",\"url\":\"https:\\\/\\\/rosanacl.com\\\/ca\\\/\",\"name\":\"Rosana CL\",\"description\":\"Somos tu interior\",\"potentialAction\":[{\"@type\":\"SearchAction\",\"target\":{\"@type\":\"EntryPoint\",\"urlTemplate\":\"https:\\\/\\\/rosanacl.com\\\/ca\\\/?s={search_term_string}\"},\"query-input\":{\"@type\":\"PropertyValueSpecification\",\"valueRequired\":true,\"valueName\":\"search_term_string\"}}],\"inLanguage\":\"sv-SE\"}]}<\/script>\n<!-- \/ Yoast SEO plugin. -->","yoast_head_json":{"title":"Sujetador Selene Elvira - Rosana CL","robots":{"index":"index","follow":"follow","max-snippet":"max-snippet:-1","max-image-preview":"max-image-preview:large","max-video-preview":"max-video-preview:-1"},"canonical":"https:\/\/rosanacl.com\/sv\/produkt\/sujetador-modelo-elvira\/","og_locale":"sv_SE","og_type":"article","og_title":"Sujetador Selene Elvira - Rosana CL","og_description":"https:\/\/youtube.com\/shorts\/gSBYc8cwLWo?si=u1woCAQD1rt_D2Jb","og_url":"https:\/\/rosanacl.com\/sv\/produkt\/sujetador-modelo-elvira\/","og_site_name":"Rosana CL","article_modified_time":"2026-01-10T22:07:14+00:00","og_image":[{"width":882,"height":1170,"url":"https:\/\/rosanacl.com\/wp-content\/uploads\/2025\/04\/1-2-e1756816694215.jpg","type":"image\/jpeg"}],"twitter_card":"summary_large_image","twitter_misc":{"Ber\u00e4knad l\u00e4stid":"2 minuter"},"schema":{"@context":"https:\/\/schema.org","@graph":[{"@type":"WebPage","@id":"https:\/\/rosanacl.com\/producto\/sujetador-modelo-elvira\/","url":"https:\/\/rosanacl.com\/producto\/sujetador-modelo-elvira\/","name":"Sujetador Selene Elvira - Rosana CL","isPartOf":{"@id":"https:\/\/rosanacl.com\/ca\/#website"},"primaryImageOfPage":{"@id":"https:\/\/rosanacl.com\/producto\/sujetador-modelo-elvira\/#primaryimage"},"image":{"@id":"https:\/\/rosanacl.com\/producto\/sujetador-modelo-elvira\/#primaryimage"},"thumbnailUrl":"https:\/\/rosanacl.com\/wp-content\/uploads\/2025\/04\/1-2-e1756816694215.jpg","datePublished":"2025-04-29T17:14:55+00:00","dateModified":"2026-01-10T22:07:14+00:00","breadcrumb":{"@id":"https:\/\/rosanacl.com\/producto\/sujetador-modelo-elvira\/#breadcrumb"},"inLanguage":"sv-SE","potentialAction":[{"@type":"ReadAction","target":["https:\/\/rosanacl.com\/producto\/sujetador-modelo-elvira\/"]}]},{"@type":"ImageObject","inLanguage":"sv-SE","@id":"https:\/\/rosanacl.com\/producto\/sujetador-modelo-elvira\/#primaryimage","url":"https:\/\/rosanacl.com\/wp-content\/uploads\/2025\/04\/1-2-e1756816694215.jpg","contentUrl":"https:\/\/rosanacl.com\/wp-content\/uploads\/2025\/04\/1-2-e1756816694215.jpg","width":882,"height":1170},{"@type":"BreadcrumbList","@id":"https:\/\/rosanacl.com\/producto\/sujetador-modelo-elvira\/#breadcrumb","itemListElement":[{"@type":"ListItem","position":1,"name":"Portada","item":"https:\/\/rosanacl.com\/ca\/"},{"@type":"ListItem","position":2,"name":"Tienda","item":"https:\/\/rosanacl.com\/ca\/tienda\/"},{"@type":"ListItem","position":3,"name":"Sujetador Selene Elvira"}]},{"@type":"WebSite","@id":"https:\/\/rosanacl.com\/ca\/#website","url":"https:\/\/rosanacl.com\/ca\/","name":"Rosana CL","description":"Vi \u00e4r ditt inre jag","potentialAction":[{"@type":"SearchAction","target":{"@type":"EntryPoint","urlTemplate":"https:\/\/rosanacl.com\/ca\/?s={search_term_string}"},"query-input":{"@type":"PropertyValueSpecification","valueRequired":true,"valueName":"search_term_string"}}],"inLanguage":"sv-SE"}]}},"_links":{"self":[{"href":"https:\/\/rosanacl.com\/sv\/wp-json\/wp\/v2\/product\/542","targetHints":{"allow":["GET"]}}],"collection":[{"href":"https:\/\/rosanacl.com\/sv\/wp-json\/wp\/v2\/product"}],"about":[{"href":"https:\/\/rosanacl.com\/sv\/wp-json\/wp\/v2\/types\/product"}],"replies":[{"embeddable":true,"href":"https:\/\/rosanacl.com\/sv\/wp-json\/wp\/v2\/comments?post=542"}],"version-history":[{"count":5,"href":"https:\/\/rosanacl.com\/sv\/wp-json\/wp\/v2\/product\/542\/revisions"}],"predecessor-version":[{"id":4652,"href":"https:\/\/rosanacl.com\/sv\/wp-json\/wp\/v2\/product\/542\/revisions\/4652"}],"wp:featuredmedia":[{"embeddable":true,"href":"https:\/\/rosanacl.com\/sv\/wp-json\/wp\/v2\/media\/2353"}],"wp:attachment":[{"href":"https:\/\/rosanacl.com\/sv\/wp-json\/wp\/v2\/media?parent=542"}],"wp:term":[{"taxonomy":"product_brand","embeddable":true,"href":"https:\/\/rosanacl.com\/sv\/wp-json\/wp\/v2\/product_brand?post=542"},{"taxonomy":"product_cat","embeddable":true,"href":"https:\/\/rosanacl.com\/sv\/wp-json\/wp\/v2\/product_cat?post=542"},{"taxonomy":"product_tag","embeddable":true,"href":"https:\/\/rosanacl.com\/sv\/wp-json\/wp\/v2\/product_tag?post=542"}],"curies":[{"name":"wp","href":"https:\/\/api.w.org\/{rel}","templated":true}]}}