{"id":702,"date":"2025-04-29T19:44:59","date_gmt":"2025-04-29T17:44:59","guid":{"rendered":"https:\/\/rosanacl.com\/?post_type=product&#038;p=702"},"modified":"2026-01-07T21:19:50","modified_gmt":"2026-01-07T20:19:50","slug":"sujetador-modelo-betty","status":"publish","type":"product","link":"https:\/\/rosanacl.com\/sv\/produkt\/sujetador-modelo-betty\/","title":{"rendered":"Selene Betty-bh"},"content":{"rendered":"<p>Selene Betty-bh:n \u00e4r designad f\u00f6r de dagar d\u00e5 du vill se perfekt ut i \u00e5tsittande kl\u00e4der, men utan att offra komfort. Den \u00e4r bygelfri och ovadderad, med en design som visuellt sl\u00e4tar ut och ger naturligt st\u00f6d som k\u00e4nns stabilt fr\u00e5n f\u00f6rsta stund, vilket g\u00f6r att du kan r\u00f6ra dig fritt.<\/p>\n<p>Det som g\u00f6r Betty speciell \u00e4r dess konstruktion: de sammanfl\u00e4tade lagren av tyll och lasersk\u00e4rning samverkar f\u00f6r att d\u00f6lja och minimera oj\u00e4mnheter p\u00e5 sidorna och under armarna, vilket resulterar i en renare finish under t-shirts, kl\u00e4nningar eller andra \u00f6mt\u00e5liga plagg. Resultatet: en mer polerad silhuett, en smidig passform och ett mer smickrande utseende ... utan att n\u00e5gon m\u00e4rker &quot;tricket&quot;.<\/p>\n<p>Detaljer du kommer att \u00e4lska om Betty<\/p>\n<ul>\n<li>Ingen bygel: riktig komfort, inget tryck.<\/li>\n<li>Ingen fyllning: naturlig och l\u00e4tt form.<\/li>\n<li>Korsad tyll: fast passform och mer rynkad effekt.<\/li>\n<li>Lasersk\u00e4rning: renare och mer diskret finish under kl\u00e4der.<\/li>\n<li>Sido- och armh\u00e5lsskydd: Ger figuren en elegantare och mer elegant look.<\/li>\n<\/ul>\n<p>\ud83d\udde3\ufe0f Tips: Betty \u00e4r ett av de d\u00e4r plagg som enkelt &quot;formar&quot; din silhuett: du tar p\u00e5 dig den och k\u00e4nner en mer str\u00f6mlinjeformad midja, sl\u00e4tare sidor och en avslappnad, tryckfri komfort. Perfekt f\u00f6r dagar d\u00e5 du b\u00e4r \u00e5tsittande kl\u00e4der och vill se oklanderlig ut... men \u00e4nd\u00e5 r\u00f6ra dig med fullst\u00e4ndig r\u00f6relsefrihet.<\/p>\n<p>\ud83d\udccf Obs: F\u00f6r perfekt passform, h\u00e4r \u00e4r en snabbguide: om du f\u00f6redrar en \u00e5tsittande, mer str\u00f6mlinjeformad passform, v\u00e4lj din vanliga storlek; om du \u00e4r mellan tv\u00e5 storlekar eller f\u00f6redrar en mjukare passform runt bysten\/armh\u00e5lorna, g\u00e5 upp en storlek. Och om du \u00e4r os\u00e4ker, m\u00e4t under din byst och j\u00e4mf\u00f6r det med storlekstabellen innan du best\u00e4mmer dig.<\/p>\n<p>Sammans\u00e4ttning: 85% polyamid \/ 15% elastan.<\/p>\n<p>\ud83e\udde9 Passar perfekt d\u00e4r andra misslyckas: p\u00e5 sidorna och i armh\u00e5lorna, under kontroll.<\/p>","protected":false},"excerpt":{"rendered":"<p>El sujetador Selene modelo Betty est\u00e1 pensado para esos d\u00edas en los que quieres verte impecable con ropa ajustada, pero sin renunciar a ir c\u00f3moda. Es sin aros y sin relleno, con un dise\u00f1o que alisa visualmente y aporta una sujeci\u00f3n natural, de las que se sienten estables desde el primer momento y te permiten [&hellip;]<\/p>\n","protected":false},"featured_media":2539,"comment_status":"open","ping_status":"closed","template":"","meta":{"content-type":""},"product_brand":[55],"product_cat":[105,25,20],"product_tag":[56,60],"class_list":{"0":"post-702","1":"product","2":"type-product","3":"status-publish","4":"has-post-thumbnail","6":"product_brand-selene","7":"product_cat-betty","8":"product_cat-sin-aros","9":"product_cat-sujetador","10":"product_tag-sujetador","11":"product_tag-sujetador-sin-aros","13":"first","14":"instock","15":"taxable","16":"shipping-taxable","17":"purchasable","18":"product-type-variable"},"supplier_id":null,"supplier_sku":"","barcode":null,"atum_controlled":true,"out_stock_date":null,"out_stock_threshold":null,"inheritable":true,"inbound_stock":null,"stock_on_hold":0,"sold_today":0,"sales_last_days":0,"reserved_stock":null,"customer_returns":null,"warehouse_damage":null,"lost_in_post":null,"other_logs":null,"out_stock_days":0,"lost_sales":0,"has_location":false,"update_date":"2026-01-07T20:19:51","atum_locations":[],"atum_stock_status":"instock","restock_status":false,"low_stock_amount":"","sales_update_date":"2025-08-19T02:35:53","calc_backorders":null,"yoast_head":"<!-- This site is optimized with the Yoast SEO plugin v27.4 - https:\/\/yoast.com\/product\/yoast-seo-wordpress\/ -->\n<title>Sujetador Selene Betty - Rosana CL<\/title>\n<meta name=\"robots\" content=\"index, follow, max-snippet:-1, max-image-preview:large, max-video-preview:-1\" \/>\n<link rel=\"canonical\" href=\"https:\/\/rosanacl.com\/sv\/produkt\/sujetador-modelo-betty\/\" \/>\n<meta property=\"og:locale\" content=\"sv_SE\" \/>\n<meta property=\"og:type\" content=\"article\" \/>\n<meta property=\"og:title\" content=\"Sujetador Selene Betty - Rosana CL\" \/>\n<meta property=\"og:description\" content=\"El sujetador Selene modelo Betty est\u00e1 pensado para esos d\u00edas en los que quieres verte impecable con ropa ajustada, pero sin renunciar a ir c\u00f3moda. Es sin aros y sin relleno, con un dise\u00f1o que alisa visualmente y aporta una sujeci\u00f3n natural, de las que se sienten estables desde el primer momento y te permiten [&hellip;]\" \/>\n<meta property=\"og:url\" content=\"https:\/\/rosanacl.com\/sv\/produkt\/sujetador-modelo-betty\/\" \/>\n<meta property=\"og:site_name\" content=\"Rosana CL\" \/>\n<meta property=\"article:modified_time\" content=\"2026-01-07T20:19:50+00:00\" \/>\n<meta property=\"og:image\" content=\"https:\/\/rosanacl.com\/wp-content\/uploads\/2025\/04\/sujetadorbetty-e1756816663162.jpg\" \/>\n\t<meta property=\"og:image:width\" content=\"833\" \/>\n\t<meta property=\"og:image:height\" content=\"1086\" \/>\n\t<meta property=\"og:image:type\" content=\"image\/jpeg\" \/>\n<meta name=\"twitter:card\" content=\"summary_large_image\" \/>\n<meta name=\"twitter:label1\" content=\"Ber\u00e4knad l\u00e4stid\" \/>\n\t<meta name=\"twitter:data1\" content=\"2 minuter\" \/>\n<script type=\"application\/ld+json\" class=\"yoast-schema-graph\">{\"@context\":\"https:\\\/\\\/schema.org\",\"@graph\":[{\"@type\":\"WebPage\",\"@id\":\"https:\\\/\\\/rosanacl.com\\\/producto\\\/sujetador-modelo-betty\\\/\",\"url\":\"https:\\\/\\\/rosanacl.com\\\/producto\\\/sujetador-modelo-betty\\\/\",\"name\":\"Sujetador Selene Betty - Rosana CL\",\"isPartOf\":{\"@id\":\"https:\\\/\\\/rosanacl.com\\\/ca\\\/#website\"},\"primaryImageOfPage\":{\"@id\":\"https:\\\/\\\/rosanacl.com\\\/producto\\\/sujetador-modelo-betty\\\/#primaryimage\"},\"image\":{\"@id\":\"https:\\\/\\\/rosanacl.com\\\/producto\\\/sujetador-modelo-betty\\\/#primaryimage\"},\"thumbnailUrl\":\"https:\\\/\\\/rosanacl.com\\\/wp-content\\\/uploads\\\/2025\\\/04\\\/sujetadorbetty-e1756816663162.jpg\",\"datePublished\":\"2025-04-29T17:44:59+00:00\",\"dateModified\":\"2026-01-07T20:19:50+00:00\",\"breadcrumb\":{\"@id\":\"https:\\\/\\\/rosanacl.com\\\/producto\\\/sujetador-modelo-betty\\\/#breadcrumb\"},\"inLanguage\":\"sv-SE\",\"potentialAction\":[{\"@type\":\"ReadAction\",\"target\":[\"https:\\\/\\\/rosanacl.com\\\/producto\\\/sujetador-modelo-betty\\\/\"]}]},{\"@type\":\"ImageObject\",\"inLanguage\":\"sv-SE\",\"@id\":\"https:\\\/\\\/rosanacl.com\\\/producto\\\/sujetador-modelo-betty\\\/#primaryimage\",\"url\":\"https:\\\/\\\/rosanacl.com\\\/wp-content\\\/uploads\\\/2025\\\/04\\\/sujetadorbetty-e1756816663162.jpg\",\"contentUrl\":\"https:\\\/\\\/rosanacl.com\\\/wp-content\\\/uploads\\\/2025\\\/04\\\/sujetadorbetty-e1756816663162.jpg\",\"width\":833,\"height\":1086},{\"@type\":\"BreadcrumbList\",\"@id\":\"https:\\\/\\\/rosanacl.com\\\/producto\\\/sujetador-modelo-betty\\\/#breadcrumb\",\"itemListElement\":[{\"@type\":\"ListItem\",\"position\":1,\"name\":\"Portada\",\"item\":\"https:\\\/\\\/rosanacl.com\\\/ca\\\/\"},{\"@type\":\"ListItem\",\"position\":2,\"name\":\"Tienda\",\"item\":\"https:\\\/\\\/rosanacl.com\\\/ca\\\/tienda\\\/\"},{\"@type\":\"ListItem\",\"position\":3,\"name\":\"Sujetador Selene Betty\"}]},{\"@type\":\"WebSite\",\"@id\":\"https:\\\/\\\/rosanacl.com\\\/ca\\\/#website\",\"url\":\"https:\\\/\\\/rosanacl.com\\\/ca\\\/\",\"name\":\"Rosana CL\",\"description\":\"Somos tu interior\",\"potentialAction\":[{\"@type\":\"SearchAction\",\"target\":{\"@type\":\"EntryPoint\",\"urlTemplate\":\"https:\\\/\\\/rosanacl.com\\\/ca\\\/?s={search_term_string}\"},\"query-input\":{\"@type\":\"PropertyValueSpecification\",\"valueRequired\":true,\"valueName\":\"search_term_string\"}}],\"inLanguage\":\"sv-SE\"}]}<\/script>\n<!-- \/ Yoast SEO plugin. -->","yoast_head_json":{"title":"Sujetador Selene Betty - Rosana CL","robots":{"index":"index","follow":"follow","max-snippet":"max-snippet:-1","max-image-preview":"max-image-preview:large","max-video-preview":"max-video-preview:-1"},"canonical":"https:\/\/rosanacl.com\/sv\/produkt\/sujetador-modelo-betty\/","og_locale":"sv_SE","og_type":"article","og_title":"Sujetador Selene Betty - Rosana CL","og_description":"El sujetador Selene modelo Betty est\u00e1 pensado para esos d\u00edas en los que quieres verte impecable con ropa ajustada, pero sin renunciar a ir c\u00f3moda. Es sin aros y sin relleno, con un dise\u00f1o que alisa visualmente y aporta una sujeci\u00f3n natural, de las que se sienten estables desde el primer momento y te permiten [&hellip;]","og_url":"https:\/\/rosanacl.com\/sv\/produkt\/sujetador-modelo-betty\/","og_site_name":"Rosana CL","article_modified_time":"2026-01-07T20:19:50+00:00","og_image":[{"width":833,"height":1086,"url":"https:\/\/rosanacl.com\/wp-content\/uploads\/2025\/04\/sujetadorbetty-e1756816663162.jpg","type":"image\/jpeg"}],"twitter_card":"summary_large_image","twitter_misc":{"Ber\u00e4knad l\u00e4stid":"2 minuter"},"schema":{"@context":"https:\/\/schema.org","@graph":[{"@type":"WebPage","@id":"https:\/\/rosanacl.com\/producto\/sujetador-modelo-betty\/","url":"https:\/\/rosanacl.com\/producto\/sujetador-modelo-betty\/","name":"Sujetador Selene Betty - Rosana CL","isPartOf":{"@id":"https:\/\/rosanacl.com\/ca\/#website"},"primaryImageOfPage":{"@id":"https:\/\/rosanacl.com\/producto\/sujetador-modelo-betty\/#primaryimage"},"image":{"@id":"https:\/\/rosanacl.com\/producto\/sujetador-modelo-betty\/#primaryimage"},"thumbnailUrl":"https:\/\/rosanacl.com\/wp-content\/uploads\/2025\/04\/sujetadorbetty-e1756816663162.jpg","datePublished":"2025-04-29T17:44:59+00:00","dateModified":"2026-01-07T20:19:50+00:00","breadcrumb":{"@id":"https:\/\/rosanacl.com\/producto\/sujetador-modelo-betty\/#breadcrumb"},"inLanguage":"sv-SE","potentialAction":[{"@type":"ReadAction","target":["https:\/\/rosanacl.com\/producto\/sujetador-modelo-betty\/"]}]},{"@type":"ImageObject","inLanguage":"sv-SE","@id":"https:\/\/rosanacl.com\/producto\/sujetador-modelo-betty\/#primaryimage","url":"https:\/\/rosanacl.com\/wp-content\/uploads\/2025\/04\/sujetadorbetty-e1756816663162.jpg","contentUrl":"https:\/\/rosanacl.com\/wp-content\/uploads\/2025\/04\/sujetadorbetty-e1756816663162.jpg","width":833,"height":1086},{"@type":"BreadcrumbList","@id":"https:\/\/rosanacl.com\/producto\/sujetador-modelo-betty\/#breadcrumb","itemListElement":[{"@type":"ListItem","position":1,"name":"Portada","item":"https:\/\/rosanacl.com\/ca\/"},{"@type":"ListItem","position":2,"name":"Tienda","item":"https:\/\/rosanacl.com\/ca\/tienda\/"},{"@type":"ListItem","position":3,"name":"Sujetador Selene Betty"}]},{"@type":"WebSite","@id":"https:\/\/rosanacl.com\/ca\/#website","url":"https:\/\/rosanacl.com\/ca\/","name":"Rosana CL","description":"Vi \u00e4r ditt inre jag","potentialAction":[{"@type":"SearchAction","target":{"@type":"EntryPoint","urlTemplate":"https:\/\/rosanacl.com\/ca\/?s={search_term_string}"},"query-input":{"@type":"PropertyValueSpecification","valueRequired":true,"valueName":"search_term_string"}}],"inLanguage":"sv-SE"}]}},"_links":{"self":[{"href":"https:\/\/rosanacl.com\/sv\/wp-json\/wp\/v2\/product\/702","targetHints":{"allow":["GET"]}}],"collection":[{"href":"https:\/\/rosanacl.com\/sv\/wp-json\/wp\/v2\/product"}],"about":[{"href":"https:\/\/rosanacl.com\/sv\/wp-json\/wp\/v2\/types\/product"}],"replies":[{"embeddable":true,"href":"https:\/\/rosanacl.com\/sv\/wp-json\/wp\/v2\/comments?post=702"}],"version-history":[{"count":5,"href":"https:\/\/rosanacl.com\/sv\/wp-json\/wp\/v2\/product\/702\/revisions"}],"predecessor-version":[{"id":4617,"href":"https:\/\/rosanacl.com\/sv\/wp-json\/wp\/v2\/product\/702\/revisions\/4617"}],"wp:featuredmedia":[{"embeddable":true,"href":"https:\/\/rosanacl.com\/sv\/wp-json\/wp\/v2\/media\/2539"}],"wp:attachment":[{"href":"https:\/\/rosanacl.com\/sv\/wp-json\/wp\/v2\/media?parent=702"}],"wp:term":[{"taxonomy":"product_brand","embeddable":true,"href":"https:\/\/rosanacl.com\/sv\/wp-json\/wp\/v2\/product_brand?post=702"},{"taxonomy":"product_cat","embeddable":true,"href":"https:\/\/rosanacl.com\/sv\/wp-json\/wp\/v2\/product_cat?post=702"},{"taxonomy":"product_tag","embeddable":true,"href":"https:\/\/rosanacl.com\/sv\/wp-json\/wp\/v2\/product_tag?post=702"}],"curies":[{"name":"wp","href":"https:\/\/api.w.org\/{rel}","templated":true}]}}