{"id":809,"date":"2025-04-29T20:02:47","date_gmt":"2025-04-29T18:02:47","guid":{"rendered":"https:\/\/rosanacl.com\/?post_type=product&#038;p=809"},"modified":"2026-04-15T15:03:39","modified_gmt":"2026-04-15T13:03:39","slug":"sujetador-modelo-marivi","status":"publish","type":"product","link":"https:\/\/rosanacl.com\/sv\/produkt\/sujetador-modelo-marivi\/","title":{"rendered":"Selene Mariv\u00ed Bra"},"content":{"rendered":"<p>Selene Mariv\u00ed-bh:n \u00e4r designad f\u00f6r de dagar d\u00e5 du vill k\u00e4nna dig bekv\u00e4m, smickrande och ha en vacker urringning, utan kr\u00e5ngel. Det \u00e4r en bygelfri, ovadderad bh med en subtil V-ringning som smickrar och ser naturlig ut under kl\u00e4der, perfekt att b\u00e4ra i timmar utan att k\u00e4nna n\u00e5got tryck.<\/p>\n<p>Dess m\u00f6nstrade tyg ger den en speciell touch som ser elegant ut (utan att vara kr\u00e5nglig), och de bredare sidobanden bidrar till en j\u00e4mnare passform och ett mer polerat utseende. Ett perfekt val om du letar efter bekv\u00e4ma och feminina underkl\u00e4der med bra st\u00f6d och en ren look f\u00f6r vardagsbruk.<\/p>\n<p>En uppfattning om vad du kommer att m\u00e4rka n\u00e4r du s\u00e4tter p\u00e5 den<\/p>\n<ul>\n<li>Ingen bygel: riktig komfort, inga m\u00e4rken eller tryck.<\/li>\n<li>Ingen fyllning: naturlig, vacker och l\u00e4tt form.<\/li>\n<li>V-ringning: smickrande och passar bra till t-shirts och blusar.<\/li>\n<li>Breda sidor\u00e4nder: j\u00e4mnare passform och en mer polerad effekt.<\/li>\n<li>Matchande trosor 3123 f\u00f6r att komplettera setet.<\/li>\n<\/ul>\n<p>\ud83d\udde3\ufe0f Tips: Mariv\u00ed \u00e4r en av de d\u00e4r beh\u00e5arna som man gl\u00f6mmer att man har p\u00e5 sig: l\u00e4tt k\u00e4nsla, inget &quot;tryck&quot; och en V-ringning som ger en vacker och naturlig br\u00f6stk\u00e4nsla, som om allt sitter p\u00e5 plats utan anstr\u00e4ngning.<\/p>\n<p>\ud83d\udccf Obs: Om du \u00e4r mellan tv\u00e5 storlekar och vill ha en mer &quot;tight&quot; passform, v\u00e4lj den mindre; om du f\u00f6redrar mer komfort f\u00f6r att b\u00e4ra den i m\u00e5nga timmar, v\u00e4lj den st\u00f6rre.<\/p>\n<p>Sammans\u00e4ttning: 82% polyamid 18% elastan.<\/p>\n<p>\ud83c\udfac Den d\u00e4r outfiten som ser avslappnad ut\u2026 men inte \u00e4r det. Det \u00e4r r\u00f6da mattan.<\/p>\n<div id=\"v1ms-outlook-mobile-body-separator-line\" dir=\"auto\"><\/div>","protected":false},"excerpt":{"rendered":"<p>El sujetador Selene modelo Mariv\u00ed est\u00e1 pensado para esos d\u00edas en los que quieres ir c\u00f3moda, favorecida y con un escote bonito, sin complicarte. Es un modelo sin aros y sin relleno, con un escote en V sutil que estiliza y queda muy natural bajo la ropa, perfecto para llevarlo muchas horas sin notar presi\u00f3n. [&hellip;]<\/p>\n","protected":false},"featured_media":1453,"comment_status":"open","ping_status":"closed","template":"","meta":{"content-type":""},"product_brand":[55],"product_cat":[104,25,20],"product_tag":[56,60],"class_list":{"0":"post-809","1":"product","2":"type-product","3":"status-publish","4":"has-post-thumbnail","6":"product_brand-selene","7":"product_cat-marivi","8":"product_cat-sin-aros","9":"product_cat-sujetador","10":"product_tag-sujetador","11":"product_tag-sujetador-sin-aros","13":"first","14":"instock","15":"taxable","16":"shipping-taxable","17":"purchasable","18":"product-type-variable"},"supplier_id":null,"supplier_sku":"","barcode":null,"atum_controlled":true,"out_stock_date":null,"out_stock_threshold":null,"inheritable":true,"inbound_stock":null,"stock_on_hold":1,"sold_today":1,"sales_last_days":1,"reserved_stock":null,"customer_returns":null,"warehouse_damage":null,"lost_in_post":null,"other_logs":null,"out_stock_days":0,"lost_sales":0,"has_location":false,"update_date":"2026-04-15T13:03:42","atum_locations":[],"atum_stock_status":"instock","restock_status":false,"low_stock_amount":"","sales_update_date":"2025-08-19T02:35:53","calc_backorders":null,"yoast_head":"<!-- This site is optimized with the Yoast SEO plugin v27.4 - https:\/\/yoast.com\/product\/yoast-seo-wordpress\/ -->\n<title>Sujetador Selene Mariv\u00ed - Rosana CL<\/title>\n<meta name=\"robots\" content=\"index, follow, max-snippet:-1, max-image-preview:large, max-video-preview:-1\" \/>\n<link rel=\"canonical\" href=\"https:\/\/rosanacl.com\/sv\/produkt\/sujetador-modelo-marivi\/\" \/>\n<meta property=\"og:locale\" content=\"sv_SE\" \/>\n<meta property=\"og:type\" content=\"article\" \/>\n<meta property=\"og:title\" content=\"Sujetador Selene Mariv\u00ed - Rosana CL\" \/>\n<meta property=\"og:description\" content=\"El sujetador Selene modelo Mariv\u00ed est\u00e1 pensado para esos d\u00edas en los que quieres ir c\u00f3moda, favorecida y con un escote bonito, sin complicarte. Es un modelo sin aros y sin relleno, con un escote en V sutil que estiliza y queda muy natural bajo la ropa, perfecto para llevarlo muchas horas sin notar presi\u00f3n. [&hellip;]\" \/>\n<meta property=\"og:url\" content=\"https:\/\/rosanacl.com\/sv\/produkt\/sujetador-modelo-marivi\/\" \/>\n<meta property=\"og:site_name\" content=\"Rosana CL\" \/>\n<meta property=\"article:modified_time\" content=\"2026-04-15T13:03:39+00:00\" \/>\n<meta property=\"og:image\" content=\"https:\/\/rosanacl.com\/wp-content\/uploads\/2025\/04\/Sujetador-modelo-Marivi-000001.webp\" \/>\n\t<meta property=\"og:image:width\" content=\"1000\" \/>\n\t<meta property=\"og:image:height\" content=\"1000\" \/>\n\t<meta property=\"og:image:type\" content=\"image\/webp\" \/>\n<meta name=\"twitter:card\" content=\"summary_large_image\" \/>\n<meta name=\"twitter:label1\" content=\"Ber\u00e4knad l\u00e4stid\" \/>\n\t<meta name=\"twitter:data1\" content=\"2 minuter\" \/>\n<script type=\"application\/ld+json\" class=\"yoast-schema-graph\">{\"@context\":\"https:\\\/\\\/schema.org\",\"@graph\":[{\"@type\":\"WebPage\",\"@id\":\"https:\\\/\\\/rosanacl.com\\\/producto\\\/sujetador-modelo-marivi\\\/\",\"url\":\"https:\\\/\\\/rosanacl.com\\\/producto\\\/sujetador-modelo-marivi\\\/\",\"name\":\"Sujetador Selene Mariv\u00ed - Rosana CL\",\"isPartOf\":{\"@id\":\"https:\\\/\\\/rosanacl.com\\\/ca\\\/#website\"},\"primaryImageOfPage\":{\"@id\":\"https:\\\/\\\/rosanacl.com\\\/producto\\\/sujetador-modelo-marivi\\\/#primaryimage\"},\"image\":{\"@id\":\"https:\\\/\\\/rosanacl.com\\\/producto\\\/sujetador-modelo-marivi\\\/#primaryimage\"},\"thumbnailUrl\":\"https:\\\/\\\/rosanacl.com\\\/wp-content\\\/uploads\\\/2025\\\/04\\\/Sujetador-modelo-Marivi-000001.webp\",\"datePublished\":\"2025-04-29T18:02:47+00:00\",\"dateModified\":\"2026-04-15T13:03:39+00:00\",\"breadcrumb\":{\"@id\":\"https:\\\/\\\/rosanacl.com\\\/producto\\\/sujetador-modelo-marivi\\\/#breadcrumb\"},\"inLanguage\":\"sv-SE\",\"potentialAction\":[{\"@type\":\"ReadAction\",\"target\":[\"https:\\\/\\\/rosanacl.com\\\/producto\\\/sujetador-modelo-marivi\\\/\"]}]},{\"@type\":\"ImageObject\",\"inLanguage\":\"sv-SE\",\"@id\":\"https:\\\/\\\/rosanacl.com\\\/producto\\\/sujetador-modelo-marivi\\\/#primaryimage\",\"url\":\"https:\\\/\\\/rosanacl.com\\\/wp-content\\\/uploads\\\/2025\\\/04\\\/Sujetador-modelo-Marivi-000001.webp\",\"contentUrl\":\"https:\\\/\\\/rosanacl.com\\\/wp-content\\\/uploads\\\/2025\\\/04\\\/Sujetador-modelo-Marivi-000001.webp\",\"width\":1000,\"height\":1000},{\"@type\":\"BreadcrumbList\",\"@id\":\"https:\\\/\\\/rosanacl.com\\\/producto\\\/sujetador-modelo-marivi\\\/#breadcrumb\",\"itemListElement\":[{\"@type\":\"ListItem\",\"position\":1,\"name\":\"Portada\",\"item\":\"https:\\\/\\\/rosanacl.com\\\/ca\\\/\"},{\"@type\":\"ListItem\",\"position\":2,\"name\":\"Tienda\",\"item\":\"https:\\\/\\\/rosanacl.com\\\/ca\\\/tienda\\\/\"},{\"@type\":\"ListItem\",\"position\":3,\"name\":\"Sujetador Selene Mariv\u00ed\"}]},{\"@type\":\"WebSite\",\"@id\":\"https:\\\/\\\/rosanacl.com\\\/ca\\\/#website\",\"url\":\"https:\\\/\\\/rosanacl.com\\\/ca\\\/\",\"name\":\"Rosana CL\",\"description\":\"Somos tu interior\",\"potentialAction\":[{\"@type\":\"SearchAction\",\"target\":{\"@type\":\"EntryPoint\",\"urlTemplate\":\"https:\\\/\\\/rosanacl.com\\\/ca\\\/?s={search_term_string}\"},\"query-input\":{\"@type\":\"PropertyValueSpecification\",\"valueRequired\":true,\"valueName\":\"search_term_string\"}}],\"inLanguage\":\"sv-SE\"}]}<\/script>\n<!-- \/ Yoast SEO plugin. -->","yoast_head_json":{"title":"Sujetador Selene Mariv\u00ed - Rosana CL","robots":{"index":"index","follow":"follow","max-snippet":"max-snippet:-1","max-image-preview":"max-image-preview:large","max-video-preview":"max-video-preview:-1"},"canonical":"https:\/\/rosanacl.com\/sv\/produkt\/sujetador-modelo-marivi\/","og_locale":"sv_SE","og_type":"article","og_title":"Sujetador Selene Mariv\u00ed - Rosana CL","og_description":"El sujetador Selene modelo Mariv\u00ed est\u00e1 pensado para esos d\u00edas en los que quieres ir c\u00f3moda, favorecida y con un escote bonito, sin complicarte. Es un modelo sin aros y sin relleno, con un escote en V sutil que estiliza y queda muy natural bajo la ropa, perfecto para llevarlo muchas horas sin notar presi\u00f3n. [&hellip;]","og_url":"https:\/\/rosanacl.com\/sv\/produkt\/sujetador-modelo-marivi\/","og_site_name":"Rosana CL","article_modified_time":"2026-04-15T13:03:39+00:00","og_image":[{"width":1000,"height":1000,"url":"https:\/\/rosanacl.com\/wp-content\/uploads\/2025\/04\/Sujetador-modelo-Marivi-000001.webp","type":"image\/webp"}],"twitter_card":"summary_large_image","twitter_misc":{"Ber\u00e4knad l\u00e4stid":"2 minuter"},"schema":{"@context":"https:\/\/schema.org","@graph":[{"@type":"WebPage","@id":"https:\/\/rosanacl.com\/producto\/sujetador-modelo-marivi\/","url":"https:\/\/rosanacl.com\/producto\/sujetador-modelo-marivi\/","name":"Sujetador Selene Mariv\u00ed - Rosana CL","isPartOf":{"@id":"https:\/\/rosanacl.com\/ca\/#website"},"primaryImageOfPage":{"@id":"https:\/\/rosanacl.com\/producto\/sujetador-modelo-marivi\/#primaryimage"},"image":{"@id":"https:\/\/rosanacl.com\/producto\/sujetador-modelo-marivi\/#primaryimage"},"thumbnailUrl":"https:\/\/rosanacl.com\/wp-content\/uploads\/2025\/04\/Sujetador-modelo-Marivi-000001.webp","datePublished":"2025-04-29T18:02:47+00:00","dateModified":"2026-04-15T13:03:39+00:00","breadcrumb":{"@id":"https:\/\/rosanacl.com\/producto\/sujetador-modelo-marivi\/#breadcrumb"},"inLanguage":"sv-SE","potentialAction":[{"@type":"ReadAction","target":["https:\/\/rosanacl.com\/producto\/sujetador-modelo-marivi\/"]}]},{"@type":"ImageObject","inLanguage":"sv-SE","@id":"https:\/\/rosanacl.com\/producto\/sujetador-modelo-marivi\/#primaryimage","url":"https:\/\/rosanacl.com\/wp-content\/uploads\/2025\/04\/Sujetador-modelo-Marivi-000001.webp","contentUrl":"https:\/\/rosanacl.com\/wp-content\/uploads\/2025\/04\/Sujetador-modelo-Marivi-000001.webp","width":1000,"height":1000},{"@type":"BreadcrumbList","@id":"https:\/\/rosanacl.com\/producto\/sujetador-modelo-marivi\/#breadcrumb","itemListElement":[{"@type":"ListItem","position":1,"name":"Portada","item":"https:\/\/rosanacl.com\/ca\/"},{"@type":"ListItem","position":2,"name":"Tienda","item":"https:\/\/rosanacl.com\/ca\/tienda\/"},{"@type":"ListItem","position":3,"name":"Sujetador Selene Mariv\u00ed"}]},{"@type":"WebSite","@id":"https:\/\/rosanacl.com\/ca\/#website","url":"https:\/\/rosanacl.com\/ca\/","name":"Rosana CL","description":"Vi \u00e4r ditt inre jag","potentialAction":[{"@type":"SearchAction","target":{"@type":"EntryPoint","urlTemplate":"https:\/\/rosanacl.com\/ca\/?s={search_term_string}"},"query-input":{"@type":"PropertyValueSpecification","valueRequired":true,"valueName":"search_term_string"}}],"inLanguage":"sv-SE"}]}},"_links":{"self":[{"href":"https:\/\/rosanacl.com\/sv\/wp-json\/wp\/v2\/product\/809","targetHints":{"allow":["GET"]}}],"collection":[{"href":"https:\/\/rosanacl.com\/sv\/wp-json\/wp\/v2\/product"}],"about":[{"href":"https:\/\/rosanacl.com\/sv\/wp-json\/wp\/v2\/types\/product"}],"replies":[{"embeddable":true,"href":"https:\/\/rosanacl.com\/sv\/wp-json\/wp\/v2\/comments?post=809"}],"version-history":[{"count":5,"href":"https:\/\/rosanacl.com\/sv\/wp-json\/wp\/v2\/product\/809\/revisions"}],"predecessor-version":[{"id":4615,"href":"https:\/\/rosanacl.com\/sv\/wp-json\/wp\/v2\/product\/809\/revisions\/4615"}],"wp:featuredmedia":[{"embeddable":true,"href":"https:\/\/rosanacl.com\/sv\/wp-json\/wp\/v2\/media\/1453"}],"wp:attachment":[{"href":"https:\/\/rosanacl.com\/sv\/wp-json\/wp\/v2\/media?parent=809"}],"wp:term":[{"taxonomy":"product_brand","embeddable":true,"href":"https:\/\/rosanacl.com\/sv\/wp-json\/wp\/v2\/product_brand?post=809"},{"taxonomy":"product_cat","embeddable":true,"href":"https:\/\/rosanacl.com\/sv\/wp-json\/wp\/v2\/product_cat?post=809"},{"taxonomy":"product_tag","embeddable":true,"href":"https:\/\/rosanacl.com\/sv\/wp-json\/wp\/v2\/product_tag?post=809"}],"curies":[{"name":"wp","href":"https:\/\/api.w.org\/{rel}","templated":true}]}}