{"id":31,"date":"2025-03-28T16:10:30","date_gmt":"2025-03-28T19:10:30","guid":{"rendered":"https:\/\/innovacon.simplificandotuweb.com\/?page_id=31"},"modified":"2025-07-09T08:56:36","modified_gmt":"2025-07-09T06:56:36","slug":"politica-de-privacidad","status":"publish","type":"page","link":"https:\/\/rosanacl.com\/uk\/politica-de-privacidad\/","title":{"rendered":"\u041f\u043e\u043b\u0456\u0442\u0438\u043a\u0430 \u043a\u043e\u043d\u0444\u0456\u0434\u0435\u043d\u0446\u0456\u0439\u043d\u043e\u0441\u0442\u0456"},"content":{"rendered":"<div data-elementor-type=\"wp-page\" data-elementor-id=\"31\" class=\"elementor elementor-31\" data-elementor-post-type=\"page\">\n\t\t\t\t<div class=\"elementor-element elementor-element-1ca8157 e-flex e-con-boxed e-con e-parent\" data-id=\"1ca8157\" data-element_type=\"container\" data-e-type=\"container\" data-settings=\"{&quot;background_background&quot;:&quot;classic&quot;}\">\n\t\t\t\t\t<div class=\"e-con-inner\">\n\t\t<div class=\"elementor-element elementor-element-ee95924 e-con-full e-flex e-con e-child\" data-id=\"ee95924\" data-element_type=\"container\" data-e-type=\"container\">\n\t\t\t\t<div class=\"elementor-element elementor-element-fbdd061 elementor-widget elementor-widget-heading\" data-id=\"fbdd061\" data-element_type=\"widget\" data-e-type=\"widget\" data-widget_type=\"heading.default\">\n\t\t\t\t<div class=\"elementor-widget-container\">\n\t\t\t\t\t<h2 class=\"elementor-heading-title elementor-size-default\">\u041f\u043e\u043b\u0456\u0442\u0438\u043a\u0430 \u043a\u043e\u043d\u0444\u0456\u0434\u0435\u043d\u0446\u0456\u0439\u043d\u043e\u0441\u0442\u0456<\/h2>\t\t\t\t<\/div>\n\t\t\t\t<\/div>\n\t\t\t\t<\/div>\n\t\t\t\t\t<\/div>\n\t\t\t\t<\/div>\n\t\t<div class=\"elementor-element elementor-element-5a8dd38e e-flex e-con-boxed e-con e-parent\" data-id=\"5a8dd38e\" data-element_type=\"container\" data-e-type=\"container\">\n\t\t\t\t\t<div class=\"e-con-inner\">\n\t\t\t\t<div class=\"elementor-element elementor-element-6ea5a565 elementor-widget elementor-widget-text-editor\" data-id=\"6ea5a565\" data-element_type=\"widget\" data-e-type=\"widget\" data-widget_type=\"text-editor.default\">\n\t\t\t\t<div class=\"elementor-widget-container\">\n\t\t\t\t\t\t\t\t\t\n<p><strong>1. \u0406\u041d\u0424\u041e\u0420\u041c\u0410\u0426\u0406\u042f \u0414\u041b\u042f \u041a\u041e\u0420\u0418\u0421\u0422\u0423\u0412\u0410\u0427\u0410<\/strong><\/p>\n\n<p>\u0412\u0435\u0431\u0441\u0430\u0439\u0442 \u0456\u043d\u0444\u043e\u0440\u043c\u0443\u0454 \u043a\u043e\u0440\u0438\u0441\u0442\u0443\u0432\u0430\u0447\u0456\u0432 \u0432\u0435\u0431\u0441\u0430\u0439\u0442\u0443 \u043f\u0440\u043e \u0441\u0432\u043e\u044e \u043f\u043e\u043b\u0456\u0442\u0438\u043a\u0443 \u0449\u043e\u0434\u043e \u043e\u0431\u0440\u043e\u0431\u043a\u0438 \u0442\u0430 \u0437\u0430\u0445\u0438\u0441\u0442\u0443 \u043f\u0435\u0440\u0441\u043e\u043d\u0430\u043b\u044c\u043d\u0438\u0445 \u0434\u0430\u043d\u0438\u0445 \u043a\u043e\u0440\u0438\u0441\u0442\u0443\u0432\u0430\u0447\u0456\u0432 \u0442\u0430 \u043a\u043b\u0456\u0454\u043d\u0442\u0456\u0432, \u044f\u043a\u0456 \u043c\u043e\u0436\u0443\u0442\u044c \u0431\u0443\u0442\u0438 \u0437\u0430\u043f\u0438\u0442\u0443\u0432\u0430\u043d\u0456 \u043f\u0456\u0434 \u0447\u0430\u0441 \u043f\u0435\u0440\u0435\u0433\u043b\u044f\u0434\u0443 \u0439\u043e\u0433\u043e \u0432\u0435\u0431\u0441\u0430\u0439\u0442\u0443.<\/p>\n\n<p>\u0412\u0435\u0431\u0441\u0430\u0439\u0442 \u043d\u0435\u0441\u0435 \u0432\u0456\u0434\u043f\u043e\u0432\u0456\u0434\u0430\u043b\u044c\u043d\u0456\u0441\u0442\u044c \u0437\u0430 \u043e\u0431\u0440\u043e\u0431\u043a\u0443 \u043f\u0435\u0440\u0441\u043e\u043d\u0430\u043b\u044c\u043d\u0438\u0445 \u0434\u0430\u043d\u0438\u0445 \u043a\u043e\u0440\u0438\u0441\u0442\u0443\u0432\u0430\u0447\u0430, \u0442\u043e\u043c\u0443 \u043d\u0430\u0434\u0430\u0454\u0442\u044c\u0441\u044f \u043d\u0430\u0441\u0442\u0443\u043f\u043d\u0430 \u0456\u043d\u0444\u043e\u0440\u043c\u0430\u0446\u0456\u044f \u0449\u043e\u0434\u043e \u043e\u0431\u0440\u043e\u0431\u043a\u0438 \u0432\u0430\u0448\u0438\u0445 \u0434\u0430\u043d\u0438\u0445:<\/p>\n\n<p><strong>\u041a\u0440\u0438\u0442\u0435\u0440\u0456\u0457 \u0437\u0431\u0435\u0440\u0456\u0433\u0430\u043d\u043d\u044f \u0434\u0430\u043d\u0438\u0445:<\/strong>\u00a0\u041d\u0430\u0434\u0430\u043d\u0456 \u043f\u0435\u0440\u0441\u043e\u043d\u0430\u043b\u044c\u043d\u0456 \u0434\u0430\u043d\u0456 \u0437\u0431\u0435\u0440\u0456\u0433\u0430\u0442\u0438\u043c\u0443\u0442\u044c\u0441\u044f \u0434\u043e\u0442\u0438, \u0434\u043e\u043a\u0438 \u0437\u0430\u0446\u0456\u043a\u0430\u0432\u043b\u0435\u043d\u0430 \u0441\u0442\u043e\u0440\u043e\u043d\u0430 \u043d\u0435 \u0437\u0430\u043f\u0440\u043e\u0441\u0438\u0442\u044c \u0457\u0445 \u043f\u0440\u0438\u0437\u0443\u043f\u0438\u043d\u0435\u043d\u043d\u044f, \u0441\u043a\u043e\u0440\u0438\u0441\u0442\u0430\u0432\u0448\u0438\u0441\u044c \u0441\u0432\u043e\u0457\u043c\u0438 \u043f\u0440\u0430\u0432\u0430\u043c\u0438 \u0449\u043e\u0434\u043e \u0434\u0430\u043d\u0438\u0445, \u0442\u0430 \u0432 \u0431\u0443\u0434\u044c-\u044f\u043a\u043e\u043c\u0443 \u0432\u0438\u043f\u0430\u0434\u043a\u0443 \u0437 \u0434\u043e\u0442\u0440\u0438\u043c\u0430\u043d\u043d\u044f\u043c \u0431\u0443\u0434\u044c-\u044f\u043a\u0438\u0445 \u0447\u0438\u043d\u043d\u0438\u0445 \u0437\u0430\u043a\u043e\u043d\u043e\u0434\u0430\u0432\u0447\u0438\u0445 \u0441\u0442\u0440\u043e\u043a\u0456\u0432 \u0434\u0430\u0432\u043d\u043e\u0441\u0442\u0456.<\/p>\n\n<p><strong>\u041f\u0440\u0430\u0432\u0430 \u0437\u0430\u0446\u0456\u043a\u0430\u0432\u043b\u0435\u043d\u0438\u0445 \u0441\u0442\u043e\u0440\u0456\u043d:<\/strong><\/p>\n\n<p>\u041f\u0440\u0430\u0432\u043e \u0432\u0456\u0434\u043a\u043b\u0438\u043a\u0430\u0442\u0438 \u0441\u0432\u043e\u044e \u0437\u0433\u043e\u0434\u0443 \u0432 \u0431\u0443\u0434\u044c-\u044f\u043a\u0438\u0439 \u0447\u0430\u0441.<br \/>\u041f\u0440\u0430\u0432\u043e \u043d\u0430 \u0434\u043e\u0441\u0442\u0443\u043f, \u0432\u0438\u043f\u0440\u0430\u0432\u043b\u0435\u043d\u043d\u044f, \u0432\u0438\u0434\u0430\u043b\u0435\u043d\u043d\u044f \u0442\u0430 \u043f\u0435\u0440\u0435\u0434\u0430\u0447\u0443 \u0432\u0430\u0448\u0438\u0445 \u0434\u0430\u043d\u0438\u0445, \u0430 \u0442\u0430\u043a\u043e\u0436 \u043d\u0430 \u043e\u0431\u043c\u0435\u0436\u0435\u043d\u043d\u044f \u0430\u0431\u043e \u0437\u0430\u043f\u0435\u0440\u0435\u0447\u0435\u043d\u043d\u044f \u0457\u0445 \u043e\u0431\u0440\u043e\u0431\u043a\u0438, \u0430 \u0442\u0430\u043a\u043e\u0436 \u043f\u0440\u0430\u0432\u043e \u043d\u0435 \u043f\u0456\u0434\u043f\u0430\u0434\u0430\u0442\u0438 \u043f\u0456\u0434 \u0430\u0432\u0442\u043e\u043c\u0430\u0442\u0438\u0437\u043e\u0432\u0430\u043d\u0456 \u0456\u043d\u0434\u0438\u0432\u0456\u0434\u0443\u0430\u043b\u044c\u043d\u0456 \u0440\u0456\u0448\u0435\u043d\u043d\u044f.<\/p>\n\n<p><strong>\u041a\u043e\u043d\u0442\u0430\u043a\u0442\u043d\u0430 \u0456\u043d\u0444\u043e\u0440\u043c\u0430\u0446\u0456\u044f \u0434\u043b\u044f \u0437\u0434\u0456\u0439\u0441\u043d\u0435\u043d\u043d\u044f \u0432\u0430\u0448\u0438\u0445 \u043f\u0440\u0430\u0432:<\/strong><\/p>\n\n<p>\u0412\u0438 \u043f\u043e\u0432\u0438\u043d\u043d\u0456 \u043d\u0430\u043b\u0435\u0436\u043d\u0438\u043c \u0447\u0438\u043d\u043e\u043c \u0456\u0434\u0435\u043d\u0442\u0438\u0444\u0456\u043a\u0443\u0432\u0430\u0442\u0438 \u0441\u0435\u0431\u0435 \u0442\u0430 \u0447\u0456\u0442\u043a\u043e \u0437\u0430\u043f\u0440\u043e\u0441\u0438\u0442\u0438 \u043f\u0440\u0430\u0432\u043e \u043d\u0430 \u0437\u0434\u0456\u0439\u0441\u043d\u0435\u043d\u043d\u044f.<\/p>\n\n<ul class=\"wp-block-list\">\n<li>\u041a\u043e\u043c\u043f\u0430\u043d\u0456\u044f: \u041f\u0430\u0431\u043b\u043e \u0410\u043d\u0433\u0443\u043b\u043e \u041c\u0430\u0441\u043f\u043e\u043d\u0441<\/li>\n<li>\u041d\u0430\u0441\u0435\u043b\u0435\u043d\u043d\u044f: \u0412\u0456\u043d\u0430\u0440\u043e\u0441, \u0406\u0441\u043f\u0430\u043d\u0456\u044f<\/li>\n<li>\u0422\u0435\u043b\u0435\u0444\u043e\u043d: 613395013<\/li>\n<li>\u041f\u043e\u0448\u0442\u0430: <a class=\"css-1rn59kg\" title=\"info@rosanacl.com\" href=\"mailto:info@rosanacl.com\" data-testid=\"link-with-safety\" data-renderer-mark=\"true\">info@rosanacl.com\u00a0<\/a><\/li>\n<\/ul>\n\n<p><strong>2. \u0406\u041d\u0424\u041e\u0420\u041c\u0410\u0426\u0406\u042f, \u041d\u0410\u0414\u0410\u041d\u0410 \u041a\u041e\u0420\u0418\u0421\u0422\u0423\u0412\u0410\u0427\u0415\u041c<\/strong><\/p>\n\n<p>\u042f\u043a\u0449\u043e \u0432\u0430\u043c \u043c\u0435\u043d\u0448\u0435 18 \u0440\u043e\u043a\u0456\u0432, \u0432\u0430\u043c \u043d\u0435 \u0434\u043e\u0437\u0432\u043e\u043b\u044f\u0454\u0442\u044c\u0441\u044f \u0432\u0438\u043a\u043e\u0440\u0438\u0441\u0442\u043e\u0432\u0443\u0432\u0430\u0442\u0438 \u0444\u043e\u0440\u043c\u0438 \u043d\u0430 \u043d\u0430\u0448\u043e\u043c\u0443 \u0432\u0435\u0431\u0441\u0430\u0439\u0442\u0456.<\/p>\n\n<p>\u0412\u0432\u043e\u0434\u044f\u0447\u0438 \u0441\u0432\u043e\u0457 \u0434\u0430\u043d\u0456 \u0443 \u043a\u043e\u043d\u0442\u0430\u043a\u0442\u043d\u0456 \u0444\u043e\u0440\u043c\u0438 \u0430\u0431\u043e \u043d\u0430\u0434\u0441\u0438\u043b\u0430\u044e\u0447\u0438 \u0457\u0445 \u0443 \u0444\u043e\u0440\u043c\u0430\u0445 \u0434\u043b\u044f \u0437\u0430\u0432\u0430\u043d\u0442\u0430\u0436\u0435\u043d\u043d\u044f, \u041a\u043e\u0440\u0438\u0441\u0442\u0443\u0432\u0430\u0447\u0456 \u043f\u0440\u044f\u043c\u043e, \u0432\u0456\u043b\u044c\u043d\u043e \u0442\u0430 \u043e\u0434\u043d\u043e\u0437\u043d\u0430\u0447\u043d\u043e \u043f\u043e\u0433\u043e\u0434\u0436\u0443\u044e\u0442\u044c\u0441\u044f \u0437 \u0442\u0438\u043c, \u0449\u043e \u0457\u0445\u043d\u0456 \u0434\u0430\u043d\u0456 \u043d\u0435\u043e\u0431\u0445\u0456\u0434\u043d\u0456 \u041a\u043e\u043d\u0442\u0440\u043e\u043b\u0435\u0440\u0443 \u0434\u043b\u044f \u043e\u0431\u0440\u043e\u0431\u043a\u0438 \u0457\u0445\u043d\u044c\u043e\u0433\u043e \u0437\u0430\u043f\u0438\u0442\u0443. \u0412\u043a\u043b\u044e\u0447\u0435\u043d\u043d\u044f \u0434\u0430\u043d\u0438\u0445 \u0443 \u0456\u043d\u0448\u0456 \u043f\u043e\u043b\u044f \u0454 \u0434\u043e\u0431\u0440\u043e\u0432\u0456\u043b\u044c\u043d\u0438\u043c.<\/p>\n\n<p>\u041a\u043e\u0440\u0438\u0441\u0442\u0443\u0432\u0430\u0447 \u0433\u0430\u0440\u0430\u043d\u0442\u0443\u0454, \u0449\u043e \u043d\u0430\u0434\u0430\u043d\u0456 \u043f\u0435\u0440\u0441\u043e\u043d\u0430\u043b\u044c\u043d\u0456 \u0434\u0430\u043d\u0456 \u0454 \u043f\u0440\u0430\u0432\u0434\u0438\u0432\u0438\u043c\u0438, \u0442\u0430 \u043d\u0435\u0441\u0435 \u0432\u0456\u0434\u043f\u043e\u0432\u0456\u0434\u0430\u043b\u044c\u043d\u0456\u0441\u0442\u044c \u0437\u0430 \u043f\u043e\u0432\u0456\u0434\u043e\u043c\u043b\u0435\u043d\u043d\u044f \u043f\u0440\u043e \u0431\u0443\u0434\u044c-\u044f\u043a\u0456 \u0437\u043c\u0456\u043d\u0438.<\/p>\n\n<p>\u0423\u0441\u0456 \u0434\u0430\u043d\u0456, \u0437\u0430\u043f\u0438\u0442\u0443\u0432\u0430\u043d\u0456 \u0447\u0435\u0440\u0435\u0437 \u0432\u0435\u0431-\u0441\u0430\u0439\u0442, \u043d\u0435\u043e\u0431\u0445\u0456\u0434\u043d\u0456 \u0434\u043b\u044f \u043d\u0430\u0434\u0430\u043d\u043d\u044f \u041a\u043e\u0440\u0438\u0441\u0442\u0443\u0432\u0430\u0447\u0435\u0432\u0456 \u043e\u043f\u0442\u0438\u043c\u0430\u043b\u044c\u043d\u043e\u0433\u043e \u0441\u0435\u0440\u0432\u0456\u0441\u0443. \u042f\u043a\u0449\u043e \u043d\u0435 \u043d\u0430\u0434\u0430\u043d\u043e \u0432\u0441\u0456 \u0434\u0430\u043d\u0456, \u043d\u0435\u043c\u0430\u0454 \u0433\u0430\u0440\u0430\u043d\u0442\u0456\u0457, \u0449\u043e \u0456\u043d\u0444\u043e\u0440\u043c\u0430\u0446\u0456\u044f \u0442\u0430 \u043f\u043e\u0441\u043b\u0443\u0433\u0438, \u0449\u043e \u043d\u0430\u0434\u0430\u044e\u0442\u044c\u0441\u044f \u041a\u043e\u043d\u0442\u0440\u043e\u043b\u0435\u0440\u043e\u043c, \u0431\u0443\u0434\u0443\u0442\u044c \u043f\u043e\u0432\u043d\u0456\u0441\u0442\u044e \u0430\u0434\u0430\u043f\u0442\u043e\u0432\u0430\u043d\u0456 \u0434\u043e \u0439\u043e\u0433\u043e \u043f\u043e\u0442\u0440\u0435\u0431.<\/p>\n\n<p><strong>3. \u0417\u0410\u0425\u041e\u0414\u0418 \u0411\u0415\u0417\u041f\u0415\u041a\u0418<\/strong><\/p>\n\n<p>\u0429\u043e \u0432\u0456\u0434\u043f\u043e\u0432\u0456\u0434\u043d\u043e \u0434\u043e \u043f\u043e\u043b\u043e\u0436\u0435\u043d\u044c \u0447\u0438\u043d\u043d\u0438\u0445 \u043d\u043e\u0440\u043c\u0430\u0442\u0438\u0432\u043d\u0438\u0445 \u0430\u043a\u0442\u0456\u0432 \u043f\u0440\u043e \u0437\u0430\u0445\u0438\u0441\u0442 \u043f\u0435\u0440\u0441\u043e\u043d\u0430\u043b\u044c\u043d\u0438\u0445 \u0434\u0430\u043d\u0438\u0445, \u041a\u043e\u043d\u0442\u0440\u043e\u043b\u0435\u0440 \u0434\u043e\u0442\u0440\u0438\u043c\u0443\u0454\u0442\u044c\u0441\u044f \u0432\u0441\u0456\u0445 \u043f\u043e\u043b\u043e\u0436\u0435\u043d\u044c \u0440\u0435\u0433\u043b\u0430\u043c\u0435\u043d\u0442\u0456\u0432 GDPR \u0442\u0430 LOPD \u0449\u043e\u0434\u043e \u043e\u0431\u0440\u043e\u0431\u043a\u0438 \u043f\u0435\u0440\u0441\u043e\u043d\u0430\u043b\u044c\u043d\u0438\u0445 \u0434\u0430\u043d\u0438\u0445, \u0449\u043e \u0437\u043d\u0430\u0445\u043e\u0434\u044f\u0442\u044c\u0441\u044f \u043f\u0456\u0434 \u0439\u043e\u0433\u043e \u0432\u0456\u0434\u043f\u043e\u0432\u0456\u0434\u0430\u043b\u044c\u043d\u0456\u0441\u0442\u044e, \u044f\u043a\u0456 \u043e\u0431\u0440\u043e\u0431\u043b\u044f\u044e\u0442\u044c\u0441\u044f \u0437\u0430\u043a\u043e\u043d\u043d\u043e, \u0441\u043f\u0440\u0430\u0432\u0435\u0434\u043b\u0438\u0432\u043e \u0442\u0430 \u043f\u0440\u043e\u0437\u043e\u0440\u043e \u0441\u0442\u043e\u0441\u043e\u0432\u043d\u043e \u0441\u0443\u0431&#039;\u0454\u043a\u0442\u0430 \u0434\u0430\u043d\u0438\u0445, \u0430 \u0442\u0430\u043a\u043e\u0436 \u0454 \u0430\u0434\u0435\u043a\u0432\u0430\u0442\u043d\u0438\u043c\u0438, \u0440\u0435\u043b\u0435\u0432\u0430\u043d\u0442\u043d\u0438\u043c\u0438 \u0442\u0430 \u043e\u0431\u043c\u0435\u0436\u0435\u043d\u0438\u043c\u0438 \u0442\u0438\u043c, \u0449\u043e \u043d\u0435\u043e\u0431\u0445\u0456\u0434\u043d\u043e \u0441\u0442\u043e\u0441\u043e\u0432\u043d\u043e \u0446\u0456\u043b\u0435\u0439, \u0434\u043b\u044f \u044f\u043a\u0438\u0445 \u0432\u043e\u043d\u0438 \u043e\u0431\u0440\u043e\u0431\u043b\u044f\u044e\u0442\u044c\u0441\u044f.<\/p>\n\n<p>\u041a\u043e\u043d\u0442\u0440\u043e\u043b\u0435\u0440 \u0433\u0430\u0440\u0430\u043d\u0442\u0443\u0454, \u0449\u043e \u0432\u0456\u043d \u0437\u0430\u043f\u0440\u043e\u0432\u0430\u0434\u0438\u0432 \u0432\u0456\u0434\u043f\u043e\u0432\u0456\u0434\u043d\u0456 \u0442\u0435\u0445\u043d\u0456\u0447\u043d\u0456 \u0442\u0430 \u043e\u0440\u0433\u0430\u043d\u0456\u0437\u0430\u0446\u0456\u0439\u043d\u0456 \u043f\u043e\u043b\u0456\u0442\u0438\u043a\u0438 \u0434\u043b\u044f \u0437\u0430\u0441\u0442\u043e\u0441\u0443\u0432\u0430\u043d\u043d\u044f \u0437\u0430\u0445\u043e\u0434\u0456\u0432 \u0431\u0435\u0437\u043f\u0435\u043a\u0438, \u0432\u0441\u0442\u0430\u043d\u043e\u0432\u043b\u0435\u043d\u0438\u0445 GDPR \u0442\u0430 LOPD, \u0434\u043b\u044f \u0437\u0430\u0445\u0438\u0441\u0442\u0443 \u043f\u0440\u0430\u0432 \u0456 \u0441\u0432\u043e\u0431\u043e\u0434 \u041a\u043e\u0440\u0438\u0441\u0442\u0443\u0432\u0430\u0447\u0456\u0432, \u0430 \u0442\u0430\u043a\u043e\u0436 \u043d\u0430\u0434\u0430\u0432 \u0457\u043c \u0432\u0456\u0434\u043f\u043e\u0432\u0456\u0434\u043d\u0443 \u0456\u043d\u0444\u043e\u0440\u043c\u0430\u0446\u0456\u044e \u0434\u043b\u044f \u0457\u0445\u043d\u044c\u043e\u0457 \u0440\u0435\u0430\u043b\u0456\u0437\u0430\u0446\u0456\u0457.<\/p>\n\n<p><strong>4. \u041f\u041e\u0420\u0423\u0428\u0415\u041d\u041d\u042f \u0411\u0415\u0417\u041f\u0415\u041a\u0418<\/strong><\/p>\n\n<p>\u041a\u043e\u043d\u0442\u0440\u043e\u043b\u0435\u0440 \u043f\u043e\u0432\u0456\u0434\u043e\u043c\u0438\u0442\u044c \u043f\u0440\u043e \u0431\u0443\u0434\u044c-\u044f\u043a\u0435 \u043f\u043e\u0440\u0443\u0448\u0435\u043d\u043d\u044f \u0431\u0435\u0437\u043f\u0435\u043a\u0438, \u0449\u043e \u0432\u043f\u043b\u0438\u0432\u0430\u0454 \u043d\u0430 \u0431\u0430\u0437\u0443 \u0434\u0430\u043d\u0438\u0445, \u0449\u043e \u0432\u0438\u043a\u043e\u0440\u0438\u0441\u0442\u043e\u0432\u0443\u0454\u0442\u044c\u0441\u044f \u0446\u0438\u043c \u0432\u0435\u0431-\u0441\u0430\u0439\u0442\u043e\u043c \u0430\u0431\u043e \u0431\u0443\u0434\u044c-\u044f\u043a\u0438\u043c \u0456\u0437 \u043d\u0430\u0448\u0438\u0445 \u0441\u0442\u043e\u0440\u043e\u043d\u043d\u0456\u0445 \u0441\u0435\u0440\u0432\u0456\u0441\u0456\u0432, \u043a\u043e\u0436\u043d\u0456\u0439 \u043e\u0441\u043e\u0431\u0456, \u0434\u0430\u043d\u0456 \u044f\u043a\u043e\u0457 \u043c\u043e\u0433\u043b\u0438 \u0431\u0443\u0442\u0438 \u043f\u043e\u0448\u043a\u043e\u0434\u0436\u0435\u043d\u0456, \u0430 \u0442\u0430\u043a\u043e\u0436 \u0432\u043b\u0430\u0434\u0456 \u043f\u0440\u043e\u0442\u044f\u0433\u043e\u043c 72 \u0433\u043e\u0434\u0438\u043d \u0437 \u043c\u043e\u043c\u0435\u043d\u0442\u0443 \u0432\u0438\u044f\u0432\u043b\u0435\u043d\u043d\u044f \u043f\u043e\u0440\u0443\u0448\u0435\u043d\u043d\u044f.<\/p>\n\n<p><strong>\u0427\u0418\u041d\u041d\u0415 \u0417\u0410\u041a\u041e\u041d\u041e\u0414\u0410\u0412\u0421\u0422\u0412\u041e \u0422\u0410 \u042e\u0420\u0418\u0421\u0414\u0418\u041a\u0426\u0406\u042f<\/strong><\/p>\n\n<p>\u0414\u043b\u044f \u0432\u0438\u0440\u0456\u0448\u0435\u043d\u043d\u044f \u0432\u0441\u0456\u0445 \u0441\u043f\u043e\u0440\u0456\u0432 \u0430\u0431\u043e \u043f\u0438\u0442\u0430\u043d\u044c, \u043f\u043e\u0432&#039;\u044f\u0437\u0430\u043d\u0438\u0445 \u0437 \u0446\u0438\u043c \u0432\u0435\u0431-\u0441\u0430\u0439\u0442\u043e\u043c \u0430\u0431\u043e \u0434\u0456\u044f\u043b\u044c\u043d\u0456\u0441\u0442\u044e, \u0449\u043e \u0437\u0434\u0456\u0439\u0441\u043d\u044e\u0454\u0442\u044c\u0441\u044f \u043d\u0430 \u043d\u044c\u043e\u043c\u0443, \u0437\u0430\u0441\u0442\u043e\u0441\u043e\u0432\u0443\u0454\u0442\u044c\u0441\u044f \u0456\u0441\u043f\u0430\u043d\u0441\u044c\u043a\u0435 \u0437\u0430\u043a\u043e\u043d\u043e\u0434\u0430\u0432\u0441\u0442\u0432\u043e, \u0437 \u044f\u043a\u0438\u043c \u0441\u0442\u043e\u0440\u043e\u043d\u0438 \u043f\u0440\u044f\u043c\u043e \u043f\u043e\u0433\u043e\u0434\u0436\u0443\u044e\u0442\u044c\u0441\u044f. \u0421\u0443\u0434\u0438 \u0442\u0430 \u0442\u0440\u0438\u0431\u0443\u043d\u0430\u043b\u0438 \u0411\u0430\u0440\u0441\u0435\u043b\u043e\u043d\u0438 \u043c\u0430\u044e\u0442\u044c \u044e\u0440\u0438\u0441\u0434\u0438\u043a\u0446\u0456\u044e \u0434\u043b\u044f \u0432\u0438\u0440\u0456\u0448\u0435\u043d\u043d\u044f \u0432\u0441\u0456\u0445 \u043a\u043e\u043d\u0444\u043b\u0456\u043a\u0442\u0456\u0432, \u0449\u043e \u0432\u0438\u043d\u0438\u043a\u0430\u044e\u0442\u044c \u0432\u043d\u0430\u0441\u043b\u0456\u0434\u043e\u043a \u0430\u0431\u043e \u043f\u043e\u0432&#039;\u044f\u0437\u0430\u043d\u0456 \u0437 \u0432\u0438\u043a\u043e\u0440\u0438\u0441\u0442\u0430\u043d\u043d\u044f\u043c \u0446\u044c\u043e\u0433\u043e \u0432\u0435\u0431-\u0441\u0430\u0439\u0442\u0443.<\/p>\n\n<p>\u00a0<\/p>\n\t\t\t\t\t\t\t\t<\/div>\n\t\t\t\t<\/div>\n\t\t\t\t\t<\/div>\n\t\t\t\t<\/div>\n\t\t\t\t<\/div>","protected":false},"excerpt":{"rendered":"<p>1.- INFORMACI\u00d3N AL USUARIO El sitio web informa a los usuarios del sitio web sobre su pol\u00edtica respecto al tratamiento y protecci\u00f3n de los datos de car\u00e1cter personal de los usuarios y clientes que puedan ser solicitados por la navegaci\u00f3n a trav\u00e9s de su sitio web. El sitio web es el Responsable del tratamiento de [&hellip;]<\/p>\n","protected":false},"author":1,"featured_media":0,"parent":0,"menu_order":0,"comment_status":"closed","ping_status":"closed","template":"","meta":{"content-type":"","footnotes":""},"class_list":["post-31","page","type-page","status-publish","hentry"],"yoast_head":"<!-- This site is optimized with the Yoast SEO plugin v27.4 - https:\/\/yoast.com\/product\/yoast-seo-wordpress\/ -->\n<title>Pol\u00edtica de Privacidad - Rosana CL<\/title>\n<meta name=\"robots\" content=\"index, follow, max-snippet:-1, max-image-preview:large, max-video-preview:-1\" \/>\n<link rel=\"canonical\" href=\"https:\/\/rosanacl.com\/uk\/politica-de-privacidad\/\" \/>\n<meta property=\"og:locale\" content=\"uk_UA\" \/>\n<meta property=\"og:type\" content=\"article\" \/>\n<meta property=\"og:title\" content=\"Pol\u00edtica de Privacidad - Rosana CL\" \/>\n<meta property=\"og:description\" content=\"1.- INFORMACI\u00d3N AL USUARIO El sitio web informa a los usuarios del sitio web sobre su pol\u00edtica respecto al tratamiento y protecci\u00f3n de los datos de car\u00e1cter personal de los usuarios y clientes que puedan ser solicitados por la navegaci\u00f3n a trav\u00e9s de su sitio web. El sitio web es el Responsable del tratamiento de [&hellip;]\" \/>\n<meta property=\"og:url\" content=\"https:\/\/rosanacl.com\/uk\/politica-de-privacidad\/\" \/>\n<meta property=\"og:site_name\" content=\"Rosana CL\" \/>\n<meta property=\"article:modified_time\" content=\"2025-07-09T06:56:36+00:00\" \/>\n<meta name=\"twitter:card\" content=\"summary_large_image\" \/>\n<meta name=\"twitter:label1\" content=\"\u041f\u0440\u0438\u0431\u043b. \u0447\u0430\u0441 \u0447\u0438\u0442\u0430\u043d\u043d\u044f\" \/>\n\t<meta name=\"twitter:data1\" content=\"3 \u0445\u0432\u0438\u043b\u0438\u043d\u0438\" \/>\n<script type=\"application\/ld+json\" class=\"yoast-schema-graph\">{\"@context\":\"https:\\\/\\\/schema.org\",\"@graph\":[{\"@type\":\"WebPage\",\"@id\":\"https:\\\/\\\/rosanacl.com\\\/politica-de-privacidad\\\/\",\"url\":\"https:\\\/\\\/rosanacl.com\\\/politica-de-privacidad\\\/\",\"name\":\"Pol\u00edtica de Privacidad - Rosana CL\",\"isPartOf\":{\"@id\":\"https:\\\/\\\/rosanacl.com\\\/ca\\\/#website\"},\"datePublished\":\"2025-03-28T19:10:30+00:00\",\"dateModified\":\"2025-07-09T06:56:36+00:00\",\"breadcrumb\":{\"@id\":\"https:\\\/\\\/rosanacl.com\\\/politica-de-privacidad\\\/#breadcrumb\"},\"inLanguage\":\"uk\",\"potentialAction\":[{\"@type\":\"ReadAction\",\"target\":[\"https:\\\/\\\/rosanacl.com\\\/politica-de-privacidad\\\/\"]}]},{\"@type\":\"BreadcrumbList\",\"@id\":\"https:\\\/\\\/rosanacl.com\\\/politica-de-privacidad\\\/#breadcrumb\",\"itemListElement\":[{\"@type\":\"ListItem\",\"position\":1,\"name\":\"Portada\",\"item\":\"https:\\\/\\\/rosanacl.com\\\/ca\\\/\"},{\"@type\":\"ListItem\",\"position\":2,\"name\":\"Pol\u00edtica de Privacidad\"}]},{\"@type\":\"WebSite\",\"@id\":\"https:\\\/\\\/rosanacl.com\\\/ca\\\/#website\",\"url\":\"https:\\\/\\\/rosanacl.com\\\/ca\\\/\",\"name\":\"Rosana CL\",\"description\":\"Somos tu interior\",\"potentialAction\":[{\"@type\":\"SearchAction\",\"target\":{\"@type\":\"EntryPoint\",\"urlTemplate\":\"https:\\\/\\\/rosanacl.com\\\/ca\\\/?s={search_term_string}\"},\"query-input\":{\"@type\":\"PropertyValueSpecification\",\"valueRequired\":true,\"valueName\":\"search_term_string\"}}],\"inLanguage\":\"uk\"}]}<\/script>\n<!-- \/ Yoast SEO plugin. -->","yoast_head_json":{"title":"Pol\u00edtica de Privacidad - Rosana CL","robots":{"index":"index","follow":"follow","max-snippet":"max-snippet:-1","max-image-preview":"max-image-preview:large","max-video-preview":"max-video-preview:-1"},"canonical":"https:\/\/rosanacl.com\/uk\/politica-de-privacidad\/","og_locale":"uk_UA","og_type":"article","og_title":"Pol\u00edtica de Privacidad - Rosana CL","og_description":"1.- INFORMACI\u00d3N AL USUARIO El sitio web informa a los usuarios del sitio web sobre su pol\u00edtica respecto al tratamiento y protecci\u00f3n de los datos de car\u00e1cter personal de los usuarios y clientes que puedan ser solicitados por la navegaci\u00f3n a trav\u00e9s de su sitio web. El sitio web es el Responsable del tratamiento de [&hellip;]","og_url":"https:\/\/rosanacl.com\/uk\/politica-de-privacidad\/","og_site_name":"Rosana CL","article_modified_time":"2025-07-09T06:56:36+00:00","twitter_card":"summary_large_image","twitter_misc":{"\u041f\u0440\u0438\u0431\u043b. \u0447\u0430\u0441 \u0447\u0438\u0442\u0430\u043d\u043d\u044f":"3 \u0445\u0432\u0438\u043b\u0438\u043d\u0438"},"schema":{"@context":"https:\/\/schema.org","@graph":[{"@type":"WebPage","@id":"https:\/\/rosanacl.com\/politica-de-privacidad\/","url":"https:\/\/rosanacl.com\/politica-de-privacidad\/","name":"Pol\u00edtica de Privacidad - Rosana CL","isPartOf":{"@id":"https:\/\/rosanacl.com\/ca\/#website"},"datePublished":"2025-03-28T19:10:30+00:00","dateModified":"2025-07-09T06:56:36+00:00","breadcrumb":{"@id":"https:\/\/rosanacl.com\/politica-de-privacidad\/#breadcrumb"},"inLanguage":"uk","potentialAction":[{"@type":"ReadAction","target":["https:\/\/rosanacl.com\/politica-de-privacidad\/"]}]},{"@type":"BreadcrumbList","@id":"https:\/\/rosanacl.com\/politica-de-privacidad\/#breadcrumb","itemListElement":[{"@type":"ListItem","position":1,"name":"Portada","item":"https:\/\/rosanacl.com\/ca\/"},{"@type":"ListItem","position":2,"name":"Pol\u00edtica de Privacidad"}]},{"@type":"WebSite","@id":"https:\/\/rosanacl.com\/ca\/#website","url":"https:\/\/rosanacl.com\/ca\/","name":"\u0420\u043e\u0437\u0430\u043d\u0430 \u041a\u041b","description":"\u041c\u0438 \u2014 \u0446\u0435 \u0442\u0432\u043e\u0454 \u0432\u043d\u0443\u0442\u0440\u0456\u0448\u043d\u0454 \u00ab\u044f\u00bb.","potentialAction":[{"@type":"SearchAction","target":{"@type":"EntryPoint","urlTemplate":"https:\/\/rosanacl.com\/ca\/?s={search_term_string}"},"query-input":{"@type":"PropertyValueSpecification","valueRequired":true,"valueName":"search_term_string"}}],"inLanguage":"uk"}]}},"_links":{"self":[{"href":"https:\/\/rosanacl.com\/uk\/wp-json\/wp\/v2\/pages\/31","targetHints":{"allow":["GET"]}}],"collection":[{"href":"https:\/\/rosanacl.com\/uk\/wp-json\/wp\/v2\/pages"}],"about":[{"href":"https:\/\/rosanacl.com\/uk\/wp-json\/wp\/v2\/types\/page"}],"author":[{"embeddable":true,"href":"https:\/\/rosanacl.com\/uk\/wp-json\/wp\/v2\/users\/1"}],"replies":[{"embeddable":true,"href":"https:\/\/rosanacl.com\/uk\/wp-json\/wp\/v2\/comments?post=31"}],"version-history":[{"count":0,"href":"https:\/\/rosanacl.com\/uk\/wp-json\/wp\/v2\/pages\/31\/revisions"}],"wp:attachment":[{"href":"https:\/\/rosanacl.com\/uk\/wp-json\/wp\/v2\/media?parent=31"}],"curies":[{"name":"wp","href":"https:\/\/api.w.org\/{rel}","templated":true}]}}