{"id":745,"date":"2025-04-29T19:52:29","date_gmt":"2025-04-29T17:52:29","guid":{"rendered":"https:\/\/rosanacl.com\/?post_type=product&#038;p=745"},"modified":"2026-01-07T21:15:53","modified_gmt":"2026-01-07T20:15:53","slug":"sujetador-modelo-blanca","status":"publish","type":"product","link":"https:\/\/rosanacl.com\/uk\/product\/sujetador-modelo-blanca\/","title":{"rendered":"\u0411\u0456\u043b\u0438\u0439 \u0431\u044e\u0441\u0442\u0433\u0430\u043b\u044c\u0442\u0435\u0440 Selene"},"content":{"rendered":"<p>\u0411\u044e\u0441\u0442\u0433\u0430\u043b\u044c\u0442\u0435\u0440 Selene Blanca \u2013 \u0446\u0435 \u0431\u0435\u0437\u043f\u0435\u0440\u0435\u0447\u043d\u0438\u0439 \u0432\u0438\u0431\u0456\u0440, \u044f\u043a\u0449\u043e \u0432\u0438 \u0448\u0443\u043a\u0430\u0454\u0442\u0435 \u0441\u043f\u0440\u0430\u0432\u0436\u043d\u0456\u0439 \u043a\u043e\u043c\u0444\u043e\u0440\u0442 \u0456\u0437 \u0433\u0430\u0440\u043d\u043e\u044e \u0434\u0440\u0430\u043f\u0456\u0440\u043e\u0432\u043a\u043e\u044e \u0442\u0430 \u043c\u2019\u044f\u043a\u0438\u043c \u0432\u0456\u0434\u0447\u0443\u0442\u0442\u044f\u043c \u043d\u0430 \u0448\u043a\u0456\u0440\u0456. \u0419\u043e\u0433\u043e \u0431\u0430\u0432\u043e\u0432\u043d\u044f\u043d\u0430 \u0442\u043a\u0430\u043d\u0438\u043d\u0430 \u0437\u0430\u0431\u0435\u0437\u043f\u0435\u0447\u0443\u0454 \u043f\u0440\u0438\u0454\u043c\u043d\u0438\u0439 \u0442\u0430 \u043f\u0440\u0438\u0440\u043e\u0434\u043d\u0438\u0439 \u0434\u043e\u0442\u0438\u043a, \u0456\u0434\u0435\u0430\u043b\u044c\u043d\u043e \u043f\u0456\u0434\u0445\u043e\u0434\u0438\u0442\u044c \u0434\u043b\u044f \u0449\u043e\u0434\u0435\u043d\u043d\u043e\u0433\u043e \u043d\u043e\u0441\u0456\u043d\u043d\u044f, \u0430 \u0439\u043e\u0433\u043e \u0434\u0438\u0437\u0430\u0439\u043d \u0440\u043e\u0437\u0440\u043e\u0431\u043b\u0435\u043d\u0438\u0439 \u0434\u043b\u044f \u043f\u0456\u0434\u0442\u0440\u0438\u043c\u043a\u0438, \u043d\u0435 \u0442\u0438\u0441\u043d\u0435, \u043d\u0435 \u0437\u0430\u043b\u0438\u0448\u0430\u0454 \u0441\u043b\u0456\u0434\u0456\u0432 \u0442\u0430 \u043d\u0435 \u0437\u0430\u0432\u0430\u0436\u0430\u0454 \u043f\u0456\u0434 \u043e\u0434\u044f\u0433\u043e\u043c.<\/p>\n<p>\u041e\u0441\u043a\u0456\u043b\u044c\u043a\u0438 \u0432\u0456\u043d \u043d\u0435 \u043c\u0430\u0454 \u043a\u0456\u0441\u0442\u043e\u0447\u043e\u043a \u0456 \u043f\u0456\u0434\u043a\u043b\u0430\u0434\u043e\u043a, \u0432\u0456\u043d \u043c\u0430\u0454 \u0447\u0456\u0442\u043a\u0443 \u0442\u0430 \u043d\u0435\u043f\u043e\u043c\u0456\u0442\u043d\u0443 \u043b\u0456\u043d\u0456\u044e, \u0449\u043e \u0447\u0443\u0434\u043e\u0432\u043e \u0432\u0438\u0433\u043b\u044f\u0434\u0430\u0454 \u0437 \u0444\u0443\u0442\u0431\u043e\u043b\u043a\u0430\u043c\u0438, \u043e\u0431\u043b\u044f\u0433\u0430\u044e\u0447\u0438\u043c \u043e\u0434\u044f\u0433\u043e\u043c \u0430\u0431\u043e \u043f\u0440\u043e\u0441\u0442\u0438\u043c\u0438 \u043d\u0430\u0440\u044f\u0434\u0430\u043c\u0438. \u0426\u0435 \u043e\u0434\u0438\u043d \u0437 \u0442\u0438\u0445 \u0431\u044e\u0441\u0442\u0433\u0430\u043b\u044c\u0442\u0435\u0440\u0456\u0432, \u044f\u043a\u043e\u043c\u0443 \u043d\u0435 \u043f\u043e\u0442\u0440\u0456\u0431\u043d\u043e \u00ab\u043f\u0440\u0438\u0432\u0435\u0440\u0442\u0430\u0442\u0438 \u0443\u0432\u0430\u0433\u0443\u00bb, \u0449\u043e\u0431 \u0431\u0443\u0442\u0438 \u043f\u0440\u0438\u0432\u0430\u0431\u043b\u0438\u0432\u0438\u043c: \u0433\u043e\u043b\u043e\u0432\u043d\u0435 \u2014 \u0446\u0435 \u0442\u0435, \u043d\u0430\u0441\u043a\u0456\u043b\u044c\u043a\u0438 \u0432\u0456\u043d \u0437\u0440\u0443\u0447\u043d\u0438\u0439 \u0456 \u043d\u0430\u0441\u043a\u0456\u043b\u044c\u043a\u0438 \u0439\u043e\u0433\u043e \u043b\u0435\u0433\u043a\u043e \u043d\u043e\u0441\u0438\u0442\u0438 \u0433\u043e\u0434\u0438\u043d\u0430\u043c\u0438.<\/p>\n<p>\u0414\u0435\u0442\u0430\u043b\u0456, \u044f\u043a\u0456 \u0432\u0430\u043c \u0441\u043f\u043e\u0434\u043e\u0431\u0430\u044e\u0442\u044c\u0441\u044f \u0432 \u0411\u043b\u0430\u043d\u0446\u0456<\/p>\n<ul>\n<li>\u041c&#039;\u044f\u043a\u0430 \u0442\u0430 \u043f\u0440\u0438\u0454\u043c\u043d\u0430 \u0431\u0430\u0432\u043e\u0432\u043d\u0430: \u043d\u0430\u0442\u0443\u0440\u0430\u043b\u044c\u043d\u0435 \u0442\u0430 \u043a\u043e\u043c\u0444\u043e\u0440\u0442\u043d\u0435 \u0432\u0456\u0434\u0447\u0443\u0442\u0442\u044f.<\/li>\n<li>\u0411\u0435\u0437 \u043a\u0456\u0441\u0442\u043e\u0447\u043e\u043a: \u043f\u043e\u0432\u043d\u0430 \u0441\u0432\u043e\u0431\u043e\u0434\u0430, \u0436\u043e\u0434\u043d\u043e\u0433\u043e \u0442\u0438\u0441\u043a\u0443 \u043d\u0430 \u043a\u043e\u043d\u0442\u0443\u0440.<\/li>\n<li>\u0411\u0435\u0437 \u043f\u0456\u0434\u043a\u043b\u0430\u0434\u043a\u0438: \u043f\u0440\u0438\u0440\u043e\u0434\u043d\u043e\u0457 \u0444\u043e\u0440\u043c\u0438, \u043b\u0435\u0433\u043a\u0430 \u0442\u0430 \u0434\u0443\u0436\u0435 \u0437\u0440\u0443\u0447\u043d\u0430 \u0443 \u043d\u043e\u0441\u0456\u043d\u043d\u0456.<\/li>\n<li>\u041d\u0435\u043f\u043e\u043c\u0456\u0442\u043d\u0438\u0439 \u043f\u0456\u0434 \u043e\u0434\u044f\u0433\u043e\u043c: \u043d\u0435 \u0441\u0442\u0432\u043e\u0440\u044e\u0454 \u0437\u0430\u0439\u0432\u043e\u0433\u043e \u043e\u0431&#039;\u0454\u043c\u0443.<\/li>\n<li>\u0406\u0434\u0435\u0430\u043b\u044c\u043d\u043e \u043f\u0456\u0434\u0445\u043e\u0434\u0438\u0442\u044c \u0434\u043b\u044f \u0449\u043e\u0434\u0435\u043d\u043d\u043e\u0433\u043e \u0432\u0438\u043a\u043e\u0440\u0438\u0441\u0442\u0430\u043d\u043d\u044f: \u0441\u0442\u0432\u043e\u0440\u0435\u043d\u0438\u0439 \u0434\u043b\u044f \u0431\u0430\u0433\u0430\u0442\u043e\u0440\u0430\u0437\u043e\u0432\u043e\u0433\u043e \u0432\u0438\u043a\u043e\u0440\u0438\u0441\u0442\u0430\u043d\u043d\u044f \u0431\u0435\u0437 \u043d\u0430\u0431\u0440\u0438\u0434\u0430\u043d\u043d\u044f.<\/li>\n<\/ul>\n<p>\ud83d\udde3\ufe0f \u041f\u043e\u0440\u0430\u0434\u0430: \u041e\u0434\u044f\u0433\u0430\u0439\u0442\u0435 \u0439\u043e\u0433\u043e \u0437 \u043e\u0431\u043b\u044f\u0433\u0430\u044e\u0447\u043e\u044e \u0444\u0443\u0442\u0431\u043e\u043b\u043a\u043e\u044e \u0442\u0430 \u0432\u0456\u0434\u0447\u0443\u0439\u0442\u0435, \u044f\u043a \u0432\u0456\u043d \u0441\u0435\u0431\u0435 \u043f\u043e\u0447\u0443\u0432\u0430\u0454: \u044f\u043a\u0449\u043e \u0432\u0438 \u0432\u0456\u0434\u0447\u0443\u0432\u0430\u0454\u0442\u0435 \u00ab\u0441\u0432\u043e\u0431\u043e\u0434\u0443\u00bb (\u0432\u0456\u0434\u0441\u0443\u0442\u043d\u0456\u0441\u0442\u044c \u0442\u0438\u0441\u043a\u0443 \u0437 \u0431\u043e\u043a\u0456\u0432 \u0456 \u0431\u0430\u0436\u0430\u043d\u043d\u044f \u043f\u043e\u043f\u0440\u0430\u0432\u043b\u044f\u0442\u0438\u0441\u044f), \u0446\u0435 \u0441\u0438\u043b\u0430 Blanca. \u0426\u0435 \u0442\u0430\u043a\u0438\u0439 \u0442\u0438\u043f \u0431\u0430\u0432\u043e\u0432\u043d\u0438, \u044f\u043a\u0438\u0439 \u0432\u0456\u0434\u0447\u0443\u0432\u0430\u0454\u0442\u044c\u0441\u044f \u043c\u2019\u044f\u043a\u0438\u043c \u0456 \u0447\u0438\u0441\u0442\u0438\u043c, \u043d\u0456\u0431\u0438 \u0432\u0430\u0448\u0435 \u0442\u0456\u043b\u043e \u00ab\u0443 \u0441\u043f\u043e\u043a\u043e\u0457\u00bb.<\/p>\n<p>\ud83d\udccf \u041f\u0440\u0438\u043c\u0456\u0442\u043a\u0430: \u0429\u043e\u0431 \u0437\u043d\u0430\u0439\u0442\u0438 \u043f\u0440\u0430\u0432\u0438\u043b\u044c\u043d\u0438\u0439 \u0440\u043e\u0437\u043c\u0456\u0440, \u0432\u0438\u043c\u0456\u0440\u044f\u0439\u0442\u0435 \u043e\u0431\u0445\u0432\u0430\u0442 \u0433\u0440\u0443\u0434\u0435\u0439 \u0456 \u043f\u043e\u0440\u0456\u0432\u043d\u044f\u0439\u0442\u0435 \u0439\u043e\u0433\u043e \u0437 \u0456\u043d\u0441\u0442\u0440\u0443\u043a\u0446\u0456\u0454\u044e; \u044f\u043a\u0449\u043e \u0432\u0438 \u0437\u043d\u0430\u0445\u043e\u0434\u0438\u0442\u0435\u0441\u044c \u043c\u0456\u0436 \u0434\u0432\u043e\u043c\u0430 \u0432\u0438\u043c\u0456\u0440\u0430\u043c\u0438 \u0456 \u0445\u043e\u0447\u0435\u0442\u0435 \u0437\u0440\u0443\u0447\u043d\u0456\u0448\u0435 \u0441\u0438\u0434\u0456\u0442\u0438, \u043e\u0431\u0435\u0440\u0456\u0442\u044c \u0431\u0456\u043b\u044c\u0448\u0438\u0439 \u0440\u043e\u0437\u043c\u0456\u0440. \u0426\u0435 \u0437\u043c\u0435\u043d\u0448\u0438\u0442\u044c \u043f\u043e\u043c\u0438\u043b\u043a\u0438 \u0443 \u0432\u0438\u0437\u043d\u0430\u0447\u0435\u043d\u043d\u0456 \u0440\u043e\u0437\u043c\u0456\u0440\u0443 \u0442\u0430 \u0433\u0430\u0440\u0430\u043d\u0442\u0443\u0454, \u0449\u043e \u0432\u0438 \u0437 \u043f\u0435\u0440\u0448\u043e\u0433\u043e \u0440\u0430\u0437\u0443 \u043f\u0456\u0434\u0431\u0435\u0440\u0435\u0442\u0435 \u043f\u0440\u0430\u0432\u0438\u043b\u044c\u043d\u0438\u0439 \u0440\u043e\u0437\u043c\u0456\u0440.<\/p>\n<p>\u0421\u043a\u043b\u0430\u0434: \u0411\u0430\u0432\u043e\u0432\u043d\u0430 95% \u0415\u043b\u0430\u0441\u0442\u0430\u043d 5%<\/p>\n<p>\ud83c\udf3f \u041c&#039;\u044f\u043a\u0438\u0439, \u0447\u0438\u0441\u0442\u0438\u0439 \u0442\u0430 \u043b\u0435\u0433\u043a\u0438\u0439\u2026 \u0442\u0430\u043a\u0438\u043c, \u044f\u043a\u0438\u043c \u043c\u0430\u0454 \u0431\u0443\u0442\u0438 \u043f\u043e\u0432\u0441\u044f\u043a\u0434\u0435\u043d\u043d\u0435 \u0436\u0438\u0442\u0442\u044f.<\/p>","protected":false},"excerpt":{"rendered":"<p>El sujetador Selene modelo Blanca es una apuesta segura cuando lo que buscas es comodidad real con una ca\u00edda bonita y una sensaci\u00f3n suave en la piel. Su tejido de algod\u00f3n aporta un tacto agradable y natural, ideal para el uso diario, y su dise\u00f1o est\u00e1 pensado para acompa\u00f1arte sin apretar, sin marcar y sin [&hellip;]<\/p>\n","protected":false},"featured_media":2349,"comment_status":"open","ping_status":"closed","template":"","meta":{"content-type":""},"product_brand":[55],"product_cat":[25,20],"product_tag":[56,60],"class_list":{"0":"post-745","1":"product","2":"type-product","3":"status-publish","4":"has-post-thumbnail","6":"product_brand-selene","7":"product_cat-sin-aros","8":"product_cat-sujetador","9":"product_tag-sujetador","10":"product_tag-sujetador-sin-aros","12":"first","13":"instock","14":"taxable","15":"shipping-taxable","16":"purchasable","17":"product-type-variable"},"supplier_id":null,"supplier_sku":"","barcode":null,"atum_controlled":true,"out_stock_date":null,"out_stock_threshold":null,"inheritable":true,"inbound_stock":0,"stock_on_hold":0,"sold_today":0,"sales_last_days":0,"reserved_stock":0,"customer_returns":0,"warehouse_damage":0,"lost_in_post":0,"other_logs":0,"out_stock_days":0,"lost_sales":0,"has_location":false,"update_date":"2026-01-07T20:15:54","atum_locations":[],"atum_stock_status":"instock","restock_status":false,"low_stock_amount":"","sales_update_date":"2025-08-19T02:35:53","calc_backorders":null,"yoast_head":"<!-- This site is optimized with the Yoast SEO plugin v27.4 - https:\/\/yoast.com\/product\/yoast-seo-wordpress\/ -->\n<title>Sujetador Selene Blanca - Rosana CL<\/title>\n<meta name=\"robots\" content=\"index, follow, max-snippet:-1, max-image-preview:large, max-video-preview:-1\" \/>\n<link rel=\"canonical\" href=\"https:\/\/rosanacl.com\/uk\/product\/sujetador-modelo-blanca\/\" \/>\n<meta property=\"og:locale\" content=\"uk_UA\" \/>\n<meta property=\"og:type\" content=\"article\" \/>\n<meta property=\"og:title\" content=\"Sujetador Selene Blanca - Rosana CL\" \/>\n<meta property=\"og:description\" content=\"El sujetador Selene modelo Blanca es una apuesta segura cuando lo que buscas es comodidad real con una ca\u00edda bonita y una sensaci\u00f3n suave en la piel. Su tejido de algod\u00f3n aporta un tacto agradable y natural, ideal para el uso diario, y su dise\u00f1o est\u00e1 pensado para acompa\u00f1arte sin apretar, sin marcar y sin [&hellip;]\" \/>\n<meta property=\"og:url\" content=\"https:\/\/rosanacl.com\/uk\/product\/sujetador-modelo-blanca\/\" \/>\n<meta property=\"og:site_name\" content=\"Rosana CL\" \/>\n<meta property=\"article:modified_time\" content=\"2026-01-07T20:15:53+00:00\" \/>\n<meta property=\"og:image\" content=\"https:\/\/rosanacl.com\/wp-content\/uploads\/2025\/04\/1-1-e1756816629750.jpg\" \/>\n\t<meta property=\"og:image:width\" content=\"881\" \/>\n\t<meta property=\"og:image:height\" content=\"1093\" \/>\n\t<meta property=\"og:image:type\" content=\"image\/jpeg\" \/>\n<meta name=\"twitter:card\" content=\"summary_large_image\" \/>\n<meta name=\"twitter:label1\" content=\"\u041f\u0440\u0438\u0431\u043b. \u0447\u0430\u0441 \u0447\u0438\u0442\u0430\u043d\u043d\u044f\" \/>\n\t<meta name=\"twitter:data1\" content=\"2 \u0445\u0432\u0438\u043b\u0438\u043d\u0438\" \/>\n<script type=\"application\/ld+json\" class=\"yoast-schema-graph\">{\"@context\":\"https:\\\/\\\/schema.org\",\"@graph\":[{\"@type\":\"WebPage\",\"@id\":\"https:\\\/\\\/rosanacl.com\\\/producto\\\/sujetador-modelo-blanca\\\/\",\"url\":\"https:\\\/\\\/rosanacl.com\\\/producto\\\/sujetador-modelo-blanca\\\/\",\"name\":\"Sujetador Selene Blanca - Rosana CL\",\"isPartOf\":{\"@id\":\"https:\\\/\\\/rosanacl.com\\\/ca\\\/#website\"},\"primaryImageOfPage\":{\"@id\":\"https:\\\/\\\/rosanacl.com\\\/producto\\\/sujetador-modelo-blanca\\\/#primaryimage\"},\"image\":{\"@id\":\"https:\\\/\\\/rosanacl.com\\\/producto\\\/sujetador-modelo-blanca\\\/#primaryimage\"},\"thumbnailUrl\":\"https:\\\/\\\/rosanacl.com\\\/wp-content\\\/uploads\\\/2025\\\/04\\\/1-1-e1756816629750.jpg\",\"datePublished\":\"2025-04-29T17:52:29+00:00\",\"dateModified\":\"2026-01-07T20:15:53+00:00\",\"breadcrumb\":{\"@id\":\"https:\\\/\\\/rosanacl.com\\\/producto\\\/sujetador-modelo-blanca\\\/#breadcrumb\"},\"inLanguage\":\"uk\",\"potentialAction\":[{\"@type\":\"ReadAction\",\"target\":[\"https:\\\/\\\/rosanacl.com\\\/producto\\\/sujetador-modelo-blanca\\\/\"]}]},{\"@type\":\"ImageObject\",\"inLanguage\":\"uk\",\"@id\":\"https:\\\/\\\/rosanacl.com\\\/producto\\\/sujetador-modelo-blanca\\\/#primaryimage\",\"url\":\"https:\\\/\\\/rosanacl.com\\\/wp-content\\\/uploads\\\/2025\\\/04\\\/1-1-e1756816629750.jpg\",\"contentUrl\":\"https:\\\/\\\/rosanacl.com\\\/wp-content\\\/uploads\\\/2025\\\/04\\\/1-1-e1756816629750.jpg\",\"width\":881,\"height\":1093},{\"@type\":\"BreadcrumbList\",\"@id\":\"https:\\\/\\\/rosanacl.com\\\/producto\\\/sujetador-modelo-blanca\\\/#breadcrumb\",\"itemListElement\":[{\"@type\":\"ListItem\",\"position\":1,\"name\":\"Portada\",\"item\":\"https:\\\/\\\/rosanacl.com\\\/ca\\\/\"},{\"@type\":\"ListItem\",\"position\":2,\"name\":\"Tienda\",\"item\":\"https:\\\/\\\/rosanacl.com\\\/ca\\\/tienda\\\/\"},{\"@type\":\"ListItem\",\"position\":3,\"name\":\"Sujetador Selene Blanca\"}]},{\"@type\":\"WebSite\",\"@id\":\"https:\\\/\\\/rosanacl.com\\\/ca\\\/#website\",\"url\":\"https:\\\/\\\/rosanacl.com\\\/ca\\\/\",\"name\":\"Rosana CL\",\"description\":\"Somos tu interior\",\"potentialAction\":[{\"@type\":\"SearchAction\",\"target\":{\"@type\":\"EntryPoint\",\"urlTemplate\":\"https:\\\/\\\/rosanacl.com\\\/ca\\\/?s={search_term_string}\"},\"query-input\":{\"@type\":\"PropertyValueSpecification\",\"valueRequired\":true,\"valueName\":\"search_term_string\"}}],\"inLanguage\":\"uk\"}]}<\/script>\n<!-- \/ Yoast SEO plugin. -->","yoast_head_json":{"title":"Sujetador Selene Blanca - Rosana CL","robots":{"index":"index","follow":"follow","max-snippet":"max-snippet:-1","max-image-preview":"max-image-preview:large","max-video-preview":"max-video-preview:-1"},"canonical":"https:\/\/rosanacl.com\/uk\/product\/sujetador-modelo-blanca\/","og_locale":"uk_UA","og_type":"article","og_title":"Sujetador Selene Blanca - Rosana CL","og_description":"El sujetador Selene modelo Blanca es una apuesta segura cuando lo que buscas es comodidad real con una ca\u00edda bonita y una sensaci\u00f3n suave en la piel. Su tejido de algod\u00f3n aporta un tacto agradable y natural, ideal para el uso diario, y su dise\u00f1o est\u00e1 pensado para acompa\u00f1arte sin apretar, sin marcar y sin [&hellip;]","og_url":"https:\/\/rosanacl.com\/uk\/product\/sujetador-modelo-blanca\/","og_site_name":"Rosana CL","article_modified_time":"2026-01-07T20:15:53+00:00","og_image":[{"width":881,"height":1093,"url":"https:\/\/rosanacl.com\/wp-content\/uploads\/2025\/04\/1-1-e1756816629750.jpg","type":"image\/jpeg"}],"twitter_card":"summary_large_image","twitter_misc":{"\u041f\u0440\u0438\u0431\u043b. \u0447\u0430\u0441 \u0447\u0438\u0442\u0430\u043d\u043d\u044f":"2 \u0445\u0432\u0438\u043b\u0438\u043d\u0438"},"schema":{"@context":"https:\/\/schema.org","@graph":[{"@type":"WebPage","@id":"https:\/\/rosanacl.com\/producto\/sujetador-modelo-blanca\/","url":"https:\/\/rosanacl.com\/producto\/sujetador-modelo-blanca\/","name":"Sujetador Selene Blanca - Rosana CL","isPartOf":{"@id":"https:\/\/rosanacl.com\/ca\/#website"},"primaryImageOfPage":{"@id":"https:\/\/rosanacl.com\/producto\/sujetador-modelo-blanca\/#primaryimage"},"image":{"@id":"https:\/\/rosanacl.com\/producto\/sujetador-modelo-blanca\/#primaryimage"},"thumbnailUrl":"https:\/\/rosanacl.com\/wp-content\/uploads\/2025\/04\/1-1-e1756816629750.jpg","datePublished":"2025-04-29T17:52:29+00:00","dateModified":"2026-01-07T20:15:53+00:00","breadcrumb":{"@id":"https:\/\/rosanacl.com\/producto\/sujetador-modelo-blanca\/#breadcrumb"},"inLanguage":"uk","potentialAction":[{"@type":"ReadAction","target":["https:\/\/rosanacl.com\/producto\/sujetador-modelo-blanca\/"]}]},{"@type":"ImageObject","inLanguage":"uk","@id":"https:\/\/rosanacl.com\/producto\/sujetador-modelo-blanca\/#primaryimage","url":"https:\/\/rosanacl.com\/wp-content\/uploads\/2025\/04\/1-1-e1756816629750.jpg","contentUrl":"https:\/\/rosanacl.com\/wp-content\/uploads\/2025\/04\/1-1-e1756816629750.jpg","width":881,"height":1093},{"@type":"BreadcrumbList","@id":"https:\/\/rosanacl.com\/producto\/sujetador-modelo-blanca\/#breadcrumb","itemListElement":[{"@type":"ListItem","position":1,"name":"Portada","item":"https:\/\/rosanacl.com\/ca\/"},{"@type":"ListItem","position":2,"name":"Tienda","item":"https:\/\/rosanacl.com\/ca\/tienda\/"},{"@type":"ListItem","position":3,"name":"Sujetador Selene Blanca"}]},{"@type":"WebSite","@id":"https:\/\/rosanacl.com\/ca\/#website","url":"https:\/\/rosanacl.com\/ca\/","name":"\u0420\u043e\u0437\u0430\u043d\u0430 \u041a\u041b","description":"\u041c\u0438 \u2014 \u0446\u0435 \u0442\u0432\u043e\u0454 \u0432\u043d\u0443\u0442\u0440\u0456\u0448\u043d\u0454 \u00ab\u044f\u00bb.","potentialAction":[{"@type":"SearchAction","target":{"@type":"EntryPoint","urlTemplate":"https:\/\/rosanacl.com\/ca\/?s={search_term_string}"},"query-input":{"@type":"PropertyValueSpecification","valueRequired":true,"valueName":"search_term_string"}}],"inLanguage":"uk"}]}},"_links":{"self":[{"href":"https:\/\/rosanacl.com\/uk\/wp-json\/wp\/v2\/product\/745","targetHints":{"allow":["GET"]}}],"collection":[{"href":"https:\/\/rosanacl.com\/uk\/wp-json\/wp\/v2\/product"}],"about":[{"href":"https:\/\/rosanacl.com\/uk\/wp-json\/wp\/v2\/types\/product"}],"replies":[{"embeddable":true,"href":"https:\/\/rosanacl.com\/uk\/wp-json\/wp\/v2\/comments?post=745"}],"version-history":[{"count":5,"href":"https:\/\/rosanacl.com\/uk\/wp-json\/wp\/v2\/product\/745\/revisions"}],"predecessor-version":[{"id":4616,"href":"https:\/\/rosanacl.com\/uk\/wp-json\/wp\/v2\/product\/745\/revisions\/4616"}],"wp:featuredmedia":[{"embeddable":true,"href":"https:\/\/rosanacl.com\/uk\/wp-json\/wp\/v2\/media\/2349"}],"wp:attachment":[{"href":"https:\/\/rosanacl.com\/uk\/wp-json\/wp\/v2\/media?parent=745"}],"wp:term":[{"taxonomy":"product_brand","embeddable":true,"href":"https:\/\/rosanacl.com\/uk\/wp-json\/wp\/v2\/product_brand?post=745"},{"taxonomy":"product_cat","embeddable":true,"href":"https:\/\/rosanacl.com\/uk\/wp-json\/wp\/v2\/product_cat?post=745"},{"taxonomy":"product_tag","embeddable":true,"href":"https:\/\/rosanacl.com\/uk\/wp-json\/wp\/v2\/product_tag?post=745"}],"curies":[{"name":"wp","href":"https:\/\/api.w.org\/{rel}","templated":true}]}}